{"id":5266,"date":"2020-10-12T16:58:22","date_gmt":"2020-10-12T16:58:22","guid":{"rendered":"https:\/\/firstdesign.ro\/roxer\/?page_id=5266"},"modified":"2021-03-30T07:43:29","modified_gmt":"2021-03-30T07:43:29","slug":"consumabile-toner-imprimante-multifunctionale-xerox","status":"publish","type":"page","link":"https:\/\/www.roxer.ro\/dev\/consumabile-toner-imprimante-multifunctionale-xerox","title":{"rendered":"Consumabile"},"content":{"rendered":"\t\t<div data-elementor-type=\"wp-page\" data-elementor-id=\"5266\" class=\"elementor elementor-5266\" data-elementor-settings=\"[]\">\n\t\t\t\t\t\t<div class=\"elementor-inner\">\n\t\t\t\t\t\t\t<div class=\"elementor-section-wrap\">\n\t\t\t\t\t\t\t<section class=\"elementor-section elementor-top-section elementor-element elementor-element-e252ece elementor-section-full_width elementor-section-height-default elementor-section-height-default\" data-id=\"e252ece\" data-element_type=\"section\">\n\t\t\t\t\t\t<div class=\"elementor-container elementor-column-gap-narrow\">\n\t\t\t\t\t\t\t<div class=\"elementor-row\">\n\t\t\t\t\t<div class=\"elementor-column elementor-col-50 elementor-top-column elementor-element elementor-element-5b0b57d\" data-id=\"5b0b57d\" data-element_type=\"column\">\n\t\t\t<div class=\"elementor-column-wrap elementor-element-populated\">\n\t\t\t\t\t\t\t<div class=\"elementor-widget-wrap\">\n\t\t\t\t\t\t<div class=\"elementor-element elementor-element-4438d73e elementor-cta--skin-cover elementor-animated-content elementor-bg-transform elementor-bg-transform-zoom-in elementor-widget elementor-widget-call-to-action\" data-id=\"4438d73e\" data-element_type=\"widget\" data-widget_type=\"call-to-action.default\">\n\t\t\t\t<div class=\"elementor-widget-container\">\n\t\t\t\t\t<div  class=\"elementor-cta\">\n\t\t\t\t\t<div class=\"elementor-cta__bg-wrapper\">\n\t\t\t\t<div class=\"elementor-cta__bg elementor-bg\" style=\"background-image: url(https:\/\/www.roxer.ro\/dev\/wp-content\/uploads\/2020\/07\/9995c0f2a5ea7bbb4d09925612b7043c2c71ea59d10cf4b06bce0a81e2319c2c-1024x684.jpg);\"><\/div>\n\t\t\t\t<div class=\"elementor-cta__bg-overlay\"><\/div>\n\t\t\t<\/div>\n\t\t\t\t\t\t\t<div class=\"elementor-cta__content\">\n\t\t\t\t\n\t\t\t\t\t\t\t\t\t<h2 class=\"elementor-cta__title elementor-cta__content-item elementor-content-item elementor-animated-item--grow\">\n\t\t\t\t\t\tConsumabile originale\t\t\t\t\t<\/h2>\n\t\t\t\t\n\t\t\t\t\n\t\t\t\t\t\t\t\t\t<div class=\"elementor-cta__button-wrapper elementor-cta__content-item elementor-content-item elementor-animated-item--grow\">\n\t\t\t\t\t<a class=\"elementor-cta__button elementor-button elementor-size-sm\" href=\"https:\/\/www.roxer.ro\/consumabile-originale-xerox-partener-autorizat-2\" target=\"_blank\">\n\t\t\t\t\t\tVezi produsele\t\t\t\t\t<\/a>\n\t\t\t\t\t<\/div>\n\t\t\t\t\t\t\t<\/div>\n\t\t\t\t\t\t<\/div>\n\t\t\t\t<\/div>\n\t\t\t\t<\/div>\n\t\t\t\t\t\t<\/div>\n\t\t\t\t\t<\/div>\n\t\t<\/div>\n\t\t\t\t<div class=\"elementor-column elementor-col-50 elementor-top-column elementor-element elementor-element-f912604\" data-id=\"f912604\" data-element_type=\"column\">\n\t\t\t<div class=\"elementor-column-wrap elementor-element-populated\">\n\t\t\t\t\t\t\t<div class=\"elementor-widget-wrap\">\n\t\t\t\t\t\t<div class=\"elementor-element elementor-element-340f6a58 elementor-cta--skin-cover elementor-animated-content elementor-bg-transform elementor-bg-transform-zoom-in elementor-widget elementor-widget-call-to-action\" data-id=\"340f6a58\" data-element_type=\"widget\" data-widget_type=\"call-to-action.default\">\n\t\t\t\t<div class=\"elementor-widget-container\">\n\t\t\t\t\t<div  class=\"elementor-cta\">\n\t\t\t\t\t<div class=\"elementor-cta__bg-wrapper\">\n\t\t\t\t<div class=\"elementor-cta__bg elementor-bg\" style=\"background-image: url(https:\/\/www.roxer.ro\/dev\/wp-content\/uploads\/2020\/08\/9995c0f2a5ea7bbb4d09925612b7043c9050e7bdc35ab3205cdd69407a101301-1024x684.jpg);\"><\/div>\n\t\t\t\t<div class=\"elementor-cta__bg-overlay\"><\/div>\n\t\t\t<\/div>\n\t\t\t\t\t\t\t<div class=\"elementor-cta__content\">\n\t\t\t\t\n\t\t\t\t\t\t\t\t\t<h2 class=\"elementor-cta__title elementor-cta__content-item elementor-content-item elementor-animated-item--grow\">\n\t\t\t\t\t\tConsumabile echivalente\t\t\t\t\t<\/h2>\n\t\t\t\t\n\t\t\t\t\n\t\t\t\t\t\t\t\t\t<div class=\"elementor-cta__button-wrapper elementor-cta__content-item elementor-content-item elementor-animated-item--grow\">\n\t\t\t\t\t<a class=\"elementor-cta__button elementor-button elementor-size-sm\" href=\"https:\/\/www.roxer.ro\/consumabile-echivalente-pentru-echipamente-non-xerox\" target=\"_blank\">\n\t\t\t\t\t\tVezi produsele\t\t\t\t\t<\/a>\n\t\t\t\t\t<\/div>\n\t\t\t\t\t\t\t<\/div>\n\t\t\t\t\t\t<\/div>\n\t\t\t\t<\/div>\n\t\t\t\t<\/div>\n\t\t\t\t\t\t<\/div>\n\t\t\t\t\t<\/div>\n\t\t<\/div>\n\t\t\t\t\t\t\t\t<\/div>\n\t\t\t\t\t<\/div>\n\t\t<\/section>\n\t\t\t\t\t\t<\/div>\n\t\t\t\t\t\t<\/div>\n\t\t\t\t\t<\/div>\n\t\t","protected":false},"excerpt":{"rendered":"<p>Consumabile originale Vezi produsele Consumabile echivalente Vezi produsele<\/p>\n","protected":false},"author":1,"featured_media":0,"parent":0,"menu_order":0,"comment_status":"closed","ping_status":"closed","template":"elementor_header_footer","meta":[],"yoast_head":"<!-- This site is optimized with the Yoast SEO plugin v20.3 - https:\/\/yoast.com\/wordpress\/plugins\/seo\/ -->\n<title>Consumabile Xerox - Roxer Grup<\/title>\n<meta name=\"description\" content=\"Consumabile originale, tonere, cilindru, drum, partener autorizat Xerox Romania. Achizitii si pe SICAP.\" \/>\n<meta name=\"robots\" content=\"noindex, follow, max-snippet:-1, max-image-preview:large, max-video-preview:-1\" \/>\n<meta property=\"og:locale\" content=\"ro_RO\" \/>\n<meta property=\"og:type\" content=\"article\" \/>\n<meta property=\"og:title\" content=\"Consumabile Xerox - Roxer Grup\" \/>\n<meta property=\"og:description\" content=\"Consumabile originale, tonere, cilindru, drum, partener autorizat Xerox Romania. Achizitii si pe SICAP.\" \/>\n<meta property=\"og:url\" content=\"https:\/\/www.roxer.ro\/dev\/consumabile-toner-imprimante-multifunctionale-xerox\" \/>\n<meta property=\"og:site_name\" content=\"Roxer Grup\" \/>\n<meta property=\"article:modified_time\" content=\"2021-03-30T07:43:29+00:00\" \/>\n<meta name=\"twitter:card\" content=\"summary_large_image\" \/>\n<meta name=\"twitter:label1\" content=\"Timp estimat pentru citire\" \/>\n\t<meta name=\"twitter:data1\" content=\"1 minut\" \/>\n<script type=\"application\/ld+json\" class=\"yoast-schema-graph\">{\"@context\":\"https:\/\/schema.org\",\"@graph\":[{\"@type\":\"WebPage\",\"@id\":\"https:\/\/www.roxer.ro\/dev\/consumabile-toner-imprimante-multifunctionale-xerox\",\"url\":\"https:\/\/www.roxer.ro\/dev\/consumabile-toner-imprimante-multifunctionale-xerox\",\"name\":\"Consumabile Xerox - Roxer Grup\",\"isPartOf\":{\"@id\":\"https:\/\/www.roxer.ro\/dev\/#website\"},\"datePublished\":\"2020-10-12T16:58:22+00:00\",\"dateModified\":\"2021-03-30T07:43:29+00:00\",\"description\":\"Consumabile originale, tonere, cilindru, drum, partener autorizat Xerox Romania. Achizitii si pe SICAP.\",\"breadcrumb\":{\"@id\":\"https:\/\/www.roxer.ro\/dev\/consumabile-toner-imprimante-multifunctionale-xerox#breadcrumb\"},\"inLanguage\":\"ro-RO\",\"potentialAction\":[{\"@type\":\"ReadAction\",\"target\":[\"https:\/\/www.roxer.ro\/dev\/consumabile-toner-imprimante-multifunctionale-xerox\"]}]},{\"@type\":\"BreadcrumbList\",\"@id\":\"https:\/\/www.roxer.ro\/dev\/consumabile-toner-imprimante-multifunctionale-xerox#breadcrumb\",\"itemListElement\":[{\"@type\":\"ListItem\",\"position\":1,\"name\":\"Prima pagin\u0103\",\"item\":\"https:\/\/www.roxer.ro\/dev\/\"},{\"@type\":\"ListItem\",\"position\":2,\"name\":\"Consumabile\"}]},{\"@type\":\"WebSite\",\"@id\":\"https:\/\/www.roxer.ro\/dev\/#website\",\"url\":\"https:\/\/www.roxer.ro\/dev\/\",\"name\":\"Roxer Grup\",\"description\":\"Xerox Cluj Napoca, Distribuitor Xerox Cluj, distribuitor Xerox S\u0103laj, distribuitor Xerox Bihor, distribuitor Xerox Maramure\u015f, distribuitor Xerox Bistri\u0163a N\u0103s\u0103ud, distribuitor Xerox Satu Mare\",\"publisher\":{\"@id\":\"https:\/\/www.roxer.ro\/dev\/#organization\"},\"potentialAction\":[{\"@type\":\"SearchAction\",\"target\":{\"@type\":\"EntryPoint\",\"urlTemplate\":\"https:\/\/www.roxer.ro\/dev\/?s={search_term_string}\"},\"query-input\":\"required name=search_term_string\"}],\"inLanguage\":\"ro-RO\"},{\"@type\":\"Organization\",\"@id\":\"https:\/\/www.roxer.ro\/dev\/#organization\",\"name\":\"Roxer Grup\",\"url\":\"https:\/\/www.roxer.ro\/dev\/\",\"logo\":{\"@type\":\"ImageObject\",\"inLanguage\":\"ro-RO\",\"@id\":\"https:\/\/www.roxer.ro\/dev\/#\/schema\/logo\/image\/\",\"url\":\"https:\/\/www.roxer.ro\/dev\/wp-content\/uploads\/2023\/05\/logo-roxer-1-e1684141209248.png\",\"contentUrl\":\"https:\/\/www.roxer.ro\/dev\/wp-content\/uploads\/2023\/05\/logo-roxer-1-e1684141209248.png\",\"width\":160,\"height\":57,\"caption\":\"Roxer Grup\"},\"image\":{\"@id\":\"https:\/\/www.roxer.ro\/dev\/#\/schema\/logo\/image\/\"}}]}<\/script>\n<!-- \/ Yoast SEO plugin. -->","yoast_head_json":{"title":"Consumabile Xerox - Roxer Grup","description":"Consumabile originale, tonere, cilindru, drum, partener autorizat Xerox Romania. Achizitii si pe SICAP.","robots":{"index":"noindex","follow":"follow","max-snippet":"max-snippet:-1","max-image-preview":"max-image-preview:large","max-video-preview":"max-video-preview:-1"},"og_locale":"ro_RO","og_type":"article","og_title":"Consumabile Xerox - Roxer Grup","og_description":"Consumabile originale, tonere, cilindru, drum, partener autorizat Xerox Romania. Achizitii si pe SICAP.","og_url":"https:\/\/www.roxer.ro\/dev\/consumabile-toner-imprimante-multifunctionale-xerox","og_site_name":"Roxer Grup","article_modified_time":"2021-03-30T07:43:29+00:00","twitter_card":"summary_large_image","twitter_misc":{"Timp estimat pentru citire":"1 minut"},"schema":{"@context":"https:\/\/schema.org","@graph":[{"@type":"WebPage","@id":"https:\/\/www.roxer.ro\/dev\/consumabile-toner-imprimante-multifunctionale-xerox","url":"https:\/\/www.roxer.ro\/dev\/consumabile-toner-imprimante-multifunctionale-xerox","name":"Consumabile Xerox - Roxer Grup","isPartOf":{"@id":"https:\/\/www.roxer.ro\/dev\/#website"},"datePublished":"2020-10-12T16:58:22+00:00","dateModified":"2021-03-30T07:43:29+00:00","description":"Consumabile originale, tonere, cilindru, drum, partener autorizat Xerox Romania. Achizitii si pe SICAP.","breadcrumb":{"@id":"https:\/\/www.roxer.ro\/dev\/consumabile-toner-imprimante-multifunctionale-xerox#breadcrumb"},"inLanguage":"ro-RO","potentialAction":[{"@type":"ReadAction","target":["https:\/\/www.roxer.ro\/dev\/consumabile-toner-imprimante-multifunctionale-xerox"]}]},{"@type":"BreadcrumbList","@id":"https:\/\/www.roxer.ro\/dev\/consumabile-toner-imprimante-multifunctionale-xerox#breadcrumb","itemListElement":[{"@type":"ListItem","position":1,"name":"Prima pagin\u0103","item":"https:\/\/www.roxer.ro\/dev\/"},{"@type":"ListItem","position":2,"name":"Consumabile"}]},{"@type":"WebSite","@id":"https:\/\/www.roxer.ro\/dev\/#website","url":"https:\/\/www.roxer.ro\/dev\/","name":"Roxer Grup","description":"Xerox Cluj Napoca, Distribuitor Xerox Cluj, distribuitor Xerox S\u0103laj, distribuitor Xerox Bihor, distribuitor Xerox Maramure\u015f, distribuitor Xerox Bistri\u0163a N\u0103s\u0103ud, distribuitor Xerox Satu Mare","publisher":{"@id":"https:\/\/www.roxer.ro\/dev\/#organization"},"potentialAction":[{"@type":"SearchAction","target":{"@type":"EntryPoint","urlTemplate":"https:\/\/www.roxer.ro\/dev\/?s={search_term_string}"},"query-input":"required name=search_term_string"}],"inLanguage":"ro-RO"},{"@type":"Organization","@id":"https:\/\/www.roxer.ro\/dev\/#organization","name":"Roxer Grup","url":"https:\/\/www.roxer.ro\/dev\/","logo":{"@type":"ImageObject","inLanguage":"ro-RO","@id":"https:\/\/www.roxer.ro\/dev\/#\/schema\/logo\/image\/","url":"https:\/\/www.roxer.ro\/dev\/wp-content\/uploads\/2023\/05\/logo-roxer-1-e1684141209248.png","contentUrl":"https:\/\/www.roxer.ro\/dev\/wp-content\/uploads\/2023\/05\/logo-roxer-1-e1684141209248.png","width":160,"height":57,"caption":"Roxer Grup"},"image":{"@id":"https:\/\/www.roxer.ro\/dev\/#\/schema\/logo\/image\/"}}]}},"_links":{"self":[{"href":"https:\/\/www.roxer.ro\/dev\/wp-json\/wp\/v2\/pages\/5266"}],"collection":[{"href":"https:\/\/www.roxer.ro\/dev\/wp-json\/wp\/v2\/pages"}],"about":[{"href":"https:\/\/www.roxer.ro\/dev\/wp-json\/wp\/v2\/types\/page"}],"author":[{"embeddable":true,"href":"https:\/\/www.roxer.ro\/dev\/wp-json\/wp\/v2\/users\/1"}],"replies":[{"embeddable":true,"href":"https:\/\/www.roxer.ro\/dev\/wp-json\/wp\/v2\/comments?post=5266"}],"version-history":[{"count":10,"href":"https:\/\/www.roxer.ro\/dev\/wp-json\/wp\/v2\/pages\/5266\/revisions"}],"predecessor-version":[{"id":6208,"href":"https:\/\/www.roxer.ro\/dev\/wp-json\/wp\/v2\/pages\/5266\/revisions\/6208"}],"wp:attachment":[{"href":"https:\/\/www.roxer.ro\/dev\/wp-json\/wp\/v2\/media?parent=5266"}],"curies":[{"name":"wp","href":"https:\/\/api.w.org\/{rel}","templated":true}]}}