{"id":5627,"date":"2020-11-24T19:58:02","date_gmt":"2020-11-24T19:58:02","guid":{"rendered":"https:\/\/www.roxer.ro\/?page_id=5627"},"modified":"2020-11-24T19:58:03","modified_gmt":"2020-11-24T19:58:03","slug":"garantie","status":"publish","type":"page","link":"https:\/\/www.roxer.ro\/dev\/garantie","title":{"rendered":"Garan\u021bie"},"content":{"rendered":"\n<p>Durata medie de utilizare a echipamentelor este de 5 ani, condi\u0163ionat\u0103 de respectarea instruc\u0163iunilor de utilizare specificate \u00een manualul utilizatorului \u015fi de efectuarea repara\u0163iilor numai de c\u0103tre personal tehnic autorizat \u015fi agreat de Xerox Romania.<\/p>\n\n\n\n<p><strong>CONDI\u0162II DE ACORDARE A GARAN\u0162IEI<\/strong><\/p>\n\n\n\n<p>1.Instalarea , punerea \u00een func\u0163iune, service-ul \u015fi garan\u0163ia sunt asigurate de c\u0103tre Unitatea Prestatoare de Service Autorizat\u0103 Xerox: ROXER GRUP SA,<\/p>\n\n\n\n<p>Adresa: Cluj-Napoca, Calea Baciului nr. 1 &#8211; 3 ; Tel: 0264-596888, 594048 ; Fax: 0264-427115<\/p>\n\n\n\n<p>2. Termenul de garan\u0163ie \u00eencepe la data livr\u0103rii echipamentului \u015fi se prelunge\u015fte cu timpul scurs de la reclama\u0163ie p\u00e2n\u0103 la data repunerii \u00een stare de func\u0163ionare. Prelungirea termenului de garan\u0163ie se \u00eenscrie \u00een tabelul cu eviden\u0163a interven\u0163iilor de service din perioada de garan\u0163ie de c\u0103tre inginerul de service.<\/p>\n\n\n\n<p>3. Materialele consumabile \u015fi piesele de schimb cu durat\u0103 de via\u0163\u0103 limitat\u0103 (ex. toner, developer, fotoreceptori, role, curele, l\u0103mpi), inclusiv manopera aferent\u0103, precum \u015fi opera\u0163iunile de \u00eentre\u0163inere &#8211; cur\u0103\u0163are nu fac obiectul garan\u0163iei<\/p>\n\n\n\n<p>4. Furnizorul garanteaz\u0103 Cump\u0103r\u0103torului c\u0103 \u00een cazul defect\u0103rii echipamentului \u00een condi\u0163ii normale de utilizare, pe perioada de garan\u0163ie, echipamentul va fi reparat gratuit, la sediul Cump\u0103r\u0103torului sau la sediul Unit\u0103\u0163ii Prestatoare de Service Autorizate Xerox, cu excep\u0163ia celor de la punctul 3. Furnizorul sau Unitatea Prestatoare de Service Autorizat\u0103 Xerox nu pot fi f\u0103cute r\u0103spunz\u0103toare pentru eventualele daune produse direct sau indirect datorit\u0103 nefunc\u0163ion\u0103rii echipamentului.<\/p>\n\n\n\n<p>5. C\u00e2nd echipamentul nu poate fi reparat sau durata de nefunc\u0163ionare din cauza deficien\u0163elor ap\u0103rute \u00een termenul de garan\u0163ie dep\u0103\u015fe\u015fte 10% din termenul de garan\u0163ie, acesta va fi \u00eenlocuit de Furnizor la cererea Cump\u0103r\u0103torului cu un echipament cu caracteristici echivalente pentru executarea lucr\u0103rilor urgente, p\u00e2n\u0103 la remedierea defec\u0163iunii.<\/p>\n\n\n\n<p>6. Orice sesizare sau reclama\u0163ie privind echipamentul aflat \u00een perioada de garan\u0163ie va fi adresat\u0103 Unit\u0103\u0163ii Prestatoare de Service Autorizat\u0103 Xerox men\u0163ionat\u0103 mai sus.<\/p>\n\n\n\n<p>Prevederile men\u0163ionate pe verso inclusiv eviden\u0163a interven\u0163iilor de service din perioada de garan\u0163ie fac parte integrant\u0103 din acest certificat.<\/p>\n","protected":false},"excerpt":{"rendered":"<p>Durata medie de utilizare a echipamentelor este de 5 ani, condi\u0163ionat\u0103 de respectarea instruc\u0163iunilor de utilizare specificate \u00een manualul utilizatorului \u015fi de efectuarea repara\u0163iilor numai de c\u0103tre personal tehnic autorizat \u015fi agreat de Xerox Romania. CONDI\u0162II DE ACORDARE A GARAN\u0162IEI 1.Instalarea , punerea \u00een func\u0163iune, service-ul \u015fi garan\u0163ia sunt asigurate de c\u0103tre Unitatea Prestatoare de&hellip;<\/p>\n","protected":false},"author":1,"featured_media":0,"parent":0,"menu_order":0,"comment_status":"closed","ping_status":"closed","template":"","meta":[],"yoast_head":"<!-- This site is optimized with the Yoast SEO plugin v20.3 - https:\/\/yoast.com\/wordpress\/plugins\/seo\/ -->\n<title>Garan\u021bie - Roxer Grup<\/title>\n<meta name=\"robots\" content=\"noindex, follow, max-snippet:-1, max-image-preview:large, max-video-preview:-1\" \/>\n<meta property=\"og:locale\" content=\"ro_RO\" \/>\n<meta property=\"og:type\" content=\"article\" \/>\n<meta property=\"og:title\" content=\"Garan\u021bie - Roxer Grup\" \/>\n<meta property=\"og:description\" content=\"Durata medie de utilizare a echipamentelor este de 5 ani, condi\u0163ionat\u0103 de respectarea instruc\u0163iunilor de utilizare specificate \u00een manualul utilizatorului \u015fi de efectuarea repara\u0163iilor numai de c\u0103tre personal tehnic autorizat \u015fi agreat de Xerox Romania. CONDI\u0162II DE ACORDARE A GARAN\u0162IEI 1.Instalarea , punerea \u00een func\u0163iune, service-ul \u015fi garan\u0163ia sunt asigurate de c\u0103tre Unitatea Prestatoare de&hellip;\" \/>\n<meta property=\"og:url\" content=\"https:\/\/www.roxer.ro\/dev\/garantie\" \/>\n<meta property=\"og:site_name\" content=\"Roxer Grup\" \/>\n<meta property=\"article:modified_time\" content=\"2020-11-24T19:58:03+00:00\" \/>\n<meta name=\"twitter:card\" content=\"summary_large_image\" \/>\n<meta name=\"twitter:label1\" content=\"Timp estimat pentru citire\" \/>\n\t<meta name=\"twitter:data1\" content=\"2 minute\" \/>\n<script type=\"application\/ld+json\" class=\"yoast-schema-graph\">{\"@context\":\"https:\/\/schema.org\",\"@graph\":[{\"@type\":\"WebPage\",\"@id\":\"https:\/\/www.roxer.ro\/dev\/garantie\",\"url\":\"https:\/\/www.roxer.ro\/dev\/garantie\",\"name\":\"Garan\u021bie - Roxer Grup\",\"isPartOf\":{\"@id\":\"https:\/\/www.roxer.ro\/dev\/#website\"},\"datePublished\":\"2020-11-24T19:58:02+00:00\",\"dateModified\":\"2020-11-24T19:58:03+00:00\",\"breadcrumb\":{\"@id\":\"https:\/\/www.roxer.ro\/dev\/garantie#breadcrumb\"},\"inLanguage\":\"ro-RO\",\"potentialAction\":[{\"@type\":\"ReadAction\",\"target\":[\"https:\/\/www.roxer.ro\/dev\/garantie\"]}]},{\"@type\":\"BreadcrumbList\",\"@id\":\"https:\/\/www.roxer.ro\/dev\/garantie#breadcrumb\",\"itemListElement\":[{\"@type\":\"ListItem\",\"position\":1,\"name\":\"Prima pagin\u0103\",\"item\":\"https:\/\/www.roxer.ro\/dev\/\"},{\"@type\":\"ListItem\",\"position\":2,\"name\":\"Garan\u021bie\"}]},{\"@type\":\"WebSite\",\"@id\":\"https:\/\/www.roxer.ro\/dev\/#website\",\"url\":\"https:\/\/www.roxer.ro\/dev\/\",\"name\":\"Roxer Grup\",\"description\":\"Xerox Cluj Napoca, Distribuitor Xerox Cluj, distribuitor Xerox S\u0103laj, distribuitor Xerox Bihor, distribuitor Xerox Maramure\u015f, distribuitor Xerox Bistri\u0163a N\u0103s\u0103ud, distribuitor Xerox Satu Mare\",\"publisher\":{\"@id\":\"https:\/\/www.roxer.ro\/dev\/#organization\"},\"potentialAction\":[{\"@type\":\"SearchAction\",\"target\":{\"@type\":\"EntryPoint\",\"urlTemplate\":\"https:\/\/www.roxer.ro\/dev\/?s={search_term_string}\"},\"query-input\":\"required name=search_term_string\"}],\"inLanguage\":\"ro-RO\"},{\"@type\":\"Organization\",\"@id\":\"https:\/\/www.roxer.ro\/dev\/#organization\",\"name\":\"Roxer Grup\",\"url\":\"https:\/\/www.roxer.ro\/dev\/\",\"logo\":{\"@type\":\"ImageObject\",\"inLanguage\":\"ro-RO\",\"@id\":\"https:\/\/www.roxer.ro\/dev\/#\/schema\/logo\/image\/\",\"url\":\"https:\/\/www.roxer.ro\/dev\/wp-content\/uploads\/2023\/05\/logo-roxer-1-e1684141209248.png\",\"contentUrl\":\"https:\/\/www.roxer.ro\/dev\/wp-content\/uploads\/2023\/05\/logo-roxer-1-e1684141209248.png\",\"width\":160,\"height\":57,\"caption\":\"Roxer Grup\"},\"image\":{\"@id\":\"https:\/\/www.roxer.ro\/dev\/#\/schema\/logo\/image\/\"}}]}<\/script>\n<!-- \/ Yoast SEO plugin. -->","yoast_head_json":{"title":"Garan\u021bie - Roxer Grup","robots":{"index":"noindex","follow":"follow","max-snippet":"max-snippet:-1","max-image-preview":"max-image-preview:large","max-video-preview":"max-video-preview:-1"},"og_locale":"ro_RO","og_type":"article","og_title":"Garan\u021bie - Roxer Grup","og_description":"Durata medie de utilizare a echipamentelor este de 5 ani, condi\u0163ionat\u0103 de respectarea instruc\u0163iunilor de utilizare specificate \u00een manualul utilizatorului \u015fi de efectuarea repara\u0163iilor numai de c\u0103tre personal tehnic autorizat \u015fi agreat de Xerox Romania. CONDI\u0162II DE ACORDARE A GARAN\u0162IEI 1.Instalarea , punerea \u00een func\u0163iune, service-ul \u015fi garan\u0163ia sunt asigurate de c\u0103tre Unitatea Prestatoare de&hellip;","og_url":"https:\/\/www.roxer.ro\/dev\/garantie","og_site_name":"Roxer Grup","article_modified_time":"2020-11-24T19:58:03+00:00","twitter_card":"summary_large_image","twitter_misc":{"Timp estimat pentru citire":"2 minute"},"schema":{"@context":"https:\/\/schema.org","@graph":[{"@type":"WebPage","@id":"https:\/\/www.roxer.ro\/dev\/garantie","url":"https:\/\/www.roxer.ro\/dev\/garantie","name":"Garan\u021bie - Roxer Grup","isPartOf":{"@id":"https:\/\/www.roxer.ro\/dev\/#website"},"datePublished":"2020-11-24T19:58:02+00:00","dateModified":"2020-11-24T19:58:03+00:00","breadcrumb":{"@id":"https:\/\/www.roxer.ro\/dev\/garantie#breadcrumb"},"inLanguage":"ro-RO","potentialAction":[{"@type":"ReadAction","target":["https:\/\/www.roxer.ro\/dev\/garantie"]}]},{"@type":"BreadcrumbList","@id":"https:\/\/www.roxer.ro\/dev\/garantie#breadcrumb","itemListElement":[{"@type":"ListItem","position":1,"name":"Prima pagin\u0103","item":"https:\/\/www.roxer.ro\/dev\/"},{"@type":"ListItem","position":2,"name":"Garan\u021bie"}]},{"@type":"WebSite","@id":"https:\/\/www.roxer.ro\/dev\/#website","url":"https:\/\/www.roxer.ro\/dev\/","name":"Roxer Grup","description":"Xerox Cluj Napoca, Distribuitor Xerox Cluj, distribuitor Xerox S\u0103laj, distribuitor Xerox Bihor, distribuitor Xerox Maramure\u015f, distribuitor Xerox Bistri\u0163a N\u0103s\u0103ud, distribuitor Xerox Satu Mare","publisher":{"@id":"https:\/\/www.roxer.ro\/dev\/#organization"},"potentialAction":[{"@type":"SearchAction","target":{"@type":"EntryPoint","urlTemplate":"https:\/\/www.roxer.ro\/dev\/?s={search_term_string}"},"query-input":"required name=search_term_string"}],"inLanguage":"ro-RO"},{"@type":"Organization","@id":"https:\/\/www.roxer.ro\/dev\/#organization","name":"Roxer Grup","url":"https:\/\/www.roxer.ro\/dev\/","logo":{"@type":"ImageObject","inLanguage":"ro-RO","@id":"https:\/\/www.roxer.ro\/dev\/#\/schema\/logo\/image\/","url":"https:\/\/www.roxer.ro\/dev\/wp-content\/uploads\/2023\/05\/logo-roxer-1-e1684141209248.png","contentUrl":"https:\/\/www.roxer.ro\/dev\/wp-content\/uploads\/2023\/05\/logo-roxer-1-e1684141209248.png","width":160,"height":57,"caption":"Roxer Grup"},"image":{"@id":"https:\/\/www.roxer.ro\/dev\/#\/schema\/logo\/image\/"}}]}},"_links":{"self":[{"href":"https:\/\/www.roxer.ro\/dev\/wp-json\/wp\/v2\/pages\/5627"}],"collection":[{"href":"https:\/\/www.roxer.ro\/dev\/wp-json\/wp\/v2\/pages"}],"about":[{"href":"https:\/\/www.roxer.ro\/dev\/wp-json\/wp\/v2\/types\/page"}],"author":[{"embeddable":true,"href":"https:\/\/www.roxer.ro\/dev\/wp-json\/wp\/v2\/users\/1"}],"replies":[{"embeddable":true,"href":"https:\/\/www.roxer.ro\/dev\/wp-json\/wp\/v2\/comments?post=5627"}],"version-history":[{"count":1,"href":"https:\/\/www.roxer.ro\/dev\/wp-json\/wp\/v2\/pages\/5627\/revisions"}],"predecessor-version":[{"id":5628,"href":"https:\/\/www.roxer.ro\/dev\/wp-json\/wp\/v2\/pages\/5627\/revisions\/5628"}],"wp:attachment":[{"href":"https:\/\/www.roxer.ro\/dev\/wp-json\/wp\/v2\/media?parent=5627"}],"curies":[{"name":"wp","href":"https:\/\/api.w.org\/{rel}","templated":true}]}}