{"id":5634,"date":"2020-11-24T20:03:31","date_gmt":"2020-11-24T20:03:31","guid":{"rendered":"https:\/\/www.roxer.ro\/?page_id=5634"},"modified":"2020-11-24T20:03:32","modified_gmt":"2020-11-24T20:03:32","slug":"cookies","status":"publish","type":"page","link":"https:\/\/www.roxer.ro\/dev\/cookies","title":{"rendered":"Cookies"},"content":{"rendered":"\n<p>Modulele cookie sunt importante pentru func\u021bionarea corespunz\u0103toare a unui site. Pentru a v\u0103 \u00eembun\u0103t\u0103\u021bi experien\u021ba, folosim module cookie pentru a memora detaliile de conectare \u0219i pentru a asigura o autentificare securizat\u0103, pentru a colecta statistici \u00een vederea optimiz\u0103rii func\u021bionalit\u0103\u021bii site-ului \u0219i pentru a furniza con\u021binut personalizat potrivit intereselor dvs..<\/p>\n\n\n\n<p><a href=\"http:\/\/www.roxer.ro\/politica-de-confidentialitate\/\" target=\"_blank\" rel=\"noreferrer noopener\">Afla mai multe despre politica de confidentialitate Roxer Grup.<\/a><\/p>\n","protected":false},"excerpt":{"rendered":"<p>Modulele cookie sunt importante pentru func\u021bionarea corespunz\u0103toare a unui site. Pentru a v\u0103 \u00eembun\u0103t\u0103\u021bi experien\u021ba, folosim module cookie pentru a memora detaliile de conectare \u0219i pentru a asigura o autentificare securizat\u0103, pentru a colecta statistici \u00een vederea optimiz\u0103rii func\u021bionalit\u0103\u021bii site-ului \u0219i pentru a furniza con\u021binut personalizat potrivit intereselor dvs.. Afla mai multe despre politica de&hellip;<\/p>\n","protected":false},"author":1,"featured_media":0,"parent":0,"menu_order":0,"comment_status":"closed","ping_status":"closed","template":"","meta":[],"yoast_head":"<!-- This site is optimized with the Yoast SEO plugin v20.3 - https:\/\/yoast.com\/wordpress\/plugins\/seo\/ -->\n<title>Cookies - Roxer Grup<\/title>\n<meta name=\"robots\" content=\"noindex, follow, max-snippet:-1, max-image-preview:large, max-video-preview:-1\" \/>\n<meta property=\"og:locale\" content=\"ro_RO\" \/>\n<meta property=\"og:type\" content=\"article\" \/>\n<meta property=\"og:title\" content=\"Cookies - Roxer Grup\" \/>\n<meta property=\"og:description\" content=\"Modulele cookie sunt importante pentru func\u021bionarea corespunz\u0103toare a unui site. Pentru a v\u0103 \u00eembun\u0103t\u0103\u021bi experien\u021ba, folosim module cookie pentru a memora detaliile de conectare \u0219i pentru a asigura o autentificare securizat\u0103, pentru a colecta statistici \u00een vederea optimiz\u0103rii func\u021bionalit\u0103\u021bii site-ului \u0219i pentru a furniza con\u021binut personalizat potrivit intereselor dvs.. Afla mai multe despre politica de&hellip;\" \/>\n<meta property=\"og:url\" content=\"https:\/\/www.roxer.ro\/dev\/cookies\" \/>\n<meta property=\"og:site_name\" content=\"Roxer Grup\" \/>\n<meta property=\"article:modified_time\" content=\"2020-11-24T20:03:32+00:00\" \/>\n<meta name=\"twitter:card\" content=\"summary_large_image\" \/>\n<script type=\"application\/ld+json\" class=\"yoast-schema-graph\">{\"@context\":\"https:\/\/schema.org\",\"@graph\":[{\"@type\":\"WebPage\",\"@id\":\"https:\/\/www.roxer.ro\/dev\/cookies\",\"url\":\"https:\/\/www.roxer.ro\/dev\/cookies\",\"name\":\"Cookies - Roxer Grup\",\"isPartOf\":{\"@id\":\"https:\/\/www.roxer.ro\/dev\/#website\"},\"datePublished\":\"2020-11-24T20:03:31+00:00\",\"dateModified\":\"2020-11-24T20:03:32+00:00\",\"breadcrumb\":{\"@id\":\"https:\/\/www.roxer.ro\/dev\/cookies#breadcrumb\"},\"inLanguage\":\"ro-RO\",\"potentialAction\":[{\"@type\":\"ReadAction\",\"target\":[\"https:\/\/www.roxer.ro\/dev\/cookies\"]}]},{\"@type\":\"BreadcrumbList\",\"@id\":\"https:\/\/www.roxer.ro\/dev\/cookies#breadcrumb\",\"itemListElement\":[{\"@type\":\"ListItem\",\"position\":1,\"name\":\"Prima pagin\u0103\",\"item\":\"https:\/\/www.roxer.ro\/dev\/\"},{\"@type\":\"ListItem\",\"position\":2,\"name\":\"Cookies\"}]},{\"@type\":\"WebSite\",\"@id\":\"https:\/\/www.roxer.ro\/dev\/#website\",\"url\":\"https:\/\/www.roxer.ro\/dev\/\",\"name\":\"Roxer Grup\",\"description\":\"Xerox Cluj Napoca, Distribuitor Xerox Cluj, distribuitor Xerox S\u0103laj, distribuitor Xerox Bihor, distribuitor Xerox Maramure\u015f, distribuitor Xerox Bistri\u0163a N\u0103s\u0103ud, distribuitor Xerox Satu Mare\",\"publisher\":{\"@id\":\"https:\/\/www.roxer.ro\/dev\/#organization\"},\"potentialAction\":[{\"@type\":\"SearchAction\",\"target\":{\"@type\":\"EntryPoint\",\"urlTemplate\":\"https:\/\/www.roxer.ro\/dev\/?s={search_term_string}\"},\"query-input\":\"required name=search_term_string\"}],\"inLanguage\":\"ro-RO\"},{\"@type\":\"Organization\",\"@id\":\"https:\/\/www.roxer.ro\/dev\/#organization\",\"name\":\"Roxer Grup\",\"url\":\"https:\/\/www.roxer.ro\/dev\/\",\"logo\":{\"@type\":\"ImageObject\",\"inLanguage\":\"ro-RO\",\"@id\":\"https:\/\/www.roxer.ro\/dev\/#\/schema\/logo\/image\/\",\"url\":\"https:\/\/www.roxer.ro\/dev\/wp-content\/uploads\/2023\/05\/logo-roxer-1-e1684141209248.png\",\"contentUrl\":\"https:\/\/www.roxer.ro\/dev\/wp-content\/uploads\/2023\/05\/logo-roxer-1-e1684141209248.png\",\"width\":160,\"height\":57,\"caption\":\"Roxer Grup\"},\"image\":{\"@id\":\"https:\/\/www.roxer.ro\/dev\/#\/schema\/logo\/image\/\"}}]}<\/script>\n<!-- \/ Yoast SEO plugin. -->","yoast_head_json":{"title":"Cookies - Roxer Grup","robots":{"index":"noindex","follow":"follow","max-snippet":"max-snippet:-1","max-image-preview":"max-image-preview:large","max-video-preview":"max-video-preview:-1"},"og_locale":"ro_RO","og_type":"article","og_title":"Cookies - Roxer Grup","og_description":"Modulele cookie sunt importante pentru func\u021bionarea corespunz\u0103toare a unui site. Pentru a v\u0103 \u00eembun\u0103t\u0103\u021bi experien\u021ba, folosim module cookie pentru a memora detaliile de conectare \u0219i pentru a asigura o autentificare securizat\u0103, pentru a colecta statistici \u00een vederea optimiz\u0103rii func\u021bionalit\u0103\u021bii site-ului \u0219i pentru a furniza con\u021binut personalizat potrivit intereselor dvs.. Afla mai multe despre politica de&hellip;","og_url":"https:\/\/www.roxer.ro\/dev\/cookies","og_site_name":"Roxer Grup","article_modified_time":"2020-11-24T20:03:32+00:00","twitter_card":"summary_large_image","schema":{"@context":"https:\/\/schema.org","@graph":[{"@type":"WebPage","@id":"https:\/\/www.roxer.ro\/dev\/cookies","url":"https:\/\/www.roxer.ro\/dev\/cookies","name":"Cookies - Roxer Grup","isPartOf":{"@id":"https:\/\/www.roxer.ro\/dev\/#website"},"datePublished":"2020-11-24T20:03:31+00:00","dateModified":"2020-11-24T20:03:32+00:00","breadcrumb":{"@id":"https:\/\/www.roxer.ro\/dev\/cookies#breadcrumb"},"inLanguage":"ro-RO","potentialAction":[{"@type":"ReadAction","target":["https:\/\/www.roxer.ro\/dev\/cookies"]}]},{"@type":"BreadcrumbList","@id":"https:\/\/www.roxer.ro\/dev\/cookies#breadcrumb","itemListElement":[{"@type":"ListItem","position":1,"name":"Prima pagin\u0103","item":"https:\/\/www.roxer.ro\/dev\/"},{"@type":"ListItem","position":2,"name":"Cookies"}]},{"@type":"WebSite","@id":"https:\/\/www.roxer.ro\/dev\/#website","url":"https:\/\/www.roxer.ro\/dev\/","name":"Roxer Grup","description":"Xerox Cluj Napoca, Distribuitor Xerox Cluj, distribuitor Xerox S\u0103laj, distribuitor Xerox Bihor, distribuitor Xerox Maramure\u015f, distribuitor Xerox Bistri\u0163a N\u0103s\u0103ud, distribuitor Xerox Satu Mare","publisher":{"@id":"https:\/\/www.roxer.ro\/dev\/#organization"},"potentialAction":[{"@type":"SearchAction","target":{"@type":"EntryPoint","urlTemplate":"https:\/\/www.roxer.ro\/dev\/?s={search_term_string}"},"query-input":"required name=search_term_string"}],"inLanguage":"ro-RO"},{"@type":"Organization","@id":"https:\/\/www.roxer.ro\/dev\/#organization","name":"Roxer Grup","url":"https:\/\/www.roxer.ro\/dev\/","logo":{"@type":"ImageObject","inLanguage":"ro-RO","@id":"https:\/\/www.roxer.ro\/dev\/#\/schema\/logo\/image\/","url":"https:\/\/www.roxer.ro\/dev\/wp-content\/uploads\/2023\/05\/logo-roxer-1-e1684141209248.png","contentUrl":"https:\/\/www.roxer.ro\/dev\/wp-content\/uploads\/2023\/05\/logo-roxer-1-e1684141209248.png","width":160,"height":57,"caption":"Roxer Grup"},"image":{"@id":"https:\/\/www.roxer.ro\/dev\/#\/schema\/logo\/image\/"}}]}},"_links":{"self":[{"href":"https:\/\/www.roxer.ro\/dev\/wp-json\/wp\/v2\/pages\/5634"}],"collection":[{"href":"https:\/\/www.roxer.ro\/dev\/wp-json\/wp\/v2\/pages"}],"about":[{"href":"https:\/\/www.roxer.ro\/dev\/wp-json\/wp\/v2\/types\/page"}],"author":[{"embeddable":true,"href":"https:\/\/www.roxer.ro\/dev\/wp-json\/wp\/v2\/users\/1"}],"replies":[{"embeddable":true,"href":"https:\/\/www.roxer.ro\/dev\/wp-json\/wp\/v2\/comments?post=5634"}],"version-history":[{"count":1,"href":"https:\/\/www.roxer.ro\/dev\/wp-json\/wp\/v2\/pages\/5634\/revisions"}],"predecessor-version":[{"id":5635,"href":"https:\/\/www.roxer.ro\/dev\/wp-json\/wp\/v2\/pages\/5634\/revisions\/5635"}],"wp:attachment":[{"href":"https:\/\/www.roxer.ro\/dev\/wp-json\/wp\/v2\/media?parent=5634"}],"curies":[{"name":"wp","href":"https:\/\/api.w.org\/{rel}","templated":true}]}}