{"id":5636,"date":"2020-11-24T20:06:07","date_gmt":"2020-11-24T20:06:07","guid":{"rendered":"https:\/\/www.roxer.ro\/?page_id=5636"},"modified":"2023-04-28T08:51:12","modified_gmt":"2023-04-28T08:51:12","slug":"nota-informare-newsletter-compatibil-gdpr","status":"publish","type":"page","link":"https:\/\/www.roxer.ro\/dev\/nota-informare-newsletter-compatibil-gdpr","title":{"rendered":"Not\u0103 informare Newsletter (compatibil GDPR)"},"content":{"rendered":"\n<p>Salut! Ne-am bucura s\u0103 putem s\u0103-\u0163i trimitem informa\u0163ii \u015fi oferte privitoare la serviciile \u015fi echipamentele Roxer Premium Partner Xerox, <strong>maximum dou\u0103 mailuri pe lun\u0103<\/strong>. <br><br><\/p>\n\n\n\n<blockquote class=\"wp-block-quote\">\n<p><strong>ROXER GRUP \u00ce\u0162I PROTEJEAZ\u0102 DATELE \u2013 REGULAMENT GDPR 2016\/679\/UE<\/strong><\/p>\n\n\n\n<p>Stimate partener,<\/p>\n\n\n\n<p>\u00cen vederea alinierii la prevederile Regulamentului 2016\/679\/UE privind protec\u021bia persoanelor fizice \u00een ceea ce prive\u0219te prelucrarea datelor cu caracter personal \u0219i privind libera circula\u021bie a acestor date (\u00een continuare \u201eRegulamentul\u201d) ROXER GRUP S.A.,&nbsp;\u00een calitate de operator de date cu caracter personal \u00een sensul Regulamentului,&nbsp;cu sediul \u00een Cluj-Napoca, str. Calea Baciului nr.1-3, \u00eenregistrat\u0103 la ORC sub nr. J12\/84\/1991, cod unic de inregistrare 201845, atribut fiscal RO, prin reprezentant legal Ana Voichi\u021ba Abrudan,<\/p>\n\n\n\n<p>V\u0103 informeaz\u0103 cu privire la urm\u0103toarele aspecte:<\/p>\n\n\n\n<p>Pe parcursul colabor\u0103rii noastre, subscrisa am prelucrat datele dvs. cu caracter personal, \u00een scop precontractual \u00een vederea \u00eencheierii \u00eentre subscrisa \u0219i dvs. a unui contract agreat de p\u0103r\u021bi \u0219i totodat\u0103 \u00een scop de marketing direct, adic\u0103 pentru a v\u0103 \u021bine la curent cu produsele, serviciile \u0219i ofertele noastre.<\/p>\n\n\n\n<p>\u00cen m\u0103sura \u00een care sunte\u021bi de acord ca subscrisa s\u0103 prelucr\u0103m \u00een continuare datele dvs. cu caracter personal cu privire la&nbsp;nume, prenume, adres\u0103 de email \u0219i nr. de telefon&nbsp;\u00een&nbsp;scop de marketing direct, respectiv pentru a v\u0103 trimite \u00een continuare informa\u021bii privind serviciile, produsele \u0219i ofertele pe care vi le punem la dispozi\u021bie,&nbsp;v\u0103 rug\u0103m s\u0103 ne trimite\u021bi la adresa de email: office@roxer.ro c\u0103 sunte\u021bi de acord s\u0103 v\u0103 da\u021bi consim\u021b\u0103m\u00e2ntul cu privire la prelucrarea datelor mai sus ar\u0103tate \u00een scop de marketing direct, respectiv dac\u0103 sunte\u021bi sau nu de acord cu prelucrarea \u00een continuare.<\/p>\n\n\n\n<p>\u00cen m\u0103sura \u00een care p\u00e2n\u0103 la data de 25 mai 2018 nu ne comunica\u021bi consim\u021b\u0103m\u00e2ntul dvs., datele dvs. cu caracter personal men\u021bionate mai sus vor fi \u0219terse din baza de date a subscrisei \u0219i nu ve\u021bi mai primi nici un fel de informare \u00een leg\u0103tur\u0103 cu serviciile, produsele \u0219i ofertele noastre.<\/p>\n\n\n\n<p>Temeiul prelucr\u0103rii datelor cu caracter personal \u00eel reprezint\u0103 consim\u021b\u0103m\u00e2ntul dvs., durata prelucr\u0103rii fiind pe \u00eentreaga durat\u0103 a existen\u021bei consim\u021b\u0103m\u00e2ntului.<\/p>\n\n\n\n<p>Consim\u021b\u0103m\u00e2ntul dvs. poate fi retras printr-un email trimis la adresa&nbsp;office@roxer.ro&nbsp;\u0219i va avea ca \u0219i consecin\u021b\u0103 \u00eencetarea prelucr\u0103rii.<br>Retragerea consim\u021b\u0103m\u00e2ntului dvs. nu va afecta legalitatea prelucr\u0103rii efectuate pe baza consim\u021b\u0103m\u00e2ntului \u00eenainte de retragerea acestuia.<br>Datele dvs. nu vor putea fi folosite \u00een alte scopuri.<br>Totodat\u0103, noul Regulament ofer\u0103 drepturi suplimentare persoanelor c\u0103rora li se prelucreaz\u0103 date cu caracter personal, drepturile dvs. fiind:<br>-dreptul de a avea acces la datele dvs:&nbsp;pute\u021bi solicita s\u0103 vi se comunice categoriile de date cu caracter personal care sunt prelucrate, scopul \u00een care are loc prelucrarea, destinatarii c\u0103rora le-au fost sau vor fi comunicate, perioada pentru care se preconizeaz\u0103 c\u0103 vor fi stocate sau, dac\u0103 acest lucru nu este posibil, criteriile utilizate pentru a stabili aceast\u0103 perioad\u0103; existen\u021ba unui proces decizional automatizat incluz\u00e2nd crearea de profiluri;<br>-dreptul de a solicita rectificarea datelor: \u00een situa\u021bia \u00een care exist\u0103 erori cu privire la datele care v\u0103 sunt prelucrate, ave\u021bi posibilitatea de a solicita corectarea sau completarea lor. Subscrisa vom comunica rectificarea fiec\u0103rui destinatar la care au fost transmise datele, cu excep\u021bia cazului \u00een care acest lucru se dovede\u0219te imposibil sau presupune eforturi dispropor\u021bionate;<br>\u2013dreptul de a solicita restric\u021bionarea prelucr\u0103rii datelor:&nbsp;ave\u021bi dreptul de a solicita restric\u021bionarea prelucr\u0103rii datelor \u00een urm\u0103toarele situa\u021bii: dac\u0103 a\u021bi contestat exactitatea datelor, pentru o perioad\u0103 care ne permite s\u0103 verificam exactitatea datelor; dac\u0103 prelucrarea este ilegal\u0103, iar dvs. v\u0103 opune\u021bi \u0219tergerii datelor cu caracter personal, solicit\u00e2nd \u00een schimb restric\u021bionarea utiliz\u0103rii lor; dac\u0103 subscrisa nu mai am nevoie de datele cu caracter personal \u00een scopul prelucr\u0103rii, dar le solicita\u021bi&nbsp; pentru constatarea, exercitarea sau ap\u0103rarea unui drept \u00een instan\u021b\u0103; dac\u0103 v-a\u021bi opus prelucr\u0103rii pentru intervalul de timp \u00een care se verific\u0103 dac\u0103 drepturile legitime ale operatorului prevaleaz\u0103 asupra drepturilor dvs.;<br>\u2013dreptul de a solicita \u0219tergerea datelor: pute\u021bi solicita \u0219tergerea datelor prelucrate, dac\u0103 datele nu mai sunt necesare pentru \u00eendeplinirea scopurilor pentru care au fost colectate sau prelucrate, dac\u0103 v-a\u021bi retras consim\u021b\u0103m\u00e2ntul \u0219i nu exist\u0103 niciun alt temei juridic pentru prelucrare; dac\u0103 v\u0103 opune\u021bi prelucr\u0103rii \u0219i nu exist\u0103 motive legitime care s\u0103 prevaleze \u00een ceea ce prive\u0219te prelucrarea; datele cu caracter personal au fost prelucrate ilegal; datele cu caracter personal trebuie \u0219terse pentru respectarea unei obliga\u021bii legale; datele cu caracter personal au fost colectate \u00een leg\u0103tur\u0103 cu oferirea de servicii ale societ\u0103\u021bii informa\u021bionale;<br>-dreptul de a solicita transferul datelor (dreptul la portabilitatea datelor): pute\u021bi solicita transferul datelor dvs. c\u0103tre un alt operator dac\u0103 prelucrarea are la baz\u0103 consim\u021b\u0103m\u00e2ntul dvs. \u0219i prelucrarea este una automat\u0103;<br>-dreptul de a v\u0103 opune prelucr\u0103rii:&nbsp;ave\u021bi dreptul s\u0103 v\u0103 opune\u021bi \u00een orice moment prelucr\u0103rii datelor dvs. \u00een scop de marketing direct, inclusiv cre\u0103rii de profiluri, \u00een acest caz datele dvs. vor fi \u0219terse;<br>\u2013&nbsp;dreptul de a v\u0103 opune s\u0103 face\u021bi obiectul unor decizii automate bazate exclusiv pe prelucrarea automat\u0103, inclusiv profilare.<\/p>\n\n\n\n<p>Toate aceste drepturi pot s\u0103 fie exercitate printr-o cerere adresat\u0103 subscrisei, \u00een calitate de operator.<br>\u00cen situa\u021bia \u00een care considera\u021bi c\u0103 v-au fost \u00eenc\u0103lcate drepturile anterior men\u021bionate, ave\u021bi posibilitatea s\u0103 v\u0103 adresa\u021bi cu o pl\u00e2ngere Autorit\u0103\u021bii Na\u021bionale de Supraveghere a Prelucr\u0103rii Datelor cu Caracter Personal.<\/p>\n<\/blockquote>\n\n\n\n<p>O alt\u0103 variant\u0103 prin care ne po\u0163i da acordul GDPR e s\u0103 ne trimi\u0163i <a href=\"mailto:office@roxer.ro?subject=Roxer%20Grup.%20Confirmare%20acord%20date%20personale&amp;body=Nume%3A%20%0A%0AE-mail%3A%20%0A%0ASunt%20de%20acord%20cu%20folosirea%20datelor%20mele%20personale%20(nume%2C%20e-mail)%20de%20catre%20Roxer%20Grup%2C%20conform%20regulamentului%202016%2F679%2FUE%2C%20%C3%AEn%20scopul%20marketingului%20direct.%20\" target=\"_blank\" rel=\"noreferrer noopener\">ACEST MAIL (din dou\u0103 click-uri ai terminat)<\/a> dup\u0103 ce ai citit regulamentul. Mul\u0163umim!<\/p>\n\n\n\n<p>Not\u0103: Folosim platforma MailChimp pentru e-mail marketing. Odat\u0103 ce ai ap\u0103sat butonul \u201cAboneaz\u0103-m\u0103\u201d, informa\u0163iile tale vor fi tranferate la MailChimp pentru procesare. Afl\u0103 mai multe despre politicile de confiden\u0163ialitate MailChimp <a href=\"https:\/\/mailchimp.com\/legal\/\" target=\"_blank\" rel=\"noreferrer noopener\">aici<\/a>.<\/p>\n","protected":false},"excerpt":{"rendered":"<p>Salut! Ne-am bucura s\u0103 putem s\u0103-\u0163i trimitem informa\u0163ii \u015fi oferte privitoare la serviciile \u015fi echipamentele Roxer Premium Partner Xerox, maximum dou\u0103 mailuri pe lun\u0103. ROXER GRUP \u00ce\u0162I PROTEJEAZ\u0102 DATELE \u2013 REGULAMENT GDPR 2016\/679\/UE Stimate partener, \u00cen vederea alinierii la prevederile Regulamentului 2016\/679\/UE privind protec\u021bia persoanelor fizice \u00een ceea ce prive\u0219te prelucrarea datelor cu caracter personal&hellip;<\/p>\n","protected":false},"author":1,"featured_media":0,"parent":0,"menu_order":0,"comment_status":"closed","ping_status":"closed","template":"","meta":[],"yoast_head":"<!-- This site is optimized with the Yoast SEO plugin v20.3 - https:\/\/yoast.com\/wordpress\/plugins\/seo\/ -->\n<title>Not\u0103 informare Newsletter (compatibil GDPR) - Roxer Grup<\/title>\n<meta name=\"robots\" content=\"noindex, follow, max-snippet:-1, max-image-preview:large, max-video-preview:-1\" \/>\n<meta property=\"og:locale\" content=\"ro_RO\" \/>\n<meta property=\"og:type\" content=\"article\" \/>\n<meta property=\"og:title\" content=\"Not\u0103 informare Newsletter (compatibil GDPR) - Roxer Grup\" \/>\n<meta property=\"og:description\" content=\"Salut! Ne-am bucura s\u0103 putem s\u0103-\u0163i trimitem informa\u0163ii \u015fi oferte privitoare la serviciile \u015fi echipamentele Roxer Premium Partner Xerox, maximum dou\u0103 mailuri pe lun\u0103. ROXER GRUP \u00ce\u0162I PROTEJEAZ\u0102 DATELE \u2013 REGULAMENT GDPR 2016\/679\/UE Stimate partener, \u00cen vederea alinierii la prevederile Regulamentului 2016\/679\/UE privind protec\u021bia persoanelor fizice \u00een ceea ce prive\u0219te prelucrarea datelor cu caracter personal&hellip;\" \/>\n<meta property=\"og:url\" content=\"https:\/\/www.roxer.ro\/dev\/nota-informare-newsletter-compatibil-gdpr\" \/>\n<meta property=\"og:site_name\" content=\"Roxer Grup\" \/>\n<meta property=\"article:modified_time\" content=\"2023-04-28T08:51:12+00:00\" \/>\n<meta name=\"twitter:card\" content=\"summary_large_image\" \/>\n<meta name=\"twitter:label1\" content=\"Timp estimat pentru citire\" \/>\n\t<meta name=\"twitter:data1\" content=\"5 minute\" \/>\n<script type=\"application\/ld+json\" class=\"yoast-schema-graph\">{\"@context\":\"https:\/\/schema.org\",\"@graph\":[{\"@type\":\"WebPage\",\"@id\":\"https:\/\/www.roxer.ro\/dev\/nota-informare-newsletter-compatibil-gdpr\",\"url\":\"https:\/\/www.roxer.ro\/dev\/nota-informare-newsletter-compatibil-gdpr\",\"name\":\"Not\u0103 informare Newsletter (compatibil GDPR) - Roxer Grup\",\"isPartOf\":{\"@id\":\"https:\/\/www.roxer.ro\/dev\/#website\"},\"datePublished\":\"2020-11-24T20:06:07+00:00\",\"dateModified\":\"2023-04-28T08:51:12+00:00\",\"breadcrumb\":{\"@id\":\"https:\/\/www.roxer.ro\/dev\/nota-informare-newsletter-compatibil-gdpr#breadcrumb\"},\"inLanguage\":\"ro-RO\",\"potentialAction\":[{\"@type\":\"ReadAction\",\"target\":[\"https:\/\/www.roxer.ro\/dev\/nota-informare-newsletter-compatibil-gdpr\"]}]},{\"@type\":\"BreadcrumbList\",\"@id\":\"https:\/\/www.roxer.ro\/dev\/nota-informare-newsletter-compatibil-gdpr#breadcrumb\",\"itemListElement\":[{\"@type\":\"ListItem\",\"position\":1,\"name\":\"Prima pagin\u0103\",\"item\":\"https:\/\/www.roxer.ro\/dev\/\"},{\"@type\":\"ListItem\",\"position\":2,\"name\":\"Not\u0103 informare Newsletter (compatibil GDPR)\"}]},{\"@type\":\"WebSite\",\"@id\":\"https:\/\/www.roxer.ro\/dev\/#website\",\"url\":\"https:\/\/www.roxer.ro\/dev\/\",\"name\":\"Roxer Grup\",\"description\":\"Xerox Cluj Napoca, Distribuitor Xerox Cluj, distribuitor Xerox S\u0103laj, distribuitor Xerox Bihor, distribuitor Xerox Maramure\u015f, distribuitor Xerox Bistri\u0163a N\u0103s\u0103ud, distribuitor Xerox Satu Mare\",\"publisher\":{\"@id\":\"https:\/\/www.roxer.ro\/dev\/#organization\"},\"potentialAction\":[{\"@type\":\"SearchAction\",\"target\":{\"@type\":\"EntryPoint\",\"urlTemplate\":\"https:\/\/www.roxer.ro\/dev\/?s={search_term_string}\"},\"query-input\":\"required name=search_term_string\"}],\"inLanguage\":\"ro-RO\"},{\"@type\":\"Organization\",\"@id\":\"https:\/\/www.roxer.ro\/dev\/#organization\",\"name\":\"Roxer Grup\",\"url\":\"https:\/\/www.roxer.ro\/dev\/\",\"logo\":{\"@type\":\"ImageObject\",\"inLanguage\":\"ro-RO\",\"@id\":\"https:\/\/www.roxer.ro\/dev\/#\/schema\/logo\/image\/\",\"url\":\"https:\/\/www.roxer.ro\/dev\/wp-content\/uploads\/2023\/05\/logo-roxer-1-e1684141209248.png\",\"contentUrl\":\"https:\/\/www.roxer.ro\/dev\/wp-content\/uploads\/2023\/05\/logo-roxer-1-e1684141209248.png\",\"width\":160,\"height\":57,\"caption\":\"Roxer Grup\"},\"image\":{\"@id\":\"https:\/\/www.roxer.ro\/dev\/#\/schema\/logo\/image\/\"}}]}<\/script>\n<!-- \/ Yoast SEO plugin. -->","yoast_head_json":{"title":"Not\u0103 informare Newsletter (compatibil GDPR) - Roxer Grup","robots":{"index":"noindex","follow":"follow","max-snippet":"max-snippet:-1","max-image-preview":"max-image-preview:large","max-video-preview":"max-video-preview:-1"},"og_locale":"ro_RO","og_type":"article","og_title":"Not\u0103 informare Newsletter (compatibil GDPR) - Roxer Grup","og_description":"Salut! Ne-am bucura s\u0103 putem s\u0103-\u0163i trimitem informa\u0163ii \u015fi oferte privitoare la serviciile \u015fi echipamentele Roxer Premium Partner Xerox, maximum dou\u0103 mailuri pe lun\u0103. ROXER GRUP \u00ce\u0162I PROTEJEAZ\u0102 DATELE \u2013 REGULAMENT GDPR 2016\/679\/UE Stimate partener, \u00cen vederea alinierii la prevederile Regulamentului 2016\/679\/UE privind protec\u021bia persoanelor fizice \u00een ceea ce prive\u0219te prelucrarea datelor cu caracter personal&hellip;","og_url":"https:\/\/www.roxer.ro\/dev\/nota-informare-newsletter-compatibil-gdpr","og_site_name":"Roxer Grup","article_modified_time":"2023-04-28T08:51:12+00:00","twitter_card":"summary_large_image","twitter_misc":{"Timp estimat pentru citire":"5 minute"},"schema":{"@context":"https:\/\/schema.org","@graph":[{"@type":"WebPage","@id":"https:\/\/www.roxer.ro\/dev\/nota-informare-newsletter-compatibil-gdpr","url":"https:\/\/www.roxer.ro\/dev\/nota-informare-newsletter-compatibil-gdpr","name":"Not\u0103 informare Newsletter (compatibil GDPR) - Roxer Grup","isPartOf":{"@id":"https:\/\/www.roxer.ro\/dev\/#website"},"datePublished":"2020-11-24T20:06:07+00:00","dateModified":"2023-04-28T08:51:12+00:00","breadcrumb":{"@id":"https:\/\/www.roxer.ro\/dev\/nota-informare-newsletter-compatibil-gdpr#breadcrumb"},"inLanguage":"ro-RO","potentialAction":[{"@type":"ReadAction","target":["https:\/\/www.roxer.ro\/dev\/nota-informare-newsletter-compatibil-gdpr"]}]},{"@type":"BreadcrumbList","@id":"https:\/\/www.roxer.ro\/dev\/nota-informare-newsletter-compatibil-gdpr#breadcrumb","itemListElement":[{"@type":"ListItem","position":1,"name":"Prima pagin\u0103","item":"https:\/\/www.roxer.ro\/dev\/"},{"@type":"ListItem","position":2,"name":"Not\u0103 informare Newsletter (compatibil GDPR)"}]},{"@type":"WebSite","@id":"https:\/\/www.roxer.ro\/dev\/#website","url":"https:\/\/www.roxer.ro\/dev\/","name":"Roxer Grup","description":"Xerox Cluj Napoca, Distribuitor Xerox Cluj, distribuitor Xerox S\u0103laj, distribuitor Xerox Bihor, distribuitor Xerox Maramure\u015f, distribuitor Xerox Bistri\u0163a N\u0103s\u0103ud, distribuitor Xerox Satu Mare","publisher":{"@id":"https:\/\/www.roxer.ro\/dev\/#organization"},"potentialAction":[{"@type":"SearchAction","target":{"@type":"EntryPoint","urlTemplate":"https:\/\/www.roxer.ro\/dev\/?s={search_term_string}"},"query-input":"required name=search_term_string"}],"inLanguage":"ro-RO"},{"@type":"Organization","@id":"https:\/\/www.roxer.ro\/dev\/#organization","name":"Roxer Grup","url":"https:\/\/www.roxer.ro\/dev\/","logo":{"@type":"ImageObject","inLanguage":"ro-RO","@id":"https:\/\/www.roxer.ro\/dev\/#\/schema\/logo\/image\/","url":"https:\/\/www.roxer.ro\/dev\/wp-content\/uploads\/2023\/05\/logo-roxer-1-e1684141209248.png","contentUrl":"https:\/\/www.roxer.ro\/dev\/wp-content\/uploads\/2023\/05\/logo-roxer-1-e1684141209248.png","width":160,"height":57,"caption":"Roxer Grup"},"image":{"@id":"https:\/\/www.roxer.ro\/dev\/#\/schema\/logo\/image\/"}}]}},"_links":{"self":[{"href":"https:\/\/www.roxer.ro\/dev\/wp-json\/wp\/v2\/pages\/5636"}],"collection":[{"href":"https:\/\/www.roxer.ro\/dev\/wp-json\/wp\/v2\/pages"}],"about":[{"href":"https:\/\/www.roxer.ro\/dev\/wp-json\/wp\/v2\/types\/page"}],"author":[{"embeddable":true,"href":"https:\/\/www.roxer.ro\/dev\/wp-json\/wp\/v2\/users\/1"}],"replies":[{"embeddable":true,"href":"https:\/\/www.roxer.ro\/dev\/wp-json\/wp\/v2\/comments?post=5636"}],"version-history":[{"count":2,"href":"https:\/\/www.roxer.ro\/dev\/wp-json\/wp\/v2\/pages\/5636\/revisions"}],"predecessor-version":[{"id":7070,"href":"https:\/\/www.roxer.ro\/dev\/wp-json\/wp\/v2\/pages\/5636\/revisions\/7070"}],"wp:attachment":[{"href":"https:\/\/www.roxer.ro\/dev\/wp-json\/wp\/v2\/media?parent=5636"}],"curies":[{"name":"wp","href":"https:\/\/api.w.org\/{rel}","templated":true}]}}