{"id":4220,"date":"2020-07-24T12:51:31","date_gmt":"2020-07-24T12:51:31","guid":{"rendered":"https:\/\/firstdesign.ro\/roxer\/?post_type=product&#038;p=4220"},"modified":"2020-11-20T14:31:52","modified_gmt":"2020-11-20T14:31:52","slug":"imprimanta-multifunctionala-xerox-versalink-c405","status":"publish","type":"product","link":"https:\/\/www.roxer.ro\/dev\/echipament\/imprimanta-multifunctionala-xerox-versalink-c405","title":{"rendered":"Imprimant\u0103 multifunc\u0163ional\u0103 Xerox VersaLink C405"},"content":{"rendered":"<p><iframe loading=\"lazy\" title=\"Xerox\u00ae VersaLink\u00ae C405: Count On It\" width=\"1200\" height=\"675\" src=\"https:\/\/www.youtube.com\/embed\/JtnwllIUYWQ?feature=oembed\" frameborder=\"0\" allow=\"accelerometer; autoplay; clipboard-write; encrypted-media; gyroscope; picture-in-picture\" allowfullscreen><\/iframe><\/p>\n<p><strong>Avantaje competitive pentru Xerox VersaLink C405 \u2013 imprimant\u0103 color<\/strong><\/p>\n<p>\u2022 Ecran tactil color de 5 inchi, capacitiv \u0219i orientabil \u2013 utilizarea ecranului stabile\u0219te un standard superior de particularizare, personalizare \u0219i flexibilitate.<br \/>\n\u2022 Conectivitate instantanee la servicii cloud \u0219i dispozitive mobile, direct de la interfa\u021ba cu utilizatorul<br \/>\n\u2022 Portul USB 3.0 amplasat frontal permite scanarea rapid\u0103 de la orice dispozitive standard de memorie USB c\u0103tre echipament<br \/>\n\u2022 Imprimare securizat\u0103 \u0219i autentificare prin card pentru controlul accesului (op\u0163ional Xerox WorkPlace Services)<br \/>\n\u2022 Consumabile cu 3 capacit\u0103\u021bi, p\u00e2n\u0103 la 10.500 de pagini.<\/p>\n<p><strong>Acest echipament poate fi achizi\u0163ionat \u015fi \u00een rate. Pentru detalii<a href=\"https:\/\/www.roxer.ro\/contact\/\" target=\"_blank\" rel=\"noopener noreferrer\"> contacteaz\u0103-ne<\/a>.<\/strong><\/p>\n","protected":false},"excerpt":{"rendered":"<h4><strong>Xerox VersaLink C405 \u2013 imprimant\u0103 multifunc\u021bional\u0103 color.\u00a0<\/strong><\/h4>\n<h4>Asistent inteligent pentru locul de munc\u0103, dotat cu tehnologia Xerox\u00ae ConnectKey\u00ae<\/h4>\n<p>\u2022 Imprimare color \/ alb-negru cu asisten\u021b\u0103 pentru A4<br \/>\n\u2022 Ideal pentru echipe de lucru formate din 2 p\u00e2n\u0103 la 10 utilizatori<br \/>\n\u2022 Asisten\u021b\u0103 pentru imprimarea de pe mobil \u0219i conectivitate \u00een cloud (Microsoft, Google, Evernote, Box, DropBox)<br \/>\n\u2022 Calitate superioar\u0103 a imprim\u0103rii<\/p>\n<p>\u2022 Single-Pass Duplex Automatic Document Feeder (DADF): 50 coli &#8211; Scanare dual\u0103 (fa\u0163\u0103+verso) la o singur\u0103 trecere<\/p>\n<p>\u2022 Vitez\u0103 de imprimare de p\u00e2n\u0103 la 35 ppm color \/ mono<br \/>\n\u2022 Procesor 1,05 GHz, Memorie 2 GB<br \/>\n\u2022 Conectivitate USB 3.0, 10\/100\/1000 Base-T, NFC, op\u021bional Wi-Fi (497K16750)<br \/>\n\u2022 Capacitate standard de alimentare de 700 de coli.<\/p>\n<p>\u2022 P\u00e2n\u0103 la un total de 2 t\u0103vi alimentare: p\u00e2n\u0103 la 1100 coli cu preluare din t\u0103vile automate;<\/p>\n<p>\u2022 Rezolu\u021bie nativ\u0103 de p\u00e2n\u0103 la 600 x 600 x 8 dpi<br \/>\n\u2022 Xerox\u00ae Standard Accounting (imprimare), activarea contoriz\u0103rii \u00een re\u021bea, interfa\u021b\u0103 extern\u0103<\/p>\n","protected":false},"featured_media":4293,"template":"","meta":[],"product_cat":[15,116],"product_tag":[146,273],"yoast_head":"<!-- This site is optimized with the Yoast SEO plugin v20.3 - https:\/\/yoast.com\/wordpress\/plugins\/seo\/ -->\n<title>Imprimant\u0103 multifunc\u0163ional\u0103 Xerox VersaLink C405 - Roxer Grup<\/title>\n<meta name=\"robots\" content=\"noindex, follow, max-snippet:-1, max-image-preview:large, max-video-preview:-1\" \/>\n<meta property=\"og:locale\" content=\"ro_RO\" \/>\n<meta property=\"og:type\" content=\"article\" \/>\n<meta property=\"og:title\" content=\"Imprimant\u0103 multifunc\u0163ional\u0103 Xerox VersaLink C405 - Roxer Grup\" \/>\n<meta property=\"og:description\" content=\"Xerox VersaLink C405 \u2013 imprimant\u0103 multifunc\u021bional\u0103 color.\u00a0 Asistent inteligent pentru locul de munc\u0103, dotat cu tehnologia Xerox\u00ae ConnectKey\u00ae \u2022 Imprimare color \/ alb-negru cu asisten\u021b\u0103 pentru A4 \u2022 Ideal pentru echipe de lucru formate din 2 p\u00e2n\u0103 la 10 utilizatori \u2022 Asisten\u021b\u0103 pentru imprimarea de pe mobil \u0219i conectivitate \u00een cloud (Microsoft, Google, Evernote, Box, DropBox) \u2022 Calitate superioar\u0103 a imprim\u0103rii  \u2022 Single-Pass Duplex Automatic Document Feeder (DADF): 50 coli - Scanare dual\u0103 (fa\u0163\u0103+verso) la o singur\u0103 trecere  \u2022 Vitez\u0103 de imprimare de p\u00e2n\u0103 la 35 ppm color \/ mono \u2022 Procesor 1,05 GHz, Memorie 2 GB \u2022 Conectivitate USB 3.0, 10\/100\/1000 Base-T, NFC, op\u021bional Wi-Fi (497K16750) \u2022 Capacitate standard de alimentare de 700 de coli.  \u2022 P\u00e2n\u0103 la un total de 2 t\u0103vi alimentare: p\u00e2n\u0103 la 1100 coli cu preluare din t\u0103vile automate;  \u2022 Rezolu\u021bie nativ\u0103 de p\u00e2n\u0103 la 600 x 600 x 8 dpi \u2022 Xerox\u00ae Standard Accounting (imprimare), activarea contoriz\u0103rii \u00een re\u021bea, interfa\u021b\u0103 extern\u0103\" \/>\n<meta property=\"og:url\" content=\"https:\/\/www.roxer.ro\/dev\/echipament\/imprimanta-multifunctionala-xerox-versalink-c405\" \/>\n<meta property=\"og:site_name\" content=\"Roxer Grup\" \/>\n<meta property=\"article:modified_time\" content=\"2020-11-20T14:31:52+00:00\" \/>\n<meta property=\"og:image\" content=\"https:\/\/www.roxer.ro\/dev\/wp-content\/uploads\/2020\/07\/C405V_DN_OTHER1_1262x1555.jpg\" \/>\n\t<meta property=\"og:image:width\" content=\"1262\" \/>\n\t<meta property=\"og:image:height\" content=\"1555\" \/>\n\t<meta property=\"og:image:type\" content=\"image\/jpeg\" \/>\n<meta name=\"twitter:card\" content=\"summary_large_image\" \/>\n<meta name=\"twitter:label1\" content=\"Timp estimat pentru citire\" \/>\n\t<meta name=\"twitter:data1\" content=\"1 minut\" \/>\n<script type=\"application\/ld+json\" class=\"yoast-schema-graph\">{\"@context\":\"https:\/\/schema.org\",\"@graph\":[{\"@type\":\"WebPage\",\"@id\":\"https:\/\/www.roxer.ro\/dev\/echipament\/imprimanta-multifunctionala-xerox-versalink-c405\",\"url\":\"https:\/\/www.roxer.ro\/dev\/echipament\/imprimanta-multifunctionala-xerox-versalink-c405\",\"name\":\"Imprimant\u0103 multifunc\u0163ional\u0103 Xerox VersaLink C405 - Roxer Grup\",\"isPartOf\":{\"@id\":\"https:\/\/www.roxer.ro\/dev\/#website\"},\"datePublished\":\"2020-07-24T12:51:31+00:00\",\"dateModified\":\"2020-11-20T14:31:52+00:00\",\"breadcrumb\":{\"@id\":\"https:\/\/www.roxer.ro\/dev\/echipament\/imprimanta-multifunctionala-xerox-versalink-c405#breadcrumb\"},\"inLanguage\":\"ro-RO\",\"potentialAction\":[{\"@type\":\"ReadAction\",\"target\":[\"https:\/\/www.roxer.ro\/dev\/echipament\/imprimanta-multifunctionala-xerox-versalink-c405\"]}]},{\"@type\":\"BreadcrumbList\",\"@id\":\"https:\/\/www.roxer.ro\/dev\/echipament\/imprimanta-multifunctionala-xerox-versalink-c405#breadcrumb\",\"itemListElement\":[{\"@type\":\"ListItem\",\"position\":1,\"name\":\"Prima pagin\u0103\",\"item\":\"https:\/\/www.roxer.ro\/dev\/\"},{\"@type\":\"ListItem\",\"position\":2,\"name\":\"Echipamente\",\"item\":\"https:\/\/www.roxer.ro\/dev\/echipamente\"},{\"@type\":\"ListItem\",\"position\":3,\"name\":\"Imprimant\u0103 multifunc\u0163ional\u0103 Xerox VersaLink C405\"}]},{\"@type\":\"WebSite\",\"@id\":\"https:\/\/www.roxer.ro\/dev\/#website\",\"url\":\"https:\/\/www.roxer.ro\/dev\/\",\"name\":\"Roxer Grup\",\"description\":\"Xerox Cluj Napoca, Distribuitor Xerox Cluj, distribuitor Xerox S\u0103laj, distribuitor Xerox Bihor, distribuitor Xerox Maramure\u015f, distribuitor Xerox Bistri\u0163a N\u0103s\u0103ud, distribuitor Xerox Satu Mare\",\"publisher\":{\"@id\":\"https:\/\/www.roxer.ro\/dev\/#organization\"},\"potentialAction\":[{\"@type\":\"SearchAction\",\"target\":{\"@type\":\"EntryPoint\",\"urlTemplate\":\"https:\/\/www.roxer.ro\/dev\/?s={search_term_string}\"},\"query-input\":\"required name=search_term_string\"}],\"inLanguage\":\"ro-RO\"},{\"@type\":\"Organization\",\"@id\":\"https:\/\/www.roxer.ro\/dev\/#organization\",\"name\":\"Roxer Grup\",\"url\":\"https:\/\/www.roxer.ro\/dev\/\",\"logo\":{\"@type\":\"ImageObject\",\"inLanguage\":\"ro-RO\",\"@id\":\"https:\/\/www.roxer.ro\/dev\/#\/schema\/logo\/image\/\",\"url\":\"https:\/\/www.roxer.ro\/dev\/wp-content\/uploads\/2023\/05\/logo-roxer-1-e1684141209248.png\",\"contentUrl\":\"https:\/\/www.roxer.ro\/dev\/wp-content\/uploads\/2023\/05\/logo-roxer-1-e1684141209248.png\",\"width\":160,\"height\":57,\"caption\":\"Roxer Grup\"},\"image\":{\"@id\":\"https:\/\/www.roxer.ro\/dev\/#\/schema\/logo\/image\/\"}}]}<\/script>\n<!-- \/ Yoast SEO plugin. -->","yoast_head_json":{"title":"Imprimant\u0103 multifunc\u0163ional\u0103 Xerox VersaLink C405 - Roxer Grup","robots":{"index":"noindex","follow":"follow","max-snippet":"max-snippet:-1","max-image-preview":"max-image-preview:large","max-video-preview":"max-video-preview:-1"},"og_locale":"ro_RO","og_type":"article","og_title":"Imprimant\u0103 multifunc\u0163ional\u0103 Xerox VersaLink C405 - Roxer Grup","og_description":"Xerox VersaLink C405 \u2013 imprimant\u0103 multifunc\u021bional\u0103 color.\u00a0 Asistent inteligent pentru locul de munc\u0103, dotat cu tehnologia Xerox\u00ae ConnectKey\u00ae \u2022 Imprimare color \/ alb-negru cu asisten\u021b\u0103 pentru A4 \u2022 Ideal pentru echipe de lucru formate din 2 p\u00e2n\u0103 la 10 utilizatori \u2022 Asisten\u021b\u0103 pentru imprimarea de pe mobil \u0219i conectivitate \u00een cloud (Microsoft, Google, Evernote, Box, DropBox) \u2022 Calitate superioar\u0103 a imprim\u0103rii  \u2022 Single-Pass Duplex Automatic Document Feeder (DADF): 50 coli - Scanare dual\u0103 (fa\u0163\u0103+verso) la o singur\u0103 trecere  \u2022 Vitez\u0103 de imprimare de p\u00e2n\u0103 la 35 ppm color \/ mono \u2022 Procesor 1,05 GHz, Memorie 2 GB \u2022 Conectivitate USB 3.0, 10\/100\/1000 Base-T, NFC, op\u021bional Wi-Fi (497K16750) \u2022 Capacitate standard de alimentare de 700 de coli.  \u2022 P\u00e2n\u0103 la un total de 2 t\u0103vi alimentare: p\u00e2n\u0103 la 1100 coli cu preluare din t\u0103vile automate;  \u2022 Rezolu\u021bie nativ\u0103 de p\u00e2n\u0103 la 600 x 600 x 8 dpi \u2022 Xerox\u00ae Standard Accounting (imprimare), activarea contoriz\u0103rii \u00een re\u021bea, interfa\u021b\u0103 extern\u0103","og_url":"https:\/\/www.roxer.ro\/dev\/echipament\/imprimanta-multifunctionala-xerox-versalink-c405","og_site_name":"Roxer Grup","article_modified_time":"2020-11-20T14:31:52+00:00","og_image":[{"width":1262,"height":1555,"url":"https:\/\/www.roxer.ro\/dev\/wp-content\/uploads\/2020\/07\/C405V_DN_OTHER1_1262x1555.jpg","type":"image\/jpeg"}],"twitter_card":"summary_large_image","twitter_misc":{"Timp estimat pentru citire":"1 minut"},"schema":{"@context":"https:\/\/schema.org","@graph":[{"@type":"WebPage","@id":"https:\/\/www.roxer.ro\/dev\/echipament\/imprimanta-multifunctionala-xerox-versalink-c405","url":"https:\/\/www.roxer.ro\/dev\/echipament\/imprimanta-multifunctionala-xerox-versalink-c405","name":"Imprimant\u0103 multifunc\u0163ional\u0103 Xerox VersaLink C405 - Roxer Grup","isPartOf":{"@id":"https:\/\/www.roxer.ro\/dev\/#website"},"datePublished":"2020-07-24T12:51:31+00:00","dateModified":"2020-11-20T14:31:52+00:00","breadcrumb":{"@id":"https:\/\/www.roxer.ro\/dev\/echipament\/imprimanta-multifunctionala-xerox-versalink-c405#breadcrumb"},"inLanguage":"ro-RO","potentialAction":[{"@type":"ReadAction","target":["https:\/\/www.roxer.ro\/dev\/echipament\/imprimanta-multifunctionala-xerox-versalink-c405"]}]},{"@type":"BreadcrumbList","@id":"https:\/\/www.roxer.ro\/dev\/echipament\/imprimanta-multifunctionala-xerox-versalink-c405#breadcrumb","itemListElement":[{"@type":"ListItem","position":1,"name":"Prima pagin\u0103","item":"https:\/\/www.roxer.ro\/dev\/"},{"@type":"ListItem","position":2,"name":"Echipamente","item":"https:\/\/www.roxer.ro\/dev\/echipamente"},{"@type":"ListItem","position":3,"name":"Imprimant\u0103 multifunc\u0163ional\u0103 Xerox VersaLink C405"}]},{"@type":"WebSite","@id":"https:\/\/www.roxer.ro\/dev\/#website","url":"https:\/\/www.roxer.ro\/dev\/","name":"Roxer Grup","description":"Xerox Cluj Napoca, Distribuitor Xerox Cluj, distribuitor Xerox S\u0103laj, distribuitor Xerox Bihor, distribuitor Xerox Maramure\u015f, distribuitor Xerox Bistri\u0163a N\u0103s\u0103ud, distribuitor Xerox Satu Mare","publisher":{"@id":"https:\/\/www.roxer.ro\/dev\/#organization"},"potentialAction":[{"@type":"SearchAction","target":{"@type":"EntryPoint","urlTemplate":"https:\/\/www.roxer.ro\/dev\/?s={search_term_string}"},"query-input":"required name=search_term_string"}],"inLanguage":"ro-RO"},{"@type":"Organization","@id":"https:\/\/www.roxer.ro\/dev\/#organization","name":"Roxer Grup","url":"https:\/\/www.roxer.ro\/dev\/","logo":{"@type":"ImageObject","inLanguage":"ro-RO","@id":"https:\/\/www.roxer.ro\/dev\/#\/schema\/logo\/image\/","url":"https:\/\/www.roxer.ro\/dev\/wp-content\/uploads\/2023\/05\/logo-roxer-1-e1684141209248.png","contentUrl":"https:\/\/www.roxer.ro\/dev\/wp-content\/uploads\/2023\/05\/logo-roxer-1-e1684141209248.png","width":160,"height":57,"caption":"Roxer Grup"},"image":{"@id":"https:\/\/www.roxer.ro\/dev\/#\/schema\/logo\/image\/"}}]}},"_links":{"self":[{"href":"https:\/\/www.roxer.ro\/dev\/wp-json\/wp\/v2\/product\/4220"}],"collection":[{"href":"https:\/\/www.roxer.ro\/dev\/wp-json\/wp\/v2\/product"}],"about":[{"href":"https:\/\/www.roxer.ro\/dev\/wp-json\/wp\/v2\/types\/product"}],"wp:featuredmedia":[{"embeddable":true,"href":"https:\/\/www.roxer.ro\/dev\/wp-json\/wp\/v2\/media\/4293"}],"wp:attachment":[{"href":"https:\/\/www.roxer.ro\/dev\/wp-json\/wp\/v2\/media?parent=4220"}],"wp:term":[{"taxonomy":"product_cat","embeddable":true,"href":"https:\/\/www.roxer.ro\/dev\/wp-json\/wp\/v2\/product_cat?post=4220"},{"taxonomy":"product_tag","embeddable":true,"href":"https:\/\/www.roxer.ro\/dev\/wp-json\/wp\/v2\/product_tag?post=4220"}],"curies":[{"name":"wp","href":"https:\/\/api.w.org\/{rel}","templated":true}]}}