{"id":4302,"date":"2019-07-26T04:13:02","date_gmt":"2019-07-26T04:13:02","guid":{"rendered":"https:\/\/firstdesign.ro\/roxer\/?post_type=product&#038;p=4302"},"modified":"2021-10-14T11:16:37","modified_gmt":"2021-10-14T11:16:37","slug":"imprimanta-monocrom-xerox-workcentre-3330","status":"publish","type":"product","link":"https:\/\/www.roxer.ro\/dev\/echipament\/imprimanta-monocrom-xerox-workcentre-3330","title":{"rendered":"Imprimant\u0103 monocrom Xerox WorkCentre 3330"},"content":{"rendered":"<p><iframe loading=\"lazy\" title=\"Meet the Xerox Phaser 3330 Printer\" width=\"1200\" height=\"675\" src=\"https:\/\/www.youtube.com\/embed\/6g1ctP2hzH4?feature=oembed\" frameborder=\"0\" allow=\"accelerometer; autoplay; clipboard-write; encrypted-media; gyroscope; picture-in-picture\" allowfullscreen><\/iframe><\/p>\n<div class=\"xrx-fw-css-grid-container\">\n<div class=\"xrx-fw-css-grid-row xrx-be-product-components-wrapper\">\n<div id=\"Model-Configuration\" class=\"xrx-fw-product-component-wrapper xrx-fw-product-component-wrapper--align-center \">\n<div class=\"xrx-fw-compare-table\" data-items-per-page=\"1\" data-item-count=\"1\" data-xrx-fw-base-lid=\"model-configuration\" data-xrx-fw-scrollbar-width=\"true\" data-item=\"0\">\n<div class=\"xrx-fw-compare-table__wrapper\">\n<div class=\"xrx-fw-compare-table__scroll-wrapper\">\n<div class=\"xrx-fw-compare-table__scroll\">\n<table class=\"xrx-fw-compare-table__table xrx-fw-compare-table__table--desktop\">\n<thead>\n<tr>\n<th>Model<\/th>\n<td>3330V_DNI<\/td>\n<\/tr>\n<\/thead>\n<tbody>\n<tr>\n<th>Vitez\u0103 de imprimare<\/th>\n<td>p\u00e2n\u0103 la 40 ppm<\/td>\n<\/tr>\n<tr>\n<th>Ciclu de func\u021bionare<\/th>\n<td>P\u00e2n\u0103 la\u00a0<span dir=\"ltr\">80 000<\/span>\u00a0imagini\/lun\u0103<\/p>\n<div class=\"xrx-fw-disclaimer-mark\"><sup>\u24d8<\/sup><\/div>\n<\/td>\n<\/tr>\n<tr>\n<th>Volum de imprimare lunar recomandat<\/th>\n<td>P\u00e2n\u0103 la\u00a0<span dir=\"ltr\">6 000<\/span>\u00a0de pagini<\/td>\n<\/tr>\n<tr>\n<th>Imprimare fa\u021b\u0103-verso<\/th>\n<td>Standard<\/td>\n<\/tr>\n<tr>\n<th>Momentul ie\u0219irii primei pagini, imprimare<\/th>\n<td>P\u00e2n\u0103 la 6.5 secunde<\/td>\n<\/tr>\n<tr>\n<th>Rezolu\u021bie maxim\u0103 de imprimare<\/th>\n<td>600 x 600 dpi (Calitate \u00eembun\u0103t\u0103\u021bit\u0103 a imaginii de p\u00e2n\u0103 la 1200 x 1200)<\/td>\n<\/tr>\n<tr>\n<th>Frecven\u021ba procesor<\/th>\n<td>1.0 GHz<\/td>\n<\/tr>\n<tr>\n<th>Memorie de imprimare (standard\/maxim\u0103)<\/th>\n<td>512 MB \/ 512 MB<\/td>\n<\/tr>\n<tr>\n<th>Conectivitate<\/th>\n<td>10\/100\/1000 BaseT Ethernet, USB 2.0, Wi-Fi<\/td>\n<\/tr>\n<tr>\n<th>Limbi descriere pagin<\/th>\n<td>JPEG, PCL<sup>\u00ae<\/sup>\u00a05e, PCL<sup>\u00ae<\/sup>\u00a06, PDF Direct, PostScript 3 compatible, TIFF<\/td>\n<\/tr>\n<tr>\n<th>Caracteristici de imprimare<\/th>\n<td>Automatic 2-sided, Booklet printing, Cola\u021bionare, Custom page size, Mod editare, Earth Smart, Fit-to-page, Job scheduling, MICR, N-up, Poster printing, Imprimare de pe USB, Print from local drive, Save, Save and Print, Scalare, Watermarks<\/td>\n<\/tr>\n<tr>\n<th>Imprimare mobil\u0103<\/th>\n<td><a href=\"https:\/\/www.office.xerox.com\/software-solutions\/apple-airprint\/roro.html\">Apple<sup>\u00ae<\/sup>\u00a0AirPrint<sup>\u2122<\/sup><\/a>,\u00a0<a href=\"https:\/\/www.office.xerox.com\/software-solutions\/google-cloud-print\/roro.html\">Google Cloud Print<sup>\u2122<\/sup><\/a>, WiFi Direct (optional:\u00a0<a href=\"https:\/\/www.office.xerox.com\/software-solutions\/xerox-print-service\/roro.html\">Xerox<sup>\u00ae<\/sup>\u00a0Print Service Plug-in for Android<sup>\u2122<\/sup><\/a>)<\/td>\n<\/tr>\n<\/tbody>\n<\/table>\n<\/div>\n<\/div>\n<\/div>\n<div class=\"xrx-fw-compare-table__navigation-wrapper xrx-fw-compare-table__navigation-wrapper--next\"><\/div>\n<\/div>\n<\/div>\n<\/div>\n<\/div>\n<div class=\"xrx-fw-css-grid-container\">\n<div class=\"xrx-fw-css-grid-row xrx-be-product-components-wrapper\">\n<div id=\"Device-Management\" class=\"xrx-fw-product-component-wrapper xrx-fw-product-component-wrapper--align-center \">\n<div class=\"xrx-fw-product-component-wrapper__title\">\n<h2>Device Management<\/h2>\n<\/div>\n<div class=\"xrx-fw-spec-table \">\n<table>\n<tbody>\n<tr>\n<th>Device management features<\/th>\n<td>Apple<sup>\u00ae<\/sup>\u00a0Bonjour, Alerte e-mail, Xerox<sup>\u00ae<\/sup>\u00a0CentreWare<sup>\u00ae<\/sup>\u00a0Internet Services, Xerox<sup>\u00ae<\/sup>\u00a0CentreWare<sup>\u00ae<\/sup>\u00a0Web<\/td>\n<\/tr>\n<\/tbody>\n<\/table>\n<\/div>\n<\/div>\n<\/div>\n<\/div>\n<div class=\"xrx-fw-css-grid-container\">\n<div class=\"xrx-fw-css-grid-row xrx-be-product-components-wrapper\">\n<div id=\"Print-Drivers\" class=\"xrx-fw-product-component-wrapper xrx-fw-product-component-wrapper--align-center \">\n<div class=\"xrx-fw-product-component-wrapper__title\">\n<h2>Print Drivers<\/h2>\n<\/div>\n<div class=\"xrx-fw-spec-table \">\n<table>\n<tbody>\n<tr>\n<th>Asisten\u021b\u0103 tehnic\u0103 SO<\/th>\n<td>Mac OS<sup>\u00ae<\/sup>\u00a0version 10.8 and later, Windows<sup>\u00ae<\/sup>\u00a0Vista<sup>\u00ae<\/sup>\u00a0and later, Xerox<sup>\u00ae<\/sup>\u00a0Global Print Driver<sup>\u00ae<\/sup>, Xerox<sup>\u00ae<\/sup>\u00a0Mobile Express Driver<sup>\u00ae<\/sup>, various Linux<sup>\u00ae<\/sup>\u00a0and Unix<sup>\u00ae<\/sup>\u00a0distributions<\/td>\n<\/tr>\n<\/tbody>\n<\/table>\n<\/div>\n<\/div>\n<\/div>\n<\/div>\n<div class=\"xrx-fw-css-grid-container\">\n<div class=\"xrx-fw-css-grid-row xrx-be-product-components-wrapper\">\n<div id=\"Paper-handling\" class=\"xrx-fw-product-component-wrapper xrx-fw-product-component-wrapper--align-center \">\n<div class=\"xrx-fw-product-component-wrapper__title\">\n<h2>Paper handling<\/h2>\n<\/div>\n<div class=\"xrx-fw-spec-table \">\n<table>\n<tbody>\n<tr>\n<th>Capacitatea de ie\u0219ire<\/th>\n<td><span dir=\"ltr\">150<\/span>\u00a0coli<\/td>\n<\/tr>\n<tr>\n<th>Capacitate h\u00e2rtie<\/th>\n<td><strong>Tray\u00a0<\/strong>(Bypass tray):\u00a0<span dir=\"ltr\">50<\/span>\u00a0coli<br \/>\n<strong>Tray 1<\/strong>:\u00a0<span dir=\"ltr\">250<\/span>\u00a0coli<br \/>\n<strong>Tray\u00a0<\/strong>(op\u021bional):\u00a0<span dir=\"ltr\">550<\/span>\u00a0coli<\/td>\n<\/tr>\n<tr>\n<th>Dimensiune h\u00e2rtie<\/th>\n<td><strong>Tray\u00a0<\/strong>(Bypass tray): Custom sizes: 76 x 127 mm to 216 x 356 mm<br \/>\n<strong>Tray 1<\/strong>: Custom sizes: 99 x 147 mm to 216 x 356 mm<br \/>\n<strong>Tray\u00a0<\/strong>(op\u021bional): Custom sizes: 76 x 127 mm to 216 x 356 mm<\/td>\n<\/tr>\n<\/tbody>\n<\/table>\n<\/div>\n<\/div>\n<\/div>\n<\/div>\n<div class=\"xrx-fw-css-grid-container\">\n<div class=\"xrx-fw-css-grid-row xrx-be-product-components-wrapper\">\n<div id=\"Securitatea\" class=\"xrx-fw-product-component-wrapper xrx-fw-product-component-wrapper--align-center \">\n<div class=\"xrx-fw-product-component-wrapper__title\">\n<h2>Securitatea<\/h2>\n<\/div>\n<div class=\"xrx-fw-spec-table \">\n<table>\n<tbody>\n<tr>\n<th>Func\u021bionalit\u0103\u021bi de securitate<\/th>\n<td>IP filtering, IPSec, IPv6, SNMPv3, SSL, Secure HTTPS (SSL\/TLS), Secure IPP, WEP (64-\/128-bit), WPA\/WPA2-Enterprise, WPA\/WPA2-Personal, WPA2-PSK (AES)<\/td>\n<\/tr>\n<\/tbody>\n<\/table>\n<\/div>\n<\/div>\n<\/div>\n<\/div>\n<div class=\"xrx-fw-css-grid-container\">\n<div class=\"xrx-fw-css-grid-row xrx-be-product-components-wrapper\">\n<div id=\"Operating-Environment\" class=\"xrx-fw-product-component-wrapper xrx-fw-product-component-wrapper--align-center \">\n<div class=\"xrx-fw-product-component-wrapper__title\">\n<h2>Operating Environment<\/h2>\n<\/div>\n<div class=\"xrx-fw-spec-table \">\n<table>\n<tbody>\n<tr>\n<th>Temperature (operating)<\/th>\n<td>10 &#8211; 32 \u00b0 C<\/td>\n<\/tr>\n<tr>\n<th>Temperature (non-operating)<\/th>\n<td>40 &#8211; \u00b0 C<\/td>\n<\/tr>\n<tr>\n<th>Relative humidity (operating)<\/th>\n<td>20 &#8211; 80 % RH (noncondensing)<\/td>\n<\/tr>\n<tr>\n<th>Sound pressure levels<\/th>\n<td>54 dB (operating), 26 dB (standby)<\/td>\n<\/tr>\n<tr>\n<th>Warm-up time (from power save mode)<\/th>\n<td><span dir=\"ltr\">35<\/span>\u00a0secunde<\/td>\n<\/tr>\n<\/tbody>\n<\/table>\n<\/div>\n<\/div>\n<\/div>\n<\/div>\n<div class=\"xrx-fw-css-grid-container\">\n<div class=\"xrx-fw-css-grid-row xrx-be-product-components-wrapper\">\n<div id=\"Electrical\" class=\"xrx-fw-product-component-wrapper xrx-fw-product-component-wrapper--align-center \">\n<div class=\"xrx-fw-product-component-wrapper__title\">\n<h2>Electrical<\/h2>\n<\/div>\n<div class=\"xrx-fw-spec-table \">\n<table>\n<tbody>\n<tr>\n<th>Power consumption<\/th>\n<td>Operare:\u00a0<span dir=\"ltr\">700<\/span>\u00a0W<br \/>\n\u00cen a\u0219teptare:\u00a0<span dir=\"ltr\">50<\/span>\u00a0W<br \/>\nEconomisire energie:\u00a0<span dir=\"ltr\">3.5<\/span>\u00a0W<\/td>\n<\/tr>\n<tr>\n<th>ENERGY STAR<\/th>\n<td>ENERGY STAR<sup>\u00ae<\/sup>\u00a0qualified<\/td>\n<\/tr>\n<\/tbody>\n<\/table>\n<\/div>\n<\/div>\n<\/div>\n<\/div>\n<div class=\"xrx-fw-css-grid-container\">\n<div class=\"xrx-fw-css-grid-row xrx-be-product-components-wrapper\">\n<div id=\"Dimensiuni\" class=\"xrx-fw-product-component-wrapper xrx-fw-product-component-wrapper--align-center \">\n<div class=\"xrx-fw-product-component-wrapper__title\">\n<h2>Dimensiuni<\/h2>\n<\/div>\n<div class=\"xrx-fw-spec-table \">\n<table>\n<tbody>\n<tr>\n<th>Dimensions (WxDxH)<\/th>\n<td>366 x 366 x 290 mm<\/td>\n<\/tr>\n<tr>\n<th>Greutate<\/th>\n<td><span dir=\"ltr\">9.9<\/span>\u00a0kg<\/td>\n<\/tr>\n<\/tbody>\n<\/table>\n<\/div>\n<\/div>\n<\/div>\n<\/div>\n<div class=\"xrx-fw-css-grid-container\">\n<div class=\"xrx-fw-css-grid-row xrx-be-product-components-wrapper\">\n<div id=\"Certific\u0103ri\" class=\"xrx-fw-product-component-wrapper xrx-fw-product-component-wrapper--align-center \">\n<div class=\"xrx-fw-product-component-wrapper__title\">\n<h2>Certific\u0103ri<\/h2>\n<\/div>\n<div class=\"xrx-fw-spec-table \">\n<table>\n<tbody>\n<tr>\n<th>Certific\u0103ri<\/th>\n<td>CE Mark applicable to Low Voltage Directive (2006\/95\/EC), EMC Directive 2004\/108\/EC, FCC Part 15, Class B, FCC Part 68, GOST, GS Mark, R&amp;TTE Directive 1999\/5\/EC, UL 60950-1\/CSA 60950-1-07, 2nd Edition<\/td>\n<\/tr>\n<tr>\n<th>Sustenabilitate<\/th>\n<td><a href=\"https:\/\/www.xerox.com\/ro-ro\/about\/ehs\/eco-label\">EPEAT<\/a><\/td>\n<\/tr>\n<\/tbody>\n<\/table>\n<\/div>\n<\/div>\n<\/div>\n<\/div>\n<p>&nbsp;<\/p>\n","protected":false},"excerpt":{"rendered":"<p>Imprimant\u0103 alb-negru cu suport pentru h\u00e2rtie tip Letter-Legal\/A4<br \/>\nPerfect\u0103 pentru lucrul \u00een echipe de la 1 p\u00e2n\u0103 la 10 utilizatori<br \/>\nCartu\u015fele originale, de foarte bun\u0103 calitate, reduc costul total \u015fi necesit\u0103 o \u00eenlocuire mai rar\u0103<br \/>\nModelul standard este prev\u0103zut cu conectivitate WiFi<br \/>\nVolum lunar recomandat de tip\u0103rire: p\u00e2n\u0103 la 6 000 pagini pe lun\u0103<br \/>\nVitez\u0103: p\u00e2n\u0103 la 40 ppm<\/p>\n","protected":false},"featured_media":4303,"template":"","meta":[],"product_cat":[15,109],"product_tag":[311,310],"yoast_head":"<!-- This site is optimized with the Yoast SEO plugin v20.3 - https:\/\/yoast.com\/wordpress\/plugins\/seo\/ -->\n<title>Imprimant\u0103 monocrom Xerox WorkCentre 3330 - Roxer Grup<\/title>\n<meta name=\"robots\" content=\"noindex, follow, max-snippet:-1, max-image-preview:large, max-video-preview:-1\" \/>\n<meta property=\"og:locale\" content=\"ro_RO\" \/>\n<meta property=\"og:type\" content=\"article\" \/>\n<meta property=\"og:title\" content=\"Imprimant\u0103 monocrom Xerox WorkCentre 3330 - Roxer Grup\" \/>\n<meta property=\"og:description\" content=\"Imprimant\u0103 alb-negru cu suport pentru h\u00e2rtie tip Letter-Legal\/A4 Perfect\u0103 pentru lucrul \u00een echipe de la 1 p\u00e2n\u0103 la 10 utilizatori Cartu\u015fele originale, de foarte bun\u0103 calitate, reduc costul total \u015fi necesit\u0103 o \u00eenlocuire mai rar\u0103 Modelul standard este prev\u0103zut cu conectivitate WiFi Volum lunar recomandat de tip\u0103rire: p\u00e2n\u0103 la 6 000 pagini pe lun\u0103 Vitez\u0103: p\u00e2n\u0103 la 40 ppm\" \/>\n<meta property=\"og:url\" content=\"https:\/\/www.roxer.ro\/dev\/echipament\/imprimanta-monocrom-xerox-workcentre-3330\" \/>\n<meta property=\"og:site_name\" content=\"Roxer Grup\" \/>\n<meta property=\"article:modified_time\" content=\"2021-10-14T11:16:37+00:00\" \/>\n<meta property=\"og:image\" content=\"https:\/\/www.roxer.ro\/dev\/wp-content\/uploads\/2020\/07\/XEROX-WORKCENTRE-3330-UP.jpg\" \/>\n\t<meta property=\"og:image:width\" content=\"1200\" \/>\n\t<meta property=\"og:image:height\" content=\"1500\" \/>\n\t<meta property=\"og:image:type\" content=\"image\/jpeg\" \/>\n<meta name=\"twitter:card\" content=\"summary_large_image\" \/>\n<meta name=\"twitter:label1\" content=\"Timp estimat pentru citire\" \/>\n\t<meta name=\"twitter:data1\" content=\"2 minute\" \/>\n<script type=\"application\/ld+json\" class=\"yoast-schema-graph\">{\"@context\":\"https:\/\/schema.org\",\"@graph\":[{\"@type\":\"WebPage\",\"@id\":\"https:\/\/www.roxer.ro\/dev\/echipament\/imprimanta-monocrom-xerox-workcentre-3330\",\"url\":\"https:\/\/www.roxer.ro\/dev\/echipament\/imprimanta-monocrom-xerox-workcentre-3330\",\"name\":\"Imprimant\u0103 monocrom Xerox WorkCentre 3330 - Roxer Grup\",\"isPartOf\":{\"@id\":\"https:\/\/www.roxer.ro\/dev\/#website\"},\"datePublished\":\"2019-07-26T04:13:02+00:00\",\"dateModified\":\"2021-10-14T11:16:37+00:00\",\"breadcrumb\":{\"@id\":\"https:\/\/www.roxer.ro\/dev\/echipament\/imprimanta-monocrom-xerox-workcentre-3330#breadcrumb\"},\"inLanguage\":\"ro-RO\",\"potentialAction\":[{\"@type\":\"ReadAction\",\"target\":[\"https:\/\/www.roxer.ro\/dev\/echipament\/imprimanta-monocrom-xerox-workcentre-3330\"]}]},{\"@type\":\"BreadcrumbList\",\"@id\":\"https:\/\/www.roxer.ro\/dev\/echipament\/imprimanta-monocrom-xerox-workcentre-3330#breadcrumb\",\"itemListElement\":[{\"@type\":\"ListItem\",\"position\":1,\"name\":\"Prima pagin\u0103\",\"item\":\"https:\/\/www.roxer.ro\/dev\/\"},{\"@type\":\"ListItem\",\"position\":2,\"name\":\"Echipamente\",\"item\":\"https:\/\/www.roxer.ro\/dev\/echipamente\"},{\"@type\":\"ListItem\",\"position\":3,\"name\":\"Imprimant\u0103 monocrom Xerox WorkCentre 3330\"}]},{\"@type\":\"WebSite\",\"@id\":\"https:\/\/www.roxer.ro\/dev\/#website\",\"url\":\"https:\/\/www.roxer.ro\/dev\/\",\"name\":\"Roxer Grup\",\"description\":\"Xerox Cluj Napoca, Distribuitor Xerox Cluj, distribuitor Xerox S\u0103laj, distribuitor Xerox Bihor, distribuitor Xerox Maramure\u015f, distribuitor Xerox Bistri\u0163a N\u0103s\u0103ud, distribuitor Xerox Satu Mare\",\"publisher\":{\"@id\":\"https:\/\/www.roxer.ro\/dev\/#organization\"},\"potentialAction\":[{\"@type\":\"SearchAction\",\"target\":{\"@type\":\"EntryPoint\",\"urlTemplate\":\"https:\/\/www.roxer.ro\/dev\/?s={search_term_string}\"},\"query-input\":\"required name=search_term_string\"}],\"inLanguage\":\"ro-RO\"},{\"@type\":\"Organization\",\"@id\":\"https:\/\/www.roxer.ro\/dev\/#organization\",\"name\":\"Roxer Grup\",\"url\":\"https:\/\/www.roxer.ro\/dev\/\",\"logo\":{\"@type\":\"ImageObject\",\"inLanguage\":\"ro-RO\",\"@id\":\"https:\/\/www.roxer.ro\/dev\/#\/schema\/logo\/image\/\",\"url\":\"https:\/\/www.roxer.ro\/dev\/wp-content\/uploads\/2023\/05\/logo-roxer-1-e1684141209248.png\",\"contentUrl\":\"https:\/\/www.roxer.ro\/dev\/wp-content\/uploads\/2023\/05\/logo-roxer-1-e1684141209248.png\",\"width\":160,\"height\":57,\"caption\":\"Roxer Grup\"},\"image\":{\"@id\":\"https:\/\/www.roxer.ro\/dev\/#\/schema\/logo\/image\/\"}}]}<\/script>\n<!-- \/ Yoast SEO plugin. -->","yoast_head_json":{"title":"Imprimant\u0103 monocrom Xerox WorkCentre 3330 - Roxer Grup","robots":{"index":"noindex","follow":"follow","max-snippet":"max-snippet:-1","max-image-preview":"max-image-preview:large","max-video-preview":"max-video-preview:-1"},"og_locale":"ro_RO","og_type":"article","og_title":"Imprimant\u0103 monocrom Xerox WorkCentre 3330 - Roxer Grup","og_description":"Imprimant\u0103 alb-negru cu suport pentru h\u00e2rtie tip Letter-Legal\/A4 Perfect\u0103 pentru lucrul \u00een echipe de la 1 p\u00e2n\u0103 la 10 utilizatori Cartu\u015fele originale, de foarte bun\u0103 calitate, reduc costul total \u015fi necesit\u0103 o \u00eenlocuire mai rar\u0103 Modelul standard este prev\u0103zut cu conectivitate WiFi Volum lunar recomandat de tip\u0103rire: p\u00e2n\u0103 la 6 000 pagini pe lun\u0103 Vitez\u0103: p\u00e2n\u0103 la 40 ppm","og_url":"https:\/\/www.roxer.ro\/dev\/echipament\/imprimanta-monocrom-xerox-workcentre-3330","og_site_name":"Roxer Grup","article_modified_time":"2021-10-14T11:16:37+00:00","og_image":[{"width":1200,"height":1500,"url":"https:\/\/www.roxer.ro\/dev\/wp-content\/uploads\/2020\/07\/XEROX-WORKCENTRE-3330-UP.jpg","type":"image\/jpeg"}],"twitter_card":"summary_large_image","twitter_misc":{"Timp estimat pentru citire":"2 minute"},"schema":{"@context":"https:\/\/schema.org","@graph":[{"@type":"WebPage","@id":"https:\/\/www.roxer.ro\/dev\/echipament\/imprimanta-monocrom-xerox-workcentre-3330","url":"https:\/\/www.roxer.ro\/dev\/echipament\/imprimanta-monocrom-xerox-workcentre-3330","name":"Imprimant\u0103 monocrom Xerox WorkCentre 3330 - Roxer Grup","isPartOf":{"@id":"https:\/\/www.roxer.ro\/dev\/#website"},"datePublished":"2019-07-26T04:13:02+00:00","dateModified":"2021-10-14T11:16:37+00:00","breadcrumb":{"@id":"https:\/\/www.roxer.ro\/dev\/echipament\/imprimanta-monocrom-xerox-workcentre-3330#breadcrumb"},"inLanguage":"ro-RO","potentialAction":[{"@type":"ReadAction","target":["https:\/\/www.roxer.ro\/dev\/echipament\/imprimanta-monocrom-xerox-workcentre-3330"]}]},{"@type":"BreadcrumbList","@id":"https:\/\/www.roxer.ro\/dev\/echipament\/imprimanta-monocrom-xerox-workcentre-3330#breadcrumb","itemListElement":[{"@type":"ListItem","position":1,"name":"Prima pagin\u0103","item":"https:\/\/www.roxer.ro\/dev\/"},{"@type":"ListItem","position":2,"name":"Echipamente","item":"https:\/\/www.roxer.ro\/dev\/echipamente"},{"@type":"ListItem","position":3,"name":"Imprimant\u0103 monocrom Xerox WorkCentre 3330"}]},{"@type":"WebSite","@id":"https:\/\/www.roxer.ro\/dev\/#website","url":"https:\/\/www.roxer.ro\/dev\/","name":"Roxer Grup","description":"Xerox Cluj Napoca, Distribuitor Xerox Cluj, distribuitor Xerox S\u0103laj, distribuitor Xerox Bihor, distribuitor Xerox Maramure\u015f, distribuitor Xerox Bistri\u0163a N\u0103s\u0103ud, distribuitor Xerox Satu Mare","publisher":{"@id":"https:\/\/www.roxer.ro\/dev\/#organization"},"potentialAction":[{"@type":"SearchAction","target":{"@type":"EntryPoint","urlTemplate":"https:\/\/www.roxer.ro\/dev\/?s={search_term_string}"},"query-input":"required name=search_term_string"}],"inLanguage":"ro-RO"},{"@type":"Organization","@id":"https:\/\/www.roxer.ro\/dev\/#organization","name":"Roxer Grup","url":"https:\/\/www.roxer.ro\/dev\/","logo":{"@type":"ImageObject","inLanguage":"ro-RO","@id":"https:\/\/www.roxer.ro\/dev\/#\/schema\/logo\/image\/","url":"https:\/\/www.roxer.ro\/dev\/wp-content\/uploads\/2023\/05\/logo-roxer-1-e1684141209248.png","contentUrl":"https:\/\/www.roxer.ro\/dev\/wp-content\/uploads\/2023\/05\/logo-roxer-1-e1684141209248.png","width":160,"height":57,"caption":"Roxer Grup"},"image":{"@id":"https:\/\/www.roxer.ro\/dev\/#\/schema\/logo\/image\/"}}]}},"_links":{"self":[{"href":"https:\/\/www.roxer.ro\/dev\/wp-json\/wp\/v2\/product\/4302"}],"collection":[{"href":"https:\/\/www.roxer.ro\/dev\/wp-json\/wp\/v2\/product"}],"about":[{"href":"https:\/\/www.roxer.ro\/dev\/wp-json\/wp\/v2\/types\/product"}],"wp:featuredmedia":[{"embeddable":true,"href":"https:\/\/www.roxer.ro\/dev\/wp-json\/wp\/v2\/media\/4303"}],"wp:attachment":[{"href":"https:\/\/www.roxer.ro\/dev\/wp-json\/wp\/v2\/media?parent=4302"}],"wp:term":[{"taxonomy":"product_cat","embeddable":true,"href":"https:\/\/www.roxer.ro\/dev\/wp-json\/wp\/v2\/product_cat?post=4302"},{"taxonomy":"product_tag","embeddable":true,"href":"https:\/\/www.roxer.ro\/dev\/wp-json\/wp\/v2\/product_tag?post=4302"}],"curies":[{"name":"wp","href":"https:\/\/api.w.org\/{rel}","templated":true}]}}