{"id":4319,"date":"2020-07-26T04:30:00","date_gmt":"2020-07-26T04:30:00","guid":{"rendered":"https:\/\/firstdesign.ro\/roxer\/?post_type=product&#038;p=4319"},"modified":"2021-11-01T09:46:32","modified_gmt":"2021-11-01T09:46:32","slug":"imprimanta-xerox-b210","status":"publish","type":"product","link":"https:\/\/www.roxer.ro\/dev\/echipament\/imprimanta-xerox-b210","title":{"rendered":"Imprimant\u0103 Xerox B210"},"content":{"rendered":"<p><iframe loading=\"lazy\" title=\"Introducing the Xerox\u00ae B205\/B210\/B215 Printers\" width=\"1200\" height=\"675\" src=\"https:\/\/www.youtube.com\/embed\/KNjgrQbD0Ng?feature=oembed\" frameborder=\"0\" allow=\"accelerometer; autoplay; clipboard-write; encrypted-media; gyroscope; picture-in-picture\" allowfullscreen><\/iframe><\/p>\n","protected":false},"excerpt":{"rendered":"<div class=\"column half\"><strong>Xerox\u00ae B210 Printer<\/strong><br \/>\n<a href=\"https:\/\/www.roxer.ro\/echipament\/xerox-b230-imprimanta-a4-monocrom\">\u00cenlocuit\u0103 de imprimanta Xerox B230<\/a><br \/>\n3260V_DNI<br \/>\nInterfa\u021b\u0103: ecran LED<br \/>\nConectivitate: Wi-Fi integrat\u0103<br \/>\nImprimare direct\u0103 USB\/Disc extern: da<br \/>\nVitez\u0103: 30 ppm alb-negru \u00een format A4<br \/>\nImprimare fa\u021b\u0103-verso:da<br \/>\nRezolu\u021bie:1200 x 1200 dpi \u00eembun\u0103t\u0103\u021bit\u0103<br \/>\nDimensiuni: 368 x 334,5 x 213,4 mm<br \/>\nGreutate: 7,56 kg<\/div>\n<div><em>A \u00eenlocuit imprimanta Xerox Phaser 3260<\/em><\/div>\n","protected":false},"featured_media":5362,"template":"","meta":[],"product_cat":[15,109],"product_tag":[],"yoast_head":"<!-- This site is optimized with the Yoast SEO plugin v20.3 - https:\/\/yoast.com\/wordpress\/plugins\/seo\/ -->\n<title>Imprimant\u0103 Xerox B210 - Roxer Grup<\/title>\n<meta name=\"robots\" content=\"noindex, follow, max-snippet:-1, max-image-preview:large, max-video-preview:-1\" \/>\n<meta property=\"og:locale\" content=\"ro_RO\" \/>\n<meta property=\"og:type\" content=\"article\" \/>\n<meta property=\"og:title\" content=\"Imprimant\u0103 Xerox B210 - Roxer Grup\" \/>\n<meta property=\"og:description\" content=\"Xerox\u00ae B210 Printer \u00cenlocuit\u0103 de imprimanta Xerox B230 3260V_DNI Interfa\u021b\u0103: ecran LED Conectivitate: Wi-Fi integrat\u0103 Imprimare direct\u0103 USB\/Disc extern: da Vitez\u0103: 30 ppm alb-negru \u00een format A4 Imprimare fa\u021b\u0103-verso:da Rezolu\u021bie:1200 x 1200 dpi \u00eembun\u0103t\u0103\u021bit\u0103 Dimensiuni: 368 x 334,5 x 213,4 mm Greutate: 7,56 kg A \u00eenlocuit imprimanta Xerox Phaser 3260\" \/>\n<meta property=\"og:url\" content=\"https:\/\/www.roxer.ro\/dev\/echipament\/imprimanta-xerox-b210\" \/>\n<meta property=\"og:site_name\" content=\"Roxer Grup\" \/>\n<meta property=\"article:modified_time\" content=\"2021-11-01T09:46:32+00:00\" \/>\n<meta property=\"og:image\" content=\"https:\/\/www.roxer.ro\/dev\/wp-content\/uploads\/2020\/07\/imprimanta-xerox-b210-ok-scaled.jpg\" \/>\n\t<meta property=\"og:image:width\" content=\"2560\" \/>\n\t<meta property=\"og:image:height\" content=\"2560\" \/>\n\t<meta property=\"og:image:type\" content=\"image\/jpeg\" \/>\n<meta name=\"twitter:card\" content=\"summary_large_image\" \/>\n<script type=\"application\/ld+json\" class=\"yoast-schema-graph\">{\"@context\":\"https:\/\/schema.org\",\"@graph\":[{\"@type\":\"WebPage\",\"@id\":\"https:\/\/www.roxer.ro\/dev\/echipament\/imprimanta-xerox-b210\",\"url\":\"https:\/\/www.roxer.ro\/dev\/echipament\/imprimanta-xerox-b210\",\"name\":\"Imprimant\u0103 Xerox B210 - Roxer Grup\",\"isPartOf\":{\"@id\":\"https:\/\/www.roxer.ro\/dev\/#website\"},\"datePublished\":\"2020-07-26T04:30:00+00:00\",\"dateModified\":\"2021-11-01T09:46:32+00:00\",\"breadcrumb\":{\"@id\":\"https:\/\/www.roxer.ro\/dev\/echipament\/imprimanta-xerox-b210#breadcrumb\"},\"inLanguage\":\"ro-RO\",\"potentialAction\":[{\"@type\":\"ReadAction\",\"target\":[\"https:\/\/www.roxer.ro\/dev\/echipament\/imprimanta-xerox-b210\"]}]},{\"@type\":\"BreadcrumbList\",\"@id\":\"https:\/\/www.roxer.ro\/dev\/echipament\/imprimanta-xerox-b210#breadcrumb\",\"itemListElement\":[{\"@type\":\"ListItem\",\"position\":1,\"name\":\"Prima pagin\u0103\",\"item\":\"https:\/\/www.roxer.ro\/dev\/\"},{\"@type\":\"ListItem\",\"position\":2,\"name\":\"Echipamente\",\"item\":\"https:\/\/www.roxer.ro\/dev\/echipamente\"},{\"@type\":\"ListItem\",\"position\":3,\"name\":\"Imprimant\u0103 Xerox B210\"}]},{\"@type\":\"WebSite\",\"@id\":\"https:\/\/www.roxer.ro\/dev\/#website\",\"url\":\"https:\/\/www.roxer.ro\/dev\/\",\"name\":\"Roxer Grup\",\"description\":\"Xerox Cluj Napoca, Distribuitor Xerox Cluj, distribuitor Xerox S\u0103laj, distribuitor Xerox Bihor, distribuitor Xerox Maramure\u015f, distribuitor Xerox Bistri\u0163a N\u0103s\u0103ud, distribuitor Xerox Satu Mare\",\"publisher\":{\"@id\":\"https:\/\/www.roxer.ro\/dev\/#organization\"},\"potentialAction\":[{\"@type\":\"SearchAction\",\"target\":{\"@type\":\"EntryPoint\",\"urlTemplate\":\"https:\/\/www.roxer.ro\/dev\/?s={search_term_string}\"},\"query-input\":\"required name=search_term_string\"}],\"inLanguage\":\"ro-RO\"},{\"@type\":\"Organization\",\"@id\":\"https:\/\/www.roxer.ro\/dev\/#organization\",\"name\":\"Roxer Grup\",\"url\":\"https:\/\/www.roxer.ro\/dev\/\",\"logo\":{\"@type\":\"ImageObject\",\"inLanguage\":\"ro-RO\",\"@id\":\"https:\/\/www.roxer.ro\/dev\/#\/schema\/logo\/image\/\",\"url\":\"https:\/\/www.roxer.ro\/dev\/wp-content\/uploads\/2023\/05\/logo-roxer-1-e1684141209248.png\",\"contentUrl\":\"https:\/\/www.roxer.ro\/dev\/wp-content\/uploads\/2023\/05\/logo-roxer-1-e1684141209248.png\",\"width\":160,\"height\":57,\"caption\":\"Roxer Grup\"},\"image\":{\"@id\":\"https:\/\/www.roxer.ro\/dev\/#\/schema\/logo\/image\/\"}}]}<\/script>\n<!-- \/ Yoast SEO plugin. -->","yoast_head_json":{"title":"Imprimant\u0103 Xerox B210 - Roxer Grup","robots":{"index":"noindex","follow":"follow","max-snippet":"max-snippet:-1","max-image-preview":"max-image-preview:large","max-video-preview":"max-video-preview:-1"},"og_locale":"ro_RO","og_type":"article","og_title":"Imprimant\u0103 Xerox B210 - Roxer Grup","og_description":"Xerox\u00ae B210 Printer \u00cenlocuit\u0103 de imprimanta Xerox B230 3260V_DNI Interfa\u021b\u0103: ecran LED Conectivitate: Wi-Fi integrat\u0103 Imprimare direct\u0103 USB\/Disc extern: da Vitez\u0103: 30 ppm alb-negru \u00een format A4 Imprimare fa\u021b\u0103-verso:da Rezolu\u021bie:1200 x 1200 dpi \u00eembun\u0103t\u0103\u021bit\u0103 Dimensiuni: 368 x 334,5 x 213,4 mm Greutate: 7,56 kg A \u00eenlocuit imprimanta Xerox Phaser 3260","og_url":"https:\/\/www.roxer.ro\/dev\/echipament\/imprimanta-xerox-b210","og_site_name":"Roxer Grup","article_modified_time":"2021-11-01T09:46:32+00:00","og_image":[{"width":2560,"height":2560,"url":"https:\/\/www.roxer.ro\/dev\/wp-content\/uploads\/2020\/07\/imprimanta-xerox-b210-ok-scaled.jpg","type":"image\/jpeg"}],"twitter_card":"summary_large_image","schema":{"@context":"https:\/\/schema.org","@graph":[{"@type":"WebPage","@id":"https:\/\/www.roxer.ro\/dev\/echipament\/imprimanta-xerox-b210","url":"https:\/\/www.roxer.ro\/dev\/echipament\/imprimanta-xerox-b210","name":"Imprimant\u0103 Xerox B210 - Roxer Grup","isPartOf":{"@id":"https:\/\/www.roxer.ro\/dev\/#website"},"datePublished":"2020-07-26T04:30:00+00:00","dateModified":"2021-11-01T09:46:32+00:00","breadcrumb":{"@id":"https:\/\/www.roxer.ro\/dev\/echipament\/imprimanta-xerox-b210#breadcrumb"},"inLanguage":"ro-RO","potentialAction":[{"@type":"ReadAction","target":["https:\/\/www.roxer.ro\/dev\/echipament\/imprimanta-xerox-b210"]}]},{"@type":"BreadcrumbList","@id":"https:\/\/www.roxer.ro\/dev\/echipament\/imprimanta-xerox-b210#breadcrumb","itemListElement":[{"@type":"ListItem","position":1,"name":"Prima pagin\u0103","item":"https:\/\/www.roxer.ro\/dev\/"},{"@type":"ListItem","position":2,"name":"Echipamente","item":"https:\/\/www.roxer.ro\/dev\/echipamente"},{"@type":"ListItem","position":3,"name":"Imprimant\u0103 Xerox B210"}]},{"@type":"WebSite","@id":"https:\/\/www.roxer.ro\/dev\/#website","url":"https:\/\/www.roxer.ro\/dev\/","name":"Roxer Grup","description":"Xerox Cluj Napoca, Distribuitor Xerox Cluj, distribuitor Xerox S\u0103laj, distribuitor Xerox Bihor, distribuitor Xerox Maramure\u015f, distribuitor Xerox Bistri\u0163a N\u0103s\u0103ud, distribuitor Xerox Satu Mare","publisher":{"@id":"https:\/\/www.roxer.ro\/dev\/#organization"},"potentialAction":[{"@type":"SearchAction","target":{"@type":"EntryPoint","urlTemplate":"https:\/\/www.roxer.ro\/dev\/?s={search_term_string}"},"query-input":"required name=search_term_string"}],"inLanguage":"ro-RO"},{"@type":"Organization","@id":"https:\/\/www.roxer.ro\/dev\/#organization","name":"Roxer Grup","url":"https:\/\/www.roxer.ro\/dev\/","logo":{"@type":"ImageObject","inLanguage":"ro-RO","@id":"https:\/\/www.roxer.ro\/dev\/#\/schema\/logo\/image\/","url":"https:\/\/www.roxer.ro\/dev\/wp-content\/uploads\/2023\/05\/logo-roxer-1-e1684141209248.png","contentUrl":"https:\/\/www.roxer.ro\/dev\/wp-content\/uploads\/2023\/05\/logo-roxer-1-e1684141209248.png","width":160,"height":57,"caption":"Roxer Grup"},"image":{"@id":"https:\/\/www.roxer.ro\/dev\/#\/schema\/logo\/image\/"}}]}},"_links":{"self":[{"href":"https:\/\/www.roxer.ro\/dev\/wp-json\/wp\/v2\/product\/4319"}],"collection":[{"href":"https:\/\/www.roxer.ro\/dev\/wp-json\/wp\/v2\/product"}],"about":[{"href":"https:\/\/www.roxer.ro\/dev\/wp-json\/wp\/v2\/types\/product"}],"wp:featuredmedia":[{"embeddable":true,"href":"https:\/\/www.roxer.ro\/dev\/wp-json\/wp\/v2\/media\/5362"}],"wp:attachment":[{"href":"https:\/\/www.roxer.ro\/dev\/wp-json\/wp\/v2\/media?parent=4319"}],"wp:term":[{"taxonomy":"product_cat","embeddable":true,"href":"https:\/\/www.roxer.ro\/dev\/wp-json\/wp\/v2\/product_cat?post=4319"},{"taxonomy":"product_tag","embeddable":true,"href":"https:\/\/www.roxer.ro\/dev\/wp-json\/wp\/v2\/product_tag?post=4319"}],"curies":[{"name":"wp","href":"https:\/\/api.w.org\/{rel}","templated":true}]}}