{"id":4359,"date":"2020-07-26T05:36:43","date_gmt":"2020-07-26T05:36:43","guid":{"rendered":"https:\/\/firstdesign.ro\/roxer\/?post_type=product&#038;p=4359"},"modified":"2020-11-21T16:30:03","modified_gmt":"2020-11-21T16:30:03","slug":"imprimanta-xerox-versalink-c8000","status":"publish","type":"product","link":"https:\/\/www.roxer.ro\/dev\/echipament\/imprimanta-xerox-versalink-c8000","title":{"rendered":"Imprimant\u0103 Xerox VersaLink C8000"},"content":{"rendered":"<p><iframe loading=\"lazy\" title=\"Xerox VersaLink C8000\/C9000: Unrivaled Color\" width=\"1200\" height=\"675\" src=\"https:\/\/www.youtube.com\/embed\/VbYxiUHQnnI?feature=oembed\" frameborder=\"0\" allow=\"accelerometer; autoplay; clipboard-write; encrypted-media; gyroscope; picture-in-picture\" allowfullscreen><\/iframe><\/p>\n<div class=\"xrx-fw-css-grid-container\">\n<div class=\"xrx-fw-css-grid-row xrx-be-product-components-wrapper\">\n<div id=\"Model-Configuration\" class=\"xrx-fw-product-component-wrapper xrx-fw-product-component-wrapper--align-center \">\n<div class=\"xrx-fw-compare-table\" data-items-per-page=\"1\" data-item-count=\"1\" data-xrx-fw-base-lid=\"model-configuration\" data-xrx-fw-scrollbar-width=\"true\" data-item=\"0\">\n<div class=\"xrx-fw-compare-table__wrapper\">\n<div class=\"xrx-fw-compare-table__scroll-wrapper\">\n<div class=\"xrx-fw-compare-table__scroll\">\n<table class=\"xrx-fw-compare-table__table xrx-fw-compare-table__table--desktop\">\n<thead>\n<tr>\n<th>Model<\/th>\n<td>C8000V_DT<\/td>\n<\/tr>\n<\/thead>\n<tbody>\n<tr>\n<th>Func\u021bii standard<\/th>\n<td>Cloud, Imprimare<\/td>\n<\/tr>\n<tr>\n<th>Volum de imprimare lunar recomandat<\/th>\n<td>P\u00e2n\u0103 la\u00a0<span dir=\"ltr\">20 000<\/span>\u00a0de pagini<\/td>\n<\/tr>\n<tr>\n<th>Ciclu de func\u021bionare<\/th>\n<td>P\u00e2n\u0103 la\u00a0<span dir=\"ltr\">205 000<\/span> pagini\/lun\u0103<\/td>\n<\/tr>\n<tr>\n<th>Imprimare fa\u021b\u0103-verso<\/th>\n<td>Standard<\/td>\n<\/tr>\n<tr>\n<th>Momentul ie\u0219irii primei pagini, imprimare<\/th>\n<td>P\u00e2n\u0103 la 11 secunde color \/ 11 secunde monocrom<\/td>\n<\/tr>\n<tr>\n<th>Vitez\u0103 de imprimare<\/th>\n<td>Color: p\u00e2n\u0103 la 45 ppm<br \/>\nMonocrom: p\u00e2n\u0103 la 45 ppm<\/td>\n<\/tr>\n<tr>\n<th>Conectivitate<\/th>\n<td>Ethernet 10\/100\/1000 Base-T, USB 3.0 de mare vitez\u0103, NFC Tap-to-Pair, Wi-Fi and Wi-Fi Direct (optional)<\/td>\n<\/tr>\n<tr>\n<th>Conectivitate (optional)<\/th>\n<td>Wi-Fi 802.11n\/g\/b\/a \u0219i Wi-Fi Direct cu kit Wi-Fi op\u021bional (conexiuni cu cablu \u0219i f\u0103r\u0103 cablu acceptate)<\/td>\n<\/tr>\n<\/tbody>\n<\/table>\n<\/div>\n<\/div>\n<\/div>\n<div class=\"xrx-fw-compare-table__navigation-wrapper xrx-fw-compare-table__navigation-wrapper--next\"><\/div>\n<\/div>\n<\/div>\n<\/div>\n<\/div>\n<div class=\"xrx-fw-css-grid-container\">\n<div class=\"xrx-fw-css-grid-row xrx-be-product-components-wrapper\">\n<div id=\"Imprimare\" class=\"xrx-fw-product-component-wrapper xrx-fw-product-component-wrapper--align-center \">\n<div class=\"xrx-fw-product-component-wrapper__title\">\n<h2>Imprimare<\/h2>\n<\/div>\n<div class=\"xrx-fw-spec-table \">\n<table>\n<tbody>\n<tr>\n<th>Procesor<\/th>\n<td>Dual-core de 1,6 GHz<\/td>\n<\/tr>\n<tr>\n<th>Memorie de imprimare (standard\/maxim\u0103)<\/th>\n<td>4 GB \/ 4 GB<\/td>\n<\/tr>\n<tr>\n<th>Hard disk<\/th>\n<td>320 GB HDD (optional)<\/td>\n<\/tr>\n<tr>\n<th>Asisten\u021b\u0103 tehnic\u0103 SO<\/th>\n<td>Citrix<sup>\u00ae<\/sup>, Fedora Core, HP-UX<sup>\u00ae<\/sup>, IBM<sup>\u00ae<\/sup>\u00a0AIX<sup>\u00ae<\/sup>, Oracle<sup>\u00ae<\/sup>\u00a0Solaris, Redhat<sup>\u00ae<\/sup>\u00a0Enterprise Linux<sup>\u00ae<\/sup>, SAP<sup>\u00ae<\/sup>, SUSE<sup>\u00ae<\/sup>, Windows Server 2008 SP2, Server 2008 R2 SP1, Server 2012, Server 2012 R2, Server 2016, Windows<sup>\u00ae<\/sup>\u00a07, 8, 8.1, 10, macOS<sup>\u00ae<\/sup>\u00a010.12, 10.13, 10.14<\/td>\n<\/tr>\n<tr>\n<th>Limbi descriere pagin<\/th>\n<td>Adobe<sup>\u00ae<\/sup>\u00a0PostScript<sup>\u00ae<\/sup>\u00a03<sup>\u2122<\/sup>, HP-GL, JPEG, PCL<sup>\u00ae<\/sup>\u00a05e, 6, PDF, TIFF, XPS<\/td>\n<\/tr>\n<tr>\n<th>PostScript<sup>\u00ae<\/sup>\u00a0fonts<\/th>\n<td>136<\/td>\n<\/tr>\n<tr>\n<th>PCL<sup>\u00ae<\/sup>\u00a0fonts<\/th>\n<td>83<\/td>\n<\/tr>\n<tr>\n<th>Imprimare mobil\u0103<\/th>\n<td>@PrintByXerox App, Apple<sup>\u00ae<\/sup>\u00a0AirPrint<sup>\u00ae<\/sup>, Google Cloud Print<sup>\u2122<\/sup>, Xerox<sup>\u00ae<\/sup>\u00a0Global Print Driver<sup>\u00ae<\/sup>, Xerox<sup>\u00ae<\/sup>\u00a0Mobile Express Driver<sup>\u00ae<\/sup>, Xerox<sup>\u00ae<\/sup>\u00a0Print Service Plug-in for Android<sup>\u2122<\/sup>, Xerox<sup>\u00ae<\/sup>\u00a0Pull Print Driver<\/td>\n<\/tr>\n<tr>\n<th>Mobile printing (optional)<\/th>\n<td>Xerox<sup>\u00ae<\/sup>\u00a0Workplace Cloud, Xerox<sup>\u00ae<\/sup>\u00a0Workplace Suite<\/td>\n<\/tr>\n<\/tbody>\n<\/table>\n<\/div>\n<\/div>\n<\/div>\n<\/div>\n<div class=\"xrx-fw-css-grid-container\">\n<div class=\"xrx-fw-css-grid-row xrx-be-product-components-wrapper\">\n<div id=\"Manipulare-suporturi\" class=\"xrx-fw-product-component-wrapper xrx-fw-product-component-wrapper--align-center \">\n<div class=\"xrx-fw-product-component-wrapper__title\">\n<h2>Manipulare suporturi<\/h2>\n<\/div>\n<div class=\"xrx-fw-spec-table \">\n<table>\n<tbody>\n<tr>\n<th>Capacitate de h\u00e2rtie standard<\/th>\n<td><span dir=\"ltr\">1 140<\/span>\u00a0coli<\/td>\n<\/tr>\n<tr>\n<th>Maximum paper capacity<\/th>\n<td><span dir=\"ltr\">5 140<\/span>\u00a0coli<\/td>\n<\/tr>\n<tr>\n<th>Capacitatea de ie\u0219ire<\/th>\n<td><span dir=\"ltr\">500<\/span>\u00a0coli<\/td>\n<\/tr>\n<tr>\n<th>Capacitate h\u00e2rtie<\/th>\n<td><strong>Tray\u00a0<\/strong>(Bypass tray):\u00a0<span dir=\"ltr\">100<\/span>\u00a0coli<br \/>\n<strong>Tray 1<\/strong>:\u00a0<span dir=\"ltr\">520<\/span>\u00a0coli<br \/>\n<strong>Tray 2<\/strong>:\u00a0<span dir=\"ltr\">520<\/span>\u00a0coli<\/td>\n<\/tr>\n<tr>\n<th>Dimensiune h\u00e2rtie<\/th>\n<td><strong>Tray\u00a0<\/strong>(Bypass tray): Custom sizes: 88.9 x 98.4 mm to 320 x 482.6 mm<br \/>\n<strong>Tray 1<\/strong>: Custom sizes: 139.7 x 182 mm to 297 x 432 mm<br \/>\n<strong>Tray 2<\/strong>: Custom sizes: 139.7 x 182 mm to 297 x 432 mm<\/td>\n<\/tr>\n<tr>\n<th>Alimentator op\u021bional de mare capacitate<\/th>\n<td>High-capacity tandem tray: 2,000 coli<br \/>\nTwo tray module: 1,140 coli<br \/>\nHigh-capacity feeder: 2,000 coli<\/td>\n<\/tr>\n<\/tbody>\n<\/table>\n<\/div>\n<\/div>\n<\/div>\n<\/div>\n<div class=\"xrx-fw-css-grid-container\">\n<div class=\"xrx-fw-css-grid-row xrx-be-product-components-wrapper\">\n<div id=\"Securitatea\" class=\"xrx-fw-product-component-wrapper xrx-fw-product-component-wrapper--align-center \">\n<div class=\"xrx-fw-product-component-wrapper__title\">\n<h2>Securitatea<\/h2>\n<\/div>\n<div class=\"xrx-fw-spec-table \">\n<table>\n<tbody>\n<tr>\n<th>Func\u021bionalit\u0103\u021bi de securitate<\/th>\n<td>Criptare AES 256 bi\u021bi, Control acces, Registru audit, Validare rut\u0103 certificat, List\u0103 revocare certificat (Certificate Revocation List-CRL)\/Protocol stare certificat online (Online Certificate Status Protocol &#8211; OCSP), Integrare Cisco Identity Services Engine (ISE), Detectare falsificare extern\u0103 a programului (Plugin XCP), Filtrarea domeniului, FIPS 140-2, Verificare firmware, Filtrare adres\u0103 IP, IPsec, Suprascriere imediat\u0103 a datelor pe HDD (necesit\u0103 HDD\/kit de productivitate), Autentificare \u00een re\u021bea, Filtrare port, Certificate autosemnate preinstalate, Autorizare \u00een func\u021bie de roluri, SNMPv3, Imprimare securizat\u0103, Management certificat de securitate, Kit activare Smart Card (CAC\/PIV\/.NET), Status Protocol (OCSP), TLS\/SSL<\/td>\n<\/tr>\n<\/tbody>\n<\/table>\n<\/div>\n<\/div>\n<\/div>\n<\/div>\n<div class=\"xrx-fw-css-grid-container\">\n<div class=\"xrx-fw-css-grid-row xrx-be-product-components-wrapper\">\n<div id=\"Electrical\" class=\"xrx-fw-product-component-wrapper xrx-fw-product-component-wrapper--align-center \">\n<div class=\"xrx-fw-product-component-wrapper__title\">\n<h2>Electrical<\/h2>\n<\/div>\n<div class=\"xrx-fw-spec-table \">\n<table>\n<tbody>\n<tr>\n<th>Power consumption<\/th>\n<td>Operare:\u00a0<span dir=\"ltr\">2 300<\/span>\u00a0W<br \/>\n\u00cen a\u0219teptare:\u00a0<span dir=\"ltr\">75.3<\/span>\u00a0W<br \/>\nEconomisire energie:\u00a0<span dir=\"ltr\">0.48<\/span>\u00a0W<\/td>\n<\/tr>\n<tr>\n<th>ENERGY STAR<\/th>\n<td>ENERGY STAR<sup>\u00ae<\/sup>\u00a0qualified<\/td>\n<\/tr>\n<\/tbody>\n<\/table>\n<\/div>\n<\/div>\n<\/div>\n<\/div>\n<div class=\"xrx-fw-css-grid-container\">\n<div class=\"xrx-fw-css-grid-row xrx-be-product-components-wrapper\">\n<div id=\"Operating-Environment\" class=\"xrx-fw-product-component-wrapper xrx-fw-product-component-wrapper--align-center \">\n<div class=\"xrx-fw-product-component-wrapper__title\">\n<h2>Operating Environment<\/h2>\n<\/div>\n<div class=\"xrx-fw-spec-table \">\n<table>\n<tbody>\n<tr>\n<th>Temperature (operating)<\/th>\n<td>10 &#8211; 28 \u00b0 C<\/td>\n<\/tr>\n<tr>\n<th>Relative humidity (operating)<\/th>\n<td>15 &#8211; 85 % RH (noncondensing)<\/td>\n<\/tr>\n<tr>\n<th>Warm-up time (from power save mode)<\/th>\n<td><span dir=\"ltr\">9.6<\/span>\u00a0secunde<\/td>\n<\/tr>\n<\/tbody>\n<\/table>\n<\/div>\n<\/div>\n<\/div>\n<\/div>\n<div class=\"xrx-fw-css-grid-container\">\n<div class=\"xrx-fw-css-grid-row xrx-be-product-components-wrapper\">\n<div id=\"Dimensiuni\" class=\"xrx-fw-product-component-wrapper xrx-fw-product-component-wrapper--align-center \">\n<div class=\"xrx-fw-product-component-wrapper__title\">\n<h2>Dimensiuni<\/h2>\n<\/div>\n<div class=\"xrx-fw-spec-table \">\n<table>\n<tbody>\n<tr>\n<th>Dimensions (WxDxH)<\/th>\n<td>620 x 723 x 809.3 mm<\/td>\n<\/tr>\n<tr>\n<th>Greutate<\/th>\n<td><span dir=\"ltr\">80.8<\/span>\u00a0kg<\/td>\n<\/tr>\n<\/tbody>\n<\/table>\n<\/div>\n<\/div>\n<\/div>\n<\/div>\n<div class=\"xrx-fw-css-grid-container\">\n<div class=\"xrx-fw-css-grid-row xrx-be-product-components-wrapper\">\n<div id=\"Certific\u0103ri\" class=\"xrx-fw-product-component-wrapper xrx-fw-product-component-wrapper--align-center \">\n<div class=\"xrx-fw-product-component-wrapper__title\">\n<h2>Certific\u0103ri<\/h2>\n<\/div>\n<div class=\"xrx-fw-spec-table \">\n<table>\n<tbody>\n<tr>\n<th>Certific\u0103ri<\/th>\n<td>Apple<sup>\u00ae<\/sup>\u00a0AirPrint<sup>\u00ae<\/sup>, Blue Angel, Bonjour, Cerner, ECOLOGO<sup>\u00ae<\/sup>, EPEAT<sup>\u00ae<\/sup>, FIPS 140-2, IPv6 Ready, MEDITECH, Mopria<sup>\u00ae<\/sup>, SAP, WHQL, Wi-Fi Direct<\/td>\n<\/tr>\n<tr>\n<th>Sustenabilitate<\/th>\n<td><a href=\"https:\/\/www.xerox.com\/ro-ro\/about\/ehs\/eco-label\">EPEAT<\/a><\/td>\n<\/tr>\n<\/tbody>\n<\/table>\n<\/div>\n<\/div>\n<\/div>\n<\/div>\n","protected":false},"excerpt":{"rendered":"<p>Vitez\u0103: P\u00e2n\u0103 la 45 ppm \u00een format letter\/A4<br \/>\nVolum lunar: 205.000 pagini<br \/>\nHard disc\/Procesor\/Memorie HDD op\u021bional de 320 GB\/1,6 GHz\/4 GB<br \/>\nConectivitate: Ethernet 10\/100\/1000Base-T, High-speed USB 3.0, Wi-Fi\u00ae \u0219i Wi-Fi Direct\u00ae cu kitul op\u021bional Wi-Fi, asociere prin atingere NFC<br \/>\nRezolu\u021bie de imprimare: P\u00e2n\u0103 la 1200 x 2400 dpi<br \/>\nTav\u0103 manual\u0103: P\u00e2n\u0103 la 100 de coli; formate personalizate: \u00eentre 3,5 x 3,9 in. \u0219i 12,6 x 19 in.\/\u00eentre 88,9 x 98,4 mm \u0219i 320 x 482.6 mm;<br \/>\nTava 1: P\u00e2n\u0103 la 520 de coli;<\/p>\n","protected":false},"featured_media":4360,"template":"","meta":[],"product_cat":[15,114],"product_tag":[438,146,312,263],"yoast_head":"<!-- This site is optimized with the Yoast SEO plugin v20.3 - https:\/\/yoast.com\/wordpress\/plugins\/seo\/ -->\n<title>Imprimant\u0103 Xerox VersaLink C8000 - Roxer Grup<\/title>\n<meta name=\"robots\" content=\"noindex, follow, max-snippet:-1, max-image-preview:large, max-video-preview:-1\" \/>\n<meta property=\"og:locale\" content=\"ro_RO\" \/>\n<meta property=\"og:type\" content=\"article\" \/>\n<meta property=\"og:title\" content=\"Imprimant\u0103 Xerox VersaLink C8000 - Roxer Grup\" \/>\n<meta property=\"og:description\" content=\"Vitez\u0103: P\u00e2n\u0103 la 45 ppm \u00een format letter\/A4 Volum lunar: 205.000 pagini Hard disc\/Procesor\/Memorie HDD op\u021bional de 320 GB\/1,6 GHz\/4 GB Conectivitate: Ethernet 10\/100\/1000Base-T, High-speed USB 3.0, Wi-Fi\u00ae \u0219i Wi-Fi Direct\u00ae cu kitul op\u021bional Wi-Fi, asociere prin atingere NFC Rezolu\u021bie de imprimare: P\u00e2n\u0103 la 1200 x 2400 dpi Tav\u0103 manual\u0103: P\u00e2n\u0103 la 100 de coli; formate personalizate: \u00eentre 3,5 x 3,9 in. \u0219i 12,6 x 19 in.\/\u00eentre 88,9 x 98,4 mm \u0219i 320 x 482.6 mm; Tava 1: P\u00e2n\u0103 la 520 de coli;\" \/>\n<meta property=\"og:url\" content=\"https:\/\/www.roxer.ro\/dev\/echipament\/imprimanta-xerox-versalink-c8000\" \/>\n<meta property=\"og:site_name\" content=\"Roxer Grup\" \/>\n<meta property=\"article:modified_time\" content=\"2020-11-21T16:30:03+00:00\" \/>\n<meta property=\"og:image\" content=\"https:\/\/www.roxer.ro\/dev\/wp-content\/uploads\/2020\/07\/b40920e9e83b3af6ccbe5a0a8c863962cbf08709dea1669b9e01955eef10b5a5.jpg\" \/>\n\t<meta property=\"og:image:width\" content=\"1200\" \/>\n\t<meta property=\"og:image:height\" content=\"1500\" \/>\n\t<meta property=\"og:image:type\" content=\"image\/jpeg\" \/>\n<meta name=\"twitter:card\" content=\"summary_large_image\" \/>\n<meta name=\"twitter:label1\" content=\"Timp estimat pentru citire\" \/>\n\t<meta name=\"twitter:data1\" content=\"2 minute\" \/>\n<script type=\"application\/ld+json\" class=\"yoast-schema-graph\">{\"@context\":\"https:\/\/schema.org\",\"@graph\":[{\"@type\":\"WebPage\",\"@id\":\"https:\/\/www.roxer.ro\/dev\/echipament\/imprimanta-xerox-versalink-c8000\",\"url\":\"https:\/\/www.roxer.ro\/dev\/echipament\/imprimanta-xerox-versalink-c8000\",\"name\":\"Imprimant\u0103 Xerox VersaLink C8000 - Roxer Grup\",\"isPartOf\":{\"@id\":\"https:\/\/www.roxer.ro\/dev\/#website\"},\"datePublished\":\"2020-07-26T05:36:43+00:00\",\"dateModified\":\"2020-11-21T16:30:03+00:00\",\"breadcrumb\":{\"@id\":\"https:\/\/www.roxer.ro\/dev\/echipament\/imprimanta-xerox-versalink-c8000#breadcrumb\"},\"inLanguage\":\"ro-RO\",\"potentialAction\":[{\"@type\":\"ReadAction\",\"target\":[\"https:\/\/www.roxer.ro\/dev\/echipament\/imprimanta-xerox-versalink-c8000\"]}]},{\"@type\":\"BreadcrumbList\",\"@id\":\"https:\/\/www.roxer.ro\/dev\/echipament\/imprimanta-xerox-versalink-c8000#breadcrumb\",\"itemListElement\":[{\"@type\":\"ListItem\",\"position\":1,\"name\":\"Prima pagin\u0103\",\"item\":\"https:\/\/www.roxer.ro\/dev\/\"},{\"@type\":\"ListItem\",\"position\":2,\"name\":\"Echipamente\",\"item\":\"https:\/\/www.roxer.ro\/dev\/echipamente\"},{\"@type\":\"ListItem\",\"position\":3,\"name\":\"Imprimant\u0103 Xerox VersaLink C8000\"}]},{\"@type\":\"WebSite\",\"@id\":\"https:\/\/www.roxer.ro\/dev\/#website\",\"url\":\"https:\/\/www.roxer.ro\/dev\/\",\"name\":\"Roxer Grup\",\"description\":\"Xerox Cluj Napoca, Distribuitor Xerox Cluj, distribuitor Xerox S\u0103laj, distribuitor Xerox Bihor, distribuitor Xerox Maramure\u015f, distribuitor Xerox Bistri\u0163a N\u0103s\u0103ud, distribuitor Xerox Satu Mare\",\"publisher\":{\"@id\":\"https:\/\/www.roxer.ro\/dev\/#organization\"},\"potentialAction\":[{\"@type\":\"SearchAction\",\"target\":{\"@type\":\"EntryPoint\",\"urlTemplate\":\"https:\/\/www.roxer.ro\/dev\/?s={search_term_string}\"},\"query-input\":\"required name=search_term_string\"}],\"inLanguage\":\"ro-RO\"},{\"@type\":\"Organization\",\"@id\":\"https:\/\/www.roxer.ro\/dev\/#organization\",\"name\":\"Roxer Grup\",\"url\":\"https:\/\/www.roxer.ro\/dev\/\",\"logo\":{\"@type\":\"ImageObject\",\"inLanguage\":\"ro-RO\",\"@id\":\"https:\/\/www.roxer.ro\/dev\/#\/schema\/logo\/image\/\",\"url\":\"https:\/\/www.roxer.ro\/dev\/wp-content\/uploads\/2023\/05\/logo-roxer-1-e1684141209248.png\",\"contentUrl\":\"https:\/\/www.roxer.ro\/dev\/wp-content\/uploads\/2023\/05\/logo-roxer-1-e1684141209248.png\",\"width\":160,\"height\":57,\"caption\":\"Roxer Grup\"},\"image\":{\"@id\":\"https:\/\/www.roxer.ro\/dev\/#\/schema\/logo\/image\/\"}}]}<\/script>\n<!-- \/ Yoast SEO plugin. -->","yoast_head_json":{"title":"Imprimant\u0103 Xerox VersaLink C8000 - Roxer Grup","robots":{"index":"noindex","follow":"follow","max-snippet":"max-snippet:-1","max-image-preview":"max-image-preview:large","max-video-preview":"max-video-preview:-1"},"og_locale":"ro_RO","og_type":"article","og_title":"Imprimant\u0103 Xerox VersaLink C8000 - Roxer Grup","og_description":"Vitez\u0103: P\u00e2n\u0103 la 45 ppm \u00een format letter\/A4 Volum lunar: 205.000 pagini Hard disc\/Procesor\/Memorie HDD op\u021bional de 320 GB\/1,6 GHz\/4 GB Conectivitate: Ethernet 10\/100\/1000Base-T, High-speed USB 3.0, Wi-Fi\u00ae \u0219i Wi-Fi Direct\u00ae cu kitul op\u021bional Wi-Fi, asociere prin atingere NFC Rezolu\u021bie de imprimare: P\u00e2n\u0103 la 1200 x 2400 dpi Tav\u0103 manual\u0103: P\u00e2n\u0103 la 100 de coli; formate personalizate: \u00eentre 3,5 x 3,9 in. \u0219i 12,6 x 19 in.\/\u00eentre 88,9 x 98,4 mm \u0219i 320 x 482.6 mm; Tava 1: P\u00e2n\u0103 la 520 de coli;","og_url":"https:\/\/www.roxer.ro\/dev\/echipament\/imprimanta-xerox-versalink-c8000","og_site_name":"Roxer Grup","article_modified_time":"2020-11-21T16:30:03+00:00","og_image":[{"width":1200,"height":1500,"url":"https:\/\/www.roxer.ro\/dev\/wp-content\/uploads\/2020\/07\/b40920e9e83b3af6ccbe5a0a8c863962cbf08709dea1669b9e01955eef10b5a5.jpg","type":"image\/jpeg"}],"twitter_card":"summary_large_image","twitter_misc":{"Timp estimat pentru citire":"2 minute"},"schema":{"@context":"https:\/\/schema.org","@graph":[{"@type":"WebPage","@id":"https:\/\/www.roxer.ro\/dev\/echipament\/imprimanta-xerox-versalink-c8000","url":"https:\/\/www.roxer.ro\/dev\/echipament\/imprimanta-xerox-versalink-c8000","name":"Imprimant\u0103 Xerox VersaLink C8000 - Roxer Grup","isPartOf":{"@id":"https:\/\/www.roxer.ro\/dev\/#website"},"datePublished":"2020-07-26T05:36:43+00:00","dateModified":"2020-11-21T16:30:03+00:00","breadcrumb":{"@id":"https:\/\/www.roxer.ro\/dev\/echipament\/imprimanta-xerox-versalink-c8000#breadcrumb"},"inLanguage":"ro-RO","potentialAction":[{"@type":"ReadAction","target":["https:\/\/www.roxer.ro\/dev\/echipament\/imprimanta-xerox-versalink-c8000"]}]},{"@type":"BreadcrumbList","@id":"https:\/\/www.roxer.ro\/dev\/echipament\/imprimanta-xerox-versalink-c8000#breadcrumb","itemListElement":[{"@type":"ListItem","position":1,"name":"Prima pagin\u0103","item":"https:\/\/www.roxer.ro\/dev\/"},{"@type":"ListItem","position":2,"name":"Echipamente","item":"https:\/\/www.roxer.ro\/dev\/echipamente"},{"@type":"ListItem","position":3,"name":"Imprimant\u0103 Xerox VersaLink C8000"}]},{"@type":"WebSite","@id":"https:\/\/www.roxer.ro\/dev\/#website","url":"https:\/\/www.roxer.ro\/dev\/","name":"Roxer Grup","description":"Xerox Cluj Napoca, Distribuitor Xerox Cluj, distribuitor Xerox S\u0103laj, distribuitor Xerox Bihor, distribuitor Xerox Maramure\u015f, distribuitor Xerox Bistri\u0163a N\u0103s\u0103ud, distribuitor Xerox Satu Mare","publisher":{"@id":"https:\/\/www.roxer.ro\/dev\/#organization"},"potentialAction":[{"@type":"SearchAction","target":{"@type":"EntryPoint","urlTemplate":"https:\/\/www.roxer.ro\/dev\/?s={search_term_string}"},"query-input":"required name=search_term_string"}],"inLanguage":"ro-RO"},{"@type":"Organization","@id":"https:\/\/www.roxer.ro\/dev\/#organization","name":"Roxer Grup","url":"https:\/\/www.roxer.ro\/dev\/","logo":{"@type":"ImageObject","inLanguage":"ro-RO","@id":"https:\/\/www.roxer.ro\/dev\/#\/schema\/logo\/image\/","url":"https:\/\/www.roxer.ro\/dev\/wp-content\/uploads\/2023\/05\/logo-roxer-1-e1684141209248.png","contentUrl":"https:\/\/www.roxer.ro\/dev\/wp-content\/uploads\/2023\/05\/logo-roxer-1-e1684141209248.png","width":160,"height":57,"caption":"Roxer Grup"},"image":{"@id":"https:\/\/www.roxer.ro\/dev\/#\/schema\/logo\/image\/"}}]}},"_links":{"self":[{"href":"https:\/\/www.roxer.ro\/dev\/wp-json\/wp\/v2\/product\/4359"}],"collection":[{"href":"https:\/\/www.roxer.ro\/dev\/wp-json\/wp\/v2\/product"}],"about":[{"href":"https:\/\/www.roxer.ro\/dev\/wp-json\/wp\/v2\/types\/product"}],"wp:featuredmedia":[{"embeddable":true,"href":"https:\/\/www.roxer.ro\/dev\/wp-json\/wp\/v2\/media\/4360"}],"wp:attachment":[{"href":"https:\/\/www.roxer.ro\/dev\/wp-json\/wp\/v2\/media?parent=4359"}],"wp:term":[{"taxonomy":"product_cat","embeddable":true,"href":"https:\/\/www.roxer.ro\/dev\/wp-json\/wp\/v2\/product_cat?post=4359"},{"taxonomy":"product_tag","embeddable":true,"href":"https:\/\/www.roxer.ro\/dev\/wp-json\/wp\/v2\/product_tag?post=4359"}],"curies":[{"name":"wp","href":"https:\/\/api.w.org\/{rel}","templated":true}]}}