{"id":4370,"date":"2020-07-26T05:39:50","date_gmt":"2020-07-26T05:39:50","guid":{"rendered":"https:\/\/firstdesign.ro\/roxer\/?post_type=product&#038;p=4370"},"modified":"2020-11-23T16:19:38","modified_gmt":"2020-11-23T16:19:38","slug":"imprimanta-xerox-versalink-c9000","status":"publish","type":"product","link":"https:\/\/www.roxer.ro\/dev\/echipament\/imprimanta-xerox-versalink-c9000","title":{"rendered":"Imprimant\u0103 Xerox VersaLink C9000"},"content":{"rendered":"<p><strong>Xerox VersaLink C9000 \u2013 specifica\u0163ii<\/strong><br \/>\n<strong><br \/>\nVitez\u0103:<\/strong>\u00a0P\u00e2n\u0103 la 55 ppm \u00een format A4<br \/>\n<strong>Volum lunar:<\/strong>\u00a0270.000<br \/>\n<strong>Hard disc\/Procesor\/Memorie:<\/strong>\u00a0HDD 320 GB\/1,6 GHz\/4 GB<br \/>\n<strong>Conectivitate:<\/strong>\u00a0Ethernet 10\/100\/1000Base-T, High-speed USB 3.0, Wi-Fi\u00ae \u0219i Wi-Fi Direct\u00ae cu kitul op\u021bional Wi-Fi, asociere prin atingere NFC<br \/>\n<strong>Rezolu\u021bie de imprimare<\/strong>\u00a0P\u00e2n\u0103 la 1200 x 2400 dpi<br \/>\n<strong>Timp pentru prima imprimare:<\/strong>\u00a0Doar 10,5 secunde \u00een color\/10 secunde \u00een alb-negru<br \/>\n<strong>Limbaje de descriere a paginilor:<\/strong>\u00a0PCL\u00ae 5e\/PCL 6\/PDF\/XPS\/TIFF\/JPEG\/HP-GL\u00ae\/Adobe\u00ae PostScript\u00ae 3\u2122<br \/>\n<strong>Gestionarea culorilor:<\/strong>\u00a0Tabel cu zone cromatice inclus, cu posibilitate de trecere la tabelul aprobat PANTONE\u00ae, editor de zone cromatice de reper personalizate, software op\u021bional Xerox\u00ae Precise Colour Management System<\/p>\n<p><strong>Intrare de h\u00e2rtie Standard:<\/strong><\/p>\n<p>Tav\u0103 manual\u0103:\u00a0P\u00e2n\u0103 la 100 de coli; formate personalizate: \u00eentre 3,5 x 3,9 in. \u0219i 12,6 x 19 in.\/\u00eentre 88,9 x 98,4 mm \u0219i 320 x 482.6 mm;\u00a0 bannere: 12,6 x 52 in.\/320 x 1.320,8 mm (\u00eentre 64 \u0219i 350 g\/m2)<br \/>\nTava 1:\u00a0P\u00e2n\u0103 la 520 de coli; formate personalizate: \u00eentre 3,9 x 5,8 in. \u0219i 11,69 x 17 in.\/\u00eentre 100 x 148 mm \u0219i 297 x 431,8 mm (\u00eentre 64 \u0219i 350 g\/m2)<br \/>\nTava 2: P\u00e2n\u0103 la 520 de coli; formate personalizate: \u00eentre 3,9 x 5,8 in. \u0219i 12,6 x 18 in.\/\u00eentre 100 x 148 mm \u0219i 320 x 457,2 mm (\u00eentre 64 \u0219i 350 g\/m2)<\/p>\n<header class=\"post-header cf\">\n<div class=\"featured\">\n<div class=\"caption\"><strong>Imprimanta color Xerox VersaLink C9000 &#8211; ideal\u0103 pentru lucr\u0103ri grafice<\/strong><\/p>\n<\/div>\n<\/div>\n<\/header>\n<div class=\"post-container cf\">\n<div class=\"post-content-right\">\n<div class=\"post-content description \">\n<p><strong>VersaLink C9000<\/strong>\u00a0 \u2013 imprimanta preferat\u0103 a graficienilor profesioni\u0219ti \u0219i a grupurilor de design.\u00a0Rezolu\u021bie real\u0103 de 1200 x 2400 dpi. Rezolu\u021bia mare a imprimantei color Xerox\u00ae VersaLink C9000 permite realizarea unor fotografii cu aspect real, a unor imagini \u0219i grafice de calitate superioar\u0103 pentru prezent\u0103ri. Detaliile fine produc texte clar conturate, chiar \u0219i cu fonturile mici.<\/p>\n<p>Colorimetrul vine ca optiune doar la Xerox VersaLink C9000 \u2013 imprim\u0103 <strong>o fa\u0163\u0103 350 gsm<\/strong> (\u00een mod normal rezervat\u0103 doar echipamentelor de tipar digital) \u015fi <strong>duplex 300 gsm<\/strong>.<\/p>\n<p><strong>VersaLink C9000<\/strong>\u00a0respect\u0103 \u015fi iube\u015fte culorile<\/p>\n<ul>\n<li>culorii vii<\/li>\n<li>instrumente profesionale de gestionare a culorilor<\/li>\n<li>Xerox\u00ae Precise Colour Management System<\/li>\n<li>personalizarea fluxului de lucru prin aplica\u0163ii<\/li>\n<li>utilizatorul poate crea profile de culoare<\/li>\n<\/ul>\n<p><iframe loading=\"lazy\" title=\"Xerox VersaLink C9000DT A3 Colour Laser Printer\" width=\"1200\" height=\"675\" src=\"https:\/\/www.youtube.com\/embed\/8uYXfCNb7hU?feature=oembed\" frameborder=\"0\" allow=\"accelerometer; autoplay; clipboard-write; encrypted-media; gyroscope; picture-in-picture\" allowfullscreen><\/iframe><\/p>\n<div class=\"fluid-width-video-wrapper\"><\/div>\n<p><strong>Xerox VersaLink C9000 \u2013 specifica\u0163ii<\/strong><br \/>\n<strong><br \/>\nVitez\u0103:<\/strong>\u00a0P\u00e2n\u0103 la 55 ppm \u00een format A4<br \/>\n<strong>Volum lunar:<\/strong>\u00a0270.000<br \/>\n<strong>Hard disc\/Procesor\/Memorie:<\/strong>\u00a0HDD 320 GB\/1,6 GHz\/4 GB<br \/>\n<strong>Conectivitate:<\/strong>\u00a0Ethernet 10\/100\/1000Base-T, High-speed USB 3.0, Wi-Fi\u00ae \u0219i Wi-Fi Direct\u00ae cu kitul op\u021bional Wi-Fi, asociere prin atingere NFC<br \/>\n<strong>Rezolu\u021bie de imprimare<\/strong>\u00a0P\u00e2n\u0103 la 1200 x 2400 dpi<br \/>\n<strong>Timp pentru prima imprimare:<\/strong>\u00a0Doar 10,5 secunde \u00een color\/10 secunde \u00een alb-negru<br \/>\n<strong>Limbaje de descriere a paginilor:<\/strong>\u00a0PCL\u00ae 5e\/PCL 6\/PDF\/XPS\/TIFF\/JPEG\/HP-GL\u00ae\/Adobe\u00ae PostScript\u00ae 3\u2122<br \/>\n<strong>Gestionarea culorilor:<\/strong>\u00a0Tabel cu zone cromatice inclus, cu posibilitate de trecere la tabelul aprobat PANTONE\u00ae, editor de zone cromatice de reper personalizate, software op\u021bional Xerox\u00ae Precise Colour Management System<\/p>\n<p><strong>Intrare de h\u00e2rtie Standard:<\/strong><\/p>\n<p>Tav\u0103 manual\u0103:\u00a0P\u00e2n\u0103 la 100 de coli; formate personalizate: \u00eentre 3,5 x 3,9 in. \u0219i 12,6 x 19 in.\/\u00eentre 88,9 x 98,4 mm \u0219i 320 x 482.6 mm;\u00a0 bannere: 12,6 x 52 in.\/320 x 1.320,8 mm (\u00eentre 64 \u0219i 350 g\/m2)<br \/>\nTava 1:\u00a0P\u00e2n\u0103 la 520 de coli; formate personalizate: \u00eentre 3,9 x 5,8 in. \u0219i 11,69 x 17 in.\/\u00eentre 100 x 148 mm \u0219i 297 x 431,8 mm (\u00eentre 64 \u0219i 350 g\/m2)<br \/>\nTava 2: P\u00e2n\u0103 la 520 de coli; formate personalizate: \u00eentre 3,9 x 5,8 in. \u0219i 12,6 x 18 in.\/\u00eentre 100 x 148 mm \u0219i 320 x 457,2 mm (\u00eentre 64 \u0219i 350 g\/m2)<\/p>\n<div class=\"row cf\">\n<div class=\"column half\">\n<p>&nbsp;<\/p>\n<\/div>\n<\/div>\n<p><img decoding=\"async\" loading=\"lazy\" class=\"aligncenter size-full wp-image-3876 no-display appear\" src=\"https:\/\/www.roxer.ro\/wp-content\/uploads\/2019\/03\/xerox_c9000.jpg\" sizes=\"(max-width: 858px) 100vw, 858px\" srcset=\"https:\/\/www.roxer.ro\/wp-content\/uploads\/2019\/03\/xerox_c9000.jpg 858w, https:\/\/www.roxer.ro\/wp-content\/uploads\/2019\/03\/xerox_c9000-300x233.jpg 300w, https:\/\/www.roxer.ro\/wp-content\/uploads\/2019\/03\/xerox_c9000-768x596.jpg 768w\" alt=\"xerox_c9000\" width=\"858\" height=\"666\" \/><\/p>\n<div class=\"addtoany_share_save_container addtoany_content addtoany_content_bottom\">\n<div class=\"addtoany_header\"><\/div>\n<\/div>\n<\/div>\n<\/div>\n<\/div>\n","protected":false},"excerpt":{"rendered":"<p>Imprimant\u0103 color <strong>Xerox VersaLink C9000<\/strong><\/p>\n<p><strong>VersaLink C9000<\/strong>\u00a0 \u2013 imprimanta preferat\u0103 a graficienilor profesioni\u0219ti \u0219i a grupurilor de design.\u00a0Rezolu\u021bie real\u0103 de 1200 x 2400 dpi. Rezolu\u021bia mare a imprimantei color Xerox\u00ae VersaLink C9000 permite realizarea unor fotografii cu aspect real, a unor imagini \u0219i grafice de calitate superioar\u0103 pentru prezent\u0103ri. Detaliile fine produc texte clar conturate, chiar \u0219i cu fonturile mici.<\/p>\n<p>Colorimetrul vine ca optiune doar la Xerox VersaLink C9000 \u2013 iar acest echipament stie sa printeze\u00a0<strong>o fa\u0163\u0103 350 gsm<\/strong>\u00a0(in mod normal rezervata doar echipamentelor de tipar digital) si\u00a0<strong>duplex 300 gsm<\/strong>.<\/p>\n","protected":false},"featured_media":4371,"template":"","meta":[],"product_cat":[15,114],"product_tag":[438,437,439,146,468,442,152,160,264],"yoast_head":"<!-- This site is optimized with the Yoast SEO plugin v20.3 - https:\/\/yoast.com\/wordpress\/plugins\/seo\/ -->\n<title>Imprimant\u0103 Xerox VersaLink C9000 - Roxer Grup<\/title>\n<meta name=\"robots\" content=\"noindex, follow, max-snippet:-1, max-image-preview:large, max-video-preview:-1\" \/>\n<meta property=\"og:locale\" content=\"ro_RO\" \/>\n<meta property=\"og:type\" content=\"article\" \/>\n<meta property=\"og:title\" content=\"Imprimant\u0103 Xerox VersaLink C9000 - Roxer Grup\" \/>\n<meta property=\"og:description\" content=\"Imprimant\u0103 color Xerox VersaLink C9000  VersaLink C9000\u00a0 \u2013 imprimanta preferat\u0103 a graficienilor profesioni\u0219ti \u0219i a grupurilor de design.\u00a0Rezolu\u021bie real\u0103 de 1200 x 2400 dpi. Rezolu\u021bia mare a imprimantei color Xerox\u00ae VersaLink C9000 permite realizarea unor fotografii cu aspect real, a unor imagini \u0219i grafice de calitate superioar\u0103 pentru prezent\u0103ri. Detaliile fine produc texte clar conturate, chiar \u0219i cu fonturile mici.  Colorimetrul vine ca optiune doar la Xerox VersaLink C9000 \u2013 iar acest echipament stie sa printeze\u00a0o fa\u0163\u0103 350 gsm\u00a0(in mod normal rezervata doar echipamentelor de tipar digital) si\u00a0duplex 300 gsm.\" \/>\n<meta property=\"og:url\" content=\"https:\/\/www.roxer.ro\/dev\/echipament\/imprimanta-xerox-versalink-c9000\" \/>\n<meta property=\"og:site_name\" content=\"Roxer Grup\" \/>\n<meta property=\"article:modified_time\" content=\"2020-11-23T16:19:38+00:00\" \/>\n<meta property=\"og:image\" content=\"https:\/\/www.roxer.ro\/dev\/wp-content\/uploads\/2020\/07\/e87c8396b556579a38c4c9e2e47f428c2ee0d2f41ebb11cc16e7fa5a3a8a73a5.jpg\" \/>\n\t<meta property=\"og:image:width\" content=\"1500\" \/>\n\t<meta property=\"og:image:height\" content=\"1200\" \/>\n\t<meta property=\"og:image:type\" content=\"image\/jpeg\" \/>\n<meta name=\"twitter:card\" content=\"summary_large_image\" \/>\n<meta name=\"twitter:label1\" content=\"Timp estimat pentru citire\" \/>\n\t<meta name=\"twitter:data1\" content=\"3 minute\" \/>\n<script type=\"application\/ld+json\" class=\"yoast-schema-graph\">{\"@context\":\"https:\/\/schema.org\",\"@graph\":[{\"@type\":\"WebPage\",\"@id\":\"https:\/\/www.roxer.ro\/dev\/echipament\/imprimanta-xerox-versalink-c9000\",\"url\":\"https:\/\/www.roxer.ro\/dev\/echipament\/imprimanta-xerox-versalink-c9000\",\"name\":\"Imprimant\u0103 Xerox VersaLink C9000 - Roxer Grup\",\"isPartOf\":{\"@id\":\"https:\/\/www.roxer.ro\/dev\/#website\"},\"datePublished\":\"2020-07-26T05:39:50+00:00\",\"dateModified\":\"2020-11-23T16:19:38+00:00\",\"breadcrumb\":{\"@id\":\"https:\/\/www.roxer.ro\/dev\/echipament\/imprimanta-xerox-versalink-c9000#breadcrumb\"},\"inLanguage\":\"ro-RO\",\"potentialAction\":[{\"@type\":\"ReadAction\",\"target\":[\"https:\/\/www.roxer.ro\/dev\/echipament\/imprimanta-xerox-versalink-c9000\"]}]},{\"@type\":\"BreadcrumbList\",\"@id\":\"https:\/\/www.roxer.ro\/dev\/echipament\/imprimanta-xerox-versalink-c9000#breadcrumb\",\"itemListElement\":[{\"@type\":\"ListItem\",\"position\":1,\"name\":\"Prima pagin\u0103\",\"item\":\"https:\/\/www.roxer.ro\/dev\/\"},{\"@type\":\"ListItem\",\"position\":2,\"name\":\"Echipamente\",\"item\":\"https:\/\/www.roxer.ro\/dev\/echipamente\"},{\"@type\":\"ListItem\",\"position\":3,\"name\":\"Imprimant\u0103 Xerox VersaLink C9000\"}]},{\"@type\":\"WebSite\",\"@id\":\"https:\/\/www.roxer.ro\/dev\/#website\",\"url\":\"https:\/\/www.roxer.ro\/dev\/\",\"name\":\"Roxer Grup\",\"description\":\"Xerox Cluj Napoca, Distribuitor Xerox Cluj, distribuitor Xerox S\u0103laj, distribuitor Xerox Bihor, distribuitor Xerox Maramure\u015f, distribuitor Xerox Bistri\u0163a N\u0103s\u0103ud, distribuitor Xerox Satu Mare\",\"publisher\":{\"@id\":\"https:\/\/www.roxer.ro\/dev\/#organization\"},\"potentialAction\":[{\"@type\":\"SearchAction\",\"target\":{\"@type\":\"EntryPoint\",\"urlTemplate\":\"https:\/\/www.roxer.ro\/dev\/?s={search_term_string}\"},\"query-input\":\"required name=search_term_string\"}],\"inLanguage\":\"ro-RO\"},{\"@type\":\"Organization\",\"@id\":\"https:\/\/www.roxer.ro\/dev\/#organization\",\"name\":\"Roxer Grup\",\"url\":\"https:\/\/www.roxer.ro\/dev\/\",\"logo\":{\"@type\":\"ImageObject\",\"inLanguage\":\"ro-RO\",\"@id\":\"https:\/\/www.roxer.ro\/dev\/#\/schema\/logo\/image\/\",\"url\":\"https:\/\/www.roxer.ro\/dev\/wp-content\/uploads\/2023\/05\/logo-roxer-1-e1684141209248.png\",\"contentUrl\":\"https:\/\/www.roxer.ro\/dev\/wp-content\/uploads\/2023\/05\/logo-roxer-1-e1684141209248.png\",\"width\":160,\"height\":57,\"caption\":\"Roxer Grup\"},\"image\":{\"@id\":\"https:\/\/www.roxer.ro\/dev\/#\/schema\/logo\/image\/\"}}]}<\/script>\n<!-- \/ Yoast SEO plugin. -->","yoast_head_json":{"title":"Imprimant\u0103 Xerox VersaLink C9000 - Roxer Grup","robots":{"index":"noindex","follow":"follow","max-snippet":"max-snippet:-1","max-image-preview":"max-image-preview:large","max-video-preview":"max-video-preview:-1"},"og_locale":"ro_RO","og_type":"article","og_title":"Imprimant\u0103 Xerox VersaLink C9000 - Roxer Grup","og_description":"Imprimant\u0103 color Xerox VersaLink C9000  VersaLink C9000\u00a0 \u2013 imprimanta preferat\u0103 a graficienilor profesioni\u0219ti \u0219i a grupurilor de design.\u00a0Rezolu\u021bie real\u0103 de 1200 x 2400 dpi. Rezolu\u021bia mare a imprimantei color Xerox\u00ae VersaLink C9000 permite realizarea unor fotografii cu aspect real, a unor imagini \u0219i grafice de calitate superioar\u0103 pentru prezent\u0103ri. Detaliile fine produc texte clar conturate, chiar \u0219i cu fonturile mici.  Colorimetrul vine ca optiune doar la Xerox VersaLink C9000 \u2013 iar acest echipament stie sa printeze\u00a0o fa\u0163\u0103 350 gsm\u00a0(in mod normal rezervata doar echipamentelor de tipar digital) si\u00a0duplex 300 gsm.","og_url":"https:\/\/www.roxer.ro\/dev\/echipament\/imprimanta-xerox-versalink-c9000","og_site_name":"Roxer Grup","article_modified_time":"2020-11-23T16:19:38+00:00","og_image":[{"width":1500,"height":1200,"url":"https:\/\/www.roxer.ro\/dev\/wp-content\/uploads\/2020\/07\/e87c8396b556579a38c4c9e2e47f428c2ee0d2f41ebb11cc16e7fa5a3a8a73a5.jpg","type":"image\/jpeg"}],"twitter_card":"summary_large_image","twitter_misc":{"Timp estimat pentru citire":"3 minute"},"schema":{"@context":"https:\/\/schema.org","@graph":[{"@type":"WebPage","@id":"https:\/\/www.roxer.ro\/dev\/echipament\/imprimanta-xerox-versalink-c9000","url":"https:\/\/www.roxer.ro\/dev\/echipament\/imprimanta-xerox-versalink-c9000","name":"Imprimant\u0103 Xerox VersaLink C9000 - Roxer Grup","isPartOf":{"@id":"https:\/\/www.roxer.ro\/dev\/#website"},"datePublished":"2020-07-26T05:39:50+00:00","dateModified":"2020-11-23T16:19:38+00:00","breadcrumb":{"@id":"https:\/\/www.roxer.ro\/dev\/echipament\/imprimanta-xerox-versalink-c9000#breadcrumb"},"inLanguage":"ro-RO","potentialAction":[{"@type":"ReadAction","target":["https:\/\/www.roxer.ro\/dev\/echipament\/imprimanta-xerox-versalink-c9000"]}]},{"@type":"BreadcrumbList","@id":"https:\/\/www.roxer.ro\/dev\/echipament\/imprimanta-xerox-versalink-c9000#breadcrumb","itemListElement":[{"@type":"ListItem","position":1,"name":"Prima pagin\u0103","item":"https:\/\/www.roxer.ro\/dev\/"},{"@type":"ListItem","position":2,"name":"Echipamente","item":"https:\/\/www.roxer.ro\/dev\/echipamente"},{"@type":"ListItem","position":3,"name":"Imprimant\u0103 Xerox VersaLink C9000"}]},{"@type":"WebSite","@id":"https:\/\/www.roxer.ro\/dev\/#website","url":"https:\/\/www.roxer.ro\/dev\/","name":"Roxer Grup","description":"Xerox Cluj Napoca, Distribuitor Xerox Cluj, distribuitor Xerox S\u0103laj, distribuitor Xerox Bihor, distribuitor Xerox Maramure\u015f, distribuitor Xerox Bistri\u0163a N\u0103s\u0103ud, distribuitor Xerox Satu Mare","publisher":{"@id":"https:\/\/www.roxer.ro\/dev\/#organization"},"potentialAction":[{"@type":"SearchAction","target":{"@type":"EntryPoint","urlTemplate":"https:\/\/www.roxer.ro\/dev\/?s={search_term_string}"},"query-input":"required name=search_term_string"}],"inLanguage":"ro-RO"},{"@type":"Organization","@id":"https:\/\/www.roxer.ro\/dev\/#organization","name":"Roxer Grup","url":"https:\/\/www.roxer.ro\/dev\/","logo":{"@type":"ImageObject","inLanguage":"ro-RO","@id":"https:\/\/www.roxer.ro\/dev\/#\/schema\/logo\/image\/","url":"https:\/\/www.roxer.ro\/dev\/wp-content\/uploads\/2023\/05\/logo-roxer-1-e1684141209248.png","contentUrl":"https:\/\/www.roxer.ro\/dev\/wp-content\/uploads\/2023\/05\/logo-roxer-1-e1684141209248.png","width":160,"height":57,"caption":"Roxer Grup"},"image":{"@id":"https:\/\/www.roxer.ro\/dev\/#\/schema\/logo\/image\/"}}]}},"_links":{"self":[{"href":"https:\/\/www.roxer.ro\/dev\/wp-json\/wp\/v2\/product\/4370"}],"collection":[{"href":"https:\/\/www.roxer.ro\/dev\/wp-json\/wp\/v2\/product"}],"about":[{"href":"https:\/\/www.roxer.ro\/dev\/wp-json\/wp\/v2\/types\/product"}],"wp:featuredmedia":[{"embeddable":true,"href":"https:\/\/www.roxer.ro\/dev\/wp-json\/wp\/v2\/media\/4371"}],"wp:attachment":[{"href":"https:\/\/www.roxer.ro\/dev\/wp-json\/wp\/v2\/media?parent=4370"}],"wp:term":[{"taxonomy":"product_cat","embeddable":true,"href":"https:\/\/www.roxer.ro\/dev\/wp-json\/wp\/v2\/product_cat?post=4370"},{"taxonomy":"product_tag","embeddable":true,"href":"https:\/\/www.roxer.ro\/dev\/wp-json\/wp\/v2\/product_tag?post=4370"}],"curies":[{"name":"wp","href":"https:\/\/api.w.org\/{rel}","templated":true}]}}