{"id":4391,"date":"2020-07-26T06:24:57","date_gmt":"2020-07-26T06:24:57","guid":{"rendered":"https:\/\/firstdesign.ro\/roxer\/?post_type=product&#038;p=4391"},"modified":"2022-10-25T13:35:54","modified_gmt":"2022-10-25T13:35:54","slug":"xerox-versalink-b7035-multifunctional-a3-alb-negru-35-ppm","status":"publish","type":"product","link":"https:\/\/www.roxer.ro\/dev\/echipament\/xerox-versalink-b7035-multifunctional-a3-alb-negru-35-ppm","title":{"rendered":"Xerox Versalink B7035 \u2013 imprimant\u0103 multifunc\u0163ional\u0103 A3 alb-negru"},"content":{"rendered":"<p><strong>Avantaje competitive pentru Imprimanta Multifunc\u0163ional\u0103 Xerox VersaLink B7035<\/strong><\/p>\n<p>\u2022 Ecran tactil color de 7 inchi, capacitiv \u0219i orientabil<br \/>\n\u2022 Conectivitate instantanee la servicii cloud \u0219i dispozitive mobile, direct de la interfa\u021ba cu utilizatorul<br \/>\n\u2022 Func\u021bie de previzualizare a fi\u0219ierelor scanate \u0219i a faxurilor, OCR integrat<br \/>\n\u2022 Portul USB amplasat frontal permite scanarea rapid\u0103 de la orice dispozitive standard de memorie USB c\u0103tre echipament<br \/>\n\u2022 Cost total de exploatare (TCO) avantajos datorit\u0103 versatilit\u0103\u021bii echipamentului<br \/>\n\u2022 Adresa de contacte unificat\u0103<br \/>\n\u2022 Tutoriale pentru a ghida utilizatorii non-tehnici \u00een configurare<br \/>\n\u2022 Xerox App Gallery permite accesul la aplicatii \u0219i func\u021bionalit\u0103\u021bi extinse, direct de la echipament (ex: Xerox Easy Translator Service)<br \/>\n\u2022 Imprimare securizat\u0103 \u0219i autentificare prin card pentru controlul accesului<\/p>\n<p><strong>Avantaje fa\u021b\u0103 de WorkCentre 53xx, echipamentul pe care noua serie \u00eel \u00eenlocuie\u015fte<\/strong><\/p>\n<p>\u2022 Versatlitate: Echipamentul este disponibil \u0219i \u00een configura\u021bii simplificate; Cu ajutorul op\u021biunilor se pot configura peste 25 variante de echipament!<br \/>\n\u2022 Procesor 1,05GHz Dual Core (vs. 667 MHz la 53xx);<br \/>\n\u2022 Tav\u0103 alimentare manual\u0103 de 100 pagini (vs 50 pagini la WC53xx) \u2013 suntem alinia\u021bi cu pia\u021ba \u0219i competi\u021bia<br \/>\n\u2022 Conectivitate: WiFi Direct, NFC \u00een standard, conectare simultan\u0103 pe fir \u0219i wireless, Air Print, Mopria, Google Cloud Print 2.0 (func\u021bionalit\u0103\u021bi inexistente la WC 53xx)<br \/>\n\u2022 Scan \u0219i fax preview, OCR &amp; Network scanning standard<br \/>\n\u2022 Integrare cu fluxuri de lucru cu ajutorul aplica\u021biilor (inexistente la WC53xx)<br \/>\n\u2022 Xerox Extensible Interface Platform (EIP) 3.7 (vs EIP 1.5 la WC53xx)<br \/>\n\u2022 Definire reguli de imprimare \u00een func\u021bie de utilizator, aplica\u021bii \u0219i interval orar \u00een standard (func\u021bionalitate specific\u0103 ConnectKey, care nu exist\u0103 pe WC53xx);<br \/>\n\u2022 Pre\u021b consumabile la nivelul pre\u021burilor promo\u021bionale (speciale) de WC53xx<\/p>\n<p><strong>Acest echipament poate fi achizi\u0163ionat \u015fi \u00een rate. Pentru detalii<a href=\"https:\/\/www.roxer.ro\/contact\/\" target=\"_blank\" rel=\"noopener noreferrer\">\u00a0contacteaz\u0103-ne<\/a>.<\/strong><\/p>\n","protected":false},"excerpt":{"rendered":"<p><strong>Xerox VersaLink B7035 &#8211; imprimant\u0103 multifunc\u0163ional\u0103 alb-negru (monocrom): copiere, imprimare, scanare, format A3.\u00a0<\/strong><\/p>\n<p>\u2022 Vitez\u0103 de imprimare de p\u00e2n\u0103 la 35 ppm mono<br \/>\n\u2022 Procesor 1,05GHz Dual Core, Memorie 2 GB<br \/>\n\u2022 Ecran Tactil Capacitive tip Swipe de 7\u2019\u2019 pentru o experien\u021b\u0103 similar\u0103 cu utilizarea dispozitivelor mobile<br \/>\n\u2022 Conectivitate USB 3.0, 10\/100\/1000 Base-T, NFC, op\u021bional Wi-Fi (497K16750)<br \/>\n\u2022 DADF de 110 de coli<br \/>\n\u2022 Xerox\u00aeStandard Accounting (copiere, imprimare, scanare, fax, e-mail), activarea contoriz\u0103rii \u00een re\u021bea, interfa\u021b\u0103 extern\u0103<br \/>\n\u2022 Imprimare din\/scanare \u00een Google Drive\u2122, Microsoft\u00ae OneDrive\u00ae, Dropbox\u2122, Microsoft Office 365\u00ae, Box\u00ae, Xerox\u00ae DocuShare\u00ae \u0219i altele.<\/p>\n<p>&nbsp;<\/p>\n","protected":false},"featured_media":4393,"template":"","meta":[],"product_cat":[125,117,118,15,115],"product_tag":[252],"yoast_head":"<!-- This site is optimized with the Yoast SEO plugin v20.3 - https:\/\/yoast.com\/wordpress\/plugins\/seo\/ -->\n<title>Xerox Versalink B7035 \u2013 imprimant\u0103 multifunc\u0163ional\u0103 A3 alb-negru - Roxer Grup<\/title>\n<meta name=\"robots\" content=\"noindex, follow, max-snippet:-1, max-image-preview:large, max-video-preview:-1\" \/>\n<meta property=\"og:locale\" content=\"ro_RO\" \/>\n<meta property=\"og:type\" content=\"article\" \/>\n<meta property=\"og:title\" content=\"Xerox Versalink B7035 \u2013 imprimant\u0103 multifunc\u0163ional\u0103 A3 alb-negru - Roxer Grup\" \/>\n<meta property=\"og:description\" content=\"Xerox VersaLink B7035 - imprimant\u0103 multifunc\u0163ional\u0103 alb-negru (monocrom): copiere, imprimare, scanare, format A3.\u00a0  \u2022 Vitez\u0103 de imprimare de p\u00e2n\u0103 la 35 ppm mono \u2022 Procesor 1,05GHz Dual Core, Memorie 2 GB \u2022 Ecran Tactil Capacitive tip Swipe de 7\u2019\u2019 pentru o experien\u021b\u0103 similar\u0103 cu utilizarea dispozitivelor mobile \u2022 Conectivitate USB 3.0, 10\/100\/1000 Base-T, NFC, op\u021bional Wi-Fi (497K16750) \u2022 DADF de 110 de coli \u2022 Xerox\u00aeStandard Accounting (copiere, imprimare, scanare, fax, e-mail), activarea contoriz\u0103rii \u00een re\u021bea, interfa\u021b\u0103 extern\u0103 \u2022 Imprimare din\/scanare \u00een Google Drive\u2122, Microsoft\u00ae OneDrive\u00ae, Dropbox\u2122, Microsoft Office 365\u00ae, Box\u00ae, Xerox\u00ae DocuShare\u00ae \u0219i altele.  &nbsp;\" \/>\n<meta property=\"og:url\" content=\"https:\/\/www.roxer.ro\/dev\/echipament\/xerox-versalink-b7035-multifunctional-a3-alb-negru-35-ppm\" \/>\n<meta property=\"og:site_name\" content=\"Roxer Grup\" \/>\n<meta property=\"article:modified_time\" content=\"2022-10-25T13:35:54+00:00\" \/>\n<meta property=\"og:image\" content=\"https:\/\/www.roxer.ro\/dev\/wp-content\/uploads\/2020\/07\/B7035-pt-site-1-702x336-3.jpg\" \/>\n\t<meta property=\"og:image:width\" content=\"702\" \/>\n\t<meta property=\"og:image:height\" content=\"336\" \/>\n\t<meta property=\"og:image:type\" content=\"image\/jpeg\" \/>\n<meta name=\"twitter:card\" content=\"summary_large_image\" \/>\n<meta name=\"twitter:label1\" content=\"Timp estimat pentru citire\" \/>\n\t<meta name=\"twitter:data1\" content=\"1 minut\" \/>\n<script type=\"application\/ld+json\" class=\"yoast-schema-graph\">{\"@context\":\"https:\/\/schema.org\",\"@graph\":[{\"@type\":\"WebPage\",\"@id\":\"https:\/\/www.roxer.ro\/dev\/echipament\/xerox-versalink-b7035-multifunctional-a3-alb-negru-35-ppm\",\"url\":\"https:\/\/www.roxer.ro\/dev\/echipament\/xerox-versalink-b7035-multifunctional-a3-alb-negru-35-ppm\",\"name\":\"Xerox Versalink B7035 \u2013 imprimant\u0103 multifunc\u0163ional\u0103 A3 alb-negru - Roxer Grup\",\"isPartOf\":{\"@id\":\"https:\/\/www.roxer.ro\/dev\/#website\"},\"datePublished\":\"2020-07-26T06:24:57+00:00\",\"dateModified\":\"2022-10-25T13:35:54+00:00\",\"breadcrumb\":{\"@id\":\"https:\/\/www.roxer.ro\/dev\/echipament\/xerox-versalink-b7035-multifunctional-a3-alb-negru-35-ppm#breadcrumb\"},\"inLanguage\":\"ro-RO\",\"potentialAction\":[{\"@type\":\"ReadAction\",\"target\":[\"https:\/\/www.roxer.ro\/dev\/echipament\/xerox-versalink-b7035-multifunctional-a3-alb-negru-35-ppm\"]}]},{\"@type\":\"BreadcrumbList\",\"@id\":\"https:\/\/www.roxer.ro\/dev\/echipament\/xerox-versalink-b7035-multifunctional-a3-alb-negru-35-ppm#breadcrumb\",\"itemListElement\":[{\"@type\":\"ListItem\",\"position\":1,\"name\":\"Prima pagin\u0103\",\"item\":\"https:\/\/www.roxer.ro\/dev\/\"},{\"@type\":\"ListItem\",\"position\":2,\"name\":\"Echipamente\",\"item\":\"https:\/\/www.roxer.ro\/dev\/echipamente\"},{\"@type\":\"ListItem\",\"position\":3,\"name\":\"Xerox Versalink B7035 \u2013 imprimant\u0103 multifunc\u0163ional\u0103 A3 alb-negru\"}]},{\"@type\":\"WebSite\",\"@id\":\"https:\/\/www.roxer.ro\/dev\/#website\",\"url\":\"https:\/\/www.roxer.ro\/dev\/\",\"name\":\"Roxer Grup\",\"description\":\"Xerox Cluj Napoca, Distribuitor Xerox Cluj, distribuitor Xerox S\u0103laj, distribuitor Xerox Bihor, distribuitor Xerox Maramure\u015f, distribuitor Xerox Bistri\u0163a N\u0103s\u0103ud, distribuitor Xerox Satu Mare\",\"publisher\":{\"@id\":\"https:\/\/www.roxer.ro\/dev\/#organization\"},\"potentialAction\":[{\"@type\":\"SearchAction\",\"target\":{\"@type\":\"EntryPoint\",\"urlTemplate\":\"https:\/\/www.roxer.ro\/dev\/?s={search_term_string}\"},\"query-input\":\"required name=search_term_string\"}],\"inLanguage\":\"ro-RO\"},{\"@type\":\"Organization\",\"@id\":\"https:\/\/www.roxer.ro\/dev\/#organization\",\"name\":\"Roxer Grup\",\"url\":\"https:\/\/www.roxer.ro\/dev\/\",\"logo\":{\"@type\":\"ImageObject\",\"inLanguage\":\"ro-RO\",\"@id\":\"https:\/\/www.roxer.ro\/dev\/#\/schema\/logo\/image\/\",\"url\":\"https:\/\/www.roxer.ro\/dev\/wp-content\/uploads\/2023\/05\/logo-roxer-1-e1684141209248.png\",\"contentUrl\":\"https:\/\/www.roxer.ro\/dev\/wp-content\/uploads\/2023\/05\/logo-roxer-1-e1684141209248.png\",\"width\":160,\"height\":57,\"caption\":\"Roxer Grup\"},\"image\":{\"@id\":\"https:\/\/www.roxer.ro\/dev\/#\/schema\/logo\/image\/\"}}]}<\/script>\n<!-- \/ Yoast SEO plugin. -->","yoast_head_json":{"title":"Xerox Versalink B7035 \u2013 imprimant\u0103 multifunc\u0163ional\u0103 A3 alb-negru - Roxer Grup","robots":{"index":"noindex","follow":"follow","max-snippet":"max-snippet:-1","max-image-preview":"max-image-preview:large","max-video-preview":"max-video-preview:-1"},"og_locale":"ro_RO","og_type":"article","og_title":"Xerox Versalink B7035 \u2013 imprimant\u0103 multifunc\u0163ional\u0103 A3 alb-negru - Roxer Grup","og_description":"Xerox VersaLink B7035 - imprimant\u0103 multifunc\u0163ional\u0103 alb-negru (monocrom): copiere, imprimare, scanare, format A3.\u00a0  \u2022 Vitez\u0103 de imprimare de p\u00e2n\u0103 la 35 ppm mono \u2022 Procesor 1,05GHz Dual Core, Memorie 2 GB \u2022 Ecran Tactil Capacitive tip Swipe de 7\u2019\u2019 pentru o experien\u021b\u0103 similar\u0103 cu utilizarea dispozitivelor mobile \u2022 Conectivitate USB 3.0, 10\/100\/1000 Base-T, NFC, op\u021bional Wi-Fi (497K16750) \u2022 DADF de 110 de coli \u2022 Xerox\u00aeStandard Accounting (copiere, imprimare, scanare, fax, e-mail), activarea contoriz\u0103rii \u00een re\u021bea, interfa\u021b\u0103 extern\u0103 \u2022 Imprimare din\/scanare \u00een Google Drive\u2122, Microsoft\u00ae OneDrive\u00ae, Dropbox\u2122, Microsoft Office 365\u00ae, Box\u00ae, Xerox\u00ae DocuShare\u00ae \u0219i altele.  &nbsp;","og_url":"https:\/\/www.roxer.ro\/dev\/echipament\/xerox-versalink-b7035-multifunctional-a3-alb-negru-35-ppm","og_site_name":"Roxer Grup","article_modified_time":"2022-10-25T13:35:54+00:00","og_image":[{"width":702,"height":336,"url":"https:\/\/www.roxer.ro\/dev\/wp-content\/uploads\/2020\/07\/B7035-pt-site-1-702x336-3.jpg","type":"image\/jpeg"}],"twitter_card":"summary_large_image","twitter_misc":{"Timp estimat pentru citire":"1 minut"},"schema":{"@context":"https:\/\/schema.org","@graph":[{"@type":"WebPage","@id":"https:\/\/www.roxer.ro\/dev\/echipament\/xerox-versalink-b7035-multifunctional-a3-alb-negru-35-ppm","url":"https:\/\/www.roxer.ro\/dev\/echipament\/xerox-versalink-b7035-multifunctional-a3-alb-negru-35-ppm","name":"Xerox Versalink B7035 \u2013 imprimant\u0103 multifunc\u0163ional\u0103 A3 alb-negru - Roxer Grup","isPartOf":{"@id":"https:\/\/www.roxer.ro\/dev\/#website"},"datePublished":"2020-07-26T06:24:57+00:00","dateModified":"2022-10-25T13:35:54+00:00","breadcrumb":{"@id":"https:\/\/www.roxer.ro\/dev\/echipament\/xerox-versalink-b7035-multifunctional-a3-alb-negru-35-ppm#breadcrumb"},"inLanguage":"ro-RO","potentialAction":[{"@type":"ReadAction","target":["https:\/\/www.roxer.ro\/dev\/echipament\/xerox-versalink-b7035-multifunctional-a3-alb-negru-35-ppm"]}]},{"@type":"BreadcrumbList","@id":"https:\/\/www.roxer.ro\/dev\/echipament\/xerox-versalink-b7035-multifunctional-a3-alb-negru-35-ppm#breadcrumb","itemListElement":[{"@type":"ListItem","position":1,"name":"Prima pagin\u0103","item":"https:\/\/www.roxer.ro\/dev\/"},{"@type":"ListItem","position":2,"name":"Echipamente","item":"https:\/\/www.roxer.ro\/dev\/echipamente"},{"@type":"ListItem","position":3,"name":"Xerox Versalink B7035 \u2013 imprimant\u0103 multifunc\u0163ional\u0103 A3 alb-negru"}]},{"@type":"WebSite","@id":"https:\/\/www.roxer.ro\/dev\/#website","url":"https:\/\/www.roxer.ro\/dev\/","name":"Roxer Grup","description":"Xerox Cluj Napoca, Distribuitor Xerox Cluj, distribuitor Xerox S\u0103laj, distribuitor Xerox Bihor, distribuitor Xerox Maramure\u015f, distribuitor Xerox Bistri\u0163a N\u0103s\u0103ud, distribuitor Xerox Satu Mare","publisher":{"@id":"https:\/\/www.roxer.ro\/dev\/#organization"},"potentialAction":[{"@type":"SearchAction","target":{"@type":"EntryPoint","urlTemplate":"https:\/\/www.roxer.ro\/dev\/?s={search_term_string}"},"query-input":"required name=search_term_string"}],"inLanguage":"ro-RO"},{"@type":"Organization","@id":"https:\/\/www.roxer.ro\/dev\/#organization","name":"Roxer Grup","url":"https:\/\/www.roxer.ro\/dev\/","logo":{"@type":"ImageObject","inLanguage":"ro-RO","@id":"https:\/\/www.roxer.ro\/dev\/#\/schema\/logo\/image\/","url":"https:\/\/www.roxer.ro\/dev\/wp-content\/uploads\/2023\/05\/logo-roxer-1-e1684141209248.png","contentUrl":"https:\/\/www.roxer.ro\/dev\/wp-content\/uploads\/2023\/05\/logo-roxer-1-e1684141209248.png","width":160,"height":57,"caption":"Roxer Grup"},"image":{"@id":"https:\/\/www.roxer.ro\/dev\/#\/schema\/logo\/image\/"}}]}},"_links":{"self":[{"href":"https:\/\/www.roxer.ro\/dev\/wp-json\/wp\/v2\/product\/4391"}],"collection":[{"href":"https:\/\/www.roxer.ro\/dev\/wp-json\/wp\/v2\/product"}],"about":[{"href":"https:\/\/www.roxer.ro\/dev\/wp-json\/wp\/v2\/types\/product"}],"wp:featuredmedia":[{"embeddable":true,"href":"https:\/\/www.roxer.ro\/dev\/wp-json\/wp\/v2\/media\/4393"}],"wp:attachment":[{"href":"https:\/\/www.roxer.ro\/dev\/wp-json\/wp\/v2\/media?parent=4391"}],"wp:term":[{"taxonomy":"product_cat","embeddable":true,"href":"https:\/\/www.roxer.ro\/dev\/wp-json\/wp\/v2\/product_cat?post=4391"},{"taxonomy":"product_tag","embeddable":true,"href":"https:\/\/www.roxer.ro\/dev\/wp-json\/wp\/v2\/product_tag?post=4391"}],"curies":[{"name":"wp","href":"https:\/\/api.w.org\/{rel}","templated":true}]}}