{"id":4398,"date":"2020-07-26T06:44:22","date_gmt":"2020-07-26T06:44:22","guid":{"rendered":"https:\/\/firstdesign.ro\/roxer\/?post_type=product&#038;p=4398"},"modified":"2020-11-26T17:11:12","modified_gmt":"2020-11-26T17:11:12","slug":"xerox-altalink-b8145-multifunctional-a3-alb-negru-45-ppm","status":"publish","type":"product","link":"https:\/\/www.roxer.ro\/dev\/echipament\/xerox-altalink-b8145-multifunctional-a3-alb-negru-45-ppm","title":{"rendered":"Xerox AltaLink B8145 \u2013 imprimant\u0103 multifunc\u0163ional\u0103 A3 alb-negru"},"content":{"rendered":"<p><iframe loading=\"lazy\" title=\"Xerox AltaLink 8100 Series: Multi-Function Printers For The Connected Workforce\" width=\"1200\" height=\"675\" src=\"https:\/\/www.youtube.com\/embed\/ZW53FkeADSk?feature=oembed\" frameborder=\"0\" allow=\"accelerometer; autoplay; clipboard-write; encrypted-media; gyroscope; picture-in-picture\" allowfullscreen><\/iframe><\/p>\n<p><strong>Oferirea productivit\u0103\u021bii grupului de lucru cu o not\u0103 personal\u0103<\/strong><\/p>\n<p>De\u0219i sunt dispozitive partajate, noile MFP AltaLink ofer\u0103 o experien\u021b\u0103 personalizat\u0103 pentru fiecare utilizator. La autentificare, fiecare utilizator \u00ee\u0219i vede configura\u021bia personalizat\u0103 cu aplica\u021biile \u0219i func\u021biile pe care le utilizeaz\u0103 cel mai des, economisind timp \u0219i \u00eembun\u0103t\u0103\u021bind productivitatea.<\/p>\n<p><strong>O platform\u0103 hardware comun\u0103 care ofer\u0103 multiple beneficii<\/strong><\/p>\n<p>Platforma hardware comun\u0103 a gamei AltaLink reduce costurile de inventar, servicii \u0219i asisten\u021b\u0103 \u0219i permite op\u021biuni de finisare partajate, inclusiv un nou Office Finisher Integrat (modele de p\u00e2n\u0103 la 55 ppm).<\/p>\n<p><strong>Caracteristici de productivitate<\/strong><\/p>\n<p>Noile ma\u0219in\u0103rii AltaLink sunt dotate \u0219i cu func\u021bia de previzualizare scanare pentru o scanare rapid\u0103, f\u0103r\u0103 erori \u0219i Bluetooth op\u021bional, pentru a permite dispozitivelor mobile Apple s\u0103 descopere \u0219i s\u0103 imprime prin intermediul dispozitivelor MFP AltaLink din apropiere \u2013 iBeacon Bluetooth.<\/p>\n<p>\u00cen plus, beneficiaz\u0103 de un alimentator automat de tip duplex, de 250 de coli, cu viteze de scanare de p\u00e2n\u0103 la 270 ipm, consumabile cu durat\u0103 lung\u0103 de via\u021b\u0103 pentru o productivitate crescut\u0103, imprimare pe foi lungi pentru bannere \u0219i ad\u0103ugarea unei evalu\u0103ri EPEAT * pentru etichetarea ecologic\u0103 de tip \u201dgold\u201d la lista AltaLink referitoare la datele de mediu.<\/p>\n","protected":false},"excerpt":{"rendered":"<p>Noua serie de imprimante multifunc\u0163ionale\u00a0<strong>Xerox AltaLink B8100<\/strong>\u00a0Series ofer\u0103 productivitate grupului de lucru cu o experien\u0163\u0103 personalizat\u0103 pentru fiecare utilizator.<\/p>\n<p><strong>Nout\u0103\u0163i Xerox AltaLink B100 fa\u0163\u0103 de seriile precedente<\/strong><\/p>\n<p class=\"photoswipe-wrapper\"><a class=\"dt-pswp-item pspw-wrap-ready\" href=\"https:\/\/www.roxer.ro\/wp-content\/uploads\/2020\/07\/xerox-altalink-8100.png\" data-dt-img-description=\"\" data-large_image_width=\"662\" data-large_image_height=\"445\"><img decoding=\"async\" loading=\"lazy\" class=\"size-medium wp-image-4378 alignleft\" src=\"https:\/\/www.roxer.ro\/wp-content\/uploads\/2020\/07\/xerox-altalink-8100-300x202.png\" alt=\"\" width=\"300\" height=\"202\" srcset=\"https:\/\/www.roxer.ro\/dev\/wp-content\/uploads\/2020\/07\/xerox-altalink-8100-300x202.png 300w, https:\/\/www.roxer.ro\/dev\/wp-content\/uploads\/2020\/07\/xerox-altalink-8100.png 662w\" sizes=\"(max-width: 300px) 100vw, 300px\" \/><\/a><\/p>\n<ul>\n<li>SSD 120 GB (inclus) \u2013 op\u0163ional HDD 500 GB.<\/li>\n<li>Toner de foarte mare capacitate, de p\u00e2n\u0103 la 52.000 de pagini Black.<\/li>\n<li>Cilindru de mare capacitate de p\u00e2n\u0103 198.000 de pagini.<\/li>\n<li>Dual Band Wireless Kit \u2013 2,4 si 5 GHz. (op\u0163ional)<\/li>\n<li>Alimentator automat de tip duplex, de p\u00e2n\u0103 la 250 de coli<\/li>\n<li>Senzor de proximitate \u2013 ecranul se aprinde cand se apropie utilizatorul de echipament.<\/li>\n<li>Banner de p\u00e2n\u0103 la 320 x 1320 mm;<\/li>\n<\/ul>\n<p>&nbsp;<\/p>\n","protected":false},"featured_media":4401,"template":"","meta":[],"product_cat":[117,118,15,115],"product_tag":[330],"yoast_head":"<!-- This site is optimized with the Yoast SEO plugin v20.3 - https:\/\/yoast.com\/wordpress\/plugins\/seo\/ -->\n<title>Xerox AltaLink B8145 \u2013 imprimant\u0103 multifunc\u0163ional\u0103 A3 alb-negru - Roxer Grup<\/title>\n<meta name=\"robots\" content=\"noindex, follow, max-snippet:-1, max-image-preview:large, max-video-preview:-1\" \/>\n<meta property=\"og:locale\" content=\"ro_RO\" \/>\n<meta property=\"og:type\" content=\"article\" \/>\n<meta property=\"og:title\" content=\"Xerox AltaLink B8145 \u2013 imprimant\u0103 multifunc\u0163ional\u0103 A3 alb-negru - Roxer Grup\" \/>\n<meta property=\"og:description\" content=\"Noua serie de imprimante multifunc\u0163ionale\u00a0Xerox AltaLink B8100\u00a0Series ofer\u0103 productivitate grupului de lucru cu o experien\u0163\u0103 personalizat\u0103 pentru fiecare utilizator.  Nout\u0103\u0163i Xerox AltaLink B100 fa\u0163\u0103 de seriile precedente     SSD 120 GB (inclus) \u2013 op\u0163ional HDD 500 GB.  Toner de foarte mare capacitate, de p\u00e2n\u0103 la 52.000 de pagini Black.  Cilindru de mare capacitate de p\u00e2n\u0103 198.000 de pagini.  Dual Band Wireless Kit \u2013 2,4 si 5 GHz. (op\u0163ional)  Alimentator automat de tip duplex, de p\u00e2n\u0103 la 250 de coli  Senzor de proximitate \u2013 ecranul se aprinde cand se apropie utilizatorul de echipament.  Banner de p\u00e2n\u0103 la 320 x 1320 mm;  &nbsp;\" \/>\n<meta property=\"og:url\" content=\"https:\/\/www.roxer.ro\/dev\/echipament\/xerox-altalink-b8145-multifunctional-a3-alb-negru-45-ppm\" \/>\n<meta property=\"og:site_name\" content=\"Roxer Grup\" \/>\n<meta property=\"article:modified_time\" content=\"2020-11-26T17:11:12+00:00\" \/>\n<meta property=\"og:image\" content=\"https:\/\/www.roxer.ro\/dev\/wp-content\/uploads\/2020\/07\/9995c0f2a5ea7bbb4d09925612b7043c2c71ea59d10cf4b06bce0a81e2319c2c.jpg\" \/>\n\t<meta property=\"og:image:width\" content=\"2048\" \/>\n\t<meta property=\"og:image:height\" content=\"1367\" \/>\n\t<meta property=\"og:image:type\" content=\"image\/jpeg\" \/>\n<meta name=\"twitter:card\" content=\"summary_large_image\" \/>\n<meta name=\"twitter:label1\" content=\"Timp estimat pentru citire\" \/>\n\t<meta name=\"twitter:data1\" content=\"1 minut\" \/>\n<script type=\"application\/ld+json\" class=\"yoast-schema-graph\">{\"@context\":\"https:\/\/schema.org\",\"@graph\":[{\"@type\":\"WebPage\",\"@id\":\"https:\/\/www.roxer.ro\/dev\/echipament\/xerox-altalink-b8145-multifunctional-a3-alb-negru-45-ppm\",\"url\":\"https:\/\/www.roxer.ro\/dev\/echipament\/xerox-altalink-b8145-multifunctional-a3-alb-negru-45-ppm\",\"name\":\"Xerox AltaLink B8145 \u2013 imprimant\u0103 multifunc\u0163ional\u0103 A3 alb-negru - Roxer Grup\",\"isPartOf\":{\"@id\":\"https:\/\/www.roxer.ro\/dev\/#website\"},\"datePublished\":\"2020-07-26T06:44:22+00:00\",\"dateModified\":\"2020-11-26T17:11:12+00:00\",\"breadcrumb\":{\"@id\":\"https:\/\/www.roxer.ro\/dev\/echipament\/xerox-altalink-b8145-multifunctional-a3-alb-negru-45-ppm#breadcrumb\"},\"inLanguage\":\"ro-RO\",\"potentialAction\":[{\"@type\":\"ReadAction\",\"target\":[\"https:\/\/www.roxer.ro\/dev\/echipament\/xerox-altalink-b8145-multifunctional-a3-alb-negru-45-ppm\"]}]},{\"@type\":\"BreadcrumbList\",\"@id\":\"https:\/\/www.roxer.ro\/dev\/echipament\/xerox-altalink-b8145-multifunctional-a3-alb-negru-45-ppm#breadcrumb\",\"itemListElement\":[{\"@type\":\"ListItem\",\"position\":1,\"name\":\"Prima pagin\u0103\",\"item\":\"https:\/\/www.roxer.ro\/dev\/\"},{\"@type\":\"ListItem\",\"position\":2,\"name\":\"Echipamente\",\"item\":\"https:\/\/www.roxer.ro\/dev\/echipamente\"},{\"@type\":\"ListItem\",\"position\":3,\"name\":\"Xerox AltaLink B8145 \u2013 imprimant\u0103 multifunc\u0163ional\u0103 A3 alb-negru\"}]},{\"@type\":\"WebSite\",\"@id\":\"https:\/\/www.roxer.ro\/dev\/#website\",\"url\":\"https:\/\/www.roxer.ro\/dev\/\",\"name\":\"Roxer Grup\",\"description\":\"Xerox Cluj Napoca, Distribuitor Xerox Cluj, distribuitor Xerox S\u0103laj, distribuitor Xerox Bihor, distribuitor Xerox Maramure\u015f, distribuitor Xerox Bistri\u0163a N\u0103s\u0103ud, distribuitor Xerox Satu Mare\",\"publisher\":{\"@id\":\"https:\/\/www.roxer.ro\/dev\/#organization\"},\"potentialAction\":[{\"@type\":\"SearchAction\",\"target\":{\"@type\":\"EntryPoint\",\"urlTemplate\":\"https:\/\/www.roxer.ro\/dev\/?s={search_term_string}\"},\"query-input\":\"required name=search_term_string\"}],\"inLanguage\":\"ro-RO\"},{\"@type\":\"Organization\",\"@id\":\"https:\/\/www.roxer.ro\/dev\/#organization\",\"name\":\"Roxer Grup\",\"url\":\"https:\/\/www.roxer.ro\/dev\/\",\"logo\":{\"@type\":\"ImageObject\",\"inLanguage\":\"ro-RO\",\"@id\":\"https:\/\/www.roxer.ro\/dev\/#\/schema\/logo\/image\/\",\"url\":\"https:\/\/www.roxer.ro\/dev\/wp-content\/uploads\/2023\/05\/logo-roxer-1-e1684141209248.png\",\"contentUrl\":\"https:\/\/www.roxer.ro\/dev\/wp-content\/uploads\/2023\/05\/logo-roxer-1-e1684141209248.png\",\"width\":160,\"height\":57,\"caption\":\"Roxer Grup\"},\"image\":{\"@id\":\"https:\/\/www.roxer.ro\/dev\/#\/schema\/logo\/image\/\"}}]}<\/script>\n<!-- \/ Yoast SEO plugin. -->","yoast_head_json":{"title":"Xerox AltaLink B8145 \u2013 imprimant\u0103 multifunc\u0163ional\u0103 A3 alb-negru - Roxer Grup","robots":{"index":"noindex","follow":"follow","max-snippet":"max-snippet:-1","max-image-preview":"max-image-preview:large","max-video-preview":"max-video-preview:-1"},"og_locale":"ro_RO","og_type":"article","og_title":"Xerox AltaLink B8145 \u2013 imprimant\u0103 multifunc\u0163ional\u0103 A3 alb-negru - Roxer Grup","og_description":"Noua serie de imprimante multifunc\u0163ionale\u00a0Xerox AltaLink B8100\u00a0Series ofer\u0103 productivitate grupului de lucru cu o experien\u0163\u0103 personalizat\u0103 pentru fiecare utilizator.  Nout\u0103\u0163i Xerox AltaLink B100 fa\u0163\u0103 de seriile precedente     SSD 120 GB (inclus) \u2013 op\u0163ional HDD 500 GB.  Toner de foarte mare capacitate, de p\u00e2n\u0103 la 52.000 de pagini Black.  Cilindru de mare capacitate de p\u00e2n\u0103 198.000 de pagini.  Dual Band Wireless Kit \u2013 2,4 si 5 GHz. (op\u0163ional)  Alimentator automat de tip duplex, de p\u00e2n\u0103 la 250 de coli  Senzor de proximitate \u2013 ecranul se aprinde cand se apropie utilizatorul de echipament.  Banner de p\u00e2n\u0103 la 320 x 1320 mm;  &nbsp;","og_url":"https:\/\/www.roxer.ro\/dev\/echipament\/xerox-altalink-b8145-multifunctional-a3-alb-negru-45-ppm","og_site_name":"Roxer Grup","article_modified_time":"2020-11-26T17:11:12+00:00","og_image":[{"width":2048,"height":1367,"url":"https:\/\/www.roxer.ro\/dev\/wp-content\/uploads\/2020\/07\/9995c0f2a5ea7bbb4d09925612b7043c2c71ea59d10cf4b06bce0a81e2319c2c.jpg","type":"image\/jpeg"}],"twitter_card":"summary_large_image","twitter_misc":{"Timp estimat pentru citire":"1 minut"},"schema":{"@context":"https:\/\/schema.org","@graph":[{"@type":"WebPage","@id":"https:\/\/www.roxer.ro\/dev\/echipament\/xerox-altalink-b8145-multifunctional-a3-alb-negru-45-ppm","url":"https:\/\/www.roxer.ro\/dev\/echipament\/xerox-altalink-b8145-multifunctional-a3-alb-negru-45-ppm","name":"Xerox AltaLink B8145 \u2013 imprimant\u0103 multifunc\u0163ional\u0103 A3 alb-negru - Roxer Grup","isPartOf":{"@id":"https:\/\/www.roxer.ro\/dev\/#website"},"datePublished":"2020-07-26T06:44:22+00:00","dateModified":"2020-11-26T17:11:12+00:00","breadcrumb":{"@id":"https:\/\/www.roxer.ro\/dev\/echipament\/xerox-altalink-b8145-multifunctional-a3-alb-negru-45-ppm#breadcrumb"},"inLanguage":"ro-RO","potentialAction":[{"@type":"ReadAction","target":["https:\/\/www.roxer.ro\/dev\/echipament\/xerox-altalink-b8145-multifunctional-a3-alb-negru-45-ppm"]}]},{"@type":"BreadcrumbList","@id":"https:\/\/www.roxer.ro\/dev\/echipament\/xerox-altalink-b8145-multifunctional-a3-alb-negru-45-ppm#breadcrumb","itemListElement":[{"@type":"ListItem","position":1,"name":"Prima pagin\u0103","item":"https:\/\/www.roxer.ro\/dev\/"},{"@type":"ListItem","position":2,"name":"Echipamente","item":"https:\/\/www.roxer.ro\/dev\/echipamente"},{"@type":"ListItem","position":3,"name":"Xerox AltaLink B8145 \u2013 imprimant\u0103 multifunc\u0163ional\u0103 A3 alb-negru"}]},{"@type":"WebSite","@id":"https:\/\/www.roxer.ro\/dev\/#website","url":"https:\/\/www.roxer.ro\/dev\/","name":"Roxer Grup","description":"Xerox Cluj Napoca, Distribuitor Xerox Cluj, distribuitor Xerox S\u0103laj, distribuitor Xerox Bihor, distribuitor Xerox Maramure\u015f, distribuitor Xerox Bistri\u0163a N\u0103s\u0103ud, distribuitor Xerox Satu Mare","publisher":{"@id":"https:\/\/www.roxer.ro\/dev\/#organization"},"potentialAction":[{"@type":"SearchAction","target":{"@type":"EntryPoint","urlTemplate":"https:\/\/www.roxer.ro\/dev\/?s={search_term_string}"},"query-input":"required name=search_term_string"}],"inLanguage":"ro-RO"},{"@type":"Organization","@id":"https:\/\/www.roxer.ro\/dev\/#organization","name":"Roxer Grup","url":"https:\/\/www.roxer.ro\/dev\/","logo":{"@type":"ImageObject","inLanguage":"ro-RO","@id":"https:\/\/www.roxer.ro\/dev\/#\/schema\/logo\/image\/","url":"https:\/\/www.roxer.ro\/dev\/wp-content\/uploads\/2023\/05\/logo-roxer-1-e1684141209248.png","contentUrl":"https:\/\/www.roxer.ro\/dev\/wp-content\/uploads\/2023\/05\/logo-roxer-1-e1684141209248.png","width":160,"height":57,"caption":"Roxer Grup"},"image":{"@id":"https:\/\/www.roxer.ro\/dev\/#\/schema\/logo\/image\/"}}]}},"_links":{"self":[{"href":"https:\/\/www.roxer.ro\/dev\/wp-json\/wp\/v2\/product\/4398"}],"collection":[{"href":"https:\/\/www.roxer.ro\/dev\/wp-json\/wp\/v2\/product"}],"about":[{"href":"https:\/\/www.roxer.ro\/dev\/wp-json\/wp\/v2\/types\/product"}],"wp:featuredmedia":[{"embeddable":true,"href":"https:\/\/www.roxer.ro\/dev\/wp-json\/wp\/v2\/media\/4401"}],"wp:attachment":[{"href":"https:\/\/www.roxer.ro\/dev\/wp-json\/wp\/v2\/media?parent=4398"}],"wp:term":[{"taxonomy":"product_cat","embeddable":true,"href":"https:\/\/www.roxer.ro\/dev\/wp-json\/wp\/v2\/product_cat?post=4398"},{"taxonomy":"product_tag","embeddable":true,"href":"https:\/\/www.roxer.ro\/dev\/wp-json\/wp\/v2\/product_tag?post=4398"}],"curies":[{"name":"wp","href":"https:\/\/api.w.org\/{rel}","templated":true}]}}