{"id":4411,"date":"2020-07-26T07:26:27","date_gmt":"2020-07-26T07:26:27","guid":{"rendered":"https:\/\/firstdesign.ro\/roxer\/?post_type=product&#038;p=4411"},"modified":"2020-11-26T17:02:58","modified_gmt":"2020-11-26T17:02:58","slug":"4411","status":"publish","type":"product","link":"https:\/\/www.roxer.ro\/dev\/echipament\/4411","title":{"rendered":"Xerox AltaLink B8090 \u2013 multifunc\u0163ional A3 alb-negru, 90 ppm"},"content":{"rendered":"<div id=\"land_body\" class=\"component\">\n<p><iframe loading=\"lazy\" title=\"Xerox\u00ae AltaLink\u00ae Workplace Assistants: New Features\" width=\"1200\" height=\"675\" src=\"https:\/\/www.youtube.com\/embed\/8T80dyB0s2g?feature=oembed\" frameborder=\"0\" allow=\"accelerometer; autoplay; clipboard-write; encrypted-media; gyroscope; picture-in-picture\" allowfullscreen><\/iframe><\/p>\n<p>&nbsp;<\/p>\n<p><strong>Copiere \u0219i Imprimare<\/strong><\/p>\n<ul>\n<li><strong>Rezolu\u0163ie de copiere:<\/strong>\u00a0p\u00e2n\u0103 la 600 x 600 dpi;<\/li>\n<li><strong>Rezolu\u0163ie de imprimare:<\/strong>\u00a0p\u00e2n\u0103 la 1200 x 1200, 256 nuan\u0163e de gri<\/li>\n<li><strong>Copierea primei pagini<\/strong>\u00a03,7 secunde de pe ecran\/7,4 secunde din alimentatorul de documente automat fa\u0163\u0103-verso (pentru B8045-B8055) sau 2,9 secunde de pe ecran\/6,9 secunde din alimentatorul de documente automat fa\u0163\u0103-verso (pentru B 8065-B 8090)<\/li>\n<li><strong>Imprimarea primei pagini<\/strong>\u00a0\u2013 4,9 secunde<\/li>\n<\/ul>\n<p><strong>Utilizare intuitiv\u0103 pentru Xerox\u00a0AltaLink B8090<\/strong><\/p>\n<ul>\n<li>Adaptare \u015fi personalizare: Personalizare de site, func\u0163ionare \u015fi flux de lucru cu Xerox App Gallery \u015fi Xerox\u00ae App Studio<\/li>\n<li>Drivere de imprimare: Identificare de lucr\u0103ri, stare lucru bidirec\u0163ional, monitorizarea lucr\u0103rilor, Xerox\u00ae Global Print Driver\u00ae, Xerox\u00ae Mobile Express Driver\u00ae<\/li>\n<li>Xerox\u00ae Embedded Web Server: PC sau mobil \u2013 informa\u0163ii de stare, set\u0103ri, gestionarea dispozitivului, clonare<\/li>\n<li>Consol\u0103\/previzualizare de la distan\u0163\u0103: Interfa\u0163\u0103 la distan\u0163\u0103<\/li>\n<li>Func\u0163ii de imprimare: Imprimare de pe USB, set de prob\u0103, imprimare personal\u0103, lucrare salvat\u0103, creare bro\u015furi, stocarea \u015fi reutilizarea set\u0103rilor de driver, scalare, monitorizarea lucr\u0103rilor, valori implicite pe aplica\u0163ii, imprimare fa\u0163\u0103-verso, mod schi\u0163\u0103<\/li>\n<\/ul>\n<p><strong><br \/>\nScanare \u015fi fax<\/strong><\/p>\n<ul>\n<li>Scanare pe USB\/\u00een e-mail\/\u00een re\u0163ea (FTP\/SMB), formate de fi\u015fiere din scanare: PDF, PDF\/A, XPS, JPG, TIFF; func\u0163ii pentru confort: scanare \u00eendirectorul personal, PDF cu posibilitate de c\u0103utare, PDF\/XPS\/TIFF cu o pagin\u0103\/multipagin\u0103, PDF protejat prin parol\u0103;<\/li>\n<li>Func\u0163ii fax: fax de la aparat (sunt disponibile op\u0163iuni pentru una sau trei linii, include fax LAN, fax direct, redirec\u0163ionarea de fax prin e-mail), formare fax, agend\u0103 cu adrese unificat\u0103, recunoa\u015fterea optic\u0103 a caracterelor (OCR), aplica\u0163ia Xerox\u00ae Mobile Link<\/li>\n<\/ul>\n<p><strong><br \/>\nSecuritate de referin\u021b\u0103<\/strong><\/p>\n<ul>\n<li>Securitate de re\u0163ea:IPsec, HTTPS, SFTP \u015fi e-mail criptat, autentificare \u00een re\u0163ea, SNMPv3, autentificare mesaj hash SHA-256, SSL, TLS, certificate de securitate, creare automat\u0103 de certificate cu autosemnareAcces la dispozitiv: Verificare firmware, accesul utilizatorilor \u015fi firewall intern, filtrare de porturi\/adrese IP\/domenii, jurnal de auditare, controlul accesului, permisiunile utilizatorilor, kit pentru utilizarea cardurilor inteligente (CAC\/PIV\/.NET), cititor de carduri RFID Xerox\u00ae E1.0 integrat<\/li>\n<li>Protec\u0163ia datelor: Hard disc criptat (AES 256 de bi\u0163i, FIPS 140-2, validat) \u015fi func\u0163ie de suprascriere a imaginilor, McAfee\u00ae ePolicy Orchestrator\u00ae,McAfee Integrity Control, liste albe, criptare la nivel de lucrare prin HTTPS \u015fi prin drivere<\/li>\n<li>Securitatea documentelor: Imprimare criptat\u0103 securizat\u0103, drivere de imprimare criptate FIPS<\/li>\n<\/ul>\n<p><strong><br \/>\nCompatibilitate cu servicii de ultim\u0103 genera\u021bie la Xerox AltaLink B8090<\/strong><\/p>\n<ul>\n<li>Gestionarea imprim\u0103rii Xerox\u00ae Print Management and Mobility Suite, clonare de configura\u0163ie, contorizare standard Xerox\u00ae, Equitrac, Y Soft, PaperCut \u015fi alte solu\u0163ii de la parteneri<\/li>\n<li>Gestionarea imprim\u0103rii Xerox\u00ae Device Manager, Xerox\u00ae Support Assistance, citirea automat\u0103 a contoarelor, instrumente pentru servicii de imprimare gestionate<\/li>\n<li>Durabilitate Cisco EnergyWise\u00ae, imprimarea ID-ului de utilizator pe margini, set\u0103ri de imprimare ecologice<\/li>\n<\/ul>\n<p><strong><br \/>\nAlimentare de h\u00e2rtie<\/strong><\/p>\n<ul>\n<li><strong>STANDARD:<\/strong>\u00a0Alimentator de documente automat fa\u0163\u0103-verso, cu o singur\u0103 trecere: 200 coli; Vitez\u0103: p\u00e2n\u0103 la 200 ipm (duplex);<\/li>\n<li><strong>Formate<\/strong>: de la 4,9 x 5 in. la 11,7 x 17 in.\/125 x 138 mm \u2013 297 x 432 mm<\/li>\n<li><strong>Tav\u0103 manual\u0103:<\/strong>\u00a0100 coli; Formate personalizate: 4,25 x 5,5 \u2013 11 x 17 in.\/A6 \u2013 A3<\/li>\n<li><strong>T\u0103vile 1 \u015fi 2:<\/strong>\u00a0500 coli fiecare; Formate personalizate: 5,5 x 8,5 \u2013 11 x 17 in.\/A5 \u2013 A3Modul alimentator de mare capacitate cu t\u0103vi \u00een tandem (5,5 x 8,5\u2033): 3.600 coli \u00een total (1.600 \u015fi 2.000 coli); Format 8,5 x 11 in.\/A4<\/li>\n<li><strong>OP\u021aIONAL<\/strong>: Alimentator de mare capacitate (HCF): 3.300 de coli; Format 8,5 x 11 in.\/A4 pe muchia lung\u0103<\/li>\n<li><strong>Kituri HCF<\/strong>\u00a0(necesit\u0103 HCF) (numai la B8065\/B8075\/B8090):<\/li>\n<li><strong>Kit de alimentare pe muchia scurt\u0103<\/strong>, 1.250 de coli 11 x 17 in. sau<\/li>\n<li><strong>Kit de alimentarepe muchia scurt\u0103<\/strong>, 1.250 de coli Letter\/Legal<\/li>\n<li><strong>Tav\u0103 pentru plicuri<\/strong>\u00a0(\u00eenlocuie\u015fte Tava 2): p\u00e2n\u0103 la 50 de plicuri: nr. 10 Comercial, Monarch, DL, C5<\/li>\n<\/ul>\n<p><strong><br \/>\nIe\u015fire h\u00e2rtie\/ Op\u0163ional<\/strong><\/p>\n<ul>\n<li>Finisare: Tav\u0103 offset de ie\u015fire (nu este disponibil\u0103 la B8090): 400 coli<\/li>\n<li>Finisher de birou: (nu este disponibil la B8090): t\u0103vi pentru 2.000 + 250 de coli, capsarea \u00een diferite pozi\u0163ii a 50 de coli, perforator op\u0163ional<\/li>\n<li>Finisher de birou cu dispozitiv de bro\u015furare: (nu este disponibil la B8090): t\u0103vi pentru 2.000 coli + 250 de coli, capsarea \u00een diferite pozi\u0163ii a 50 de coli, creare de bro\u015furi legate pe mijloc (2-15 coli (60 de pagini)), perforator op\u0163ional<\/li>\n<li>Finisher de mare volum (HVF): (op\u0163ional la B8065\/B8075; la B8090 este necesar un HVF sau HVF cu dispozitiv de bro\u015furare):t\u0103vi pentru 3.000 + 250 de coli, capsarea \u00een diferite pozi\u0163ii a 100 de coli, perforator op\u0163ional<\/li>\n<li>Finisher de mare volum cu dispozitiv de bro\u015furare: (op\u0163ional la B8065\/B8075\/B8090): t\u0103vi pentru 3.000 + 250 de coli,capsarea \u00een diferite pozi\u0163ii a 100 de coli, creare de bro\u015furi legate pe mijloc (2-15 coli (60 de pagini)), perforator op\u0163ional<\/li>\n<li>Unitatea de \u00eemp\u0103turire \u00een C\/Z: (op\u0163ional la HVF cu dispozitiv de bro\u015furare): include \u00eemp\u0103turirea \u00een Z \u015fi C a colilor cu format A4<\/li>\n<li>Dispozitiv de inserare post-procesare: (op\u0163ional la HVF \u015fi HVF cu dispozitiv de bro\u015furare): adaug\u0103 inser\u0103ri preimprimate<\/li>\n<li>Capsator manual: capseaz\u0103 50 de coli (h\u00e2rtie standard 75 g\/m\u00b2), necesit\u0103 suprafa\u021b\u0103 de lucru<\/li>\n<\/ul>\n<\/div>\n<p><strong>Acest echipament poate fi achizi\u0163ionat \u015fi \u00een rate. Pentru detalii<a href=\"https:\/\/www.roxer.ro\/contact\/\" target=\"_blank\" rel=\"noopener noreferrer\">\u00a0contacteaz\u0103-ne<\/a>.<\/strong><\/p>\n","protected":false},"excerpt":{"rendered":"<p><strong>Xerox AltaLink B8090<\/strong> Echipament care nu mai exista in oferta actual\u0103, a fost inlocuit de\u00a0 <a href=\"https:\/\/www.roxer.ro\/produs\/xerox-altalink-b8170-multifunctional-a3-alb-negru70-ppm\/\"><em><strong>Xerox AltaLink B8170<\/strong><\/em><\/a><\/p>\n<p><a href=\"https:\/\/www.xerox.com\/vids\/AltaLinkB8000_US\/index.html\" target=\"_blank\" rel=\"noopener noreferrer\"><em><strong>Tur virtual Xerox AltaLink B8090.<\/strong><\/em><\/a><\/p>\n<p class=\"product_title\"><strong>Xerox AltaLink B8090<\/strong>\u00a0asigur\u0103 o experien\u0163\u0103 de utilizare de ultim\u0103 or\u0103, accesibil\u0103 \u015fi prin dispozitive mobile. A fost creat pentru utilizare u\u015foar\u0103, pentru securitate \u015fi pentru flexibilitatea fluxurilor de lucru viitoare, prin aplica\u0163ii mobile (pute\u0163i r\u0103sfoi bro\u015fura \u00een baza articolului).<\/p>\n<div id=\"glance\" class=\"component\">\n<p><strong>Performan\u021b\u0103<\/strong><\/p>\n<ul>\n<li>Vitez\u0103: 90\u00a0ppm<\/li>\n<li>Volum lunar: P\u00e2n\u0103 la 175.000 \/400.000 pagini\/lun\u0103<\/li>\n<li>Unitate hard disc\/Procesor\/Memorie: HDD de cel pu\u0163in 250 GB\/1,8 GHz Quad Core\/4 GB memorie de sistem<\/li>\n<li>Conectivitate: 10\/100\/1000Base-T Ethernet, High-Speed USB 2.0 direct print, Wi-Fi Direct\u00ae cu adaptor USB Xerox\u00ae pentru re\u0163ele f\u0103r\u0103 fir, atingere pentru asociere NFC<\/li>\n<li>Limbaje de imprimare: Adobe\u00ae PostScript\u00ae 3\u2122, Adobe PDF versiunea 1.7, PCL\u00ae 5c\/PCL 6, op\u0163ional XML Paper Specification (XPS)<\/li>\n<\/ul>\n<\/div>\n<div id=\"land_body\" class=\"component\"><\/div>\n","protected":false},"featured_media":4395,"template":"","meta":[],"product_cat":[117,118],"product_tag":[255],"yoast_head":"<!-- This site is optimized with the Yoast SEO plugin v20.3 - https:\/\/yoast.com\/wordpress\/plugins\/seo\/ -->\n<title>Xerox AltaLink B8090 \u2013 multifunc\u0163ional A3 alb-negru, 90 ppm - Roxer Grup<\/title>\n<meta name=\"robots\" content=\"noindex, follow, max-snippet:-1, max-image-preview:large, max-video-preview:-1\" \/>\n<meta property=\"og:locale\" content=\"ro_RO\" \/>\n<meta property=\"og:type\" content=\"article\" \/>\n<meta property=\"og:title\" content=\"Xerox AltaLink B8090 \u2013 multifunc\u0163ional A3 alb-negru, 90 ppm - Roxer Grup\" \/>\n<meta property=\"og:description\" content=\"Xerox AltaLink B8090 Echipament care nu mai exista in oferta actual\u0103, a fost inlocuit de\u00a0 Xerox AltaLink B8170  Tur virtual Xerox AltaLink B8090. Xerox AltaLink B8090\u00a0asigur\u0103 o experien\u0163\u0103 de utilizare de ultim\u0103 or\u0103, accesibil\u0103 \u015fi prin dispozitive mobile. A fost creat pentru utilizare u\u015foar\u0103, pentru securitate \u015fi pentru flexibilitatea fluxurilor de lucru viitoare, prin aplica\u0163ii mobile (pute\u0163i r\u0103sfoi bro\u015fura \u00een baza articolului).    Performan\u021b\u0103   Vitez\u0103: 90\u00a0ppm  Volum lunar: P\u00e2n\u0103 la 175.000 \/400.000 pagini\/lun\u0103  Unitate hard disc\/Procesor\/Memorie: HDD de cel pu\u0163in 250 GB\/1,8 GHz Quad Core\/4 GB memorie de sistem  Conectivitate: 10\/100\/1000Base-T Ethernet, High-Speed USB 2.0 direct print, Wi-Fi Direct\u00ae cu adaptor USB Xerox\u00ae pentru re\u0163ele f\u0103r\u0103 fir, atingere pentru asociere NFC  Limbaje de imprimare: Adobe\u00ae PostScript\u00ae 3\u2122, Adobe PDF versiunea 1.7, PCL\u00ae 5c\/PCL 6, op\u0163ional XML Paper Specification (XPS)\" \/>\n<meta property=\"og:url\" content=\"https:\/\/www.roxer.ro\/dev\/echipament\/4411\" \/>\n<meta property=\"og:site_name\" content=\"Roxer Grup\" \/>\n<meta property=\"article:modified_time\" content=\"2020-11-26T17:02:58+00:00\" \/>\n<meta property=\"og:image\" content=\"https:\/\/www.roxer.ro\/dev\/wp-content\/uploads\/2020\/07\/altalink-b8000-640x336-1.jpg\" \/>\n\t<meta property=\"og:image:width\" content=\"640\" \/>\n\t<meta property=\"og:image:height\" content=\"336\" \/>\n\t<meta property=\"og:image:type\" content=\"image\/jpeg\" \/>\n<meta name=\"twitter:card\" content=\"summary_large_image\" \/>\n<meta name=\"twitter:label1\" content=\"Timp estimat pentru citire\" \/>\n\t<meta name=\"twitter:data1\" content=\"4 minute\" \/>\n<script type=\"application\/ld+json\" class=\"yoast-schema-graph\">{\"@context\":\"https:\/\/schema.org\",\"@graph\":[{\"@type\":\"WebPage\",\"@id\":\"https:\/\/www.roxer.ro\/dev\/echipament\/4411\",\"url\":\"https:\/\/www.roxer.ro\/dev\/echipament\/4411\",\"name\":\"Xerox AltaLink B8090 \u2013 multifunc\u0163ional A3 alb-negru, 90 ppm - Roxer Grup\",\"isPartOf\":{\"@id\":\"https:\/\/www.roxer.ro\/dev\/#website\"},\"datePublished\":\"2020-07-26T07:26:27+00:00\",\"dateModified\":\"2020-11-26T17:02:58+00:00\",\"breadcrumb\":{\"@id\":\"https:\/\/www.roxer.ro\/dev\/echipament\/4411#breadcrumb\"},\"inLanguage\":\"ro-RO\",\"potentialAction\":[{\"@type\":\"ReadAction\",\"target\":[\"https:\/\/www.roxer.ro\/dev\/echipament\/4411\"]}]},{\"@type\":\"BreadcrumbList\",\"@id\":\"https:\/\/www.roxer.ro\/dev\/echipament\/4411#breadcrumb\",\"itemListElement\":[{\"@type\":\"ListItem\",\"position\":1,\"name\":\"Prima pagin\u0103\",\"item\":\"https:\/\/www.roxer.ro\/dev\/\"},{\"@type\":\"ListItem\",\"position\":2,\"name\":\"Echipamente\",\"item\":\"https:\/\/www.roxer.ro\/dev\/echipamente\"},{\"@type\":\"ListItem\",\"position\":3,\"name\":\"Xerox AltaLink B8090 \u2013 multifunc\u0163ional A3 alb-negru, 90 ppm\"}]},{\"@type\":\"WebSite\",\"@id\":\"https:\/\/www.roxer.ro\/dev\/#website\",\"url\":\"https:\/\/www.roxer.ro\/dev\/\",\"name\":\"Roxer Grup\",\"description\":\"Xerox Cluj Napoca, Distribuitor Xerox Cluj, distribuitor Xerox S\u0103laj, distribuitor Xerox Bihor, distribuitor Xerox Maramure\u015f, distribuitor Xerox Bistri\u0163a N\u0103s\u0103ud, distribuitor Xerox Satu Mare\",\"publisher\":{\"@id\":\"https:\/\/www.roxer.ro\/dev\/#organization\"},\"potentialAction\":[{\"@type\":\"SearchAction\",\"target\":{\"@type\":\"EntryPoint\",\"urlTemplate\":\"https:\/\/www.roxer.ro\/dev\/?s={search_term_string}\"},\"query-input\":\"required name=search_term_string\"}],\"inLanguage\":\"ro-RO\"},{\"@type\":\"Organization\",\"@id\":\"https:\/\/www.roxer.ro\/dev\/#organization\",\"name\":\"Roxer Grup\",\"url\":\"https:\/\/www.roxer.ro\/dev\/\",\"logo\":{\"@type\":\"ImageObject\",\"inLanguage\":\"ro-RO\",\"@id\":\"https:\/\/www.roxer.ro\/dev\/#\/schema\/logo\/image\/\",\"url\":\"https:\/\/www.roxer.ro\/dev\/wp-content\/uploads\/2023\/05\/logo-roxer-1-e1684141209248.png\",\"contentUrl\":\"https:\/\/www.roxer.ro\/dev\/wp-content\/uploads\/2023\/05\/logo-roxer-1-e1684141209248.png\",\"width\":160,\"height\":57,\"caption\":\"Roxer Grup\"},\"image\":{\"@id\":\"https:\/\/www.roxer.ro\/dev\/#\/schema\/logo\/image\/\"}}]}<\/script>\n<!-- \/ Yoast SEO plugin. -->","yoast_head_json":{"title":"Xerox AltaLink B8090 \u2013 multifunc\u0163ional A3 alb-negru, 90 ppm - Roxer Grup","robots":{"index":"noindex","follow":"follow","max-snippet":"max-snippet:-1","max-image-preview":"max-image-preview:large","max-video-preview":"max-video-preview:-1"},"og_locale":"ro_RO","og_type":"article","og_title":"Xerox AltaLink B8090 \u2013 multifunc\u0163ional A3 alb-negru, 90 ppm - Roxer Grup","og_description":"Xerox AltaLink B8090 Echipament care nu mai exista in oferta actual\u0103, a fost inlocuit de\u00a0 Xerox AltaLink B8170  Tur virtual Xerox AltaLink B8090. Xerox AltaLink B8090\u00a0asigur\u0103 o experien\u0163\u0103 de utilizare de ultim\u0103 or\u0103, accesibil\u0103 \u015fi prin dispozitive mobile. A fost creat pentru utilizare u\u015foar\u0103, pentru securitate \u015fi pentru flexibilitatea fluxurilor de lucru viitoare, prin aplica\u0163ii mobile (pute\u0163i r\u0103sfoi bro\u015fura \u00een baza articolului).    Performan\u021b\u0103   Vitez\u0103: 90\u00a0ppm  Volum lunar: P\u00e2n\u0103 la 175.000 \/400.000 pagini\/lun\u0103  Unitate hard disc\/Procesor\/Memorie: HDD de cel pu\u0163in 250 GB\/1,8 GHz Quad Core\/4 GB memorie de sistem  Conectivitate: 10\/100\/1000Base-T Ethernet, High-Speed USB 2.0 direct print, Wi-Fi Direct\u00ae cu adaptor USB Xerox\u00ae pentru re\u0163ele f\u0103r\u0103 fir, atingere pentru asociere NFC  Limbaje de imprimare: Adobe\u00ae PostScript\u00ae 3\u2122, Adobe PDF versiunea 1.7, PCL\u00ae 5c\/PCL 6, op\u0163ional XML Paper Specification (XPS)","og_url":"https:\/\/www.roxer.ro\/dev\/echipament\/4411","og_site_name":"Roxer Grup","article_modified_time":"2020-11-26T17:02:58+00:00","og_image":[{"width":640,"height":336,"url":"https:\/\/www.roxer.ro\/dev\/wp-content\/uploads\/2020\/07\/altalink-b8000-640x336-1.jpg","type":"image\/jpeg"}],"twitter_card":"summary_large_image","twitter_misc":{"Timp estimat pentru citire":"4 minute"},"schema":{"@context":"https:\/\/schema.org","@graph":[{"@type":"WebPage","@id":"https:\/\/www.roxer.ro\/dev\/echipament\/4411","url":"https:\/\/www.roxer.ro\/dev\/echipament\/4411","name":"Xerox AltaLink B8090 \u2013 multifunc\u0163ional A3 alb-negru, 90 ppm - Roxer Grup","isPartOf":{"@id":"https:\/\/www.roxer.ro\/dev\/#website"},"datePublished":"2020-07-26T07:26:27+00:00","dateModified":"2020-11-26T17:02:58+00:00","breadcrumb":{"@id":"https:\/\/www.roxer.ro\/dev\/echipament\/4411#breadcrumb"},"inLanguage":"ro-RO","potentialAction":[{"@type":"ReadAction","target":["https:\/\/www.roxer.ro\/dev\/echipament\/4411"]}]},{"@type":"BreadcrumbList","@id":"https:\/\/www.roxer.ro\/dev\/echipament\/4411#breadcrumb","itemListElement":[{"@type":"ListItem","position":1,"name":"Prima pagin\u0103","item":"https:\/\/www.roxer.ro\/dev\/"},{"@type":"ListItem","position":2,"name":"Echipamente","item":"https:\/\/www.roxer.ro\/dev\/echipamente"},{"@type":"ListItem","position":3,"name":"Xerox AltaLink B8090 \u2013 multifunc\u0163ional A3 alb-negru, 90 ppm"}]},{"@type":"WebSite","@id":"https:\/\/www.roxer.ro\/dev\/#website","url":"https:\/\/www.roxer.ro\/dev\/","name":"Roxer Grup","description":"Xerox Cluj Napoca, Distribuitor Xerox Cluj, distribuitor Xerox S\u0103laj, distribuitor Xerox Bihor, distribuitor Xerox Maramure\u015f, distribuitor Xerox Bistri\u0163a N\u0103s\u0103ud, distribuitor Xerox Satu Mare","publisher":{"@id":"https:\/\/www.roxer.ro\/dev\/#organization"},"potentialAction":[{"@type":"SearchAction","target":{"@type":"EntryPoint","urlTemplate":"https:\/\/www.roxer.ro\/dev\/?s={search_term_string}"},"query-input":"required name=search_term_string"}],"inLanguage":"ro-RO"},{"@type":"Organization","@id":"https:\/\/www.roxer.ro\/dev\/#organization","name":"Roxer Grup","url":"https:\/\/www.roxer.ro\/dev\/","logo":{"@type":"ImageObject","inLanguage":"ro-RO","@id":"https:\/\/www.roxer.ro\/dev\/#\/schema\/logo\/image\/","url":"https:\/\/www.roxer.ro\/dev\/wp-content\/uploads\/2023\/05\/logo-roxer-1-e1684141209248.png","contentUrl":"https:\/\/www.roxer.ro\/dev\/wp-content\/uploads\/2023\/05\/logo-roxer-1-e1684141209248.png","width":160,"height":57,"caption":"Roxer Grup"},"image":{"@id":"https:\/\/www.roxer.ro\/dev\/#\/schema\/logo\/image\/"}}]}},"_links":{"self":[{"href":"https:\/\/www.roxer.ro\/dev\/wp-json\/wp\/v2\/product\/4411"}],"collection":[{"href":"https:\/\/www.roxer.ro\/dev\/wp-json\/wp\/v2\/product"}],"about":[{"href":"https:\/\/www.roxer.ro\/dev\/wp-json\/wp\/v2\/types\/product"}],"wp:featuredmedia":[{"embeddable":true,"href":"https:\/\/www.roxer.ro\/dev\/wp-json\/wp\/v2\/media\/4395"}],"wp:attachment":[{"href":"https:\/\/www.roxer.ro\/dev\/wp-json\/wp\/v2\/media?parent=4411"}],"wp:term":[{"taxonomy":"product_cat","embeddable":true,"href":"https:\/\/www.roxer.ro\/dev\/wp-json\/wp\/v2\/product_cat?post=4411"},{"taxonomy":"product_tag","embeddable":true,"href":"https:\/\/www.roxer.ro\/dev\/wp-json\/wp\/v2\/product_tag?post=4411"}],"curies":[{"name":"wp","href":"https:\/\/api.w.org\/{rel}","templated":true}]}}