{"id":4420,"date":"2020-07-26T07:50:17","date_gmt":"2020-07-26T07:50:17","guid":{"rendered":"https:\/\/firstdesign.ro\/roxer\/?post_type=product&#038;p=4420"},"modified":"2022-10-25T13:36:43","modified_gmt":"2022-10-25T13:36:43","slug":"xerox-versalink-c7025-multifunctional-a3-color-25-ppm","status":"publish","type":"product","link":"https:\/\/www.roxer.ro\/dev\/echipament\/xerox-versalink-c7025-multifunctional-a3-color-25-ppm","title":{"rendered":"Xerox VersaLink C7025 \u2013 multifunc\u0163ional A3 color, 25 ppm"},"content":{"rendered":"<div id=\"land_body\" class=\"component\">\n<p><iframe loading=\"lazy\" title=\"Xerox\u00ae VersaLink C7000 Series Color Multifunction Printer\" width=\"1200\" height=\"675\" src=\"https:\/\/www.youtube.com\/embed\/qNUyiGhM0x8?feature=oembed\" frameborder=\"0\" allow=\"accelerometer; autoplay; clipboard-write; encrypted-media; gyroscope; picture-in-picture\" allowfullscreen><\/iframe><\/p>\n<p>&nbsp;<\/p>\n<p><strong>Copiere si Imprimare pentru\u00a0Xerox VersaLink C7025<\/strong><\/p>\n<ul>\n<li><strong>Copierea primei pagini (vitez\u0103)<\/strong>: 9,0 secunde color\/6,9 secunde alb-negru(C7020\/25) 7,2 secunde color\/5,8 secunde alb-negru (C7030)<\/li>\n<li><strong>Imprimarea primei pagini:<\/strong>\u00a09,4 secunde color\/7,2 secunde alb-negru (C7020); 9,4 secunde color\/7,1 secunde alb-negru (C7030); 7,3 secunde color\/5,6 secunde alb-negru (C7035)<\/li>\n<li><strong>Limbaje de imprimare:<\/strong>\u00a0PCL\u00ae 5e\/PCL 6\/PDF\/XPS\/TIFF\/JPEG\/HP-GL\/op\u0163ional Adobe\u00ae PostScript\u00ae 3\u2122<\/li>\n<\/ul>\n<p>&nbsp;<\/p>\n<p><strong>Scanare<\/strong><\/p>\n<ul>\n<li>Recunoa\u015fterea optic\u0103 a caracterelor (OCR), scanare c\u0103tre USB\/e-mail\/re\u0163ea (FTP\/SMB), formate de fi\u015fiere de scanare: PDF, PDF\/A, XPS, JPEG, TIFF; func\u0163ii pentru confort: scanare \u00een directorul personal, PDF cu posibilitate de c\u0103utare, PDF\/XPS\/TIFF\/PDF protejat prin parol\u0103 cu una\/mai multe pagini.<\/li>\n<\/ul>\n<p><strong>Fax<\/strong><\/p>\n<ul>\n<li>Fax de la aparat op\u0163ional (sunt disponibile op\u0163iuni pentru una sau trei linii, include fax LAN, fax direct, redirec\u0163ionare fax c\u0103tre e-mail), Fax Over IP op\u0163ional<\/li>\n<\/ul>\n<p><strong>Alimentare cu h\u00e2rtie<\/strong><\/p>\n<ul>\n<li><strong>Standard:<\/strong>\u00a0Dispozitiv automat de alimentare fa\u0163\u0103-verso (DADF): 110 coli: vitez\u0103: p\u00e2n\u0103 la 55 ipm; formate personalizate (duplex): 4,92 x 4,33 in. \u2013 11,69 x 17 in.\/125 x110 mm \u2013 297 x 431,8 mm; Formate personalizate (simplex): 4,92 x 3,35 in. \u2013 11,69 x 17 in.\/125 x 85 mm \u2013 297 x 431,8 mm; Tava manual\u0103: 100 coli; Formate personalizate: 3,5 x 3,87 in. \u2013 11,69 x 17 in.\/88,9 x 98,4 mm \u2013 297 x 431,8 mm; Tava 1: 520 coli; Formate personalizate: 5,5 x 7,17 in. \u2013 11,69 x 17 in.\/139,7 x 182 mm \u2013 297 x 431,8 mm<\/li>\n<li><strong>La alegere:<\/strong>\u00a0Modul cu o singur\u0103 tav\u0103: 520 coli; Formate personalizate: 5,5 x 7,17 in. \u2013 11,69 x 17 in.\/139,7 x 182 mm \u2013 297 x 431,8 mm; O singur\u0103 tav\u0103 cu suport: 520 coli; Formate personalizate: 5,5 x 7,17 in. \u2013 11,69 x 17 in.\/139,7 x 182 mm \u2013 297 x 431,8 mm; Modul cu trei t\u0103vi \u015fi suport (1.560 coli): c\u00e2te 520 coli; formate personalizate: 5,5 x 7,17 in. \u2013 11,69 x 17 in.\/139,7 x 182 mm \u2013 297 x 431,8 mm; Alimentator de mare capacitate cu t\u0103vi \u00een tandem \u015fi suport (2.520 coli): Tava 2: 520 coli; Formate personalizate: 5,5 x 7,17 in. \u2013 11,69 x 17 in.\/139,7 x182 mm \u2013 297 x 431,8 mm; Tava 3: 870 coli; Formate standard: 8,5 x 11 in. \u015fi 7,25 x 10,5 in.\/A4 sau B5; Tava 4: 1.130 de coli; Formate standard: 8,5 x 11 in. \u015fi 7,25 x 10,5 in.\/A4 sau B5<\/li>\n<li><strong>Op\u0163ional:<\/strong>\u00a0Tav\u0103 pentru plicuri: p\u00e2n\u0103 la 60 de plicuri: nr. 10 comercial, Monarch, DL, C5; Format personalizate: 3,9 x 5,8 in. \u2013 6,4 x 9,5 in.\/98 x 148 mm \u2013 162 x 241 mm; Alimentator de mare capacitate (HCF): 2.000 de coli; Formate standard: 8,5 x 11 in. \u015fi 7,25 x 10,5 in.\/A4 sau B5<\/li>\n<\/ul>\n<p><strong><br \/>\nCompatibilitate cu servicii de Cloud \u0219i dispozitive mobile la\u00a0Xerox VersaLink C7025<\/strong><\/p>\n<ul>\n<li><strong>Imprimare mobil\u0103:<\/strong>\u00a0Apple\u00ae AirPrint\u00ae5, compatibilitate cu Google Cloud Print\u2122, pluginuri Xerox\u00ae Print Service \u015fi Mopria\u00ae Print Service pentru Android\u2122<\/li>\n<li><strong>Op\u0163iuni de servicii mobile:<\/strong>\u00a0@PrintByXerox3, Xerox\u00ae Mobile Print \u015fi Mobile Print Cloud4, conectare prin NFC\/Wi-Fi Direct Printing4, aplica\u0163ia Xerox\u00ae Mobile Link3.<br \/>\nAccesa\u0163i www.xerox.com\/officemobileapps pentru a afla ce aplica\u0163ii sunt disponibile.<\/li>\n<li><strong>Programe conector de cloud:<\/strong>\u00a0Imprimare din\/scanare \u00een Google Drive\u2122, Microsoft\u00ae OneDrive\u00ae, Dropbox\u2122, Microsoft Office 365\u00ae, Box\u00ae, platforma Xerox\u00ae DocuShare\u00ae \u015fi altele<\/li>\n<\/ul>\n<p><strong>Ie\u0219ire h\u00e2rtie\/Finisare<\/strong><\/p>\n<ul>\n<li><strong>Standard:<\/strong>\u00a0Tav\u0103 central\u0103 de 500 de coli<\/li>\n<li><strong>Op\u0163ional:<\/strong>\u00a0Tav\u0103 central\u0103 de 500 de coli; Modul cu dou\u0103 t\u0103vi de ie\u0219ire: c\u00e2te 250 de coli, Offseturi tav\u0103 inferioar\u0103; Finisher de birou integrat: stivuitor 500 de coli, capsare 50 de coli \u00eentr-o singur\u0103 pozi\u0163ie; Finisher de birou LX: stivuitor 2.000 de coli, capsare 50 de coli \u00een 3 pozi\u0163ii, perforare op\u0163ional\u0103, dispozitiv de bro\u015furare op\u0163ional (pliere, capsare la mijloc); Capsator manual cu suprafa\u0163\u0103 de lucru: Capsator de 50 de coli<\/li>\n<\/ul>\n<ul>\n<li><strong>Securitate de re\u0163ea:<\/strong>\u00a0IPsec, HTTPS, e-mail criptat. autentificare \u00een re\u0163ea, SNMPv3, SSL\/TLS, certificate de securitate, creare automat\u0103 de certificate cu autosemnare<\/li>\n<li><strong>Acces la dispozitiv:<\/strong>\u00a0Verificare firmware, accesul utilizatorilor \u015fi firewall intern, filtrare de porturi\/adrese IP\/domenii, jurnal de auditare, controlul accesului, permisiunile utilizatorilor,kit pentru utilizarea cardurilor inteligente (CAC\/PIV\/.NET), cititor de carduri integrat<\/li>\n<li><strong>Protec\u0163ia datelor:<\/strong>\u00a0Programe asistent de configurare\/securitate, criptare la nivel de lucrare prin remitere HTTPS\/IPPS, hard disc criptat (AES pe 256 bi\u0163i, FIPS 140-2) \u015fi suprascrierea imaginii, Common Criteria Certification (ISO 15408) (evaluare \u00een curs)<\/li>\n<li><strong>Securitatea documentelor:<\/strong>\u00a0Imprimare securizat\u0103, fax securizat, scanare securizat\u0103, e-mail securizat, PDF cu protec\u0163ie prin parol\u0103<\/li>\n<\/ul>\n<p><strong>Compatibilitate cu servicii de ultim\u0103 genera\u021bie<\/strong><\/p>\n<ul>\n<li><strong>Gestionarea imprim\u0103rii:<\/strong>\u00a0Xerox\u00ae Print Management and Mobility Suite4, clonarea configura\u0163iei, Xerox\u00ae Standard Accounting, Equitrac4, Y Soft4 \u015fi altele<br \/>\nXerox\u00ae Device Manager, Support Assistance, citirea automat\u0103 a contoarelor, instrumente pentru servicii de imprimare gestionate<\/li>\n<li><strong>Durabilitate:<\/strong>\u00a0Cisco EnergyWise\u00ae, imprimarea ID-ului de utilizator pe margini, set\u0103ri de imprimare ecologice<\/li>\n<\/ul>\n<\/div>\n<p><strong>Acest echipament poate fi achizi\u0163ionat \u015fi \u00een rate. Pentru detalii<a href=\"https:\/\/www.roxer.ro\/contact\/\" target=\"_blank\" rel=\"noopener noreferrer\">\u00a0contacteaz\u0103-ne<\/a>.<\/strong><\/p>\n","protected":false},"excerpt":{"rendered":"<p class=\"product_title\">Echipamentul multifunc\u021bional color\u00a0<strong>Xerox VersaLink C7025<\/strong>\u00a0cu tehnologie Xerox\u00ae ConnectKey\u00ae ofer\u0103 fiabilitate des\u0103v\u00e2r\u0219it\u0103, integrare perfect\u0103 \u0219i productivitate avansat\u0103. Conectat la serviciile cloud, compatibil cu dispozitive mobile \u0219i aplica\u021bii, u\u0219or de personalizat,\u00a0<strong>Xerox VersaLink C7025<\/strong>\u00a0este asistentul de care ave\u021bi nevoie \u00een spa\u021biul de lucru modern \u2013 v\u0103 ajut\u0103 s\u0103 excela\u021bi \u00een prezent \u0219i s\u0103 fi\u021bi preg\u0103tit pentru viitor.<\/p>\n<p><a href=\"https:\/\/www.xerox.com\/vids\/VersaLinkC7000_US\/index.htm\" target=\"_blank\" rel=\"noopener noreferrer\"><em><strong>Tur Virtual Xerox VersaLink C7025.<\/strong><\/em><\/a><\/p>\n<p><strong>Performan\u021b\u0103<\/strong><\/p>\n<div id=\"glance\" class=\"component\">\n<ul>\n<li>Vitez\u0103: P\u00e2n\u0103 la 25 ppm<\/li>\n<li>Volum lunar: P\u00e2n\u0103 la 87.000 pagini(C7020); P\u00e2n\u0103 la 107.000 pagini(C7025); P\u00e2n\u0103 la 129.000 pagini(C7030)Unitate hard disc\/Procesor\/Memorie: 320 GB (op\u021bional)\/1,05 GHz Dual Core\/4 GB de memorie<\/li>\n<li>Conectivitate: Ethernet 10\/100\/1000 Base-T, High-speed USB 3.0, Wi-Fi\u00ae \u015fi Wi-Fi Direct\u00ae cu kitul op\u0163ional Wi-Fi, NFC<\/li>\n<li>Rezolu\u0163ie de copiere \u015fi de imprimare: Copiere: p\u00e2n\u0103 la 600 x 600 dpi; Imprimare: p\u00e2n\u0103 la 1200 x 2400 dpi<\/li>\n<li>Imprimarea primei pagini: 9,4 secunde color\/7,2 secunde alb-negru(C7020); 9,4 secunde color\/7,1 secunde alb-negru (C7025); 7,3 secunde color\/5,6 secunde alb-negru (C7030)<\/li>\n<\/ul>\n<\/div>\n<div id=\"land_body\" class=\"component\"><\/div>\n","protected":false},"featured_media":4743,"template":"","meta":[],"product_cat":[125,117,119,15,116],"product_tag":[146,131,132,133,135],"yoast_head":"<!-- This site is optimized with the Yoast SEO plugin v20.3 - https:\/\/yoast.com\/wordpress\/plugins\/seo\/ -->\n<title>Xerox VersaLink C7025 \u2013 multifunc\u0163ional A3 color, 25 ppm - Roxer Grup<\/title>\n<meta name=\"robots\" content=\"noindex, follow, max-snippet:-1, max-image-preview:large, max-video-preview:-1\" \/>\n<meta property=\"og:locale\" content=\"ro_RO\" \/>\n<meta property=\"og:type\" content=\"article\" \/>\n<meta property=\"og:title\" content=\"Xerox VersaLink C7025 \u2013 multifunc\u0163ional A3 color, 25 ppm - Roxer Grup\" \/>\n<meta property=\"og:description\" content=\"Echipamentul multifunc\u021bional color\u00a0Xerox VersaLink C7025\u00a0cu tehnologie Xerox\u00ae ConnectKey\u00ae ofer\u0103 fiabilitate des\u0103v\u00e2r\u0219it\u0103, integrare perfect\u0103 \u0219i productivitate avansat\u0103. Conectat la serviciile cloud, compatibil cu dispozitive mobile \u0219i aplica\u021bii, u\u0219or de personalizat,\u00a0Xerox VersaLink C7025\u00a0este asistentul de care ave\u021bi nevoie \u00een spa\u021biul de lucru modern \u2013 v\u0103 ajut\u0103 s\u0103 excela\u021bi \u00een prezent \u0219i s\u0103 fi\u021bi preg\u0103tit pentru viitor. Tur Virtual Xerox VersaLink C7025.  Performan\u021b\u0103    Vitez\u0103: P\u00e2n\u0103 la 25 ppm  Volum lunar: P\u00e2n\u0103 la 87.000 pagini(C7020); P\u00e2n\u0103 la 107.000 pagini(C7025); P\u00e2n\u0103 la 129.000 pagini(C7030)Unitate hard disc\/Procesor\/Memorie: 320 GB (op\u021bional)\/1,05 GHz Dual Core\/4 GB de memorie  Conectivitate: Ethernet 10\/100\/1000 Base-T, High-speed USB 3.0, Wi-Fi\u00ae \u015fi Wi-Fi Direct\u00ae cu kitul op\u0163ional Wi-Fi, NFC  Rezolu\u0163ie de copiere \u015fi de imprimare: Copiere: p\u00e2n\u0103 la 600 x 600 dpi; Imprimare: p\u00e2n\u0103 la 1200 x 2400 dpi  Imprimarea primei pagini: 9,4 secunde color\/7,2 secunde alb-negru(C7020); 9,4 secunde color\/7,1 secunde alb-negru (C7025); 7,3 secunde color\/5,6 secunde alb-negru (C7030)\" \/>\n<meta property=\"og:url\" content=\"https:\/\/www.roxer.ro\/dev\/echipament\/xerox-versalink-c7025-multifunctional-a3-color-25-ppm\" \/>\n<meta property=\"og:site_name\" content=\"Roxer Grup\" \/>\n<meta property=\"article:modified_time\" content=\"2022-10-25T13:36:43+00:00\" \/>\n<meta property=\"og:image\" content=\"https:\/\/www.roxer.ro\/dev\/wp-content\/uploads\/2020\/07\/Xerox-VersaLink-A3-1.png\" \/>\n\t<meta property=\"og:image:width\" content=\"205\" \/>\n\t<meta property=\"og:image:height\" content=\"384\" \/>\n\t<meta property=\"og:image:type\" content=\"image\/png\" \/>\n<meta name=\"twitter:card\" content=\"summary_large_image\" \/>\n<meta name=\"twitter:label1\" content=\"Timp estimat pentru citire\" \/>\n\t<meta name=\"twitter:data1\" content=\"4 minute\" \/>\n<script type=\"application\/ld+json\" class=\"yoast-schema-graph\">{\"@context\":\"https:\/\/schema.org\",\"@graph\":[{\"@type\":\"WebPage\",\"@id\":\"https:\/\/www.roxer.ro\/dev\/echipament\/xerox-versalink-c7025-multifunctional-a3-color-25-ppm\",\"url\":\"https:\/\/www.roxer.ro\/dev\/echipament\/xerox-versalink-c7025-multifunctional-a3-color-25-ppm\",\"name\":\"Xerox VersaLink C7025 \u2013 multifunc\u0163ional A3 color, 25 ppm - Roxer Grup\",\"isPartOf\":{\"@id\":\"https:\/\/www.roxer.ro\/dev\/#website\"},\"datePublished\":\"2020-07-26T07:50:17+00:00\",\"dateModified\":\"2022-10-25T13:36:43+00:00\",\"breadcrumb\":{\"@id\":\"https:\/\/www.roxer.ro\/dev\/echipament\/xerox-versalink-c7025-multifunctional-a3-color-25-ppm#breadcrumb\"},\"inLanguage\":\"ro-RO\",\"potentialAction\":[{\"@type\":\"ReadAction\",\"target\":[\"https:\/\/www.roxer.ro\/dev\/echipament\/xerox-versalink-c7025-multifunctional-a3-color-25-ppm\"]}]},{\"@type\":\"BreadcrumbList\",\"@id\":\"https:\/\/www.roxer.ro\/dev\/echipament\/xerox-versalink-c7025-multifunctional-a3-color-25-ppm#breadcrumb\",\"itemListElement\":[{\"@type\":\"ListItem\",\"position\":1,\"name\":\"Prima pagin\u0103\",\"item\":\"https:\/\/www.roxer.ro\/dev\/\"},{\"@type\":\"ListItem\",\"position\":2,\"name\":\"Echipamente\",\"item\":\"https:\/\/www.roxer.ro\/dev\/echipamente\"},{\"@type\":\"ListItem\",\"position\":3,\"name\":\"Xerox VersaLink C7025 \u2013 multifunc\u0163ional A3 color, 25 ppm\"}]},{\"@type\":\"WebSite\",\"@id\":\"https:\/\/www.roxer.ro\/dev\/#website\",\"url\":\"https:\/\/www.roxer.ro\/dev\/\",\"name\":\"Roxer Grup\",\"description\":\"Xerox Cluj Napoca, Distribuitor Xerox Cluj, distribuitor Xerox S\u0103laj, distribuitor Xerox Bihor, distribuitor Xerox Maramure\u015f, distribuitor Xerox Bistri\u0163a N\u0103s\u0103ud, distribuitor Xerox Satu Mare\",\"publisher\":{\"@id\":\"https:\/\/www.roxer.ro\/dev\/#organization\"},\"potentialAction\":[{\"@type\":\"SearchAction\",\"target\":{\"@type\":\"EntryPoint\",\"urlTemplate\":\"https:\/\/www.roxer.ro\/dev\/?s={search_term_string}\"},\"query-input\":\"required name=search_term_string\"}],\"inLanguage\":\"ro-RO\"},{\"@type\":\"Organization\",\"@id\":\"https:\/\/www.roxer.ro\/dev\/#organization\",\"name\":\"Roxer Grup\",\"url\":\"https:\/\/www.roxer.ro\/dev\/\",\"logo\":{\"@type\":\"ImageObject\",\"inLanguage\":\"ro-RO\",\"@id\":\"https:\/\/www.roxer.ro\/dev\/#\/schema\/logo\/image\/\",\"url\":\"https:\/\/www.roxer.ro\/dev\/wp-content\/uploads\/2023\/05\/logo-roxer-1-e1684141209248.png\",\"contentUrl\":\"https:\/\/www.roxer.ro\/dev\/wp-content\/uploads\/2023\/05\/logo-roxer-1-e1684141209248.png\",\"width\":160,\"height\":57,\"caption\":\"Roxer Grup\"},\"image\":{\"@id\":\"https:\/\/www.roxer.ro\/dev\/#\/schema\/logo\/image\/\"}}]}<\/script>\n<!-- \/ Yoast SEO plugin. -->","yoast_head_json":{"title":"Xerox VersaLink C7025 \u2013 multifunc\u0163ional A3 color, 25 ppm - Roxer Grup","robots":{"index":"noindex","follow":"follow","max-snippet":"max-snippet:-1","max-image-preview":"max-image-preview:large","max-video-preview":"max-video-preview:-1"},"og_locale":"ro_RO","og_type":"article","og_title":"Xerox VersaLink C7025 \u2013 multifunc\u0163ional A3 color, 25 ppm - Roxer Grup","og_description":"Echipamentul multifunc\u021bional color\u00a0Xerox VersaLink C7025\u00a0cu tehnologie Xerox\u00ae ConnectKey\u00ae ofer\u0103 fiabilitate des\u0103v\u00e2r\u0219it\u0103, integrare perfect\u0103 \u0219i productivitate avansat\u0103. Conectat la serviciile cloud, compatibil cu dispozitive mobile \u0219i aplica\u021bii, u\u0219or de personalizat,\u00a0Xerox VersaLink C7025\u00a0este asistentul de care ave\u021bi nevoie \u00een spa\u021biul de lucru modern \u2013 v\u0103 ajut\u0103 s\u0103 excela\u021bi \u00een prezent \u0219i s\u0103 fi\u021bi preg\u0103tit pentru viitor. Tur Virtual Xerox VersaLink C7025.  Performan\u021b\u0103    Vitez\u0103: P\u00e2n\u0103 la 25 ppm  Volum lunar: P\u00e2n\u0103 la 87.000 pagini(C7020); P\u00e2n\u0103 la 107.000 pagini(C7025); P\u00e2n\u0103 la 129.000 pagini(C7030)Unitate hard disc\/Procesor\/Memorie: 320 GB (op\u021bional)\/1,05 GHz Dual Core\/4 GB de memorie  Conectivitate: Ethernet 10\/100\/1000 Base-T, High-speed USB 3.0, Wi-Fi\u00ae \u015fi Wi-Fi Direct\u00ae cu kitul op\u0163ional Wi-Fi, NFC  Rezolu\u0163ie de copiere \u015fi de imprimare: Copiere: p\u00e2n\u0103 la 600 x 600 dpi; Imprimare: p\u00e2n\u0103 la 1200 x 2400 dpi  Imprimarea primei pagini: 9,4 secunde color\/7,2 secunde alb-negru(C7020); 9,4 secunde color\/7,1 secunde alb-negru (C7025); 7,3 secunde color\/5,6 secunde alb-negru (C7030)","og_url":"https:\/\/www.roxer.ro\/dev\/echipament\/xerox-versalink-c7025-multifunctional-a3-color-25-ppm","og_site_name":"Roxer Grup","article_modified_time":"2022-10-25T13:36:43+00:00","og_image":[{"width":205,"height":384,"url":"https:\/\/www.roxer.ro\/dev\/wp-content\/uploads\/2020\/07\/Xerox-VersaLink-A3-1.png","type":"image\/png"}],"twitter_card":"summary_large_image","twitter_misc":{"Timp estimat pentru citire":"4 minute"},"schema":{"@context":"https:\/\/schema.org","@graph":[{"@type":"WebPage","@id":"https:\/\/www.roxer.ro\/dev\/echipament\/xerox-versalink-c7025-multifunctional-a3-color-25-ppm","url":"https:\/\/www.roxer.ro\/dev\/echipament\/xerox-versalink-c7025-multifunctional-a3-color-25-ppm","name":"Xerox VersaLink C7025 \u2013 multifunc\u0163ional A3 color, 25 ppm - Roxer Grup","isPartOf":{"@id":"https:\/\/www.roxer.ro\/dev\/#website"},"datePublished":"2020-07-26T07:50:17+00:00","dateModified":"2022-10-25T13:36:43+00:00","breadcrumb":{"@id":"https:\/\/www.roxer.ro\/dev\/echipament\/xerox-versalink-c7025-multifunctional-a3-color-25-ppm#breadcrumb"},"inLanguage":"ro-RO","potentialAction":[{"@type":"ReadAction","target":["https:\/\/www.roxer.ro\/dev\/echipament\/xerox-versalink-c7025-multifunctional-a3-color-25-ppm"]}]},{"@type":"BreadcrumbList","@id":"https:\/\/www.roxer.ro\/dev\/echipament\/xerox-versalink-c7025-multifunctional-a3-color-25-ppm#breadcrumb","itemListElement":[{"@type":"ListItem","position":1,"name":"Prima pagin\u0103","item":"https:\/\/www.roxer.ro\/dev\/"},{"@type":"ListItem","position":2,"name":"Echipamente","item":"https:\/\/www.roxer.ro\/dev\/echipamente"},{"@type":"ListItem","position":3,"name":"Xerox VersaLink C7025 \u2013 multifunc\u0163ional A3 color, 25 ppm"}]},{"@type":"WebSite","@id":"https:\/\/www.roxer.ro\/dev\/#website","url":"https:\/\/www.roxer.ro\/dev\/","name":"Roxer Grup","description":"Xerox Cluj Napoca, Distribuitor Xerox Cluj, distribuitor Xerox S\u0103laj, distribuitor Xerox Bihor, distribuitor Xerox Maramure\u015f, distribuitor Xerox Bistri\u0163a N\u0103s\u0103ud, distribuitor Xerox Satu Mare","publisher":{"@id":"https:\/\/www.roxer.ro\/dev\/#organization"},"potentialAction":[{"@type":"SearchAction","target":{"@type":"EntryPoint","urlTemplate":"https:\/\/www.roxer.ro\/dev\/?s={search_term_string}"},"query-input":"required name=search_term_string"}],"inLanguage":"ro-RO"},{"@type":"Organization","@id":"https:\/\/www.roxer.ro\/dev\/#organization","name":"Roxer Grup","url":"https:\/\/www.roxer.ro\/dev\/","logo":{"@type":"ImageObject","inLanguage":"ro-RO","@id":"https:\/\/www.roxer.ro\/dev\/#\/schema\/logo\/image\/","url":"https:\/\/www.roxer.ro\/dev\/wp-content\/uploads\/2023\/05\/logo-roxer-1-e1684141209248.png","contentUrl":"https:\/\/www.roxer.ro\/dev\/wp-content\/uploads\/2023\/05\/logo-roxer-1-e1684141209248.png","width":160,"height":57,"caption":"Roxer Grup"},"image":{"@id":"https:\/\/www.roxer.ro\/dev\/#\/schema\/logo\/image\/"}}]}},"_links":{"self":[{"href":"https:\/\/www.roxer.ro\/dev\/wp-json\/wp\/v2\/product\/4420"}],"collection":[{"href":"https:\/\/www.roxer.ro\/dev\/wp-json\/wp\/v2\/product"}],"about":[{"href":"https:\/\/www.roxer.ro\/dev\/wp-json\/wp\/v2\/types\/product"}],"wp:featuredmedia":[{"embeddable":true,"href":"https:\/\/www.roxer.ro\/dev\/wp-json\/wp\/v2\/media\/4743"}],"wp:attachment":[{"href":"https:\/\/www.roxer.ro\/dev\/wp-json\/wp\/v2\/media?parent=4420"}],"wp:term":[{"taxonomy":"product_cat","embeddable":true,"href":"https:\/\/www.roxer.ro\/dev\/wp-json\/wp\/v2\/product_cat?post=4420"},{"taxonomy":"product_tag","embeddable":true,"href":"https:\/\/www.roxer.ro\/dev\/wp-json\/wp\/v2\/product_tag?post=4420"}],"curies":[{"name":"wp","href":"https:\/\/api.w.org\/{rel}","templated":true}]}}