{"id":4429,"date":"2020-07-26T08:25:57","date_gmt":"2020-07-26T08:25:57","guid":{"rendered":"https:\/\/firstdesign.ro\/roxer\/?post_type=product&#038;p=4429"},"modified":"2022-10-25T13:39:18","modified_gmt":"2022-10-25T13:39:18","slug":"xerox-altalink-c8045-multifunctional-a3-color-45-ppm","status":"publish","type":"product","link":"https:\/\/www.roxer.ro\/dev\/echipament\/xerox-altalink-c8045-multifunctional-a3-color-45-ppm","title":{"rendered":"Xerox AltaLink C8045 \u2013 multifunc\u0163ional A3 color, 45 ppm"},"content":{"rendered":"<div id=\"land_body\" class=\"component\">\n<div id=\"land_body\" class=\"component\">\n<p><strong>Copiere si Imprimare<\/strong><\/p>\n<ul>\n<li><strong>Copiere:<\/strong>\u00a0p\u00e2n\u0103 la 600 x 600 dpi;<\/li>\n<li><strong>Imprimare:<\/strong>\u00a0p\u00e2n\u0103 la 1200 x 2400 dpi<\/li>\n<li><strong>Copierea primei pagini (vitez\u0103, de pe ecran\/imprimant\u0103 \u00eenc\u0103lzit\u0103<\/strong>): 8,1 sec. color\/6,7 sec. alb-negru(8030\/35);\u00a0<strong>7,8 sec. color\/6,4 sec. alb-negru(8045)<\/strong>; 7,2 sec. color\/5,7 sec. alb-negru (8055); 5,2 sec.color\/4,9 sec. alb-negru(8070)<\/li>\n<li><strong>Imprimarea primei pagini (vitez\u0103):<\/strong>\u00a06,5 sec. color\/5,3 sec. alb-negru (8030); 6,4 sec. color\/5,2 sec. alb-negru(8035)<strong>;6,5 sec. color\/5,3 sec. \u00een alb-negru(8045)<\/strong>;6,0 sec. color\/4,7 sec. alb-negru (8055);<br \/>\n4,7 sec. color\/4,0 sec alb-negru (8070)<\/li>\n<\/ul>\n<p><strong>Scanare<\/strong><\/p>\n<ul>\n<li>Scanare pe USB\/\u00een e-mail\/\u00een re\u0163ea (FTP\/SMB), formate de fi\u015fiere din scanare: PDF, PDF\/A, XPS, JPG, TIFF; func\u0163ii pentru confort: scanare \u00een directorul personal, PDF cu posibilitate de c\u0103utare, PDF\/XPS\/TIFF cu o pagin\u0103\/multipagin\u0103, PDF protejat prin parol\u0103; Func\u0163ii fax: fax de la aparat (sunt disponibile op\u0163iuni pentru una sau trei linii, include fax LAN, fax direct, redirec\u0163ionarea de fax prin e-mail), formare fax, agend\u0103 cu adrese unificat\u0103, recunoa\u015fterea optic\u0103 a caracterelor (OCR), aplica\u0163ia Xerox\u00ae Mobile Link.<\/li>\n<\/ul>\n<p><strong>Alimentare cu h\u00e2rtie<\/strong><\/p>\n<ul>\n<li>STANDARD:<strong>\u00a0Alimentator de documente automat<\/strong>\u00a0fa\u0163\u0103-verso, cu o singur\u0103 trecere: 130 coli; Vitez\u0103: p\u00e2n\u0103 la 139 ipm (duplex); Formate: 3,4 x 4,9 in. \u2013<br \/>\n11,7 x 17 in.\/85 x 125 mm \u2013 297 x 432 mm<br \/>\n<strong>Tava manual\u0103:<\/strong>\u00a0100 coli; Formate personalizate: 3,5 x 3,9 \u2013 12,6 x 19 in.\/89 x 98 mm \u2013 320 x 483 mm (SEF)<br \/>\n<strong>Tava 1:<\/strong>\u00a0520 coli; Formate personalizate: 5,5 x 7,2 in. \u2013 11,7 x 17 in.\/140 x 182 mm \u2013 297 x 432 mm (SEF)<br \/>\n<strong>Tava 2:<\/strong>\u00a0520 coli; Formate personalizate: 5,5 x 7,2 in. \u2013 12 x 18 in.\/140 x 182 mm \u2013 SRA3 (SEF)<\/li>\n<li>ALEGERE:\u00a0<strong>Modul cu patru t\u0103vi<\/strong>\u00a0(T\u0103vile 3 \u015fi 4 sunt disponibile la C8030\/C8035): 1.040 de coli; c\u00e2te 520 de coli; Formate personalizate: 5,5 x 7,2 in.-12 x 18 in.\/140 x 182 mm \u2013 SRA3 (SEF)<br \/>\n<strong>Alimentator de mare capacitate<\/strong>\u00a0cu t\u0103vi \u00een tandem: 2.000 de coli; O tav\u0103 de 867 coli \u015fi una de 1.133 coli; Formate: 8,5 x 11 in.\/A4<\/li>\n<li>OP\u021aIONAL :\u00a0<strong>Alimentator de mare capacitate<\/strong>\u00a0(HCF): 2.000 de coli; Format 8,5 x 11 in.\/A4 alimentare pe muchia lung\u0103<br \/>\n<strong>Tava pentru plicuri<\/strong>\u00a0(\u00eenlocuie\u015fte Tava 1): p\u00e2n\u0103 la 60 de plicuri: nr. 10 Comercial, Monarch, DL, C5.<\/li>\n<\/ul>\n<p><strong><br \/>\nUtilizare intuitiv\u0103 la\u00a0Xerox AltaLink C8045<\/strong><\/p>\n<ul>\n<li><strong>Adaptare \u015fi personalizare:<\/strong>\u00a0Personalizare de site, func\u0163ionare \u015fi flux de lucru cu Xerox App Gallery \u015fi Xerox\u00ae App Studio<\/li>\n<li><strong>Drivere de imprimare:<\/strong>\u00a0Identificare de lucr\u0103ri, stare lucru bidirec\u0163ional, monitorizarea lucr\u0103rilor, Xerox\u00ae Global Print Driver\u00ae, Xerox\u00ae Mobile Express Driver\u00ae<br \/>\nXerox\u00ae Embedded Web Server PC sau mobil \u2013 informa\u0163ii de stare, set\u0103ri, gestionarea dispozitivului, clonare<\/li>\n<li><strong>Consol\u0103\/previzualizare de la distan\u0163\u0103:<\/strong>\u00a0Interfa\u0163\u0103 la distan\u0163\u0103<br \/>\nFunc\u0163ii de imprimare: Imprimare de pe USB, set de prob\u0103, imprimare personal\u0103, lucrare salvat\u0103, creare bro\u015furi, stocarea \u015fi reutilizarea set\u0103rilor de driver, scalare,<br \/>\nmonitorizarea lucr\u0103rilor, valori implicite pe aplica\u0163ii, imprimare fa\u0163\u0103-verso, mod schi\u0163\u0103.<\/li>\n<\/ul>\n<p><strong>Ie\u015fire h\u00e2rtie\/ Finisare pentru\u00a0Xerox AltaLink C8045<\/strong><\/p>\n<ul>\n<li>STANDARD:\u00a0<strong>Modul cu dou\u0103 t\u0103vi offset de ie\u0219ire<\/strong>: c\u00e2te 250 de coli fiecare; Tav\u0103 de ie\u015fire cu fa\u0163a \u00een sus: 100 de coli<br \/>\n<strong>Finisher de birou LX<\/strong>\u00a0(disponibil la C8030\/C8035\/C8045\/C8055): stivuitor de 2.000 de coli, capsare 50 de coli \u00een 2 pozi\u0163ii, perforare op\u0163ional\u0103,<br \/>\ndispozitiv de bro\u015furare op\u0163ional (pliere, capsare bro\u015furi pe mijloc, cel mult 60 de pagini (2 \u2013 15 coli))<br \/>\n<strong>Finisher BR<\/strong>: stivuitor de 3.000 coli \u015fi tav\u0103 superioar\u0103 de 500 coli, capsare 50 coli \u00een mai multe pozi\u0163ii \u015fi perforare cu 2 sau 3 g\u0103uri<br \/>\n<strong>Finisher BR cu dispozitiv de bro\u015furare<\/strong>: stivuitor de 1.500 coli \u015fi tav\u0103 superioar\u0103 de 500 coli, capsare 50 coli \u00een mai multe pozi\u0163ii \u015fi perforare cu 2 sau 3 g\u0103uri, plus legare de bro\u015furi pe mijloc creare de bro\u015furi (2 \u2013 15 coli, 60 de pagini) \u015fi \u00eemp\u0103turire \u00een V<br \/>\n<strong>Unitate de \u00eemp\u0103turire \u00een C\/Z:<\/strong>\u00a0adaug\u0103 \u00eemp\u0103turirea Z, \u00eemp\u0103turirea Z pentru formatul A4 \u015fi \u00eemp\u0103turirea C pentru formatul A4 la finisherul BR simplu \u015fi la finisherul BR cu dispozitiv de bro\u015furare<br \/>\n<strong>Capsator manual:<\/strong>\u00a0capseaz\u0103 50 coli (de 80 g\/m\u00b2), necesit\u0103 suprafa\u021b\u0103 de lucru.<\/li>\n<\/ul>\n<p>&nbsp;<\/p>\n<p><strong>Securizare<\/strong><\/p>\n<ul>\n<li><strong>Securitate de re\u0163ea:<\/strong>\u00a0IPsec, HTTPS, SFTP \u015fi e-mail criptat, autentificare \u00een re\u0163ea, SNMPv3, autentificare mesaj hash SHA-256, SSL, TLS, certificate de securitate, creare<br \/>\nautomat\u0103 de certificate cu autosemnare<\/li>\n<li><strong>Acces la dispozitiv:<\/strong>\u00a0Verificare firmware, accesul utilizatorilor \u015fi firewall intern, filtrare de porturi\/adrese IP\/domenii, jurnal de auditare, controlul accesului, permisiunile<br \/>\nutilizatorilor, kit pentru utilizarea cardurilor inteligente (CAC\/PIV\/.NET), cititor de carduri RFID Xerox\u00ae E1.0 integrat<\/li>\n<li><strong>Protec\u0163ia datelor hard disc criptat:<\/strong>\u00a0(AES 256 de bi\u0163i, FIPS 140-2, validat) \u015fi func\u0163ie de suprascriere a imaginilor, McAfee\u00ae ePolicy Orchestrator\u00ae, McAfee Integrity Control,<br \/>\nliste albe, criptare la nivel de lucrare prin HTTPS \u015fi prin drivere<\/li>\n<li><strong>Securitatea documentelor:<\/strong>\u00a0Imprimare criptat\u0103 securizat\u0103, drivere de imprimare criptate FIPS.<\/li>\n<\/ul>\n<\/div>\n<p><strong>Compatibilitate cu dispozitive mobile \u0219i servicii Cloud la Xerox AltaLink C8045<\/strong><\/p>\n<div id=\"land_body\" class=\"component\">\n<ul>\n<li><strong>Conectivitate mobil\u0103:<\/strong>\u00a0Apple\u00ae AirPrint\u00ae, Google Cloud Print\u2122 Ready, Xerox\u00ae Print Service Plug-in for Android\u2122, plugin Mopria\u00ae Print Service pentru Android, NFC, imprimare<br \/>\nWi-Fi Direct<\/li>\n<li><strong>Imprimare mobil\u0103:<\/strong>\u00a0@PrintByXerox, Xerox\u00ae Mobile Print, Xerox\u00ae Mobile Print Cloud; Accesa\u0163i www.xerox.com\/officemobileapps pentru a vedea aplica\u0163iile disponibile.<\/li>\n<li><strong>Conectivitate cloud:<\/strong>\u00a0Imprimare din\/scanare \u00een Google Drive\u2122, Microsoft\u00ae OneDrive\u00ae, Dropbox\u2122, Microsoft Office 365\u2122, Box\u00ae, Xerox\u00ae DocuShare\u00ae \u015fi altele.<\/li>\n<\/ul>\n<p><strong>Compatibilitate cu servicii de ultim\u0103 genera\u021bie la\u00a0Xerox AltaLink C8045<\/strong><\/p>\n<ul>\n<li><strong>Gestionarea imprim\u0103rii<\/strong>: Xerox\u00ae Print Management and Mobility Suite, clonare de configura\u0163ie, contorizare standard Xerox\u00ae, Equitrac, Y Soft, PaperCut \u015fi alte solu\u0163ii de la parteneri<\/li>\n<li><strong>Gestionarea imprim\u0103rii:<\/strong>\u00a0Xerox\u00ae Device Manager, Xerox\u00ae Support Assistance, citirea automat\u0103 a contoarelor, instrumente pentru servicii de imprimare gestionate<\/li>\n<li><strong>Durabilitate:<\/strong>\u00a0Cisco EnergyWise\u00ae, imprimarea ID-ului de utilizator pe margini, set\u0103ri de imprimare ecologice<\/li>\n<\/ul>\n<\/div>\n<\/div>\n<p><strong>Acest echipament poate fi achizi\u0163ionat \u015fi \u00een rate. Pentru detalii<a href=\"https:\/\/www.roxer.ro\/contact\/\" target=\"_blank\" rel=\"noopener noreferrer\">\u00a0contacteaz\u0103-ne<\/a>.<\/strong><\/p>\n","protected":false},"excerpt":{"rendered":"<p class=\"product_title\">Echipamentul multifunc\u021bional color\u00a0<strong>Xerox AltaLink C8045<\/strong> ridic\u0103 \u015ftacheta \u00een ceea ce prive\u015fte capacit\u0103\u0163ile \u015fi conectivitatea \u00een grupurile de lucru medii \u015fi mari, precum \u015fi \u00een birourile cu activitate intens\u0103. Datorit\u0103 echipamentelor AltaLink, personalul extins are acces instantaneu \u015fi securizat la documentele, datele \u015fi fluxurile de lucru de care are nevoie pentru a putea lucra mai rapid \u015fi mai eficient, de oriunde \u015fi cu orice dispozitiv.<\/p>\n<p><strong>Performan\u021b\u0103 pentru\u00a0Xerox AltaLink C8045<\/strong><\/p>\n<ul>\n<li><strong>Vitez\u0103 (color \u015fi alb-negru):<\/strong>\u00a0P\u00e2n\u0103 la 45\/45 ppm<\/li>\n<li><strong>Volum lunar*:<\/strong>\u00a0P\u00e2n\u0103 la 90.000 pagini(8030); 110.000 pagini(8035);\u00a0<strong>200.000 pagini(8045<\/strong>); 300.000 pagini (8055); 300.000 pagini(8070);<\/li>\n<li><strong>Unitate hard disc\/Procesor\/Memorie:<\/strong>\u00a0Hard disc de cel pu\u0163in 250 GB\/Intel\u00ae Atom\u2122 Quad Core 1,91 GHz\/2M memorie cache\/8 GB memorie de sistem<\/li>\n<li><strong>Conectivitate:<\/strong>\u00a010\/100\/1000Base-T Ethernet, High-Speed USB 2.0 direct print, Wi-Fi Direct\u00ae cu adaptor USB Xerox\u00ae pentru re\u0163ele f\u0103r\u0103 fir, Atingere pentru asociere NFC<\/li>\n<li><strong>Controler op\u0163ional:<\/strong>\u00a0Server de re\u0163ea integrat EFI\u2122 Fiery\u00ae<\/li>\n<\/ul>\n","protected":false},"featured_media":4425,"template":"","meta":[],"product_cat":[125,117,119],"product_tag":[137,146,138,139,142,291],"yoast_head":"<!-- This site is optimized with the Yoast SEO plugin v20.3 - https:\/\/yoast.com\/wordpress\/plugins\/seo\/ -->\n<title>Xerox AltaLink C8045 \u2013 multifunc\u0163ional A3 color, 45 ppm - Roxer Grup<\/title>\n<meta name=\"robots\" content=\"noindex, follow, max-snippet:-1, max-image-preview:large, max-video-preview:-1\" \/>\n<meta property=\"og:locale\" content=\"ro_RO\" \/>\n<meta property=\"og:type\" content=\"article\" \/>\n<meta property=\"og:title\" content=\"Xerox AltaLink C8045 \u2013 multifunc\u0163ional A3 color, 45 ppm - Roxer Grup\" \/>\n<meta property=\"og:description\" content=\"Echipamentul multifunc\u021bional color\u00a0Xerox AltaLink C8045 ridic\u0103 \u015ftacheta \u00een ceea ce prive\u015fte capacit\u0103\u0163ile \u015fi conectivitatea \u00een grupurile de lucru medii \u015fi mari, precum \u015fi \u00een birourile cu activitate intens\u0103. Datorit\u0103 echipamentelor AltaLink, personalul extins are acces instantaneu \u015fi securizat la documentele, datele \u015fi fluxurile de lucru de care are nevoie pentru a putea lucra mai rapid \u015fi mai eficient, de oriunde \u015fi cu orice dispozitiv. Performan\u021b\u0103 pentru\u00a0Xerox AltaLink C8045   Vitez\u0103 (color \u015fi alb-negru):\u00a0P\u00e2n\u0103 la 45\/45 ppm  Volum lunar*:\u00a0P\u00e2n\u0103 la 90.000 pagini(8030); 110.000 pagini(8035);\u00a0200.000 pagini(8045); 300.000 pagini (8055); 300.000 pagini(8070);  Unitate hard disc\/Procesor\/Memorie:\u00a0Hard disc de cel pu\u0163in 250 GB\/Intel\u00ae Atom\u2122 Quad Core 1,91 GHz\/2M memorie cache\/8 GB memorie de sistem  Conectivitate:\u00a010\/100\/1000Base-T Ethernet, High-Speed USB 2.0 direct print, Wi-Fi Direct\u00ae cu adaptor USB Xerox\u00ae pentru re\u0163ele f\u0103r\u0103 fir, Atingere pentru asociere NFC  Controler op\u0163ional:\u00a0Server de re\u0163ea integrat EFI\u2122 Fiery\u00ae\" \/>\n<meta property=\"og:url\" content=\"https:\/\/www.roxer.ro\/dev\/echipament\/xerox-altalink-c8045-multifunctional-a3-color-45-ppm\" \/>\n<meta property=\"og:site_name\" content=\"Roxer Grup\" \/>\n<meta property=\"article:modified_time\" content=\"2022-10-25T13:39:18+00:00\" \/>\n<meta property=\"og:image\" content=\"https:\/\/www.roxer.ro\/dev\/wp-content\/uploads\/2020\/07\/Xerox-AltaLink-C8030.png\" \/>\n\t<meta property=\"og:image:width\" content=\"477\" \/>\n\t<meta property=\"og:image:height\" content=\"705\" \/>\n\t<meta property=\"og:image:type\" content=\"image\/png\" \/>\n<meta name=\"twitter:card\" content=\"summary_large_image\" \/>\n<meta name=\"twitter:label1\" content=\"Timp estimat pentru citire\" \/>\n\t<meta name=\"twitter:data1\" content=\"5 minute\" \/>\n<script type=\"application\/ld+json\" class=\"yoast-schema-graph\">{\"@context\":\"https:\/\/schema.org\",\"@graph\":[{\"@type\":\"WebPage\",\"@id\":\"https:\/\/www.roxer.ro\/dev\/echipament\/xerox-altalink-c8045-multifunctional-a3-color-45-ppm\",\"url\":\"https:\/\/www.roxer.ro\/dev\/echipament\/xerox-altalink-c8045-multifunctional-a3-color-45-ppm\",\"name\":\"Xerox AltaLink C8045 \u2013 multifunc\u0163ional A3 color, 45 ppm - Roxer Grup\",\"isPartOf\":{\"@id\":\"https:\/\/www.roxer.ro\/dev\/#website\"},\"datePublished\":\"2020-07-26T08:25:57+00:00\",\"dateModified\":\"2022-10-25T13:39:18+00:00\",\"breadcrumb\":{\"@id\":\"https:\/\/www.roxer.ro\/dev\/echipament\/xerox-altalink-c8045-multifunctional-a3-color-45-ppm#breadcrumb\"},\"inLanguage\":\"ro-RO\",\"potentialAction\":[{\"@type\":\"ReadAction\",\"target\":[\"https:\/\/www.roxer.ro\/dev\/echipament\/xerox-altalink-c8045-multifunctional-a3-color-45-ppm\"]}]},{\"@type\":\"BreadcrumbList\",\"@id\":\"https:\/\/www.roxer.ro\/dev\/echipament\/xerox-altalink-c8045-multifunctional-a3-color-45-ppm#breadcrumb\",\"itemListElement\":[{\"@type\":\"ListItem\",\"position\":1,\"name\":\"Prima pagin\u0103\",\"item\":\"https:\/\/www.roxer.ro\/dev\/\"},{\"@type\":\"ListItem\",\"position\":2,\"name\":\"Echipamente\",\"item\":\"https:\/\/www.roxer.ro\/dev\/echipamente\"},{\"@type\":\"ListItem\",\"position\":3,\"name\":\"Xerox AltaLink C8045 \u2013 multifunc\u0163ional A3 color, 45 ppm\"}]},{\"@type\":\"WebSite\",\"@id\":\"https:\/\/www.roxer.ro\/dev\/#website\",\"url\":\"https:\/\/www.roxer.ro\/dev\/\",\"name\":\"Roxer Grup\",\"description\":\"Xerox Cluj Napoca, Distribuitor Xerox Cluj, distribuitor Xerox S\u0103laj, distribuitor Xerox Bihor, distribuitor Xerox Maramure\u015f, distribuitor Xerox Bistri\u0163a N\u0103s\u0103ud, distribuitor Xerox Satu Mare\",\"publisher\":{\"@id\":\"https:\/\/www.roxer.ro\/dev\/#organization\"},\"potentialAction\":[{\"@type\":\"SearchAction\",\"target\":{\"@type\":\"EntryPoint\",\"urlTemplate\":\"https:\/\/www.roxer.ro\/dev\/?s={search_term_string}\"},\"query-input\":\"required name=search_term_string\"}],\"inLanguage\":\"ro-RO\"},{\"@type\":\"Organization\",\"@id\":\"https:\/\/www.roxer.ro\/dev\/#organization\",\"name\":\"Roxer Grup\",\"url\":\"https:\/\/www.roxer.ro\/dev\/\",\"logo\":{\"@type\":\"ImageObject\",\"inLanguage\":\"ro-RO\",\"@id\":\"https:\/\/www.roxer.ro\/dev\/#\/schema\/logo\/image\/\",\"url\":\"https:\/\/www.roxer.ro\/dev\/wp-content\/uploads\/2023\/05\/logo-roxer-1-e1684141209248.png\",\"contentUrl\":\"https:\/\/www.roxer.ro\/dev\/wp-content\/uploads\/2023\/05\/logo-roxer-1-e1684141209248.png\",\"width\":160,\"height\":57,\"caption\":\"Roxer Grup\"},\"image\":{\"@id\":\"https:\/\/www.roxer.ro\/dev\/#\/schema\/logo\/image\/\"}}]}<\/script>\n<!-- \/ Yoast SEO plugin. -->","yoast_head_json":{"title":"Xerox AltaLink C8045 \u2013 multifunc\u0163ional A3 color, 45 ppm - Roxer Grup","robots":{"index":"noindex","follow":"follow","max-snippet":"max-snippet:-1","max-image-preview":"max-image-preview:large","max-video-preview":"max-video-preview:-1"},"og_locale":"ro_RO","og_type":"article","og_title":"Xerox AltaLink C8045 \u2013 multifunc\u0163ional A3 color, 45 ppm - Roxer Grup","og_description":"Echipamentul multifunc\u021bional color\u00a0Xerox AltaLink C8045 ridic\u0103 \u015ftacheta \u00een ceea ce prive\u015fte capacit\u0103\u0163ile \u015fi conectivitatea \u00een grupurile de lucru medii \u015fi mari, precum \u015fi \u00een birourile cu activitate intens\u0103. Datorit\u0103 echipamentelor AltaLink, personalul extins are acces instantaneu \u015fi securizat la documentele, datele \u015fi fluxurile de lucru de care are nevoie pentru a putea lucra mai rapid \u015fi mai eficient, de oriunde \u015fi cu orice dispozitiv. Performan\u021b\u0103 pentru\u00a0Xerox AltaLink C8045   Vitez\u0103 (color \u015fi alb-negru):\u00a0P\u00e2n\u0103 la 45\/45 ppm  Volum lunar*:\u00a0P\u00e2n\u0103 la 90.000 pagini(8030); 110.000 pagini(8035);\u00a0200.000 pagini(8045); 300.000 pagini (8055); 300.000 pagini(8070);  Unitate hard disc\/Procesor\/Memorie:\u00a0Hard disc de cel pu\u0163in 250 GB\/Intel\u00ae Atom\u2122 Quad Core 1,91 GHz\/2M memorie cache\/8 GB memorie de sistem  Conectivitate:\u00a010\/100\/1000Base-T Ethernet, High-Speed USB 2.0 direct print, Wi-Fi Direct\u00ae cu adaptor USB Xerox\u00ae pentru re\u0163ele f\u0103r\u0103 fir, Atingere pentru asociere NFC  Controler op\u0163ional:\u00a0Server de re\u0163ea integrat EFI\u2122 Fiery\u00ae","og_url":"https:\/\/www.roxer.ro\/dev\/echipament\/xerox-altalink-c8045-multifunctional-a3-color-45-ppm","og_site_name":"Roxer Grup","article_modified_time":"2022-10-25T13:39:18+00:00","og_image":[{"width":477,"height":705,"url":"https:\/\/www.roxer.ro\/dev\/wp-content\/uploads\/2020\/07\/Xerox-AltaLink-C8030.png","type":"image\/png"}],"twitter_card":"summary_large_image","twitter_misc":{"Timp estimat pentru citire":"5 minute"},"schema":{"@context":"https:\/\/schema.org","@graph":[{"@type":"WebPage","@id":"https:\/\/www.roxer.ro\/dev\/echipament\/xerox-altalink-c8045-multifunctional-a3-color-45-ppm","url":"https:\/\/www.roxer.ro\/dev\/echipament\/xerox-altalink-c8045-multifunctional-a3-color-45-ppm","name":"Xerox AltaLink C8045 \u2013 multifunc\u0163ional A3 color, 45 ppm - Roxer Grup","isPartOf":{"@id":"https:\/\/www.roxer.ro\/dev\/#website"},"datePublished":"2020-07-26T08:25:57+00:00","dateModified":"2022-10-25T13:39:18+00:00","breadcrumb":{"@id":"https:\/\/www.roxer.ro\/dev\/echipament\/xerox-altalink-c8045-multifunctional-a3-color-45-ppm#breadcrumb"},"inLanguage":"ro-RO","potentialAction":[{"@type":"ReadAction","target":["https:\/\/www.roxer.ro\/dev\/echipament\/xerox-altalink-c8045-multifunctional-a3-color-45-ppm"]}]},{"@type":"BreadcrumbList","@id":"https:\/\/www.roxer.ro\/dev\/echipament\/xerox-altalink-c8045-multifunctional-a3-color-45-ppm#breadcrumb","itemListElement":[{"@type":"ListItem","position":1,"name":"Prima pagin\u0103","item":"https:\/\/www.roxer.ro\/dev\/"},{"@type":"ListItem","position":2,"name":"Echipamente","item":"https:\/\/www.roxer.ro\/dev\/echipamente"},{"@type":"ListItem","position":3,"name":"Xerox AltaLink C8045 \u2013 multifunc\u0163ional A3 color, 45 ppm"}]},{"@type":"WebSite","@id":"https:\/\/www.roxer.ro\/dev\/#website","url":"https:\/\/www.roxer.ro\/dev\/","name":"Roxer Grup","description":"Xerox Cluj Napoca, Distribuitor Xerox Cluj, distribuitor Xerox S\u0103laj, distribuitor Xerox Bihor, distribuitor Xerox Maramure\u015f, distribuitor Xerox Bistri\u0163a N\u0103s\u0103ud, distribuitor Xerox Satu Mare","publisher":{"@id":"https:\/\/www.roxer.ro\/dev\/#organization"},"potentialAction":[{"@type":"SearchAction","target":{"@type":"EntryPoint","urlTemplate":"https:\/\/www.roxer.ro\/dev\/?s={search_term_string}"},"query-input":"required name=search_term_string"}],"inLanguage":"ro-RO"},{"@type":"Organization","@id":"https:\/\/www.roxer.ro\/dev\/#organization","name":"Roxer Grup","url":"https:\/\/www.roxer.ro\/dev\/","logo":{"@type":"ImageObject","inLanguage":"ro-RO","@id":"https:\/\/www.roxer.ro\/dev\/#\/schema\/logo\/image\/","url":"https:\/\/www.roxer.ro\/dev\/wp-content\/uploads\/2023\/05\/logo-roxer-1-e1684141209248.png","contentUrl":"https:\/\/www.roxer.ro\/dev\/wp-content\/uploads\/2023\/05\/logo-roxer-1-e1684141209248.png","width":160,"height":57,"caption":"Roxer Grup"},"image":{"@id":"https:\/\/www.roxer.ro\/dev\/#\/schema\/logo\/image\/"}}]}},"_links":{"self":[{"href":"https:\/\/www.roxer.ro\/dev\/wp-json\/wp\/v2\/product\/4429"}],"collection":[{"href":"https:\/\/www.roxer.ro\/dev\/wp-json\/wp\/v2\/product"}],"about":[{"href":"https:\/\/www.roxer.ro\/dev\/wp-json\/wp\/v2\/types\/product"}],"wp:featuredmedia":[{"embeddable":true,"href":"https:\/\/www.roxer.ro\/dev\/wp-json\/wp\/v2\/media\/4425"}],"wp:attachment":[{"href":"https:\/\/www.roxer.ro\/dev\/wp-json\/wp\/v2\/media?parent=4429"}],"wp:term":[{"taxonomy":"product_cat","embeddable":true,"href":"https:\/\/www.roxer.ro\/dev\/wp-json\/wp\/v2\/product_cat?post=4429"},{"taxonomy":"product_tag","embeddable":true,"href":"https:\/\/www.roxer.ro\/dev\/wp-json\/wp\/v2\/product_tag?post=4429"}],"curies":[{"name":"wp","href":"https:\/\/api.w.org\/{rel}","templated":true}]}}