{"id":4446,"date":"2020-07-29T12:01:27","date_gmt":"2020-07-29T12:01:27","guid":{"rendered":"https:\/\/firstdesign.ro\/roxer\/?post_type=product&#038;p=4446"},"modified":"2020-11-26T16:56:38","modified_gmt":"2020-11-26T16:56:38","slug":"xerox-workcentre-5330-multifunctional-a3-laser-mono-30ppm","status":"publish","type":"product","link":"https:\/\/www.roxer.ro\/dev\/echipament\/xerox-workcentre-5330-multifunctional-a3-laser-mono-30ppm","title":{"rendered":"Xerox WorkCentre 5330 \u2013 Multifunctional A3 laser mono, 30ppm"},"content":{"rendered":"<div class=\"box-collateral box-description\">\n<div class=\"focus_desc\">\n<p>&nbsp;<\/p>\n<\/div>\n<\/div>\n<div class=\"box-collateral box-additional\">\n<table id=\"product-attribute-specs-table\" class=\"data-table\">\n<colgroup>\n<col width=\"25%\" \/>\n<col \/><\/colgroup>\n<tbody>\n<tr>\n<th class=\"label\" colspan=\"2\">Performanta<\/th>\n<\/tr>\n<tr>\n<td class=\"data\" colspan=\"2\">Model \u2013 Copiator\/Imprimant\u0103\/Scanner<br \/>\nFunc\u021bionalitate standard \u2013 Copiere, Imprimare, Imprimarec\u0103trememorie USB, Scanarec\u0103tre e-mail, Scanarec\u0103trememorie USB<br \/>\nVitez\u0103 de imprimare \u2013 P\u00e2n\u0103 la 25 ppm\/ P\u00e2n\u0103 la 30 ppm\/ P\u00e2n\u0103 la 35 ppm<br \/>\nHard Disk \u2013 Standard 160 GB<br \/>\nVolum lunar maxim \u2013 P\u00e2n\u0103 la 100.000\/ 125.000\/ 150.000 pagini\/ lun\u0103<\/td>\n<\/tr>\n<tr>\n<td><\/td>\n<\/tr>\n<tr>\n<th class=\"label\" colspan=\"2\">Imprimare<\/th>\n<\/tr>\n<tr>\n<td class=\"data\" colspan=\"2\">\u2022 Imprimarea primei pagini: 11 secunde<br \/>\n\u2022 Rezolu\u0163ie: pana la 1200 x 1200 dpi<br \/>\n\u2022 Conectivitate: 10\/100\/1000Base-TX Ethernet, imprimare direct\u0103 la vitez\u0103 mare de la USB 2.0<br \/>\n\u2022 Limbaje de imprimare: PCL\u00ae 5e, PCL 6, HP-GL\/HP-GL2, TIFF\/PDF, XPS\u00ae; op\u0163ional Adobe\u00ae PostScript\u00ae 3\u2122<br \/>\n\u2022 Functii: Imprimare automat\u0103 fa\u0163\u0103-verso, imprimare securizat\u0103, imprimare \u00eent\u00e2rziat\u0103, set de prob\u0103, creare bro\u015furi, selectare coper\u0163i, selectare h\u00e2rtie dup\u0103 atribute, N pe pagin\u0103, filigran, coli banner, dimensionare la formatul paginii, selectare tav\u0103 de ie\u015fire, imprimare de la USB<\/td>\n<\/tr>\n<tr>\n<td><\/td>\n<\/tr>\n<tr>\n<th class=\"label\" colspan=\"2\">Copiere<\/th>\n<\/tr>\n<tr>\n<td class=\"data\" colspan=\"2\">\u2022 Rezolu\u0163ie: 600\u00d7600 dpi<br \/>\n\u2022 WorkCentre 5325\/5330: 4.2 secunde<br \/>\n\u2022 WorkCentre 5335: 4.0 secunde<br \/>\n\u2022 Copiere automat\u0103 fa\u0163\u0103-verso, pre-cola\u0163ionare electronic\u0103, selectare automat\u0103 a t\u0103vii, construirealucr\u0103rii, imagine negativ\u0103\/\u00een oglind\u0103, crearea utomat\u0103 a bro\u015furilor, mai multe imagini pe pagin\u0103, m\u0103rire\/mic\u015forare automat\u0103, originale de dimensiuni diferite, inserare coper\u0163i, set de prob\u0103, copiere c\u0103r\u0163i, adnotare, \u015ftergere zon\u0103 interioar\u0103\/exterioar\u0103, mod poster, filigran, copiere carduri de identitate, aspect pagin\u0103, suprapunere formular, \u015ftergere fond<\/td>\n<\/tr>\n<\/tbody>\n<\/table>\n<\/div>\n<div class=\"box-collateral box-additional\">\n<p>&nbsp;<\/p>\n<table id=\"product-attribute-specs-table\" class=\"data-table\">\n<tbody>\n<tr>\n<th class=\"label\" colspan=\"2\">Fax<\/th>\n<\/tr>\n<tr>\n<td class=\"data\" colspan=\"2\">\u2022 Fax PSTN la echipament (op\u0163iuni pentru o linie \u015fi trei linii)<\/td>\n<\/tr>\n<tr>\n<td><\/td>\n<\/tr>\n<tr>\n<th class=\"label\" colspan=\"2\">Scanare<\/th>\n<\/tr>\n<tr>\n<td class=\"data\" colspan=\"2\">\u2022 (Standard pentru modelul Copiator\/Imprimanta\/Scanner) PDF, PDF liniarizat, PDF\/A, TIFF, JFIF, JPEG, XPS, scanare color, scanare c\u0103tre e-mail, scanarec\u0103tre folder<br \/>\n\u2022 Op\u0163ional, Kit de scanare \u00een re\u0163ea (PDF accesibil pentru c\u0103utarea textului, comprimare MRC, previzualizare miniaturi, Scan to PC Desktop\u00ae, diverse solu\u0163ii Xerox Business Innovation Partner)<\/td>\n<\/tr>\n<tr>\n<td><\/td>\n<\/tr>\n<tr>\n<th class=\"label\" colspan=\"2\">Hartie<\/th>\n<\/tr>\n<tr>\n<td class=\"data\" colspan=\"2\">\u2022 Standard Dispozitiv automat de alimentare fata\/verso (DADF) 110 coli si tav\u0103 manuala de 50 coli<br \/>\n\u2022 Alimentare h\u00e2rtie: Alege\u021bi o variant\u0103: 2 x 520 coli cu stand sau 2 t\u0103vi cu tav\u0103 tandem de mare capacitate 2 x 520 coli plus 2000 coli<br \/>\n\u2022 Op\u021bional: Dispozitiv de alimentare de mare capacitate: 2 000 coli, Tava pentru plicuri: p\u00e2n\u0103 la 60 de plicuri<br \/>\n\u2022 Ie\u015fire h\u00e2rtie: Modul cu dou\u0103 t\u0103vi de ie\u015fire: 250 coli fiecare; offset-uri \u00een tava inferioar\u0103, copiere automat\u0103 fa\u0163\u0103-verso, op\u0163ional dispozitive de finisare<\/td>\n<\/tr>\n<tr>\n<td><\/td>\n<\/tr>\n<tr>\n<th class=\"label\" colspan=\"2\">Siguranta<\/th>\n<\/tr>\n<tr>\n<td class=\"data\" colspan=\"2\">\u2022 Criptare date hard disc (256 bit), suprascriere date<\/td>\n<\/tr>\n<tr>\n<td><\/td>\n<\/tr>\n<tr>\n<th class=\"label\" colspan=\"2\">Alte optiuni<\/th>\n<\/tr>\n<tr>\n<td class=\"data\" colspan=\"2\">\u2022 Interfa\u0163\u0103 dispozitive externe, suprafa\u0163\u0103 de lucru, kit fonturi Unicode<br \/>\n\u2022 Actualizare la copiator \/ imprimant\u0103 \/ scaner<\/td>\n<\/tr>\n<tr>\n<td><\/td>\n<\/tr>\n<\/tbody>\n<\/table>\n<\/div>\n<p><strong>Acest echipament poate fi achizi\u0163ionat \u015fi \u00een rate. Pentru detalii<a href=\"https:\/\/www.roxer.ro\/contact\/\" target=\"_blank\" rel=\"noopener noreferrer\">\u00a0contacteaz\u0103-ne<\/a>.<\/strong><\/p>\n","protected":false},"excerpt":{"rendered":"<p><strong>Xerox WorkCentre 5330 <\/strong>Echipament care nu mai exista in oferta actual\u0103, a fost inlocuit de <a href=\"https:\/\/www.roxer.ro\/produs\/xerox-versalink-b7030-multifunctional-a3-alb-negru-30-ppm\/\"><strong>Xerox VersaLink B7030<\/strong><\/a><\/p>\n<div class=\"box-collateral box-description\">\n<div class=\"focus_desc\">\n<p>Echipamentul multifunc\u0163ional WorkCentre\u2122 5325 \/ 5330 \/ 5335<\/p>\n<p>Echipamentele multifunc\u0163ionale extrem de flexibile din seria WorkCentre 5300 ofer\u0103 mediilor de lucru cu ritm alert un avantaj considerabil \u00een ceea ce prive\u015fte productivitatea. Executarea sarcinilor zilnice se face mai eficient, iar procesele intense de lucru sunt optimizate cu solu\u0163ii particularizate pentru fluxul de lucru care fac fa\u0163\u0103 cu u\u015furin\u0163\u0103 cerin\u0163elor dumneavoastr\u0103 specifice.<\/p>\n<p>&nbsp;<\/p>\n<\/div>\n<\/div>\n<div class=\"box-collateral box-additional\"><\/div>\n","protected":false},"featured_media":4442,"template":"","meta":[],"product_cat":[117,118],"product_tag":[250],"yoast_head":"<!-- This site is optimized with the Yoast SEO plugin v20.3 - https:\/\/yoast.com\/wordpress\/plugins\/seo\/ -->\n<title>Xerox WorkCentre 5330 \u2013 Multifunctional A3 laser mono, 30ppm - Roxer Grup<\/title>\n<meta name=\"robots\" content=\"noindex, follow, max-snippet:-1, max-image-preview:large, max-video-preview:-1\" \/>\n<meta property=\"og:locale\" content=\"ro_RO\" \/>\n<meta property=\"og:type\" content=\"article\" \/>\n<meta property=\"og:title\" content=\"Xerox WorkCentre 5330 \u2013 Multifunctional A3 laser mono, 30ppm - Roxer Grup\" \/>\n<meta property=\"og:description\" content=\"Xerox WorkCentre 5330 Echipament care nu mai exista in oferta actual\u0103, a fost inlocuit de Xerox VersaLink B7030    Echipamentul multifunc\u0163ional WorkCentre\u2122 5325 \/ 5330 \/ 5335  Echipamentele multifunc\u0163ionale extrem de flexibile din seria WorkCentre 5300 ofer\u0103 mediilor de lucru cu ritm alert un avantaj considerabil \u00een ceea ce prive\u015fte productivitatea. Executarea sarcinilor zilnice se face mai eficient, iar procesele intense de lucru sunt optimizate cu solu\u0163ii particularizate pentru fluxul de lucru care fac fa\u0163\u0103 cu u\u015furin\u0163\u0103 cerin\u0163elor dumneavoastr\u0103 specifice.  &nbsp;\" \/>\n<meta property=\"og:url\" content=\"https:\/\/www.roxer.ro\/dev\/echipament\/xerox-workcentre-5330-multifunctional-a3-laser-mono-30ppm\" \/>\n<meta property=\"og:site_name\" content=\"Roxer Grup\" \/>\n<meta property=\"article:modified_time\" content=\"2020-11-26T16:56:38+00:00\" \/>\n<meta property=\"og:image\" content=\"https:\/\/www.roxer.ro\/dev\/wp-content\/uploads\/2020\/07\/5325.jpg\" \/>\n\t<meta property=\"og:image:width\" content=\"250\" \/>\n\t<meta property=\"og:image:height\" content=\"250\" \/>\n\t<meta property=\"og:image:type\" content=\"image\/jpeg\" \/>\n<meta name=\"twitter:card\" content=\"summary_large_image\" \/>\n<meta name=\"twitter:label1\" content=\"Timp estimat pentru citire\" \/>\n\t<meta name=\"twitter:data1\" content=\"2 minute\" \/>\n<script type=\"application\/ld+json\" class=\"yoast-schema-graph\">{\"@context\":\"https:\/\/schema.org\",\"@graph\":[{\"@type\":\"WebPage\",\"@id\":\"https:\/\/www.roxer.ro\/dev\/echipament\/xerox-workcentre-5330-multifunctional-a3-laser-mono-30ppm\",\"url\":\"https:\/\/www.roxer.ro\/dev\/echipament\/xerox-workcentre-5330-multifunctional-a3-laser-mono-30ppm\",\"name\":\"Xerox WorkCentre 5330 \u2013 Multifunctional A3 laser mono, 30ppm - Roxer Grup\",\"isPartOf\":{\"@id\":\"https:\/\/www.roxer.ro\/dev\/#website\"},\"datePublished\":\"2020-07-29T12:01:27+00:00\",\"dateModified\":\"2020-11-26T16:56:38+00:00\",\"breadcrumb\":{\"@id\":\"https:\/\/www.roxer.ro\/dev\/echipament\/xerox-workcentre-5330-multifunctional-a3-laser-mono-30ppm#breadcrumb\"},\"inLanguage\":\"ro-RO\",\"potentialAction\":[{\"@type\":\"ReadAction\",\"target\":[\"https:\/\/www.roxer.ro\/dev\/echipament\/xerox-workcentre-5330-multifunctional-a3-laser-mono-30ppm\"]}]},{\"@type\":\"BreadcrumbList\",\"@id\":\"https:\/\/www.roxer.ro\/dev\/echipament\/xerox-workcentre-5330-multifunctional-a3-laser-mono-30ppm#breadcrumb\",\"itemListElement\":[{\"@type\":\"ListItem\",\"position\":1,\"name\":\"Prima pagin\u0103\",\"item\":\"https:\/\/www.roxer.ro\/dev\/\"},{\"@type\":\"ListItem\",\"position\":2,\"name\":\"Echipamente\",\"item\":\"https:\/\/www.roxer.ro\/dev\/echipamente\"},{\"@type\":\"ListItem\",\"position\":3,\"name\":\"Xerox WorkCentre 5330 \u2013 Multifunctional A3 laser mono, 30ppm\"}]},{\"@type\":\"WebSite\",\"@id\":\"https:\/\/www.roxer.ro\/dev\/#website\",\"url\":\"https:\/\/www.roxer.ro\/dev\/\",\"name\":\"Roxer Grup\",\"description\":\"Xerox Cluj Napoca, Distribuitor Xerox Cluj, distribuitor Xerox S\u0103laj, distribuitor Xerox Bihor, distribuitor Xerox Maramure\u015f, distribuitor Xerox Bistri\u0163a N\u0103s\u0103ud, distribuitor Xerox Satu Mare\",\"publisher\":{\"@id\":\"https:\/\/www.roxer.ro\/dev\/#organization\"},\"potentialAction\":[{\"@type\":\"SearchAction\",\"target\":{\"@type\":\"EntryPoint\",\"urlTemplate\":\"https:\/\/www.roxer.ro\/dev\/?s={search_term_string}\"},\"query-input\":\"required name=search_term_string\"}],\"inLanguage\":\"ro-RO\"},{\"@type\":\"Organization\",\"@id\":\"https:\/\/www.roxer.ro\/dev\/#organization\",\"name\":\"Roxer Grup\",\"url\":\"https:\/\/www.roxer.ro\/dev\/\",\"logo\":{\"@type\":\"ImageObject\",\"inLanguage\":\"ro-RO\",\"@id\":\"https:\/\/www.roxer.ro\/dev\/#\/schema\/logo\/image\/\",\"url\":\"https:\/\/www.roxer.ro\/dev\/wp-content\/uploads\/2023\/05\/logo-roxer-1-e1684141209248.png\",\"contentUrl\":\"https:\/\/www.roxer.ro\/dev\/wp-content\/uploads\/2023\/05\/logo-roxer-1-e1684141209248.png\",\"width\":160,\"height\":57,\"caption\":\"Roxer Grup\"},\"image\":{\"@id\":\"https:\/\/www.roxer.ro\/dev\/#\/schema\/logo\/image\/\"}}]}<\/script>\n<!-- \/ Yoast SEO plugin. -->","yoast_head_json":{"title":"Xerox WorkCentre 5330 \u2013 Multifunctional A3 laser mono, 30ppm - Roxer Grup","robots":{"index":"noindex","follow":"follow","max-snippet":"max-snippet:-1","max-image-preview":"max-image-preview:large","max-video-preview":"max-video-preview:-1"},"og_locale":"ro_RO","og_type":"article","og_title":"Xerox WorkCentre 5330 \u2013 Multifunctional A3 laser mono, 30ppm - Roxer Grup","og_description":"Xerox WorkCentre 5330 Echipament care nu mai exista in oferta actual\u0103, a fost inlocuit de Xerox VersaLink B7030    Echipamentul multifunc\u0163ional WorkCentre\u2122 5325 \/ 5330 \/ 5335  Echipamentele multifunc\u0163ionale extrem de flexibile din seria WorkCentre 5300 ofer\u0103 mediilor de lucru cu ritm alert un avantaj considerabil \u00een ceea ce prive\u015fte productivitatea. Executarea sarcinilor zilnice se face mai eficient, iar procesele intense de lucru sunt optimizate cu solu\u0163ii particularizate pentru fluxul de lucru care fac fa\u0163\u0103 cu u\u015furin\u0163\u0103 cerin\u0163elor dumneavoastr\u0103 specifice.  &nbsp;","og_url":"https:\/\/www.roxer.ro\/dev\/echipament\/xerox-workcentre-5330-multifunctional-a3-laser-mono-30ppm","og_site_name":"Roxer Grup","article_modified_time":"2020-11-26T16:56:38+00:00","og_image":[{"width":250,"height":250,"url":"https:\/\/www.roxer.ro\/dev\/wp-content\/uploads\/2020\/07\/5325.jpg","type":"image\/jpeg"}],"twitter_card":"summary_large_image","twitter_misc":{"Timp estimat pentru citire":"2 minute"},"schema":{"@context":"https:\/\/schema.org","@graph":[{"@type":"WebPage","@id":"https:\/\/www.roxer.ro\/dev\/echipament\/xerox-workcentre-5330-multifunctional-a3-laser-mono-30ppm","url":"https:\/\/www.roxer.ro\/dev\/echipament\/xerox-workcentre-5330-multifunctional-a3-laser-mono-30ppm","name":"Xerox WorkCentre 5330 \u2013 Multifunctional A3 laser mono, 30ppm - Roxer Grup","isPartOf":{"@id":"https:\/\/www.roxer.ro\/dev\/#website"},"datePublished":"2020-07-29T12:01:27+00:00","dateModified":"2020-11-26T16:56:38+00:00","breadcrumb":{"@id":"https:\/\/www.roxer.ro\/dev\/echipament\/xerox-workcentre-5330-multifunctional-a3-laser-mono-30ppm#breadcrumb"},"inLanguage":"ro-RO","potentialAction":[{"@type":"ReadAction","target":["https:\/\/www.roxer.ro\/dev\/echipament\/xerox-workcentre-5330-multifunctional-a3-laser-mono-30ppm"]}]},{"@type":"BreadcrumbList","@id":"https:\/\/www.roxer.ro\/dev\/echipament\/xerox-workcentre-5330-multifunctional-a3-laser-mono-30ppm#breadcrumb","itemListElement":[{"@type":"ListItem","position":1,"name":"Prima pagin\u0103","item":"https:\/\/www.roxer.ro\/dev\/"},{"@type":"ListItem","position":2,"name":"Echipamente","item":"https:\/\/www.roxer.ro\/dev\/echipamente"},{"@type":"ListItem","position":3,"name":"Xerox WorkCentre 5330 \u2013 Multifunctional A3 laser mono, 30ppm"}]},{"@type":"WebSite","@id":"https:\/\/www.roxer.ro\/dev\/#website","url":"https:\/\/www.roxer.ro\/dev\/","name":"Roxer Grup","description":"Xerox Cluj Napoca, Distribuitor Xerox Cluj, distribuitor Xerox S\u0103laj, distribuitor Xerox Bihor, distribuitor Xerox Maramure\u015f, distribuitor Xerox Bistri\u0163a N\u0103s\u0103ud, distribuitor Xerox Satu Mare","publisher":{"@id":"https:\/\/www.roxer.ro\/dev\/#organization"},"potentialAction":[{"@type":"SearchAction","target":{"@type":"EntryPoint","urlTemplate":"https:\/\/www.roxer.ro\/dev\/?s={search_term_string}"},"query-input":"required name=search_term_string"}],"inLanguage":"ro-RO"},{"@type":"Organization","@id":"https:\/\/www.roxer.ro\/dev\/#organization","name":"Roxer Grup","url":"https:\/\/www.roxer.ro\/dev\/","logo":{"@type":"ImageObject","inLanguage":"ro-RO","@id":"https:\/\/www.roxer.ro\/dev\/#\/schema\/logo\/image\/","url":"https:\/\/www.roxer.ro\/dev\/wp-content\/uploads\/2023\/05\/logo-roxer-1-e1684141209248.png","contentUrl":"https:\/\/www.roxer.ro\/dev\/wp-content\/uploads\/2023\/05\/logo-roxer-1-e1684141209248.png","width":160,"height":57,"caption":"Roxer Grup"},"image":{"@id":"https:\/\/www.roxer.ro\/dev\/#\/schema\/logo\/image\/"}}]}},"_links":{"self":[{"href":"https:\/\/www.roxer.ro\/dev\/wp-json\/wp\/v2\/product\/4446"}],"collection":[{"href":"https:\/\/www.roxer.ro\/dev\/wp-json\/wp\/v2\/product"}],"about":[{"href":"https:\/\/www.roxer.ro\/dev\/wp-json\/wp\/v2\/types\/product"}],"wp:featuredmedia":[{"embeddable":true,"href":"https:\/\/www.roxer.ro\/dev\/wp-json\/wp\/v2\/media\/4442"}],"wp:attachment":[{"href":"https:\/\/www.roxer.ro\/dev\/wp-json\/wp\/v2\/media?parent=4446"}],"wp:term":[{"taxonomy":"product_cat","embeddable":true,"href":"https:\/\/www.roxer.ro\/dev\/wp-json\/wp\/v2\/product_cat?post=4446"},{"taxonomy":"product_tag","embeddable":true,"href":"https:\/\/www.roxer.ro\/dev\/wp-json\/wp\/v2\/product_tag?post=4446"}],"curies":[{"name":"wp","href":"https:\/\/api.w.org\/{rel}","templated":true}]}}