{"id":4460,"date":"2020-07-30T12:17:28","date_gmt":"2020-07-30T12:17:28","guid":{"rendered":"https:\/\/firstdesign.ro\/roxer\/?post_type=product&#038;p=4460"},"modified":"2020-11-26T16:49:40","modified_gmt":"2020-11-26T16:49:40","slug":"xerox-workcentre-6655-imprimanta-multifunctionala-a4-color","status":"publish","type":"product","link":"https:\/\/www.roxer.ro\/dev\/echipament\/xerox-workcentre-6655-imprimanta-multifunctionala-a4-color","title":{"rendered":"Xerox WorkCentre 6655 &#8211; imprimanta multifunctionala A4 color"},"content":{"rendered":"<div><\/div>\n<div class=\"box-collateral box-description\"><\/div>\n<div class=\"box-collateral box-additional\">\n<table id=\"product-attribute-specs-table\" class=\"data-table\">\n<colgroup>\n<col width=\"25%\" \/>\n<col \/> <\/colgroup>\n<tbody>\n<tr>\n<th class=\"label\" colspan=\"2\">Performan\u0163\u0103<\/th>\n<\/tr>\n<tr>\n<td class=\"data\" colspan=\"2\">\n<table border=\"0\" cellspacing=\"0\">\n<tbody>\n<tr class=\"parity_1\">\n<td class=\"left\">Vitez\u0103<\/td>\n<td class=\"right\">P\u00e2n\u0103 la 36 ppm letter\/p\u00e2n\u0103 la 35 ppm A4<\/td>\n<\/tr>\n<tr class=\"parity_0\">\n<td class=\"left\">\u00a0Volum lunar<\/td>\n<td class=\"right\">P\u00e2n\u0103 la 100.000 pagini\/lun\u0103<\/td>\n<\/tr>\n<tr class=\"parity_1\">\n<td class=\"left\">Unitate hard disc\/ Procesor\/Memorie<\/td>\n<td class=\"right\">Minim 250 GB\/1 GHz Dual-core\/4 GB<\/td>\n<\/tr>\n<tr class=\"parity_0\">\n<td class=\"left\">Conectivitate<\/td>\n<td class=\"right\">10\/100\/1000Base-T Ethernet, USB 2.0 de mare vitez\u0103, Wi-Fi op\u0163ional (cu adaptorul de re\u0163ea wireless Xerox)<\/td>\n<\/tr>\n<tr class=\"parity_1\">\n<td class=\"left\">Func\u0163iile controlerului<\/td>\n<td class=\"right\">Agend\u0103 cu adrese unificat\u0103, panou de comand\u0103 la distan\u0163\u0103, asisten\u0163\u0103 tehnic\u0103 online (accesat\u0103 de pe interfa\u0163a cu utilizatorul \u015fi din driverul de imprimare), clonarea configura\u0163iei<\/td>\n<\/tr>\n<\/tbody>\n<\/table>\n<\/td>\n<\/tr>\n<tr>\n<td><\/td>\n<\/tr>\n<tr>\n<th class=\"label\" colspan=\"2\">Copiere \u015fi Imprimare<\/th>\n<\/tr>\n<tr>\n<td class=\"data\" colspan=\"2\">\n<table border=\"0\" cellspacing=\"0\">\n<tbody>\n<tr class=\"parity_1\">\n<td class=\"left\">Rezolu\u0163ie de copiere \u015fi imprimare<\/td>\n<td class=\"right\">Copiere: p\u00e2n\u0103 la 600 x 600 dpi;Imprimare: p\u00e2n\u0103 la 2400 x 600 dpi<\/td>\n<\/tr>\n<tr class=\"parity_0\">\n<td class=\"left\">Imprimarea primei pagini (vitez\u0103)<\/td>\n<td class=\"right\">Copiere: 16 secunde color\/15 secunde alb-negru;Imprimare: 11 secunde color\/11 secunde alb-negru<\/td>\n<\/tr>\n<tr class=\"parity_1\">\n<td class=\"left\">Limbaje de imprimare<\/td>\n<td class=\"right\">\u00a0Adobe PostScript 3\u2122, PDF, PCL 5c \/ PCL 6, XML Paper Specification (XPS)<\/td>\n<\/tr>\n<tr class=\"parity_0\">\n<td class=\"left\">Func\u0163ii de imprimare<\/td>\n<td class=\"right\">Imprimare de pe USB, set\u0103ri driver Earth Smart, memorare \u015fi reluare set\u0103ri driver, status bidirec\u0163ional, Smart duplex, imprimare fa\u0163\u0103-verso automat\u0103, imprimare bro\u015furi, imprimare de prob\u0103, N pe pagin\u0103, Print Around<\/td>\n<\/tr>\n<tr class=\"parity_1\">\n<td class=\"left\">Imprimare mobil\u0103<\/td>\n<td class=\"right\">Apple AirPrint, Xerox Mobile Print (op\u0163ional), Xerox Mobile Print Cloud (op\u0163ional), Xerox PrintBack, certificare Mopria<\/td>\n<\/tr>\n<\/tbody>\n<\/table>\n<\/td>\n<\/tr>\n<\/tbody>\n<\/table>\n<\/div>\n<table id=\"product-attribute-specs-table\" class=\"data-table\">\n<tbody>\n<tr>\n<th class=\"label\" colspan=\"2\">Scanare \u015fi Fax<\/th>\n<\/tr>\n<tr>\n<td class=\"data\" colspan=\"2\">\n<ul>\n<li>\n<p align=\"LEFT\">Destina\u0163ii: scanare c\u0103tre c\u0103su\u0163a po\u015ftal\u0103, scanare c\u0103tre USB, scanare c\u0103tre e-mail, scanare c\u0103tre re\u0163ea;<\/p>\n<\/li>\n<li>\n<p align=\"LEFT\">Formate de fi\u015fier:\u00a0PDF, PDF\/A, XPS, JPEG, TIFF;<\/p>\n<\/li>\n<li>\n<p align=\"LEFT\">Func\u0163ii pentru mai mult confort: scanare c\u0103tre destina\u0163ie pre-alocat\u0103, scanare printr-o singur\u0103 ap\u0103sare, PDF cu posibilitate de c\u0103utare, PDF cu una\/mai\u00a0multe pagini\/XPS\/TIFF, PDF criptat\/protejat prin parol\u0103, PDF liniarizat\/PDF\/A<\/p>\n<\/li>\n<li>\n<p align=\"LEFT\">Fax \u00eencorporat, fax LAN, fax internet, fax server<\/p>\n<\/li>\n<\/ul>\n<\/td>\n<\/tr>\n<tr>\n<td><\/td>\n<\/tr>\n<tr>\n<th class=\"label\" colspan=\"2\">Securitate<\/th>\n<\/tr>\n<tr>\n<td class=\"data\" colspan=\"2\">McAfee\u00ae \u00eencorporat, compatibilitate cu McAfee ePolicy (ePO), suprascriere imagini pe hard disc, criptare pe 256 bi\u0163i (conform standardului FIPS 140-2), certificare Common Criteria (ISO 15408), imprimare securizat\u0103, fax securizat, scanare securizat\u0103, e-mail securizat, integrare Cisco\u00ae TrustSec, autentificare \u00een re\u0163ea, SSL, SNMPv3, jurnal de audit, control acces, permisiuni de utilizator<\/td>\n<\/tr>\n<tr>\n<td><\/td>\n<\/tr>\n<tr>\n<th class=\"label\" colspan=\"2\">Contorizare<\/th>\n<\/tr>\n<tr>\n<td class=\"data\" colspan=\"2\">Xerox\u00ae Standard Accounting (copiere, imprimare, scanare, fax, e-mail), Network Accounting Enablement<\/td>\n<\/tr>\n<tr>\n<td><\/td>\n<\/tr>\n<tr>\n<th class=\"label\" colspan=\"2\">Alimentare cu h\u00e2rtie<\/th>\n<\/tr>\n<tr>\n<td class=\"data\" colspan=\"2\">\n<ul>\n<li>Dispozitiv automat de alimentare fa\u0163\u0103-verso: 60 coli; dimensiuni personalizate: 139,7 x 139,7 mm \u2013 216 x 356 mm<\/li>\n<li>Tava manual\u0103: 150 coli; dimensiuni personalizate: 76,2 x 127 mm \u2013 216 x 356 mm<\/li>\n<li>Tava 1: 550 coli; dimensiuni personalizate: 148 x 210 mm \u2013 216 x 356 mm<\/li>\n<\/ul>\n<\/td>\n<\/tr>\n<tr>\n<td><\/td>\n<\/tr>\n<tr>\n<th class=\"label\" colspan=\"2\">Finisare<\/th>\n<\/tr>\n<tr>\n<td class=\"data\" colspan=\"2\">Capsator manual cu utilizare offline: 20 coli, o singur\u0103 pozi\u0163ie de capsare<\/td>\n<\/tr>\n<\/tbody>\n<\/table>\n","protected":false},"excerpt":{"rendered":"<div>Xerox\u00ae WorkCentre\u2122 6655 &#8211; Echipament care nu mai exista in oferta actual\u0103, a fost inlocuit de <a href=\"https:\/\/www.roxer.ro\/produs\/imprimanta-multifunctionala-xerox-versalink-c405\/\"><strong>Xerox VersaLink C405<\/strong><\/a><\/div>\n<div>\n<div><\/div>\n<div class=\"box-collateral box-description\"><\/div>\n<div class=\"box-collateral box-additional\">\n<table id=\"product-attribute-specs-table\" class=\"data-table\">\n<colgroup>\n<col width=\"25%\" \/>\n<col \/> <\/colgroup>\n<tbody>\n<tr>\n<th class=\"label\" colspan=\"2\">Performan\u0163\u0103<\/th>\n<\/tr>\n<tr>\n<td class=\"data\" colspan=\"2\">\n<table border=\"0\" cellspacing=\"0\">\n<tbody>\n<tr class=\"parity_1\">\n<td class=\"left\">Vitez\u0103<\/td>\n<td class=\"right\">P\u00e2n\u0103 la 36 ppm letter\/p\u00e2n\u0103 la 35 ppm A4<\/td>\n<\/tr>\n<tr class=\"parity_0\">\n<td class=\"left\">\u00a0Volum lunar<\/td>\n<td class=\"right\">P\u00e2n\u0103 la 100.000 pagini\/lun\u0103<\/td>\n<\/tr>\n<tr class=\"parity_1\">\n<td class=\"left\">Unitate hard disc\/ Procesor\/Memorie<\/td>\n<td class=\"right\">Minim 250 GB\/1 GHz Dual-core\/4 GB<\/td>\n<\/tr>\n<tr class=\"parity_0\">\n<td class=\"left\">Conectivitate<\/td>\n<td class=\"right\">10\/100\/1000Base-T Ethernet, USB 2.0 de mare vitez\u0103, Wi-Fi op\u0163ional (cu adaptorul de re\u0163ea wireless Xerox)<\/td>\n<\/tr>\n<tr class=\"parity_1\">\n<td class=\"left\">Func\u0163iile controlerului<\/td>\n<td class=\"right\">Agend\u0103 cu adrese unificat\u0103, panou de comand\u0103 la distan\u0163\u0103, asisten\u0163\u0103 tehnic\u0103 online (accesat\u0103 de pe interfa\u0163a cu utilizatorul \u015fi din driverul de imprimare), clonarea configura\u0163iei<\/td>\n<\/tr>\n<\/tbody>\n<\/table>\n<\/td>\n<\/tr>\n<\/tbody>\n<\/table>\n<\/div>\n<\/div>\n<div><\/div>\n<div class=\"box-collateral box-additional\"><\/div>\n","protected":false},"featured_media":4461,"template":"","meta":[],"product_cat":[15,116],"product_tag":[],"yoast_head":"<!-- This site is optimized with the Yoast SEO plugin v20.3 - https:\/\/yoast.com\/wordpress\/plugins\/seo\/ -->\n<title>Xerox WorkCentre 6655 - imprimanta multifunctionala A4 color - Roxer Grup<\/title>\n<meta name=\"robots\" content=\"noindex, follow, max-snippet:-1, max-image-preview:large, max-video-preview:-1\" \/>\n<meta property=\"og:locale\" content=\"ro_RO\" \/>\n<meta property=\"og:type\" content=\"article\" \/>\n<meta property=\"og:title\" content=\"Xerox WorkCentre 6655 - imprimanta multifunctionala A4 color - Roxer Grup\" \/>\n<meta property=\"og:description\" content=\"Xerox\u00ae WorkCentre\u2122 6655 - Echipament care nu mai exista in oferta actual\u0103, a fost inlocuit de Xerox VersaLink C405          Performan\u0163\u0103       Vitez\u0103 P\u00e2n\u0103 la 36 ppm letter\/p\u00e2n\u0103 la 35 ppm A4   \u00a0Volum lunar P\u00e2n\u0103 la 100.000 pagini\/lun\u0103   Unitate hard disc\/ Procesor\/Memorie Minim 250 GB\/1 GHz Dual-core\/4 GB   Conectivitate 10\/100\/1000Base-T Ethernet, USB 2.0 de mare vitez\u0103, Wi-Fi op\u0163ional (cu adaptorul de re\u0163ea wireless Xerox)   Func\u0163iile controlerului Agend\u0103 cu adrese unificat\u0103, panou de comand\u0103 la distan\u0163\u0103, asisten\u0163\u0103 tehnic\u0103 online (accesat\u0103 de pe interfa\u0163a cu utilizatorul \u015fi din driverul de imprimare), clonarea configura\u0163iei\" \/>\n<meta property=\"og:url\" content=\"https:\/\/www.roxer.ro\/dev\/echipament\/xerox-workcentre-6655-imprimanta-multifunctionala-a4-color\" \/>\n<meta property=\"og:site_name\" content=\"Roxer Grup\" \/>\n<meta property=\"article:modified_time\" content=\"2020-11-26T16:49:40+00:00\" \/>\n<meta property=\"og:image\" content=\"https:\/\/www.roxer.ro\/dev\/wp-content\/uploads\/2020\/07\/xerox-workcentre-6655.jpg\" \/>\n\t<meta property=\"og:image:width\" content=\"310\" \/>\n\t<meta property=\"og:image:height\" content=\"300\" \/>\n\t<meta property=\"og:image:type\" content=\"image\/jpeg\" \/>\n<meta name=\"twitter:card\" content=\"summary_large_image\" \/>\n<meta name=\"twitter:label1\" content=\"Timp estimat pentru citire\" \/>\n\t<meta name=\"twitter:data1\" content=\"2 minute\" \/>\n<script type=\"application\/ld+json\" class=\"yoast-schema-graph\">{\"@context\":\"https:\/\/schema.org\",\"@graph\":[{\"@type\":\"WebPage\",\"@id\":\"https:\/\/www.roxer.ro\/dev\/echipament\/xerox-workcentre-6655-imprimanta-multifunctionala-a4-color\",\"url\":\"https:\/\/www.roxer.ro\/dev\/echipament\/xerox-workcentre-6655-imprimanta-multifunctionala-a4-color\",\"name\":\"Xerox WorkCentre 6655 - imprimanta multifunctionala A4 color - Roxer Grup\",\"isPartOf\":{\"@id\":\"https:\/\/www.roxer.ro\/dev\/#website\"},\"datePublished\":\"2020-07-30T12:17:28+00:00\",\"dateModified\":\"2020-11-26T16:49:40+00:00\",\"breadcrumb\":{\"@id\":\"https:\/\/www.roxer.ro\/dev\/echipament\/xerox-workcentre-6655-imprimanta-multifunctionala-a4-color#breadcrumb\"},\"inLanguage\":\"ro-RO\",\"potentialAction\":[{\"@type\":\"ReadAction\",\"target\":[\"https:\/\/www.roxer.ro\/dev\/echipament\/xerox-workcentre-6655-imprimanta-multifunctionala-a4-color\"]}]},{\"@type\":\"BreadcrumbList\",\"@id\":\"https:\/\/www.roxer.ro\/dev\/echipament\/xerox-workcentre-6655-imprimanta-multifunctionala-a4-color#breadcrumb\",\"itemListElement\":[{\"@type\":\"ListItem\",\"position\":1,\"name\":\"Prima pagin\u0103\",\"item\":\"https:\/\/www.roxer.ro\/dev\/\"},{\"@type\":\"ListItem\",\"position\":2,\"name\":\"Echipamente\",\"item\":\"https:\/\/www.roxer.ro\/dev\/echipamente\"},{\"@type\":\"ListItem\",\"position\":3,\"name\":\"Xerox WorkCentre 6655 &#8211; imprimanta multifunctionala A4 color\"}]},{\"@type\":\"WebSite\",\"@id\":\"https:\/\/www.roxer.ro\/dev\/#website\",\"url\":\"https:\/\/www.roxer.ro\/dev\/\",\"name\":\"Roxer Grup\",\"description\":\"Xerox Cluj Napoca, Distribuitor Xerox Cluj, distribuitor Xerox S\u0103laj, distribuitor Xerox Bihor, distribuitor Xerox Maramure\u015f, distribuitor Xerox Bistri\u0163a N\u0103s\u0103ud, distribuitor Xerox Satu Mare\",\"publisher\":{\"@id\":\"https:\/\/www.roxer.ro\/dev\/#organization\"},\"potentialAction\":[{\"@type\":\"SearchAction\",\"target\":{\"@type\":\"EntryPoint\",\"urlTemplate\":\"https:\/\/www.roxer.ro\/dev\/?s={search_term_string}\"},\"query-input\":\"required name=search_term_string\"}],\"inLanguage\":\"ro-RO\"},{\"@type\":\"Organization\",\"@id\":\"https:\/\/www.roxer.ro\/dev\/#organization\",\"name\":\"Roxer Grup\",\"url\":\"https:\/\/www.roxer.ro\/dev\/\",\"logo\":{\"@type\":\"ImageObject\",\"inLanguage\":\"ro-RO\",\"@id\":\"https:\/\/www.roxer.ro\/dev\/#\/schema\/logo\/image\/\",\"url\":\"https:\/\/www.roxer.ro\/dev\/wp-content\/uploads\/2023\/05\/logo-roxer-1-e1684141209248.png\",\"contentUrl\":\"https:\/\/www.roxer.ro\/dev\/wp-content\/uploads\/2023\/05\/logo-roxer-1-e1684141209248.png\",\"width\":160,\"height\":57,\"caption\":\"Roxer Grup\"},\"image\":{\"@id\":\"https:\/\/www.roxer.ro\/dev\/#\/schema\/logo\/image\/\"}}]}<\/script>\n<!-- \/ Yoast SEO plugin. -->","yoast_head_json":{"title":"Xerox WorkCentre 6655 - imprimanta multifunctionala A4 color - Roxer Grup","robots":{"index":"noindex","follow":"follow","max-snippet":"max-snippet:-1","max-image-preview":"max-image-preview:large","max-video-preview":"max-video-preview:-1"},"og_locale":"ro_RO","og_type":"article","og_title":"Xerox WorkCentre 6655 - imprimanta multifunctionala A4 color - Roxer Grup","og_description":"Xerox\u00ae WorkCentre\u2122 6655 - Echipament care nu mai exista in oferta actual\u0103, a fost inlocuit de Xerox VersaLink C405          Performan\u0163\u0103       Vitez\u0103 P\u00e2n\u0103 la 36 ppm letter\/p\u00e2n\u0103 la 35 ppm A4   \u00a0Volum lunar P\u00e2n\u0103 la 100.000 pagini\/lun\u0103   Unitate hard disc\/ Procesor\/Memorie Minim 250 GB\/1 GHz Dual-core\/4 GB   Conectivitate 10\/100\/1000Base-T Ethernet, USB 2.0 de mare vitez\u0103, Wi-Fi op\u0163ional (cu adaptorul de re\u0163ea wireless Xerox)   Func\u0163iile controlerului Agend\u0103 cu adrese unificat\u0103, panou de comand\u0103 la distan\u0163\u0103, asisten\u0163\u0103 tehnic\u0103 online (accesat\u0103 de pe interfa\u0163a cu utilizatorul \u015fi din driverul de imprimare), clonarea configura\u0163iei","og_url":"https:\/\/www.roxer.ro\/dev\/echipament\/xerox-workcentre-6655-imprimanta-multifunctionala-a4-color","og_site_name":"Roxer Grup","article_modified_time":"2020-11-26T16:49:40+00:00","og_image":[{"width":310,"height":300,"url":"https:\/\/www.roxer.ro\/dev\/wp-content\/uploads\/2020\/07\/xerox-workcentre-6655.jpg","type":"image\/jpeg"}],"twitter_card":"summary_large_image","twitter_misc":{"Timp estimat pentru citire":"2 minute"},"schema":{"@context":"https:\/\/schema.org","@graph":[{"@type":"WebPage","@id":"https:\/\/www.roxer.ro\/dev\/echipament\/xerox-workcentre-6655-imprimanta-multifunctionala-a4-color","url":"https:\/\/www.roxer.ro\/dev\/echipament\/xerox-workcentre-6655-imprimanta-multifunctionala-a4-color","name":"Xerox WorkCentre 6655 - imprimanta multifunctionala A4 color - Roxer Grup","isPartOf":{"@id":"https:\/\/www.roxer.ro\/dev\/#website"},"datePublished":"2020-07-30T12:17:28+00:00","dateModified":"2020-11-26T16:49:40+00:00","breadcrumb":{"@id":"https:\/\/www.roxer.ro\/dev\/echipament\/xerox-workcentre-6655-imprimanta-multifunctionala-a4-color#breadcrumb"},"inLanguage":"ro-RO","potentialAction":[{"@type":"ReadAction","target":["https:\/\/www.roxer.ro\/dev\/echipament\/xerox-workcentre-6655-imprimanta-multifunctionala-a4-color"]}]},{"@type":"BreadcrumbList","@id":"https:\/\/www.roxer.ro\/dev\/echipament\/xerox-workcentre-6655-imprimanta-multifunctionala-a4-color#breadcrumb","itemListElement":[{"@type":"ListItem","position":1,"name":"Prima pagin\u0103","item":"https:\/\/www.roxer.ro\/dev\/"},{"@type":"ListItem","position":2,"name":"Echipamente","item":"https:\/\/www.roxer.ro\/dev\/echipamente"},{"@type":"ListItem","position":3,"name":"Xerox WorkCentre 6655 &#8211; imprimanta multifunctionala A4 color"}]},{"@type":"WebSite","@id":"https:\/\/www.roxer.ro\/dev\/#website","url":"https:\/\/www.roxer.ro\/dev\/","name":"Roxer Grup","description":"Xerox Cluj Napoca, Distribuitor Xerox Cluj, distribuitor Xerox S\u0103laj, distribuitor Xerox Bihor, distribuitor Xerox Maramure\u015f, distribuitor Xerox Bistri\u0163a N\u0103s\u0103ud, distribuitor Xerox Satu Mare","publisher":{"@id":"https:\/\/www.roxer.ro\/dev\/#organization"},"potentialAction":[{"@type":"SearchAction","target":{"@type":"EntryPoint","urlTemplate":"https:\/\/www.roxer.ro\/dev\/?s={search_term_string}"},"query-input":"required name=search_term_string"}],"inLanguage":"ro-RO"},{"@type":"Organization","@id":"https:\/\/www.roxer.ro\/dev\/#organization","name":"Roxer Grup","url":"https:\/\/www.roxer.ro\/dev\/","logo":{"@type":"ImageObject","inLanguage":"ro-RO","@id":"https:\/\/www.roxer.ro\/dev\/#\/schema\/logo\/image\/","url":"https:\/\/www.roxer.ro\/dev\/wp-content\/uploads\/2023\/05\/logo-roxer-1-e1684141209248.png","contentUrl":"https:\/\/www.roxer.ro\/dev\/wp-content\/uploads\/2023\/05\/logo-roxer-1-e1684141209248.png","width":160,"height":57,"caption":"Roxer Grup"},"image":{"@id":"https:\/\/www.roxer.ro\/dev\/#\/schema\/logo\/image\/"}}]}},"_links":{"self":[{"href":"https:\/\/www.roxer.ro\/dev\/wp-json\/wp\/v2\/product\/4460"}],"collection":[{"href":"https:\/\/www.roxer.ro\/dev\/wp-json\/wp\/v2\/product"}],"about":[{"href":"https:\/\/www.roxer.ro\/dev\/wp-json\/wp\/v2\/types\/product"}],"wp:featuredmedia":[{"embeddable":true,"href":"https:\/\/www.roxer.ro\/dev\/wp-json\/wp\/v2\/media\/4461"}],"wp:attachment":[{"href":"https:\/\/www.roxer.ro\/dev\/wp-json\/wp\/v2\/media?parent=4460"}],"wp:term":[{"taxonomy":"product_cat","embeddable":true,"href":"https:\/\/www.roxer.ro\/dev\/wp-json\/wp\/v2\/product_cat?post=4460"},{"taxonomy":"product_tag","embeddable":true,"href":"https:\/\/www.roxer.ro\/dev\/wp-json\/wp\/v2\/product_tag?post=4460"}],"curies":[{"name":"wp","href":"https:\/\/api.w.org\/{rel}","templated":true}]}}