{"id":4466,"date":"2020-07-30T12:41:40","date_gmt":"2020-07-30T12:41:40","guid":{"rendered":"https:\/\/firstdesign.ro\/roxer\/?post_type=product&#038;p=4466"},"modified":"2020-11-26T16:47:42","modified_gmt":"2020-11-26T16:47:42","slug":"multifunctional-color-workcentre-6025-a4","status":"publish","type":"product","link":"https:\/\/www.roxer.ro\/dev\/echipament\/multifunctional-color-workcentre-6025-a4","title":{"rendered":"Multifunc\u0163ional color WorkCentre 6025, A4"},"content":{"rendered":"<div class=\"box-collateral box-additional\">\n<table id=\"product-attribute-specs-table\" class=\"data-table\">\n<tbody>\n<tr>\n<th class=\"label\" colspan=\"2\">Scanare<\/th>\n<\/tr>\n<tr>\n<td class=\"data\" colspan=\"2\">\n<ul>\n<li>Destina\u021bii: Scanare c\u0103tre computer din re\u0163ea (SMB\/FTP), scanare c\u0103tre e-mail, WSD, aplica\u0163ie (TWAIN USB\/re\u0163ea), WIA (scanare USB\/WSD), Mac 10.6 sau versiuni ulterioare (USB\/re\u0163ea\/MacICA), USB<\/li>\n<li>Func\u021bii: Rezolu\u0163ie 200 dpi, 300 dpi, 400 dpi, 600 dpi, 1200 dpi (numai TWAIN), color, alb-negru, nuan\u0163e de gri, PDF doar imagini\/TIFF cu mai multe pagini\/TIFF cu o pagin\u0103\/JPEG<\/li>\n<\/ul>\n<\/td>\n<\/tr>\n<tr>\n<td><\/td>\n<\/tr>\n<tr>\n<th class=\"label\" colspan=\"2\">Alimentare h\u00e2rtie<\/th>\n<\/tr>\n<tr>\n<td class=\"data\" colspan=\"2\">\n<ul>\n<li>Ecran<\/li>\n<li>Tav\u0103 manual\u0103: p\u00e2n\u0103 la 10 coli; dimensiuni personalizate: 76 x 127 mm \u2013 216 x 356 mm<\/li>\n<li>Tav\u0103 principal\u0103: p\u00e2n\u0103 la 150 coli; dimensiuni personalizate: 76 x 127 mm \u2013 216 x 356 mm<\/li>\n<\/ul>\n<\/td>\n<\/tr>\n<tr>\n<td><\/td>\n<\/tr>\n<tr>\n<th class=\"label\" colspan=\"2\">Securitate<\/th>\n<\/tr>\n<tr>\n<td class=\"data\" colspan=\"2\">Standard: HTTPS securizat (SSL\/TLS), IPP securizat, SSL, filtrare adrese IP, IPv6, WEP (64\/128 bi\u0163i), WPA2-PSK (AES) \u015fi WPA\/WPA2-PSK (mod mixt), autentificare agend\u0103 cu adrese \u00een re\u0163ea (LDAP, Windows Kerberos)<\/td>\n<\/tr>\n<tr>\n<th class=\"label\" colspan=\"2\">Garan\u0163ie<\/th>\n<\/tr>\n<tr>\n<td class=\"data\" colspan=\"2\">\n<ul>\n<li>1 an<\/li>\n<\/ul>\n<\/td>\n<\/tr>\n<tr>\n<th class=\"label\" colspan=\"2\">Ce con\u0163ine pachetul livrat<\/th>\n<\/tr>\n<tr>\n<td class=\"data\" colspan=\"2\">\n<ul>\n<li>Echipamentul multifunc\u0163ional WorkCentre 6025<\/li>\n<li>Cartu\u015f cu toner<\/li>\n<li>Ghid de instalare rapid\u0103, ghid de utilizare rapid\u0103, CD cu software \u015fi documenta\u0163ie<\/li>\n<li>Cablu de alimentare<\/li>\n<li>Cablu USB<\/li>\n<li>Cablu fax<\/li>\n<\/ul>\n<\/td>\n<\/tr>\n<tr>\n<td><\/td>\n<\/tr>\n<\/tbody>\n<\/table>\n<\/div>\n<p><strong>Acest echipament poate fi achizi\u0163ionat \u015fi \u00een rate. Pentru detalii<a href=\"https:\/\/www.roxer.ro\/contact\/\" target=\"_blank\" rel=\"noopener noreferrer\"> contacteaz\u0103-ne<\/a>.<\/strong><\/p>\n","protected":false},"excerpt":{"rendered":"<div>Xerox WorkCentre 6025\u00a0 Echipament care nu mai exista in oferta actual\u0103, a fost inlocuit de <a href=\"https:\/\/firstdesign.ro\/roxer\/produs\/multifunctional-color-xerox-workcentre-6515-a4\/\">WorkCentre 6515.<\/a><\/div>\n<div><\/div>\n<div class=\"box-collateral box-description\">Echipamentele compacte exceleaz\u0103 c\u00e2nd vine vorba de vitez\u0103 \u0219i u\u0219urin\u021b\u0103 \u00een utilizare, iar impactul culorilor imprimate este puternic, toate acestea oferind angaja\u0163ilor din birourile mici ocazia s\u0103 se concentreze pe activitatea lor.<\/div>\n<div class=\"box-collateral box-additional\">\n<table id=\"product-attribute-specs-table\" class=\"data-table\">\n<colgroup>\n<col width=\"25%\" \/>\n<col \/> <\/colgroup>\n<tbody>\n<tr>\n<th class=\"label\" colspan=\"2\">Performan\u0163\u0103<\/th>\n<\/tr>\n<tr>\n<td class=\"data\" colspan=\"2\">\n<table border=\"0\" cellspacing=\"0\">\n<tbody>\n<tr class=\"parity_1\">\n<td class=\"left\">Vitez\u0103<\/td>\n<td class=\"right\">P\u00e2n\u0103 la 10 ppm color\/ 12 ppm alb-negru<\/td>\n<\/tr>\n<tr class=\"parity_0\">\n<td class=\"left\">Volum lunar<\/td>\n<td class=\"right\">P\u00e2n\u0103 la 30.000 pagini\/lun\u0103<\/td>\n<\/tr>\n<tr class=\"parity_1\">\n<td class=\"left\">Procesor\/Memorie<\/td>\n<td class=\"right\">525 MHz\/256 MB<\/td>\n<\/tr>\n<tr class=\"parity_0\">\n<td class=\"left\">Conectivitate<\/td>\n<td class=\"right\">Wi-Fi b\/g\/n, Wi-Fi Direct, USB 2.0 de mare vitez\u0103<\/td>\n<\/tr>\n<tr class=\"parity_1\">\n<td class=\"left\">Garan\u021bie<\/td>\n<td class=\"right\">1 an<\/td>\n<\/tr>\n<\/tbody>\n<\/table>\n<\/td>\n<\/tr>\n<tr>\n<td><\/td>\n<\/tr>\n<tr>\n<th class=\"label\" colspan=\"2\">Imprimare \u015fi copiere<\/th>\n<\/tr>\n<tr>\n<td class=\"data\" colspan=\"2\">\n<ul>\n<li>Imprimare: p\u00e2n\u0103 la 1200 x 2400 dpi la calitate \u00eembun\u0103t\u0103\u0163it\u0103 a imaginii<\/li>\n<li>Copiere: p\u00e2n\u0103 la 600 x 600 dpi<\/li>\n<li>Imprimarea primei pagini: 19 secunde color\/ 19 secunde alb-negru<\/li>\n<li>Copierea primei pagini:: 40 secunde color\/ 24 secunde alb-negru<\/li>\n<li>Limbaje de imprimare: GDI<\/li>\n<li>Func\u0163ii de imprimare: Op\u0163iuni imagine (standard, fotografii, prezentare, design, POP), reglare balans de culori, simul\u0103ri de culoare solid\u0103 calibrate PANTONE\u00ae, Auto Screening (standard, fine\u0163e, grada\u0163ie), N-up, formate pagin\u0103 personalizate, dimensionare la formatul paginii, scalare, mic\u015forare\/m\u0103rire, regim de prob\u0103, cola\u0163ionare, drivere de imprimare bidirec\u0163ionale, monitorizare lucrare<\/li>\n<li>Imprimare mobil\u0103: Apple\u00ae AirPrint\u2122, Xerox\u00ae PrintBack<\/li>\n<\/ul>\n<\/td>\n<\/tr>\n<\/tbody>\n<\/table>\n<\/div>\n","protected":false},"featured_media":4467,"template":"","meta":[],"product_cat":[15],"product_tag":[],"yoast_head":"<!-- This site is optimized with the Yoast SEO plugin v20.3 - https:\/\/yoast.com\/wordpress\/plugins\/seo\/ -->\n<title>Multifunc\u0163ional color WorkCentre 6025, A4 - Roxer Grup<\/title>\n<meta name=\"robots\" content=\"noindex, follow, max-snippet:-1, max-image-preview:large, max-video-preview:-1\" \/>\n<meta property=\"og:locale\" content=\"ro_RO\" \/>\n<meta property=\"og:type\" content=\"article\" \/>\n<meta property=\"og:title\" content=\"Multifunc\u0163ional color WorkCentre 6025, A4 - Roxer Grup\" \/>\n<meta property=\"og:description\" content=\"Xerox WorkCentre 6025\u00a0 Echipament care nu mai exista in oferta actual\u0103, a fost inlocuit de WorkCentre 6515.  Echipamentele compacte exceleaz\u0103 c\u00e2nd vine vorba de vitez\u0103 \u0219i u\u0219urin\u021b\u0103 \u00een utilizare, iar impactul culorilor imprimate este puternic, toate acestea oferind angaja\u0163ilor din birourile mici ocazia s\u0103 se concentreze pe activitatea lor.       Performan\u0163\u0103       Vitez\u0103 P\u00e2n\u0103 la 10 ppm color\/ 12 ppm alb-negru   Volum lunar P\u00e2n\u0103 la 30.000 pagini\/lun\u0103   Procesor\/Memorie 525 MHz\/256 MB   Conectivitate Wi-Fi b\/g\/n, Wi-Fi Direct, USB 2.0 de mare vitez\u0103   Garan\u021bie 1 an          Imprimare \u015fi copiere      Imprimare: p\u00e2n\u0103 la 1200 x 2400 dpi la calitate \u00eembun\u0103t\u0103\u0163it\u0103 a imaginii  Copiere: p\u00e2n\u0103 la 600 x 600 dpi  Imprimarea primei pagini: 19 secunde color\/ 19 secunde alb-negru  Copierea primei pagini:: 40 secunde color\/ 24 secunde alb-negru  Limbaje de imprimare: GDI  Func\u0163ii de imprimare: Op\u0163iuni imagine (standard, fotografii, prezentare, design, POP), reglare balans de culori, simul\u0103ri de culoare solid\u0103 calibrate PANTONE\u00ae, Auto Screening (standard, fine\u0163e, grada\u0163ie), N-up, formate pagin\u0103 personalizate, dimensionare la formatul paginii, scalare, mic\u015forare\/m\u0103rire, regim de prob\u0103, cola\u0163ionare, drivere de imprimare bidirec\u0163ionale, monitorizare lucrare  Imprimare mobil\u0103: Apple\u00ae AirPrint\u2122, Xerox\u00ae PrintBack\" \/>\n<meta property=\"og:url\" content=\"https:\/\/www.roxer.ro\/dev\/echipament\/multifunctional-color-workcentre-6025-a4\" \/>\n<meta property=\"og:site_name\" content=\"Roxer Grup\" \/>\n<meta property=\"article:modified_time\" content=\"2020-11-26T16:47:42+00:00\" \/>\n<meta property=\"og:image\" content=\"https:\/\/www.roxer.ro\/dev\/wp-content\/uploads\/2020\/07\/workcentre-6025.png\" \/>\n\t<meta property=\"og:image:width\" content=\"400\" \/>\n\t<meta property=\"og:image:height\" content=\"278\" \/>\n\t<meta property=\"og:image:type\" content=\"image\/png\" \/>\n<meta name=\"twitter:card\" content=\"summary_large_image\" \/>\n<meta name=\"twitter:label1\" content=\"Timp estimat pentru citire\" \/>\n\t<meta name=\"twitter:data1\" content=\"1 minut\" \/>\n<script type=\"application\/ld+json\" class=\"yoast-schema-graph\">{\"@context\":\"https:\/\/schema.org\",\"@graph\":[{\"@type\":\"WebPage\",\"@id\":\"https:\/\/www.roxer.ro\/dev\/echipament\/multifunctional-color-workcentre-6025-a4\",\"url\":\"https:\/\/www.roxer.ro\/dev\/echipament\/multifunctional-color-workcentre-6025-a4\",\"name\":\"Multifunc\u0163ional color WorkCentre 6025, A4 - Roxer Grup\",\"isPartOf\":{\"@id\":\"https:\/\/www.roxer.ro\/dev\/#website\"},\"datePublished\":\"2020-07-30T12:41:40+00:00\",\"dateModified\":\"2020-11-26T16:47:42+00:00\",\"breadcrumb\":{\"@id\":\"https:\/\/www.roxer.ro\/dev\/echipament\/multifunctional-color-workcentre-6025-a4#breadcrumb\"},\"inLanguage\":\"ro-RO\",\"potentialAction\":[{\"@type\":\"ReadAction\",\"target\":[\"https:\/\/www.roxer.ro\/dev\/echipament\/multifunctional-color-workcentre-6025-a4\"]}]},{\"@type\":\"BreadcrumbList\",\"@id\":\"https:\/\/www.roxer.ro\/dev\/echipament\/multifunctional-color-workcentre-6025-a4#breadcrumb\",\"itemListElement\":[{\"@type\":\"ListItem\",\"position\":1,\"name\":\"Prima pagin\u0103\",\"item\":\"https:\/\/www.roxer.ro\/dev\/\"},{\"@type\":\"ListItem\",\"position\":2,\"name\":\"Echipamente\",\"item\":\"https:\/\/www.roxer.ro\/dev\/echipamente\"},{\"@type\":\"ListItem\",\"position\":3,\"name\":\"Multifunc\u0163ional color WorkCentre 6025, A4\"}]},{\"@type\":\"WebSite\",\"@id\":\"https:\/\/www.roxer.ro\/dev\/#website\",\"url\":\"https:\/\/www.roxer.ro\/dev\/\",\"name\":\"Roxer Grup\",\"description\":\"Xerox Cluj Napoca, Distribuitor Xerox Cluj, distribuitor Xerox S\u0103laj, distribuitor Xerox Bihor, distribuitor Xerox Maramure\u015f, distribuitor Xerox Bistri\u0163a N\u0103s\u0103ud, distribuitor Xerox Satu Mare\",\"publisher\":{\"@id\":\"https:\/\/www.roxer.ro\/dev\/#organization\"},\"potentialAction\":[{\"@type\":\"SearchAction\",\"target\":{\"@type\":\"EntryPoint\",\"urlTemplate\":\"https:\/\/www.roxer.ro\/dev\/?s={search_term_string}\"},\"query-input\":\"required name=search_term_string\"}],\"inLanguage\":\"ro-RO\"},{\"@type\":\"Organization\",\"@id\":\"https:\/\/www.roxer.ro\/dev\/#organization\",\"name\":\"Roxer Grup\",\"url\":\"https:\/\/www.roxer.ro\/dev\/\",\"logo\":{\"@type\":\"ImageObject\",\"inLanguage\":\"ro-RO\",\"@id\":\"https:\/\/www.roxer.ro\/dev\/#\/schema\/logo\/image\/\",\"url\":\"https:\/\/www.roxer.ro\/dev\/wp-content\/uploads\/2023\/05\/logo-roxer-1-e1684141209248.png\",\"contentUrl\":\"https:\/\/www.roxer.ro\/dev\/wp-content\/uploads\/2023\/05\/logo-roxer-1-e1684141209248.png\",\"width\":160,\"height\":57,\"caption\":\"Roxer Grup\"},\"image\":{\"@id\":\"https:\/\/www.roxer.ro\/dev\/#\/schema\/logo\/image\/\"}}]}<\/script>\n<!-- \/ Yoast SEO plugin. -->","yoast_head_json":{"title":"Multifunc\u0163ional color WorkCentre 6025, A4 - Roxer Grup","robots":{"index":"noindex","follow":"follow","max-snippet":"max-snippet:-1","max-image-preview":"max-image-preview:large","max-video-preview":"max-video-preview:-1"},"og_locale":"ro_RO","og_type":"article","og_title":"Multifunc\u0163ional color WorkCentre 6025, A4 - Roxer Grup","og_description":"Xerox WorkCentre 6025\u00a0 Echipament care nu mai exista in oferta actual\u0103, a fost inlocuit de WorkCentre 6515.  Echipamentele compacte exceleaz\u0103 c\u00e2nd vine vorba de vitez\u0103 \u0219i u\u0219urin\u021b\u0103 \u00een utilizare, iar impactul culorilor imprimate este puternic, toate acestea oferind angaja\u0163ilor din birourile mici ocazia s\u0103 se concentreze pe activitatea lor.       Performan\u0163\u0103       Vitez\u0103 P\u00e2n\u0103 la 10 ppm color\/ 12 ppm alb-negru   Volum lunar P\u00e2n\u0103 la 30.000 pagini\/lun\u0103   Procesor\/Memorie 525 MHz\/256 MB   Conectivitate Wi-Fi b\/g\/n, Wi-Fi Direct, USB 2.0 de mare vitez\u0103   Garan\u021bie 1 an          Imprimare \u015fi copiere      Imprimare: p\u00e2n\u0103 la 1200 x 2400 dpi la calitate \u00eembun\u0103t\u0103\u0163it\u0103 a imaginii  Copiere: p\u00e2n\u0103 la 600 x 600 dpi  Imprimarea primei pagini: 19 secunde color\/ 19 secunde alb-negru  Copierea primei pagini:: 40 secunde color\/ 24 secunde alb-negru  Limbaje de imprimare: GDI  Func\u0163ii de imprimare: Op\u0163iuni imagine (standard, fotografii, prezentare, design, POP), reglare balans de culori, simul\u0103ri de culoare solid\u0103 calibrate PANTONE\u00ae, Auto Screening (standard, fine\u0163e, grada\u0163ie), N-up, formate pagin\u0103 personalizate, dimensionare la formatul paginii, scalare, mic\u015forare\/m\u0103rire, regim de prob\u0103, cola\u0163ionare, drivere de imprimare bidirec\u0163ionale, monitorizare lucrare  Imprimare mobil\u0103: Apple\u00ae AirPrint\u2122, Xerox\u00ae PrintBack","og_url":"https:\/\/www.roxer.ro\/dev\/echipament\/multifunctional-color-workcentre-6025-a4","og_site_name":"Roxer Grup","article_modified_time":"2020-11-26T16:47:42+00:00","og_image":[{"width":400,"height":278,"url":"https:\/\/www.roxer.ro\/dev\/wp-content\/uploads\/2020\/07\/workcentre-6025.png","type":"image\/png"}],"twitter_card":"summary_large_image","twitter_misc":{"Timp estimat pentru citire":"1 minut"},"schema":{"@context":"https:\/\/schema.org","@graph":[{"@type":"WebPage","@id":"https:\/\/www.roxer.ro\/dev\/echipament\/multifunctional-color-workcentre-6025-a4","url":"https:\/\/www.roxer.ro\/dev\/echipament\/multifunctional-color-workcentre-6025-a4","name":"Multifunc\u0163ional color WorkCentre 6025, A4 - Roxer Grup","isPartOf":{"@id":"https:\/\/www.roxer.ro\/dev\/#website"},"datePublished":"2020-07-30T12:41:40+00:00","dateModified":"2020-11-26T16:47:42+00:00","breadcrumb":{"@id":"https:\/\/www.roxer.ro\/dev\/echipament\/multifunctional-color-workcentre-6025-a4#breadcrumb"},"inLanguage":"ro-RO","potentialAction":[{"@type":"ReadAction","target":["https:\/\/www.roxer.ro\/dev\/echipament\/multifunctional-color-workcentre-6025-a4"]}]},{"@type":"BreadcrumbList","@id":"https:\/\/www.roxer.ro\/dev\/echipament\/multifunctional-color-workcentre-6025-a4#breadcrumb","itemListElement":[{"@type":"ListItem","position":1,"name":"Prima pagin\u0103","item":"https:\/\/www.roxer.ro\/dev\/"},{"@type":"ListItem","position":2,"name":"Echipamente","item":"https:\/\/www.roxer.ro\/dev\/echipamente"},{"@type":"ListItem","position":3,"name":"Multifunc\u0163ional color WorkCentre 6025, A4"}]},{"@type":"WebSite","@id":"https:\/\/www.roxer.ro\/dev\/#website","url":"https:\/\/www.roxer.ro\/dev\/","name":"Roxer Grup","description":"Xerox Cluj Napoca, Distribuitor Xerox Cluj, distribuitor Xerox S\u0103laj, distribuitor Xerox Bihor, distribuitor Xerox Maramure\u015f, distribuitor Xerox Bistri\u0163a N\u0103s\u0103ud, distribuitor Xerox Satu Mare","publisher":{"@id":"https:\/\/www.roxer.ro\/dev\/#organization"},"potentialAction":[{"@type":"SearchAction","target":{"@type":"EntryPoint","urlTemplate":"https:\/\/www.roxer.ro\/dev\/?s={search_term_string}"},"query-input":"required name=search_term_string"}],"inLanguage":"ro-RO"},{"@type":"Organization","@id":"https:\/\/www.roxer.ro\/dev\/#organization","name":"Roxer Grup","url":"https:\/\/www.roxer.ro\/dev\/","logo":{"@type":"ImageObject","inLanguage":"ro-RO","@id":"https:\/\/www.roxer.ro\/dev\/#\/schema\/logo\/image\/","url":"https:\/\/www.roxer.ro\/dev\/wp-content\/uploads\/2023\/05\/logo-roxer-1-e1684141209248.png","contentUrl":"https:\/\/www.roxer.ro\/dev\/wp-content\/uploads\/2023\/05\/logo-roxer-1-e1684141209248.png","width":160,"height":57,"caption":"Roxer Grup"},"image":{"@id":"https:\/\/www.roxer.ro\/dev\/#\/schema\/logo\/image\/"}}]}},"_links":{"self":[{"href":"https:\/\/www.roxer.ro\/dev\/wp-json\/wp\/v2\/product\/4466"}],"collection":[{"href":"https:\/\/www.roxer.ro\/dev\/wp-json\/wp\/v2\/product"}],"about":[{"href":"https:\/\/www.roxer.ro\/dev\/wp-json\/wp\/v2\/types\/product"}],"wp:featuredmedia":[{"embeddable":true,"href":"https:\/\/www.roxer.ro\/dev\/wp-json\/wp\/v2\/media\/4467"}],"wp:attachment":[{"href":"https:\/\/www.roxer.ro\/dev\/wp-json\/wp\/v2\/media?parent=4466"}],"wp:term":[{"taxonomy":"product_cat","embeddable":true,"href":"https:\/\/www.roxer.ro\/dev\/wp-json\/wp\/v2\/product_cat?post=4466"},{"taxonomy":"product_tag","embeddable":true,"href":"https:\/\/www.roxer.ro\/dev\/wp-json\/wp\/v2\/product_tag?post=4466"}],"curies":[{"name":"wp","href":"https:\/\/api.w.org\/{rel}","templated":true}]}}