{"id":4474,"date":"2020-07-31T06:42:05","date_gmt":"2020-07-31T06:42:05","guid":{"rendered":"https:\/\/firstdesign.ro\/roxer\/?post_type=product&#038;p=4474"},"modified":"2020-11-26T16:43:30","modified_gmt":"2020-11-26T16:43:30","slug":"xerox-workcentre-3655x-multifunctional-a4","status":"publish","type":"product","link":"https:\/\/www.roxer.ro\/dev\/echipament\/xerox-workcentre-3655x-multifunctional-a4","title":{"rendered":"Xerox WorkCentre 3655X Multifunctional A4"},"content":{"rendered":"<div class=\"box-collateral box-additional\">\n<table id=\"product-attribute-specs-table\" class=\"data-table\">\n<tbody>\n<tr>\n<th class=\"label\" colspan=\"2\">Fax<\/th>\n<\/tr>\n<tr>\n<td class=\"data\" colspan=\"2\">Fax WorkCentre 3655\/S: Fax internet, fax server<br \/>\nFax WorkCentre 3655\/X: Fax \u00eencorporat2, fax LAN, fax internet, fax server<\/td>\n<\/tr>\n<tr>\n<td><\/td>\n<\/tr>\n<tr>\n<th class=\"label\" colspan=\"2\">Scanare<\/th>\n<\/tr>\n<tr>\n<td class=\"data\" colspan=\"2\">Destina\u0163ii: scanare c\u0103tre c\u0103su\u0163a po\u015ftal\u0103, scanare c\u0103tre USB, scanare c\u0103tre e-mail, scanare c\u0103tre re\u0163ea; formate de fi\u015fier: PDF, PDF\/A, XPS, JPEG, TIFF; func\u0163ii pentru mai mult confort: scanare c\u0103tre destina\u0163ie pre-alocat\u0103, scanare printr-o singur\u0103 ap\u0103sare, PDF cu posibilitate de c\u0103utare, PDF\/XPS\/TIFF cu una\/mai multe pagini, PDF criptat\/protejat prin parol\u0103, PDF\/PDF\/A liniarizat<\/td>\n<\/tr>\n<tr>\n<td><\/td>\n<\/tr>\n<tr>\n<th class=\"label\" colspan=\"2\">Hartie<\/th>\n<\/tr>\n<tr>\n<td class=\"data\" colspan=\"2\">Dispozitiv automat de alimentare fa\u0163\u0103-verso: 60 coli; dimensiuni personalizate: 139,7 x 139,7 mm \u2013 216 x 356 mm<br \/>\nTava manual\u0103: 150 coli; dimensiuni personalizate: 76,2 x 127 mm \u2013 216 x 356 mm<br \/>\nTava 1: 550 coli; dimensiuni personalizate: 139,7 x 210 mm \u2013 216 x 356 mm<\/td>\n<\/tr>\n<tr>\n<td><\/td>\n<\/tr>\n<tr>\n<th class=\"label\" colspan=\"2\">Siguranta<\/th>\n<\/tr>\n<tr>\n<td class=\"data\" colspan=\"2\">McAfee\u00eencorporat, compatibilitate cu McAfee ePolicy (ePO), suprascriere imagini pe hard disc, criptare pe 256 bi\u0163i (conform standardului FIPS 140-2), certificare Common Criteria (ISO 15408), imprimare securizat\u0103, fax securizat, scanare securizat\u0103, e-mail<\/td>\n<\/tr>\n<tr>\n<td><\/td>\n<\/tr>\n<\/tbody>\n<\/table>\n<\/div>\n<p><strong>Acest echipament poate fi achizi\u0163ionat \u015fi \u00een rate. Pentru detalii<a href=\"https:\/\/www.roxer.ro\/contact\/\" target=\"_blank\" rel=\"noopener noreferrer\">\u00a0contacteaz\u0103-ne<\/a>.<\/strong><\/p>\n","protected":false},"excerpt":{"rendered":"<div class=\"box-collateral box-description\">\n<div class=\"focus_desc\">\n<p>&nbsp;<\/p>\n<p>Xerox WorkCentre 3655 Echipament care nu mai exista in oferta actual\u0103, a fost inlocuit\u00a0 de <a href=\"https:\/\/www.roxer.ro\/produs\/imprimanta-multifunctionala-xerox-versalink-b605\/\"><strong>Xerox VersaLink B605<\/strong> <\/a><\/p>\n<p>&nbsp;<\/p>\n<p>V\u0103 oferim timpul de care ave\u0163i nevoie pentru a v\u0103 concentra la ceea ce conteaz\u0103 cu adev\u0103rat \u2013 afacerea dumneavoastr\u0103. Solu\u0163ia: Tehnologia Xerox ConnectKey \u015fi echipamentul nostru Xerox WorkCentre 3655.<\/p>\n<\/div>\n<\/div>\n<div class=\"box-collateral box-additional\">\n<table id=\"product-attribute-specs-table\" class=\"data-table\">\n<colgroup>\n<col width=\"25%\" \/>\n<col \/><\/colgroup>\n<tbody>\n<tr>\n<th class=\"label\" colspan=\"2\">Performanta<\/th>\n<\/tr>\n<tr>\n<td class=\"data\" colspan=\"2\">Vitez\u0103 P\u00e2n\u0103 la 45 ppm A4<br \/>\nVolum lunar maxim P\u00e2n\u0103 la 150.000 pagini\/lun\u0103<br \/>\nUnitate hard disc\/Procesor\/Memorie Minim 250 GB\/1 GHz Dual-core\/2 GB<br \/>\nConectivitate 10\/100\/1000Base-T Ethernet, USB 2.0 de mare vitez\u0103, Wi-Fi op\u0163ional (cu adaptorul de re\u0163ea wireless Xerox\u00ae)<br \/>\nFunc\u0163iile controlerului Agend\u0103 cu adrese unificat\u0103, panou de comand\u0103 la distan\u0163\u0103, asisten\u0163\u0103 tehnic\u0103 online (accesat\u0103 de pe interfa\u0163a cu utilizatorul \u015fi din driverul de imprimare), clonarea configura\u0163iei<\/td>\n<\/tr>\n<tr>\n<td><\/td>\n<\/tr>\n<tr>\n<th class=\"label\" colspan=\"2\">Imprimare<\/th>\n<\/tr>\n<tr>\n<td class=\"data\" colspan=\"2\">Rezolu\u0163ie de copiere \u015fi imprimare: Copiere: p\u00e2n\u0103 la 600 x 600 dpi; imprimare: p\u00e2n\u0103 la 1200 x 1200 dpi<br \/>\nImprimarea primei pagini (vitez\u0103): Copiere: 12 secunde; imprimare: 8 secunde<br \/>\nLimbaje de imprimare: Adobe\u00ae PostScript\u00ae 3\u2122, PDF, PCL\u00ae 5c \/ PCL 6, XML<br \/>\nFunc\u0163ii de imprimare: Imprimare de pe USB, set\u0103ri driver Earth Smart, memorare \u015fi reluare set\u0103ri driver, status bidirec\u0163ional, Smart duplex, imprimare fa\u0163\u0103-verso automat\u0103, imprimare bro\u015furi, imprimare de prob\u0103, N pe pagin\u0103, Print Around<br \/>\nImprimare mobil\u0103: Apple AirPrint, XeroxMobile Print (op\u0163ional), Xerox\u00ae Mobile Print Cloud (op\u0163ional), XeroxPrintBack, certificare Mopria<\/td>\n<\/tr>\n<\/tbody>\n<\/table>\n<\/div>\n","protected":false},"featured_media":4475,"template":"","meta":[],"product_cat":[15,115],"product_tag":[244],"yoast_head":"<!-- This site is optimized with the Yoast SEO plugin v20.3 - https:\/\/yoast.com\/wordpress\/plugins\/seo\/ -->\n<title>Xerox WorkCentre 3655X Multifunctional A4 - Roxer Grup<\/title>\n<meta name=\"robots\" content=\"noindex, follow, max-snippet:-1, max-image-preview:large, max-video-preview:-1\" \/>\n<meta property=\"og:locale\" content=\"ro_RO\" \/>\n<meta property=\"og:type\" content=\"article\" \/>\n<meta property=\"og:title\" content=\"Xerox WorkCentre 3655X Multifunctional A4 - Roxer Grup\" \/>\n<meta property=\"og:description\" content=\"&nbsp;  Xerox WorkCentre 3655 Echipament care nu mai exista in oferta actual\u0103, a fost inlocuit\u00a0 de Xerox VersaLink B605   &nbsp;  V\u0103 oferim timpul de care ave\u0163i nevoie pentru a v\u0103 concentra la ceea ce conteaz\u0103 cu adev\u0103rat \u2013 afacerea dumneavoastr\u0103. Solu\u0163ia: Tehnologia Xerox ConnectKey \u015fi echipamentul nostru Xerox WorkCentre 3655.         Performanta   Vitez\u0103 P\u00e2n\u0103 la 45 ppm A4 Volum lunar maxim P\u00e2n\u0103 la 150.000 pagini\/lun\u0103 Unitate hard disc\/Procesor\/Memorie Minim 250 GB\/1 GHz Dual-core\/2 GB Conectivitate 10\/100\/1000Base-T Ethernet, USB 2.0 de mare vitez\u0103, Wi-Fi op\u0163ional (cu adaptorul de re\u0163ea wireless Xerox\u00ae) Func\u0163iile controlerului Agend\u0103 cu adrese unificat\u0103, panou de comand\u0103 la distan\u0163\u0103, asisten\u0163\u0103 tehnic\u0103 online (accesat\u0103 de pe interfa\u0163a cu utilizatorul \u015fi din driverul de imprimare), clonarea configura\u0163iei      Imprimare   Rezolu\u0163ie de copiere \u015fi imprimare: Copiere: p\u00e2n\u0103 la 600 x 600 dpi; imprimare: p\u00e2n\u0103 la 1200 x 1200 dpi Imprimarea primei pagini (vitez\u0103): Copiere: 12 secunde; imprimare: 8 secunde Limbaje de imprimare: Adobe\u00ae PostScript\u00ae 3\u2122, PDF, PCL\u00ae 5c \/ PCL 6, XML Func\u0163ii de imprimare: Imprimare de pe USB, set\u0103ri driver Earth Smart, memorare \u015fi reluare set\u0103ri driver, status bidirec\u0163ional, Smart duplex, imprimare fa\u0163\u0103-verso automat\u0103, imprimare bro\u015furi, imprimare de prob\u0103, N pe pagin\u0103, Print Around Imprimare mobil\u0103: Apple AirPrint, XeroxMobile Print (op\u0163ional), Xerox\u00ae Mobile Print Cloud (op\u0163ional), XeroxPrintBack, certificare Mopria\" \/>\n<meta property=\"og:url\" content=\"https:\/\/www.roxer.ro\/dev\/echipament\/xerox-workcentre-3655x-multifunctional-a4\" \/>\n<meta property=\"og:site_name\" content=\"Roxer Grup\" \/>\n<meta property=\"article:modified_time\" content=\"2020-11-26T16:43:30+00:00\" \/>\n<meta property=\"og:image\" content=\"https:\/\/www.roxer.ro\/dev\/wp-content\/uploads\/2020\/07\/WC3655.png\" \/>\n\t<meta property=\"og:image:width\" content=\"491\" \/>\n\t<meta property=\"og:image:height\" content=\"490\" \/>\n\t<meta property=\"og:image:type\" content=\"image\/png\" \/>\n<meta name=\"twitter:card\" content=\"summary_large_image\" \/>\n<meta name=\"twitter:label1\" content=\"Timp estimat pentru citire\" \/>\n\t<meta name=\"twitter:data1\" content=\"1 minut\" \/>\n<script type=\"application\/ld+json\" class=\"yoast-schema-graph\">{\"@context\":\"https:\/\/schema.org\",\"@graph\":[{\"@type\":\"WebPage\",\"@id\":\"https:\/\/www.roxer.ro\/dev\/echipament\/xerox-workcentre-3655x-multifunctional-a4\",\"url\":\"https:\/\/www.roxer.ro\/dev\/echipament\/xerox-workcentre-3655x-multifunctional-a4\",\"name\":\"Xerox WorkCentre 3655X Multifunctional A4 - Roxer Grup\",\"isPartOf\":{\"@id\":\"https:\/\/www.roxer.ro\/dev\/#website\"},\"datePublished\":\"2020-07-31T06:42:05+00:00\",\"dateModified\":\"2020-11-26T16:43:30+00:00\",\"breadcrumb\":{\"@id\":\"https:\/\/www.roxer.ro\/dev\/echipament\/xerox-workcentre-3655x-multifunctional-a4#breadcrumb\"},\"inLanguage\":\"ro-RO\",\"potentialAction\":[{\"@type\":\"ReadAction\",\"target\":[\"https:\/\/www.roxer.ro\/dev\/echipament\/xerox-workcentre-3655x-multifunctional-a4\"]}]},{\"@type\":\"BreadcrumbList\",\"@id\":\"https:\/\/www.roxer.ro\/dev\/echipament\/xerox-workcentre-3655x-multifunctional-a4#breadcrumb\",\"itemListElement\":[{\"@type\":\"ListItem\",\"position\":1,\"name\":\"Prima pagin\u0103\",\"item\":\"https:\/\/www.roxer.ro\/dev\/\"},{\"@type\":\"ListItem\",\"position\":2,\"name\":\"Echipamente\",\"item\":\"https:\/\/www.roxer.ro\/dev\/echipamente\"},{\"@type\":\"ListItem\",\"position\":3,\"name\":\"Xerox WorkCentre 3655X Multifunctional A4\"}]},{\"@type\":\"WebSite\",\"@id\":\"https:\/\/www.roxer.ro\/dev\/#website\",\"url\":\"https:\/\/www.roxer.ro\/dev\/\",\"name\":\"Roxer Grup\",\"description\":\"Xerox Cluj Napoca, Distribuitor Xerox Cluj, distribuitor Xerox S\u0103laj, distribuitor Xerox Bihor, distribuitor Xerox Maramure\u015f, distribuitor Xerox Bistri\u0163a N\u0103s\u0103ud, distribuitor Xerox Satu Mare\",\"publisher\":{\"@id\":\"https:\/\/www.roxer.ro\/dev\/#organization\"},\"potentialAction\":[{\"@type\":\"SearchAction\",\"target\":{\"@type\":\"EntryPoint\",\"urlTemplate\":\"https:\/\/www.roxer.ro\/dev\/?s={search_term_string}\"},\"query-input\":\"required name=search_term_string\"}],\"inLanguage\":\"ro-RO\"},{\"@type\":\"Organization\",\"@id\":\"https:\/\/www.roxer.ro\/dev\/#organization\",\"name\":\"Roxer Grup\",\"url\":\"https:\/\/www.roxer.ro\/dev\/\",\"logo\":{\"@type\":\"ImageObject\",\"inLanguage\":\"ro-RO\",\"@id\":\"https:\/\/www.roxer.ro\/dev\/#\/schema\/logo\/image\/\",\"url\":\"https:\/\/www.roxer.ro\/dev\/wp-content\/uploads\/2023\/05\/logo-roxer-1-e1684141209248.png\",\"contentUrl\":\"https:\/\/www.roxer.ro\/dev\/wp-content\/uploads\/2023\/05\/logo-roxer-1-e1684141209248.png\",\"width\":160,\"height\":57,\"caption\":\"Roxer Grup\"},\"image\":{\"@id\":\"https:\/\/www.roxer.ro\/dev\/#\/schema\/logo\/image\/\"}}]}<\/script>\n<!-- \/ Yoast SEO plugin. -->","yoast_head_json":{"title":"Xerox WorkCentre 3655X Multifunctional A4 - Roxer Grup","robots":{"index":"noindex","follow":"follow","max-snippet":"max-snippet:-1","max-image-preview":"max-image-preview:large","max-video-preview":"max-video-preview:-1"},"og_locale":"ro_RO","og_type":"article","og_title":"Xerox WorkCentre 3655X Multifunctional A4 - Roxer Grup","og_description":"&nbsp;  Xerox WorkCentre 3655 Echipament care nu mai exista in oferta actual\u0103, a fost inlocuit\u00a0 de Xerox VersaLink B605   &nbsp;  V\u0103 oferim timpul de care ave\u0163i nevoie pentru a v\u0103 concentra la ceea ce conteaz\u0103 cu adev\u0103rat \u2013 afacerea dumneavoastr\u0103. Solu\u0163ia: Tehnologia Xerox ConnectKey \u015fi echipamentul nostru Xerox WorkCentre 3655.         Performanta   Vitez\u0103 P\u00e2n\u0103 la 45 ppm A4 Volum lunar maxim P\u00e2n\u0103 la 150.000 pagini\/lun\u0103 Unitate hard disc\/Procesor\/Memorie Minim 250 GB\/1 GHz Dual-core\/2 GB Conectivitate 10\/100\/1000Base-T Ethernet, USB 2.0 de mare vitez\u0103, Wi-Fi op\u0163ional (cu adaptorul de re\u0163ea wireless Xerox\u00ae) Func\u0163iile controlerului Agend\u0103 cu adrese unificat\u0103, panou de comand\u0103 la distan\u0163\u0103, asisten\u0163\u0103 tehnic\u0103 online (accesat\u0103 de pe interfa\u0163a cu utilizatorul \u015fi din driverul de imprimare), clonarea configura\u0163iei      Imprimare   Rezolu\u0163ie de copiere \u015fi imprimare: Copiere: p\u00e2n\u0103 la 600 x 600 dpi; imprimare: p\u00e2n\u0103 la 1200 x 1200 dpi Imprimarea primei pagini (vitez\u0103): Copiere: 12 secunde; imprimare: 8 secunde Limbaje de imprimare: Adobe\u00ae PostScript\u00ae 3\u2122, PDF, PCL\u00ae 5c \/ PCL 6, XML Func\u0163ii de imprimare: Imprimare de pe USB, set\u0103ri driver Earth Smart, memorare \u015fi reluare set\u0103ri driver, status bidirec\u0163ional, Smart duplex, imprimare fa\u0163\u0103-verso automat\u0103, imprimare bro\u015furi, imprimare de prob\u0103, N pe pagin\u0103, Print Around Imprimare mobil\u0103: Apple AirPrint, XeroxMobile Print (op\u0163ional), Xerox\u00ae Mobile Print Cloud (op\u0163ional), XeroxPrintBack, certificare Mopria","og_url":"https:\/\/www.roxer.ro\/dev\/echipament\/xerox-workcentre-3655x-multifunctional-a4","og_site_name":"Roxer Grup","article_modified_time":"2020-11-26T16:43:30+00:00","og_image":[{"width":491,"height":490,"url":"https:\/\/www.roxer.ro\/dev\/wp-content\/uploads\/2020\/07\/WC3655.png","type":"image\/png"}],"twitter_card":"summary_large_image","twitter_misc":{"Timp estimat pentru citire":"1 minut"},"schema":{"@context":"https:\/\/schema.org","@graph":[{"@type":"WebPage","@id":"https:\/\/www.roxer.ro\/dev\/echipament\/xerox-workcentre-3655x-multifunctional-a4","url":"https:\/\/www.roxer.ro\/dev\/echipament\/xerox-workcentre-3655x-multifunctional-a4","name":"Xerox WorkCentre 3655X Multifunctional A4 - Roxer Grup","isPartOf":{"@id":"https:\/\/www.roxer.ro\/dev\/#website"},"datePublished":"2020-07-31T06:42:05+00:00","dateModified":"2020-11-26T16:43:30+00:00","breadcrumb":{"@id":"https:\/\/www.roxer.ro\/dev\/echipament\/xerox-workcentre-3655x-multifunctional-a4#breadcrumb"},"inLanguage":"ro-RO","potentialAction":[{"@type":"ReadAction","target":["https:\/\/www.roxer.ro\/dev\/echipament\/xerox-workcentre-3655x-multifunctional-a4"]}]},{"@type":"BreadcrumbList","@id":"https:\/\/www.roxer.ro\/dev\/echipament\/xerox-workcentre-3655x-multifunctional-a4#breadcrumb","itemListElement":[{"@type":"ListItem","position":1,"name":"Prima pagin\u0103","item":"https:\/\/www.roxer.ro\/dev\/"},{"@type":"ListItem","position":2,"name":"Echipamente","item":"https:\/\/www.roxer.ro\/dev\/echipamente"},{"@type":"ListItem","position":3,"name":"Xerox WorkCentre 3655X Multifunctional A4"}]},{"@type":"WebSite","@id":"https:\/\/www.roxer.ro\/dev\/#website","url":"https:\/\/www.roxer.ro\/dev\/","name":"Roxer Grup","description":"Xerox Cluj Napoca, Distribuitor Xerox Cluj, distribuitor Xerox S\u0103laj, distribuitor Xerox Bihor, distribuitor Xerox Maramure\u015f, distribuitor Xerox Bistri\u0163a N\u0103s\u0103ud, distribuitor Xerox Satu Mare","publisher":{"@id":"https:\/\/www.roxer.ro\/dev\/#organization"},"potentialAction":[{"@type":"SearchAction","target":{"@type":"EntryPoint","urlTemplate":"https:\/\/www.roxer.ro\/dev\/?s={search_term_string}"},"query-input":"required name=search_term_string"}],"inLanguage":"ro-RO"},{"@type":"Organization","@id":"https:\/\/www.roxer.ro\/dev\/#organization","name":"Roxer Grup","url":"https:\/\/www.roxer.ro\/dev\/","logo":{"@type":"ImageObject","inLanguage":"ro-RO","@id":"https:\/\/www.roxer.ro\/dev\/#\/schema\/logo\/image\/","url":"https:\/\/www.roxer.ro\/dev\/wp-content\/uploads\/2023\/05\/logo-roxer-1-e1684141209248.png","contentUrl":"https:\/\/www.roxer.ro\/dev\/wp-content\/uploads\/2023\/05\/logo-roxer-1-e1684141209248.png","width":160,"height":57,"caption":"Roxer Grup"},"image":{"@id":"https:\/\/www.roxer.ro\/dev\/#\/schema\/logo\/image\/"}}]}},"_links":{"self":[{"href":"https:\/\/www.roxer.ro\/dev\/wp-json\/wp\/v2\/product\/4474"}],"collection":[{"href":"https:\/\/www.roxer.ro\/dev\/wp-json\/wp\/v2\/product"}],"about":[{"href":"https:\/\/www.roxer.ro\/dev\/wp-json\/wp\/v2\/types\/product"}],"wp:featuredmedia":[{"embeddable":true,"href":"https:\/\/www.roxer.ro\/dev\/wp-json\/wp\/v2\/media\/4475"}],"wp:attachment":[{"href":"https:\/\/www.roxer.ro\/dev\/wp-json\/wp\/v2\/media?parent=4474"}],"wp:term":[{"taxonomy":"product_cat","embeddable":true,"href":"https:\/\/www.roxer.ro\/dev\/wp-json\/wp\/v2\/product_cat?post=4474"},{"taxonomy":"product_tag","embeddable":true,"href":"https:\/\/www.roxer.ro\/dev\/wp-json\/wp\/v2\/product_tag?post=4474"}],"curies":[{"name":"wp","href":"https:\/\/api.w.org\/{rel}","templated":true}]}}