{"id":4524,"date":"2020-08-04T07:43:05","date_gmt":"2020-08-04T07:43:05","guid":{"rendered":"https:\/\/firstdesign.ro\/roxer\/?post_type=product&#038;p=4524"},"modified":"2020-11-20T13:57:03","modified_gmt":"2020-11-20T13:57:03","slug":"imprimanta-multifunctionala-a3-color-xerox-altalink-c8170-70-ppm","status":"publish","type":"product","link":"https:\/\/www.roxer.ro\/dev\/echipament\/imprimanta-multifunctionala-a3-color-xerox-altalink-c8170-70-ppm","title":{"rendered":"Imprimanta multifunctionala A3 color Xerox AltaLink C8170 &#8211; 70 ppm"},"content":{"rendered":"<p><iframe loading=\"lazy\" title=\"Xerox AltaLink 8100 Series: Multi-Function Printers For The Connected Workforce\" width=\"1200\" height=\"675\" src=\"https:\/\/www.youtube.com\/embed\/ZW53FkeADSk?feature=oembed\" frameborder=\"0\" allow=\"accelerometer; autoplay; clipboard-write; encrypted-media; gyroscope; picture-in-picture\" allowfullscreen><\/iframe><\/p>\n<p><strong>Usurinta in utilizare:<\/strong><\/p>\n<p>&#8211; Personalizarea fluxurilor de lucru le permite utilizatorilor sa isi configureze butoane One Touch &#8211; un singur flux de lucru la o singura atingere a UI (User interface);<\/p>\n<p>&#8211; Fleet Orchestrator vine in sprijinul administratorului it usurand gestionarea flotei de echipamente;<\/p>\n<p>&#8211; Aplicatia Quick Link ofera utilizatorilor acces facil si rapid la driverul corect al imprimantei pentru calculator sau telefon \/ tableta;<\/p>\n<p>Securitate<\/p>\n<p>&#8211; adrese HTTPS si SFTP ajuta la protejarea informatiilor sensibile si elimina scurgerea de informatii;<\/p>\n<p>&#8211; McAfee Embedded Control inclus standard furnizeaza o lista alba (WhiteListing) ce este superioada listei negre (Blacklisting) pentru ca le permite administratorilor it (clientului) sa uite de grija actualizarii la\u00a0 zi a surselor malware;<\/p>\n<p>&#8211; Integrarea Cisco Identity Service Engine si McAfee ePolicy Orchestrator le permite administratorilor it sa utilizeze uneltele de management pe care le utilizeaza in prezent;<\/p>\n<p>Interfata intuitiva tactila personalizabila de 10 inch;<\/p>\n<p>Xerox Embedded Web Server si acces remote pentru a vedea UI ul masinii similar AnyDesk sau Team Viewer &#8211; le permite administratorilor it sa rezolve situatia urgenta sau trainingul utilizatorilor in siguranta si de la distanta.<\/p>\n<p>Scanare:<\/p>\n<p>&#8211; Scanare catre destinatii:\u00a0 Email, SMB, FTP, HTTP, SFTP, HTTPS si multe altele;<\/p>\n<p>&#8211; OCR integrat (scanare cu recunoasterea optica a caracterelor) ce le va permite utilizatorilor sa aiba acces la PDF cautabile;<\/p>\n<p>&#8211; Scanare catre destinatii sigure precum SFTP si HTTPS direct de la echipament fara softuri aditionale sau aplicatii suplimentare. Aceasta este metoda rapida si sigura prin care companiile isi pot mentine scanarile in siguranta in interiorul propriei retele sau cand vorbim de rutare externa;<\/p>\n<p>&#8211; Previzualizarea documentelor cu optiunea de zoom si adaugrarea de pagini (imagini) suplimentare in jobul de scanare.<\/p>\n<p>&#8211; Scanare nativa catre destinatii cloud precum: Dropbox, Google Drive si Microsoft One Drive, inclusiv suport pentru Oauth2 (single sign on support) astfel incat utilizatorii nu mai sunt nevoiti sa se logheze de fiecare data (optiune disponibila impreuna cu Xerox Workplace Suite sau Cloud).<\/p>\n<p><strong>Imprimare<\/strong><\/p>\n<p>Suport nativ Adobe PostScript si PCL6;<\/p>\n<p>Printare USB cu pop up automat cand dispozitivul USB este introdus in port, salvand timpul utilizatorilor si oferind acces rapid la print (de pe) sau scan (catre) dispozitivul USB;<\/p>\n<p>Optiunea de a imprima in format banner de pana la 1320 mm (132 cm), standard la toate dispozitivele din gama AltaLink 8100 pentru a le permite utilizatorilor sa produca in-house semnalistica, reclame sau chiar schite de proiectare.<\/p>\n<p><strong>Eco-Labels &#8211; cum protejeaza echipamentele din gama Xerox AltaLink C81xx mediul:<\/strong><\/p>\n<p>&#8211; Energy Star TEC = 0.407 kWh\/wk &#8211; beneficiul utilizatorului &#8211; cost redus de energie si facturi mai mici la electricitate;<\/p>\n<p>&#8211; EPEAT &#8211; standardul GOLD in Statele Unite ale Americii, Canada, Uniunea Europeana &#8211; Sustenabilitatea mediului inconjurator pe intreaga durata de viata a produsului de la materiale brute pana la reciclare;<\/p>\n<p>&#8211; Certificare Blue Angel &#8211; Garantie pentru produse bune cu impact redus asupra mediului si o mai buna protectie a sanatatii fata de produsele necertificate.<\/p>\n<p>&nbsp;<\/p>\n","protected":false},"excerpt":{"rendered":"<p><strong>Xerox AltaLink C8170 &#8211; Imprimanta multifunctionala A3 color<\/strong><\/p>\n<p>Viteza de imprimare 70 pagini pe minut<\/p>\n<p>Rezolutie imprimare 2400 x 1200 dpi<\/p>\n<p>Capacitate alimentare standard de 3130 coli, extensibila pana la 6140 coli<\/p>\n<p>&nbsp;<\/p>\n","protected":false},"featured_media":5405,"template":"","meta":[],"product_cat":[117,119,15,116],"product_tag":[146,287,178],"yoast_head":"<!-- This site is optimized with the Yoast SEO plugin v20.3 - https:\/\/yoast.com\/wordpress\/plugins\/seo\/ -->\n<title>Imprimanta multifunctionala A3 color Xerox AltaLink C8170 - 70 ppm - Roxer Grup<\/title>\n<meta name=\"robots\" content=\"noindex, follow, max-snippet:-1, max-image-preview:large, max-video-preview:-1\" \/>\n<meta property=\"og:locale\" content=\"ro_RO\" \/>\n<meta property=\"og:type\" content=\"article\" \/>\n<meta property=\"og:title\" content=\"Imprimanta multifunctionala A3 color Xerox AltaLink C8170 - 70 ppm - Roxer Grup\" \/>\n<meta property=\"og:description\" content=\"Xerox AltaLink C8170 - Imprimanta multifunctionala A3 color  Viteza de imprimare 70 pagini pe minut  Rezolutie imprimare 2400 x 1200 dpi  Capacitate alimentare standard de 3130 coli, extensibila pana la 6140 coli  &nbsp;\" \/>\n<meta property=\"og:url\" content=\"https:\/\/www.roxer.ro\/dev\/echipament\/imprimanta-multifunctionala-a3-color-xerox-altalink-c8170-70-ppm\" \/>\n<meta property=\"og:site_name\" content=\"Roxer Grup\" \/>\n<meta property=\"article:modified_time\" content=\"2020-11-20T13:57:03+00:00\" \/>\n<meta property=\"og:image\" content=\"https:\/\/www.roxer.ro\/dev\/wp-content\/uploads\/2020\/08\/altalink-8100.jpg\" \/>\n\t<meta property=\"og:image:width\" content=\"1648\" \/>\n\t<meta property=\"og:image:height\" content=\"1508\" \/>\n\t<meta property=\"og:image:type\" content=\"image\/jpeg\" \/>\n<meta name=\"twitter:card\" content=\"summary_large_image\" \/>\n<meta name=\"twitter:label1\" content=\"Timp estimat pentru citire\" \/>\n\t<meta name=\"twitter:data1\" content=\"2 minute\" \/>\n<script type=\"application\/ld+json\" class=\"yoast-schema-graph\">{\"@context\":\"https:\/\/schema.org\",\"@graph\":[{\"@type\":\"WebPage\",\"@id\":\"https:\/\/www.roxer.ro\/dev\/echipament\/imprimanta-multifunctionala-a3-color-xerox-altalink-c8170-70-ppm\",\"url\":\"https:\/\/www.roxer.ro\/dev\/echipament\/imprimanta-multifunctionala-a3-color-xerox-altalink-c8170-70-ppm\",\"name\":\"Imprimanta multifunctionala A3 color Xerox AltaLink C8170 - 70 ppm - Roxer Grup\",\"isPartOf\":{\"@id\":\"https:\/\/www.roxer.ro\/dev\/#website\"},\"datePublished\":\"2020-08-04T07:43:05+00:00\",\"dateModified\":\"2020-11-20T13:57:03+00:00\",\"breadcrumb\":{\"@id\":\"https:\/\/www.roxer.ro\/dev\/echipament\/imprimanta-multifunctionala-a3-color-xerox-altalink-c8170-70-ppm#breadcrumb\"},\"inLanguage\":\"ro-RO\",\"potentialAction\":[{\"@type\":\"ReadAction\",\"target\":[\"https:\/\/www.roxer.ro\/dev\/echipament\/imprimanta-multifunctionala-a3-color-xerox-altalink-c8170-70-ppm\"]}]},{\"@type\":\"BreadcrumbList\",\"@id\":\"https:\/\/www.roxer.ro\/dev\/echipament\/imprimanta-multifunctionala-a3-color-xerox-altalink-c8170-70-ppm#breadcrumb\",\"itemListElement\":[{\"@type\":\"ListItem\",\"position\":1,\"name\":\"Prima pagin\u0103\",\"item\":\"https:\/\/www.roxer.ro\/dev\/\"},{\"@type\":\"ListItem\",\"position\":2,\"name\":\"Echipamente\",\"item\":\"https:\/\/www.roxer.ro\/dev\/echipamente\"},{\"@type\":\"ListItem\",\"position\":3,\"name\":\"Imprimanta multifunctionala A3 color Xerox AltaLink C8170 &#8211; 70 ppm\"}]},{\"@type\":\"WebSite\",\"@id\":\"https:\/\/www.roxer.ro\/dev\/#website\",\"url\":\"https:\/\/www.roxer.ro\/dev\/\",\"name\":\"Roxer Grup\",\"description\":\"Xerox Cluj Napoca, Distribuitor Xerox Cluj, distribuitor Xerox S\u0103laj, distribuitor Xerox Bihor, distribuitor Xerox Maramure\u015f, distribuitor Xerox Bistri\u0163a N\u0103s\u0103ud, distribuitor Xerox Satu Mare\",\"publisher\":{\"@id\":\"https:\/\/www.roxer.ro\/dev\/#organization\"},\"potentialAction\":[{\"@type\":\"SearchAction\",\"target\":{\"@type\":\"EntryPoint\",\"urlTemplate\":\"https:\/\/www.roxer.ro\/dev\/?s={search_term_string}\"},\"query-input\":\"required name=search_term_string\"}],\"inLanguage\":\"ro-RO\"},{\"@type\":\"Organization\",\"@id\":\"https:\/\/www.roxer.ro\/dev\/#organization\",\"name\":\"Roxer Grup\",\"url\":\"https:\/\/www.roxer.ro\/dev\/\",\"logo\":{\"@type\":\"ImageObject\",\"inLanguage\":\"ro-RO\",\"@id\":\"https:\/\/www.roxer.ro\/dev\/#\/schema\/logo\/image\/\",\"url\":\"https:\/\/www.roxer.ro\/dev\/wp-content\/uploads\/2023\/05\/logo-roxer-1-e1684141209248.png\",\"contentUrl\":\"https:\/\/www.roxer.ro\/dev\/wp-content\/uploads\/2023\/05\/logo-roxer-1-e1684141209248.png\",\"width\":160,\"height\":57,\"caption\":\"Roxer Grup\"},\"image\":{\"@id\":\"https:\/\/www.roxer.ro\/dev\/#\/schema\/logo\/image\/\"}}]}<\/script>\n<!-- \/ Yoast SEO plugin. -->","yoast_head_json":{"title":"Imprimanta multifunctionala A3 color Xerox AltaLink C8170 - 70 ppm - Roxer Grup","robots":{"index":"noindex","follow":"follow","max-snippet":"max-snippet:-1","max-image-preview":"max-image-preview:large","max-video-preview":"max-video-preview:-1"},"og_locale":"ro_RO","og_type":"article","og_title":"Imprimanta multifunctionala A3 color Xerox AltaLink C8170 - 70 ppm - Roxer Grup","og_description":"Xerox AltaLink C8170 - Imprimanta multifunctionala A3 color  Viteza de imprimare 70 pagini pe minut  Rezolutie imprimare 2400 x 1200 dpi  Capacitate alimentare standard de 3130 coli, extensibila pana la 6140 coli  &nbsp;","og_url":"https:\/\/www.roxer.ro\/dev\/echipament\/imprimanta-multifunctionala-a3-color-xerox-altalink-c8170-70-ppm","og_site_name":"Roxer Grup","article_modified_time":"2020-11-20T13:57:03+00:00","og_image":[{"width":1648,"height":1508,"url":"https:\/\/www.roxer.ro\/dev\/wp-content\/uploads\/2020\/08\/altalink-8100.jpg","type":"image\/jpeg"}],"twitter_card":"summary_large_image","twitter_misc":{"Timp estimat pentru citire":"2 minute"},"schema":{"@context":"https:\/\/schema.org","@graph":[{"@type":"WebPage","@id":"https:\/\/www.roxer.ro\/dev\/echipament\/imprimanta-multifunctionala-a3-color-xerox-altalink-c8170-70-ppm","url":"https:\/\/www.roxer.ro\/dev\/echipament\/imprimanta-multifunctionala-a3-color-xerox-altalink-c8170-70-ppm","name":"Imprimanta multifunctionala A3 color Xerox AltaLink C8170 - 70 ppm - Roxer Grup","isPartOf":{"@id":"https:\/\/www.roxer.ro\/dev\/#website"},"datePublished":"2020-08-04T07:43:05+00:00","dateModified":"2020-11-20T13:57:03+00:00","breadcrumb":{"@id":"https:\/\/www.roxer.ro\/dev\/echipament\/imprimanta-multifunctionala-a3-color-xerox-altalink-c8170-70-ppm#breadcrumb"},"inLanguage":"ro-RO","potentialAction":[{"@type":"ReadAction","target":["https:\/\/www.roxer.ro\/dev\/echipament\/imprimanta-multifunctionala-a3-color-xerox-altalink-c8170-70-ppm"]}]},{"@type":"BreadcrumbList","@id":"https:\/\/www.roxer.ro\/dev\/echipament\/imprimanta-multifunctionala-a3-color-xerox-altalink-c8170-70-ppm#breadcrumb","itemListElement":[{"@type":"ListItem","position":1,"name":"Prima pagin\u0103","item":"https:\/\/www.roxer.ro\/dev\/"},{"@type":"ListItem","position":2,"name":"Echipamente","item":"https:\/\/www.roxer.ro\/dev\/echipamente"},{"@type":"ListItem","position":3,"name":"Imprimanta multifunctionala A3 color Xerox AltaLink C8170 &#8211; 70 ppm"}]},{"@type":"WebSite","@id":"https:\/\/www.roxer.ro\/dev\/#website","url":"https:\/\/www.roxer.ro\/dev\/","name":"Roxer Grup","description":"Xerox Cluj Napoca, Distribuitor Xerox Cluj, distribuitor Xerox S\u0103laj, distribuitor Xerox Bihor, distribuitor Xerox Maramure\u015f, distribuitor Xerox Bistri\u0163a N\u0103s\u0103ud, distribuitor Xerox Satu Mare","publisher":{"@id":"https:\/\/www.roxer.ro\/dev\/#organization"},"potentialAction":[{"@type":"SearchAction","target":{"@type":"EntryPoint","urlTemplate":"https:\/\/www.roxer.ro\/dev\/?s={search_term_string}"},"query-input":"required name=search_term_string"}],"inLanguage":"ro-RO"},{"@type":"Organization","@id":"https:\/\/www.roxer.ro\/dev\/#organization","name":"Roxer Grup","url":"https:\/\/www.roxer.ro\/dev\/","logo":{"@type":"ImageObject","inLanguage":"ro-RO","@id":"https:\/\/www.roxer.ro\/dev\/#\/schema\/logo\/image\/","url":"https:\/\/www.roxer.ro\/dev\/wp-content\/uploads\/2023\/05\/logo-roxer-1-e1684141209248.png","contentUrl":"https:\/\/www.roxer.ro\/dev\/wp-content\/uploads\/2023\/05\/logo-roxer-1-e1684141209248.png","width":160,"height":57,"caption":"Roxer Grup"},"image":{"@id":"https:\/\/www.roxer.ro\/dev\/#\/schema\/logo\/image\/"}}]}},"_links":{"self":[{"href":"https:\/\/www.roxer.ro\/dev\/wp-json\/wp\/v2\/product\/4524"}],"collection":[{"href":"https:\/\/www.roxer.ro\/dev\/wp-json\/wp\/v2\/product"}],"about":[{"href":"https:\/\/www.roxer.ro\/dev\/wp-json\/wp\/v2\/types\/product"}],"wp:featuredmedia":[{"embeddable":true,"href":"https:\/\/www.roxer.ro\/dev\/wp-json\/wp\/v2\/media\/5405"}],"wp:attachment":[{"href":"https:\/\/www.roxer.ro\/dev\/wp-json\/wp\/v2\/media?parent=4524"}],"wp:term":[{"taxonomy":"product_cat","embeddable":true,"href":"https:\/\/www.roxer.ro\/dev\/wp-json\/wp\/v2\/product_cat?post=4524"},{"taxonomy":"product_tag","embeddable":true,"href":"https:\/\/www.roxer.ro\/dev\/wp-json\/wp\/v2\/product_tag?post=4524"}],"curies":[{"name":"wp","href":"https:\/\/api.w.org\/{rel}","templated":true}]}}