{"id":4555,"date":"2020-08-04T09:52:04","date_gmt":"2020-08-04T09:52:04","guid":{"rendered":"https:\/\/firstdesign.ro\/roxer\/?post_type=product&#038;p=4555"},"modified":"2020-11-26T16:15:42","modified_gmt":"2020-11-26T16:15:42","slug":"xerox-versant-3100-press","status":"publish","type":"product","link":"https:\/\/www.roxer.ro\/dev\/echipament\/xerox-versant-3100-press","title":{"rendered":"Xerox Versant 3100 Press"},"content":{"rendered":"<p><strong>Productivitate\/ Viteze de imprimare pentru Xerox Versant 3100<br \/>\n<\/strong><\/p>\n<p><strong>\u00cenlocuie\u015fte Xerox Versant 2100<\/strong><\/p>\n<ul>\n<li>Volum de produc\u021bie: 1.200.000<\/li>\n<li>Volum de imprimare lunar mediu: 75.000\u2013250.000<\/li>\n<li>100 ppm A4, 52\u2013350 g\/m2<\/li>\n<\/ul>\n<p><strong>Tehnologie<\/strong><\/p>\n<ul>\n<li>Rezolu\u021bie Ultra HD pentru detalii extrem de fine prin randare \u0219i VCSEL ROS<\/li>\n<li>Production Accurate Registration (PAR) pentru registra\u021bie fa\u021b\u0103-verso uniform\u0103<\/li>\n<li>Func\u021bii avansate precum Full Width Array \u0219i Automated Colour Quality Suite (ACQS)<\/li>\n<li>Proces cu circuit \u00eenchis pentru controlul culorilor<\/li>\n<li>Toner Xerox\u00ae EA cu punct de topire sc\u0103zut<\/li>\n<li>Aplica\u021bie Xerox\u00ae pentru managementul libr\u0103riei de media<\/li>\n<li>Role de \u00eencarcare cu tehnologie de cur\u0103\u021bare automat\u0103<\/li>\n<li>Cuptor compact<\/li>\n<li>Ajust\u0103ri electronice flexibile ale alinierii (profiluri)<\/li>\n<li>Modul de r\u0103cire a h\u00e2rtiei<\/li>\n<li>Modul de netezire cu o singur\u0103 trecere (tehnologie cu role \u0219i curea\/coli perfect netede)<\/li>\n<li>Foto-receptori cu durat\u0103 de via\u021b\u0103 sporit\u0103<\/li>\n<li>Alimentare \u0219i finisare modular\u0103<\/li>\n<li>Platform\u0103 avansat\u0103 pentru suport<\/li>\n<\/ul>\n<p><strong><br \/>\nFormate\/ Dimensiuni de h\u00e2rtie pentru Xerox Versant 3100<\/strong><\/p>\n<ul>\n<li>Dimensiune maxim\u0103 a colii: 330 mm x 488 mm<\/li>\n<li>Dimensiune minim\u0103 a colii: 139 mm x 182 mm, kitul t\u0103vii de inserare suport\u0103 98 mm x 148 mm<\/li>\n<li>Suprafa\u021b\u0103 maxim\u0103 de imprimare: 326 mm x 482 mm<\/li>\n<li>Suprafa\u021b\u0103 garantat\u0103: 317 mm x 482 mm<\/li>\n<\/ul>\n<p><strong>Tipuri\/ Grosimi de h\u00e2rtie<\/strong><\/p>\n<ul>\n<li>H\u00e2rtie cretat\u0103 \u0219i necretat\u0103, h\u00e2rtie cu luminozitate sporit\u0103, etichete, c\u0103r\u021bi de vizit\u0103, bro\u0219uri lucioase, afi\u0219e autocolante, h\u00e2rtie rezistent\u0103\/sintetic\u0103, felicit\u0103ri, coli separatoare, coli cu elemente \u00een relief, poliester \u0219i solu\u021bii personalizate<\/li>\n<li>Lucr\u0103ri cu materiale de imprimare diferite<\/li>\n<li>52\u2013350 g\/m2<\/li>\n<\/ul>\n<p><strong>Servere de imprimare Xerox\u00ae EX si EX-P 3100, bazate pe tehnologia Fiery\u00ae<\/strong><\/p>\n<ul>\n<li>Rezolu\u0163ie de procesare 1200 x 1200 dpi, 10 bi\u021bi<\/li>\n<li>Tehnologia Fiery HyperRIP (doar EX-P)<\/li>\n<li>Func\u021bia Fiery Ultra Smooth Gradients<\/li>\n<li>Pachetul Fiery Graphic Arts, edi\u021bia Premium (op\u021bional pentru EX)<\/li>\n<li>Fiery Colour Profiler Suite inclusiv spectrofotometrul<\/li>\n<li>ES-2000<\/li>\n<li>Aplica\u021biile Fiery Compose \u0219i Fiery Impose<\/li>\n<li>Adobe PDF Print Engine 2.5<\/li>\n<\/ul>\n<p>Print Applications<\/p>\n<h4>Booklets \/ Brochures \/ Catalogs<\/h4>\n<p><a class=\"dt-pswp-item\" href=\"https:\/\/firstdesign.ro\/roxer\/wp-content\/uploads\/2020\/08\/Brosura.png\" data-dt-img-description=\"\" data-large_image_width=\"393\" data-large_image_height=\"241\"><img decoding=\"async\" loading=\"lazy\" class=\"size-medium wp-image-4548 alignleft\" src=\"https:\/\/firstdesign.ro\/roxer\/wp-content\/uploads\/2020\/08\/Brosura-300x184.png\" alt=\"\" width=\"300\" height=\"184\" srcset=\"https:\/\/www.roxer.ro\/dev\/wp-content\/uploads\/2020\/08\/Brosura-300x184.png 300w, https:\/\/www.roxer.ro\/dev\/wp-content\/uploads\/2020\/08\/Brosura.png 393w\" sizes=\"(max-width: 300px) 100vw, 300px\" \/><\/a><\/p>\n<p>&nbsp;<\/p>\n<p>&nbsp;<\/p>\n<p>&nbsp;<\/p>\n<p>&nbsp;<\/p>\n<p>&nbsp;<\/p>\n<p>&nbsp;<\/p>\n<h4>Reports\/Newsletters<\/h4>\n<p><a class=\"dt-pswp-item\" href=\"https:\/\/firstdesign.ro\/roxer\/wp-content\/uploads\/2020\/08\/Rapoarte-si-newsletere.png\" data-dt-img-description=\"\" data-large_image_width=\"393\" data-large_image_height=\"241\"><img decoding=\"async\" loading=\"lazy\" class=\"size-medium wp-image-4549 alignleft\" src=\"https:\/\/firstdesign.ro\/roxer\/wp-content\/uploads\/2020\/08\/Rapoarte-si-newsletere-300x184.png\" alt=\"\" width=\"300\" height=\"184\" srcset=\"https:\/\/www.roxer.ro\/dev\/wp-content\/uploads\/2020\/08\/Rapoarte-si-newsletere-300x184.png 300w, https:\/\/www.roxer.ro\/dev\/wp-content\/uploads\/2020\/08\/Rapoarte-si-newsletere.png 393w\" sizes=\"(max-width: 300px) 100vw, 300px\" \/><\/a><\/p>\n<p>&nbsp;<\/p>\n<p>&nbsp;<\/p>\n<p>&nbsp;<\/p>\n<p>&nbsp;<\/p>\n<p>&nbsp;<\/p>\n<p>&nbsp;<\/p>\n<h4>Wire Bound Products: Course Packs, Calendars, Directories<\/h4>\n<p><a class=\"dt-pswp-item\" href=\"https:\/\/firstdesign.ro\/roxer\/wp-content\/uploads\/2020\/08\/Calendare-materiale-de-curs.png\" data-dt-img-description=\"\" data-large_image_width=\"393\" data-large_image_height=\"241\"><img decoding=\"async\" loading=\"lazy\" class=\"size-medium wp-image-4550 alignleft\" src=\"https:\/\/firstdesign.ro\/roxer\/wp-content\/uploads\/2020\/08\/Calendare-materiale-de-curs-300x184.png\" alt=\"\" width=\"300\" height=\"184\" srcset=\"https:\/\/www.roxer.ro\/dev\/wp-content\/uploads\/2020\/08\/Calendare-materiale-de-curs-300x184.png 300w, https:\/\/www.roxer.ro\/dev\/wp-content\/uploads\/2020\/08\/Calendare-materiale-de-curs.png 393w\" sizes=\"(max-width: 300px) 100vw, 300px\" \/><\/a><\/p>\n<p>&nbsp;<\/p>\n<p>&nbsp;<\/p>\n<p>&nbsp;<\/p>\n<p>&nbsp;<\/p>\n<p>&nbsp;<\/p>\n<p>&nbsp;<\/p>\n<h4>Postcards\/Business Cards<\/h4>\n<p><a class=\"dt-pswp-item\" href=\"https:\/\/firstdesign.ro\/roxer\/wp-content\/uploads\/2020\/08\/carti-postale-carti-de-vizita.png\" data-dt-img-description=\"\" data-large_image_width=\"393\" data-large_image_height=\"241\"><img decoding=\"async\" loading=\"lazy\" class=\"size-medium wp-image-4551 alignleft\" src=\"https:\/\/firstdesign.ro\/roxer\/wp-content\/uploads\/2020\/08\/carti-postale-carti-de-vizita-300x184.png\" alt=\"\" width=\"300\" height=\"184\" srcset=\"https:\/\/www.roxer.ro\/dev\/wp-content\/uploads\/2020\/08\/carti-postale-carti-de-vizita-300x184.png 300w, https:\/\/www.roxer.ro\/dev\/wp-content\/uploads\/2020\/08\/carti-postale-carti-de-vizita.png 393w\" sizes=\"(max-width: 300px) 100vw, 300px\" \/><\/a><\/p>\n<p>&nbsp;<\/p>\n<p>&nbsp;<\/p>\n<p>&nbsp;<\/p>\n<p>&nbsp;<\/p>\n<p>&nbsp;<\/p>\n<p>&nbsp;<\/p>\n<h4>Folding: tri-fold\/half fold\/custom creases<\/h4>\n<p><a class=\"dt-pswp-item\" href=\"https:\/\/firstdesign.ro\/roxer\/wp-content\/uploads\/2020\/08\/VERSANT-180_XPE-26-trifold-half-fold-custom-crease.png\" data-dt-img-description=\"\" data-large_image_width=\"393\" data-large_image_height=\"241\"><img decoding=\"async\" loading=\"lazy\" class=\"size-medium wp-image-4552 alignleft\" src=\"https:\/\/firstdesign.ro\/roxer\/wp-content\/uploads\/2020\/08\/VERSANT-180_XPE-26-trifold-half-fold-custom-crease-300x184.png\" alt=\"\" width=\"300\" height=\"184\" srcset=\"https:\/\/www.roxer.ro\/dev\/wp-content\/uploads\/2020\/08\/VERSANT-180_XPE-26-trifold-half-fold-custom-crease-300x184.png 300w, https:\/\/www.roxer.ro\/dev\/wp-content\/uploads\/2020\/08\/VERSANT-180_XPE-26-trifold-half-fold-custom-crease.png 393w\" sizes=\"(max-width: 300px) 100vw, 300px\" \/><\/a><\/p>\n<p>&nbsp;<\/p>\n<p>&nbsp;<\/p>\n<p>&nbsp;<\/p>\n<p>&nbsp;<\/p>\n<p>&nbsp;<\/p>\n<p>&nbsp;<\/p>\n<h4>Direct Mail\/Invoices\/TransPromo<\/h4>\n<p><a class=\"dt-pswp-item\" href=\"https:\/\/firstdesign.ro\/roxer\/wp-content\/uploads\/2020\/08\/VERSANT-180_XPE-27-direct-mail-facturi-transpromo.png\" data-dt-img-description=\"\" data-large_image_width=\"393\" data-large_image_height=\"241\"><img decoding=\"async\" loading=\"lazy\" class=\"size-medium wp-image-4553 alignleft\" src=\"https:\/\/firstdesign.ro\/roxer\/wp-content\/uploads\/2020\/08\/VERSANT-180_XPE-27-direct-mail-facturi-transpromo-300x184.png\" alt=\"\" width=\"300\" height=\"184\" srcset=\"https:\/\/www.roxer.ro\/dev\/wp-content\/uploads\/2020\/08\/VERSANT-180_XPE-27-direct-mail-facturi-transpromo-300x184.png 300w, https:\/\/www.roxer.ro\/dev\/wp-content\/uploads\/2020\/08\/VERSANT-180_XPE-27-direct-mail-facturi-transpromo.png 393w\" sizes=\"(max-width: 300px) 100vw, 300px\" \/><\/a><\/p>\n<p>&nbsp;<\/p>\n<p>&nbsp;<\/p>\n<p>&nbsp;<\/p>\n<p>&nbsp;<\/p>\n<p>&nbsp;<\/p>\n<p>&nbsp;<\/p>\n<h4>Specialty Media\/Envelopes\/Packaging<\/h4>\n<p><a class=\"dt-pswp-item\" href=\"https:\/\/firstdesign.ro\/roxer\/wp-content\/uploads\/2020\/08\/VERSANT-180_XPE-28-media-specializata-plicuri-ambalaje.png\" data-dt-img-description=\"\" data-large_image_width=\"393\" data-large_image_height=\"241\"><img decoding=\"async\" loading=\"lazy\" class=\"size-medium wp-image-4554 alignleft\" src=\"https:\/\/firstdesign.ro\/roxer\/wp-content\/uploads\/2020\/08\/VERSANT-180_XPE-28-media-specializata-plicuri-ambalaje-300x184.png\" alt=\"\" width=\"300\" height=\"184\" srcset=\"https:\/\/www.roxer.ro\/dev\/wp-content\/uploads\/2020\/08\/VERSANT-180_XPE-28-media-specializata-plicuri-ambalaje-300x184.png 300w, https:\/\/www.roxer.ro\/dev\/wp-content\/uploads\/2020\/08\/VERSANT-180_XPE-28-media-specializata-plicuri-ambalaje.png 393w\" sizes=\"(max-width: 300px) 100vw, 300px\" \/><\/a><\/p>\n<p>&nbsp;<\/p>\n<p>&nbsp;<\/p>\n<p>&nbsp;<\/p>\n<p>&nbsp;<\/p>\n<p>&nbsp;<\/p>\n<p>&nbsp;<\/p>\n<p><strong>Acest echipament poate fi achizi\u0163ionat \u015fi \u00een rate. Pentru detalii<a href=\"https:\/\/www.roxer.ro\/contact\/\" target=\"_blank\" rel=\"noopener noreferrer\">\u00a0contacteaz\u0103-ne<\/a>.<\/strong><\/p>\n","protected":false},"excerpt":{"rendered":"<p><strong>Echipamentul nu mai face parte din oferta actual\u0103 Roxer \u015fi este \u00eenlocuit cu Presa digital\u0103 <a href=\"https:\/\/www.roxer.ro\/echipament\/xerox-versant-4100-press\">Xerox Versant 4100<\/a>.<br \/>\n<\/strong><\/p>\n<p>. Un plus de productivitate, calitate, vitez\u0103, tehnologie, eficien\u0163\u0103.<\/p>\n<div id=\"land_body\" class=\"component\">\n<p><strong>Calitatea imaginii<\/strong><\/p>\n<ul>\n<li>2400 x 2400 dpi VCSEL ROS<\/li>\n<li>Screening-uri halftone:\u00a0150, 175 (doar EFI), 200, 300, 600 Clustered Dot;\u00a0150 (doar EFI), 200 Rotated Line Screen;\u00a0screening FM (stocastic)<\/li>\n<\/ul>\n<p><strong>\u00a0<\/strong><\/p>\n<\/div>\n","protected":false},"featured_media":4556,"template":"","meta":[],"product_cat":[120,122],"product_tag":[165,181,178,307],"yoast_head":"<!-- This site is optimized with the Yoast SEO plugin v20.3 - https:\/\/yoast.com\/wordpress\/plugins\/seo\/ -->\n<title>Xerox Versant 3100 Press - Roxer Grup<\/title>\n<meta name=\"robots\" content=\"noindex, follow, max-snippet:-1, max-image-preview:large, max-video-preview:-1\" \/>\n<meta property=\"og:locale\" content=\"ro_RO\" \/>\n<meta property=\"og:type\" content=\"article\" \/>\n<meta property=\"og:title\" content=\"Xerox Versant 3100 Press - Roxer Grup\" \/>\n<meta property=\"og:description\" content=\"Echipamentul nu mai face parte din oferta actual\u0103 Roxer \u015fi este \u00eenlocuit cu Presa digital\u0103 Xerox Versant 4100.   . Un plus de productivitate, calitate, vitez\u0103, tehnologie, eficien\u0163\u0103.   Calitatea imaginii   2400 x 2400 dpi VCSEL ROS  Screening-uri halftone:\u00a0150, 175 (doar EFI), 200, 300, 600 Clustered Dot;\u00a0150 (doar EFI), 200 Rotated Line Screen;\u00a0screening FM (stocastic)  \u00a0\" \/>\n<meta property=\"og:url\" content=\"https:\/\/www.roxer.ro\/dev\/echipament\/xerox-versant-3100-press\" \/>\n<meta property=\"og:site_name\" content=\"Roxer Grup\" \/>\n<meta property=\"article:modified_time\" content=\"2020-11-26T16:15:42+00:00\" \/>\n<meta property=\"og:image\" content=\"https:\/\/www.roxer.ro\/dev\/wp-content\/uploads\/2020\/08\/Versant-3100.jpg\" \/>\n\t<meta property=\"og:image:width\" content=\"702\" \/>\n\t<meta property=\"og:image:height\" content=\"336\" \/>\n\t<meta property=\"og:image:type\" content=\"image\/jpeg\" \/>\n<meta name=\"twitter:card\" content=\"summary_large_image\" \/>\n<meta name=\"twitter:label1\" content=\"Timp estimat pentru citire\" \/>\n\t<meta name=\"twitter:data1\" content=\"2 minute\" \/>\n<script type=\"application\/ld+json\" class=\"yoast-schema-graph\">{\"@context\":\"https:\/\/schema.org\",\"@graph\":[{\"@type\":\"WebPage\",\"@id\":\"https:\/\/www.roxer.ro\/dev\/echipament\/xerox-versant-3100-press\",\"url\":\"https:\/\/www.roxer.ro\/dev\/echipament\/xerox-versant-3100-press\",\"name\":\"Xerox Versant 3100 Press - Roxer Grup\",\"isPartOf\":{\"@id\":\"https:\/\/www.roxer.ro\/dev\/#website\"},\"datePublished\":\"2020-08-04T09:52:04+00:00\",\"dateModified\":\"2020-11-26T16:15:42+00:00\",\"breadcrumb\":{\"@id\":\"https:\/\/www.roxer.ro\/dev\/echipament\/xerox-versant-3100-press#breadcrumb\"},\"inLanguage\":\"ro-RO\",\"potentialAction\":[{\"@type\":\"ReadAction\",\"target\":[\"https:\/\/www.roxer.ro\/dev\/echipament\/xerox-versant-3100-press\"]}]},{\"@type\":\"BreadcrumbList\",\"@id\":\"https:\/\/www.roxer.ro\/dev\/echipament\/xerox-versant-3100-press#breadcrumb\",\"itemListElement\":[{\"@type\":\"ListItem\",\"position\":1,\"name\":\"Prima pagin\u0103\",\"item\":\"https:\/\/www.roxer.ro\/dev\/\"},{\"@type\":\"ListItem\",\"position\":2,\"name\":\"Echipamente\",\"item\":\"https:\/\/www.roxer.ro\/dev\/echipamente\"},{\"@type\":\"ListItem\",\"position\":3,\"name\":\"Xerox Versant 3100 Press\"}]},{\"@type\":\"WebSite\",\"@id\":\"https:\/\/www.roxer.ro\/dev\/#website\",\"url\":\"https:\/\/www.roxer.ro\/dev\/\",\"name\":\"Roxer Grup\",\"description\":\"Xerox Cluj Napoca, Distribuitor Xerox Cluj, distribuitor Xerox S\u0103laj, distribuitor Xerox Bihor, distribuitor Xerox Maramure\u015f, distribuitor Xerox Bistri\u0163a N\u0103s\u0103ud, distribuitor Xerox Satu Mare\",\"publisher\":{\"@id\":\"https:\/\/www.roxer.ro\/dev\/#organization\"},\"potentialAction\":[{\"@type\":\"SearchAction\",\"target\":{\"@type\":\"EntryPoint\",\"urlTemplate\":\"https:\/\/www.roxer.ro\/dev\/?s={search_term_string}\"},\"query-input\":\"required name=search_term_string\"}],\"inLanguage\":\"ro-RO\"},{\"@type\":\"Organization\",\"@id\":\"https:\/\/www.roxer.ro\/dev\/#organization\",\"name\":\"Roxer Grup\",\"url\":\"https:\/\/www.roxer.ro\/dev\/\",\"logo\":{\"@type\":\"ImageObject\",\"inLanguage\":\"ro-RO\",\"@id\":\"https:\/\/www.roxer.ro\/dev\/#\/schema\/logo\/image\/\",\"url\":\"https:\/\/www.roxer.ro\/dev\/wp-content\/uploads\/2023\/05\/logo-roxer-1-e1684141209248.png\",\"contentUrl\":\"https:\/\/www.roxer.ro\/dev\/wp-content\/uploads\/2023\/05\/logo-roxer-1-e1684141209248.png\",\"width\":160,\"height\":57,\"caption\":\"Roxer Grup\"},\"image\":{\"@id\":\"https:\/\/www.roxer.ro\/dev\/#\/schema\/logo\/image\/\"}}]}<\/script>\n<!-- \/ Yoast SEO plugin. -->","yoast_head_json":{"title":"Xerox Versant 3100 Press - Roxer Grup","robots":{"index":"noindex","follow":"follow","max-snippet":"max-snippet:-1","max-image-preview":"max-image-preview:large","max-video-preview":"max-video-preview:-1"},"og_locale":"ro_RO","og_type":"article","og_title":"Xerox Versant 3100 Press - Roxer Grup","og_description":"Echipamentul nu mai face parte din oferta actual\u0103 Roxer \u015fi este \u00eenlocuit cu Presa digital\u0103 Xerox Versant 4100.   . Un plus de productivitate, calitate, vitez\u0103, tehnologie, eficien\u0163\u0103.   Calitatea imaginii   2400 x 2400 dpi VCSEL ROS  Screening-uri halftone:\u00a0150, 175 (doar EFI), 200, 300, 600 Clustered Dot;\u00a0150 (doar EFI), 200 Rotated Line Screen;\u00a0screening FM (stocastic)  \u00a0","og_url":"https:\/\/www.roxer.ro\/dev\/echipament\/xerox-versant-3100-press","og_site_name":"Roxer Grup","article_modified_time":"2020-11-26T16:15:42+00:00","og_image":[{"width":702,"height":336,"url":"https:\/\/www.roxer.ro\/dev\/wp-content\/uploads\/2020\/08\/Versant-3100.jpg","type":"image\/jpeg"}],"twitter_card":"summary_large_image","twitter_misc":{"Timp estimat pentru citire":"2 minute"},"schema":{"@context":"https:\/\/schema.org","@graph":[{"@type":"WebPage","@id":"https:\/\/www.roxer.ro\/dev\/echipament\/xerox-versant-3100-press","url":"https:\/\/www.roxer.ro\/dev\/echipament\/xerox-versant-3100-press","name":"Xerox Versant 3100 Press - Roxer Grup","isPartOf":{"@id":"https:\/\/www.roxer.ro\/dev\/#website"},"datePublished":"2020-08-04T09:52:04+00:00","dateModified":"2020-11-26T16:15:42+00:00","breadcrumb":{"@id":"https:\/\/www.roxer.ro\/dev\/echipament\/xerox-versant-3100-press#breadcrumb"},"inLanguage":"ro-RO","potentialAction":[{"@type":"ReadAction","target":["https:\/\/www.roxer.ro\/dev\/echipament\/xerox-versant-3100-press"]}]},{"@type":"BreadcrumbList","@id":"https:\/\/www.roxer.ro\/dev\/echipament\/xerox-versant-3100-press#breadcrumb","itemListElement":[{"@type":"ListItem","position":1,"name":"Prima pagin\u0103","item":"https:\/\/www.roxer.ro\/dev\/"},{"@type":"ListItem","position":2,"name":"Echipamente","item":"https:\/\/www.roxer.ro\/dev\/echipamente"},{"@type":"ListItem","position":3,"name":"Xerox Versant 3100 Press"}]},{"@type":"WebSite","@id":"https:\/\/www.roxer.ro\/dev\/#website","url":"https:\/\/www.roxer.ro\/dev\/","name":"Roxer Grup","description":"Xerox Cluj Napoca, Distribuitor Xerox Cluj, distribuitor Xerox S\u0103laj, distribuitor Xerox Bihor, distribuitor Xerox Maramure\u015f, distribuitor Xerox Bistri\u0163a N\u0103s\u0103ud, distribuitor Xerox Satu Mare","publisher":{"@id":"https:\/\/www.roxer.ro\/dev\/#organization"},"potentialAction":[{"@type":"SearchAction","target":{"@type":"EntryPoint","urlTemplate":"https:\/\/www.roxer.ro\/dev\/?s={search_term_string}"},"query-input":"required name=search_term_string"}],"inLanguage":"ro-RO"},{"@type":"Organization","@id":"https:\/\/www.roxer.ro\/dev\/#organization","name":"Roxer Grup","url":"https:\/\/www.roxer.ro\/dev\/","logo":{"@type":"ImageObject","inLanguage":"ro-RO","@id":"https:\/\/www.roxer.ro\/dev\/#\/schema\/logo\/image\/","url":"https:\/\/www.roxer.ro\/dev\/wp-content\/uploads\/2023\/05\/logo-roxer-1-e1684141209248.png","contentUrl":"https:\/\/www.roxer.ro\/dev\/wp-content\/uploads\/2023\/05\/logo-roxer-1-e1684141209248.png","width":160,"height":57,"caption":"Roxer Grup"},"image":{"@id":"https:\/\/www.roxer.ro\/dev\/#\/schema\/logo\/image\/"}}]}},"_links":{"self":[{"href":"https:\/\/www.roxer.ro\/dev\/wp-json\/wp\/v2\/product\/4555"}],"collection":[{"href":"https:\/\/www.roxer.ro\/dev\/wp-json\/wp\/v2\/product"}],"about":[{"href":"https:\/\/www.roxer.ro\/dev\/wp-json\/wp\/v2\/types\/product"}],"wp:featuredmedia":[{"embeddable":true,"href":"https:\/\/www.roxer.ro\/dev\/wp-json\/wp\/v2\/media\/4556"}],"wp:attachment":[{"href":"https:\/\/www.roxer.ro\/dev\/wp-json\/wp\/v2\/media?parent=4555"}],"wp:term":[{"taxonomy":"product_cat","embeddable":true,"href":"https:\/\/www.roxer.ro\/dev\/wp-json\/wp\/v2\/product_cat?post=4555"},{"taxonomy":"product_tag","embeddable":true,"href":"https:\/\/www.roxer.ro\/dev\/wp-json\/wp\/v2\/product_tag?post=4555"}],"curies":[{"name":"wp","href":"https:\/\/api.w.org\/{rel}","templated":true}]}}