{"id":4561,"date":"2020-08-04T12:47:01","date_gmt":"2020-08-04T12:47:01","guid":{"rendered":"https:\/\/firstdesign.ro\/roxer\/?post_type=product&#038;p=4561"},"modified":"2020-11-26T16:14:18","modified_gmt":"2020-11-26T16:14:18","slug":"xerox-colour-c60-c70","status":"publish","type":"product","link":"https:\/\/www.roxer.ro\/dev\/echipament\/xerox-colour-c60-c70","title":{"rendered":"Xerox Colour C60\/C70"},"content":{"rendered":"<div class=\"box-collateral box-description\">\n<div class=\"focus_desc\">\n<p><iframe loading=\"lazy\" title=\"Xerox Color C60\/C70 Printer: Creating booklets with the Xerox Integrated Color Server\" width=\"1200\" height=\"675\" src=\"https:\/\/www.youtube.com\/embed\/YhMS_MFUaC0?feature=oembed\" frameborder=\"0\" allow=\"accelerometer; autoplay; clipboard-write; encrypted-media; gyroscope; picture-in-picture\" allowfullscreen><\/iframe><\/p>\n<\/div>\n<\/div>\n<div class=\"box-collateral box-additional\">\n<table id=\"product-attribute-specs-table\" class=\"data-table\">\n<colgroup>\n<col width=\"25%\" \/>\n<col \/><\/colgroup>\n<tbody>\n<tr>\n<th class=\"label\" colspan=\"2\">Rezolutie<\/th>\n<\/tr>\n<tr>\n<td class=\"data\" colspan=\"2\">\n<ul>\n<li>Imprimare\/copiere: 2400 x 2400 dpi; scanare:\u00a0200 x 200, 300 x 300, 400 x 400, 600 x 600<\/li>\n<li>Screening-uri: 600, 300, 200 \u015fi 150 Clustered Dot,\u00a0200 Rotated Line Screen<\/li>\n<\/ul>\n<\/td>\n<\/tr>\n<tr>\n<td><\/td>\n<\/tr>\n<tr>\n<th class=\"label\" colspan=\"2\">Tehnologie<\/th>\n<\/tr>\n<tr>\n<td class=\"data\" colspan=\"2\">\n<ul>\n<li>Imprimare, fax (op\u0163ional), copiere, scanare,\u00a0previzualizare, e-mail<\/li>\n<li>Alimentare cu toner \u015fi h\u00e2rtie \u00een timpul func\u0163ion\u0103rii<\/li>\n<li>Advanced Registration Technology pentru un control\u00a0mai strict<\/li>\n<li>Simple Image Quality Adjustment (SIQA)<\/li>\n<li>Registra\u0163ie fa\u0163\u0103-spate +\/- 1,2 mm<\/li>\n<li>Configurare personalizat\u0103 a h\u00e2rtiei \/ profilurilor de\u00a0aliniere<\/li>\n<li>Toner Xerox\u00ae EA cu punct de topire sc\u0103zut<\/li>\n<li>Unit\u0103\u0163i Xerox\u00ae Smart Kit\u00ae de schimb pentru toner,\u00a0cilindri, cuptor, unitate corotron, recipient de toner\u00a0rezidual, capse<\/li>\n<\/ul>\n<\/td>\n<\/tr>\n<tr>\n<td><\/td>\n<\/tr>\n<tr>\n<th class=\"label\" colspan=\"2\">Certificari<\/th>\n<\/tr>\n<tr>\n<td class=\"data\" colspan=\"2\">\n<ul>\n<li>Certificare Fogra, PANTONE Matching System\u00ae,\u00a0PANTONE GOE, PANTONE Plus, motor de imprimare\u00a0Adobe PDF<\/li>\n<\/ul>\n<\/td>\n<\/tr>\n<tr>\n<td><\/td>\n<\/tr>\n<tr>\n<th class=\"label\" colspan=\"2\">Scaner integrat<\/th>\n<\/tr>\n<tr>\n<td class=\"data\" colspan=\"2\">\n<ul>\n<li>Dispozitiv automat de alimentare fa\u0163\u0103-verso,\u00a0cu o singur\u0103 trecere<\/li>\n<li>Scaner color<\/li>\n<li>Scanare c\u0103tre destina\u0163ii diverse<\/li>\n<li>Capacitate de 250 de coli<\/li>\n<li>P\u00e2n\u0103 la 200 ipm (color \u015fi alb-negru)<\/li>\n<li>Originale max. A3 cu greut\u0103\u0163i \u00eentre 38 g\/m\u00b2 \u015fi 200 g\/m\u00b2<\/li>\n<\/ul>\n<\/td>\n<\/tr>\n<tr>\n<td><\/td>\n<\/tr>\n<tr>\n<th class=\"label\" colspan=\"2\">Productivitate\/Viteze de imprimare<\/th>\n<\/tr>\n<tr>\n<td class=\"data\" colspan=\"2\">Volum lunar: 300.000<\/td>\n<\/tr>\n<tr>\n<td><\/td>\n<\/tr>\n<tr>\n<th class=\"label\" colspan=\"2\">Hartie<\/th>\n<\/tr>\n<tr>\n<td class=\"data\" colspan=\"2\">\n<ul>\n<li>T\u0103vi interne: 64-220 g\/m\u00b2, h\u00e2rtie cretat\u0103 \u015fi necretat\u0103<\/li>\n<li>Tava 1: 500 coli SRA3<\/li>\n<li>Tava 2: 500 coli A3<\/li>\n<li>Tava 3: 870 coli A4<\/li>\n<li>Tava 4: 1.140 coli A4<\/li>\n<li>Tava manual\u0103: 250 coli de h\u00e2rtie cretat\u0103 \u015fi necretat\u0103\u00a0de p\u00e2n\u0103 la 300 g\/m\u00b2, max. 330 x 482 mm<\/li>\n<\/ul>\n<\/td>\n<\/tr>\n<tr>\n<td><\/td>\n<\/tr>\n<tr>\n<th class=\"label\" colspan=\"2\">Server integrat color Xerox<\/th>\n<\/tr>\n<tr>\n<td class=\"data\" colspan=\"2\">\n<ul>\n<li>Specifica\u0163ii hardware:\u00a0Unitate hard disk 80 GB, 2 GB RAM<\/li>\n<li>Limbaje de imprimare \u015fi formate de fi\u015fier:\u00a0PDF, XPS\u00ae, emulare PCL\u00ae 6, HP-GL2 (comand\u0103 direct\u0103),\u00a0TIFF, JPEG, Adobe\u00ae PostScript\u00ae 3\u2122 (op\u0163ional)<\/li>\n<li>Scanare:\u00a0Scanare c\u0103tre e-mail, scanare c\u0103tre folder, PC, c\u0103su\u0163\u0103\u00a0po\u015ftal\u0103 (privat\u0103 \u015fi public\u0103), op\u0163iuni de scanare c\u0103tre\u00a0USB, FTP, SMB, Desk, PDF cu posibilitate de c\u0103utare\u00a0a textului, PDF\/A, XPS, previzualizare miniaturi<\/li>\n<li>Securitate:\u00a0Imprimare securizat\u0103 standard, autentificare prin\u00a0LDAP\/Kerberos\/SMB\/CAC, PDF protejat prin parol\u0103,\u00a0criptare FIPS 140-2, e-mail criptat S\/MIME, IPsec,\u00a0802.1X, SNMP v3.0, e-mail prin SSL, suprascriere\u00a0imagini (imediat\u0103, programat\u0103, la cerere), criptarea\u00a0datelor pe hard disk, jurnal de audit op\u0163ional CAC,\u00a0Xerox Secure Access Unified ID System\u00ae, IPv6 Ready,\u00a0criptare pe 256 bi\u0163i, certificare Common Criteria\u00a0(\u00een curs de ob\u0163inere)<\/li>\n<\/ul>\n<\/td>\n<\/tr>\n<tr>\n<td><\/td>\n<\/tr>\n<\/tbody>\n<\/table>\n<\/div>\n<p><strong>Acest echipament poate fi achizi\u0163ionat \u015fi \u00een rate. Pentru detalii<a href=\"https:\/\/www.roxer.ro\/contact\/\" target=\"_blank\" rel=\"noopener noreferrer\">\u00a0contacteaz\u0103-ne<\/a>.<\/strong><\/p>\n","protected":false},"excerpt":{"rendered":"<div class=\"box-collateral box-description\">\n<div class=\"focus_desc\">\n<p><strong>Echipamentul nu mai face parte din oferta actual\u0103 Roxer \u015fi este \u00eenlocuit cu Presa digital\u0103<\/strong>\u00a0<a href=\"https:\/\/www.roxer.ro\/produs\/xerox-primelink-c9065-70-cel-mai-nou-echipament-de-tipar-digital-la-un-pret-imbatabil-pentru-clasa-si-dotarile-sale\/\"><strong>Xerox PrimeLink C9065\/70.<\/strong><\/a><\/p>\n<\/div>\n<p>Echipamentul Xerox\u00ae Colour C60\/C70 v\u0103 permite s\u0103 realiza\u0163i aplica\u0163ii dintre cele mai diverse, oferind \u00een acela\u015fi timp o calitate impecabil\u0103 a imaginii. Adapt\u00e2ndu-se constant la ritmul de cre\u015ftere al afacerii dvs., aceast\u0103 solu\u0163ie complet\u0103 este capabil\u0103 s\u0103 impulsioneze productivitatea oric\u0103rui mediu de lucru.<\/p>\n<div class=\"focus_desc\">\n<p>&nbsp;<\/p>\n<\/div>\n<\/div>\n<p>&nbsp;<\/p>\n","protected":false},"featured_media":4562,"template":"","meta":[],"product_cat":[120,122],"product_tag":[303],"yoast_head":"<!-- This site is optimized with the Yoast SEO plugin v20.3 - https:\/\/yoast.com\/wordpress\/plugins\/seo\/ -->\n<title>Xerox Colour C60\/C70 - Roxer Grup<\/title>\n<meta name=\"robots\" content=\"noindex, follow, max-snippet:-1, max-image-preview:large, max-video-preview:-1\" \/>\n<meta property=\"og:locale\" content=\"ro_RO\" \/>\n<meta property=\"og:type\" content=\"article\" \/>\n<meta property=\"og:title\" content=\"Xerox Colour C60\/C70 - Roxer Grup\" \/>\n<meta property=\"og:description\" content=\"Echipamentul nu mai face parte din oferta actual\u0103 Roxer \u015fi este \u00eenlocuit cu Presa digital\u0103\u00a0Xerox PrimeLink C9065\/70.   Echipamentul Xerox\u00ae Colour C60\/C70 v\u0103 permite s\u0103 realiza\u0163i aplica\u0163ii dintre cele mai diverse, oferind \u00een acela\u015fi timp o calitate impecabil\u0103 a imaginii. Adapt\u00e2ndu-se constant la ritmul de cre\u015ftere al afacerii dvs., aceast\u0103 solu\u0163ie complet\u0103 este capabil\u0103 s\u0103 impulsioneze productivitatea oric\u0103rui mediu de lucru.   &nbsp;    &nbsp;\" \/>\n<meta property=\"og:url\" content=\"https:\/\/www.roxer.ro\/dev\/echipament\/xerox-colour-c60-c70\" \/>\n<meta property=\"og:site_name\" content=\"Roxer Grup\" \/>\n<meta property=\"article:modified_time\" content=\"2020-11-26T16:14:18+00:00\" \/>\n<meta property=\"og:image\" content=\"https:\/\/www.roxer.ro\/dev\/wp-content\/uploads\/2020\/08\/xerox-color-c60-c70.png\" \/>\n\t<meta property=\"og:image:width\" content=\"250\" \/>\n\t<meta property=\"og:image:height\" content=\"250\" \/>\n\t<meta property=\"og:image:type\" content=\"image\/png\" \/>\n<meta name=\"twitter:card\" content=\"summary_large_image\" \/>\n<meta name=\"twitter:label1\" content=\"Timp estimat pentru citire\" \/>\n\t<meta name=\"twitter:data1\" content=\"2 minute\" \/>\n<script type=\"application\/ld+json\" class=\"yoast-schema-graph\">{\"@context\":\"https:\/\/schema.org\",\"@graph\":[{\"@type\":\"WebPage\",\"@id\":\"https:\/\/www.roxer.ro\/dev\/echipament\/xerox-colour-c60-c70\",\"url\":\"https:\/\/www.roxer.ro\/dev\/echipament\/xerox-colour-c60-c70\",\"name\":\"Xerox Colour C60\/C70 - Roxer Grup\",\"isPartOf\":{\"@id\":\"https:\/\/www.roxer.ro\/dev\/#website\"},\"datePublished\":\"2020-08-04T12:47:01+00:00\",\"dateModified\":\"2020-11-26T16:14:18+00:00\",\"breadcrumb\":{\"@id\":\"https:\/\/www.roxer.ro\/dev\/echipament\/xerox-colour-c60-c70#breadcrumb\"},\"inLanguage\":\"ro-RO\",\"potentialAction\":[{\"@type\":\"ReadAction\",\"target\":[\"https:\/\/www.roxer.ro\/dev\/echipament\/xerox-colour-c60-c70\"]}]},{\"@type\":\"BreadcrumbList\",\"@id\":\"https:\/\/www.roxer.ro\/dev\/echipament\/xerox-colour-c60-c70#breadcrumb\",\"itemListElement\":[{\"@type\":\"ListItem\",\"position\":1,\"name\":\"Prima pagin\u0103\",\"item\":\"https:\/\/www.roxer.ro\/dev\/\"},{\"@type\":\"ListItem\",\"position\":2,\"name\":\"Echipamente\",\"item\":\"https:\/\/www.roxer.ro\/dev\/echipamente\"},{\"@type\":\"ListItem\",\"position\":3,\"name\":\"Xerox Colour C60\/C70\"}]},{\"@type\":\"WebSite\",\"@id\":\"https:\/\/www.roxer.ro\/dev\/#website\",\"url\":\"https:\/\/www.roxer.ro\/dev\/\",\"name\":\"Roxer Grup\",\"description\":\"Xerox Cluj Napoca, Distribuitor Xerox Cluj, distribuitor Xerox S\u0103laj, distribuitor Xerox Bihor, distribuitor Xerox Maramure\u015f, distribuitor Xerox Bistri\u0163a N\u0103s\u0103ud, distribuitor Xerox Satu Mare\",\"publisher\":{\"@id\":\"https:\/\/www.roxer.ro\/dev\/#organization\"},\"potentialAction\":[{\"@type\":\"SearchAction\",\"target\":{\"@type\":\"EntryPoint\",\"urlTemplate\":\"https:\/\/www.roxer.ro\/dev\/?s={search_term_string}\"},\"query-input\":\"required name=search_term_string\"}],\"inLanguage\":\"ro-RO\"},{\"@type\":\"Organization\",\"@id\":\"https:\/\/www.roxer.ro\/dev\/#organization\",\"name\":\"Roxer Grup\",\"url\":\"https:\/\/www.roxer.ro\/dev\/\",\"logo\":{\"@type\":\"ImageObject\",\"inLanguage\":\"ro-RO\",\"@id\":\"https:\/\/www.roxer.ro\/dev\/#\/schema\/logo\/image\/\",\"url\":\"https:\/\/www.roxer.ro\/dev\/wp-content\/uploads\/2023\/05\/logo-roxer-1-e1684141209248.png\",\"contentUrl\":\"https:\/\/www.roxer.ro\/dev\/wp-content\/uploads\/2023\/05\/logo-roxer-1-e1684141209248.png\",\"width\":160,\"height\":57,\"caption\":\"Roxer Grup\"},\"image\":{\"@id\":\"https:\/\/www.roxer.ro\/dev\/#\/schema\/logo\/image\/\"}}]}<\/script>\n<!-- \/ Yoast SEO plugin. -->","yoast_head_json":{"title":"Xerox Colour C60\/C70 - Roxer Grup","robots":{"index":"noindex","follow":"follow","max-snippet":"max-snippet:-1","max-image-preview":"max-image-preview:large","max-video-preview":"max-video-preview:-1"},"og_locale":"ro_RO","og_type":"article","og_title":"Xerox Colour C60\/C70 - Roxer Grup","og_description":"Echipamentul nu mai face parte din oferta actual\u0103 Roxer \u015fi este \u00eenlocuit cu Presa digital\u0103\u00a0Xerox PrimeLink C9065\/70.   Echipamentul Xerox\u00ae Colour C60\/C70 v\u0103 permite s\u0103 realiza\u0163i aplica\u0163ii dintre cele mai diverse, oferind \u00een acela\u015fi timp o calitate impecabil\u0103 a imaginii. Adapt\u00e2ndu-se constant la ritmul de cre\u015ftere al afacerii dvs., aceast\u0103 solu\u0163ie complet\u0103 este capabil\u0103 s\u0103 impulsioneze productivitatea oric\u0103rui mediu de lucru.   &nbsp;    &nbsp;","og_url":"https:\/\/www.roxer.ro\/dev\/echipament\/xerox-colour-c60-c70","og_site_name":"Roxer Grup","article_modified_time":"2020-11-26T16:14:18+00:00","og_image":[{"width":250,"height":250,"url":"https:\/\/www.roxer.ro\/dev\/wp-content\/uploads\/2020\/08\/xerox-color-c60-c70.png","type":"image\/png"}],"twitter_card":"summary_large_image","twitter_misc":{"Timp estimat pentru citire":"2 minute"},"schema":{"@context":"https:\/\/schema.org","@graph":[{"@type":"WebPage","@id":"https:\/\/www.roxer.ro\/dev\/echipament\/xerox-colour-c60-c70","url":"https:\/\/www.roxer.ro\/dev\/echipament\/xerox-colour-c60-c70","name":"Xerox Colour C60\/C70 - Roxer Grup","isPartOf":{"@id":"https:\/\/www.roxer.ro\/dev\/#website"},"datePublished":"2020-08-04T12:47:01+00:00","dateModified":"2020-11-26T16:14:18+00:00","breadcrumb":{"@id":"https:\/\/www.roxer.ro\/dev\/echipament\/xerox-colour-c60-c70#breadcrumb"},"inLanguage":"ro-RO","potentialAction":[{"@type":"ReadAction","target":["https:\/\/www.roxer.ro\/dev\/echipament\/xerox-colour-c60-c70"]}]},{"@type":"BreadcrumbList","@id":"https:\/\/www.roxer.ro\/dev\/echipament\/xerox-colour-c60-c70#breadcrumb","itemListElement":[{"@type":"ListItem","position":1,"name":"Prima pagin\u0103","item":"https:\/\/www.roxer.ro\/dev\/"},{"@type":"ListItem","position":2,"name":"Echipamente","item":"https:\/\/www.roxer.ro\/dev\/echipamente"},{"@type":"ListItem","position":3,"name":"Xerox Colour C60\/C70"}]},{"@type":"WebSite","@id":"https:\/\/www.roxer.ro\/dev\/#website","url":"https:\/\/www.roxer.ro\/dev\/","name":"Roxer Grup","description":"Xerox Cluj Napoca, Distribuitor Xerox Cluj, distribuitor Xerox S\u0103laj, distribuitor Xerox Bihor, distribuitor Xerox Maramure\u015f, distribuitor Xerox Bistri\u0163a N\u0103s\u0103ud, distribuitor Xerox Satu Mare","publisher":{"@id":"https:\/\/www.roxer.ro\/dev\/#organization"},"potentialAction":[{"@type":"SearchAction","target":{"@type":"EntryPoint","urlTemplate":"https:\/\/www.roxer.ro\/dev\/?s={search_term_string}"},"query-input":"required name=search_term_string"}],"inLanguage":"ro-RO"},{"@type":"Organization","@id":"https:\/\/www.roxer.ro\/dev\/#organization","name":"Roxer Grup","url":"https:\/\/www.roxer.ro\/dev\/","logo":{"@type":"ImageObject","inLanguage":"ro-RO","@id":"https:\/\/www.roxer.ro\/dev\/#\/schema\/logo\/image\/","url":"https:\/\/www.roxer.ro\/dev\/wp-content\/uploads\/2023\/05\/logo-roxer-1-e1684141209248.png","contentUrl":"https:\/\/www.roxer.ro\/dev\/wp-content\/uploads\/2023\/05\/logo-roxer-1-e1684141209248.png","width":160,"height":57,"caption":"Roxer Grup"},"image":{"@id":"https:\/\/www.roxer.ro\/dev\/#\/schema\/logo\/image\/"}}]}},"_links":{"self":[{"href":"https:\/\/www.roxer.ro\/dev\/wp-json\/wp\/v2\/product\/4561"}],"collection":[{"href":"https:\/\/www.roxer.ro\/dev\/wp-json\/wp\/v2\/product"}],"about":[{"href":"https:\/\/www.roxer.ro\/dev\/wp-json\/wp\/v2\/types\/product"}],"wp:featuredmedia":[{"embeddable":true,"href":"https:\/\/www.roxer.ro\/dev\/wp-json\/wp\/v2\/media\/4562"}],"wp:attachment":[{"href":"https:\/\/www.roxer.ro\/dev\/wp-json\/wp\/v2\/media?parent=4561"}],"wp:term":[{"taxonomy":"product_cat","embeddable":true,"href":"https:\/\/www.roxer.ro\/dev\/wp-json\/wp\/v2\/product_cat?post=4561"},{"taxonomy":"product_tag","embeddable":true,"href":"https:\/\/www.roxer.ro\/dev\/wp-json\/wp\/v2\/product_tag?post=4561"}],"curies":[{"name":"wp","href":"https:\/\/api.w.org\/{rel}","templated":true}]}}