{"id":4565,"date":"2020-08-04T12:59:18","date_gmt":"2020-08-04T12:59:18","guid":{"rendered":"https:\/\/firstdesign.ro\/roxer\/?post_type=product&#038;p=4565"},"modified":"2020-11-21T19:29:51","modified_gmt":"2020-11-21T19:29:51","slug":"xerox-800i-1000i-press","status":"publish","type":"product","link":"https:\/\/www.roxer.ro\/dev\/echipament\/xerox-800i-1000i-press","title":{"rendered":"Xerox 800i\/1000i Press"},"content":{"rendered":"<div class=\"box-collateral box-description\">\n<p>Presele color Xerox\u00ae 800i\/1000i v\u0103 ajut\u0103 s\u0103 \u00eembun\u0103t\u0103\u0163i\u0163i creativitatea \u015fi impactul materialelor, imprimate cu o a cincea sta\u0163ie de imprimare op\u0163ional\u0103 care v\u0103 permite s\u0103 aplica\u0163i unul dintre cele trei tonere speciale disponibile \u2013 tonerul transparent, pentru efecte fluide sau de tipul unor puncte, tonerul \u00een nuan\u0163\u0103 auriu metalic sau argintiu metalic \u2013 pentru a putea realiza lucr\u0103ri de valoare mai mare, cu un poten\u0163ial de profit superior.<\/p>\n<p><iframe loading=\"lazy\" title=\"Xerox 800\/1000 Clear Dry Ink: Clearly Amazing\" width=\"1200\" height=\"675\" src=\"https:\/\/www.youtube.com\/embed\/esJqroRd1LQ?feature=oembed\" frameborder=\"0\" allow=\"accelerometer; autoplay; clipboard-write; encrypted-media; gyroscope; picture-in-picture\" allowfullscreen><\/iframe><\/p>\n<\/div>\n<div class=\"box-collateral box-additional\">\n<table id=\"product-attribute-specs-table\" class=\"data-table\">\n<colgroup>\n<col width=\"25%\" \/>\n<col \/><\/colgroup>\n<tbody>\n<tr>\n<th class=\"label\" colspan=\"2\">Viteza de imprimare constanta indiferent de grosimea hartiei<\/th>\n<\/tr>\n<tr>\n<td class=\"data\" colspan=\"2\">\n<ul>\n<li>\u00a0Xerox 800i \u2013 80 ppm<\/li>\n<li>\u00a0Xerox 1000i \u2013 100 ppm<\/li>\n<\/ul>\n<\/td>\n<\/tr>\n<tr>\n<td><\/td>\n<\/tr>\n<tr>\n<th class=\"label\" colspan=\"2\">Rezolutia<\/th>\n<\/tr>\n<tr>\n<td class=\"data\" colspan=\"2\">\n<ul>\n<li>2400\u00d72400 dpi<\/li>\n<\/ul>\n<\/td>\n<\/tr>\n<tr>\n<td><\/td>\n<\/tr>\n<tr>\n<th class=\"label\" colspan=\"2\">Dimensiunea maxima a hartiei<\/th>\n<\/tr>\n<tr>\n<td class=\"data\" colspan=\"2\">\n<ul>\n<li>330\u00d7488 mm<\/li>\n<\/ul>\n<\/td>\n<\/tr>\n<tr>\n<td><\/td>\n<\/tr>\n<tr>\n<th class=\"label\" colspan=\"2\">Hartie<\/th>\n<\/tr>\n<tr>\n<td class=\"data\" colspan=\"2\">\n<ul>\n<li>55-350 g\/mp<\/li>\n<\/ul>\n<\/td>\n<\/tr>\n<tr>\n<td><\/td>\n<\/tr>\n<tr>\n<th class=\"label\" colspan=\"2\">Volum maxim de imprimare lunar<\/th>\n<\/tr>\n<tr>\n<td class=\"data\" colspan=\"2\">\n<ul>\n<li>\u00a0\u00a0\u00a0 Xerox 800i : 1,5 milioane imprim\u0103ri<\/li>\n<li>\u00a0\u00a0\u00a0 Xerox 1000i : 1,75 milioane imprim\u0103ri<\/li>\n<\/ul>\n<\/td>\n<\/tr>\n<tr>\n<td><\/td>\n<\/tr>\n<tr>\n<th class=\"label\" colspan=\"2\">Capacitate de alimentare<\/th>\n<\/tr>\n<tr>\n<td class=\"data\" colspan=\"2\">\n<ul>\n<li>\u00a0\u00a0 Standard \u2013 4000 coli<\/li>\n<li>\u00a0\u00a0\u00a0 Maxim \u2013 8000 coli<\/li>\n<\/ul>\n<\/td>\n<\/tr>\n<tr>\n<td><\/td>\n<\/tr>\n<tr>\n<th class=\"label\" colspan=\"2\">Optiuni de finisare<\/th>\n<\/tr>\n<tr>\n<td class=\"data\" colspan=\"2\">\n<ul>\n<li>\u00a0\u00a0\u00a0 Tav\u0103 de ie\u015fire<\/li>\n<li>\u00a0\u00a0\u00a0 Dispozitiv de ie\u015fire de mare capacitate HCS<\/li>\n<li>\u00a0\u00a0\u00a0 Dispozitiv cu func\u0163ie de capsare tip caiet \u015fi folduire C \u015fi Z<\/li>\n<\/ul>\n<\/td>\n<\/tr>\n<tr>\n<td><\/td>\n<\/tr>\n<tr>\n<th class=\"label\" colspan=\"2\">Servere de imprimare<\/th>\n<\/tr>\n<tr>\n<td class=\"data\" colspan=\"2\">\n<ul>\n<li>\u00a0 Server de imprimare Xerox FreeFlow<\/li>\n<li>\u00a0 Server de imprimare Xerox EX, Fiery<\/li>\n<\/ul>\n<\/td>\n<\/tr>\n<tr>\n<td><\/td>\n<\/tr>\n<\/tbody>\n<\/table>\n<\/div>\n<p><strong>Acest echipament poate fi achizi\u0163ionat \u015fi \u00een rate. Pentru detalii<a href=\"https:\/\/www.roxer.ro\/contact\/\" target=\"_blank\" rel=\"noopener noreferrer\">\u00a0contacteaz\u0103-ne<\/a>.<\/strong><\/p>\n","protected":false},"excerpt":{"rendered":"<div class=\"box-collateral box-description\">\n<div class=\"focus_desc\">\n<p class=\"post-title item fn\"><strong>Echipamentul nu mai face parte din oferta actual\u0103 Roxer \u015fi este \u00eenlocuit cu Presa digital\u0103 <\/strong><a href=\"https:\/\/firstdesign.ro\/roxer\/produs\/xerox-iridesse-production-press\/\"><strong>Xerox Iridesse.<\/strong><\/a><\/p>\n<p>Prin utilizarea tonerului EA cu punct de topire sc\u0103zut \u015fi a noii tehnologii de fuziune, presele color Xerox\u00ae 800i\/1000i v\u0103 asigur\u0103 o gam\u0103 cromatic\u0103 extins\u0103 care poate produce imagini vii cu contururi perfecte care atrag \u015fi men\u0163in aten\u0163ia privitorilor.<\/p>\n<\/div>\n<\/div>\n<p>&nbsp;<\/p>\n","protected":false},"featured_media":4566,"template":"","meta":[],"product_cat":[120,122],"product_tag":[302],"yoast_head":"<!-- This site is optimized with the Yoast SEO plugin v20.3 - https:\/\/yoast.com\/wordpress\/plugins\/seo\/ -->\n<title>Xerox 800i\/1000i Press - Roxer Grup<\/title>\n<meta name=\"robots\" content=\"noindex, follow, max-snippet:-1, max-image-preview:large, max-video-preview:-1\" \/>\n<meta property=\"og:locale\" content=\"ro_RO\" \/>\n<meta property=\"og:type\" content=\"article\" \/>\n<meta property=\"og:title\" content=\"Xerox 800i\/1000i Press - Roxer Grup\" \/>\n<meta property=\"og:description\" content=\"Echipamentul nu mai face parte din oferta actual\u0103 Roxer \u015fi este \u00eenlocuit cu Presa digital\u0103 Xerox Iridesse. Prin utilizarea tonerului EA cu punct de topire sc\u0103zut \u015fi a noii tehnologii de fuziune, presele color Xerox\u00ae 800i\/1000i v\u0103 asigur\u0103 o gam\u0103 cromatic\u0103 extins\u0103 care poate produce imagini vii cu contururi perfecte care atrag \u015fi men\u0163in aten\u0163ia privitorilor.    &nbsp;\" \/>\n<meta property=\"og:url\" content=\"https:\/\/www.roxer.ro\/dev\/echipament\/xerox-800i-1000i-press\" \/>\n<meta property=\"og:site_name\" content=\"Roxer Grup\" \/>\n<meta property=\"article:modified_time\" content=\"2020-11-21T19:29:51+00:00\" \/>\n<meta property=\"og:image\" content=\"https:\/\/www.roxer.ro\/dev\/wp-content\/uploads\/2020\/08\/presa_color-250x185-1.png\" \/>\n\t<meta property=\"og:image:width\" content=\"250\" \/>\n\t<meta property=\"og:image:height\" content=\"185\" \/>\n\t<meta property=\"og:image:type\" content=\"image\/png\" \/>\n<meta name=\"twitter:card\" content=\"summary_large_image\" \/>\n<meta name=\"twitter:label1\" content=\"Timp estimat pentru citire\" \/>\n\t<meta name=\"twitter:data1\" content=\"1 minut\" \/>\n<script type=\"application\/ld+json\" class=\"yoast-schema-graph\">{\"@context\":\"https:\/\/schema.org\",\"@graph\":[{\"@type\":\"WebPage\",\"@id\":\"https:\/\/www.roxer.ro\/dev\/echipament\/xerox-800i-1000i-press\",\"url\":\"https:\/\/www.roxer.ro\/dev\/echipament\/xerox-800i-1000i-press\",\"name\":\"Xerox 800i\/1000i Press - Roxer Grup\",\"isPartOf\":{\"@id\":\"https:\/\/www.roxer.ro\/dev\/#website\"},\"datePublished\":\"2020-08-04T12:59:18+00:00\",\"dateModified\":\"2020-11-21T19:29:51+00:00\",\"breadcrumb\":{\"@id\":\"https:\/\/www.roxer.ro\/dev\/echipament\/xerox-800i-1000i-press#breadcrumb\"},\"inLanguage\":\"ro-RO\",\"potentialAction\":[{\"@type\":\"ReadAction\",\"target\":[\"https:\/\/www.roxer.ro\/dev\/echipament\/xerox-800i-1000i-press\"]}]},{\"@type\":\"BreadcrumbList\",\"@id\":\"https:\/\/www.roxer.ro\/dev\/echipament\/xerox-800i-1000i-press#breadcrumb\",\"itemListElement\":[{\"@type\":\"ListItem\",\"position\":1,\"name\":\"Prima pagin\u0103\",\"item\":\"https:\/\/www.roxer.ro\/dev\/\"},{\"@type\":\"ListItem\",\"position\":2,\"name\":\"Echipamente\",\"item\":\"https:\/\/www.roxer.ro\/dev\/echipamente\"},{\"@type\":\"ListItem\",\"position\":3,\"name\":\"Xerox 800i\/1000i Press\"}]},{\"@type\":\"WebSite\",\"@id\":\"https:\/\/www.roxer.ro\/dev\/#website\",\"url\":\"https:\/\/www.roxer.ro\/dev\/\",\"name\":\"Roxer Grup\",\"description\":\"Xerox Cluj Napoca, Distribuitor Xerox Cluj, distribuitor Xerox S\u0103laj, distribuitor Xerox Bihor, distribuitor Xerox Maramure\u015f, distribuitor Xerox Bistri\u0163a N\u0103s\u0103ud, distribuitor Xerox Satu Mare\",\"publisher\":{\"@id\":\"https:\/\/www.roxer.ro\/dev\/#organization\"},\"potentialAction\":[{\"@type\":\"SearchAction\",\"target\":{\"@type\":\"EntryPoint\",\"urlTemplate\":\"https:\/\/www.roxer.ro\/dev\/?s={search_term_string}\"},\"query-input\":\"required name=search_term_string\"}],\"inLanguage\":\"ro-RO\"},{\"@type\":\"Organization\",\"@id\":\"https:\/\/www.roxer.ro\/dev\/#organization\",\"name\":\"Roxer Grup\",\"url\":\"https:\/\/www.roxer.ro\/dev\/\",\"logo\":{\"@type\":\"ImageObject\",\"inLanguage\":\"ro-RO\",\"@id\":\"https:\/\/www.roxer.ro\/dev\/#\/schema\/logo\/image\/\",\"url\":\"https:\/\/www.roxer.ro\/dev\/wp-content\/uploads\/2023\/05\/logo-roxer-1-e1684141209248.png\",\"contentUrl\":\"https:\/\/www.roxer.ro\/dev\/wp-content\/uploads\/2023\/05\/logo-roxer-1-e1684141209248.png\",\"width\":160,\"height\":57,\"caption\":\"Roxer Grup\"},\"image\":{\"@id\":\"https:\/\/www.roxer.ro\/dev\/#\/schema\/logo\/image\/\"}}]}<\/script>\n<!-- \/ Yoast SEO plugin. -->","yoast_head_json":{"title":"Xerox 800i\/1000i Press - Roxer Grup","robots":{"index":"noindex","follow":"follow","max-snippet":"max-snippet:-1","max-image-preview":"max-image-preview:large","max-video-preview":"max-video-preview:-1"},"og_locale":"ro_RO","og_type":"article","og_title":"Xerox 800i\/1000i Press - Roxer Grup","og_description":"Echipamentul nu mai face parte din oferta actual\u0103 Roxer \u015fi este \u00eenlocuit cu Presa digital\u0103 Xerox Iridesse. Prin utilizarea tonerului EA cu punct de topire sc\u0103zut \u015fi a noii tehnologii de fuziune, presele color Xerox\u00ae 800i\/1000i v\u0103 asigur\u0103 o gam\u0103 cromatic\u0103 extins\u0103 care poate produce imagini vii cu contururi perfecte care atrag \u015fi men\u0163in aten\u0163ia privitorilor.    &nbsp;","og_url":"https:\/\/www.roxer.ro\/dev\/echipament\/xerox-800i-1000i-press","og_site_name":"Roxer Grup","article_modified_time":"2020-11-21T19:29:51+00:00","og_image":[{"width":250,"height":185,"url":"https:\/\/www.roxer.ro\/dev\/wp-content\/uploads\/2020\/08\/presa_color-250x185-1.png","type":"image\/png"}],"twitter_card":"summary_large_image","twitter_misc":{"Timp estimat pentru citire":"1 minut"},"schema":{"@context":"https:\/\/schema.org","@graph":[{"@type":"WebPage","@id":"https:\/\/www.roxer.ro\/dev\/echipament\/xerox-800i-1000i-press","url":"https:\/\/www.roxer.ro\/dev\/echipament\/xerox-800i-1000i-press","name":"Xerox 800i\/1000i Press - Roxer Grup","isPartOf":{"@id":"https:\/\/www.roxer.ro\/dev\/#website"},"datePublished":"2020-08-04T12:59:18+00:00","dateModified":"2020-11-21T19:29:51+00:00","breadcrumb":{"@id":"https:\/\/www.roxer.ro\/dev\/echipament\/xerox-800i-1000i-press#breadcrumb"},"inLanguage":"ro-RO","potentialAction":[{"@type":"ReadAction","target":["https:\/\/www.roxer.ro\/dev\/echipament\/xerox-800i-1000i-press"]}]},{"@type":"BreadcrumbList","@id":"https:\/\/www.roxer.ro\/dev\/echipament\/xerox-800i-1000i-press#breadcrumb","itemListElement":[{"@type":"ListItem","position":1,"name":"Prima pagin\u0103","item":"https:\/\/www.roxer.ro\/dev\/"},{"@type":"ListItem","position":2,"name":"Echipamente","item":"https:\/\/www.roxer.ro\/dev\/echipamente"},{"@type":"ListItem","position":3,"name":"Xerox 800i\/1000i Press"}]},{"@type":"WebSite","@id":"https:\/\/www.roxer.ro\/dev\/#website","url":"https:\/\/www.roxer.ro\/dev\/","name":"Roxer Grup","description":"Xerox Cluj Napoca, Distribuitor Xerox Cluj, distribuitor Xerox S\u0103laj, distribuitor Xerox Bihor, distribuitor Xerox Maramure\u015f, distribuitor Xerox Bistri\u0163a N\u0103s\u0103ud, distribuitor Xerox Satu Mare","publisher":{"@id":"https:\/\/www.roxer.ro\/dev\/#organization"},"potentialAction":[{"@type":"SearchAction","target":{"@type":"EntryPoint","urlTemplate":"https:\/\/www.roxer.ro\/dev\/?s={search_term_string}"},"query-input":"required name=search_term_string"}],"inLanguage":"ro-RO"},{"@type":"Organization","@id":"https:\/\/www.roxer.ro\/dev\/#organization","name":"Roxer Grup","url":"https:\/\/www.roxer.ro\/dev\/","logo":{"@type":"ImageObject","inLanguage":"ro-RO","@id":"https:\/\/www.roxer.ro\/dev\/#\/schema\/logo\/image\/","url":"https:\/\/www.roxer.ro\/dev\/wp-content\/uploads\/2023\/05\/logo-roxer-1-e1684141209248.png","contentUrl":"https:\/\/www.roxer.ro\/dev\/wp-content\/uploads\/2023\/05\/logo-roxer-1-e1684141209248.png","width":160,"height":57,"caption":"Roxer Grup"},"image":{"@id":"https:\/\/www.roxer.ro\/dev\/#\/schema\/logo\/image\/"}}]}},"_links":{"self":[{"href":"https:\/\/www.roxer.ro\/dev\/wp-json\/wp\/v2\/product\/4565"}],"collection":[{"href":"https:\/\/www.roxer.ro\/dev\/wp-json\/wp\/v2\/product"}],"about":[{"href":"https:\/\/www.roxer.ro\/dev\/wp-json\/wp\/v2\/types\/product"}],"wp:featuredmedia":[{"embeddable":true,"href":"https:\/\/www.roxer.ro\/dev\/wp-json\/wp\/v2\/media\/4566"}],"wp:attachment":[{"href":"https:\/\/www.roxer.ro\/dev\/wp-json\/wp\/v2\/media?parent=4565"}],"wp:term":[{"taxonomy":"product_cat","embeddable":true,"href":"https:\/\/www.roxer.ro\/dev\/wp-json\/wp\/v2\/product_cat?post=4565"},{"taxonomy":"product_tag","embeddable":true,"href":"https:\/\/www.roxer.ro\/dev\/wp-json\/wp\/v2\/product_tag?post=4565"}],"curies":[{"name":"wp","href":"https:\/\/api.w.org\/{rel}","templated":true}]}}