{"id":4571,"date":"2020-08-05T05:29:09","date_gmt":"2020-08-05T05:29:09","guid":{"rendered":"https:\/\/firstdesign.ro\/roxer\/?post_type=product&#038;p=4571"},"modified":"2020-11-26T16:11:27","modified_gmt":"2020-11-26T16:11:27","slug":"xerox-d136-tipar-digital-mono-136ppm","status":"publish","type":"product","link":"https:\/\/www.roxer.ro\/dev\/echipament\/xerox-d136-tipar-digital-mono-136ppm","title":{"rendered":"Xerox D136, Tipar Digital mono, 136ppm"},"content":{"rendered":"<div class=\"box-collateral box-description\">\n<div class=\"focus_desc\">\n<p>Echipamentul multifunc\u0163ional \u015fi imprimanta Xerox\u00ae D136 ofer\u0103 o \u00eentreag\u0103 palet\u0103 de func\u0163ii \u015fi caracteristici inovatoare, plus flexibilitatea de a alege cele mai potrivite viteze \u015fi servere de imprimare, op\u0163iuni de finisare \u015fi alimentare pentru afacerea sau organiza\u0163ia dumneavoastr\u0103.<\/p>\n<\/div>\n<\/div>\n<div class=\"box-collateral box-additional\">\n<table id=\"product-attribute-specs-table\" class=\"data-table\">\n<colgroup>\n<col width=\"25%\" \/>\n<col \/><\/colgroup>\n<tbody>\n<tr>\n<th class=\"label\" colspan=\"2\">Motor Imprimare<\/th>\n<\/tr>\n<tr>\n<td class=\"data\" colspan=\"2\">Motor de imprimare xerografic monocrom<br \/>\nViteze de imprimare: 136 ppm \u2013 A4; 82 ppm \u2013 B4; 68 ppm \u2013 A3; 34 ppm \u2013 SRA3<br \/>\nTimp de imprimare a primului exemplar: 3,7 secunde sau mai pu\u0163in<br \/>\nImprimare fa\u0163\u0103 sau fa\u0163\u0103-verso<br \/>\nRezolu\u0163ii de procesare \u015fi imprimare de p\u00e2n\u0103 la 1200 x 1200 dpi, respectiv 2400 x 2400 dpi cu screening 106 lpi (implicit) sau 150 lpi (modul High Quality)<br \/>\nRegistra\u0163ie fa\u0163\u0103-verso: +\/- 1,0 mm<\/td>\n<\/tr>\n<tr>\n<td><\/td>\n<\/tr>\n<tr>\n<th class=\"label\" colspan=\"2\">Hartie<\/th>\n<\/tr>\n<tr>\n<td class=\"data\" colspan=\"2\">Grosimi de h\u00e2rtie suportate \u015fi capacitate:<br \/>\nTava 1: 1.100 de coli \u2013 dimensiuni standard: Letter, A4, JIS B5, Executive<br \/>\nTava 2: 1.600 de coli \u2013 dimensiuni standard: Letter, A4, JIS B5, Executive<br \/>\nT\u0103vile 3-4: 550 de coli fiecare \u2013 140 x 182 mm (A5) \u2013 330 x 488 mm (SRA3)<br \/>\nTava 5 (manual\u0103): 250 de coli \u2013 100 x 148 mm \u2013 330 x 488 mm; 52 g\/m2 \u2013 253 g\/m2<br \/>\nDispozitiv de alimentare de mare capacitate op\u0163ional: 2 t\u0103vi a c\u00e2te 2.000 de coli fiecare \u2013 A4; 52 \u2013 216 g\/m2<br \/>\nDispozitiv de alimentare de mare capacitate supradimensionat op\u0163ional: 4.000 de coli \u2013 182 x 182 mm \u2013 SRA3; 52 \u2013 253 g\/m2<br \/>\nH\u00e2rtie cretat\u0103: Consulta\u0163i documentul privind a\u015ftept\u0103rile clientului pentru detalii despre tipurile de h\u00e2rtie cretat\u0103 Xerox\u00ae aprobate<\/td>\n<\/tr>\n<tr>\n<td><\/td>\n<\/tr>\n<tr>\n<th class=\"label\" colspan=\"2\">Finisare<\/th>\n<\/tr>\n<tr>\n<td class=\"data\" colspan=\"2\">Capsare \u00een mai multe pozi\u0163ii: simpl\u0103 sau dubl\u0103, 100 de coli cu lungimi variabile<br \/>\nPerforare cu 2 \u015fi 3 g\u0103uri (America de Nord); cu 2 \u015fi 4 g\u0103uri (Europa \u015fi America de Sud); cu 4 g\u0103uri (Suedia)<br \/>\nCapacitatea stivuitorului: 3.000 de coli (80 g\/m2); tava superioar\u0103: 500 de coli (80 g\/m2)<br \/>\nTav\u0103 intermediar\u0103 cu capacitate de 200 de coli pentru inserarea colilor pre-tip\u0103rite \u015fi full-bleed: A4 \u2013 A3; 52 \u2013 220 g\/m2<\/td>\n<\/tr>\n<tr>\n<td><\/td>\n<\/tr>\n<tr>\n<th class=\"label\" colspan=\"2\">Dispozitiv de pliere<\/th>\n<\/tr>\n<tr>\n<td class=\"data\" colspan=\"2\">Pliere tip C \u015fi Z A4<br \/>\nImprimarea h\u00e2rtiei pliate pe exterior sau interior<br \/>\nPliaz\u0103 \u00een Z h\u00e2rtie A3 pentru inserarea \u00een seturile de documente A4 (pliere tip Z avansat\u0103)<br \/>\nDisponibil cu dispozitivul de finisare Standard, dispozitivul de bro\u015fare \u015fi dispozitivul de finisare Standard Plus<\/td>\n<\/tr>\n<tr>\n<td><\/td>\n<\/tr>\n<tr>\n<th class=\"label\" colspan=\"2\">Scanner<\/th>\n<\/tr>\n<tr>\n<td class=\"data\" colspan=\"2\">Scanare color avansat\u0103<br \/>\nScaner cu dou\u0103 capete: max. 200 ipm scanate albnegru, fa\u0163\u0103\/fa\u0163\u0103-verso<br \/>\nRezolu\u0163ie de scanare optic\u0103 de 600 x 600 dpi alb-negru 8-bi\u0163i (256 nuan\u0163e)<br \/>\nFormate de fi\u015fier standard PDF, JPEG, TIFF sau TIFF cu mai multe pagini; suport\u0103 LDAP<br \/>\nFunc\u0163ia Scan to Email cu Mail Delivery Notification<br \/>\nFunc\u0163ia Scan to Network File Server<br \/>\nFunc\u0163iile USB Scan \/ Save to \u015fi Print from USB<br \/>\nDispozitiv automat de alimentare fa\u0163\u0103-verso cu capacitate de 250 de coli<br \/>\nDimensiuni: A5 \u2013 A3<br \/>\nGrosimi: Fa\u0163\u0103 sau fa\u0163\u0103-verso: 52 \u2013 200 g\/m2<br \/>\nPDF Scan Kit op\u0163ional<\/td>\n<\/tr>\n<tr>\n<td><\/td>\n<\/tr>\n<tr>\n<th class=\"label\" colspan=\"2\">Server Imprimare<\/th>\n<\/tr>\n<tr>\n<td class=\"data\" colspan=\"2\">Server de imprimare\/copiere integrat (standard la echipamentul multifunc\u0163ional D136)<br \/>\nSpecifica\u0163ii hardware; Unitate hard disk de 80 GB, 2 GB RAM; Monitor cu ecran tactil plat, color, de 10.4 in; Interfa\u0163\u0103 Ethernet (10 MBTX\/sec, 100 MBTX\/sec \u015fi 1000NBTX\/sec (op\u0163ional))<br \/>\nServer de imprimare Xerox\u00ae FreeFlow\u00ae (op\u0163ional la echipamentul multifunc\u0163ional D136; standard la imprimanta D136)<br \/>\nServer de imprimare Xerox\u00ae EX136, cu tehnologia Fiery\u00ae (op\u0163ional la echipamentul multifunc\u0163ional D136 \u015fi imprimanta D136)<\/td>\n<\/tr>\n<tr>\n<td><\/td>\n<\/tr>\n<tr>\n<th class=\"label\" colspan=\"2\">Modul Brosare<\/th>\n<\/tr>\n<tr>\n<td class=\"data\" colspan=\"2\">Cuprinde toate func\u0163iile dispozitivului de finisare Standard cu tava de stivuire cu capacitate de 2.000 de coli, plus:<br \/>\nCrearea automat\u0103 a bro\u015furilor de p\u00e2n\u0103 la 25 de coli (100 de fe\u0163e imprimate, legate la mijloc) \u2013 A4, B4, A3, SRA3<\/td>\n<\/tr>\n<tr>\n<td><\/td>\n<\/tr>\n<\/tbody>\n<\/table>\n<\/div>\n<p><strong>Acest echipament poate fi achizi\u0163ionat \u015fi \u00een rate. Pentru detalii<a href=\"https:\/\/www.roxer.ro\/contact\/\" target=\"_blank\" rel=\"noopener noreferrer\">\u00a0contacteaz\u0103-ne<\/a>.<\/strong><\/p>\n","protected":false},"excerpt":{"rendered":"<div class=\"box-collateral box-description\">\n<div class=\"focus_desc\">\n<p><strong>Echipamentul nu mai face parte din oferta actual\u0103 Roxer \u015fi este \u00eenlocuit cu Presa digital\u0103 <\/strong><a href=\"https:\/\/www.roxer.ro\/produs\/xerox-primelink-b9100-puterea-black-white-echipamente-de-productie\/\" target=\"_blank\" rel=\"noopener noreferrer\"><strong>Xerox PrimeLink B9100.<\/strong><\/a><\/p>\n<p>Echipamentul multifunc\u0163ional \u015fi imprimanta Xerox\u00ae D136 ofer\u0103 o \u00eentreag\u0103 palet\u0103 de func\u0163ii \u015fi caracteristici inovatoare<\/p>\n<\/div>\n<\/div>\n<p>&nbsp;<\/p>\n","protected":false},"featured_media":4572,"template":"","meta":[],"product_cat":[121,120],"product_tag":[298],"yoast_head":"<!-- This site is optimized with the Yoast SEO plugin v20.3 - https:\/\/yoast.com\/wordpress\/plugins\/seo\/ -->\n<title>Xerox D136, Tipar Digital mono, 136ppm - Roxer Grup<\/title>\n<meta name=\"robots\" content=\"noindex, follow, max-snippet:-1, max-image-preview:large, max-video-preview:-1\" \/>\n<meta property=\"og:locale\" content=\"ro_RO\" \/>\n<meta property=\"og:type\" content=\"article\" \/>\n<meta property=\"og:title\" content=\"Xerox D136, Tipar Digital mono, 136ppm - Roxer Grup\" \/>\n<meta property=\"og:description\" content=\"Echipamentul nu mai face parte din oferta actual\u0103 Roxer \u015fi este \u00eenlocuit cu Presa digital\u0103 Xerox PrimeLink B9100.  Echipamentul multifunc\u0163ional \u015fi imprimanta Xerox\u00ae D136 ofer\u0103 o \u00eentreag\u0103 palet\u0103 de func\u0163ii \u015fi caracteristici inovatoare    &nbsp;\" \/>\n<meta property=\"og:url\" content=\"https:\/\/www.roxer.ro\/dev\/echipament\/xerox-d136-tipar-digital-mono-136ppm\" \/>\n<meta property=\"og:site_name\" content=\"Roxer Grup\" \/>\n<meta property=\"article:modified_time\" content=\"2020-11-26T16:11:27+00:00\" \/>\n<meta property=\"og:image\" content=\"https:\/\/www.roxer.ro\/dev\/wp-content\/uploads\/2020\/08\/Xerox-D136.jpg\" \/>\n\t<meta property=\"og:image:width\" content=\"250\" \/>\n\t<meta property=\"og:image:height\" content=\"250\" \/>\n\t<meta property=\"og:image:type\" content=\"image\/jpeg\" \/>\n<meta name=\"twitter:card\" content=\"summary_large_image\" \/>\n<meta name=\"twitter:label1\" content=\"Timp estimat pentru citire\" \/>\n\t<meta name=\"twitter:data1\" content=\"3 minute\" \/>\n<script type=\"application\/ld+json\" class=\"yoast-schema-graph\">{\"@context\":\"https:\/\/schema.org\",\"@graph\":[{\"@type\":\"WebPage\",\"@id\":\"https:\/\/www.roxer.ro\/dev\/echipament\/xerox-d136-tipar-digital-mono-136ppm\",\"url\":\"https:\/\/www.roxer.ro\/dev\/echipament\/xerox-d136-tipar-digital-mono-136ppm\",\"name\":\"Xerox D136, Tipar Digital mono, 136ppm - Roxer Grup\",\"isPartOf\":{\"@id\":\"https:\/\/www.roxer.ro\/dev\/#website\"},\"datePublished\":\"2020-08-05T05:29:09+00:00\",\"dateModified\":\"2020-11-26T16:11:27+00:00\",\"breadcrumb\":{\"@id\":\"https:\/\/www.roxer.ro\/dev\/echipament\/xerox-d136-tipar-digital-mono-136ppm#breadcrumb\"},\"inLanguage\":\"ro-RO\",\"potentialAction\":[{\"@type\":\"ReadAction\",\"target\":[\"https:\/\/www.roxer.ro\/dev\/echipament\/xerox-d136-tipar-digital-mono-136ppm\"]}]},{\"@type\":\"BreadcrumbList\",\"@id\":\"https:\/\/www.roxer.ro\/dev\/echipament\/xerox-d136-tipar-digital-mono-136ppm#breadcrumb\",\"itemListElement\":[{\"@type\":\"ListItem\",\"position\":1,\"name\":\"Prima pagin\u0103\",\"item\":\"https:\/\/www.roxer.ro\/dev\/\"},{\"@type\":\"ListItem\",\"position\":2,\"name\":\"Echipamente\",\"item\":\"https:\/\/www.roxer.ro\/dev\/echipamente\"},{\"@type\":\"ListItem\",\"position\":3,\"name\":\"Xerox D136, Tipar Digital mono, 136ppm\"}]},{\"@type\":\"WebSite\",\"@id\":\"https:\/\/www.roxer.ro\/dev\/#website\",\"url\":\"https:\/\/www.roxer.ro\/dev\/\",\"name\":\"Roxer Grup\",\"description\":\"Xerox Cluj Napoca, Distribuitor Xerox Cluj, distribuitor Xerox S\u0103laj, distribuitor Xerox Bihor, distribuitor Xerox Maramure\u015f, distribuitor Xerox Bistri\u0163a N\u0103s\u0103ud, distribuitor Xerox Satu Mare\",\"publisher\":{\"@id\":\"https:\/\/www.roxer.ro\/dev\/#organization\"},\"potentialAction\":[{\"@type\":\"SearchAction\",\"target\":{\"@type\":\"EntryPoint\",\"urlTemplate\":\"https:\/\/www.roxer.ro\/dev\/?s={search_term_string}\"},\"query-input\":\"required name=search_term_string\"}],\"inLanguage\":\"ro-RO\"},{\"@type\":\"Organization\",\"@id\":\"https:\/\/www.roxer.ro\/dev\/#organization\",\"name\":\"Roxer Grup\",\"url\":\"https:\/\/www.roxer.ro\/dev\/\",\"logo\":{\"@type\":\"ImageObject\",\"inLanguage\":\"ro-RO\",\"@id\":\"https:\/\/www.roxer.ro\/dev\/#\/schema\/logo\/image\/\",\"url\":\"https:\/\/www.roxer.ro\/dev\/wp-content\/uploads\/2023\/05\/logo-roxer-1-e1684141209248.png\",\"contentUrl\":\"https:\/\/www.roxer.ro\/dev\/wp-content\/uploads\/2023\/05\/logo-roxer-1-e1684141209248.png\",\"width\":160,\"height\":57,\"caption\":\"Roxer Grup\"},\"image\":{\"@id\":\"https:\/\/www.roxer.ro\/dev\/#\/schema\/logo\/image\/\"}}]}<\/script>\n<!-- \/ Yoast SEO plugin. -->","yoast_head_json":{"title":"Xerox D136, Tipar Digital mono, 136ppm - Roxer Grup","robots":{"index":"noindex","follow":"follow","max-snippet":"max-snippet:-1","max-image-preview":"max-image-preview:large","max-video-preview":"max-video-preview:-1"},"og_locale":"ro_RO","og_type":"article","og_title":"Xerox D136, Tipar Digital mono, 136ppm - Roxer Grup","og_description":"Echipamentul nu mai face parte din oferta actual\u0103 Roxer \u015fi este \u00eenlocuit cu Presa digital\u0103 Xerox PrimeLink B9100.  Echipamentul multifunc\u0163ional \u015fi imprimanta Xerox\u00ae D136 ofer\u0103 o \u00eentreag\u0103 palet\u0103 de func\u0163ii \u015fi caracteristici inovatoare    &nbsp;","og_url":"https:\/\/www.roxer.ro\/dev\/echipament\/xerox-d136-tipar-digital-mono-136ppm","og_site_name":"Roxer Grup","article_modified_time":"2020-11-26T16:11:27+00:00","og_image":[{"width":250,"height":250,"url":"https:\/\/www.roxer.ro\/dev\/wp-content\/uploads\/2020\/08\/Xerox-D136.jpg","type":"image\/jpeg"}],"twitter_card":"summary_large_image","twitter_misc":{"Timp estimat pentru citire":"3 minute"},"schema":{"@context":"https:\/\/schema.org","@graph":[{"@type":"WebPage","@id":"https:\/\/www.roxer.ro\/dev\/echipament\/xerox-d136-tipar-digital-mono-136ppm","url":"https:\/\/www.roxer.ro\/dev\/echipament\/xerox-d136-tipar-digital-mono-136ppm","name":"Xerox D136, Tipar Digital mono, 136ppm - Roxer Grup","isPartOf":{"@id":"https:\/\/www.roxer.ro\/dev\/#website"},"datePublished":"2020-08-05T05:29:09+00:00","dateModified":"2020-11-26T16:11:27+00:00","breadcrumb":{"@id":"https:\/\/www.roxer.ro\/dev\/echipament\/xerox-d136-tipar-digital-mono-136ppm#breadcrumb"},"inLanguage":"ro-RO","potentialAction":[{"@type":"ReadAction","target":["https:\/\/www.roxer.ro\/dev\/echipament\/xerox-d136-tipar-digital-mono-136ppm"]}]},{"@type":"BreadcrumbList","@id":"https:\/\/www.roxer.ro\/dev\/echipament\/xerox-d136-tipar-digital-mono-136ppm#breadcrumb","itemListElement":[{"@type":"ListItem","position":1,"name":"Prima pagin\u0103","item":"https:\/\/www.roxer.ro\/dev\/"},{"@type":"ListItem","position":2,"name":"Echipamente","item":"https:\/\/www.roxer.ro\/dev\/echipamente"},{"@type":"ListItem","position":3,"name":"Xerox D136, Tipar Digital mono, 136ppm"}]},{"@type":"WebSite","@id":"https:\/\/www.roxer.ro\/dev\/#website","url":"https:\/\/www.roxer.ro\/dev\/","name":"Roxer Grup","description":"Xerox Cluj Napoca, Distribuitor Xerox Cluj, distribuitor Xerox S\u0103laj, distribuitor Xerox Bihor, distribuitor Xerox Maramure\u015f, distribuitor Xerox Bistri\u0163a N\u0103s\u0103ud, distribuitor Xerox Satu Mare","publisher":{"@id":"https:\/\/www.roxer.ro\/dev\/#organization"},"potentialAction":[{"@type":"SearchAction","target":{"@type":"EntryPoint","urlTemplate":"https:\/\/www.roxer.ro\/dev\/?s={search_term_string}"},"query-input":"required name=search_term_string"}],"inLanguage":"ro-RO"},{"@type":"Organization","@id":"https:\/\/www.roxer.ro\/dev\/#organization","name":"Roxer Grup","url":"https:\/\/www.roxer.ro\/dev\/","logo":{"@type":"ImageObject","inLanguage":"ro-RO","@id":"https:\/\/www.roxer.ro\/dev\/#\/schema\/logo\/image\/","url":"https:\/\/www.roxer.ro\/dev\/wp-content\/uploads\/2023\/05\/logo-roxer-1-e1684141209248.png","contentUrl":"https:\/\/www.roxer.ro\/dev\/wp-content\/uploads\/2023\/05\/logo-roxer-1-e1684141209248.png","width":160,"height":57,"caption":"Roxer Grup"},"image":{"@id":"https:\/\/www.roxer.ro\/dev\/#\/schema\/logo\/image\/"}}]}},"_links":{"self":[{"href":"https:\/\/www.roxer.ro\/dev\/wp-json\/wp\/v2\/product\/4571"}],"collection":[{"href":"https:\/\/www.roxer.ro\/dev\/wp-json\/wp\/v2\/product"}],"about":[{"href":"https:\/\/www.roxer.ro\/dev\/wp-json\/wp\/v2\/types\/product"}],"wp:featuredmedia":[{"embeddable":true,"href":"https:\/\/www.roxer.ro\/dev\/wp-json\/wp\/v2\/media\/4572"}],"wp:attachment":[{"href":"https:\/\/www.roxer.ro\/dev\/wp-json\/wp\/v2\/media?parent=4571"}],"wp:term":[{"taxonomy":"product_cat","embeddable":true,"href":"https:\/\/www.roxer.ro\/dev\/wp-json\/wp\/v2\/product_cat?post=4571"},{"taxonomy":"product_tag","embeddable":true,"href":"https:\/\/www.roxer.ro\/dev\/wp-json\/wp\/v2\/product_tag?post=4571"}],"curies":[{"name":"wp","href":"https:\/\/api.w.org\/{rel}","templated":true}]}}