{"id":4579,"date":"2020-08-05T05:49:37","date_gmt":"2020-08-05T05:49:37","guid":{"rendered":"https:\/\/firstdesign.ro\/roxer\/?post_type=product&#038;p=4579"},"modified":"2020-11-21T16:58:11","modified_gmt":"2020-11-21T16:58:11","slug":"presa-inkjet-hf-xerox-baltoro","status":"publish","type":"product","link":"https:\/\/www.roxer.ro\/dev\/echipament\/presa-inkjet-hf-xerox-baltoro","title":{"rendered":"Pres\u0103 Inkjet HF Xerox\u00ae Baltoro\u2122"},"content":{"rendered":"<div class=\"xrx-fw-css-grid-container\">\n<div class=\"xrx-fw-css-grid-row xrx-be-product-components-wrapper\">\n<div id=\"Performan\u021b\u0103\" class=\"xrx-fw-product-component-wrapper xrx-fw-product-component-wrapper--align-center \">\n<div class=\"xrx-fw-product-component-wrapper__title\">\n<h2>Performan\u021b\u0103<\/h2>\n<\/div>\n<div class=\"xrx-fw-spec-table \">\n<table>\n<tbody>\n<tr>\n<th>Vitez\u0103 nominal\u0103<\/th>\n<td>With speed license<\/p>\n<ul>\n<li>8.5&#8243; x 11&#8243; \u2013 182 simplex \/ 271 duplex imagini pe minut<\/li>\n<li>A4 \u2013 197 simplex \/ 276 duplex imagini pe minut<\/li>\n<li>A3 \u2013 200 simplex \/ 300 duplex imagini pe minut, 2-up<\/li>\n<li>SRA3 \u2013 174 simplex \/ 254 duplex imagini pe minut, 2-up<\/li>\n<li>364 x 520 mm \u2013 168 simplex \/ 252 duplex imagini pe minut, 2-up<\/li>\n<li>P\u00e2n\u0103 la 18,000 imagini pe or\u0103<\/li>\n<\/ul>\n<\/td>\n<\/tr>\n<tr>\n<th>Rezolu\u021bie<\/th>\n<td>\u00cenalt\u0103 defini\u021bie 1200 x 1200 dpi<\/td>\n<\/tr>\n<tr>\n<th>Volum mediu recomandat pe lun\u0103<\/th>\n<td>750,000 &#8211; 3,000,000 images per month<\/td>\n<\/tr>\n<tr>\n<th>Ciclu de func\u021bionare<\/th>\n<td>6,000,000 images per month<\/td>\n<\/tr>\n<\/tbody>\n<\/table>\n<\/div>\n<\/div>\n<\/div>\n<\/div>\n<div class=\"xrx-fw-css-grid-container\">\n<div class=\"xrx-fw-css-grid-row xrx-be-product-components-wrapper\">\n<div id=\"Capacit\u0103\u021bi\" class=\"xrx-fw-product-component-wrapper xrx-fw-product-component-wrapper--align-center \">\n<div class=\"xrx-fw-product-component-wrapper__title\">\n<h2>Capacit\u0103\u021bi<\/h2>\n<\/div>\n<div class=\"xrx-fw-spec-table \">\n<table>\n<tbody>\n<tr>\n<th>Capabilit\u0103\u021bi standard<\/th>\n<td>Tip\u0103rire de produc\u0163ie cu cerneal\u0103 color (op\u0163ional doar modul K)<\/td>\n<\/tr>\n<tr>\n<th>Capabilit\u0103\u021bi op\u021bional<\/th>\n<td>Finisare, alimentare de mare capacitate cu desc\u0103rcare \u00een timpul func\u021bion\u0103rii<\/td>\n<\/tr>\n<tr>\n<th>P\u0103r\u021bi imprimate<\/th>\n<td>Duplex<\/td>\n<\/tr>\n<\/tbody>\n<\/table>\n<\/div>\n<\/div>\n<\/div>\n<\/div>\n<div class=\"xrx-fw-css-grid-container\">\n<div class=\"xrx-fw-css-grid-row xrx-be-product-components-wrapper\">\n<div id=\"Technologia\" class=\"xrx-fw-product-component-wrapper xrx-fw-product-component-wrapper--align-center \">\n<div class=\"xrx-fw-product-component-wrapper__title\">\n<h2>Technologia<\/h2>\n<\/div>\n<div class=\"xrx-fw-spec-table \">\n<table>\n<tbody>\n<tr>\n<th>Tehnologie color<\/th>\n<td>Pic\u0103tur\u0103 Piezo la cerere cu cerneal\u0103 pigmentat\u0103 pe baz\u0103 de ap\u0103<\/td>\n<\/tr>\n<\/tbody>\n<\/table>\n<\/div>\n<\/div>\n<\/div>\n<\/div>\n<div class=\"xrx-fw-css-grid-container\">\n<div class=\"xrx-fw-css-grid-row xrx-be-product-components-wrapper\">\n<div id=\"Paper-handling\" class=\"xrx-fw-product-component-wrapper xrx-fw-product-component-wrapper--align-center \">\n<div class=\"xrx-fw-product-component-wrapper__title\">\n<h2>Paper handling<\/h2>\n<\/div>\n<div class=\"xrx-fw-spec-table \">\n<table>\n<tbody>\n<tr>\n<th>Surse de h\u00e2rtie<\/th>\n<td>P\u00e2n\u0103 la 8 sertare de h\u00e2rtie\/4 module de alimentare a colilor<\/td>\n<\/tr>\n<tr>\n<th>Capacitate de h\u00e2rtie standard<\/th>\n<td>5.000 coli per modul de alimentare a colilor<\/td>\n<\/tr>\n<tr>\n<th>Maximum paper capacity with options<\/th>\n<td>20.000 coli (5.000 coli per modul de alimentare a colilor)<\/td>\n<\/tr>\n<tr>\n<th>Dimensiuni media &#8211; minime<\/th>\n<td>177.8 mm x 254 mm<\/td>\n<\/tr>\n<tr>\n<th>Dimensiuni media &#8211; maxime<\/th>\n<td>364 mm x 520 mm<\/td>\n<\/tr>\n<tr>\n<th>Greutate media &#8211; minim\u0103<\/th>\n<td>60 gsm<\/td>\n<\/tr>\n<tr>\n<th>Greutate media &#8211; maxim\u0103<\/th>\n<td>270 gsm<\/td>\n<\/tr>\n<tr>\n<th>Tipuri media<\/th>\n<td>H\u00e2rtie simpl\u0103 netratat\u0103, tratat\u0103 pentru inkjet<\/td>\n<\/tr>\n<\/tbody>\n<\/table>\n<\/div>\n<\/div>\n<\/div>\n<\/div>\n<div class=\"xrx-fw-css-grid-container\">\n<div class=\"xrx-fw-css-grid-row xrx-be-product-components-wrapper\">\n<div id=\"Controlere-imprimare\" class=\"xrx-fw-product-component-wrapper xrx-fw-product-component-wrapper--align-center \">\n<div class=\"xrx-fw-product-component-wrapper__title\">\n<h2>Controlere imprimare<\/h2>\n<\/div>\n<div class=\"xrx-fw-spec-table \">\n<table>\n<tbody>\n<tr>\n<th>Interfe\u021be digitale<\/th>\n<td>Xerox<sup>\u00ae<\/sup>\u00a0FreeFlow<sup>\u00ae<\/sup>\u00a0Print Server<\/td>\n<\/tr>\n<\/tbody>\n<\/table>\n<\/div>\n<\/div>\n<\/div>\n<\/div>\n<div class=\"xrx-fw-css-grid-container\">\n<div class=\"xrx-fw-css-grid-row xrx-be-product-components-wrapper\">\n<div id=\"Ecologic\" class=\"xrx-fw-product-component-wrapper xrx-fw-product-component-wrapper--align-center \">\n<div class=\"xrx-fw-product-component-wrapper__title\">\n<h2>Ecologic<\/h2>\n<\/div>\n<div class=\"xrx-fw-spec-table \">\n<table>\n<tbody>\n<tr>\n<th>Dimensiuni<\/th>\n<td>\u00cen\u0103l\u021bime: 2.06 m<br \/>\nL\u0103\u021bime: 6.79 m<br \/>\nAd\u00e2ncime: 1.63 m<\/td>\n<\/tr>\n<tr>\n<th>Cerin\u021be electrice<\/th>\n<td>200 &#8211; 240 VAC; 50\/60 Hz<\/td>\n<\/tr>\n<\/tbody>\n<\/table>\n<\/div>\n<\/div>\n<\/div>\n<\/div>\n","protected":false},"excerpt":{"rendered":"<div class=\"xrx-fw-product-hero__headings\">\n<p><strong>Performan\u021b\u0103 revolu\u021bionar\u0103 \u0219i economie prin inova\u021bie<\/strong><\/p>\n<\/div>\n<div class=\"xrx-fw-product-hero__blurb\">\n<ul class=\"xrx-fw-product-hero__bullets\">\n<li>Motorul de imprimare High Fusion cu capete inkjet Xerox High Fusion seria W ofer\u0103 rezolu\u021bie de \u00eenalt\u0103 defini\u021bie 1200 x 1200 dpi<\/li>\n<li>Permite noi oportunit\u0103\u021bi de aplica\u021bii \u00eentr-o gam\u0103 de suporturi tratate pentru offset cum ar fi h\u00e2rtie mat\u0103, silk \u0219i multe altele cu High Fusion Ink<\/li>\n<li>simplific\u0103 produc\u021bia cu instrumentele de optimizare a calit\u0103\u021bii costurilor Serverului de imprimare FreeFlow (CQO)<\/li>\n<\/ul>\n<\/div>\n<div class=\"xrx-fw-product-hero__stylised-specs\">\n<div class=\"xrx-fw-stylised-spec\">P\u00e2n\u0103 la <span class=\"xrx-fw-stylised-spec__value\">300<\/span>ppm (pagini pe minut)<\/div>\n<div class=\"xrx-fw-stylised-spec\">P\u00e2n\u0103 la <span class=\"xrx-fw-stylised-spec__value\">3 Milioane <\/span>pagini\/lun\u0103<\/div>\n<\/div>\n<div class=\"xrx-fw-product-hero__stylised-pricing\">\n<div class=\"xrx-fw-stylised-pricing \">\n<div><\/div>\n<\/div>\n<\/div>\n<div class=\"xrx-fw-product-hero__actions\">\n<div class=\"xrx-fw-product-hero__buttons\"><a class=\"xrx-fw-cta \" href=\"https:\/\/www.xerox.com\/ro-ro\/digital-printing\/contact-us\" target=\"_self\" rel=\"noopener noreferrer\" name=\"&amp;lid=baltoro_hf-contacta\u021bi-ne-online\" aria-label=\"Contacta\u021bi-ne online: BALTORO_HF\"><\/a><\/div>\n<\/div>\n","protected":false},"featured_media":4581,"template":"","meta":[],"product_cat":[120,122],"product_tag":[413,414,182,415,417,416,178],"yoast_head":"<!-- This site is optimized with the Yoast SEO plugin v20.3 - https:\/\/yoast.com\/wordpress\/plugins\/seo\/ -->\n<title>Pres\u0103 Inkjet HF Xerox\u00ae Baltoro\u2122 - Roxer Grup<\/title>\n<meta name=\"robots\" content=\"noindex, follow, max-snippet:-1, max-image-preview:large, max-video-preview:-1\" \/>\n<meta property=\"og:locale\" content=\"ro_RO\" \/>\n<meta property=\"og:type\" content=\"article\" \/>\n<meta property=\"og:title\" content=\"Pres\u0103 Inkjet HF Xerox\u00ae Baltoro\u2122 - Roxer Grup\" \/>\n<meta property=\"og:description\" content=\"Performan\u021b\u0103 revolu\u021bionar\u0103 \u0219i economie prin inova\u021bie      Motorul de imprimare High Fusion cu capete inkjet Xerox High Fusion seria W ofer\u0103 rezolu\u021bie de \u00eenalt\u0103 defini\u021bie 1200 x 1200 dpi  Permite noi oportunit\u0103\u021bi de aplica\u021bii \u00eentr-o gam\u0103 de suporturi tratate pentru offset cum ar fi h\u00e2rtie mat\u0103, silk \u0219i multe altele cu High Fusion Ink  simplific\u0103 produc\u021bia cu instrumentele de optimizare a calit\u0103\u021bii costurilor Serverului de imprimare FreeFlow (CQO)    P\u00e2n\u0103 la 300ppm (pagini pe minut) P\u00e2n\u0103 la 3 Milioane pagini\/lun\u0103\" \/>\n<meta property=\"og:url\" content=\"https:\/\/www.roxer.ro\/dev\/echipament\/presa-inkjet-hf-xerox-baltoro\" \/>\n<meta property=\"og:site_name\" content=\"Roxer Grup\" \/>\n<meta property=\"article:modified_time\" content=\"2020-11-21T16:58:11+00:00\" \/>\n<meta property=\"og:image\" content=\"https:\/\/www.roxer.ro\/dev\/wp-content\/uploads\/2020\/08\/Xerox-Baltoro.png\" \/>\n\t<meta property=\"og:image:width\" content=\"782\" \/>\n\t<meta property=\"og:image:height\" content=\"226\" \/>\n\t<meta property=\"og:image:type\" content=\"image\/png\" \/>\n<meta name=\"twitter:card\" content=\"summary_large_image\" \/>\n<meta name=\"twitter:label1\" content=\"Timp estimat pentru citire\" \/>\n\t<meta name=\"twitter:data1\" content=\"1 minut\" \/>\n<script type=\"application\/ld+json\" class=\"yoast-schema-graph\">{\"@context\":\"https:\/\/schema.org\",\"@graph\":[{\"@type\":\"WebPage\",\"@id\":\"https:\/\/www.roxer.ro\/dev\/echipament\/presa-inkjet-hf-xerox-baltoro\",\"url\":\"https:\/\/www.roxer.ro\/dev\/echipament\/presa-inkjet-hf-xerox-baltoro\",\"name\":\"Pres\u0103 Inkjet HF Xerox\u00ae Baltoro\u2122 - Roxer Grup\",\"isPartOf\":{\"@id\":\"https:\/\/www.roxer.ro\/dev\/#website\"},\"datePublished\":\"2020-08-05T05:49:37+00:00\",\"dateModified\":\"2020-11-21T16:58:11+00:00\",\"breadcrumb\":{\"@id\":\"https:\/\/www.roxer.ro\/dev\/echipament\/presa-inkjet-hf-xerox-baltoro#breadcrumb\"},\"inLanguage\":\"ro-RO\",\"potentialAction\":[{\"@type\":\"ReadAction\",\"target\":[\"https:\/\/www.roxer.ro\/dev\/echipament\/presa-inkjet-hf-xerox-baltoro\"]}]},{\"@type\":\"BreadcrumbList\",\"@id\":\"https:\/\/www.roxer.ro\/dev\/echipament\/presa-inkjet-hf-xerox-baltoro#breadcrumb\",\"itemListElement\":[{\"@type\":\"ListItem\",\"position\":1,\"name\":\"Prima pagin\u0103\",\"item\":\"https:\/\/www.roxer.ro\/dev\/\"},{\"@type\":\"ListItem\",\"position\":2,\"name\":\"Echipamente\",\"item\":\"https:\/\/www.roxer.ro\/dev\/echipamente\"},{\"@type\":\"ListItem\",\"position\":3,\"name\":\"Pres\u0103 Inkjet HF Xerox\u00ae Baltoro\u2122\"}]},{\"@type\":\"WebSite\",\"@id\":\"https:\/\/www.roxer.ro\/dev\/#website\",\"url\":\"https:\/\/www.roxer.ro\/dev\/\",\"name\":\"Roxer Grup\",\"description\":\"Xerox Cluj Napoca, Distribuitor Xerox Cluj, distribuitor Xerox S\u0103laj, distribuitor Xerox Bihor, distribuitor Xerox Maramure\u015f, distribuitor Xerox Bistri\u0163a N\u0103s\u0103ud, distribuitor Xerox Satu Mare\",\"publisher\":{\"@id\":\"https:\/\/www.roxer.ro\/dev\/#organization\"},\"potentialAction\":[{\"@type\":\"SearchAction\",\"target\":{\"@type\":\"EntryPoint\",\"urlTemplate\":\"https:\/\/www.roxer.ro\/dev\/?s={search_term_string}\"},\"query-input\":\"required name=search_term_string\"}],\"inLanguage\":\"ro-RO\"},{\"@type\":\"Organization\",\"@id\":\"https:\/\/www.roxer.ro\/dev\/#organization\",\"name\":\"Roxer Grup\",\"url\":\"https:\/\/www.roxer.ro\/dev\/\",\"logo\":{\"@type\":\"ImageObject\",\"inLanguage\":\"ro-RO\",\"@id\":\"https:\/\/www.roxer.ro\/dev\/#\/schema\/logo\/image\/\",\"url\":\"https:\/\/www.roxer.ro\/dev\/wp-content\/uploads\/2023\/05\/logo-roxer-1-e1684141209248.png\",\"contentUrl\":\"https:\/\/www.roxer.ro\/dev\/wp-content\/uploads\/2023\/05\/logo-roxer-1-e1684141209248.png\",\"width\":160,\"height\":57,\"caption\":\"Roxer Grup\"},\"image\":{\"@id\":\"https:\/\/www.roxer.ro\/dev\/#\/schema\/logo\/image\/\"}}]}<\/script>\n<!-- \/ Yoast SEO plugin. -->","yoast_head_json":{"title":"Pres\u0103 Inkjet HF Xerox\u00ae Baltoro\u2122 - Roxer Grup","robots":{"index":"noindex","follow":"follow","max-snippet":"max-snippet:-1","max-image-preview":"max-image-preview:large","max-video-preview":"max-video-preview:-1"},"og_locale":"ro_RO","og_type":"article","og_title":"Pres\u0103 Inkjet HF Xerox\u00ae Baltoro\u2122 - Roxer Grup","og_description":"Performan\u021b\u0103 revolu\u021bionar\u0103 \u0219i economie prin inova\u021bie      Motorul de imprimare High Fusion cu capete inkjet Xerox High Fusion seria W ofer\u0103 rezolu\u021bie de \u00eenalt\u0103 defini\u021bie 1200 x 1200 dpi  Permite noi oportunit\u0103\u021bi de aplica\u021bii \u00eentr-o gam\u0103 de suporturi tratate pentru offset cum ar fi h\u00e2rtie mat\u0103, silk \u0219i multe altele cu High Fusion Ink  simplific\u0103 produc\u021bia cu instrumentele de optimizare a calit\u0103\u021bii costurilor Serverului de imprimare FreeFlow (CQO)    P\u00e2n\u0103 la 300ppm (pagini pe minut) P\u00e2n\u0103 la 3 Milioane pagini\/lun\u0103","og_url":"https:\/\/www.roxer.ro\/dev\/echipament\/presa-inkjet-hf-xerox-baltoro","og_site_name":"Roxer Grup","article_modified_time":"2020-11-21T16:58:11+00:00","og_image":[{"width":782,"height":226,"url":"https:\/\/www.roxer.ro\/dev\/wp-content\/uploads\/2020\/08\/Xerox-Baltoro.png","type":"image\/png"}],"twitter_card":"summary_large_image","twitter_misc":{"Timp estimat pentru citire":"1 minut"},"schema":{"@context":"https:\/\/schema.org","@graph":[{"@type":"WebPage","@id":"https:\/\/www.roxer.ro\/dev\/echipament\/presa-inkjet-hf-xerox-baltoro","url":"https:\/\/www.roxer.ro\/dev\/echipament\/presa-inkjet-hf-xerox-baltoro","name":"Pres\u0103 Inkjet HF Xerox\u00ae Baltoro\u2122 - Roxer Grup","isPartOf":{"@id":"https:\/\/www.roxer.ro\/dev\/#website"},"datePublished":"2020-08-05T05:49:37+00:00","dateModified":"2020-11-21T16:58:11+00:00","breadcrumb":{"@id":"https:\/\/www.roxer.ro\/dev\/echipament\/presa-inkjet-hf-xerox-baltoro#breadcrumb"},"inLanguage":"ro-RO","potentialAction":[{"@type":"ReadAction","target":["https:\/\/www.roxer.ro\/dev\/echipament\/presa-inkjet-hf-xerox-baltoro"]}]},{"@type":"BreadcrumbList","@id":"https:\/\/www.roxer.ro\/dev\/echipament\/presa-inkjet-hf-xerox-baltoro#breadcrumb","itemListElement":[{"@type":"ListItem","position":1,"name":"Prima pagin\u0103","item":"https:\/\/www.roxer.ro\/dev\/"},{"@type":"ListItem","position":2,"name":"Echipamente","item":"https:\/\/www.roxer.ro\/dev\/echipamente"},{"@type":"ListItem","position":3,"name":"Pres\u0103 Inkjet HF Xerox\u00ae Baltoro\u2122"}]},{"@type":"WebSite","@id":"https:\/\/www.roxer.ro\/dev\/#website","url":"https:\/\/www.roxer.ro\/dev\/","name":"Roxer Grup","description":"Xerox Cluj Napoca, Distribuitor Xerox Cluj, distribuitor Xerox S\u0103laj, distribuitor Xerox Bihor, distribuitor Xerox Maramure\u015f, distribuitor Xerox Bistri\u0163a N\u0103s\u0103ud, distribuitor Xerox Satu Mare","publisher":{"@id":"https:\/\/www.roxer.ro\/dev\/#organization"},"potentialAction":[{"@type":"SearchAction","target":{"@type":"EntryPoint","urlTemplate":"https:\/\/www.roxer.ro\/dev\/?s={search_term_string}"},"query-input":"required name=search_term_string"}],"inLanguage":"ro-RO"},{"@type":"Organization","@id":"https:\/\/www.roxer.ro\/dev\/#organization","name":"Roxer Grup","url":"https:\/\/www.roxer.ro\/dev\/","logo":{"@type":"ImageObject","inLanguage":"ro-RO","@id":"https:\/\/www.roxer.ro\/dev\/#\/schema\/logo\/image\/","url":"https:\/\/www.roxer.ro\/dev\/wp-content\/uploads\/2023\/05\/logo-roxer-1-e1684141209248.png","contentUrl":"https:\/\/www.roxer.ro\/dev\/wp-content\/uploads\/2023\/05\/logo-roxer-1-e1684141209248.png","width":160,"height":57,"caption":"Roxer Grup"},"image":{"@id":"https:\/\/www.roxer.ro\/dev\/#\/schema\/logo\/image\/"}}]}},"_links":{"self":[{"href":"https:\/\/www.roxer.ro\/dev\/wp-json\/wp\/v2\/product\/4579"}],"collection":[{"href":"https:\/\/www.roxer.ro\/dev\/wp-json\/wp\/v2\/product"}],"about":[{"href":"https:\/\/www.roxer.ro\/dev\/wp-json\/wp\/v2\/types\/product"}],"wp:featuredmedia":[{"embeddable":true,"href":"https:\/\/www.roxer.ro\/dev\/wp-json\/wp\/v2\/media\/4581"}],"wp:attachment":[{"href":"https:\/\/www.roxer.ro\/dev\/wp-json\/wp\/v2\/media?parent=4579"}],"wp:term":[{"taxonomy":"product_cat","embeddable":true,"href":"https:\/\/www.roxer.ro\/dev\/wp-json\/wp\/v2\/product_cat?post=4579"},{"taxonomy":"product_tag","embeddable":true,"href":"https:\/\/www.roxer.ro\/dev\/wp-json\/wp\/v2\/product_tag?post=4579"}],"curies":[{"name":"wp","href":"https:\/\/api.w.org\/{rel}","templated":true}]}}