{"id":4593,"date":"2020-08-05T09:18:16","date_gmt":"2020-08-05T09:18:16","guid":{"rendered":"https:\/\/firstdesign.ro\/roxer\/?post_type=product&#038;p=4593"},"modified":"2020-08-17T08:23:32","modified_gmt":"2020-08-17T08:23:32","slug":"xerox-workcentre-5865i-multifunctional-a3-laser-mono-65ppm","status":"publish","type":"product","link":"https:\/\/www.roxer.ro\/dev\/echipament\/xerox-workcentre-5865i-multifunctional-a3-laser-mono-65ppm","title":{"rendered":"Xerox WorkCentre 5865i, multifunctional A3 laser, mono, 65ppm"},"content":{"rendered":"<div class=\"box-collateral box-description\">\n<div class=\"focus_desc\">\n<p>&nbsp;<\/p>\n<\/div>\n<\/div>\n<div class=\"box-collateral box-additional\">\n<table id=\"product-attribute-specs-table\" class=\"data-table\">\n<colgroup>\n<col width=\"25%\" \/>\n<col \/><\/colgroup>\n<tbody>\n<tr>\n<th class=\"label\" colspan=\"2\">Alimentare<\/th>\n<\/tr>\n<tr>\n<td class=\"data\" colspan=\"2\">Standard: Dispozitiv automat de alimentare a documentelor cu o singur\u0103 trecere: 200 coli; vitez\u0103: p\u00e2n\u0103 la 200 ipm (duplex); formate: 125 x 138 mm p\u00e2n\u0103 la 297 x 432 mm; tav\u0103 manual\u0103: 100 coli; dimensiuni personalizate: A6 p\u00e2n\u0103 la A3; t\u0103vile 1-2: 500 coli fiecare; dimensiuni personalizate: A5 p\u00e2n\u0103 la A3; tav\u0103 tandem de mare capacitate: 3.600 coli \u00een total (1.600 \u015fi 2.000 coli); format A4 Op\u021bional: Dispozitiv de alimentare de mare capacitate (HCF): 4.000 coli; dimensiune: A4, alimentate pe muchia lung\u0103; Kit-uri HCF (necesit\u0103 HCF): Kit de alimentare pe muchia scurt\u0103 pentru 2.000 coli format A3 sau kit de alimentare pe muchia scurt\u0103 pentru 2.000 coli format A4; tav\u0103 pentru plicuri (\u00eenlocuie\u015fte tava 2): p\u00e2n\u0103 la 50 de plicuri: DL, C5<\/td>\n<\/tr>\n<tr>\n<td><\/td>\n<\/tr>\n<tr>\n<th class=\"label\" colspan=\"2\">Performanta<\/th>\n<\/tr>\n<tr>\n<td class=\"data\" colspan=\"2\">Vitez\u0103 p\u00e2n\u0103 la 90 ppm Volum lunar maxim p\u00e2n\u0103 la 400.000 pagini pe lun\u0103 Memorie 2 GB Procesor 1 GHz Dual-core Func\u021biile controlerului Agend\u0103 cu adrese unificat\u0103, panou de comand\u0103 la distan\u0163\u0103, asisten\u0163\u0103 tehnic\u0103 online, clonarea configura\u0163iei Conectivitate 10\/100\/1000Base-T Ethernet, imprimare direct\u0103 la vitez\u0103 mare de pe USB 2.0, wireless op\u0163ional (cu adaptorul Xerox\u00ae USB Wireless)<\/td>\n<\/tr>\n<tr>\n<td><\/td>\n<\/tr>\n<tr>\n<th class=\"label\" colspan=\"2\">Imprimare<\/th>\n<\/tr>\n<tr>\n<td class=\"data\" colspan=\"2\">Imprimarea primei pagini: 6,2 secunde Limbaj de imprimare: Adobe\u00ae PostScript\u00ae 3\u2122, PDF, emul\u0103ri PCL\u00ae 5c\/PCL 6, HP-GL2\u2122, XML Paper Specification (XPS\u00ae) (op\u0163ional) Func\u021bii imprimare: Imprimare de pe dispozitive USB, set\u0103ri driver Earth Smart, identificare lucrare, creare de bro\u015furi, memorare \u015fi reluare set\u0103ri driver, status bidirec\u0163ional, scalare, monitorizare lucrare, Xerox\u00ae PrintBack Imprimare mobil\u0103: Xerox\u00ae Mobile Print (op\u0163ional), Xerox\u00ae Mobile Print Cloud (op\u0163ional)<\/td>\n<\/tr>\n<tr>\n<td><\/td>\n<\/tr>\n<tr>\n<th class=\"label\" colspan=\"2\">Copiere<\/th>\n<\/tr>\n<tr>\n<td class=\"data\" colspan=\"2\">Copierea primei pagini: 2,9 secunde de pe ecran\/5,9 secunde din dispozitivul automat de alimentare cu o singur\u0103 trecere Rezolu\u0163ie de copiere \u0219i imprimare : p\u00e2n\u0103 la 600 x 600 dpi intrare\/4800 x 600 dpi ie\u015fire interpolat\u0103<\/td>\n<\/tr>\n<tr>\n<td><\/td>\n<\/tr>\n<tr>\n<th class=\"label\" colspan=\"2\">Fax<\/th>\n<\/tr>\n<tr>\n<td class=\"data\" colspan=\"2\">Standard: Fax Internet, construire lucrare fax, activare fax server pentru re\u0163ea Op\u021bional: Redirec\u0163ionare fax c\u0103tre e-mail sau SMB, Fax Walk-up (op\u0163iuni pentru o linie \u015fi dou\u0103 linii, include Fax LAN)<\/td>\n<\/tr>\n<tr>\n<td><\/td>\n<\/tr>\n<tr>\n<th class=\"label\" colspan=\"2\">Scanare<\/th>\n<\/tr>\n<tr>\n<td class=\"data\" colspan=\"2\">Standard: scanare c\u0103tre re\u0163ea\/e-mail\/folder\/SMB sau FTP, PDF cu posibilitate de c\u0103utare a textului, PDF\/A, XPS, PDF liniarizat, JPEG, TIFF, scanare c\u0103tre dispozitiv de memorie USB, scanare printr-o singur\u0103 ap\u0103sare, suport TWAIN Op\u021bional: ConnectKey for SharePoint\u00ae, ConnectKey Share to Cloud, Xerox\u00ae Scan to PC Desktop\u00ae versiunile SE \u015fi Professional, numeroase solu\u0163ii disponibile prin diverse programe Xerox\u00ae Alliance Partners<\/td>\n<\/tr>\n<tr>\n<td><\/td>\n<\/tr>\n<tr>\n<th class=\"label\" colspan=\"2\">Contorizare<\/th>\n<\/tr>\n<tr>\n<td class=\"data\" colspan=\"2\">Standard: Xerox\u00ae Standard Accounting (copiere, imprimare, scanare, fax) Op\u021bional: Equitrac Office\u00ae, Equitrac Professional\u00ae, YSoft\u00ae SafeQ\u00ae<\/td>\n<\/tr>\n<tr>\n<td><\/td>\n<\/tr>\n<tr>\n<th class=\"label\" colspan=\"2\">Dispozitive de finisare<\/th>\n<\/tr>\n<tr>\n<td class=\"data\" colspan=\"2\">Tav\u0103 offset de ie\u015fire (numai pentru modelele 5865\/5875): 300 coli Modul de finisare de birou (numai pentru modelele 5865\/5875): 2.000 coli + t\u0103vi de 250 coli, mai multe pozi\u0163ii de capsare pentru 50 de coli, perforare op\u0163ional\u0103 Modul de finisare de birou cu dispozitiv de bro\u015furare (numai pentru modelele 5865\/5875): 2.000 coli + t\u0103vi de 250 coli, mai multe pozi\u0163ii de capsare pentru 50 de coli, creare bro\u015furi capsate, perforare op\u0163ional\u0103 Modul de finisare de mare volum (HVF): 3.000 coli + t\u0103vi de 250 coli, mai multe pozi\u0163ii de capsare pentru 100 de coli, perforare op\u0163ional\u0103 Modul de finisare de mare volum cu dispozitiv de bro\u015furare: 3.000 coli + t\u0103vi de 250 coli, mai multe pozi\u0163ii de capsare pentru 100 coli, creare bro\u015furi capsate, perforare op\u0163ional\u0103 Unitate pentru pliere tip Z\/C (cu modul de finisare de mare volum cu dispozitiv de bro\u015furare): include func\u0163ia de pliere tip Z \u015fi C pentru format A4 Dispozitiv de inserare post-procesare (cu modul de finisare de mare volum \u015fi modul de finisare de mare volum cu dispozitiv de bro\u015furare): adaug\u0103 inser\u0103ri pre-imprimate Capsator manual: capsare pentru 50 coli (standard de 75 g\/m2)<\/td>\n<\/tr>\n<tr>\n<td><\/td>\n<\/tr>\n<\/tbody>\n<\/table>\n<\/div>\n<p><strong>Acest echipament poate fi achizi\u0163ionat \u015fi \u00een rate. Pentru detalii<a href=\"https:\/\/www.roxer.ro\/contact\/\" target=\"_blank\" rel=\"noopener noreferrer\">\u00a0contacteaz\u0103-ne<\/a>.<\/strong><\/p>\n","protected":false},"excerpt":{"rendered":"<div class=\"box-collateral box-description\">\n<div class=\"focus_desc\">\n<p>Productivitate superioar\u0103 rezultat\u0103 din tehnologia de ultim\u0103 or\u0103.<\/p>\n<p>Marile grupuri de lucru au succes pentru c\u0103 sunt productive, flexibile \u015fi fiabile. Echipamentul WorkCentre\u2122 5865\/5875\/5890 este dotat cu o combina\u0163ie redutabil\u0103 de caracteristici \u015fi func\u0163ii care gestioneaz\u0103 volumul mare de lucru prin modalit\u0103\u0163i pe care nu vi le-a\u0163i fi imaginat p\u00e2n\u0103 acum.<\/p>\n<\/div>\n<\/div>\n<p>&nbsp;<\/p>\n","protected":false},"featured_media":4592,"template":"","meta":[],"product_cat":[117,118],"product_tag":[248],"yoast_head":"<!-- This site is optimized with the Yoast SEO plugin v20.3 - https:\/\/yoast.com\/wordpress\/plugins\/seo\/ -->\n<title>Xerox WorkCentre 5865i, multifunctional A3 laser, mono, 65ppm - Roxer Grup<\/title>\n<meta name=\"robots\" content=\"noindex, follow, max-snippet:-1, max-image-preview:large, max-video-preview:-1\" \/>\n<meta property=\"og:locale\" content=\"ro_RO\" \/>\n<meta property=\"og:type\" content=\"article\" \/>\n<meta property=\"og:title\" content=\"Xerox WorkCentre 5865i, multifunctional A3 laser, mono, 65ppm - Roxer Grup\" \/>\n<meta property=\"og:description\" content=\"Productivitate superioar\u0103 rezultat\u0103 din tehnologia de ultim\u0103 or\u0103.  Marile grupuri de lucru au succes pentru c\u0103 sunt productive, flexibile \u015fi fiabile. Echipamentul WorkCentre\u2122 5865\/5875\/5890 este dotat cu o combina\u0163ie redutabil\u0103 de caracteristici \u015fi func\u0163ii care gestioneaz\u0103 volumul mare de lucru prin modalit\u0103\u0163i pe care nu vi le-a\u0163i fi imaginat p\u00e2n\u0103 acum.    &nbsp;\" \/>\n<meta property=\"og:url\" content=\"https:\/\/www.roxer.ro\/dev\/echipament\/xerox-workcentre-5865i-multifunctional-a3-laser-mono-65ppm\" \/>\n<meta property=\"og:site_name\" content=\"Roxer Grup\" \/>\n<meta property=\"article:modified_time\" content=\"2020-08-17T08:23:32+00:00\" \/>\n<meta property=\"og:image\" content=\"https:\/\/www.roxer.ro\/dev\/wp-content\/uploads\/2020\/08\/WORKCENTRE-5875I.jpg\" \/>\n\t<meta property=\"og:image:width\" content=\"250\" \/>\n\t<meta property=\"og:image:height\" content=\"250\" \/>\n\t<meta property=\"og:image:type\" content=\"image\/jpeg\" \/>\n<meta name=\"twitter:card\" content=\"summary_large_image\" \/>\n<meta name=\"twitter:label1\" content=\"Timp estimat pentru citire\" \/>\n\t<meta name=\"twitter:data1\" content=\"3 minute\" \/>\n<script type=\"application\/ld+json\" class=\"yoast-schema-graph\">{\"@context\":\"https:\/\/schema.org\",\"@graph\":[{\"@type\":\"WebPage\",\"@id\":\"https:\/\/www.roxer.ro\/dev\/echipament\/xerox-workcentre-5865i-multifunctional-a3-laser-mono-65ppm\",\"url\":\"https:\/\/www.roxer.ro\/dev\/echipament\/xerox-workcentre-5865i-multifunctional-a3-laser-mono-65ppm\",\"name\":\"Xerox WorkCentre 5865i, multifunctional A3 laser, mono, 65ppm - Roxer Grup\",\"isPartOf\":{\"@id\":\"https:\/\/www.roxer.ro\/dev\/#website\"},\"datePublished\":\"2020-08-05T09:18:16+00:00\",\"dateModified\":\"2020-08-17T08:23:32+00:00\",\"breadcrumb\":{\"@id\":\"https:\/\/www.roxer.ro\/dev\/echipament\/xerox-workcentre-5865i-multifunctional-a3-laser-mono-65ppm#breadcrumb\"},\"inLanguage\":\"ro-RO\",\"potentialAction\":[{\"@type\":\"ReadAction\",\"target\":[\"https:\/\/www.roxer.ro\/dev\/echipament\/xerox-workcentre-5865i-multifunctional-a3-laser-mono-65ppm\"]}]},{\"@type\":\"BreadcrumbList\",\"@id\":\"https:\/\/www.roxer.ro\/dev\/echipament\/xerox-workcentre-5865i-multifunctional-a3-laser-mono-65ppm#breadcrumb\",\"itemListElement\":[{\"@type\":\"ListItem\",\"position\":1,\"name\":\"Prima pagin\u0103\",\"item\":\"https:\/\/www.roxer.ro\/dev\/\"},{\"@type\":\"ListItem\",\"position\":2,\"name\":\"Echipamente\",\"item\":\"https:\/\/www.roxer.ro\/dev\/echipamente\"},{\"@type\":\"ListItem\",\"position\":3,\"name\":\"Xerox WorkCentre 5865i, multifunctional A3 laser, mono, 65ppm\"}]},{\"@type\":\"WebSite\",\"@id\":\"https:\/\/www.roxer.ro\/dev\/#website\",\"url\":\"https:\/\/www.roxer.ro\/dev\/\",\"name\":\"Roxer Grup\",\"description\":\"Xerox Cluj Napoca, Distribuitor Xerox Cluj, distribuitor Xerox S\u0103laj, distribuitor Xerox Bihor, distribuitor Xerox Maramure\u015f, distribuitor Xerox Bistri\u0163a N\u0103s\u0103ud, distribuitor Xerox Satu Mare\",\"publisher\":{\"@id\":\"https:\/\/www.roxer.ro\/dev\/#organization\"},\"potentialAction\":[{\"@type\":\"SearchAction\",\"target\":{\"@type\":\"EntryPoint\",\"urlTemplate\":\"https:\/\/www.roxer.ro\/dev\/?s={search_term_string}\"},\"query-input\":\"required name=search_term_string\"}],\"inLanguage\":\"ro-RO\"},{\"@type\":\"Organization\",\"@id\":\"https:\/\/www.roxer.ro\/dev\/#organization\",\"name\":\"Roxer Grup\",\"url\":\"https:\/\/www.roxer.ro\/dev\/\",\"logo\":{\"@type\":\"ImageObject\",\"inLanguage\":\"ro-RO\",\"@id\":\"https:\/\/www.roxer.ro\/dev\/#\/schema\/logo\/image\/\",\"url\":\"https:\/\/www.roxer.ro\/dev\/wp-content\/uploads\/2023\/05\/logo-roxer-1-e1684141209248.png\",\"contentUrl\":\"https:\/\/www.roxer.ro\/dev\/wp-content\/uploads\/2023\/05\/logo-roxer-1-e1684141209248.png\",\"width\":160,\"height\":57,\"caption\":\"Roxer Grup\"},\"image\":{\"@id\":\"https:\/\/www.roxer.ro\/dev\/#\/schema\/logo\/image\/\"}}]}<\/script>\n<!-- \/ Yoast SEO plugin. -->","yoast_head_json":{"title":"Xerox WorkCentre 5865i, multifunctional A3 laser, mono, 65ppm - Roxer Grup","robots":{"index":"noindex","follow":"follow","max-snippet":"max-snippet:-1","max-image-preview":"max-image-preview:large","max-video-preview":"max-video-preview:-1"},"og_locale":"ro_RO","og_type":"article","og_title":"Xerox WorkCentre 5865i, multifunctional A3 laser, mono, 65ppm - Roxer Grup","og_description":"Productivitate superioar\u0103 rezultat\u0103 din tehnologia de ultim\u0103 or\u0103.  Marile grupuri de lucru au succes pentru c\u0103 sunt productive, flexibile \u015fi fiabile. Echipamentul WorkCentre\u2122 5865\/5875\/5890 este dotat cu o combina\u0163ie redutabil\u0103 de caracteristici \u015fi func\u0163ii care gestioneaz\u0103 volumul mare de lucru prin modalit\u0103\u0163i pe care nu vi le-a\u0163i fi imaginat p\u00e2n\u0103 acum.    &nbsp;","og_url":"https:\/\/www.roxer.ro\/dev\/echipament\/xerox-workcentre-5865i-multifunctional-a3-laser-mono-65ppm","og_site_name":"Roxer Grup","article_modified_time":"2020-08-17T08:23:32+00:00","og_image":[{"width":250,"height":250,"url":"https:\/\/www.roxer.ro\/dev\/wp-content\/uploads\/2020\/08\/WORKCENTRE-5875I.jpg","type":"image\/jpeg"}],"twitter_card":"summary_large_image","twitter_misc":{"Timp estimat pentru citire":"3 minute"},"schema":{"@context":"https:\/\/schema.org","@graph":[{"@type":"WebPage","@id":"https:\/\/www.roxer.ro\/dev\/echipament\/xerox-workcentre-5865i-multifunctional-a3-laser-mono-65ppm","url":"https:\/\/www.roxer.ro\/dev\/echipament\/xerox-workcentre-5865i-multifunctional-a3-laser-mono-65ppm","name":"Xerox WorkCentre 5865i, multifunctional A3 laser, mono, 65ppm - Roxer Grup","isPartOf":{"@id":"https:\/\/www.roxer.ro\/dev\/#website"},"datePublished":"2020-08-05T09:18:16+00:00","dateModified":"2020-08-17T08:23:32+00:00","breadcrumb":{"@id":"https:\/\/www.roxer.ro\/dev\/echipament\/xerox-workcentre-5865i-multifunctional-a3-laser-mono-65ppm#breadcrumb"},"inLanguage":"ro-RO","potentialAction":[{"@type":"ReadAction","target":["https:\/\/www.roxer.ro\/dev\/echipament\/xerox-workcentre-5865i-multifunctional-a3-laser-mono-65ppm"]}]},{"@type":"BreadcrumbList","@id":"https:\/\/www.roxer.ro\/dev\/echipament\/xerox-workcentre-5865i-multifunctional-a3-laser-mono-65ppm#breadcrumb","itemListElement":[{"@type":"ListItem","position":1,"name":"Prima pagin\u0103","item":"https:\/\/www.roxer.ro\/dev\/"},{"@type":"ListItem","position":2,"name":"Echipamente","item":"https:\/\/www.roxer.ro\/dev\/echipamente"},{"@type":"ListItem","position":3,"name":"Xerox WorkCentre 5865i, multifunctional A3 laser, mono, 65ppm"}]},{"@type":"WebSite","@id":"https:\/\/www.roxer.ro\/dev\/#website","url":"https:\/\/www.roxer.ro\/dev\/","name":"Roxer Grup","description":"Xerox Cluj Napoca, Distribuitor Xerox Cluj, distribuitor Xerox S\u0103laj, distribuitor Xerox Bihor, distribuitor Xerox Maramure\u015f, distribuitor Xerox Bistri\u0163a N\u0103s\u0103ud, distribuitor Xerox Satu Mare","publisher":{"@id":"https:\/\/www.roxer.ro\/dev\/#organization"},"potentialAction":[{"@type":"SearchAction","target":{"@type":"EntryPoint","urlTemplate":"https:\/\/www.roxer.ro\/dev\/?s={search_term_string}"},"query-input":"required name=search_term_string"}],"inLanguage":"ro-RO"},{"@type":"Organization","@id":"https:\/\/www.roxer.ro\/dev\/#organization","name":"Roxer Grup","url":"https:\/\/www.roxer.ro\/dev\/","logo":{"@type":"ImageObject","inLanguage":"ro-RO","@id":"https:\/\/www.roxer.ro\/dev\/#\/schema\/logo\/image\/","url":"https:\/\/www.roxer.ro\/dev\/wp-content\/uploads\/2023\/05\/logo-roxer-1-e1684141209248.png","contentUrl":"https:\/\/www.roxer.ro\/dev\/wp-content\/uploads\/2023\/05\/logo-roxer-1-e1684141209248.png","width":160,"height":57,"caption":"Roxer Grup"},"image":{"@id":"https:\/\/www.roxer.ro\/dev\/#\/schema\/logo\/image\/"}}]}},"_links":{"self":[{"href":"https:\/\/www.roxer.ro\/dev\/wp-json\/wp\/v2\/product\/4593"}],"collection":[{"href":"https:\/\/www.roxer.ro\/dev\/wp-json\/wp\/v2\/product"}],"about":[{"href":"https:\/\/www.roxer.ro\/dev\/wp-json\/wp\/v2\/types\/product"}],"wp:featuredmedia":[{"embeddable":true,"href":"https:\/\/www.roxer.ro\/dev\/wp-json\/wp\/v2\/media\/4592"}],"wp:attachment":[{"href":"https:\/\/www.roxer.ro\/dev\/wp-json\/wp\/v2\/media?parent=4593"}],"wp:term":[{"taxonomy":"product_cat","embeddable":true,"href":"https:\/\/www.roxer.ro\/dev\/wp-json\/wp\/v2\/product_cat?post=4593"},{"taxonomy":"product_tag","embeddable":true,"href":"https:\/\/www.roxer.ro\/dev\/wp-json\/wp\/v2\/product_tag?post=4593"}],"curies":[{"name":"wp","href":"https:\/\/api.w.org\/{rel}","templated":true}]}}