{"id":4596,"date":"2020-08-05T09:20:33","date_gmt":"2020-08-05T09:20:33","guid":{"rendered":"https:\/\/firstdesign.ro\/roxer\/?post_type=product&#038;p=4596"},"modified":"2020-08-17T08:15:45","modified_gmt":"2020-08-17T08:15:45","slug":"xerox-workcentre-5945i-multifunctional-a3-laser-mono-45ppm","status":"publish","type":"product","link":"https:\/\/www.roxer.ro\/dev\/echipament\/xerox-workcentre-5945i-multifunctional-a3-laser-mono-45ppm","title":{"rendered":"Xerox WorkCentre 5945i, Multifunctional A3 laser mono, 45ppm"},"content":{"rendered":"<div class=\"box-collateral box-description\">\n<div class=\"focus_desc\">\n<p>&nbsp;<\/p>\n<\/div>\n<\/div>\n<div class=\"box-collateral box-additional\">\n<table id=\"product-attribute-specs-table\" class=\"data-table\">\n<colgroup>\n<col width=\"25%\" \/>\n<col \/><\/colgroup>\n<tbody>\n<tr>\n<th class=\"label\" colspan=\"2\">Imprimare<\/th>\n<\/tr>\n<tr>\n<td class=\"data\" colspan=\"2\">Limbaje de imprimare: Adobe\u00ae PostScript\u00ae 3\u2122, PDF, PCL\u00ae 5c \/ PCL 6, XML Paper Specification (XPS\u00ae) (op\u0163ional)<br \/>\nFunc\u0163ii de imprimare: Imprimare de pe dispozitive USB, set\u0103ri driver Earth Smart, identificare lucrare, creare de bro\u015furi, memorare \u015fi reluare set\u0103ri driver, status bidirec\u0163ional, scalare, monitorizare lucrare<br \/>\nImprimare mobil\u0103: Apple\u00ae AirPrint, Xerox\u00ae PrintBack, Xerox\u00ae Mobile Print (op\u0163ional), Xerox\u00ae Mobile Print Cloud (op\u0163ional)<\/td>\n<\/tr>\n<tr>\n<td><\/td>\n<\/tr>\n<tr>\n<th class=\"label\" colspan=\"2\">Copiere<\/th>\n<\/tr>\n<tr>\n<td class=\"data\" colspan=\"2\">Rezolu\u0163ie de copiere \u015fi imprimare: Copiere: p\u00e2n\u0103 la 600 x 600 dpi; imprimare: p\u00e2n\u0103 la 1200 x 1200 dpi<br \/>\nCopierea primei pagini: 3,7 secunde de pe ecran\/7,6 secunde din dispozitivul automat de alimentare<\/td>\n<\/tr>\n<tr>\n<td><\/td>\n<\/tr>\n<tr>\n<th class=\"label\" colspan=\"2\">Fax<\/th>\n<\/tr>\n<tr>\n<td class=\"data\" colspan=\"2\">Fax Internet, construire lucrare fax, activare fax server pentru re\u0163ea<\/td>\n<\/tr>\n<tr>\n<td><\/td>\n<\/tr>\n<tr>\n<th class=\"label\" colspan=\"2\">Scanare<\/th>\n<\/tr>\n<tr>\n<td class=\"data\" colspan=\"2\">Destina\u0163ii: scanare c\u0103tre c\u0103su\u0163a po\u015ftal\u0103, scanare c\u0103tre USB, scanare c\u0103tre e-mail \u015fi scanare c\u0103tre re\u0163ea; formate de fi\u015fier: PDF, PDF\/A, XPS, JPEG, TIFF; func\u0163ii pentru mai mult confort: scanare c\u0103tre destina\u0163ie pre-alocat\u0103, scanare printr-o singur\u0103 ap\u0103sare, PDF cu posibilitate de c\u0103utare, PDF\/XPS\/TIFF cu o singur\u0103\/mai multe pagini, PDF criptat\/protejat prin parol\u0103, PDF liniarizat<\/td>\n<\/tr>\n<tr>\n<td><\/td>\n<\/tr>\n<tr>\n<th class=\"label\" colspan=\"2\">Hartie<\/th>\n<\/tr>\n<tr>\n<td class=\"data\" colspan=\"2\">Dispozitiv automat de alimentare a documentelor cu o singur\u0103 trecere: 200 de coli; vitez\u0103: p\u00e2n\u0103 la 200 ipm (duplex); dimensiuni: 125 x 138 mm \u2013 297 x 432 mm<br \/>\nTava manual\u0103: 100 coli; dimensiuni personalizate: A6 \u2013 A3, 60 \u2013 216 g\/m2<br \/>\nT\u0103vile 1-2: 500 de coli fiecare; dimensiuni personalizate: A5 \u2013 A3<br \/>\nTav\u0103 tandem de mare capacitate: 3.600 coli \u00een total (1.600 \u015fi 2.000 de coli); dimensiune A4<\/td>\n<\/tr>\n<tr>\n<td><\/td>\n<\/tr>\n<tr>\n<th class=\"label\" colspan=\"2\">Contorizare<\/th>\n<\/tr>\n<tr>\n<td class=\"data\" colspan=\"2\">Xerox\u00ae Standard Accounting (copiere, imprimare, scanare, fax, e-mail), activare contorizare \u00een re\u0163ea<\/td>\n<\/tr>\n<tr>\n<td><\/td>\n<\/tr>\n<tr>\n<th class=\"label\" colspan=\"2\">Siguranta<\/th>\n<\/tr>\n<tr>\n<td class=\"data\" colspan=\"2\">McAfee\u00ae \u00eencorporat, compatibilitate cu McAfee ePolicy (ePO), suprascriere HDD, criptare pe 256 bi\u0163i (conform standardului FIPS 140-2 ), certificare Common Criteria (ISO 15408) (\u00een curs de certificare), imprimare securizat\u0103, fax securizat, scanare securiza<\/td>\n<\/tr>\n<tr>\n<td><\/td>\n<\/tr>\n<tr>\n<th class=\"label\" colspan=\"2\">Productivitate<\/th>\n<\/tr>\n<tr>\n<td class=\"data\" colspan=\"2\">Viteza: P\u00e2n\u0103 la 45 ppm A4\/31 ppm A3 \/ P\u00e2n\u0103 la 55 ppm A4\/31 ppm A3<\/td>\n<\/tr>\n<tr>\n<td><\/td>\n<\/tr>\n<tr>\n<th class=\"label\" colspan=\"2\">Alte optiuni<\/th>\n<\/tr>\n<tr>\n<td class=\"data\" colspan=\"2\">Volum lunar: P\u00e2n\u0103 la 175.000 pagini\/lun\u0103 \/\/ P\u00e2n\u0103 la 200.000 pagini\/lun\u0103<br \/>\nUnitate hard disc\/Procesor\/Memorie 250 GB\/1 GHz Dual-core\/2 GB<br \/>\nConectivitate 10\/100\/1000Base-T Ethernet, imprimare direct\u0103 la vitez\u0103 mare de pe USB 2.0, Wi-Fi op\u0163ional (cu adaptorul Xerox USB Wireless)<br \/>\nFunc\u0163iile controlerului Agend\u0103 cu adrese unificat\u0103, panou de comand\u0103 la distan\u0163\u0103, asisten\u0163\u0103 tehnic\u0103 online, clonarea configura\u0163iei<\/td>\n<\/tr>\n<tr>\n<td><\/td>\n<\/tr>\n<\/tbody>\n<\/table>\n<\/div>\n<p><strong>Acest echipament poate fi achizi\u0163ionat \u015fi \u00een rate. Pentru detalii<a href=\"https:\/\/www.roxer.ro\/contact\/\" target=\"_blank\" rel=\"noopener noreferrer\">\u00a0contacteaz\u0103-ne<\/a>.<\/strong><\/p>\n","protected":false},"excerpt":{"rendered":"<div class=\"box-collateral box-description\">\n<div class=\"focus_desc\">\n<p>Echipamentele Xerox WorkCentre 5945\/5955 v\u0103 ofer\u0103 posibilitatea s\u0103 fi\u0163i mai productiv.<\/p>\n<p>Echipamentele Xerox WorkCentre 5945\/5955 v\u0103 ofer\u0103 posibilitatea s\u0103 fi\u0163i mai productiv \u015fi s\u0103 lucra\u0163i a\u015fa cum dori\u0163i, \u00eembun\u0103t\u0103\u0163ind capacit\u0103\u0163ile zilnice \u015fi ajut\u00e2ndu-v\u0103 s\u0103 lucra\u0163i mai inteligent, cu o eficien\u0163\u0103 mai mare a costurilor \u015fi mai sigur \u2013 astfel v\u0103 pute\u0163i concentra pe ceea ce conteaz\u0103 cu adev\u0103rat \u00een afacerea dumneavoastr\u0103.<\/p>\n<\/div>\n<\/div>\n<p>&nbsp;<\/p>\n","protected":false},"featured_media":4595,"template":"","meta":[],"product_cat":[117,118],"product_tag":[],"yoast_head":"<!-- This site is optimized with the Yoast SEO plugin v20.3 - https:\/\/yoast.com\/wordpress\/plugins\/seo\/ -->\n<title>Xerox WorkCentre 5945i, Multifunctional A3 laser mono, 45ppm - Roxer Grup<\/title>\n<meta name=\"robots\" content=\"noindex, follow, max-snippet:-1, max-image-preview:large, max-video-preview:-1\" \/>\n<meta property=\"og:locale\" content=\"ro_RO\" \/>\n<meta property=\"og:type\" content=\"article\" \/>\n<meta property=\"og:title\" content=\"Xerox WorkCentre 5945i, Multifunctional A3 laser mono, 45ppm - Roxer Grup\" \/>\n<meta property=\"og:description\" content=\"Echipamentele Xerox WorkCentre 5945\/5955 v\u0103 ofer\u0103 posibilitatea s\u0103 fi\u0163i mai productiv.  Echipamentele Xerox WorkCentre 5945\/5955 v\u0103 ofer\u0103 posibilitatea s\u0103 fi\u0163i mai productiv \u015fi s\u0103 lucra\u0163i a\u015fa cum dori\u0163i, \u00eembun\u0103t\u0103\u0163ind capacit\u0103\u0163ile zilnice \u015fi ajut\u00e2ndu-v\u0103 s\u0103 lucra\u0163i mai inteligent, cu o eficien\u0163\u0103 mai mare a costurilor \u015fi mai sigur \u2013 astfel v\u0103 pute\u0163i concentra pe ceea ce conteaz\u0103 cu adev\u0103rat \u00een afacerea dumneavoastr\u0103.    &nbsp;\" \/>\n<meta property=\"og:url\" content=\"https:\/\/www.roxer.ro\/dev\/echipament\/xerox-workcentre-5945i-multifunctional-a3-laser-mono-45ppm\" \/>\n<meta property=\"og:site_name\" content=\"Roxer Grup\" \/>\n<meta property=\"article:modified_time\" content=\"2020-08-17T08:15:45+00:00\" \/>\n<meta property=\"og:image\" content=\"https:\/\/www.roxer.ro\/dev\/wp-content\/uploads\/2020\/08\/xerox_workcentre_5955_1.jpg\" \/>\n\t<meta property=\"og:image:width\" content=\"250\" \/>\n\t<meta property=\"og:image:height\" content=\"250\" \/>\n\t<meta property=\"og:image:type\" content=\"image\/jpeg\" \/>\n<meta name=\"twitter:card\" content=\"summary_large_image\" \/>\n<meta name=\"twitter:label1\" content=\"Timp estimat pentru citire\" \/>\n\t<meta name=\"twitter:data1\" content=\"2 minute\" \/>\n<script type=\"application\/ld+json\" class=\"yoast-schema-graph\">{\"@context\":\"https:\/\/schema.org\",\"@graph\":[{\"@type\":\"WebPage\",\"@id\":\"https:\/\/www.roxer.ro\/dev\/echipament\/xerox-workcentre-5945i-multifunctional-a3-laser-mono-45ppm\",\"url\":\"https:\/\/www.roxer.ro\/dev\/echipament\/xerox-workcentre-5945i-multifunctional-a3-laser-mono-45ppm\",\"name\":\"Xerox WorkCentre 5945i, Multifunctional A3 laser mono, 45ppm - Roxer Grup\",\"isPartOf\":{\"@id\":\"https:\/\/www.roxer.ro\/dev\/#website\"},\"datePublished\":\"2020-08-05T09:20:33+00:00\",\"dateModified\":\"2020-08-17T08:15:45+00:00\",\"breadcrumb\":{\"@id\":\"https:\/\/www.roxer.ro\/dev\/echipament\/xerox-workcentre-5945i-multifunctional-a3-laser-mono-45ppm#breadcrumb\"},\"inLanguage\":\"ro-RO\",\"potentialAction\":[{\"@type\":\"ReadAction\",\"target\":[\"https:\/\/www.roxer.ro\/dev\/echipament\/xerox-workcentre-5945i-multifunctional-a3-laser-mono-45ppm\"]}]},{\"@type\":\"BreadcrumbList\",\"@id\":\"https:\/\/www.roxer.ro\/dev\/echipament\/xerox-workcentre-5945i-multifunctional-a3-laser-mono-45ppm#breadcrumb\",\"itemListElement\":[{\"@type\":\"ListItem\",\"position\":1,\"name\":\"Prima pagin\u0103\",\"item\":\"https:\/\/www.roxer.ro\/dev\/\"},{\"@type\":\"ListItem\",\"position\":2,\"name\":\"Echipamente\",\"item\":\"https:\/\/www.roxer.ro\/dev\/echipamente\"},{\"@type\":\"ListItem\",\"position\":3,\"name\":\"Xerox WorkCentre 5945i, Multifunctional A3 laser mono, 45ppm\"}]},{\"@type\":\"WebSite\",\"@id\":\"https:\/\/www.roxer.ro\/dev\/#website\",\"url\":\"https:\/\/www.roxer.ro\/dev\/\",\"name\":\"Roxer Grup\",\"description\":\"Xerox Cluj Napoca, Distribuitor Xerox Cluj, distribuitor Xerox S\u0103laj, distribuitor Xerox Bihor, distribuitor Xerox Maramure\u015f, distribuitor Xerox Bistri\u0163a N\u0103s\u0103ud, distribuitor Xerox Satu Mare\",\"publisher\":{\"@id\":\"https:\/\/www.roxer.ro\/dev\/#organization\"},\"potentialAction\":[{\"@type\":\"SearchAction\",\"target\":{\"@type\":\"EntryPoint\",\"urlTemplate\":\"https:\/\/www.roxer.ro\/dev\/?s={search_term_string}\"},\"query-input\":\"required name=search_term_string\"}],\"inLanguage\":\"ro-RO\"},{\"@type\":\"Organization\",\"@id\":\"https:\/\/www.roxer.ro\/dev\/#organization\",\"name\":\"Roxer Grup\",\"url\":\"https:\/\/www.roxer.ro\/dev\/\",\"logo\":{\"@type\":\"ImageObject\",\"inLanguage\":\"ro-RO\",\"@id\":\"https:\/\/www.roxer.ro\/dev\/#\/schema\/logo\/image\/\",\"url\":\"https:\/\/www.roxer.ro\/dev\/wp-content\/uploads\/2023\/05\/logo-roxer-1-e1684141209248.png\",\"contentUrl\":\"https:\/\/www.roxer.ro\/dev\/wp-content\/uploads\/2023\/05\/logo-roxer-1-e1684141209248.png\",\"width\":160,\"height\":57,\"caption\":\"Roxer Grup\"},\"image\":{\"@id\":\"https:\/\/www.roxer.ro\/dev\/#\/schema\/logo\/image\/\"}}]}<\/script>\n<!-- \/ Yoast SEO plugin. -->","yoast_head_json":{"title":"Xerox WorkCentre 5945i, Multifunctional A3 laser mono, 45ppm - Roxer Grup","robots":{"index":"noindex","follow":"follow","max-snippet":"max-snippet:-1","max-image-preview":"max-image-preview:large","max-video-preview":"max-video-preview:-1"},"og_locale":"ro_RO","og_type":"article","og_title":"Xerox WorkCentre 5945i, Multifunctional A3 laser mono, 45ppm - Roxer Grup","og_description":"Echipamentele Xerox WorkCentre 5945\/5955 v\u0103 ofer\u0103 posibilitatea s\u0103 fi\u0163i mai productiv.  Echipamentele Xerox WorkCentre 5945\/5955 v\u0103 ofer\u0103 posibilitatea s\u0103 fi\u0163i mai productiv \u015fi s\u0103 lucra\u0163i a\u015fa cum dori\u0163i, \u00eembun\u0103t\u0103\u0163ind capacit\u0103\u0163ile zilnice \u015fi ajut\u00e2ndu-v\u0103 s\u0103 lucra\u0163i mai inteligent, cu o eficien\u0163\u0103 mai mare a costurilor \u015fi mai sigur \u2013 astfel v\u0103 pute\u0163i concentra pe ceea ce conteaz\u0103 cu adev\u0103rat \u00een afacerea dumneavoastr\u0103.    &nbsp;","og_url":"https:\/\/www.roxer.ro\/dev\/echipament\/xerox-workcentre-5945i-multifunctional-a3-laser-mono-45ppm","og_site_name":"Roxer Grup","article_modified_time":"2020-08-17T08:15:45+00:00","og_image":[{"width":250,"height":250,"url":"https:\/\/www.roxer.ro\/dev\/wp-content\/uploads\/2020\/08\/xerox_workcentre_5955_1.jpg","type":"image\/jpeg"}],"twitter_card":"summary_large_image","twitter_misc":{"Timp estimat pentru citire":"2 minute"},"schema":{"@context":"https:\/\/schema.org","@graph":[{"@type":"WebPage","@id":"https:\/\/www.roxer.ro\/dev\/echipament\/xerox-workcentre-5945i-multifunctional-a3-laser-mono-45ppm","url":"https:\/\/www.roxer.ro\/dev\/echipament\/xerox-workcentre-5945i-multifunctional-a3-laser-mono-45ppm","name":"Xerox WorkCentre 5945i, Multifunctional A3 laser mono, 45ppm - Roxer Grup","isPartOf":{"@id":"https:\/\/www.roxer.ro\/dev\/#website"},"datePublished":"2020-08-05T09:20:33+00:00","dateModified":"2020-08-17T08:15:45+00:00","breadcrumb":{"@id":"https:\/\/www.roxer.ro\/dev\/echipament\/xerox-workcentre-5945i-multifunctional-a3-laser-mono-45ppm#breadcrumb"},"inLanguage":"ro-RO","potentialAction":[{"@type":"ReadAction","target":["https:\/\/www.roxer.ro\/dev\/echipament\/xerox-workcentre-5945i-multifunctional-a3-laser-mono-45ppm"]}]},{"@type":"BreadcrumbList","@id":"https:\/\/www.roxer.ro\/dev\/echipament\/xerox-workcentre-5945i-multifunctional-a3-laser-mono-45ppm#breadcrumb","itemListElement":[{"@type":"ListItem","position":1,"name":"Prima pagin\u0103","item":"https:\/\/www.roxer.ro\/dev\/"},{"@type":"ListItem","position":2,"name":"Echipamente","item":"https:\/\/www.roxer.ro\/dev\/echipamente"},{"@type":"ListItem","position":3,"name":"Xerox WorkCentre 5945i, Multifunctional A3 laser mono, 45ppm"}]},{"@type":"WebSite","@id":"https:\/\/www.roxer.ro\/dev\/#website","url":"https:\/\/www.roxer.ro\/dev\/","name":"Roxer Grup","description":"Xerox Cluj Napoca, Distribuitor Xerox Cluj, distribuitor Xerox S\u0103laj, distribuitor Xerox Bihor, distribuitor Xerox Maramure\u015f, distribuitor Xerox Bistri\u0163a N\u0103s\u0103ud, distribuitor Xerox Satu Mare","publisher":{"@id":"https:\/\/www.roxer.ro\/dev\/#organization"},"potentialAction":[{"@type":"SearchAction","target":{"@type":"EntryPoint","urlTemplate":"https:\/\/www.roxer.ro\/dev\/?s={search_term_string}"},"query-input":"required name=search_term_string"}],"inLanguage":"ro-RO"},{"@type":"Organization","@id":"https:\/\/www.roxer.ro\/dev\/#organization","name":"Roxer Grup","url":"https:\/\/www.roxer.ro\/dev\/","logo":{"@type":"ImageObject","inLanguage":"ro-RO","@id":"https:\/\/www.roxer.ro\/dev\/#\/schema\/logo\/image\/","url":"https:\/\/www.roxer.ro\/dev\/wp-content\/uploads\/2023\/05\/logo-roxer-1-e1684141209248.png","contentUrl":"https:\/\/www.roxer.ro\/dev\/wp-content\/uploads\/2023\/05\/logo-roxer-1-e1684141209248.png","width":160,"height":57,"caption":"Roxer Grup"},"image":{"@id":"https:\/\/www.roxer.ro\/dev\/#\/schema\/logo\/image\/"}}]}},"_links":{"self":[{"href":"https:\/\/www.roxer.ro\/dev\/wp-json\/wp\/v2\/product\/4596"}],"collection":[{"href":"https:\/\/www.roxer.ro\/dev\/wp-json\/wp\/v2\/product"}],"about":[{"href":"https:\/\/www.roxer.ro\/dev\/wp-json\/wp\/v2\/types\/product"}],"wp:featuredmedia":[{"embeddable":true,"href":"https:\/\/www.roxer.ro\/dev\/wp-json\/wp\/v2\/media\/4595"}],"wp:attachment":[{"href":"https:\/\/www.roxer.ro\/dev\/wp-json\/wp\/v2\/media?parent=4596"}],"wp:term":[{"taxonomy":"product_cat","embeddable":true,"href":"https:\/\/www.roxer.ro\/dev\/wp-json\/wp\/v2\/product_cat?post=4596"},{"taxonomy":"product_tag","embeddable":true,"href":"https:\/\/www.roxer.ro\/dev\/wp-json\/wp\/v2\/product_tag?post=4596"}],"curies":[{"name":"wp","href":"https:\/\/api.w.org\/{rel}","templated":true}]}}