{"id":4605,"date":"2020-08-05T09:33:05","date_gmt":"2020-08-05T09:33:05","guid":{"rendered":"https:\/\/firstdesign.ro\/roxer\/?post_type=product&#038;p=4605"},"modified":"2020-11-21T19:04:40","modified_gmt":"2020-11-21T19:04:40","slug":"xerox-phaser-5550dt-imprimanta-a3-laser-mono-retea-duplex-kit-tavi-alimentare","status":"publish","type":"product","link":"https:\/\/www.roxer.ro\/dev\/echipament\/xerox-phaser-5550dt-imprimanta-a3-laser-mono-retea-duplex-kit-tavi-alimentare","title":{"rendered":"Xerox Phaser 5550DT, Imprimanta A3 laser mono, retea, duplex, kit tavi alimentare"},"content":{"rendered":"<div class=\"box-collateral box-additional\">\n<table id=\"product-attribute-specs-table\" class=\"data-table\">\n<colgroup>\n<col width=\"25%\" \/>\n<col \/><\/colgroup>\n<tbody>\n<tr>\n<th class=\"label\" colspan=\"2\">Performanta<\/th>\n<\/tr>\n<tr>\n<td class=\"data\" colspan=\"2\">Rezolutie: 1200 x 1200 dpi<br \/>\nDuplex<\/td>\n<\/tr>\n<tr>\n<td><\/td>\n<\/tr>\n<tr>\n<th class=\"label\" colspan=\"2\">Imprimarea primei pagini<\/th>\n<\/tr>\n<tr>\n<td class=\"data\" colspan=\"2\">6.5 secunde<\/td>\n<\/tr>\n<tr>\n<td><\/td>\n<\/tr>\n<tr>\n<th class=\"label\" colspan=\"2\">Memorie standard\/maxim<\/th>\n<\/tr>\n<tr>\n<td class=\"data\" colspan=\"2\">256 MB\/1 GB<\/td>\n<\/tr>\n<tr>\n<td><\/td>\n<\/tr>\n<tr>\n<th class=\"label\" colspan=\"2\">Procesor<\/th>\n<\/tr>\n<tr>\n<td class=\"data\" colspan=\"2\">500 MHz<\/td>\n<\/tr>\n<tr>\n<td><\/td>\n<\/tr>\n<tr>\n<th class=\"label\" colspan=\"2\">Volum lunar maxim<\/th>\n<\/tr>\n<tr>\n<td class=\"data\" colspan=\"2\">300,000 pagini<\/td>\n<\/tr>\n<tr>\n<td><\/td>\n<\/tr>\n<tr>\n<th class=\"label\" colspan=\"2\">Conectivitate<\/th>\n<\/tr>\n<tr>\n<td class=\"data\" colspan=\"2\">Interfa\u0163\u0103: USB 2.0, interfa\u0163\u0103 paralel\u0103, 10\/100Base-TX Ethernet<br \/>\nLimbaj de imprimare: PostScript 3, PCL 5e, PCL 6<\/td>\n<\/tr>\n<tr>\n<td><\/td>\n<\/tr>\n<tr>\n<th class=\"label\" colspan=\"2\">Interfa\u0163\u0103<\/th>\n<\/tr>\n<tr>\n<td class=\"data\" colspan=\"2\">10\/100\/1000 Base-T Ethernet, Paralel, USB 2.0<\/td>\n<\/tr>\n<tr>\n<td><\/td>\n<\/tr>\n<tr>\n<th class=\"label\" colspan=\"2\">Hartie<\/th>\n<\/tr>\n<tr>\n<td class=\"data\" colspan=\"2\">M\u0103rimi acceptate: A3, A4, A5, A6, B5, JIS, ISO B5, US letter, legal, statement, executive, folio, carduri, m\u0103rimi personalizate<br \/>\nDisp. alimentare 1000coli (2,100 colicapacitate total\u0103)<br \/>\nTava 1 (MPT): 100 coli; Dimensiuni personalizate: 89 x 98 mm \u2013 297 x 432 mm<br \/>\nTava 2: 500 coli; Dimensiuni personalizate: 140 x 182 mm \u2013 297 x 432 mm<br \/>\nTava 3: 500 coli; Dimensiuni personalizate: 140 x 182 mm \u2013 297 x 432 mm<br \/>\nImprimare automata fata-verso: Standard<\/td>\n<\/tr>\n<tr>\n<td><\/td>\n<\/tr>\n<tr>\n<th class=\"label\" colspan=\"2\">Productivitate<\/th>\n<\/tr>\n<tr>\n<td class=\"data\" colspan=\"2\">Nivel zgomot (dB):54<br \/>\nPutere consumata (W):900<br \/>\nGreutate (kg):44.1<br \/>\nDimensiune (mm):640 x 525 x 498<br \/>\nImprimare la distan\u0163\u0103, contorizarea lucr\u0103rilor<\/td>\n<\/tr>\n<\/tbody>\n<\/table>\n<\/div>\n<p><strong>Acest echipament poate fi achizi\u0163ionat \u015fi \u00een rate. Pentru detalii<a href=\"https:\/\/www.roxer.ro\/contact\/\" target=\"_blank\" rel=\"noopener noreferrer\">\u00a0contacteaz\u0103-ne<\/a>.<\/strong><\/p>\n","protected":false},"excerpt":{"rendered":"<div class=\"box-collateral box-description\">\n<div class=\"focus_desc\">\n<p>3-Tavi, capacitate 1,100 coli, 10\/100\/1000 Ethernet, Imprimare automata fata-verso, disp. alimentare 1000coli (2,100 coli capacitate total\u0103)<\/p>\n<p>Fiabil\u0103 \u015fi performant\u0103, aceast\u0103 imprimant\u0103 are costuri reduse de exploatare, este extrem de simplu de utilizat \u015fi este echipat\u0103 cu cele mai noi protocoale de securitate.<\/p>\n<\/div>\n<\/div>\n<p><strong>Aceast\u0103 imprimant\u0103 nu mai face parte din oferta actual\u0103 de produse.<\/strong><\/p>\n","protected":false},"featured_media":4606,"template":"","meta":[],"product_cat":[15,109],"product_tag":[],"yoast_head":"<!-- This site is optimized with the Yoast SEO plugin v20.3 - https:\/\/yoast.com\/wordpress\/plugins\/seo\/ -->\n<title>Xerox Phaser 5550DT, Imprimanta A3 laser mono, retea, duplex, kit tavi alimentare - Roxer Grup<\/title>\n<meta name=\"robots\" content=\"noindex, follow, max-snippet:-1, max-image-preview:large, max-video-preview:-1\" \/>\n<meta property=\"og:locale\" content=\"ro_RO\" \/>\n<meta property=\"og:type\" content=\"article\" \/>\n<meta property=\"og:title\" content=\"Xerox Phaser 5550DT, Imprimanta A3 laser mono, retea, duplex, kit tavi alimentare - Roxer Grup\" \/>\n<meta property=\"og:description\" content=\"3-Tavi, capacitate 1,100 coli, 10\/100\/1000 Ethernet, Imprimare automata fata-verso, disp. alimentare 1000coli (2,100 coli capacitate total\u0103)  Fiabil\u0103 \u015fi performant\u0103, aceast\u0103 imprimant\u0103 are costuri reduse de exploatare, este extrem de simplu de utilizat \u015fi este echipat\u0103 cu cele mai noi protocoale de securitate.    Aceast\u0103 imprimant\u0103 nu mai face parte din oferta actual\u0103 de produse.\" \/>\n<meta property=\"og:url\" content=\"https:\/\/www.roxer.ro\/dev\/echipament\/xerox-phaser-5550dt-imprimanta-a3-laser-mono-retea-duplex-kit-tavi-alimentare\" \/>\n<meta property=\"og:site_name\" content=\"Roxer Grup\" \/>\n<meta property=\"article:modified_time\" content=\"2020-11-21T19:04:40+00:00\" \/>\n<meta property=\"og:image\" content=\"https:\/\/www.roxer.ro\/dev\/wp-content\/uploads\/2020\/08\/Xerox-Phaser-5550DT.png\" \/>\n\t<meta property=\"og:image:width\" content=\"250\" \/>\n\t<meta property=\"og:image:height\" content=\"250\" \/>\n\t<meta property=\"og:image:type\" content=\"image\/png\" \/>\n<meta name=\"twitter:card\" content=\"summary_large_image\" \/>\n<meta name=\"twitter:label1\" content=\"Timp estimat pentru citire\" \/>\n\t<meta name=\"twitter:data1\" content=\"1 minut\" \/>\n<script type=\"application\/ld+json\" class=\"yoast-schema-graph\">{\"@context\":\"https:\/\/schema.org\",\"@graph\":[{\"@type\":\"WebPage\",\"@id\":\"https:\/\/www.roxer.ro\/dev\/echipament\/xerox-phaser-5550dt-imprimanta-a3-laser-mono-retea-duplex-kit-tavi-alimentare\",\"url\":\"https:\/\/www.roxer.ro\/dev\/echipament\/xerox-phaser-5550dt-imprimanta-a3-laser-mono-retea-duplex-kit-tavi-alimentare\",\"name\":\"Xerox Phaser 5550DT, Imprimanta A3 laser mono, retea, duplex, kit tavi alimentare - Roxer Grup\",\"isPartOf\":{\"@id\":\"https:\/\/www.roxer.ro\/dev\/#website\"},\"datePublished\":\"2020-08-05T09:33:05+00:00\",\"dateModified\":\"2020-11-21T19:04:40+00:00\",\"breadcrumb\":{\"@id\":\"https:\/\/www.roxer.ro\/dev\/echipament\/xerox-phaser-5550dt-imprimanta-a3-laser-mono-retea-duplex-kit-tavi-alimentare#breadcrumb\"},\"inLanguage\":\"ro-RO\",\"potentialAction\":[{\"@type\":\"ReadAction\",\"target\":[\"https:\/\/www.roxer.ro\/dev\/echipament\/xerox-phaser-5550dt-imprimanta-a3-laser-mono-retea-duplex-kit-tavi-alimentare\"]}]},{\"@type\":\"BreadcrumbList\",\"@id\":\"https:\/\/www.roxer.ro\/dev\/echipament\/xerox-phaser-5550dt-imprimanta-a3-laser-mono-retea-duplex-kit-tavi-alimentare#breadcrumb\",\"itemListElement\":[{\"@type\":\"ListItem\",\"position\":1,\"name\":\"Prima pagin\u0103\",\"item\":\"https:\/\/www.roxer.ro\/dev\/\"},{\"@type\":\"ListItem\",\"position\":2,\"name\":\"Echipamente\",\"item\":\"https:\/\/www.roxer.ro\/dev\/echipamente\"},{\"@type\":\"ListItem\",\"position\":3,\"name\":\"Xerox Phaser 5550DT, Imprimanta A3 laser mono, retea, duplex, kit tavi alimentare\"}]},{\"@type\":\"WebSite\",\"@id\":\"https:\/\/www.roxer.ro\/dev\/#website\",\"url\":\"https:\/\/www.roxer.ro\/dev\/\",\"name\":\"Roxer Grup\",\"description\":\"Xerox Cluj Napoca, Distribuitor Xerox Cluj, distribuitor Xerox S\u0103laj, distribuitor Xerox Bihor, distribuitor Xerox Maramure\u015f, distribuitor Xerox Bistri\u0163a N\u0103s\u0103ud, distribuitor Xerox Satu Mare\",\"publisher\":{\"@id\":\"https:\/\/www.roxer.ro\/dev\/#organization\"},\"potentialAction\":[{\"@type\":\"SearchAction\",\"target\":{\"@type\":\"EntryPoint\",\"urlTemplate\":\"https:\/\/www.roxer.ro\/dev\/?s={search_term_string}\"},\"query-input\":\"required name=search_term_string\"}],\"inLanguage\":\"ro-RO\"},{\"@type\":\"Organization\",\"@id\":\"https:\/\/www.roxer.ro\/dev\/#organization\",\"name\":\"Roxer Grup\",\"url\":\"https:\/\/www.roxer.ro\/dev\/\",\"logo\":{\"@type\":\"ImageObject\",\"inLanguage\":\"ro-RO\",\"@id\":\"https:\/\/www.roxer.ro\/dev\/#\/schema\/logo\/image\/\",\"url\":\"https:\/\/www.roxer.ro\/dev\/wp-content\/uploads\/2023\/05\/logo-roxer-1-e1684141209248.png\",\"contentUrl\":\"https:\/\/www.roxer.ro\/dev\/wp-content\/uploads\/2023\/05\/logo-roxer-1-e1684141209248.png\",\"width\":160,\"height\":57,\"caption\":\"Roxer Grup\"},\"image\":{\"@id\":\"https:\/\/www.roxer.ro\/dev\/#\/schema\/logo\/image\/\"}}]}<\/script>\n<!-- \/ Yoast SEO plugin. -->","yoast_head_json":{"title":"Xerox Phaser 5550DT, Imprimanta A3 laser mono, retea, duplex, kit tavi alimentare - Roxer Grup","robots":{"index":"noindex","follow":"follow","max-snippet":"max-snippet:-1","max-image-preview":"max-image-preview:large","max-video-preview":"max-video-preview:-1"},"og_locale":"ro_RO","og_type":"article","og_title":"Xerox Phaser 5550DT, Imprimanta A3 laser mono, retea, duplex, kit tavi alimentare - Roxer Grup","og_description":"3-Tavi, capacitate 1,100 coli, 10\/100\/1000 Ethernet, Imprimare automata fata-verso, disp. alimentare 1000coli (2,100 coli capacitate total\u0103)  Fiabil\u0103 \u015fi performant\u0103, aceast\u0103 imprimant\u0103 are costuri reduse de exploatare, este extrem de simplu de utilizat \u015fi este echipat\u0103 cu cele mai noi protocoale de securitate.    Aceast\u0103 imprimant\u0103 nu mai face parte din oferta actual\u0103 de produse.","og_url":"https:\/\/www.roxer.ro\/dev\/echipament\/xerox-phaser-5550dt-imprimanta-a3-laser-mono-retea-duplex-kit-tavi-alimentare","og_site_name":"Roxer Grup","article_modified_time":"2020-11-21T19:04:40+00:00","og_image":[{"width":250,"height":250,"url":"https:\/\/www.roxer.ro\/dev\/wp-content\/uploads\/2020\/08\/Xerox-Phaser-5550DT.png","type":"image\/png"}],"twitter_card":"summary_large_image","twitter_misc":{"Timp estimat pentru citire":"1 minut"},"schema":{"@context":"https:\/\/schema.org","@graph":[{"@type":"WebPage","@id":"https:\/\/www.roxer.ro\/dev\/echipament\/xerox-phaser-5550dt-imprimanta-a3-laser-mono-retea-duplex-kit-tavi-alimentare","url":"https:\/\/www.roxer.ro\/dev\/echipament\/xerox-phaser-5550dt-imprimanta-a3-laser-mono-retea-duplex-kit-tavi-alimentare","name":"Xerox Phaser 5550DT, Imprimanta A3 laser mono, retea, duplex, kit tavi alimentare - Roxer Grup","isPartOf":{"@id":"https:\/\/www.roxer.ro\/dev\/#website"},"datePublished":"2020-08-05T09:33:05+00:00","dateModified":"2020-11-21T19:04:40+00:00","breadcrumb":{"@id":"https:\/\/www.roxer.ro\/dev\/echipament\/xerox-phaser-5550dt-imprimanta-a3-laser-mono-retea-duplex-kit-tavi-alimentare#breadcrumb"},"inLanguage":"ro-RO","potentialAction":[{"@type":"ReadAction","target":["https:\/\/www.roxer.ro\/dev\/echipament\/xerox-phaser-5550dt-imprimanta-a3-laser-mono-retea-duplex-kit-tavi-alimentare"]}]},{"@type":"BreadcrumbList","@id":"https:\/\/www.roxer.ro\/dev\/echipament\/xerox-phaser-5550dt-imprimanta-a3-laser-mono-retea-duplex-kit-tavi-alimentare#breadcrumb","itemListElement":[{"@type":"ListItem","position":1,"name":"Prima pagin\u0103","item":"https:\/\/www.roxer.ro\/dev\/"},{"@type":"ListItem","position":2,"name":"Echipamente","item":"https:\/\/www.roxer.ro\/dev\/echipamente"},{"@type":"ListItem","position":3,"name":"Xerox Phaser 5550DT, Imprimanta A3 laser mono, retea, duplex, kit tavi alimentare"}]},{"@type":"WebSite","@id":"https:\/\/www.roxer.ro\/dev\/#website","url":"https:\/\/www.roxer.ro\/dev\/","name":"Roxer Grup","description":"Xerox Cluj Napoca, Distribuitor Xerox Cluj, distribuitor Xerox S\u0103laj, distribuitor Xerox Bihor, distribuitor Xerox Maramure\u015f, distribuitor Xerox Bistri\u0163a N\u0103s\u0103ud, distribuitor Xerox Satu Mare","publisher":{"@id":"https:\/\/www.roxer.ro\/dev\/#organization"},"potentialAction":[{"@type":"SearchAction","target":{"@type":"EntryPoint","urlTemplate":"https:\/\/www.roxer.ro\/dev\/?s={search_term_string}"},"query-input":"required name=search_term_string"}],"inLanguage":"ro-RO"},{"@type":"Organization","@id":"https:\/\/www.roxer.ro\/dev\/#organization","name":"Roxer Grup","url":"https:\/\/www.roxer.ro\/dev\/","logo":{"@type":"ImageObject","inLanguage":"ro-RO","@id":"https:\/\/www.roxer.ro\/dev\/#\/schema\/logo\/image\/","url":"https:\/\/www.roxer.ro\/dev\/wp-content\/uploads\/2023\/05\/logo-roxer-1-e1684141209248.png","contentUrl":"https:\/\/www.roxer.ro\/dev\/wp-content\/uploads\/2023\/05\/logo-roxer-1-e1684141209248.png","width":160,"height":57,"caption":"Roxer Grup"},"image":{"@id":"https:\/\/www.roxer.ro\/dev\/#\/schema\/logo\/image\/"}}]}},"_links":{"self":[{"href":"https:\/\/www.roxer.ro\/dev\/wp-json\/wp\/v2\/product\/4605"}],"collection":[{"href":"https:\/\/www.roxer.ro\/dev\/wp-json\/wp\/v2\/product"}],"about":[{"href":"https:\/\/www.roxer.ro\/dev\/wp-json\/wp\/v2\/types\/product"}],"wp:featuredmedia":[{"embeddable":true,"href":"https:\/\/www.roxer.ro\/dev\/wp-json\/wp\/v2\/media\/4606"}],"wp:attachment":[{"href":"https:\/\/www.roxer.ro\/dev\/wp-json\/wp\/v2\/media?parent=4605"}],"wp:term":[{"taxonomy":"product_cat","embeddable":true,"href":"https:\/\/www.roxer.ro\/dev\/wp-json\/wp\/v2\/product_cat?post=4605"},{"taxonomy":"product_tag","embeddable":true,"href":"https:\/\/www.roxer.ro\/dev\/wp-json\/wp\/v2\/product_tag?post=4605"}],"curies":[{"name":"wp","href":"https:\/\/api.w.org\/{rel}","templated":true}]}}