{"id":4617,"date":"2020-08-05T09:41:22","date_gmt":"2020-08-05T09:41:22","guid":{"rendered":"https:\/\/firstdesign.ro\/roxer\/?post_type=product&#038;p=4617"},"modified":"2020-11-21T19:10:20","modified_gmt":"2020-11-21T19:10:20","slug":"xerox-phaser-4622dn-imprimanta-a4-laser-alb-negru","status":"publish","type":"product","link":"https:\/\/www.roxer.ro\/dev\/echipament\/xerox-phaser-4622dn-imprimanta-a4-laser-alb-negru","title":{"rendered":"Xerox Phaser 4622DN, Imprimanta A4 laser alb-negru"},"content":{"rendered":"<div class=\"box-collateral box-description\">\n<div class=\"focus_desc\">\n<p>&nbsp;<\/p>\n<\/div>\n<\/div>\n<div class=\"box-collateral box-additional\">\n<table id=\"product-attribute-specs-table\" class=\"data-table\">\n<colgroup>\n<col width=\"25%\" \/>\n<col \/><\/colgroup>\n<tbody>\n<tr>\n<th class=\"label\" colspan=\"2\">Performanta<\/th>\n<\/tr>\n<tr>\n<td class=\"data\" colspan=\"2\">Rezolu\u0163ie maxim\u0103: 1200 dpi<\/td>\n<\/tr>\n<tr>\n<td><\/td>\n<\/tr>\n<tr>\n<th class=\"label\" colspan=\"2\">Calitatea imprimarii<\/th>\n<\/tr>\n<tr>\n<td class=\"data\" colspan=\"2\">Rezolu\u0163ie maxim\u0103: 1200 dpi<\/td>\n<\/tr>\n<tr>\n<td><\/td>\n<\/tr>\n<tr>\n<th class=\"label\" colspan=\"2\">Imprimarea primei pagini<\/th>\n<\/tr>\n<tr>\n<td class=\"data\" colspan=\"2\">Vitez\u0103 de imprimare: 62 ppm<br \/>\nImprimarea primei pagini: 7.8 secunde<\/td>\n<\/tr>\n<tr>\n<td><\/td>\n<\/tr>\n<tr>\n<th class=\"label\" colspan=\"2\">Memorie standard\/maxim<\/th>\n<\/tr>\n<tr>\n<td class=\"data\" colspan=\"2\">256 MB\/768 MB<\/td>\n<\/tr>\n<tr>\n<td><\/td>\n<\/tr>\n<tr>\n<th class=\"label\" colspan=\"2\">Procesor<\/th>\n<\/tr>\n<tr>\n<td class=\"data\" colspan=\"2\">600 MHz<\/td>\n<\/tr>\n<tr>\n<td><\/td>\n<\/tr>\n<tr>\n<th class=\"label\" colspan=\"2\">Volum lunar maxim<\/th>\n<\/tr>\n<tr>\n<td class=\"data\" colspan=\"2\">275.000 pagini pe lun\u0103<\/td>\n<\/tr>\n<tr>\n<td><\/td>\n<\/tr>\n<tr>\n<th class=\"label\" colspan=\"2\">Interfa\u0163\u0103<\/th>\n<\/tr>\n<tr>\n<td class=\"data\" colspan=\"2\">Interfa\u0163\u0103: 10\/100\/1000Base-T Ethernet, USB 2.0, wireless op\u0163ional 802.11n cu WPA 2 Enterprise. Limbaj de imprimare: PCL\u00ae 6, PCL 5e, emulare PostScript 3, PDF, Epson<\/td>\n<\/tr>\n<tr>\n<td><\/td>\n<\/tr>\n<tr>\n<th class=\"label\" colspan=\"2\">Hartie<\/th>\n<\/tr>\n<tr>\n<td class=\"data\" colspan=\"2\">M\u0103rimi acceptate: A4, A5, A6, B5, JIS, ISO B5, US letter, legal, statement, executive, folio, carduri, m\u0103rimi personalizate<br \/>\nCapacitate h\u00e2rtie (Std\/Max): 650\/3750 coli<br \/>\nTipuri de h\u00e2rtie: greutate maxim 60-220 gsm, plicuri, transparente, carduri, etichete, reciclata<\/td>\n<\/tr>\n<tr>\n<td><\/td>\n<\/tr>\n<tr>\n<th class=\"label\" colspan=\"2\">Productivitate<\/th>\n<\/tr>\n<tr>\n<td class=\"data\" colspan=\"2\">Caracteristici \u015fi op\u0163iuni: Imprimare mobila Apple AirPrint\u2122, Xerox\u00ae PrintBack<br \/>\nManagementul imprimantei: Xerox\u00ae CentreWare\u00ae Internet Services, CentreWare Web, Xerox\u00ae Device Manager, WebJet Admin Interface, Tivoli, Bonjour, alert\u0103 e-mail pentru nivel sc\u0103zut de toner<\/td>\n<\/tr>\n<\/tbody>\n<\/table>\n<\/div>\n<p><strong>Acest echipament poate fi achizi\u0163ionat \u015fi \u00een rate. Pentru detalii<a href=\"https:\/\/www.roxer.ro\/contact\/\" target=\"_blank\" rel=\"noopener noreferrer\">\u00a0contacteaz\u0103-ne<\/a>.<\/strong><\/p>\n","protected":false},"excerpt":{"rendered":"<div class=\"box-collateral box-description\">\n<div class=\"focus_desc\">\n<p>Phaser 4622 r\u0103spunde cererii de productivitate, oferind, la un pre\u0163 atractiv, performan\u0163\u0103 fiabil\u0103 \u015fi durabil\u0103 \u2013 pagin\u0103 cu pagin\u0103, an dup\u0103 an<\/p>\n<\/div>\n<\/div>\n<p>Imprima\u021bi \u0219i mai mult \u00eentr-un timp \u0219i mai scurt, la o claritate excep\u021bional\u0103 \u0219i beneficiind de cele mai puternice op\u021biuni \u00een materie de securitate.<\/p>\n<p><strong>Aceast\u0103 imprimant\u0103 nu mai face parte din oferta actual\u0103 de produse.<\/strong><\/p>\n","protected":false},"featured_media":4618,"template":"","meta":[],"product_cat":[15,109],"product_tag":[],"yoast_head":"<!-- This site is optimized with the Yoast SEO plugin v20.3 - https:\/\/yoast.com\/wordpress\/plugins\/seo\/ -->\n<title>Xerox Phaser 4622DN, Imprimanta A4 laser alb-negru - Roxer Grup<\/title>\n<meta name=\"robots\" content=\"noindex, follow, max-snippet:-1, max-image-preview:large, max-video-preview:-1\" \/>\n<meta property=\"og:locale\" content=\"ro_RO\" \/>\n<meta property=\"og:type\" content=\"article\" \/>\n<meta property=\"og:title\" content=\"Xerox Phaser 4622DN, Imprimanta A4 laser alb-negru - Roxer Grup\" \/>\n<meta property=\"og:description\" content=\"Phaser 4622 r\u0103spunde cererii de productivitate, oferind, la un pre\u0163 atractiv, performan\u0163\u0103 fiabil\u0103 \u015fi durabil\u0103 \u2013 pagin\u0103 cu pagin\u0103, an dup\u0103 an    Imprima\u021bi \u0219i mai mult \u00eentr-un timp \u0219i mai scurt, la o claritate excep\u021bional\u0103 \u0219i beneficiind de cele mai puternice op\u021biuni \u00een materie de securitate.  Aceast\u0103 imprimant\u0103 nu mai face parte din oferta actual\u0103 de produse.\" \/>\n<meta property=\"og:url\" content=\"https:\/\/www.roxer.ro\/dev\/echipament\/xerox-phaser-4622dn-imprimanta-a4-laser-alb-negru\" \/>\n<meta property=\"og:site_name\" content=\"Roxer Grup\" \/>\n<meta property=\"article:modified_time\" content=\"2020-11-21T19:10:20+00:00\" \/>\n<meta property=\"og:image\" content=\"https:\/\/www.roxer.ro\/dev\/wp-content\/uploads\/2020\/08\/Xerox-Phaser-4622DN.jpg\" \/>\n\t<meta property=\"og:image:width\" content=\"250\" \/>\n\t<meta property=\"og:image:height\" content=\"250\" \/>\n\t<meta property=\"og:image:type\" content=\"image\/jpeg\" \/>\n<meta name=\"twitter:card\" content=\"summary_large_image\" \/>\n<meta name=\"twitter:label1\" content=\"Timp estimat pentru citire\" \/>\n\t<meta name=\"twitter:data1\" content=\"1 minut\" \/>\n<script type=\"application\/ld+json\" class=\"yoast-schema-graph\">{\"@context\":\"https:\/\/schema.org\",\"@graph\":[{\"@type\":\"WebPage\",\"@id\":\"https:\/\/www.roxer.ro\/dev\/echipament\/xerox-phaser-4622dn-imprimanta-a4-laser-alb-negru\",\"url\":\"https:\/\/www.roxer.ro\/dev\/echipament\/xerox-phaser-4622dn-imprimanta-a4-laser-alb-negru\",\"name\":\"Xerox Phaser 4622DN, Imprimanta A4 laser alb-negru - Roxer Grup\",\"isPartOf\":{\"@id\":\"https:\/\/www.roxer.ro\/dev\/#website\"},\"datePublished\":\"2020-08-05T09:41:22+00:00\",\"dateModified\":\"2020-11-21T19:10:20+00:00\",\"breadcrumb\":{\"@id\":\"https:\/\/www.roxer.ro\/dev\/echipament\/xerox-phaser-4622dn-imprimanta-a4-laser-alb-negru#breadcrumb\"},\"inLanguage\":\"ro-RO\",\"potentialAction\":[{\"@type\":\"ReadAction\",\"target\":[\"https:\/\/www.roxer.ro\/dev\/echipament\/xerox-phaser-4622dn-imprimanta-a4-laser-alb-negru\"]}]},{\"@type\":\"BreadcrumbList\",\"@id\":\"https:\/\/www.roxer.ro\/dev\/echipament\/xerox-phaser-4622dn-imprimanta-a4-laser-alb-negru#breadcrumb\",\"itemListElement\":[{\"@type\":\"ListItem\",\"position\":1,\"name\":\"Prima pagin\u0103\",\"item\":\"https:\/\/www.roxer.ro\/dev\/\"},{\"@type\":\"ListItem\",\"position\":2,\"name\":\"Echipamente\",\"item\":\"https:\/\/www.roxer.ro\/dev\/echipamente\"},{\"@type\":\"ListItem\",\"position\":3,\"name\":\"Xerox Phaser 4622DN, Imprimanta A4 laser alb-negru\"}]},{\"@type\":\"WebSite\",\"@id\":\"https:\/\/www.roxer.ro\/dev\/#website\",\"url\":\"https:\/\/www.roxer.ro\/dev\/\",\"name\":\"Roxer Grup\",\"description\":\"Xerox Cluj Napoca, Distribuitor Xerox Cluj, distribuitor Xerox S\u0103laj, distribuitor Xerox Bihor, distribuitor Xerox Maramure\u015f, distribuitor Xerox Bistri\u0163a N\u0103s\u0103ud, distribuitor Xerox Satu Mare\",\"publisher\":{\"@id\":\"https:\/\/www.roxer.ro\/dev\/#organization\"},\"potentialAction\":[{\"@type\":\"SearchAction\",\"target\":{\"@type\":\"EntryPoint\",\"urlTemplate\":\"https:\/\/www.roxer.ro\/dev\/?s={search_term_string}\"},\"query-input\":\"required name=search_term_string\"}],\"inLanguage\":\"ro-RO\"},{\"@type\":\"Organization\",\"@id\":\"https:\/\/www.roxer.ro\/dev\/#organization\",\"name\":\"Roxer Grup\",\"url\":\"https:\/\/www.roxer.ro\/dev\/\",\"logo\":{\"@type\":\"ImageObject\",\"inLanguage\":\"ro-RO\",\"@id\":\"https:\/\/www.roxer.ro\/dev\/#\/schema\/logo\/image\/\",\"url\":\"https:\/\/www.roxer.ro\/dev\/wp-content\/uploads\/2023\/05\/logo-roxer-1-e1684141209248.png\",\"contentUrl\":\"https:\/\/www.roxer.ro\/dev\/wp-content\/uploads\/2023\/05\/logo-roxer-1-e1684141209248.png\",\"width\":160,\"height\":57,\"caption\":\"Roxer Grup\"},\"image\":{\"@id\":\"https:\/\/www.roxer.ro\/dev\/#\/schema\/logo\/image\/\"}}]}<\/script>\n<!-- \/ Yoast SEO plugin. -->","yoast_head_json":{"title":"Xerox Phaser 4622DN, Imprimanta A4 laser alb-negru - Roxer Grup","robots":{"index":"noindex","follow":"follow","max-snippet":"max-snippet:-1","max-image-preview":"max-image-preview:large","max-video-preview":"max-video-preview:-1"},"og_locale":"ro_RO","og_type":"article","og_title":"Xerox Phaser 4622DN, Imprimanta A4 laser alb-negru - Roxer Grup","og_description":"Phaser 4622 r\u0103spunde cererii de productivitate, oferind, la un pre\u0163 atractiv, performan\u0163\u0103 fiabil\u0103 \u015fi durabil\u0103 \u2013 pagin\u0103 cu pagin\u0103, an dup\u0103 an    Imprima\u021bi \u0219i mai mult \u00eentr-un timp \u0219i mai scurt, la o claritate excep\u021bional\u0103 \u0219i beneficiind de cele mai puternice op\u021biuni \u00een materie de securitate.  Aceast\u0103 imprimant\u0103 nu mai face parte din oferta actual\u0103 de produse.","og_url":"https:\/\/www.roxer.ro\/dev\/echipament\/xerox-phaser-4622dn-imprimanta-a4-laser-alb-negru","og_site_name":"Roxer Grup","article_modified_time":"2020-11-21T19:10:20+00:00","og_image":[{"width":250,"height":250,"url":"https:\/\/www.roxer.ro\/dev\/wp-content\/uploads\/2020\/08\/Xerox-Phaser-4622DN.jpg","type":"image\/jpeg"}],"twitter_card":"summary_large_image","twitter_misc":{"Timp estimat pentru citire":"1 minut"},"schema":{"@context":"https:\/\/schema.org","@graph":[{"@type":"WebPage","@id":"https:\/\/www.roxer.ro\/dev\/echipament\/xerox-phaser-4622dn-imprimanta-a4-laser-alb-negru","url":"https:\/\/www.roxer.ro\/dev\/echipament\/xerox-phaser-4622dn-imprimanta-a4-laser-alb-negru","name":"Xerox Phaser 4622DN, Imprimanta A4 laser alb-negru - Roxer Grup","isPartOf":{"@id":"https:\/\/www.roxer.ro\/dev\/#website"},"datePublished":"2020-08-05T09:41:22+00:00","dateModified":"2020-11-21T19:10:20+00:00","breadcrumb":{"@id":"https:\/\/www.roxer.ro\/dev\/echipament\/xerox-phaser-4622dn-imprimanta-a4-laser-alb-negru#breadcrumb"},"inLanguage":"ro-RO","potentialAction":[{"@type":"ReadAction","target":["https:\/\/www.roxer.ro\/dev\/echipament\/xerox-phaser-4622dn-imprimanta-a4-laser-alb-negru"]}]},{"@type":"BreadcrumbList","@id":"https:\/\/www.roxer.ro\/dev\/echipament\/xerox-phaser-4622dn-imprimanta-a4-laser-alb-negru#breadcrumb","itemListElement":[{"@type":"ListItem","position":1,"name":"Prima pagin\u0103","item":"https:\/\/www.roxer.ro\/dev\/"},{"@type":"ListItem","position":2,"name":"Echipamente","item":"https:\/\/www.roxer.ro\/dev\/echipamente"},{"@type":"ListItem","position":3,"name":"Xerox Phaser 4622DN, Imprimanta A4 laser alb-negru"}]},{"@type":"WebSite","@id":"https:\/\/www.roxer.ro\/dev\/#website","url":"https:\/\/www.roxer.ro\/dev\/","name":"Roxer Grup","description":"Xerox Cluj Napoca, Distribuitor Xerox Cluj, distribuitor Xerox S\u0103laj, distribuitor Xerox Bihor, distribuitor Xerox Maramure\u015f, distribuitor Xerox Bistri\u0163a N\u0103s\u0103ud, distribuitor Xerox Satu Mare","publisher":{"@id":"https:\/\/www.roxer.ro\/dev\/#organization"},"potentialAction":[{"@type":"SearchAction","target":{"@type":"EntryPoint","urlTemplate":"https:\/\/www.roxer.ro\/dev\/?s={search_term_string}"},"query-input":"required name=search_term_string"}],"inLanguage":"ro-RO"},{"@type":"Organization","@id":"https:\/\/www.roxer.ro\/dev\/#organization","name":"Roxer Grup","url":"https:\/\/www.roxer.ro\/dev\/","logo":{"@type":"ImageObject","inLanguage":"ro-RO","@id":"https:\/\/www.roxer.ro\/dev\/#\/schema\/logo\/image\/","url":"https:\/\/www.roxer.ro\/dev\/wp-content\/uploads\/2023\/05\/logo-roxer-1-e1684141209248.png","contentUrl":"https:\/\/www.roxer.ro\/dev\/wp-content\/uploads\/2023\/05\/logo-roxer-1-e1684141209248.png","width":160,"height":57,"caption":"Roxer Grup"},"image":{"@id":"https:\/\/www.roxer.ro\/dev\/#\/schema\/logo\/image\/"}}]}},"_links":{"self":[{"href":"https:\/\/www.roxer.ro\/dev\/wp-json\/wp\/v2\/product\/4617"}],"collection":[{"href":"https:\/\/www.roxer.ro\/dev\/wp-json\/wp\/v2\/product"}],"about":[{"href":"https:\/\/www.roxer.ro\/dev\/wp-json\/wp\/v2\/types\/product"}],"wp:featuredmedia":[{"embeddable":true,"href":"https:\/\/www.roxer.ro\/dev\/wp-json\/wp\/v2\/media\/4618"}],"wp:attachment":[{"href":"https:\/\/www.roxer.ro\/dev\/wp-json\/wp\/v2\/media?parent=4617"}],"wp:term":[{"taxonomy":"product_cat","embeddable":true,"href":"https:\/\/www.roxer.ro\/dev\/wp-json\/wp\/v2\/product_cat?post=4617"},{"taxonomy":"product_tag","embeddable":true,"href":"https:\/\/www.roxer.ro\/dev\/wp-json\/wp\/v2\/product_tag?post=4617"}],"curies":[{"name":"wp","href":"https:\/\/api.w.org\/{rel}","templated":true}]}}