{"id":4623,"date":"2020-08-05T09:45:22","date_gmt":"2020-08-05T09:45:22","guid":{"rendered":"https:\/\/firstdesign.ro\/roxer\/?post_type=product&#038;p=4623"},"modified":"2020-11-21T19:21:43","modified_gmt":"2020-11-21T19:21:43","slug":"xerox-phaser-3320-imprimanta-a4-laser-mono-35ppm-retea-duplex","status":"publish","type":"product","link":"https:\/\/www.roxer.ro\/dev\/echipament\/xerox-phaser-3320-imprimanta-a4-laser-mono-35ppm-retea-duplex","title":{"rendered":"Xerox Phaser 3320 \u2013 Imprimanta A4 laser mono, 35ppm, retea, duplex"},"content":{"rendered":"<div class=\"box-collateral box-additional\">\n<table id=\"product-attribute-specs-table\" class=\"data-table\">\n<colgroup>\n<col width=\"25%\" \/>\n<col \/><\/colgroup>\n<tbody>\n<tr>\n<th class=\"label\" colspan=\"2\">Performanta<\/th>\n<\/tr>\n<tr>\n<td class=\"data\" colspan=\"2\">Vitez\u0103 de imprimare: 35ppm A4<br \/>\nImprimarea primei pagini: 6.5 secunde<br \/>\nMemorie (Std\/Max): 128MB\/384MB<br \/>\nProcesor: 600 MHz<br \/>\nVolum lunar maxim: 80.000 pagini pe lun\u0103<br \/>\nRezolu\u0163ie maxim\u0103: 600\u00d7600 dpi Enhanced Image Quality<br \/>\nTehnologie: laser monocrom<\/td>\n<\/tr>\n<tr>\n<td><\/td>\n<\/tr>\n<tr>\n<th class=\"label\" colspan=\"2\">Calitatea imprimarii<\/th>\n<\/tr>\n<tr>\n<td class=\"data\" colspan=\"2\">Rezolu\u0163ie: 600 x 600 dpi, p\u00e2n\u0103 la 1200 x 1200 enhanced image quality<\/td>\n<\/tr>\n<tr>\n<td><\/td>\n<\/tr>\n<tr>\n<th class=\"label\" colspan=\"2\">Functii imprimare<\/th>\n<\/tr>\n<tr>\n<td class=\"data\" colspan=\"2\">Filigran, cola\u0163ionare, imprimare fa\u0163\u0103-verso automat\u0103, N-up, poster, imprimare bro\u015furi, format pagin\u0103 personalizat, dimensionare la formatul paginii, scalare, mod economizor de toner, mod Earth Smart<\/td>\n<\/tr>\n<tr>\n<td><\/td>\n<\/tr>\n<tr>\n<th class=\"label\" colspan=\"2\">Conectivitate<\/th>\n<\/tr>\n<tr>\n<td class=\"data\" colspan=\"2\">USB 2.0, 10\/100\/1000Base-T Ethernet, Wi-Fi<br \/>\nLimbaj de imprimare: Emul\u0103ri PCL\u00ae 5e \u015fi 6, PostScript\u00ae 3TM, PDF<\/td>\n<\/tr>\n<tr>\n<td><\/td>\n<\/tr>\n<tr>\n<th class=\"label\" colspan=\"2\">Hartie<\/th>\n<\/tr>\n<tr>\n<td class=\"data\" colspan=\"2\">M\u0103rimi acceptate: A4, A5, B5, US letter, legal, executive, folio, m\u0103rimi personalizate<br \/>\nCapacitate h\u00e2rtie (Std\/Max): Tava principal\u0103: 250 coli, Tava manual\u0103: 50 coli;<br \/>\nTipuri de h\u00e2rtie: tav\u0103 manual\u0103: 60-220 g\/m\u00b2; tava 1: 60-163 g\/m\u00b2; h\u00e2rtie obi\u015fnuit\u0103, sub\u0163ire, groas\u0103, mai groas\u0103, h\u00e2rtie de bumbac, h\u00e2rtie colorat\u0103, plicuri, folii transparente, h\u00e2rtie preimprimat\u0103, reciclat\u0103, etichete, h\u00e2rtie standard, carton, h\u00e2rtie pentru arhivare<br \/>\nOptional tav\u0103 suplimentar\u0103: 520 coli<\/td>\n<\/tr>\n<tr>\n<td><\/td>\n<\/tr>\n<tr>\n<th class=\"label\" colspan=\"2\">Garan\u0163ie<\/th>\n<\/tr>\n<tr>\n<td class=\"data\" colspan=\"2\">2 ani persoane fizice \/ 1 an persoane juridice<\/td>\n<\/tr>\n<tr>\n<td><\/td>\n<\/tr>\n<\/tbody>\n<\/table>\n<\/div>\n<p><strong>Acest echipament poate fi achizi\u0163ionat \u015fi \u00een rate. Pentru detalii<a href=\"https:\/\/www.roxer.ro\/contact\/\" target=\"_blank\" rel=\"noopener noreferrer\">\u00a0contacteaz\u0103-ne<\/a>.<\/strong><\/p>\n","protected":false},"excerpt":{"rendered":"<div class=\"box-collateral box-description\">\n<div class=\"focus_desc\">\n<p>Design compact, performan\u0163\u0103 superioar\u0103, valoare remarcabil\u0103.<\/p>\n<p>Cu imprimanta Phaser 3320 \u015fi echipamentul multifunc\u0163ional WorkCentre 3315\/3325, performan\u0163ele sigure \u015fi avantajoase v\u0103 permit s\u0103 v\u0103 concentra\u0163i la ce este cu adev\u0103rat important: dezvoltarea afacerii dumneavoastr\u0103.<\/p>\n<p><strong>Aceast\u0103 imprimant\u0103 nu mai face parte din oferta actual\u0103 de produse.<\/strong><\/p>\n<\/div>\n<\/div>\n","protected":false},"featured_media":4624,"template":"","meta":[],"product_cat":[15,109],"product_tag":[],"yoast_head":"<!-- This site is optimized with the Yoast SEO plugin v20.3 - https:\/\/yoast.com\/wordpress\/plugins\/seo\/ -->\n<title>Xerox Phaser 3320 \u2013 Imprimanta A4 laser mono, 35ppm, retea, duplex - Roxer Grup<\/title>\n<meta name=\"robots\" content=\"noindex, follow, max-snippet:-1, max-image-preview:large, max-video-preview:-1\" \/>\n<meta property=\"og:locale\" content=\"ro_RO\" \/>\n<meta property=\"og:type\" content=\"article\" \/>\n<meta property=\"og:title\" content=\"Xerox Phaser 3320 \u2013 Imprimanta A4 laser mono, 35ppm, retea, duplex - Roxer Grup\" \/>\n<meta property=\"og:description\" content=\"Design compact, performan\u0163\u0103 superioar\u0103, valoare remarcabil\u0103.  Cu imprimanta Phaser 3320 \u015fi echipamentul multifunc\u0163ional WorkCentre 3315\/3325, performan\u0163ele sigure \u015fi avantajoase v\u0103 permit s\u0103 v\u0103 concentra\u0163i la ce este cu adev\u0103rat important: dezvoltarea afacerii dumneavoastr\u0103.  Aceast\u0103 imprimant\u0103 nu mai face parte din oferta actual\u0103 de produse.\" \/>\n<meta property=\"og:url\" content=\"https:\/\/www.roxer.ro\/dev\/echipament\/xerox-phaser-3320-imprimanta-a4-laser-mono-35ppm-retea-duplex\" \/>\n<meta property=\"og:site_name\" content=\"Roxer Grup\" \/>\n<meta property=\"article:modified_time\" content=\"2020-11-21T19:21:43+00:00\" \/>\n<meta property=\"og:image\" content=\"https:\/\/www.roxer.ro\/dev\/wp-content\/uploads\/2020\/08\/Xerox-Phaser-3320.png\" \/>\n\t<meta property=\"og:image:width\" content=\"250\" \/>\n\t<meta property=\"og:image:height\" content=\"250\" \/>\n\t<meta property=\"og:image:type\" content=\"image\/png\" \/>\n<meta name=\"twitter:card\" content=\"summary_large_image\" \/>\n<meta name=\"twitter:label1\" content=\"Timp estimat pentru citire\" \/>\n\t<meta name=\"twitter:data1\" content=\"1 minut\" \/>\n<script type=\"application\/ld+json\" class=\"yoast-schema-graph\">{\"@context\":\"https:\/\/schema.org\",\"@graph\":[{\"@type\":\"WebPage\",\"@id\":\"https:\/\/www.roxer.ro\/dev\/echipament\/xerox-phaser-3320-imprimanta-a4-laser-mono-35ppm-retea-duplex\",\"url\":\"https:\/\/www.roxer.ro\/dev\/echipament\/xerox-phaser-3320-imprimanta-a4-laser-mono-35ppm-retea-duplex\",\"name\":\"Xerox Phaser 3320 \u2013 Imprimanta A4 laser mono, 35ppm, retea, duplex - Roxer Grup\",\"isPartOf\":{\"@id\":\"https:\/\/www.roxer.ro\/dev\/#website\"},\"datePublished\":\"2020-08-05T09:45:22+00:00\",\"dateModified\":\"2020-11-21T19:21:43+00:00\",\"breadcrumb\":{\"@id\":\"https:\/\/www.roxer.ro\/dev\/echipament\/xerox-phaser-3320-imprimanta-a4-laser-mono-35ppm-retea-duplex#breadcrumb\"},\"inLanguage\":\"ro-RO\",\"potentialAction\":[{\"@type\":\"ReadAction\",\"target\":[\"https:\/\/www.roxer.ro\/dev\/echipament\/xerox-phaser-3320-imprimanta-a4-laser-mono-35ppm-retea-duplex\"]}]},{\"@type\":\"BreadcrumbList\",\"@id\":\"https:\/\/www.roxer.ro\/dev\/echipament\/xerox-phaser-3320-imprimanta-a4-laser-mono-35ppm-retea-duplex#breadcrumb\",\"itemListElement\":[{\"@type\":\"ListItem\",\"position\":1,\"name\":\"Prima pagin\u0103\",\"item\":\"https:\/\/www.roxer.ro\/dev\/\"},{\"@type\":\"ListItem\",\"position\":2,\"name\":\"Echipamente\",\"item\":\"https:\/\/www.roxer.ro\/dev\/echipamente\"},{\"@type\":\"ListItem\",\"position\":3,\"name\":\"Xerox Phaser 3320 \u2013 Imprimanta A4 laser mono, 35ppm, retea, duplex\"}]},{\"@type\":\"WebSite\",\"@id\":\"https:\/\/www.roxer.ro\/dev\/#website\",\"url\":\"https:\/\/www.roxer.ro\/dev\/\",\"name\":\"Roxer Grup\",\"description\":\"Xerox Cluj Napoca, Distribuitor Xerox Cluj, distribuitor Xerox S\u0103laj, distribuitor Xerox Bihor, distribuitor Xerox Maramure\u015f, distribuitor Xerox Bistri\u0163a N\u0103s\u0103ud, distribuitor Xerox Satu Mare\",\"publisher\":{\"@id\":\"https:\/\/www.roxer.ro\/dev\/#organization\"},\"potentialAction\":[{\"@type\":\"SearchAction\",\"target\":{\"@type\":\"EntryPoint\",\"urlTemplate\":\"https:\/\/www.roxer.ro\/dev\/?s={search_term_string}\"},\"query-input\":\"required name=search_term_string\"}],\"inLanguage\":\"ro-RO\"},{\"@type\":\"Organization\",\"@id\":\"https:\/\/www.roxer.ro\/dev\/#organization\",\"name\":\"Roxer Grup\",\"url\":\"https:\/\/www.roxer.ro\/dev\/\",\"logo\":{\"@type\":\"ImageObject\",\"inLanguage\":\"ro-RO\",\"@id\":\"https:\/\/www.roxer.ro\/dev\/#\/schema\/logo\/image\/\",\"url\":\"https:\/\/www.roxer.ro\/dev\/wp-content\/uploads\/2023\/05\/logo-roxer-1-e1684141209248.png\",\"contentUrl\":\"https:\/\/www.roxer.ro\/dev\/wp-content\/uploads\/2023\/05\/logo-roxer-1-e1684141209248.png\",\"width\":160,\"height\":57,\"caption\":\"Roxer Grup\"},\"image\":{\"@id\":\"https:\/\/www.roxer.ro\/dev\/#\/schema\/logo\/image\/\"}}]}<\/script>\n<!-- \/ Yoast SEO plugin. -->","yoast_head_json":{"title":"Xerox Phaser 3320 \u2013 Imprimanta A4 laser mono, 35ppm, retea, duplex - Roxer Grup","robots":{"index":"noindex","follow":"follow","max-snippet":"max-snippet:-1","max-image-preview":"max-image-preview:large","max-video-preview":"max-video-preview:-1"},"og_locale":"ro_RO","og_type":"article","og_title":"Xerox Phaser 3320 \u2013 Imprimanta A4 laser mono, 35ppm, retea, duplex - Roxer Grup","og_description":"Design compact, performan\u0163\u0103 superioar\u0103, valoare remarcabil\u0103.  Cu imprimanta Phaser 3320 \u015fi echipamentul multifunc\u0163ional WorkCentre 3315\/3325, performan\u0163ele sigure \u015fi avantajoase v\u0103 permit s\u0103 v\u0103 concentra\u0163i la ce este cu adev\u0103rat important: dezvoltarea afacerii dumneavoastr\u0103.  Aceast\u0103 imprimant\u0103 nu mai face parte din oferta actual\u0103 de produse.","og_url":"https:\/\/www.roxer.ro\/dev\/echipament\/xerox-phaser-3320-imprimanta-a4-laser-mono-35ppm-retea-duplex","og_site_name":"Roxer Grup","article_modified_time":"2020-11-21T19:21:43+00:00","og_image":[{"width":250,"height":250,"url":"https:\/\/www.roxer.ro\/dev\/wp-content\/uploads\/2020\/08\/Xerox-Phaser-3320.png","type":"image\/png"}],"twitter_card":"summary_large_image","twitter_misc":{"Timp estimat pentru citire":"1 minut"},"schema":{"@context":"https:\/\/schema.org","@graph":[{"@type":"WebPage","@id":"https:\/\/www.roxer.ro\/dev\/echipament\/xerox-phaser-3320-imprimanta-a4-laser-mono-35ppm-retea-duplex","url":"https:\/\/www.roxer.ro\/dev\/echipament\/xerox-phaser-3320-imprimanta-a4-laser-mono-35ppm-retea-duplex","name":"Xerox Phaser 3320 \u2013 Imprimanta A4 laser mono, 35ppm, retea, duplex - Roxer Grup","isPartOf":{"@id":"https:\/\/www.roxer.ro\/dev\/#website"},"datePublished":"2020-08-05T09:45:22+00:00","dateModified":"2020-11-21T19:21:43+00:00","breadcrumb":{"@id":"https:\/\/www.roxer.ro\/dev\/echipament\/xerox-phaser-3320-imprimanta-a4-laser-mono-35ppm-retea-duplex#breadcrumb"},"inLanguage":"ro-RO","potentialAction":[{"@type":"ReadAction","target":["https:\/\/www.roxer.ro\/dev\/echipament\/xerox-phaser-3320-imprimanta-a4-laser-mono-35ppm-retea-duplex"]}]},{"@type":"BreadcrumbList","@id":"https:\/\/www.roxer.ro\/dev\/echipament\/xerox-phaser-3320-imprimanta-a4-laser-mono-35ppm-retea-duplex#breadcrumb","itemListElement":[{"@type":"ListItem","position":1,"name":"Prima pagin\u0103","item":"https:\/\/www.roxer.ro\/dev\/"},{"@type":"ListItem","position":2,"name":"Echipamente","item":"https:\/\/www.roxer.ro\/dev\/echipamente"},{"@type":"ListItem","position":3,"name":"Xerox Phaser 3320 \u2013 Imprimanta A4 laser mono, 35ppm, retea, duplex"}]},{"@type":"WebSite","@id":"https:\/\/www.roxer.ro\/dev\/#website","url":"https:\/\/www.roxer.ro\/dev\/","name":"Roxer Grup","description":"Xerox Cluj Napoca, Distribuitor Xerox Cluj, distribuitor Xerox S\u0103laj, distribuitor Xerox Bihor, distribuitor Xerox Maramure\u015f, distribuitor Xerox Bistri\u0163a N\u0103s\u0103ud, distribuitor Xerox Satu Mare","publisher":{"@id":"https:\/\/www.roxer.ro\/dev\/#organization"},"potentialAction":[{"@type":"SearchAction","target":{"@type":"EntryPoint","urlTemplate":"https:\/\/www.roxer.ro\/dev\/?s={search_term_string}"},"query-input":"required name=search_term_string"}],"inLanguage":"ro-RO"},{"@type":"Organization","@id":"https:\/\/www.roxer.ro\/dev\/#organization","name":"Roxer Grup","url":"https:\/\/www.roxer.ro\/dev\/","logo":{"@type":"ImageObject","inLanguage":"ro-RO","@id":"https:\/\/www.roxer.ro\/dev\/#\/schema\/logo\/image\/","url":"https:\/\/www.roxer.ro\/dev\/wp-content\/uploads\/2023\/05\/logo-roxer-1-e1684141209248.png","contentUrl":"https:\/\/www.roxer.ro\/dev\/wp-content\/uploads\/2023\/05\/logo-roxer-1-e1684141209248.png","width":160,"height":57,"caption":"Roxer Grup"},"image":{"@id":"https:\/\/www.roxer.ro\/dev\/#\/schema\/logo\/image\/"}}]}},"_links":{"self":[{"href":"https:\/\/www.roxer.ro\/dev\/wp-json\/wp\/v2\/product\/4623"}],"collection":[{"href":"https:\/\/www.roxer.ro\/dev\/wp-json\/wp\/v2\/product"}],"about":[{"href":"https:\/\/www.roxer.ro\/dev\/wp-json\/wp\/v2\/types\/product"}],"wp:featuredmedia":[{"embeddable":true,"href":"https:\/\/www.roxer.ro\/dev\/wp-json\/wp\/v2\/media\/4624"}],"wp:attachment":[{"href":"https:\/\/www.roxer.ro\/dev\/wp-json\/wp\/v2\/media?parent=4623"}],"wp:term":[{"taxonomy":"product_cat","embeddable":true,"href":"https:\/\/www.roxer.ro\/dev\/wp-json\/wp\/v2\/product_cat?post=4623"},{"taxonomy":"product_tag","embeddable":true,"href":"https:\/\/www.roxer.ro\/dev\/wp-json\/wp\/v2\/product_tag?post=4623"}],"curies":[{"name":"wp","href":"https:\/\/api.w.org\/{rel}","templated":true}]}}