{"id":4625,"date":"2020-08-05T09:46:47","date_gmt":"2020-08-05T09:46:47","guid":{"rendered":"https:\/\/firstdesign.ro\/roxer\/?post_type=product&#038;p=4625"},"modified":"2020-11-21T19:25:37","modified_gmt":"2020-11-21T19:25:37","slug":"xerox-phaser-3260dni-imprimanta-a4-laser-alb-negru","status":"publish","type":"product","link":"https:\/\/www.roxer.ro\/dev\/echipament\/xerox-phaser-3260dni-imprimanta-a4-laser-alb-negru","title":{"rendered":"Xerox Phaser 3260DNI, Imprimanta A4 laser alb-negru"},"content":{"rendered":"<div class=\"box-collateral box-additional\">\n<table id=\"product-attribute-specs-table\" class=\"data-table\">\n<colgroup>\n<col width=\"25%\" \/>\n<col \/><\/colgroup>\n<tbody>\n<tr>\n<th class=\"label\" colspan=\"2\">Performanta<\/th>\n<\/tr>\n<tr>\n<td class=\"data\" colspan=\"2\">Rezolu\u0163ie: 600 x 600 dpi (p\u00e2n\u0103 la 4800 x 600 dpi la calitate \u00eembun\u0103t\u0103\u0163it\u0103 a imaginii)<\/td>\n<\/tr>\n<tr>\n<td><\/td>\n<\/tr>\n<tr>\n<th class=\"label\" colspan=\"2\">Imprimarea primei pagini<\/th>\n<\/tr>\n<tr>\n<td class=\"data\" colspan=\"2\">8,5 secunde<\/td>\n<\/tr>\n<tr>\n<td><\/td>\n<\/tr>\n<tr>\n<th class=\"label\" colspan=\"2\">Memorie standard\/maxim<\/th>\n<\/tr>\n<tr>\n<td class=\"data\" colspan=\"2\">256 MB<\/td>\n<\/tr>\n<tr>\n<td><\/td>\n<\/tr>\n<tr>\n<th class=\"label\" colspan=\"2\">Procesor<\/th>\n<\/tr>\n<tr>\n<td class=\"data\" colspan=\"2\">600 MHz<\/td>\n<\/tr>\n<tr>\n<td><\/td>\n<\/tr>\n<tr>\n<th class=\"label\" colspan=\"2\">Volum lunar maxim<\/th>\n<\/tr>\n<tr>\n<td class=\"data\" colspan=\"2\">P\u00e2n\u0103 la 30.000 pagini\/lun\u0103<\/td>\n<\/tr>\n<tr>\n<td><\/td>\n<\/tr>\n<tr>\n<th class=\"label\" colspan=\"2\">Functii imprimare<\/th>\n<\/tr>\n<tr>\n<td class=\"data\" colspan=\"2\">Mod economic pentru toner, imprimare bro\u015furi, imprimare postere, ignorare pagini goale, N pe pagin\u0103, scalare, mic\u015forare\/m\u0103rire, dimensionare la formatul paginii, filigrane, suprapuneri, pagini cu dimensiuni personalizate, ordine imprimare, amplificare contrast margini, reglare luminozitate, reglare contrast, selectare h\u00e2rtie dup\u0103 atribute, set\u0103ri driver Earth Smart, drivere de imprimare bidirec\u0163ional\u0103, monitorizare lucrare, memorare \u015fi reluare set\u0103ri driver<\/td>\n<\/tr>\n<tr>\n<td><\/td>\n<\/tr>\n<tr>\n<th class=\"label\" colspan=\"2\">Conectivitate<\/th>\n<\/tr>\n<tr>\n<td class=\"data\" colspan=\"2\">10\/100Base-T Ethernet, Wi-Fi b\/g\/n, USB 2.0 de mare vitez\u0103<\/td>\n<\/tr>\n<tr>\n<td><\/td>\n<\/tr>\n<tr>\n<th class=\"label\" colspan=\"2\">Hartie<\/th>\n<\/tr>\n<tr>\n<td class=\"data\" colspan=\"2\">Tava principal\u0103: p\u00e2n\u0103 la 250 coli; dimensiuni personalizate: 76 x 127 mm \u2013 216 x 356 mm. Fanta de alimentare manual\u0103: 1 coal\u0103; dimensiuni personalizate: 76 x 127 mm \u2013 216 x 356 mm<\/td>\n<\/tr>\n<tr>\n<td><\/td>\n<\/tr>\n<tr>\n<th class=\"label\" colspan=\"2\">Productivitate<\/th>\n<\/tr>\n<tr>\n<td class=\"data\" colspan=\"2\">Imprimare mobil\u0103: Apple\u00ae AirPrint\u2122, Xerox\u00ae PrintBack<br \/>\nSecurizare: HTTPS securizat (SSL) IPsec, autentificare 802.1X, WPA2 Personal, filtrare IPv4 \u0219i IPv6, filtrare adrese MAC, SNMPv3, dezactivare port USB<\/td>\n<\/tr>\n<tr>\n<td><\/td>\n<\/tr>\n<\/tbody>\n<\/table>\n<\/div>\n<p><strong>Acest echipament poate fi achizi\u0163ionat \u015fi \u00een rate. Pentru detalii<a href=\"https:\/\/www.roxer.ro\/contact\/\" target=\"_blank\" rel=\"noopener noreferrer\">\u00a0contacteaz\u0103-ne<\/a>.<\/strong><\/p>\n","protected":false},"excerpt":{"rendered":"<div class=\"box-collateral box-description\">\n<div class=\"focus_desc\">\n<p>Obiectivele dumneavoastr\u0103: cre\u0219terea productivit\u0103\u0163ii, eficien\u0163\u0103 sporit\u0103, accelerarea proceselor \u0219i controlul costurilor. Atinge\u0163i-v\u0103 obiectivele.<\/p>\n<p>Imprimanta Phaser 3260 are un design compact, dar este extrem de performant\u0103. Este conceput\u0103 s\u0103 deserveasc\u0103 un singur utilizator sau o echip\u0103 mic\u0103.<\/p>\n<p>Phaser 3260 ofer\u0103 imprimarea rapid\u0103, automat\u0103, fa\u0163\u0103-verso pentru texte \u0219i elemente grafice clare, de o calitate perfect\u0103.<\/p>\n<p><strong>Aceast\u0103 imprimant\u0103 nu mai face parte din oferta actual\u0103 de produse.<\/strong><\/p>\n<\/div>\n<\/div>\n","protected":false},"featured_media":4626,"template":"","meta":[],"product_cat":[15,109],"product_tag":[],"yoast_head":"<!-- This site is optimized with the Yoast SEO plugin v20.3 - https:\/\/yoast.com\/wordpress\/plugins\/seo\/ -->\n<title>Xerox Phaser 3260DNI, Imprimanta A4 laser alb-negru - Roxer Grup<\/title>\n<meta name=\"robots\" content=\"noindex, follow, max-snippet:-1, max-image-preview:large, max-video-preview:-1\" \/>\n<meta property=\"og:locale\" content=\"ro_RO\" \/>\n<meta property=\"og:type\" content=\"article\" \/>\n<meta property=\"og:title\" content=\"Xerox Phaser 3260DNI, Imprimanta A4 laser alb-negru - Roxer Grup\" \/>\n<meta property=\"og:description\" content=\"Obiectivele dumneavoastr\u0103: cre\u0219terea productivit\u0103\u0163ii, eficien\u0163\u0103 sporit\u0103, accelerarea proceselor \u0219i controlul costurilor. Atinge\u0163i-v\u0103 obiectivele.  Imprimanta Phaser 3260 are un design compact, dar este extrem de performant\u0103. Este conceput\u0103 s\u0103 deserveasc\u0103 un singur utilizator sau o echip\u0103 mic\u0103.  Phaser 3260 ofer\u0103 imprimarea rapid\u0103, automat\u0103, fa\u0163\u0103-verso pentru texte \u0219i elemente grafice clare, de o calitate perfect\u0103.  Aceast\u0103 imprimant\u0103 nu mai face parte din oferta actual\u0103 de produse.\" \/>\n<meta property=\"og:url\" content=\"https:\/\/www.roxer.ro\/dev\/echipament\/xerox-phaser-3260dni-imprimanta-a4-laser-alb-negru\" \/>\n<meta property=\"og:site_name\" content=\"Roxer Grup\" \/>\n<meta property=\"article:modified_time\" content=\"2020-11-21T19:25:37+00:00\" \/>\n<meta property=\"og:image\" content=\"https:\/\/www.roxer.ro\/dev\/wp-content\/uploads\/2020\/08\/Xerox-Phaser-3260DNI.png\" \/>\n\t<meta property=\"og:image:width\" content=\"250\" \/>\n\t<meta property=\"og:image:height\" content=\"250\" \/>\n\t<meta property=\"og:image:type\" content=\"image\/png\" \/>\n<meta name=\"twitter:card\" content=\"summary_large_image\" \/>\n<meta name=\"twitter:label1\" content=\"Timp estimat pentru citire\" \/>\n\t<meta name=\"twitter:data1\" content=\"1 minut\" \/>\n<script type=\"application\/ld+json\" class=\"yoast-schema-graph\">{\"@context\":\"https:\/\/schema.org\",\"@graph\":[{\"@type\":\"WebPage\",\"@id\":\"https:\/\/www.roxer.ro\/dev\/echipament\/xerox-phaser-3260dni-imprimanta-a4-laser-alb-negru\",\"url\":\"https:\/\/www.roxer.ro\/dev\/echipament\/xerox-phaser-3260dni-imprimanta-a4-laser-alb-negru\",\"name\":\"Xerox Phaser 3260DNI, Imprimanta A4 laser alb-negru - Roxer Grup\",\"isPartOf\":{\"@id\":\"https:\/\/www.roxer.ro\/dev\/#website\"},\"datePublished\":\"2020-08-05T09:46:47+00:00\",\"dateModified\":\"2020-11-21T19:25:37+00:00\",\"breadcrumb\":{\"@id\":\"https:\/\/www.roxer.ro\/dev\/echipament\/xerox-phaser-3260dni-imprimanta-a4-laser-alb-negru#breadcrumb\"},\"inLanguage\":\"ro-RO\",\"potentialAction\":[{\"@type\":\"ReadAction\",\"target\":[\"https:\/\/www.roxer.ro\/dev\/echipament\/xerox-phaser-3260dni-imprimanta-a4-laser-alb-negru\"]}]},{\"@type\":\"BreadcrumbList\",\"@id\":\"https:\/\/www.roxer.ro\/dev\/echipament\/xerox-phaser-3260dni-imprimanta-a4-laser-alb-negru#breadcrumb\",\"itemListElement\":[{\"@type\":\"ListItem\",\"position\":1,\"name\":\"Prima pagin\u0103\",\"item\":\"https:\/\/www.roxer.ro\/dev\/\"},{\"@type\":\"ListItem\",\"position\":2,\"name\":\"Echipamente\",\"item\":\"https:\/\/www.roxer.ro\/dev\/echipamente\"},{\"@type\":\"ListItem\",\"position\":3,\"name\":\"Xerox Phaser 3260DNI, Imprimanta A4 laser alb-negru\"}]},{\"@type\":\"WebSite\",\"@id\":\"https:\/\/www.roxer.ro\/dev\/#website\",\"url\":\"https:\/\/www.roxer.ro\/dev\/\",\"name\":\"Roxer Grup\",\"description\":\"Xerox Cluj Napoca, Distribuitor Xerox Cluj, distribuitor Xerox S\u0103laj, distribuitor Xerox Bihor, distribuitor Xerox Maramure\u015f, distribuitor Xerox Bistri\u0163a N\u0103s\u0103ud, distribuitor Xerox Satu Mare\",\"publisher\":{\"@id\":\"https:\/\/www.roxer.ro\/dev\/#organization\"},\"potentialAction\":[{\"@type\":\"SearchAction\",\"target\":{\"@type\":\"EntryPoint\",\"urlTemplate\":\"https:\/\/www.roxer.ro\/dev\/?s={search_term_string}\"},\"query-input\":\"required name=search_term_string\"}],\"inLanguage\":\"ro-RO\"},{\"@type\":\"Organization\",\"@id\":\"https:\/\/www.roxer.ro\/dev\/#organization\",\"name\":\"Roxer Grup\",\"url\":\"https:\/\/www.roxer.ro\/dev\/\",\"logo\":{\"@type\":\"ImageObject\",\"inLanguage\":\"ro-RO\",\"@id\":\"https:\/\/www.roxer.ro\/dev\/#\/schema\/logo\/image\/\",\"url\":\"https:\/\/www.roxer.ro\/dev\/wp-content\/uploads\/2023\/05\/logo-roxer-1-e1684141209248.png\",\"contentUrl\":\"https:\/\/www.roxer.ro\/dev\/wp-content\/uploads\/2023\/05\/logo-roxer-1-e1684141209248.png\",\"width\":160,\"height\":57,\"caption\":\"Roxer Grup\"},\"image\":{\"@id\":\"https:\/\/www.roxer.ro\/dev\/#\/schema\/logo\/image\/\"}}]}<\/script>\n<!-- \/ Yoast SEO plugin. -->","yoast_head_json":{"title":"Xerox Phaser 3260DNI, Imprimanta A4 laser alb-negru - Roxer Grup","robots":{"index":"noindex","follow":"follow","max-snippet":"max-snippet:-1","max-image-preview":"max-image-preview:large","max-video-preview":"max-video-preview:-1"},"og_locale":"ro_RO","og_type":"article","og_title":"Xerox Phaser 3260DNI, Imprimanta A4 laser alb-negru - Roxer Grup","og_description":"Obiectivele dumneavoastr\u0103: cre\u0219terea productivit\u0103\u0163ii, eficien\u0163\u0103 sporit\u0103, accelerarea proceselor \u0219i controlul costurilor. Atinge\u0163i-v\u0103 obiectivele.  Imprimanta Phaser 3260 are un design compact, dar este extrem de performant\u0103. Este conceput\u0103 s\u0103 deserveasc\u0103 un singur utilizator sau o echip\u0103 mic\u0103.  Phaser 3260 ofer\u0103 imprimarea rapid\u0103, automat\u0103, fa\u0163\u0103-verso pentru texte \u0219i elemente grafice clare, de o calitate perfect\u0103.  Aceast\u0103 imprimant\u0103 nu mai face parte din oferta actual\u0103 de produse.","og_url":"https:\/\/www.roxer.ro\/dev\/echipament\/xerox-phaser-3260dni-imprimanta-a4-laser-alb-negru","og_site_name":"Roxer Grup","article_modified_time":"2020-11-21T19:25:37+00:00","og_image":[{"width":250,"height":250,"url":"https:\/\/www.roxer.ro\/dev\/wp-content\/uploads\/2020\/08\/Xerox-Phaser-3260DNI.png","type":"image\/png"}],"twitter_card":"summary_large_image","twitter_misc":{"Timp estimat pentru citire":"1 minut"},"schema":{"@context":"https:\/\/schema.org","@graph":[{"@type":"WebPage","@id":"https:\/\/www.roxer.ro\/dev\/echipament\/xerox-phaser-3260dni-imprimanta-a4-laser-alb-negru","url":"https:\/\/www.roxer.ro\/dev\/echipament\/xerox-phaser-3260dni-imprimanta-a4-laser-alb-negru","name":"Xerox Phaser 3260DNI, Imprimanta A4 laser alb-negru - Roxer Grup","isPartOf":{"@id":"https:\/\/www.roxer.ro\/dev\/#website"},"datePublished":"2020-08-05T09:46:47+00:00","dateModified":"2020-11-21T19:25:37+00:00","breadcrumb":{"@id":"https:\/\/www.roxer.ro\/dev\/echipament\/xerox-phaser-3260dni-imprimanta-a4-laser-alb-negru#breadcrumb"},"inLanguage":"ro-RO","potentialAction":[{"@type":"ReadAction","target":["https:\/\/www.roxer.ro\/dev\/echipament\/xerox-phaser-3260dni-imprimanta-a4-laser-alb-negru"]}]},{"@type":"BreadcrumbList","@id":"https:\/\/www.roxer.ro\/dev\/echipament\/xerox-phaser-3260dni-imprimanta-a4-laser-alb-negru#breadcrumb","itemListElement":[{"@type":"ListItem","position":1,"name":"Prima pagin\u0103","item":"https:\/\/www.roxer.ro\/dev\/"},{"@type":"ListItem","position":2,"name":"Echipamente","item":"https:\/\/www.roxer.ro\/dev\/echipamente"},{"@type":"ListItem","position":3,"name":"Xerox Phaser 3260DNI, Imprimanta A4 laser alb-negru"}]},{"@type":"WebSite","@id":"https:\/\/www.roxer.ro\/dev\/#website","url":"https:\/\/www.roxer.ro\/dev\/","name":"Roxer Grup","description":"Xerox Cluj Napoca, Distribuitor Xerox Cluj, distribuitor Xerox S\u0103laj, distribuitor Xerox Bihor, distribuitor Xerox Maramure\u015f, distribuitor Xerox Bistri\u0163a N\u0103s\u0103ud, distribuitor Xerox Satu Mare","publisher":{"@id":"https:\/\/www.roxer.ro\/dev\/#organization"},"potentialAction":[{"@type":"SearchAction","target":{"@type":"EntryPoint","urlTemplate":"https:\/\/www.roxer.ro\/dev\/?s={search_term_string}"},"query-input":"required name=search_term_string"}],"inLanguage":"ro-RO"},{"@type":"Organization","@id":"https:\/\/www.roxer.ro\/dev\/#organization","name":"Roxer Grup","url":"https:\/\/www.roxer.ro\/dev\/","logo":{"@type":"ImageObject","inLanguage":"ro-RO","@id":"https:\/\/www.roxer.ro\/dev\/#\/schema\/logo\/image\/","url":"https:\/\/www.roxer.ro\/dev\/wp-content\/uploads\/2023\/05\/logo-roxer-1-e1684141209248.png","contentUrl":"https:\/\/www.roxer.ro\/dev\/wp-content\/uploads\/2023\/05\/logo-roxer-1-e1684141209248.png","width":160,"height":57,"caption":"Roxer Grup"},"image":{"@id":"https:\/\/www.roxer.ro\/dev\/#\/schema\/logo\/image\/"}}]}},"_links":{"self":[{"href":"https:\/\/www.roxer.ro\/dev\/wp-json\/wp\/v2\/product\/4625"}],"collection":[{"href":"https:\/\/www.roxer.ro\/dev\/wp-json\/wp\/v2\/product"}],"about":[{"href":"https:\/\/www.roxer.ro\/dev\/wp-json\/wp\/v2\/types\/product"}],"wp:featuredmedia":[{"embeddable":true,"href":"https:\/\/www.roxer.ro\/dev\/wp-json\/wp\/v2\/media\/4626"}],"wp:attachment":[{"href":"https:\/\/www.roxer.ro\/dev\/wp-json\/wp\/v2\/media?parent=4625"}],"wp:term":[{"taxonomy":"product_cat","embeddable":true,"href":"https:\/\/www.roxer.ro\/dev\/wp-json\/wp\/v2\/product_cat?post=4625"},{"taxonomy":"product_tag","embeddable":true,"href":"https:\/\/www.roxer.ro\/dev\/wp-json\/wp\/v2\/product_tag?post=4625"}],"curies":[{"name":"wp","href":"https:\/\/api.w.org\/{rel}","templated":true}]}}