{"id":4629,"date":"2020-08-05T10:36:45","date_gmt":"2020-08-05T10:36:45","guid":{"rendered":"https:\/\/firstdesign.ro\/roxer\/?post_type=product&#038;p=4629"},"modified":"2020-11-21T18:30:09","modified_gmt":"2020-11-21T18:30:09","slug":"xerox-phaser-6600dn-imprimanta-a4-color-35ppm-retea-duplex","status":"publish","type":"product","link":"https:\/\/www.roxer.ro\/dev\/echipament\/xerox-phaser-6600dn-imprimanta-a4-color-35ppm-retea-duplex","title":{"rendered":"Xerox Phaser 6600DN \u2013 Imprimanta A4 color, 35ppm, retea, duplex"},"content":{"rendered":"<div class=\"box-collateral box-description\">\n<div class=\"focus_desc\">\n<p>&nbsp;<\/p>\n<\/div>\n<\/div>\n<div class=\"box-collateral box-additional\">\n<table id=\"product-attribute-specs-table\" class=\"data-table\">\n<colgroup>\n<col width=\"25%\" \/>\n<col \/><\/colgroup>\n<tbody>\n<tr>\n<th class=\"label\" colspan=\"2\">Limbaj de imprimare<\/th>\n<\/tr>\n<tr>\n<td class=\"data\" colspan=\"2\">Imprimarea primei pagini: Alb-Negru: 9 secunde \/ Color: 10 secunde<br \/>\nRezolu\u0163ie de imprimare (maxim\u0103): P\u00e2n\u0103 la 600 x 600 x 4 dpi (calitate \u00eembun\u0103t\u0103\u021bit\u0103 a imaginii 1200 x 1200)<br \/>\nProcesor: 533 MHz<br \/>\nMemorie standard \/ maxim\u0103: 256 MB \/ 768 MB<br \/>\nConectivitate: USB 2.0 10\/100\/1000Base TX Ethernet, Wi-Fi Op\u021bional (802.11 n\/g\/b)<br \/>\nLimbaj de imprimare: True Adobe\u00ae PostScript\u00ae 3TM, emulare PCL\u00ae 5\/6, XPS, PDF<br \/>\nFunc\u0163ii de imprimare: Simul\u0103ri de culoare solid\u0103 calibrate PANTONE\u00ae, set\u0103ri salvate, set\u0103ri Earth Smart, corec\u021bii de culoare, N-up, format bro\u0219ur\u0103, filigran, mod foto, cola\u021bionare, imprimare securizat\u0103, imprimare salvat\u0103, stocare fonturi\/formulare\/macrocomenzi<\/td>\n<\/tr>\n<tr>\n<td><\/td>\n<\/tr>\n<tr>\n<th class=\"label\" colspan=\"2\">Hartie<\/th>\n<\/tr>\n<tr>\n<td class=\"data\" colspan=\"2\">Alimentare cu h\u00e2rtie \u2013 Standard: Tav\u0103 multifunc\u021bional\u0103: 150 coli; dimensiuni personalizate: 76, 2x 127 mm \u2013 216 x 356 mm<br \/>\nAlimentare cu h\u00e2rtie \u2013 Standard: Tava 1: 550 coli; dimensiuni personalizate: 148x 210 mm \u2013 216 x 356 mm<br \/>\nAlimentare cu h\u00e2rtie \u2013 Op\u021bional: Tava 2: 550 coli; dimensiuni personalizate: 148x 210 mm \u2013 216 x 356 mm<\/td>\n<\/tr>\n<tr>\n<td><\/td>\n<\/tr>\n<tr>\n<th class=\"label\" colspan=\"2\">Securitate<\/th>\n<\/tr>\n<tr>\n<td class=\"data\" colspan=\"2\">Imprimare securizat\u0103, Criptare disc pe 256 bi\u0163i \u015fi suprascriere, HTTPS securizat (SSL, LDAP securizat), IPsec, Autentificare 802.1X, IPv6, SNMPv3, Jurnal de audit, Filtrare adrese IP<\/td>\n<\/tr>\n<tr>\n<td><\/td>\n<\/tr>\n<tr>\n<th class=\"label\" colspan=\"2\">Garan\u0163ie<\/th>\n<\/tr>\n<tr>\n<td class=\"data\" colspan=\"2\">Garan\u021bie 1 an<\/td>\n<\/tr>\n<tr>\n<td><\/td>\n<\/tr>\n<tr>\n<th class=\"label\" colspan=\"2\">Performanta<\/th>\n<\/tr>\n<tr>\n<td class=\"data\" colspan=\"2\">Vitez\u0103: P\u00e2n\u0103 la 35 ppm A4, color \u0219i alb-negru<br \/>\nVolum lunar maxim: 80.000 pagini<br \/>\nProcesor: 533 MHz<br \/>\nMemorie: standar\/maxim 256 MB \/ 768 MB<br \/>\nImprimare automata fata-verso (duplex)<\/td>\n<\/tr>\n<tr>\n<td><\/td>\n<\/tr>\n<\/tbody>\n<\/table>\n<\/div>\n<p><strong>Acest echipament poate fi achizi\u0163ionat \u015fi \u00een rate. Pentru detalii<a href=\"https:\/\/www.roxer.ro\/contact\/\" target=\"_blank\" rel=\"noopener noreferrer\">\u00a0contacteaz\u0103-ne<\/a>.<\/strong><\/p>\n","protected":false},"excerpt":{"rendered":"<div class=\"box-collateral box-description\">\n<div class=\"focus_desc\">\n<p>Imprimanta color Phaser\u00ae 6600 permite grupurilor de lucru extrem de ocupate s\u0103 produc\u0103 f\u0103r\u0103 efort documente de afaceri importante, care se deta\u015feaz\u0103 de concuren\u0163\u0103 datorit\u0103 imprim\u0103rii color de excep\u0163ie.<\/p>\n<\/div>\n<\/div>\n<p><strong>Aceast\u0103 imprimant\u0103 nu mai face parte din oferta actual\u0103 de produse.<\/strong><\/p>\n","protected":false},"featured_media":4634,"template":"","meta":[],"product_cat":[15,114],"product_tag":[],"yoast_head":"<!-- This site is optimized with the Yoast SEO plugin v20.3 - https:\/\/yoast.com\/wordpress\/plugins\/seo\/ -->\n<title>Xerox Phaser 6600DN \u2013 Imprimanta A4 color, 35ppm, retea, duplex - Roxer Grup<\/title>\n<meta name=\"robots\" content=\"noindex, follow, max-snippet:-1, max-image-preview:large, max-video-preview:-1\" \/>\n<meta property=\"og:locale\" content=\"ro_RO\" \/>\n<meta property=\"og:type\" content=\"article\" \/>\n<meta property=\"og:title\" content=\"Xerox Phaser 6600DN \u2013 Imprimanta A4 color, 35ppm, retea, duplex - Roxer Grup\" \/>\n<meta property=\"og:description\" content=\"Imprimanta color Phaser\u00ae 6600 permite grupurilor de lucru extrem de ocupate s\u0103 produc\u0103 f\u0103r\u0103 efort documente de afaceri importante, care se deta\u015feaz\u0103 de concuren\u0163\u0103 datorit\u0103 imprim\u0103rii color de excep\u0163ie.    Aceast\u0103 imprimant\u0103 nu mai face parte din oferta actual\u0103 de produse.\" \/>\n<meta property=\"og:url\" content=\"https:\/\/www.roxer.ro\/dev\/echipament\/xerox-phaser-6600dn-imprimanta-a4-color-35ppm-retea-duplex\" \/>\n<meta property=\"og:site_name\" content=\"Roxer Grup\" \/>\n<meta property=\"article:modified_time\" content=\"2020-11-21T18:30:09+00:00\" \/>\n<meta property=\"og:image\" content=\"https:\/\/www.roxer.ro\/dev\/wp-content\/uploads\/2020\/08\/Xerox-Phaser-6600DN.jpg\" \/>\n\t<meta property=\"og:image:width\" content=\"250\" \/>\n\t<meta property=\"og:image:height\" content=\"250\" \/>\n\t<meta property=\"og:image:type\" content=\"image\/jpeg\" \/>\n<meta name=\"twitter:card\" content=\"summary_large_image\" \/>\n<meta name=\"twitter:label1\" content=\"Timp estimat pentru citire\" \/>\n\t<meta name=\"twitter:data1\" content=\"1 minut\" \/>\n<script type=\"application\/ld+json\" class=\"yoast-schema-graph\">{\"@context\":\"https:\/\/schema.org\",\"@graph\":[{\"@type\":\"WebPage\",\"@id\":\"https:\/\/www.roxer.ro\/dev\/echipament\/xerox-phaser-6600dn-imprimanta-a4-color-35ppm-retea-duplex\",\"url\":\"https:\/\/www.roxer.ro\/dev\/echipament\/xerox-phaser-6600dn-imprimanta-a4-color-35ppm-retea-duplex\",\"name\":\"Xerox Phaser 6600DN \u2013 Imprimanta A4 color, 35ppm, retea, duplex - Roxer Grup\",\"isPartOf\":{\"@id\":\"https:\/\/www.roxer.ro\/dev\/#website\"},\"datePublished\":\"2020-08-05T10:36:45+00:00\",\"dateModified\":\"2020-11-21T18:30:09+00:00\",\"breadcrumb\":{\"@id\":\"https:\/\/www.roxer.ro\/dev\/echipament\/xerox-phaser-6600dn-imprimanta-a4-color-35ppm-retea-duplex#breadcrumb\"},\"inLanguage\":\"ro-RO\",\"potentialAction\":[{\"@type\":\"ReadAction\",\"target\":[\"https:\/\/www.roxer.ro\/dev\/echipament\/xerox-phaser-6600dn-imprimanta-a4-color-35ppm-retea-duplex\"]}]},{\"@type\":\"BreadcrumbList\",\"@id\":\"https:\/\/www.roxer.ro\/dev\/echipament\/xerox-phaser-6600dn-imprimanta-a4-color-35ppm-retea-duplex#breadcrumb\",\"itemListElement\":[{\"@type\":\"ListItem\",\"position\":1,\"name\":\"Prima pagin\u0103\",\"item\":\"https:\/\/www.roxer.ro\/dev\/\"},{\"@type\":\"ListItem\",\"position\":2,\"name\":\"Echipamente\",\"item\":\"https:\/\/www.roxer.ro\/dev\/echipamente\"},{\"@type\":\"ListItem\",\"position\":3,\"name\":\"Xerox Phaser 6600DN \u2013 Imprimanta A4 color, 35ppm, retea, duplex\"}]},{\"@type\":\"WebSite\",\"@id\":\"https:\/\/www.roxer.ro\/dev\/#website\",\"url\":\"https:\/\/www.roxer.ro\/dev\/\",\"name\":\"Roxer Grup\",\"description\":\"Xerox Cluj Napoca, Distribuitor Xerox Cluj, distribuitor Xerox S\u0103laj, distribuitor Xerox Bihor, distribuitor Xerox Maramure\u015f, distribuitor Xerox Bistri\u0163a N\u0103s\u0103ud, distribuitor Xerox Satu Mare\",\"publisher\":{\"@id\":\"https:\/\/www.roxer.ro\/dev\/#organization\"},\"potentialAction\":[{\"@type\":\"SearchAction\",\"target\":{\"@type\":\"EntryPoint\",\"urlTemplate\":\"https:\/\/www.roxer.ro\/dev\/?s={search_term_string}\"},\"query-input\":\"required name=search_term_string\"}],\"inLanguage\":\"ro-RO\"},{\"@type\":\"Organization\",\"@id\":\"https:\/\/www.roxer.ro\/dev\/#organization\",\"name\":\"Roxer Grup\",\"url\":\"https:\/\/www.roxer.ro\/dev\/\",\"logo\":{\"@type\":\"ImageObject\",\"inLanguage\":\"ro-RO\",\"@id\":\"https:\/\/www.roxer.ro\/dev\/#\/schema\/logo\/image\/\",\"url\":\"https:\/\/www.roxer.ro\/dev\/wp-content\/uploads\/2023\/05\/logo-roxer-1-e1684141209248.png\",\"contentUrl\":\"https:\/\/www.roxer.ro\/dev\/wp-content\/uploads\/2023\/05\/logo-roxer-1-e1684141209248.png\",\"width\":160,\"height\":57,\"caption\":\"Roxer Grup\"},\"image\":{\"@id\":\"https:\/\/www.roxer.ro\/dev\/#\/schema\/logo\/image\/\"}}]}<\/script>\n<!-- \/ Yoast SEO plugin. -->","yoast_head_json":{"title":"Xerox Phaser 6600DN \u2013 Imprimanta A4 color, 35ppm, retea, duplex - Roxer Grup","robots":{"index":"noindex","follow":"follow","max-snippet":"max-snippet:-1","max-image-preview":"max-image-preview:large","max-video-preview":"max-video-preview:-1"},"og_locale":"ro_RO","og_type":"article","og_title":"Xerox Phaser 6600DN \u2013 Imprimanta A4 color, 35ppm, retea, duplex - Roxer Grup","og_description":"Imprimanta color Phaser\u00ae 6600 permite grupurilor de lucru extrem de ocupate s\u0103 produc\u0103 f\u0103r\u0103 efort documente de afaceri importante, care se deta\u015feaz\u0103 de concuren\u0163\u0103 datorit\u0103 imprim\u0103rii color de excep\u0163ie.    Aceast\u0103 imprimant\u0103 nu mai face parte din oferta actual\u0103 de produse.","og_url":"https:\/\/www.roxer.ro\/dev\/echipament\/xerox-phaser-6600dn-imprimanta-a4-color-35ppm-retea-duplex","og_site_name":"Roxer Grup","article_modified_time":"2020-11-21T18:30:09+00:00","og_image":[{"width":250,"height":250,"url":"https:\/\/www.roxer.ro\/dev\/wp-content\/uploads\/2020\/08\/Xerox-Phaser-6600DN.jpg","type":"image\/jpeg"}],"twitter_card":"summary_large_image","twitter_misc":{"Timp estimat pentru citire":"1 minut"},"schema":{"@context":"https:\/\/schema.org","@graph":[{"@type":"WebPage","@id":"https:\/\/www.roxer.ro\/dev\/echipament\/xerox-phaser-6600dn-imprimanta-a4-color-35ppm-retea-duplex","url":"https:\/\/www.roxer.ro\/dev\/echipament\/xerox-phaser-6600dn-imprimanta-a4-color-35ppm-retea-duplex","name":"Xerox Phaser 6600DN \u2013 Imprimanta A4 color, 35ppm, retea, duplex - Roxer Grup","isPartOf":{"@id":"https:\/\/www.roxer.ro\/dev\/#website"},"datePublished":"2020-08-05T10:36:45+00:00","dateModified":"2020-11-21T18:30:09+00:00","breadcrumb":{"@id":"https:\/\/www.roxer.ro\/dev\/echipament\/xerox-phaser-6600dn-imprimanta-a4-color-35ppm-retea-duplex#breadcrumb"},"inLanguage":"ro-RO","potentialAction":[{"@type":"ReadAction","target":["https:\/\/www.roxer.ro\/dev\/echipament\/xerox-phaser-6600dn-imprimanta-a4-color-35ppm-retea-duplex"]}]},{"@type":"BreadcrumbList","@id":"https:\/\/www.roxer.ro\/dev\/echipament\/xerox-phaser-6600dn-imprimanta-a4-color-35ppm-retea-duplex#breadcrumb","itemListElement":[{"@type":"ListItem","position":1,"name":"Prima pagin\u0103","item":"https:\/\/www.roxer.ro\/dev\/"},{"@type":"ListItem","position":2,"name":"Echipamente","item":"https:\/\/www.roxer.ro\/dev\/echipamente"},{"@type":"ListItem","position":3,"name":"Xerox Phaser 6600DN \u2013 Imprimanta A4 color, 35ppm, retea, duplex"}]},{"@type":"WebSite","@id":"https:\/\/www.roxer.ro\/dev\/#website","url":"https:\/\/www.roxer.ro\/dev\/","name":"Roxer Grup","description":"Xerox Cluj Napoca, Distribuitor Xerox Cluj, distribuitor Xerox S\u0103laj, distribuitor Xerox Bihor, distribuitor Xerox Maramure\u015f, distribuitor Xerox Bistri\u0163a N\u0103s\u0103ud, distribuitor Xerox Satu Mare","publisher":{"@id":"https:\/\/www.roxer.ro\/dev\/#organization"},"potentialAction":[{"@type":"SearchAction","target":{"@type":"EntryPoint","urlTemplate":"https:\/\/www.roxer.ro\/dev\/?s={search_term_string}"},"query-input":"required name=search_term_string"}],"inLanguage":"ro-RO"},{"@type":"Organization","@id":"https:\/\/www.roxer.ro\/dev\/#organization","name":"Roxer Grup","url":"https:\/\/www.roxer.ro\/dev\/","logo":{"@type":"ImageObject","inLanguage":"ro-RO","@id":"https:\/\/www.roxer.ro\/dev\/#\/schema\/logo\/image\/","url":"https:\/\/www.roxer.ro\/dev\/wp-content\/uploads\/2023\/05\/logo-roxer-1-e1684141209248.png","contentUrl":"https:\/\/www.roxer.ro\/dev\/wp-content\/uploads\/2023\/05\/logo-roxer-1-e1684141209248.png","width":160,"height":57,"caption":"Roxer Grup"},"image":{"@id":"https:\/\/www.roxer.ro\/dev\/#\/schema\/logo\/image\/"}}]}},"_links":{"self":[{"href":"https:\/\/www.roxer.ro\/dev\/wp-json\/wp\/v2\/product\/4629"}],"collection":[{"href":"https:\/\/www.roxer.ro\/dev\/wp-json\/wp\/v2\/product"}],"about":[{"href":"https:\/\/www.roxer.ro\/dev\/wp-json\/wp\/v2\/types\/product"}],"wp:featuredmedia":[{"embeddable":true,"href":"https:\/\/www.roxer.ro\/dev\/wp-json\/wp\/v2\/media\/4634"}],"wp:attachment":[{"href":"https:\/\/www.roxer.ro\/dev\/wp-json\/wp\/v2\/media?parent=4629"}],"wp:term":[{"taxonomy":"product_cat","embeddable":true,"href":"https:\/\/www.roxer.ro\/dev\/wp-json\/wp\/v2\/product_cat?post=4629"},{"taxonomy":"product_tag","embeddable":true,"href":"https:\/\/www.roxer.ro\/dev\/wp-json\/wp\/v2\/product_tag?post=4629"}],"curies":[{"name":"wp","href":"https:\/\/api.w.org\/{rel}","templated":true}]}}