{"id":4637,"date":"2020-08-05T10:42:06","date_gmt":"2020-08-05T10:42:06","guid":{"rendered":"https:\/\/firstdesign.ro\/roxer\/?post_type=product&#038;p=4637"},"modified":"2020-11-21T18:45:01","modified_gmt":"2020-11-21T18:45:01","slug":"xerox-phaser-6700n-imprimanta-a4-color-retea","status":"publish","type":"product","link":"https:\/\/www.roxer.ro\/dev\/echipament\/xerox-phaser-6700n-imprimanta-a4-color-retea","title":{"rendered":"Xerox Phaser 6700N, Imprimanta A4 color, retea"},"content":{"rendered":"<div class=\"box-collateral box-description\">\n<div class=\"focus_desc\">\n<p>&nbsp;<\/p>\n<\/div>\n<\/div>\n<div class=\"box-collateral box-additional\">\n<table id=\"product-attribute-specs-table\" class=\"data-table\">\n<colgroup>\n<col width=\"25%\" \/>\n<col \/><\/colgroup>\n<tbody>\n<tr>\n<th class=\"label\" colspan=\"2\">Volum lunar maxim<\/th>\n<\/tr>\n<tr>\n<td class=\"data\" colspan=\"2\">120.000 pagini<\/td>\n<\/tr>\n<tr>\n<td><\/td>\n<\/tr>\n<tr>\n<th class=\"label\" colspan=\"2\">Imprimare fa\u0163\u0103-verso<\/th>\n<\/tr>\n<tr>\n<td class=\"data\" colspan=\"2\">Manual<\/td>\n<\/tr>\n<tr>\n<td><\/td>\n<\/tr>\n<tr>\n<th class=\"label\" colspan=\"2\">Imprimarea primei pagini<\/th>\n<\/tr>\n<tr>\n<td class=\"data\" colspan=\"2\">Color: 8 secunde\/Mono: 7 secunde<\/td>\n<\/tr>\n<tr>\n<td><\/td>\n<\/tr>\n<tr>\n<th class=\"label\" colspan=\"2\">Procesor<\/th>\n<\/tr>\n<tr>\n<td class=\"data\" colspan=\"2\">1,25GHz<\/td>\n<\/tr>\n<tr>\n<td><\/td>\n<\/tr>\n<tr>\n<th class=\"label\" colspan=\"2\">Memorie standard\/maxim<\/th>\n<\/tr>\n<tr>\n<td class=\"data\" colspan=\"2\">1GB\/2GB<\/td>\n<\/tr>\n<tr>\n<td><\/td>\n<\/tr>\n<tr>\n<th class=\"label\" colspan=\"2\">Interfa\u0163\u0103<\/th>\n<\/tr>\n<tr>\n<td class=\"data\" colspan=\"2\">10\/100\/1000Base-T Ethernet, USB 2.0<\/td>\n<\/tr>\n<tr>\n<td><\/td>\n<\/tr>\n<tr>\n<th class=\"label\" colspan=\"2\">Limbaj de imprimare<\/th>\n<\/tr>\n<tr>\n<td class=\"data\" colspan=\"2\">Limbaj de imprimare: Adobe\u00ae PostScript\u00ae 3TM, emulare PCL\u00ae 6 \/ PCL\u00ae 5e, PDF direct (cu unitate hard disc optionala)<\/td>\n<\/tr>\n<tr>\n<td><\/td>\n<\/tr>\n<tr>\n<th class=\"label\" colspan=\"2\">Functii imprimare<\/th>\n<\/tr>\n<tr>\n<td class=\"data\" colspan=\"2\">Func\u0163ii de imprimare standard: Setari Earth Smart \u00een driver, Colour By Words, Cola ionare, driver bidirec ional, Smart Duplex, dispunere\/filigran<br \/>\nFunc\u0163ii de imprimare optional: Kit de productivitate: unitate hard disc 160 GB: func ia Print Around, imprimare securizata, imprimare personala, set de proba, suprascriere unitate hard disc, stocare formulare\/fonturi.<\/td>\n<\/tr>\n<tr>\n<td><\/td>\n<\/tr>\n<tr>\n<th class=\"label\" colspan=\"2\">Drivere de imprimare<\/th>\n<\/tr>\n<tr>\n<td class=\"data\" colspan=\"2\">Drivere de imprimare: Windows\u00ae XP, 2003 Server, 2008 Server, Vista, 7; Mac OS\u00ae versiunea 10.5 si versiuni ulterioare, Oracle\u00ae Solaris 9, 10, RedHat\u00ae Enterprise Linux 4\/5, Fedora Core 11-13, SUSE\u00ae 11.x, IBM AIX 5TM, HP-UX\u00ae 11.0\/11.i, Novell\u00ae NetWare\u00ae 5.x, 6.x Open Enterprise Server<\/td>\n<\/tr>\n<tr>\n<td><\/td>\n<\/tr>\n<tr>\n<th class=\"label\" colspan=\"2\">Hartie<\/th>\n<\/tr>\n<tr>\n<td class=\"data\" colspan=\"2\">Standard: Alimentare Tava principal\u0103: 550 coli, dimensiuni: 99 x 191 mm p\u00e2na la 216 x 356 mm<br \/>\nStandard: Alimentare Tava manual\u0103: 150 coli, dimensiuni: 76 x 127 mm p\u00e2na la 216 x 356 mm<br \/>\nOp\u021bional: Tava suplimentara de 550 coli, dimensiuni: 99 x 191 mm p\u00e2na la 216 x 356 mm<br \/>\nOp\u021bional: Tava suplimentara de 550 coli, dimensiuni: 99 x 191 mm p\u00e2na la 216 x 356 mm<br \/>\nOp\u021bional: Alimentator suplimentar de 1.100 coli, dimensiuni: 99 x 191 mm p\u00e2na la 216 x 356 mm<br \/>\nFinisare op\u021bional: Stivuitor de 1.000 de coli, capsare 50 de coli<br \/>\nIe\u015fire h\u00e2rtie: 500 de coli<\/td>\n<\/tr>\n<tr>\n<td><\/td>\n<\/tr>\n<tr>\n<th class=\"label\" colspan=\"2\">Dimensiuni \u0219i Greutate<\/th>\n<\/tr>\n<tr>\n<td class=\"data\" colspan=\"2\">560 x 516 x 429 mm<\/td>\n<\/tr>\n<tr>\n<td><\/td>\n<\/tr>\n<tr>\n<th class=\"label\" colspan=\"2\">Con\u021binutul ambalajului<\/th>\n<\/tr>\n<tr>\n<td class=\"data\" colspan=\"2\">Cartu\u0219 toner color ( 5000 de pagini fiecare)<br \/>\nCartu\u0219 toner negru ( 7.100 de pagini)<br \/>\nCablu alimentare<br \/>\nSoftware \u0219i documenta\u021bie<\/td>\n<\/tr>\n<tr>\n<td><\/td>\n<\/tr>\n<tr>\n<th class=\"label\" colspan=\"2\">Certific\u0103ri<\/th>\n<\/tr>\n<tr>\n<td class=\"data\" colspan=\"2\">FCC Partea 15<br \/>\nClasa A<br \/>\nListat UL 60950-1\/CSA 60950-1-07<br \/>\nMarcaj CE aplicabil conform Directivelor 2004\/108\/CE si 2006\/95\/CE<br \/>\nGOST, Sectiunea 508 ADA<br \/>\nProdus calificat ENERGY STAR\u00ae (configuratii DN, DT, DX)<\/td>\n<\/tr>\n<tr>\n<td><\/td>\n<\/tr>\n<tr>\n<th class=\"label\" colspan=\"2\">Garan\u0163ie<\/th>\n<\/tr>\n<tr>\n<td class=\"data\" colspan=\"2\">1 an persoane juridice<\/td>\n<\/tr>\n<tr>\n<td><\/td>\n<\/tr>\n<\/tbody>\n<\/table>\n<\/div>\n<p><strong>Acest echipament poate fi achizi\u0163ionat \u015fi \u00een rate. Pentru detalii<a href=\"https:\/\/www.roxer.ro\/contact\/\" target=\"_blank\" rel=\"noopener noreferrer\">\u00a0contacteaz\u0103-ne<\/a>.<\/strong><\/p>\n","protected":false},"excerpt":{"rendered":"<div class=\"box-collateral box-description\">\n<div class=\"focus_desc\">\n<p>Imprimanta color Phaser\u00ae 6700 accelereaz\u0103 productivitatea grupurilor de lucru, permi\u0163\u00e2ndu-v\u0103 s\u0103 acorda\u0163i timp suplimentar pentru ceea ce conteaz\u0103 cel mai mult: succesul companiei dumneavoastr\u0103.<\/p>\n<p><strong>Aceast\u0103 imprimant\u0103 nu mai face parte din oferta actual\u0103 de produse.<\/strong><\/p>\n<\/div>\n<\/div>\n","protected":false},"featured_media":4638,"template":"","meta":[],"product_cat":[15,114],"product_tag":[],"yoast_head":"<!-- This site is optimized with the Yoast SEO plugin v20.3 - https:\/\/yoast.com\/wordpress\/plugins\/seo\/ -->\n<title>Xerox Phaser 6700N, Imprimanta A4 color, retea - Roxer Grup<\/title>\n<meta name=\"robots\" content=\"noindex, follow, max-snippet:-1, max-image-preview:large, max-video-preview:-1\" \/>\n<meta property=\"og:locale\" content=\"ro_RO\" \/>\n<meta property=\"og:type\" content=\"article\" \/>\n<meta property=\"og:title\" content=\"Xerox Phaser 6700N, Imprimanta A4 color, retea - Roxer Grup\" \/>\n<meta property=\"og:description\" content=\"Imprimanta color Phaser\u00ae 6700 accelereaz\u0103 productivitatea grupurilor de lucru, permi\u0163\u00e2ndu-v\u0103 s\u0103 acorda\u0163i timp suplimentar pentru ceea ce conteaz\u0103 cel mai mult: succesul companiei dumneavoastr\u0103.  Aceast\u0103 imprimant\u0103 nu mai face parte din oferta actual\u0103 de produse.\" \/>\n<meta property=\"og:url\" content=\"https:\/\/www.roxer.ro\/dev\/echipament\/xerox-phaser-6700n-imprimanta-a4-color-retea\" \/>\n<meta property=\"og:site_name\" content=\"Roxer Grup\" \/>\n<meta property=\"article:modified_time\" content=\"2020-11-21T18:45:01+00:00\" \/>\n<meta property=\"og:image\" content=\"https:\/\/www.roxer.ro\/dev\/wp-content\/uploads\/2020\/08\/Xerox-Phaser-6700N.jpg\" \/>\n\t<meta property=\"og:image:width\" content=\"250\" \/>\n\t<meta property=\"og:image:height\" content=\"250\" \/>\n\t<meta property=\"og:image:type\" content=\"image\/jpeg\" \/>\n<meta name=\"twitter:card\" content=\"summary_large_image\" \/>\n<meta name=\"twitter:label1\" content=\"Timp estimat pentru citire\" \/>\n\t<meta name=\"twitter:data1\" content=\"2 minute\" \/>\n<script type=\"application\/ld+json\" class=\"yoast-schema-graph\">{\"@context\":\"https:\/\/schema.org\",\"@graph\":[{\"@type\":\"WebPage\",\"@id\":\"https:\/\/www.roxer.ro\/dev\/echipament\/xerox-phaser-6700n-imprimanta-a4-color-retea\",\"url\":\"https:\/\/www.roxer.ro\/dev\/echipament\/xerox-phaser-6700n-imprimanta-a4-color-retea\",\"name\":\"Xerox Phaser 6700N, Imprimanta A4 color, retea - Roxer Grup\",\"isPartOf\":{\"@id\":\"https:\/\/www.roxer.ro\/dev\/#website\"},\"datePublished\":\"2020-08-05T10:42:06+00:00\",\"dateModified\":\"2020-11-21T18:45:01+00:00\",\"breadcrumb\":{\"@id\":\"https:\/\/www.roxer.ro\/dev\/echipament\/xerox-phaser-6700n-imprimanta-a4-color-retea#breadcrumb\"},\"inLanguage\":\"ro-RO\",\"potentialAction\":[{\"@type\":\"ReadAction\",\"target\":[\"https:\/\/www.roxer.ro\/dev\/echipament\/xerox-phaser-6700n-imprimanta-a4-color-retea\"]}]},{\"@type\":\"BreadcrumbList\",\"@id\":\"https:\/\/www.roxer.ro\/dev\/echipament\/xerox-phaser-6700n-imprimanta-a4-color-retea#breadcrumb\",\"itemListElement\":[{\"@type\":\"ListItem\",\"position\":1,\"name\":\"Prima pagin\u0103\",\"item\":\"https:\/\/www.roxer.ro\/dev\/\"},{\"@type\":\"ListItem\",\"position\":2,\"name\":\"Echipamente\",\"item\":\"https:\/\/www.roxer.ro\/dev\/echipamente\"},{\"@type\":\"ListItem\",\"position\":3,\"name\":\"Xerox Phaser 6700N, Imprimanta A4 color, retea\"}]},{\"@type\":\"WebSite\",\"@id\":\"https:\/\/www.roxer.ro\/dev\/#website\",\"url\":\"https:\/\/www.roxer.ro\/dev\/\",\"name\":\"Roxer Grup\",\"description\":\"Xerox Cluj Napoca, Distribuitor Xerox Cluj, distribuitor Xerox S\u0103laj, distribuitor Xerox Bihor, distribuitor Xerox Maramure\u015f, distribuitor Xerox Bistri\u0163a N\u0103s\u0103ud, distribuitor Xerox Satu Mare\",\"publisher\":{\"@id\":\"https:\/\/www.roxer.ro\/dev\/#organization\"},\"potentialAction\":[{\"@type\":\"SearchAction\",\"target\":{\"@type\":\"EntryPoint\",\"urlTemplate\":\"https:\/\/www.roxer.ro\/dev\/?s={search_term_string}\"},\"query-input\":\"required name=search_term_string\"}],\"inLanguage\":\"ro-RO\"},{\"@type\":\"Organization\",\"@id\":\"https:\/\/www.roxer.ro\/dev\/#organization\",\"name\":\"Roxer Grup\",\"url\":\"https:\/\/www.roxer.ro\/dev\/\",\"logo\":{\"@type\":\"ImageObject\",\"inLanguage\":\"ro-RO\",\"@id\":\"https:\/\/www.roxer.ro\/dev\/#\/schema\/logo\/image\/\",\"url\":\"https:\/\/www.roxer.ro\/dev\/wp-content\/uploads\/2023\/05\/logo-roxer-1-e1684141209248.png\",\"contentUrl\":\"https:\/\/www.roxer.ro\/dev\/wp-content\/uploads\/2023\/05\/logo-roxer-1-e1684141209248.png\",\"width\":160,\"height\":57,\"caption\":\"Roxer Grup\"},\"image\":{\"@id\":\"https:\/\/www.roxer.ro\/dev\/#\/schema\/logo\/image\/\"}}]}<\/script>\n<!-- \/ Yoast SEO plugin. -->","yoast_head_json":{"title":"Xerox Phaser 6700N, Imprimanta A4 color, retea - Roxer Grup","robots":{"index":"noindex","follow":"follow","max-snippet":"max-snippet:-1","max-image-preview":"max-image-preview:large","max-video-preview":"max-video-preview:-1"},"og_locale":"ro_RO","og_type":"article","og_title":"Xerox Phaser 6700N, Imprimanta A4 color, retea - Roxer Grup","og_description":"Imprimanta color Phaser\u00ae 6700 accelereaz\u0103 productivitatea grupurilor de lucru, permi\u0163\u00e2ndu-v\u0103 s\u0103 acorda\u0163i timp suplimentar pentru ceea ce conteaz\u0103 cel mai mult: succesul companiei dumneavoastr\u0103.  Aceast\u0103 imprimant\u0103 nu mai face parte din oferta actual\u0103 de produse.","og_url":"https:\/\/www.roxer.ro\/dev\/echipament\/xerox-phaser-6700n-imprimanta-a4-color-retea","og_site_name":"Roxer Grup","article_modified_time":"2020-11-21T18:45:01+00:00","og_image":[{"width":250,"height":250,"url":"https:\/\/www.roxer.ro\/dev\/wp-content\/uploads\/2020\/08\/Xerox-Phaser-6700N.jpg","type":"image\/jpeg"}],"twitter_card":"summary_large_image","twitter_misc":{"Timp estimat pentru citire":"2 minute"},"schema":{"@context":"https:\/\/schema.org","@graph":[{"@type":"WebPage","@id":"https:\/\/www.roxer.ro\/dev\/echipament\/xerox-phaser-6700n-imprimanta-a4-color-retea","url":"https:\/\/www.roxer.ro\/dev\/echipament\/xerox-phaser-6700n-imprimanta-a4-color-retea","name":"Xerox Phaser 6700N, Imprimanta A4 color, retea - Roxer Grup","isPartOf":{"@id":"https:\/\/www.roxer.ro\/dev\/#website"},"datePublished":"2020-08-05T10:42:06+00:00","dateModified":"2020-11-21T18:45:01+00:00","breadcrumb":{"@id":"https:\/\/www.roxer.ro\/dev\/echipament\/xerox-phaser-6700n-imprimanta-a4-color-retea#breadcrumb"},"inLanguage":"ro-RO","potentialAction":[{"@type":"ReadAction","target":["https:\/\/www.roxer.ro\/dev\/echipament\/xerox-phaser-6700n-imprimanta-a4-color-retea"]}]},{"@type":"BreadcrumbList","@id":"https:\/\/www.roxer.ro\/dev\/echipament\/xerox-phaser-6700n-imprimanta-a4-color-retea#breadcrumb","itemListElement":[{"@type":"ListItem","position":1,"name":"Prima pagin\u0103","item":"https:\/\/www.roxer.ro\/dev\/"},{"@type":"ListItem","position":2,"name":"Echipamente","item":"https:\/\/www.roxer.ro\/dev\/echipamente"},{"@type":"ListItem","position":3,"name":"Xerox Phaser 6700N, Imprimanta A4 color, retea"}]},{"@type":"WebSite","@id":"https:\/\/www.roxer.ro\/dev\/#website","url":"https:\/\/www.roxer.ro\/dev\/","name":"Roxer Grup","description":"Xerox Cluj Napoca, Distribuitor Xerox Cluj, distribuitor Xerox S\u0103laj, distribuitor Xerox Bihor, distribuitor Xerox Maramure\u015f, distribuitor Xerox Bistri\u0163a N\u0103s\u0103ud, distribuitor Xerox Satu Mare","publisher":{"@id":"https:\/\/www.roxer.ro\/dev\/#organization"},"potentialAction":[{"@type":"SearchAction","target":{"@type":"EntryPoint","urlTemplate":"https:\/\/www.roxer.ro\/dev\/?s={search_term_string}"},"query-input":"required name=search_term_string"}],"inLanguage":"ro-RO"},{"@type":"Organization","@id":"https:\/\/www.roxer.ro\/dev\/#organization","name":"Roxer Grup","url":"https:\/\/www.roxer.ro\/dev\/","logo":{"@type":"ImageObject","inLanguage":"ro-RO","@id":"https:\/\/www.roxer.ro\/dev\/#\/schema\/logo\/image\/","url":"https:\/\/www.roxer.ro\/dev\/wp-content\/uploads\/2023\/05\/logo-roxer-1-e1684141209248.png","contentUrl":"https:\/\/www.roxer.ro\/dev\/wp-content\/uploads\/2023\/05\/logo-roxer-1-e1684141209248.png","width":160,"height":57,"caption":"Roxer Grup"},"image":{"@id":"https:\/\/www.roxer.ro\/dev\/#\/schema\/logo\/image\/"}}]}},"_links":{"self":[{"href":"https:\/\/www.roxer.ro\/dev\/wp-json\/wp\/v2\/product\/4637"}],"collection":[{"href":"https:\/\/www.roxer.ro\/dev\/wp-json\/wp\/v2\/product"}],"about":[{"href":"https:\/\/www.roxer.ro\/dev\/wp-json\/wp\/v2\/types\/product"}],"wp:featuredmedia":[{"embeddable":true,"href":"https:\/\/www.roxer.ro\/dev\/wp-json\/wp\/v2\/media\/4638"}],"wp:attachment":[{"href":"https:\/\/www.roxer.ro\/dev\/wp-json\/wp\/v2\/media?parent=4637"}],"wp:term":[{"taxonomy":"product_cat","embeddable":true,"href":"https:\/\/www.roxer.ro\/dev\/wp-json\/wp\/v2\/product_cat?post=4637"},{"taxonomy":"product_tag","embeddable":true,"href":"https:\/\/www.roxer.ro\/dev\/wp-json\/wp\/v2\/product_tag?post=4637"}],"curies":[{"name":"wp","href":"https:\/\/api.w.org\/{rel}","templated":true}]}}