{"id":4649,"date":"2020-08-05T11:00:50","date_gmt":"2020-08-05T11:00:50","guid":{"rendered":"https:\/\/firstdesign.ro\/roxer\/?post_type=product&#038;p=4649"},"modified":"2020-11-21T18:50:26","modified_gmt":"2020-11-21T18:50:26","slug":"xerox-phaser-7500dnz-imprimanta-a3-color-retea-duplex-hdd","status":"publish","type":"product","link":"https:\/\/www.roxer.ro\/dev\/echipament\/xerox-phaser-7500dnz-imprimanta-a3-color-retea-duplex-hdd","title":{"rendered":"Xerox Phaser 7500DNZ \u2013 Imprimanta A3 color, retea, duplex, HDD"},"content":{"rendered":"<div class=\"box-collateral box-description\">\n<div class=\"focus_desc\">\n<p>&nbsp;<\/p>\n<\/div>\n<\/div>\n<div class=\"box-collateral box-additional\">\n<table id=\"product-attribute-specs-table\" class=\"data-table\">\n<colgroup>\n<col width=\"25%\" \/>\n<col \/><\/colgroup>\n<tbody>\n<tr>\n<th class=\"label\" colspan=\"2\">Volum lunar maxim<\/th>\n<\/tr>\n<tr>\n<td class=\"data\" colspan=\"2\">p\u00e2n\u0103 la 150,000 pagini \/ lun\u0103<\/td>\n<\/tr>\n<tr>\n<td><\/td>\n<\/tr>\n<tr>\n<th class=\"label\" colspan=\"2\">Imprimare fa\u0163\u0103-verso<\/th>\n<\/tr>\n<tr>\n<td class=\"data\" colspan=\"2\">Automat, Standard<\/td>\n<\/tr>\n<tr>\n<td><\/td>\n<\/tr>\n<tr>\n<th class=\"label\" colspan=\"2\">Imprimarea primei pagini<\/th>\n<\/tr>\n<tr>\n<td class=\"data\" colspan=\"2\">7 secunde color \/ 7 secunde alb-negru<\/td>\n<\/tr>\n<tr>\n<td><\/td>\n<\/tr>\n<tr>\n<th class=\"label\" colspan=\"2\">Procesor<\/th>\n<\/tr>\n<tr>\n<td class=\"data\" colspan=\"2\">1 GHz<\/td>\n<\/tr>\n<tr>\n<td><\/td>\n<\/tr>\n<tr>\n<th class=\"label\" colspan=\"2\">Memorie standard\/maxim<\/th>\n<\/tr>\n<tr>\n<td class=\"data\" colspan=\"2\">512 MB DDR2\/ 2 GB<\/td>\n<\/tr>\n<tr>\n<td><\/td>\n<\/tr>\n<tr>\n<th class=\"label\" colspan=\"2\">Limbaj de imprimare<\/th>\n<\/tr>\n<tr>\n<td class=\"data\" colspan=\"2\">Adobe PostScript 3<br \/>\nPCL 5c<\/td>\n<\/tr>\n<tr>\n<td><\/td>\n<\/tr>\n<tr>\n<th class=\"label\" colspan=\"2\">Functii imprimare<\/th>\n<\/tr>\n<tr>\n<td class=\"data\" colspan=\"2\">Imprimare tip bro\u015fur\u0103, mic\u015forare-m\u0103rire, filigran, h\u00e2rtie cu dimensiuni personalizate, imprimare cu toner negru, coper\u0163i, cola\u0163ionare RAM, imprimare de la distan\u0163\u0103, pagini separatoare, imprimare N-Up, banere, func\u0163ie black trapping<\/td>\n<\/tr>\n<tr>\n<td><\/td>\n<\/tr>\n<tr>\n<th class=\"label\" colspan=\"2\">Drivere de imprimare<\/th>\n<\/tr>\n<tr>\n<td class=\"data\" colspan=\"2\">Windows\u00ae 2000\/2003 Server\/Server 2008\/XP\/Vista, Mac OS\u00ae X 10.3 \u015fi mai nou, Sun Solaris 8\/9\/10, SUSE\u00ae 10.0 \u015fi 11.x, Red Hat\u00ae 4, Fedora Core 1-5, IBM AIX 5I v5.3, HP-UX 11.0\/11iv2, Xerox Global Print Driver\u2122, Xerox Mobile Express Driver\u2122<\/td>\n<\/tr>\n<tr>\n<td><\/td>\n<\/tr>\n<tr>\n<th class=\"label\" colspan=\"2\">Hartie<\/th>\n<\/tr>\n<tr>\n<td class=\"data\" colspan=\"2\">2 tavi, capacitate 600 coli<br \/>\nTava 1 (MPT): 100 coli; Dimensiuni: 89 x 99 mm \u2013 320 x 1200 mm<br \/>\nTava 2: 500 coli; Dimensiuni: 140 x 182 mm \u2013 297 x 432 mm<br \/>\nTavi aditionale: Optional<br \/>\nIesire: 400 foi<br \/>\nTava 1 (MPT): 67 \u2013 280 gsm; Tava 1 (MPT) Duplex: 67 \u2013 220 gsm; T\u0103vile 2-5: 67 \u2013 256 gsm; T\u0103vile 2-5 Duplex: 67 \u2013 220 gsm; Tipuri de media: h\u00e2rtie, plicuri, transparente, etichete, carduri, h\u00e2rtie groas\u0103, h\u00e2rtie lucioas\u0103<\/td>\n<\/tr>\n<tr>\n<td><\/td>\n<\/tr>\n<tr>\n<th class=\"label\" colspan=\"2\">Mediu de func\u021bionare<\/th>\n<\/tr>\n<tr>\n<td class=\"data\" colspan=\"2\">Func\u0163ionare: 10\u00ba \u2013 32\u00ba C; Stocare: -20\u00ba \u2013 48\u00ba C; Umiditate relativ\u0103: Func\u0163ionare: 10% \u2013 80%; Stocare: 10% \u2013 85%; Nivel presiune zgomot: Imprimare: 51 dB(A), \u00een a\u015fteptare: 26 dB(A); Nivel putere zgomot: Imprimare: 6.8 B, \u00een a\u015fteptare: 4.2 B; Timp de \u00eenc\u0103lzire (din modul economic): 46 secunde<\/td>\n<\/tr>\n<tr>\n<td><\/td>\n<\/tr>\n<tr>\n<th class=\"label\" colspan=\"2\">Alimentare<\/th>\n<\/tr>\n<tr>\n<td class=\"data\" colspan=\"2\">Alimentare: 220\u2013240 V CA, 50\/60 Hz; Consum: \u00een a\u015fteptare: 95 W, imprimare: 670 W, mod economic: 11 W Compatibil ENERGY STAR\u00ae<\/td>\n<\/tr>\n<tr>\n<td><\/td>\n<\/tr>\n<tr>\n<th class=\"label\" colspan=\"2\">Dimensiuni \u0219i Greutate<\/th>\n<\/tr>\n<tr>\n<td class=\"data\" colspan=\"2\">640 x 665 x 399 mm<\/td>\n<\/tr>\n<tr>\n<td><\/td>\n<\/tr>\n<tr>\n<th class=\"label\" colspan=\"2\">Con\u021binutul ambalajului<\/th>\n<\/tr>\n<tr>\n<td class=\"data\" colspan=\"2\">Phaser 7500<br \/>\nCartu\u015f toner (9,600 pagini 1 pentru CMY \u015fi 19,800 pagini 1 pentru Black)<br \/>\nCD software \u015fi documenta\u0163ie (con\u0163ine Manualul utilizatorului, Ghid de instalare rapid\u0103 \u015fi certificat de garan\u0163ie)<br \/>\nCablu de alimentare<\/td>\n<\/tr>\n<tr>\n<td><\/td>\n<\/tr>\n<tr>\n<th class=\"label\" colspan=\"2\">Certific\u0103ri<\/th>\n<\/tr>\n<tr>\n<td class=\"data\" colspan=\"2\">FCC Cap. 15, Clasa A, Listat \u00een UL 60950-1\/CSA 60950-1-03, \u00censemnul CE aplicabil Directivelor 2004\/108\/EC \u015fi 2006\/95\/EC \u015fi Sec\u0163iunii 508 ADA<\/td>\n<\/tr>\n<tr>\n<td><\/td>\n<\/tr>\n<tr>\n<th class=\"label\" colspan=\"2\">Performanta<\/th>\n<\/tr>\n<tr>\n<td class=\"data\" colspan=\"2\">Fonturi: 139 fonturi True Adobe\u00ae PostScript\u00ae \u015fi 81 fonturi PCL\u00ae<\/td>\n<\/tr>\n<tr>\n<td><\/td>\n<\/tr>\n<tr>\n<th class=\"label\" colspan=\"2\">Conectivitate<\/th>\n<\/tr>\n<tr>\n<td class=\"data\" colspan=\"2\">USB<br \/>\n10\/100\/1000BaseTX Ethernet<\/td>\n<\/tr>\n<tr>\n<td><\/td>\n<\/tr>\n<tr>\n<th class=\"label\" colspan=\"2\">Productivitate<\/th>\n<\/tr>\n<tr>\n<td class=\"data\" colspan=\"2\">Duplex<\/td>\n<\/tr>\n<tr>\n<td><\/td>\n<\/tr>\n<tr>\n<th class=\"label\" colspan=\"2\">Siguranta<\/th>\n<\/tr>\n<tr>\n<td class=\"data\" colspan=\"2\">802.1x, IPSec, SMNP v3, imprimare securizat\u0103 \u015fi suprascrierea datelor (necesit\u0103 Kit productivitate)<\/td>\n<\/tr>\n<tr>\n<td><\/td>\n<\/tr>\n<\/tbody>\n<\/table>\n<\/div>\n<p><strong>Acest echipament poate fi achizi\u0163ionat \u015fi \u00een rate. Pentru detalii<a href=\"https:\/\/www.roxer.ro\/contact\/\" target=\"_blank\" rel=\"noopener noreferrer\">\u00a0contacteaz\u0103-ne<\/a>.<\/strong><\/p>\n","protected":false},"excerpt":{"rendered":"<div class=\"box-collateral box-description\">\n<div class=\"focus_desc\">\n<p>Economisi\u0163i acoperind intern cererea de imprimare color a echipei dumneavoastr\u0103. Phaser 7500 include o mul\u0163ime de func\u0163ii, fiind solu\u0163ia perfect\u0103 pentru un mediu de imprimare de birou.<\/p>\n<p>Profita\u0163i de avantajul culorii folosit\u0103 la nivel profesional. Acum exist\u0103 o imprimant\u0103 de re\u0163ea, suficient de performant\u0103 pentru a sus\u0163ine sesiuni de imprimare de o calitate excep\u0163ional\u0103 \u015fi suficient de u\u015foar\u0103 pentru a se \u00eencadra \u00een biroul dumneavoastr\u0103 aglomerat.<\/p>\n<p>Func\u0163iile de control al culorii \u015fi cele de administrare simplific\u0103 imprimarea \u015fi v\u0103 ofer\u0103 performan\u0163a necesar\u0103 pentru a produce mai mult ca oric\u00e2nd.<\/p>\n<p><strong>Aceast\u0103 imprimant\u0103 nu mai face parte din oferta actual\u0103 de produse.<\/strong><\/p>\n<\/div>\n<\/div>\n","protected":false},"featured_media":4650,"template":"","meta":[],"product_cat":[15,114],"product_tag":[],"yoast_head":"<!-- This site is optimized with the Yoast SEO plugin v20.3 - https:\/\/yoast.com\/wordpress\/plugins\/seo\/ -->\n<title>Xerox Phaser 7500DNZ \u2013 Imprimanta A3 color, retea, duplex, HDD - Roxer Grup<\/title>\n<meta name=\"robots\" content=\"noindex, follow, max-snippet:-1, max-image-preview:large, max-video-preview:-1\" \/>\n<meta property=\"og:locale\" content=\"ro_RO\" \/>\n<meta property=\"og:type\" content=\"article\" \/>\n<meta property=\"og:title\" content=\"Xerox Phaser 7500DNZ \u2013 Imprimanta A3 color, retea, duplex, HDD - Roxer Grup\" \/>\n<meta property=\"og:description\" content=\"Economisi\u0163i acoperind intern cererea de imprimare color a echipei dumneavoastr\u0103. Phaser 7500 include o mul\u0163ime de func\u0163ii, fiind solu\u0163ia perfect\u0103 pentru un mediu de imprimare de birou.  Profita\u0163i de avantajul culorii folosit\u0103 la nivel profesional. Acum exist\u0103 o imprimant\u0103 de re\u0163ea, suficient de performant\u0103 pentru a sus\u0163ine sesiuni de imprimare de o calitate excep\u0163ional\u0103 \u015fi suficient de u\u015foar\u0103 pentru a se \u00eencadra \u00een biroul dumneavoastr\u0103 aglomerat.  Func\u0163iile de control al culorii \u015fi cele de administrare simplific\u0103 imprimarea \u015fi v\u0103 ofer\u0103 performan\u0163a necesar\u0103 pentru a produce mai mult ca oric\u00e2nd.  Aceast\u0103 imprimant\u0103 nu mai face parte din oferta actual\u0103 de produse.\" \/>\n<meta property=\"og:url\" content=\"https:\/\/www.roxer.ro\/dev\/echipament\/xerox-phaser-7500dnz-imprimanta-a3-color-retea-duplex-hdd\" \/>\n<meta property=\"og:site_name\" content=\"Roxer Grup\" \/>\n<meta property=\"article:modified_time\" content=\"2020-11-21T18:50:26+00:00\" \/>\n<meta property=\"og:image\" content=\"https:\/\/www.roxer.ro\/dev\/wp-content\/uploads\/2020\/08\/Xerox-Phaser-7500DNZ.jpg\" \/>\n\t<meta property=\"og:image:width\" content=\"250\" \/>\n\t<meta property=\"og:image:height\" content=\"250\" \/>\n\t<meta property=\"og:image:type\" content=\"image\/jpeg\" \/>\n<meta name=\"twitter:card\" content=\"summary_large_image\" \/>\n<meta name=\"twitter:label1\" content=\"Timp estimat pentru citire\" \/>\n\t<meta name=\"twitter:data1\" content=\"2 minute\" \/>\n<script type=\"application\/ld+json\" class=\"yoast-schema-graph\">{\"@context\":\"https:\/\/schema.org\",\"@graph\":[{\"@type\":\"WebPage\",\"@id\":\"https:\/\/www.roxer.ro\/dev\/echipament\/xerox-phaser-7500dnz-imprimanta-a3-color-retea-duplex-hdd\",\"url\":\"https:\/\/www.roxer.ro\/dev\/echipament\/xerox-phaser-7500dnz-imprimanta-a3-color-retea-duplex-hdd\",\"name\":\"Xerox Phaser 7500DNZ \u2013 Imprimanta A3 color, retea, duplex, HDD - Roxer Grup\",\"isPartOf\":{\"@id\":\"https:\/\/www.roxer.ro\/dev\/#website\"},\"datePublished\":\"2020-08-05T11:00:50+00:00\",\"dateModified\":\"2020-11-21T18:50:26+00:00\",\"breadcrumb\":{\"@id\":\"https:\/\/www.roxer.ro\/dev\/echipament\/xerox-phaser-7500dnz-imprimanta-a3-color-retea-duplex-hdd#breadcrumb\"},\"inLanguage\":\"ro-RO\",\"potentialAction\":[{\"@type\":\"ReadAction\",\"target\":[\"https:\/\/www.roxer.ro\/dev\/echipament\/xerox-phaser-7500dnz-imprimanta-a3-color-retea-duplex-hdd\"]}]},{\"@type\":\"BreadcrumbList\",\"@id\":\"https:\/\/www.roxer.ro\/dev\/echipament\/xerox-phaser-7500dnz-imprimanta-a3-color-retea-duplex-hdd#breadcrumb\",\"itemListElement\":[{\"@type\":\"ListItem\",\"position\":1,\"name\":\"Prima pagin\u0103\",\"item\":\"https:\/\/www.roxer.ro\/dev\/\"},{\"@type\":\"ListItem\",\"position\":2,\"name\":\"Echipamente\",\"item\":\"https:\/\/www.roxer.ro\/dev\/echipamente\"},{\"@type\":\"ListItem\",\"position\":3,\"name\":\"Xerox Phaser 7500DNZ \u2013 Imprimanta A3 color, retea, duplex, HDD\"}]},{\"@type\":\"WebSite\",\"@id\":\"https:\/\/www.roxer.ro\/dev\/#website\",\"url\":\"https:\/\/www.roxer.ro\/dev\/\",\"name\":\"Roxer Grup\",\"description\":\"Xerox Cluj Napoca, Distribuitor Xerox Cluj, distribuitor Xerox S\u0103laj, distribuitor Xerox Bihor, distribuitor Xerox Maramure\u015f, distribuitor Xerox Bistri\u0163a N\u0103s\u0103ud, distribuitor Xerox Satu Mare\",\"publisher\":{\"@id\":\"https:\/\/www.roxer.ro\/dev\/#organization\"},\"potentialAction\":[{\"@type\":\"SearchAction\",\"target\":{\"@type\":\"EntryPoint\",\"urlTemplate\":\"https:\/\/www.roxer.ro\/dev\/?s={search_term_string}\"},\"query-input\":\"required name=search_term_string\"}],\"inLanguage\":\"ro-RO\"},{\"@type\":\"Organization\",\"@id\":\"https:\/\/www.roxer.ro\/dev\/#organization\",\"name\":\"Roxer Grup\",\"url\":\"https:\/\/www.roxer.ro\/dev\/\",\"logo\":{\"@type\":\"ImageObject\",\"inLanguage\":\"ro-RO\",\"@id\":\"https:\/\/www.roxer.ro\/dev\/#\/schema\/logo\/image\/\",\"url\":\"https:\/\/www.roxer.ro\/dev\/wp-content\/uploads\/2023\/05\/logo-roxer-1-e1684141209248.png\",\"contentUrl\":\"https:\/\/www.roxer.ro\/dev\/wp-content\/uploads\/2023\/05\/logo-roxer-1-e1684141209248.png\",\"width\":160,\"height\":57,\"caption\":\"Roxer Grup\"},\"image\":{\"@id\":\"https:\/\/www.roxer.ro\/dev\/#\/schema\/logo\/image\/\"}}]}<\/script>\n<!-- \/ Yoast SEO plugin. -->","yoast_head_json":{"title":"Xerox Phaser 7500DNZ \u2013 Imprimanta A3 color, retea, duplex, HDD - Roxer Grup","robots":{"index":"noindex","follow":"follow","max-snippet":"max-snippet:-1","max-image-preview":"max-image-preview:large","max-video-preview":"max-video-preview:-1"},"og_locale":"ro_RO","og_type":"article","og_title":"Xerox Phaser 7500DNZ \u2013 Imprimanta A3 color, retea, duplex, HDD - Roxer Grup","og_description":"Economisi\u0163i acoperind intern cererea de imprimare color a echipei dumneavoastr\u0103. Phaser 7500 include o mul\u0163ime de func\u0163ii, fiind solu\u0163ia perfect\u0103 pentru un mediu de imprimare de birou.  Profita\u0163i de avantajul culorii folosit\u0103 la nivel profesional. Acum exist\u0103 o imprimant\u0103 de re\u0163ea, suficient de performant\u0103 pentru a sus\u0163ine sesiuni de imprimare de o calitate excep\u0163ional\u0103 \u015fi suficient de u\u015foar\u0103 pentru a se \u00eencadra \u00een biroul dumneavoastr\u0103 aglomerat.  Func\u0163iile de control al culorii \u015fi cele de administrare simplific\u0103 imprimarea \u015fi v\u0103 ofer\u0103 performan\u0163a necesar\u0103 pentru a produce mai mult ca oric\u00e2nd.  Aceast\u0103 imprimant\u0103 nu mai face parte din oferta actual\u0103 de produse.","og_url":"https:\/\/www.roxer.ro\/dev\/echipament\/xerox-phaser-7500dnz-imprimanta-a3-color-retea-duplex-hdd","og_site_name":"Roxer Grup","article_modified_time":"2020-11-21T18:50:26+00:00","og_image":[{"width":250,"height":250,"url":"https:\/\/www.roxer.ro\/dev\/wp-content\/uploads\/2020\/08\/Xerox-Phaser-7500DNZ.jpg","type":"image\/jpeg"}],"twitter_card":"summary_large_image","twitter_misc":{"Timp estimat pentru citire":"2 minute"},"schema":{"@context":"https:\/\/schema.org","@graph":[{"@type":"WebPage","@id":"https:\/\/www.roxer.ro\/dev\/echipament\/xerox-phaser-7500dnz-imprimanta-a3-color-retea-duplex-hdd","url":"https:\/\/www.roxer.ro\/dev\/echipament\/xerox-phaser-7500dnz-imprimanta-a3-color-retea-duplex-hdd","name":"Xerox Phaser 7500DNZ \u2013 Imprimanta A3 color, retea, duplex, HDD - Roxer Grup","isPartOf":{"@id":"https:\/\/www.roxer.ro\/dev\/#website"},"datePublished":"2020-08-05T11:00:50+00:00","dateModified":"2020-11-21T18:50:26+00:00","breadcrumb":{"@id":"https:\/\/www.roxer.ro\/dev\/echipament\/xerox-phaser-7500dnz-imprimanta-a3-color-retea-duplex-hdd#breadcrumb"},"inLanguage":"ro-RO","potentialAction":[{"@type":"ReadAction","target":["https:\/\/www.roxer.ro\/dev\/echipament\/xerox-phaser-7500dnz-imprimanta-a3-color-retea-duplex-hdd"]}]},{"@type":"BreadcrumbList","@id":"https:\/\/www.roxer.ro\/dev\/echipament\/xerox-phaser-7500dnz-imprimanta-a3-color-retea-duplex-hdd#breadcrumb","itemListElement":[{"@type":"ListItem","position":1,"name":"Prima pagin\u0103","item":"https:\/\/www.roxer.ro\/dev\/"},{"@type":"ListItem","position":2,"name":"Echipamente","item":"https:\/\/www.roxer.ro\/dev\/echipamente"},{"@type":"ListItem","position":3,"name":"Xerox Phaser 7500DNZ \u2013 Imprimanta A3 color, retea, duplex, HDD"}]},{"@type":"WebSite","@id":"https:\/\/www.roxer.ro\/dev\/#website","url":"https:\/\/www.roxer.ro\/dev\/","name":"Roxer Grup","description":"Xerox Cluj Napoca, Distribuitor Xerox Cluj, distribuitor Xerox S\u0103laj, distribuitor Xerox Bihor, distribuitor Xerox Maramure\u015f, distribuitor Xerox Bistri\u0163a N\u0103s\u0103ud, distribuitor Xerox Satu Mare","publisher":{"@id":"https:\/\/www.roxer.ro\/dev\/#organization"},"potentialAction":[{"@type":"SearchAction","target":{"@type":"EntryPoint","urlTemplate":"https:\/\/www.roxer.ro\/dev\/?s={search_term_string}"},"query-input":"required name=search_term_string"}],"inLanguage":"ro-RO"},{"@type":"Organization","@id":"https:\/\/www.roxer.ro\/dev\/#organization","name":"Roxer Grup","url":"https:\/\/www.roxer.ro\/dev\/","logo":{"@type":"ImageObject","inLanguage":"ro-RO","@id":"https:\/\/www.roxer.ro\/dev\/#\/schema\/logo\/image\/","url":"https:\/\/www.roxer.ro\/dev\/wp-content\/uploads\/2023\/05\/logo-roxer-1-e1684141209248.png","contentUrl":"https:\/\/www.roxer.ro\/dev\/wp-content\/uploads\/2023\/05\/logo-roxer-1-e1684141209248.png","width":160,"height":57,"caption":"Roxer Grup"},"image":{"@id":"https:\/\/www.roxer.ro\/dev\/#\/schema\/logo\/image\/"}}]}},"_links":{"self":[{"href":"https:\/\/www.roxer.ro\/dev\/wp-json\/wp\/v2\/product\/4649"}],"collection":[{"href":"https:\/\/www.roxer.ro\/dev\/wp-json\/wp\/v2\/product"}],"about":[{"href":"https:\/\/www.roxer.ro\/dev\/wp-json\/wp\/v2\/types\/product"}],"wp:featuredmedia":[{"embeddable":true,"href":"https:\/\/www.roxer.ro\/dev\/wp-json\/wp\/v2\/media\/4650"}],"wp:attachment":[{"href":"https:\/\/www.roxer.ro\/dev\/wp-json\/wp\/v2\/media?parent=4649"}],"wp:term":[{"taxonomy":"product_cat","embeddable":true,"href":"https:\/\/www.roxer.ro\/dev\/wp-json\/wp\/v2\/product_cat?post=4649"},{"taxonomy":"product_tag","embeddable":true,"href":"https:\/\/www.roxer.ro\/dev\/wp-json\/wp\/v2\/product_tag?post=4649"}],"curies":[{"name":"wp","href":"https:\/\/api.w.org\/{rel}","templated":true}]}}