{"id":4658,"date":"2020-08-05T12:03:51","date_gmt":"2020-08-05T12:03:51","guid":{"rendered":"https:\/\/firstdesign.ro\/roxer\/?post_type=product&#038;p=4658"},"modified":"2020-11-26T16:00:24","modified_gmt":"2020-11-26T16:00:24","slug":"xerox-workcentre-3225dni-multifunctional-a4","status":"publish","type":"product","link":"https:\/\/www.roxer.ro\/dev\/echipament\/xerox-workcentre-3225dni-multifunctional-a4","title":{"rendered":"Xerox WorkCentre 3225DNI Multifunctional A4"},"content":{"rendered":"<div class=\"box-collateral box-description\">\n<div class=\"focus_desc\">\n<p><iframe loading=\"lazy\" title=\"Xerox WorkCentre 3225 Mono Laser MFP Demo | printerbase.co.uk\" width=\"1200\" height=\"675\" src=\"https:\/\/www.youtube.com\/embed\/DYGl2DJsLHc?feature=oembed\" frameborder=\"0\" allow=\"accelerometer; autoplay; clipboard-write; encrypted-media; gyroscope; picture-in-picture\" allowfullscreen><\/iframe><\/p>\n<p>&nbsp;<\/p>\n<\/div>\n<\/div>\n<div class=\"box-collateral box-additional\">\n<table id=\"product-attribute-specs-table\" class=\"data-table\">\n<colgroup>\n<col width=\"25%\" \/>\n<col \/><\/colgroup>\n<tbody>\n<tr>\n<th class=\"label\" colspan=\"2\">Imprimare<\/th>\n<\/tr>\n<tr>\n<td class=\"data\" colspan=\"2\">Rezolu\u0163ie: Imprimare \u2013 600 x 600 dpi (p\u00e2n\u0103 la 4800 x 600 dpi la calitate \u00eembun\u0103t\u0103\u0163it\u0103 a imaginii); Copiere -p\u00e2n\u0103 la 1200 x 1200 dpi la calitate \u00eembun\u0103t\u0103\u0163it\u0103 a imaginii<br \/>\nIe\u015firea primei pagini : Imprimare \u2013 8,5 secunde; Copiere \u2013 10 secunde<br \/>\nLimbaje de imprimare: Emul\u0103ri PCL\u00ae 5e \u015fi 6, emulare PostScript\u00ae 3\u2122<br \/>\nFunc\u0163ii de imprimare: Mod economic pentru toner, imprimare bro\u015furi, imprimare postere, ignorare pagini goale, N pe pagin\u0103, scalare, mic\u015forare\/m\u0103rire, dimensionare la formatul paginii, filigrane, suprapuneri, pagini cu dimensiuni personalizate, ordine imprimare, amplificare contrast margini, reglare luminozitate, reglare contrast, selectare h\u00e2rtie dup\u0103 atribute, set\u0103ri driver Earth Smart, drivere de imprimare bidirec\u0163ional\u0103, monitorizare lucrare, memorare \u015fi reluare set\u0103ri driver<br \/>\nImprimare mobil\u0103: Apple\u00ae AirPrint\u2122, Xerox\u00ae PrintBack<br \/>\nImprimare fa\u021b\u0103-verso automat\u0103<\/td>\n<\/tr>\n<tr>\n<td><\/td>\n<\/tr>\n<tr>\n<th class=\"label\" colspan=\"2\">Fax<\/th>\n<\/tr>\n<tr>\n<td class=\"data\" colspan=\"2\">Func\u021bii fax direct: Comprimare MH\/MR\/MMR\/JBIG\/JPEG, r\u0103spuns automat, reapelare automat\u0103, mic\u015forare automat\u0103, trimitere c\u0103tre mai multe destina\u0163ii, trimitere faxuri color, filtrare faxuri nedorite, ton de apel distinct, agend\u0103 cu adrese fax, redirec\u0163ionare faxuri c\u0103tre fax, recep\u0163ionare securizat\u0103 a faxurilor, recep\u0163ionare pe PC a faxurilor redirec\u0163ionate<br \/>\nFunc\u021bii fax LAN: Trimitere catre mai multe destina\u0163ii, agend\u0103 cu adrese fax<\/td>\n<\/tr>\n<tr>\n<td><\/td>\n<\/tr>\n<tr>\n<th class=\"label\" colspan=\"2\">Scanare<\/th>\n<\/tr>\n<tr>\n<td class=\"data\" colspan=\"2\">Scanare via TWAIN\/WIA, scanare c\u0103tre PC, scanare c\u0103tre WSD, scanare c\u0103tre e-mail, rezolu\u0163ie de p\u00e2n\u0103 la 600 x 600 dpi, color, alb-negru, 8 bi\u0163i nuan\u0163e de gri, PDF\/JPEG\/TIFF<\/td>\n<\/tr>\n<tr>\n<td><\/td>\n<\/tr>\n<tr>\n<th class=\"label\" colspan=\"2\">Hartie<\/th>\n<\/tr>\n<tr>\n<td class=\"data\" colspan=\"2\">Dispozitiv automat de alimentare (ADF):40 coli; dimensiuni personalizate: 148 x 148 mm \u2013 216 x 356 mm<br \/>\nTava principal\u0103: p\u00e2n\u0103 la 250 coli; dimensiuni personalizate: 76 x 127 mm \u2013 216 x 356 mm<br \/>\nFanta de alimentare manual\u0103:1 coal\u0103; dimensiuni personalizate: 76 x 127 mm \u2013 216 x 356 mm<\/td>\n<\/tr>\n<tr>\n<td><\/td>\n<\/tr>\n<tr>\n<th class=\"label\" colspan=\"2\">Siguranta<\/th>\n<\/tr>\n<tr>\n<td class=\"data\" colspan=\"2\">HTTPS securizat (SSL) IPsec, autentificare 802.1X, WPA2 Personal, filtrare IPv4 \u0219i IPv6, filtrare adrese MAC, SNMPv3, dezactivare port USB. Autentificare \u00een re\u0163ea (Kerberos\/SMB\/LDAP), LDAP securizat, SMTP prin SSL\/TLS, autentificare scanare c\u0103tre e-mail,<\/td>\n<\/tr>\n<tr>\n<td><\/td>\n<\/tr>\n<tr>\n<th class=\"label\" colspan=\"2\">Alte optiuni<\/th>\n<\/tr>\n<tr>\n<td class=\"data\" colspan=\"2\">Vitez\u0103: P\u00e2n\u0103 la 28 ppm A4<br \/>\nVolum lunar: P\u00e2n\u0103 la 30.000 pagini\/lun\u0103<br \/>\nProcesor\/Memorie: 600 MHz\/256 MB<br \/>\nConectivitate: 10\/100Base-T Ethernet, Wi-Fi b\/g\/n, USB 2.0 de mare vitez\u0103<\/td>\n<\/tr>\n<tr>\n<td><\/td>\n<\/tr>\n<\/tbody>\n<\/table>\n<\/div>\n<p><strong>Acest echipament poate fi achizi\u0163ionat \u015fi \u00een rate. Pentru detalii<a href=\"https:\/\/www.roxer.ro\/contact\/\" target=\"_blank\" rel=\"noopener noreferrer\">\u00a0contacteaz\u0103-ne<\/a>.<\/strong><\/p>\n","protected":false},"excerpt":{"rendered":"<div class=\"box-collateral box-description\">\n<div class=\"focus_desc\">\n<p>Echipamentul nu mai face parte din oferta actuala, a fost inlocuit de <a href=\"https:\/\/www.roxer.ro\/produs\/imprimanta-multifunctionala-xerox-b215\/\" target=\"_blank\" rel=\"noopener noreferrer\"><em><strong>Xerox B215<\/strong><\/em><\/a><\/p>\n<p>G\u00e2ndit pentru rezultate excelente<\/p>\n<p>Obiectivele dumneavoastr\u0103: cre\u015fterea productivit\u0103\u0163ii, eficien\u0163\u0103 sporit\u0103, accelerarea proceselor \u015fi controlul costurilor. Atinge\u0163i-v\u0103 obiectivele.<\/p>\n<p>Echipamentul multifunc\u0163ional WorkCentre 3225 au un design compact, cu func\u0163ii fiabile de copiere, scanare \u015fi fax, reunite \u00eentr-o solu\u0163ie all-in-one foarte convenabil\u0103.<\/p>\n<\/div>\n<\/div>\n","protected":false},"featured_media":4659,"template":"","meta":[],"product_cat":[15,115],"product_tag":[],"yoast_head":"<!-- This site is optimized with the Yoast SEO plugin v20.3 - https:\/\/yoast.com\/wordpress\/plugins\/seo\/ -->\n<title>Xerox WorkCentre 3225DNI Multifunctional A4 - Roxer Grup<\/title>\n<meta name=\"robots\" content=\"noindex, follow, max-snippet:-1, max-image-preview:large, max-video-preview:-1\" \/>\n<meta property=\"og:locale\" content=\"ro_RO\" \/>\n<meta property=\"og:type\" content=\"article\" \/>\n<meta property=\"og:title\" content=\"Xerox WorkCentre 3225DNI Multifunctional A4 - Roxer Grup\" \/>\n<meta property=\"og:description\" content=\"Echipamentul nu mai face parte din oferta actuala, a fost inlocuit de Xerox B215  G\u00e2ndit pentru rezultate excelente  Obiectivele dumneavoastr\u0103: cre\u015fterea productivit\u0103\u0163ii, eficien\u0163\u0103 sporit\u0103, accelerarea proceselor \u015fi controlul costurilor. Atinge\u0163i-v\u0103 obiectivele.  Echipamentul multifunc\u0163ional WorkCentre 3225 au un design compact, cu func\u0163ii fiabile de copiere, scanare \u015fi fax, reunite \u00eentr-o solu\u0163ie all-in-one foarte convenabil\u0103.\" \/>\n<meta property=\"og:url\" content=\"https:\/\/www.roxer.ro\/dev\/echipament\/xerox-workcentre-3225dni-multifunctional-a4\" \/>\n<meta property=\"og:site_name\" content=\"Roxer Grup\" \/>\n<meta property=\"article:modified_time\" content=\"2020-11-26T16:00:24+00:00\" \/>\n<meta property=\"og:image\" content=\"https:\/\/www.roxer.ro\/dev\/wp-content\/uploads\/2020\/08\/Xerox-WorkCentre-3225DNI.jpg\" \/>\n\t<meta property=\"og:image:width\" content=\"250\" \/>\n\t<meta property=\"og:image:height\" content=\"250\" \/>\n\t<meta property=\"og:image:type\" content=\"image\/jpeg\" \/>\n<meta name=\"twitter:card\" content=\"summary_large_image\" \/>\n<meta name=\"twitter:label1\" content=\"Timp estimat pentru citire\" \/>\n\t<meta name=\"twitter:data1\" content=\"2 minute\" \/>\n<script type=\"application\/ld+json\" class=\"yoast-schema-graph\">{\"@context\":\"https:\/\/schema.org\",\"@graph\":[{\"@type\":\"WebPage\",\"@id\":\"https:\/\/www.roxer.ro\/dev\/echipament\/xerox-workcentre-3225dni-multifunctional-a4\",\"url\":\"https:\/\/www.roxer.ro\/dev\/echipament\/xerox-workcentre-3225dni-multifunctional-a4\",\"name\":\"Xerox WorkCentre 3225DNI Multifunctional A4 - Roxer Grup\",\"isPartOf\":{\"@id\":\"https:\/\/www.roxer.ro\/dev\/#website\"},\"datePublished\":\"2020-08-05T12:03:51+00:00\",\"dateModified\":\"2020-11-26T16:00:24+00:00\",\"breadcrumb\":{\"@id\":\"https:\/\/www.roxer.ro\/dev\/echipament\/xerox-workcentre-3225dni-multifunctional-a4#breadcrumb\"},\"inLanguage\":\"ro-RO\",\"potentialAction\":[{\"@type\":\"ReadAction\",\"target\":[\"https:\/\/www.roxer.ro\/dev\/echipament\/xerox-workcentre-3225dni-multifunctional-a4\"]}]},{\"@type\":\"BreadcrumbList\",\"@id\":\"https:\/\/www.roxer.ro\/dev\/echipament\/xerox-workcentre-3225dni-multifunctional-a4#breadcrumb\",\"itemListElement\":[{\"@type\":\"ListItem\",\"position\":1,\"name\":\"Prima pagin\u0103\",\"item\":\"https:\/\/www.roxer.ro\/dev\/\"},{\"@type\":\"ListItem\",\"position\":2,\"name\":\"Echipamente\",\"item\":\"https:\/\/www.roxer.ro\/dev\/echipamente\"},{\"@type\":\"ListItem\",\"position\":3,\"name\":\"Xerox WorkCentre 3225DNI Multifunctional A4\"}]},{\"@type\":\"WebSite\",\"@id\":\"https:\/\/www.roxer.ro\/dev\/#website\",\"url\":\"https:\/\/www.roxer.ro\/dev\/\",\"name\":\"Roxer Grup\",\"description\":\"Xerox Cluj Napoca, Distribuitor Xerox Cluj, distribuitor Xerox S\u0103laj, distribuitor Xerox Bihor, distribuitor Xerox Maramure\u015f, distribuitor Xerox Bistri\u0163a N\u0103s\u0103ud, distribuitor Xerox Satu Mare\",\"publisher\":{\"@id\":\"https:\/\/www.roxer.ro\/dev\/#organization\"},\"potentialAction\":[{\"@type\":\"SearchAction\",\"target\":{\"@type\":\"EntryPoint\",\"urlTemplate\":\"https:\/\/www.roxer.ro\/dev\/?s={search_term_string}\"},\"query-input\":\"required name=search_term_string\"}],\"inLanguage\":\"ro-RO\"},{\"@type\":\"Organization\",\"@id\":\"https:\/\/www.roxer.ro\/dev\/#organization\",\"name\":\"Roxer Grup\",\"url\":\"https:\/\/www.roxer.ro\/dev\/\",\"logo\":{\"@type\":\"ImageObject\",\"inLanguage\":\"ro-RO\",\"@id\":\"https:\/\/www.roxer.ro\/dev\/#\/schema\/logo\/image\/\",\"url\":\"https:\/\/www.roxer.ro\/dev\/wp-content\/uploads\/2023\/05\/logo-roxer-1-e1684141209248.png\",\"contentUrl\":\"https:\/\/www.roxer.ro\/dev\/wp-content\/uploads\/2023\/05\/logo-roxer-1-e1684141209248.png\",\"width\":160,\"height\":57,\"caption\":\"Roxer Grup\"},\"image\":{\"@id\":\"https:\/\/www.roxer.ro\/dev\/#\/schema\/logo\/image\/\"}}]}<\/script>\n<!-- \/ Yoast SEO plugin. -->","yoast_head_json":{"title":"Xerox WorkCentre 3225DNI Multifunctional A4 - Roxer Grup","robots":{"index":"noindex","follow":"follow","max-snippet":"max-snippet:-1","max-image-preview":"max-image-preview:large","max-video-preview":"max-video-preview:-1"},"og_locale":"ro_RO","og_type":"article","og_title":"Xerox WorkCentre 3225DNI Multifunctional A4 - Roxer Grup","og_description":"Echipamentul nu mai face parte din oferta actuala, a fost inlocuit de Xerox B215  G\u00e2ndit pentru rezultate excelente  Obiectivele dumneavoastr\u0103: cre\u015fterea productivit\u0103\u0163ii, eficien\u0163\u0103 sporit\u0103, accelerarea proceselor \u015fi controlul costurilor. Atinge\u0163i-v\u0103 obiectivele.  Echipamentul multifunc\u0163ional WorkCentre 3225 au un design compact, cu func\u0163ii fiabile de copiere, scanare \u015fi fax, reunite \u00eentr-o solu\u0163ie all-in-one foarte convenabil\u0103.","og_url":"https:\/\/www.roxer.ro\/dev\/echipament\/xerox-workcentre-3225dni-multifunctional-a4","og_site_name":"Roxer Grup","article_modified_time":"2020-11-26T16:00:24+00:00","og_image":[{"width":250,"height":250,"url":"https:\/\/www.roxer.ro\/dev\/wp-content\/uploads\/2020\/08\/Xerox-WorkCentre-3225DNI.jpg","type":"image\/jpeg"}],"twitter_card":"summary_large_image","twitter_misc":{"Timp estimat pentru citire":"2 minute"},"schema":{"@context":"https:\/\/schema.org","@graph":[{"@type":"WebPage","@id":"https:\/\/www.roxer.ro\/dev\/echipament\/xerox-workcentre-3225dni-multifunctional-a4","url":"https:\/\/www.roxer.ro\/dev\/echipament\/xerox-workcentre-3225dni-multifunctional-a4","name":"Xerox WorkCentre 3225DNI Multifunctional A4 - Roxer Grup","isPartOf":{"@id":"https:\/\/www.roxer.ro\/dev\/#website"},"datePublished":"2020-08-05T12:03:51+00:00","dateModified":"2020-11-26T16:00:24+00:00","breadcrumb":{"@id":"https:\/\/www.roxer.ro\/dev\/echipament\/xerox-workcentre-3225dni-multifunctional-a4#breadcrumb"},"inLanguage":"ro-RO","potentialAction":[{"@type":"ReadAction","target":["https:\/\/www.roxer.ro\/dev\/echipament\/xerox-workcentre-3225dni-multifunctional-a4"]}]},{"@type":"BreadcrumbList","@id":"https:\/\/www.roxer.ro\/dev\/echipament\/xerox-workcentre-3225dni-multifunctional-a4#breadcrumb","itemListElement":[{"@type":"ListItem","position":1,"name":"Prima pagin\u0103","item":"https:\/\/www.roxer.ro\/dev\/"},{"@type":"ListItem","position":2,"name":"Echipamente","item":"https:\/\/www.roxer.ro\/dev\/echipamente"},{"@type":"ListItem","position":3,"name":"Xerox WorkCentre 3225DNI Multifunctional A4"}]},{"@type":"WebSite","@id":"https:\/\/www.roxer.ro\/dev\/#website","url":"https:\/\/www.roxer.ro\/dev\/","name":"Roxer Grup","description":"Xerox Cluj Napoca, Distribuitor Xerox Cluj, distribuitor Xerox S\u0103laj, distribuitor Xerox Bihor, distribuitor Xerox Maramure\u015f, distribuitor Xerox Bistri\u0163a N\u0103s\u0103ud, distribuitor Xerox Satu Mare","publisher":{"@id":"https:\/\/www.roxer.ro\/dev\/#organization"},"potentialAction":[{"@type":"SearchAction","target":{"@type":"EntryPoint","urlTemplate":"https:\/\/www.roxer.ro\/dev\/?s={search_term_string}"},"query-input":"required name=search_term_string"}],"inLanguage":"ro-RO"},{"@type":"Organization","@id":"https:\/\/www.roxer.ro\/dev\/#organization","name":"Roxer Grup","url":"https:\/\/www.roxer.ro\/dev\/","logo":{"@type":"ImageObject","inLanguage":"ro-RO","@id":"https:\/\/www.roxer.ro\/dev\/#\/schema\/logo\/image\/","url":"https:\/\/www.roxer.ro\/dev\/wp-content\/uploads\/2023\/05\/logo-roxer-1-e1684141209248.png","contentUrl":"https:\/\/www.roxer.ro\/dev\/wp-content\/uploads\/2023\/05\/logo-roxer-1-e1684141209248.png","width":160,"height":57,"caption":"Roxer Grup"},"image":{"@id":"https:\/\/www.roxer.ro\/dev\/#\/schema\/logo\/image\/"}}]}},"_links":{"self":[{"href":"https:\/\/www.roxer.ro\/dev\/wp-json\/wp\/v2\/product\/4658"}],"collection":[{"href":"https:\/\/www.roxer.ro\/dev\/wp-json\/wp\/v2\/product"}],"about":[{"href":"https:\/\/www.roxer.ro\/dev\/wp-json\/wp\/v2\/types\/product"}],"wp:featuredmedia":[{"embeddable":true,"href":"https:\/\/www.roxer.ro\/dev\/wp-json\/wp\/v2\/media\/4659"}],"wp:attachment":[{"href":"https:\/\/www.roxer.ro\/dev\/wp-json\/wp\/v2\/media?parent=4658"}],"wp:term":[{"taxonomy":"product_cat","embeddable":true,"href":"https:\/\/www.roxer.ro\/dev\/wp-json\/wp\/v2\/product_cat?post=4658"},{"taxonomy":"product_tag","embeddable":true,"href":"https:\/\/www.roxer.ro\/dev\/wp-json\/wp\/v2\/product_tag?post=4658"}],"curies":[{"name":"wp","href":"https:\/\/api.w.org\/{rel}","templated":true}]}}