{"id":4660,"date":"2020-08-05T12:05:10","date_gmt":"2020-08-05T12:05:10","guid":{"rendered":"https:\/\/firstdesign.ro\/roxer\/?post_type=product&#038;p=4660"},"modified":"2020-11-26T15:58:43","modified_gmt":"2020-11-26T15:58:43","slug":"xerox-workcentre-5021-platen-multifunctional-a3-laser-mono-20ppm","status":"publish","type":"product","link":"https:\/\/www.roxer.ro\/dev\/echipament\/xerox-workcentre-5021-platen-multifunctional-a3-laser-mono-20ppm","title":{"rendered":"Xerox WorkCentre 5021 Platen \u2013 Multifunctional A3 laser mono, 20ppm"},"content":{"rendered":"<div class=\"box-collateral box-description\">\n<div class=\"focus_desc\">\n<p><iframe loading=\"lazy\" title=\"Xerox WorkCentre 5019 5021 Multifunction Printer Long\" width=\"1200\" height=\"900\" src=\"https:\/\/www.youtube.com\/embed\/m5lOMZe0LBA?feature=oembed\" frameborder=\"0\" allow=\"accelerometer; autoplay; clipboard-write; encrypted-media; gyroscope; picture-in-picture\" allowfullscreen><\/iframe><\/p>\n<p>&nbsp;<\/p>\n<\/div>\n<\/div>\n<div class=\"box-collateral box-additional\">\n<table id=\"product-attribute-specs-table\" class=\"data-table\">\n<colgroup>\n<col width=\"25%\" \/>\n<col \/><\/colgroup>\n<tbody>\n<tr>\n<th class=\"label\" colspan=\"2\">Performanta<\/th>\n<\/tr>\n<tr>\n<td class=\"data\" colspan=\"2\">WorkCentre 5021\/5021D<br \/>\nVitez\u0103: p\u00e2n\u0103 la 20 ppm<br \/>\nVolum lunar maxim: p\u00e2n\u0103 la 31.700 pagini<br \/>\nVolum lunar recomandat de imprimare: p\u00e2n\u0103 la 2500 pagini<\/td>\n<\/tr>\n<tr>\n<td><\/td>\n<\/tr>\n<tr>\n<th class=\"label\" colspan=\"2\">Imprimare<\/th>\n<\/tr>\n<tr>\n<td class=\"data\" colspan=\"2\">Imprimarea primei pagini: 14 secunde<br \/>\nRezolu\u021bie: 600 x 600 dpi<br \/>\nMemorie: 128MB<br \/>\nConectivitate: USB 2.0<br \/>\nLimbaj de imprimare: HBPL<br \/>\nFunc\u021bii de imprimare: Filigran, poster, N-up, bro\u015fur\u0103, documente mixte, economie toner, 256-bit alb-negru<\/td>\n<\/tr>\n<tr>\n<td><\/td>\n<\/tr>\n<tr>\n<th class=\"label\" colspan=\"2\">Copiere<\/th>\n<\/tr>\n<tr>\n<td class=\"data\" colspan=\"2\">Copierea primei pagini: 7,5 secunde<br \/>\nRezolu\u021bie: 600 x 600 dpi<br \/>\nFunc\u021bii de copiere: mic\u015forare\/ m\u0103rire, N-up, copiere carduri de identitate, mai deschis\/ mai \u00eenchis, rotire automat\u0103<\/td>\n<\/tr>\n<tr>\n<td><\/td>\n<\/tr>\n<tr>\n<th class=\"label\" colspan=\"2\">Scanare<\/th>\n<\/tr>\n<tr>\n<td class=\"data\" colspan=\"2\">Destina\u021bii: Scanare c\u0103tre PC, scanare c\u0103tre aplica\u021bii TWAIN<br \/>\nFunc\u021bii: Xerox\u00ae Scan to PC Desktop\u00ae SE Personal Edition (1 licen\u0163\u0103), TIFF, PDF, BMP; software OCR: ABBYY FineReaderTM, suport pentru Linux Scan (disponibil dup\u0103 lansare), construirea lucr\u0103rii<br \/>\nRezolu\u021bie: p\u00e2n\u0103 la 600 x 600 dpi<\/td>\n<\/tr>\n<tr>\n<td><\/td>\n<\/tr>\n<tr>\n<th class=\"label\" colspan=\"2\">Hartie<\/th>\n<\/tr>\n<tr>\n<td class=\"data\" colspan=\"2\">Tava 1: 250 coli; dimensiuni: B5-A3; greutate 60 \u2013 90 g\/m2<br \/>\nTava 2: 500 coli; dimensiuni: B5-A3; greutate 60 \u2013 90 g\/m2<br \/>\nTava manual\u0103: 100 coli; dimensiuni: A5-A3; greutate 60 \u2013 110 g\/m2<\/td>\n<\/tr>\n<tr>\n<td><\/td>\n<\/tr>\n<tr>\n<th class=\"label\" colspan=\"2\">Contorizare<\/th>\n<\/tr>\n<tr>\n<td class=\"data\" colspan=\"2\">Contorizare copiere \u2013 controleaz\u0103 accesul \u0219i \u021bine eviden\u021ba utiliz\u0103rii<\/td>\n<\/tr>\n<tr>\n<td><\/td>\n<\/tr>\n<tr>\n<th class=\"label\" colspan=\"2\">Sisteme de operare<\/th>\n<\/tr>\n<tr>\n<td class=\"data\" colspan=\"2\">Windows\u00ae XP (32\/64 bit)<br \/>\nServer 2003 (32\/64 bit)<br \/>\nVista (32\/64 bit)<br \/>\nServer 2008 (32\/64 bit)<br \/>\nServer 2008 R2, 7 (32\/64 bit) \u015fi 8 (32\/64 bit post-lansare)<br \/>\nLinux<\/td>\n<\/tr>\n<tr>\n<td><\/td>\n<\/tr>\n<tr>\n<th class=\"label\" colspan=\"2\">Alte optiuni<\/th>\n<\/tr>\n<tr>\n<td class=\"data\" colspan=\"2\">Tav\u0103 suplimentar\u0103 de alimentare<br \/>\nStand mobil<\/td>\n<\/tr>\n<tr>\n<td><\/td>\n<\/tr>\n<\/tbody>\n<\/table>\n<\/div>\n<p><strong>Acest echipament poate fi achizi\u0163ionat \u015fi \u00een rate. Pentru detalii<a href=\"https:\/\/www.roxer.ro\/contact\/\" target=\"_blank\" rel=\"noopener noreferrer\">\u00a0contacteaz\u0103-ne<\/a>.<\/strong><\/p>\n","protected":false},"excerpt":{"rendered":"<div class=\"box-collateral box-description\">\n<div class=\"focus_desc\">\n<p>Echipamentul nu mai face parte din oferta actuala a fost inlocuit de <em><strong><a href=\"https:\/\/www.roxer.ro\/produs\/imprimanta-multifunctionala-xerox-b1022\/\" target=\"_blank\" rel=\"noopener noreferrer\">Xerox B1022VB<\/a> <\/strong><\/em>sau de <a href=\"https:\/\/roxer.ro\/produs\/imprimanta-multifunctionala-xerox-b1025\/\" target=\"_blank\" rel=\"noopener noreferrer\"><em><strong>Xerox B1025VB<\/strong><\/em><\/a><\/p>\n<p>Cu un singur echipament accesibil pute\u021bi imprima, copia \u0219i scana documente pentru birou cu dimensiune p\u00e2n\u00e3 la A3.<\/p>\n<p>Func\u0163ionalitatea avantajoas\u0103 all-in-one include imprimare, copiere \u015fi scanare, economise\u015fte spa\u0163iul \u015fi reduce costurile prin consolidarea echipamentelor separate \u00eentr-unul singur.<\/p>\n<\/div>\n<\/div>\n<p>&nbsp;<\/p>\n","protected":false},"featured_media":4661,"template":"","meta":[],"product_cat":[15,115],"product_tag":[246],"yoast_head":"<!-- This site is optimized with the Yoast SEO plugin v20.3 - https:\/\/yoast.com\/wordpress\/plugins\/seo\/ -->\n<title>Xerox WorkCentre 5021 Platen \u2013 Multifunctional A3 laser mono, 20ppm - Roxer Grup<\/title>\n<meta name=\"robots\" content=\"noindex, follow, max-snippet:-1, max-image-preview:large, max-video-preview:-1\" \/>\n<meta property=\"og:locale\" content=\"ro_RO\" \/>\n<meta property=\"og:type\" content=\"article\" \/>\n<meta property=\"og:title\" content=\"Xerox WorkCentre 5021 Platen \u2013 Multifunctional A3 laser mono, 20ppm - Roxer Grup\" \/>\n<meta property=\"og:description\" content=\"Echipamentul nu mai face parte din oferta actuala a fost inlocuit de Xerox B1022VB sau de Xerox B1025VB  Cu un singur echipament accesibil pute\u021bi imprima, copia \u0219i scana documente pentru birou cu dimensiune p\u00e2n\u00e3 la A3.  Func\u0163ionalitatea avantajoas\u0103 all-in-one include imprimare, copiere \u015fi scanare, economise\u015fte spa\u0163iul \u015fi reduce costurile prin consolidarea echipamentelor separate \u00eentr-unul singur.    &nbsp;\" \/>\n<meta property=\"og:url\" content=\"https:\/\/www.roxer.ro\/dev\/echipament\/xerox-workcentre-5021-platen-multifunctional-a3-laser-mono-20ppm\" \/>\n<meta property=\"og:site_name\" content=\"Roxer Grup\" \/>\n<meta property=\"article:modified_time\" content=\"2020-11-26T15:58:43+00:00\" \/>\n<meta property=\"og:image\" content=\"https:\/\/www.roxer.ro\/dev\/wp-content\/uploads\/2020\/08\/Xerox-WorkCentre-5021-Platen.jpg\" \/>\n\t<meta property=\"og:image:width\" content=\"250\" \/>\n\t<meta property=\"og:image:height\" content=\"250\" \/>\n\t<meta property=\"og:image:type\" content=\"image\/jpeg\" \/>\n<meta name=\"twitter:card\" content=\"summary_large_image\" \/>\n<meta name=\"twitter:label1\" content=\"Timp estimat pentru citire\" \/>\n\t<meta name=\"twitter:data1\" content=\"1 minut\" \/>\n<script type=\"application\/ld+json\" class=\"yoast-schema-graph\">{\"@context\":\"https:\/\/schema.org\",\"@graph\":[{\"@type\":\"WebPage\",\"@id\":\"https:\/\/www.roxer.ro\/dev\/echipament\/xerox-workcentre-5021-platen-multifunctional-a3-laser-mono-20ppm\",\"url\":\"https:\/\/www.roxer.ro\/dev\/echipament\/xerox-workcentre-5021-platen-multifunctional-a3-laser-mono-20ppm\",\"name\":\"Xerox WorkCentre 5021 Platen \u2013 Multifunctional A3 laser mono, 20ppm - Roxer Grup\",\"isPartOf\":{\"@id\":\"https:\/\/www.roxer.ro\/dev\/#website\"},\"datePublished\":\"2020-08-05T12:05:10+00:00\",\"dateModified\":\"2020-11-26T15:58:43+00:00\",\"breadcrumb\":{\"@id\":\"https:\/\/www.roxer.ro\/dev\/echipament\/xerox-workcentre-5021-platen-multifunctional-a3-laser-mono-20ppm#breadcrumb\"},\"inLanguage\":\"ro-RO\",\"potentialAction\":[{\"@type\":\"ReadAction\",\"target\":[\"https:\/\/www.roxer.ro\/dev\/echipament\/xerox-workcentre-5021-platen-multifunctional-a3-laser-mono-20ppm\"]}]},{\"@type\":\"BreadcrumbList\",\"@id\":\"https:\/\/www.roxer.ro\/dev\/echipament\/xerox-workcentre-5021-platen-multifunctional-a3-laser-mono-20ppm#breadcrumb\",\"itemListElement\":[{\"@type\":\"ListItem\",\"position\":1,\"name\":\"Prima pagin\u0103\",\"item\":\"https:\/\/www.roxer.ro\/dev\/\"},{\"@type\":\"ListItem\",\"position\":2,\"name\":\"Echipamente\",\"item\":\"https:\/\/www.roxer.ro\/dev\/echipamente\"},{\"@type\":\"ListItem\",\"position\":3,\"name\":\"Xerox WorkCentre 5021 Platen \u2013 Multifunctional A3 laser mono, 20ppm\"}]},{\"@type\":\"WebSite\",\"@id\":\"https:\/\/www.roxer.ro\/dev\/#website\",\"url\":\"https:\/\/www.roxer.ro\/dev\/\",\"name\":\"Roxer Grup\",\"description\":\"Xerox Cluj Napoca, Distribuitor Xerox Cluj, distribuitor Xerox S\u0103laj, distribuitor Xerox Bihor, distribuitor Xerox Maramure\u015f, distribuitor Xerox Bistri\u0163a N\u0103s\u0103ud, distribuitor Xerox Satu Mare\",\"publisher\":{\"@id\":\"https:\/\/www.roxer.ro\/dev\/#organization\"},\"potentialAction\":[{\"@type\":\"SearchAction\",\"target\":{\"@type\":\"EntryPoint\",\"urlTemplate\":\"https:\/\/www.roxer.ro\/dev\/?s={search_term_string}\"},\"query-input\":\"required name=search_term_string\"}],\"inLanguage\":\"ro-RO\"},{\"@type\":\"Organization\",\"@id\":\"https:\/\/www.roxer.ro\/dev\/#organization\",\"name\":\"Roxer Grup\",\"url\":\"https:\/\/www.roxer.ro\/dev\/\",\"logo\":{\"@type\":\"ImageObject\",\"inLanguage\":\"ro-RO\",\"@id\":\"https:\/\/www.roxer.ro\/dev\/#\/schema\/logo\/image\/\",\"url\":\"https:\/\/www.roxer.ro\/dev\/wp-content\/uploads\/2023\/05\/logo-roxer-1-e1684141209248.png\",\"contentUrl\":\"https:\/\/www.roxer.ro\/dev\/wp-content\/uploads\/2023\/05\/logo-roxer-1-e1684141209248.png\",\"width\":160,\"height\":57,\"caption\":\"Roxer Grup\"},\"image\":{\"@id\":\"https:\/\/www.roxer.ro\/dev\/#\/schema\/logo\/image\/\"}}]}<\/script>\n<!-- \/ Yoast SEO plugin. -->","yoast_head_json":{"title":"Xerox WorkCentre 5021 Platen \u2013 Multifunctional A3 laser mono, 20ppm - Roxer Grup","robots":{"index":"noindex","follow":"follow","max-snippet":"max-snippet:-1","max-image-preview":"max-image-preview:large","max-video-preview":"max-video-preview:-1"},"og_locale":"ro_RO","og_type":"article","og_title":"Xerox WorkCentre 5021 Platen \u2013 Multifunctional A3 laser mono, 20ppm - Roxer Grup","og_description":"Echipamentul nu mai face parte din oferta actuala a fost inlocuit de Xerox B1022VB sau de Xerox B1025VB  Cu un singur echipament accesibil pute\u021bi imprima, copia \u0219i scana documente pentru birou cu dimensiune p\u00e2n\u00e3 la A3.  Func\u0163ionalitatea avantajoas\u0103 all-in-one include imprimare, copiere \u015fi scanare, economise\u015fte spa\u0163iul \u015fi reduce costurile prin consolidarea echipamentelor separate \u00eentr-unul singur.    &nbsp;","og_url":"https:\/\/www.roxer.ro\/dev\/echipament\/xerox-workcentre-5021-platen-multifunctional-a3-laser-mono-20ppm","og_site_name":"Roxer Grup","article_modified_time":"2020-11-26T15:58:43+00:00","og_image":[{"width":250,"height":250,"url":"https:\/\/www.roxer.ro\/dev\/wp-content\/uploads\/2020\/08\/Xerox-WorkCentre-5021-Platen.jpg","type":"image\/jpeg"}],"twitter_card":"summary_large_image","twitter_misc":{"Timp estimat pentru citire":"1 minut"},"schema":{"@context":"https:\/\/schema.org","@graph":[{"@type":"WebPage","@id":"https:\/\/www.roxer.ro\/dev\/echipament\/xerox-workcentre-5021-platen-multifunctional-a3-laser-mono-20ppm","url":"https:\/\/www.roxer.ro\/dev\/echipament\/xerox-workcentre-5021-platen-multifunctional-a3-laser-mono-20ppm","name":"Xerox WorkCentre 5021 Platen \u2013 Multifunctional A3 laser mono, 20ppm - Roxer Grup","isPartOf":{"@id":"https:\/\/www.roxer.ro\/dev\/#website"},"datePublished":"2020-08-05T12:05:10+00:00","dateModified":"2020-11-26T15:58:43+00:00","breadcrumb":{"@id":"https:\/\/www.roxer.ro\/dev\/echipament\/xerox-workcentre-5021-platen-multifunctional-a3-laser-mono-20ppm#breadcrumb"},"inLanguage":"ro-RO","potentialAction":[{"@type":"ReadAction","target":["https:\/\/www.roxer.ro\/dev\/echipament\/xerox-workcentre-5021-platen-multifunctional-a3-laser-mono-20ppm"]}]},{"@type":"BreadcrumbList","@id":"https:\/\/www.roxer.ro\/dev\/echipament\/xerox-workcentre-5021-platen-multifunctional-a3-laser-mono-20ppm#breadcrumb","itemListElement":[{"@type":"ListItem","position":1,"name":"Prima pagin\u0103","item":"https:\/\/www.roxer.ro\/dev\/"},{"@type":"ListItem","position":2,"name":"Echipamente","item":"https:\/\/www.roxer.ro\/dev\/echipamente"},{"@type":"ListItem","position":3,"name":"Xerox WorkCentre 5021 Platen \u2013 Multifunctional A3 laser mono, 20ppm"}]},{"@type":"WebSite","@id":"https:\/\/www.roxer.ro\/dev\/#website","url":"https:\/\/www.roxer.ro\/dev\/","name":"Roxer Grup","description":"Xerox Cluj Napoca, Distribuitor Xerox Cluj, distribuitor Xerox S\u0103laj, distribuitor Xerox Bihor, distribuitor Xerox Maramure\u015f, distribuitor Xerox Bistri\u0163a N\u0103s\u0103ud, distribuitor Xerox Satu Mare","publisher":{"@id":"https:\/\/www.roxer.ro\/dev\/#organization"},"potentialAction":[{"@type":"SearchAction","target":{"@type":"EntryPoint","urlTemplate":"https:\/\/www.roxer.ro\/dev\/?s={search_term_string}"},"query-input":"required name=search_term_string"}],"inLanguage":"ro-RO"},{"@type":"Organization","@id":"https:\/\/www.roxer.ro\/dev\/#organization","name":"Roxer Grup","url":"https:\/\/www.roxer.ro\/dev\/","logo":{"@type":"ImageObject","inLanguage":"ro-RO","@id":"https:\/\/www.roxer.ro\/dev\/#\/schema\/logo\/image\/","url":"https:\/\/www.roxer.ro\/dev\/wp-content\/uploads\/2023\/05\/logo-roxer-1-e1684141209248.png","contentUrl":"https:\/\/www.roxer.ro\/dev\/wp-content\/uploads\/2023\/05\/logo-roxer-1-e1684141209248.png","width":160,"height":57,"caption":"Roxer Grup"},"image":{"@id":"https:\/\/www.roxer.ro\/dev\/#\/schema\/logo\/image\/"}}]}},"_links":{"self":[{"href":"https:\/\/www.roxer.ro\/dev\/wp-json\/wp\/v2\/product\/4660"}],"collection":[{"href":"https:\/\/www.roxer.ro\/dev\/wp-json\/wp\/v2\/product"}],"about":[{"href":"https:\/\/www.roxer.ro\/dev\/wp-json\/wp\/v2\/types\/product"}],"wp:featuredmedia":[{"embeddable":true,"href":"https:\/\/www.roxer.ro\/dev\/wp-json\/wp\/v2\/media\/4661"}],"wp:attachment":[{"href":"https:\/\/www.roxer.ro\/dev\/wp-json\/wp\/v2\/media?parent=4660"}],"wp:term":[{"taxonomy":"product_cat","embeddable":true,"href":"https:\/\/www.roxer.ro\/dev\/wp-json\/wp\/v2\/product_cat?post=4660"},{"taxonomy":"product_tag","embeddable":true,"href":"https:\/\/www.roxer.ro\/dev\/wp-json\/wp\/v2\/product_tag?post=4660"}],"curies":[{"name":"wp","href":"https:\/\/api.w.org\/{rel}","templated":true}]}}