{"id":4662,"date":"2020-08-05T12:06:34","date_gmt":"2020-08-05T12:06:34","guid":{"rendered":"https:\/\/firstdesign.ro\/roxer\/?post_type=product&#038;p=4662"},"modified":"2020-11-26T15:56:42","modified_gmt":"2020-11-26T15:56:42","slug":"xerox-workcentre-3615dn-multifunctional","status":"publish","type":"product","link":"https:\/\/www.roxer.ro\/dev\/echipament\/xerox-workcentre-3615dn-multifunctional","title":{"rendered":"Xerox WorkCentre 3615DN Multifunctional"},"content":{"rendered":"<p><iframe loading=\"lazy\" title=\"Xerox Phaser 3610 and WorkCentre 3615 Black-and-White Printers\" width=\"1200\" height=\"675\" src=\"https:\/\/www.youtube.com\/embed\/mqW4gUe16VY?feature=oembed\" frameborder=\"0\" allow=\"accelerometer; autoplay; clipboard-write; encrypted-media; gyroscope; picture-in-picture\" allowfullscreen><\/iframe><\/p>\n<div class=\"box-collateral box-description\">\n<div class=\"focus_desc\">\n<p>&nbsp;<\/p>\n<\/div>\n<\/div>\n<div class=\"box-collateral box-additional\">\n<table id=\"product-attribute-specs-table\" class=\"data-table\">\n<colgroup>\n<col width=\"25%\" \/>\n<col \/><\/colgroup>\n<tbody>\n<tr>\n<th class=\"label\" colspan=\"2\">Performanta<\/th>\n<\/tr>\n<tr>\n<td class=\"data\" colspan=\"2\">Memorie std\/max 1 GB<br \/>\nVolum lunar maxim 110.000 pagini pe lun\u0103<br \/>\nVolum lunar recomandat 12.000 pagini pe lun\u0103<\/td>\n<\/tr>\n<tr>\n<td><\/td>\n<\/tr>\n<tr>\n<th class=\"label\" colspan=\"2\">Imprimare<\/th>\n<\/tr>\n<tr>\n<td class=\"data\" colspan=\"2\">Vitez\u0103 de imprimare: 45 ppm<br \/>\nRezolu\u0163ie: pana la 1200\u00d71200 dpi<br \/>\nImprimarea primei pagini: 6,5 secunde<br \/>\nProcesor: 525 MHz<br \/>\nLimbaj de imprimare: PCL 6\/5e, PostScript 3, PDF<br \/>\nInterfa\u0163\u0103: 10\/100\/1000Base-T Ethernet, USB 2.0 de mare vitez\u0103, imprimare direct\u0103, Wi-Fi op\u0163ional (cu adaptorul de re\u0163ea wireless Xerox\u00ae)<\/td>\n<\/tr>\n<tr>\n<td><\/td>\n<\/tr>\n<tr>\n<th class=\"label\" colspan=\"2\">Copiere<\/th>\n<\/tr>\n<tr>\n<td class=\"data\" colspan=\"2\">Vitez\u0103 de copiere: 40 cpm<br \/>\nRezolu\u0163ie: pana la 600\u00d7600 dpi<br \/>\nCopierea primei pagini: 8,5 secunde<br \/>\nProductivitate: DADF 60 coli, copii multiple 999<\/td>\n<\/tr>\n<tr>\n<td><\/td>\n<\/tr>\n<tr>\n<th class=\"label\" colspan=\"2\">Fax<\/th>\n<\/tr>\n<tr>\n<td class=\"data\" colspan=\"2\">Vitez\u0103 de transmisie: 3 secunde\/pagin\u0103<br \/>\nViteza modemului: 33.6 Kbps<br \/>\nCompresie: MH\/MR\/MMR\/JBIG<br \/>\nRezolu\u0163ie: pan\u0103 la 400\u00d7400 dpi<br \/>\nFax color: Trimitere da, primire nu<br \/>\nPrimire securizat\u0103<br \/>\nLista de apelare automat\u0103<br \/>\n500 grupuri de destinatari<\/td>\n<\/tr>\n<tr>\n<td><\/td>\n<\/tr>\n<tr>\n<th class=\"label\" colspan=\"2\">Scanare<\/th>\n<\/tr>\n<tr>\n<td class=\"data\" colspan=\"2\">Scanare color<br \/>\nRezolu\u0163ie: pan\u0103 la 1200 x 1200 dpi<br \/>\nScanare c\u0103tre email<br \/>\nScanare \u00een re\u0163ea c\u0103tre PC<br \/>\nScanare c\u0103tre FTP si SMB<br \/>\nScanare c\u0103tre dispozitiv de memorie USB<\/td>\n<\/tr>\n<tr>\n<td><\/td>\n<\/tr>\n<tr>\n<th class=\"label\" colspan=\"2\">Hartie<\/th>\n<\/tr>\n<tr>\n<td class=\"data\" colspan=\"2\">M\u0103rimi acceptate: de la 76 x 127mm p\u00e2n\u0103 la 216 x 356mm<br \/>\nCapacitate h\u00e2rtie (Std\/Max): 700 coli\/2350 coli<br \/>\nTipuri de h\u00e2rtie: 60-216 gsm (tava manual\u0103), h\u00e2rtie, plicuri, transparente, etichete<br \/>\nSecuritate: HTTPS securizat (SSL, LDAP securizat), IPsec, autentificare 802.1X, autentificare \u00een re\u0163ea, IPv6, SNMPv3, filtrare adrese IP, imprimare securizat\u0103,recep\u0163ionare securizat\u0103 a faxurilor<\/td>\n<\/tr>\n<tr>\n<td><\/td>\n<\/tr>\n<\/tbody>\n<\/table>\n<\/div>\n<p><strong>Acest echipament poate fi achizi\u0163ionat \u015fi \u00een rate. Pentru detalii<a href=\"https:\/\/www.roxer.ro\/contact\/\" target=\"_blank\" rel=\"noopener noreferrer\">\u00a0contacteaz\u0103-ne<\/a>.<\/strong><\/p>\n","protected":false},"excerpt":{"rendered":"<p>Echipamentul nu mai face parte din oferta actuala, a fost inlocuit de <a href=\"https:\/\/www.roxer.ro\/produs\/imprimanta-multifunctionala-xerox-versalink-b405\/\" target=\"_blank\" rel=\"noopener noreferrer\"><em><strong>imprimanta multifunctionala A4 monocrom Xerox B405.<\/strong><\/em><\/a><\/p>\n<p>Echipamentul multifunc\u0163ional Xerox\u009f WorkCentre\u009f 3615 are instrumentele adecvate pentru a oferi performan\u0163e maxime astfel \u00eenc\u00e2t s\u0103 fi mai productiv \u015fi mai eficient \u00een fiecare zi.<\/p>\n","protected":false},"featured_media":4663,"template":"","meta":[],"product_cat":[15,115],"product_tag":[271],"yoast_head":"<!-- This site is optimized with the Yoast SEO plugin v20.3 - https:\/\/yoast.com\/wordpress\/plugins\/seo\/ -->\n<title>Xerox WorkCentre 3615DN Multifunctional - Roxer Grup<\/title>\n<meta name=\"robots\" content=\"noindex, follow, max-snippet:-1, max-image-preview:large, max-video-preview:-1\" \/>\n<meta property=\"og:locale\" content=\"ro_RO\" \/>\n<meta property=\"og:type\" content=\"article\" \/>\n<meta property=\"og:title\" content=\"Xerox WorkCentre 3615DN Multifunctional - Roxer Grup\" \/>\n<meta property=\"og:description\" content=\"Echipamentul nu mai face parte din oferta actuala, a fost inlocuit de imprimanta multifunctionala A4 monocrom Xerox B405.  Echipamentul multifunc\u0163ional Xerox\u009f WorkCentre\u009f 3615 are instrumentele adecvate pentru a oferi performan\u0163e maxime astfel \u00eenc\u00e2t s\u0103 fi mai productiv \u015fi mai eficient \u00een fiecare zi.\" \/>\n<meta property=\"og:url\" content=\"https:\/\/www.roxer.ro\/dev\/echipament\/xerox-workcentre-3615dn-multifunctional\" \/>\n<meta property=\"og:site_name\" content=\"Roxer Grup\" \/>\n<meta property=\"article:modified_time\" content=\"2020-11-26T15:56:42+00:00\" \/>\n<meta property=\"og:image\" content=\"https:\/\/www.roxer.ro\/dev\/wp-content\/uploads\/2020\/08\/Xerox-WorkCentre-3615DN.jpg\" \/>\n\t<meta property=\"og:image:width\" content=\"250\" \/>\n\t<meta property=\"og:image:height\" content=\"250\" \/>\n\t<meta property=\"og:image:type\" content=\"image\/jpeg\" \/>\n<meta name=\"twitter:card\" content=\"summary_large_image\" \/>\n<meta name=\"twitter:label1\" content=\"Timp estimat pentru citire\" \/>\n\t<meta name=\"twitter:data1\" content=\"1 minut\" \/>\n<script type=\"application\/ld+json\" class=\"yoast-schema-graph\">{\"@context\":\"https:\/\/schema.org\",\"@graph\":[{\"@type\":\"WebPage\",\"@id\":\"https:\/\/www.roxer.ro\/dev\/echipament\/xerox-workcentre-3615dn-multifunctional\",\"url\":\"https:\/\/www.roxer.ro\/dev\/echipament\/xerox-workcentre-3615dn-multifunctional\",\"name\":\"Xerox WorkCentre 3615DN Multifunctional - Roxer Grup\",\"isPartOf\":{\"@id\":\"https:\/\/www.roxer.ro\/dev\/#website\"},\"datePublished\":\"2020-08-05T12:06:34+00:00\",\"dateModified\":\"2020-11-26T15:56:42+00:00\",\"breadcrumb\":{\"@id\":\"https:\/\/www.roxer.ro\/dev\/echipament\/xerox-workcentre-3615dn-multifunctional#breadcrumb\"},\"inLanguage\":\"ro-RO\",\"potentialAction\":[{\"@type\":\"ReadAction\",\"target\":[\"https:\/\/www.roxer.ro\/dev\/echipament\/xerox-workcentre-3615dn-multifunctional\"]}]},{\"@type\":\"BreadcrumbList\",\"@id\":\"https:\/\/www.roxer.ro\/dev\/echipament\/xerox-workcentre-3615dn-multifunctional#breadcrumb\",\"itemListElement\":[{\"@type\":\"ListItem\",\"position\":1,\"name\":\"Prima pagin\u0103\",\"item\":\"https:\/\/www.roxer.ro\/dev\/\"},{\"@type\":\"ListItem\",\"position\":2,\"name\":\"Echipamente\",\"item\":\"https:\/\/www.roxer.ro\/dev\/echipamente\"},{\"@type\":\"ListItem\",\"position\":3,\"name\":\"Xerox WorkCentre 3615DN Multifunctional\"}]},{\"@type\":\"WebSite\",\"@id\":\"https:\/\/www.roxer.ro\/dev\/#website\",\"url\":\"https:\/\/www.roxer.ro\/dev\/\",\"name\":\"Roxer Grup\",\"description\":\"Xerox Cluj Napoca, Distribuitor Xerox Cluj, distribuitor Xerox S\u0103laj, distribuitor Xerox Bihor, distribuitor Xerox Maramure\u015f, distribuitor Xerox Bistri\u0163a N\u0103s\u0103ud, distribuitor Xerox Satu Mare\",\"publisher\":{\"@id\":\"https:\/\/www.roxer.ro\/dev\/#organization\"},\"potentialAction\":[{\"@type\":\"SearchAction\",\"target\":{\"@type\":\"EntryPoint\",\"urlTemplate\":\"https:\/\/www.roxer.ro\/dev\/?s={search_term_string}\"},\"query-input\":\"required name=search_term_string\"}],\"inLanguage\":\"ro-RO\"},{\"@type\":\"Organization\",\"@id\":\"https:\/\/www.roxer.ro\/dev\/#organization\",\"name\":\"Roxer Grup\",\"url\":\"https:\/\/www.roxer.ro\/dev\/\",\"logo\":{\"@type\":\"ImageObject\",\"inLanguage\":\"ro-RO\",\"@id\":\"https:\/\/www.roxer.ro\/dev\/#\/schema\/logo\/image\/\",\"url\":\"https:\/\/www.roxer.ro\/dev\/wp-content\/uploads\/2023\/05\/logo-roxer-1-e1684141209248.png\",\"contentUrl\":\"https:\/\/www.roxer.ro\/dev\/wp-content\/uploads\/2023\/05\/logo-roxer-1-e1684141209248.png\",\"width\":160,\"height\":57,\"caption\":\"Roxer Grup\"},\"image\":{\"@id\":\"https:\/\/www.roxer.ro\/dev\/#\/schema\/logo\/image\/\"}}]}<\/script>\n<!-- \/ Yoast SEO plugin. -->","yoast_head_json":{"title":"Xerox WorkCentre 3615DN Multifunctional - Roxer Grup","robots":{"index":"noindex","follow":"follow","max-snippet":"max-snippet:-1","max-image-preview":"max-image-preview:large","max-video-preview":"max-video-preview:-1"},"og_locale":"ro_RO","og_type":"article","og_title":"Xerox WorkCentre 3615DN Multifunctional - Roxer Grup","og_description":"Echipamentul nu mai face parte din oferta actuala, a fost inlocuit de imprimanta multifunctionala A4 monocrom Xerox B405.  Echipamentul multifunc\u0163ional Xerox\u009f WorkCentre\u009f 3615 are instrumentele adecvate pentru a oferi performan\u0163e maxime astfel \u00eenc\u00e2t s\u0103 fi mai productiv \u015fi mai eficient \u00een fiecare zi.","og_url":"https:\/\/www.roxer.ro\/dev\/echipament\/xerox-workcentre-3615dn-multifunctional","og_site_name":"Roxer Grup","article_modified_time":"2020-11-26T15:56:42+00:00","og_image":[{"width":250,"height":250,"url":"https:\/\/www.roxer.ro\/dev\/wp-content\/uploads\/2020\/08\/Xerox-WorkCentre-3615DN.jpg","type":"image\/jpeg"}],"twitter_card":"summary_large_image","twitter_misc":{"Timp estimat pentru citire":"1 minut"},"schema":{"@context":"https:\/\/schema.org","@graph":[{"@type":"WebPage","@id":"https:\/\/www.roxer.ro\/dev\/echipament\/xerox-workcentre-3615dn-multifunctional","url":"https:\/\/www.roxer.ro\/dev\/echipament\/xerox-workcentre-3615dn-multifunctional","name":"Xerox WorkCentre 3615DN Multifunctional - Roxer Grup","isPartOf":{"@id":"https:\/\/www.roxer.ro\/dev\/#website"},"datePublished":"2020-08-05T12:06:34+00:00","dateModified":"2020-11-26T15:56:42+00:00","breadcrumb":{"@id":"https:\/\/www.roxer.ro\/dev\/echipament\/xerox-workcentre-3615dn-multifunctional#breadcrumb"},"inLanguage":"ro-RO","potentialAction":[{"@type":"ReadAction","target":["https:\/\/www.roxer.ro\/dev\/echipament\/xerox-workcentre-3615dn-multifunctional"]}]},{"@type":"BreadcrumbList","@id":"https:\/\/www.roxer.ro\/dev\/echipament\/xerox-workcentre-3615dn-multifunctional#breadcrumb","itemListElement":[{"@type":"ListItem","position":1,"name":"Prima pagin\u0103","item":"https:\/\/www.roxer.ro\/dev\/"},{"@type":"ListItem","position":2,"name":"Echipamente","item":"https:\/\/www.roxer.ro\/dev\/echipamente"},{"@type":"ListItem","position":3,"name":"Xerox WorkCentre 3615DN Multifunctional"}]},{"@type":"WebSite","@id":"https:\/\/www.roxer.ro\/dev\/#website","url":"https:\/\/www.roxer.ro\/dev\/","name":"Roxer Grup","description":"Xerox Cluj Napoca, Distribuitor Xerox Cluj, distribuitor Xerox S\u0103laj, distribuitor Xerox Bihor, distribuitor Xerox Maramure\u015f, distribuitor Xerox Bistri\u0163a N\u0103s\u0103ud, distribuitor Xerox Satu Mare","publisher":{"@id":"https:\/\/www.roxer.ro\/dev\/#organization"},"potentialAction":[{"@type":"SearchAction","target":{"@type":"EntryPoint","urlTemplate":"https:\/\/www.roxer.ro\/dev\/?s={search_term_string}"},"query-input":"required name=search_term_string"}],"inLanguage":"ro-RO"},{"@type":"Organization","@id":"https:\/\/www.roxer.ro\/dev\/#organization","name":"Roxer Grup","url":"https:\/\/www.roxer.ro\/dev\/","logo":{"@type":"ImageObject","inLanguage":"ro-RO","@id":"https:\/\/www.roxer.ro\/dev\/#\/schema\/logo\/image\/","url":"https:\/\/www.roxer.ro\/dev\/wp-content\/uploads\/2023\/05\/logo-roxer-1-e1684141209248.png","contentUrl":"https:\/\/www.roxer.ro\/dev\/wp-content\/uploads\/2023\/05\/logo-roxer-1-e1684141209248.png","width":160,"height":57,"caption":"Roxer Grup"},"image":{"@id":"https:\/\/www.roxer.ro\/dev\/#\/schema\/logo\/image\/"}}]}},"_links":{"self":[{"href":"https:\/\/www.roxer.ro\/dev\/wp-json\/wp\/v2\/product\/4662"}],"collection":[{"href":"https:\/\/www.roxer.ro\/dev\/wp-json\/wp\/v2\/product"}],"about":[{"href":"https:\/\/www.roxer.ro\/dev\/wp-json\/wp\/v2\/types\/product"}],"wp:featuredmedia":[{"embeddable":true,"href":"https:\/\/www.roxer.ro\/dev\/wp-json\/wp\/v2\/media\/4663"}],"wp:attachment":[{"href":"https:\/\/www.roxer.ro\/dev\/wp-json\/wp\/v2\/media?parent=4662"}],"wp:term":[{"taxonomy":"product_cat","embeddable":true,"href":"https:\/\/www.roxer.ro\/dev\/wp-json\/wp\/v2\/product_cat?post=4662"},{"taxonomy":"product_tag","embeddable":true,"href":"https:\/\/www.roxer.ro\/dev\/wp-json\/wp\/v2\/product_tag?post=4662"}],"curies":[{"name":"wp","href":"https:\/\/api.w.org\/{rel}","templated":true}]}}