{"id":4664,"date":"2020-08-05T12:08:22","date_gmt":"2020-08-05T12:08:22","guid":{"rendered":"https:\/\/firstdesign.ro\/roxer\/?post_type=product&#038;p=4664"},"modified":"2020-11-26T15:54:07","modified_gmt":"2020-11-26T15:54:07","slug":"xerox-workcentre-5022-multifunctional-a3-monocrom","status":"publish","type":"product","link":"https:\/\/www.roxer.ro\/dev\/echipament\/xerox-workcentre-5022-multifunctional-a3-monocrom","title":{"rendered":"Xerox WorkCentre 5022 Multifunctional A3 monocrom"},"content":{"rendered":"<div class=\"box-collateral box-description\">\n<div class=\"focus_desc\">\n<p>&nbsp;<\/p>\n<\/div>\n<\/div>\n<div class=\"box-collateral box-additional\">\n<table id=\"product-attribute-specs-table\" class=\"data-table\">\n<colgroup>\n<col width=\"25%\" \/>\n<col \/><\/colgroup>\n<tbody>\n<tr>\n<th class=\"label\" colspan=\"2\">Performanta<\/th>\n<\/tr>\n<tr>\n<td class=\"data\" colspan=\"2\">Viteza: WorkCentre 5022: p\u00e2n\u0103 la 22 ppm (pagini pe minut)<br \/>\nWorkCentre 5024: p\u00e2n\u0103 la 24 ppm (pagini pe minut)<\/td>\n<\/tr>\n<tr>\n<td><\/td>\n<\/tr>\n<tr>\n<th class=\"label\" colspan=\"2\">Imprimare<\/th>\n<\/tr>\n<tr>\n<td class=\"data\" colspan=\"2\">Memorie: 256 MB<br \/>\nSistem: 300 MHz<br \/>\nLimbaje de imprimare: HBPL, PCL cu op\u0163iune de re\u0163ea<br \/>\nRezolu\u0163ie de imprimare: P\u00e2n\u0103 la 600 x 600 dpi<br \/>\nFunc\u0163ii de imprimare: Filigran, poster, N-up, bro\u015fur\u0103, documente mixte<br \/>\nConectivitate: Imprimare direct\u0103 la vitez\u0103 mare de pe USB 2.0, op\u0163ional plac\u0103 de re\u0163ea 10Base-T\/100Base-TX<br \/>\nSisteme de operare client: MicrosoftR Windows Server\u00ae 2003 (32\/64 bi\u0163i), Windows VistaR (32\/64 bi\u0163i), Windows Server 2008 (32\/64 bi\u0163i), Windows Server 2008 R2, Windows 7 (32\/64 bi\u0163i), Windows 8 (32\/64 bi\u0163i), Windows Server 2012 (64 bi\u0163i)<\/td>\n<\/tr>\n<tr>\n<td><\/td>\n<\/tr>\n<tr>\n<th class=\"label\" colspan=\"2\">Copiere<\/th>\n<\/tr>\n<tr>\n<td class=\"data\" colspan=\"2\">Scaner de documente: Ecran document \u015fi DADF<br \/>\nFe\u0163e (intrare\/ie\u015fire): 1:1, 1:2, 2:1, 2:2<br \/>\nCantitate: 1\u2013999<br \/>\nRezolu\u0163ie: 600 x 600 dpi<br \/>\nFunc\u0163ii de copiere: Mic\u015forare\/m\u0103rire, N-up, copiere carduri de identitate, mai deschis\/mai inchis, rotire automat\u0103, economie toner<\/td>\n<\/tr>\n<tr>\n<td><\/td>\n<\/tr>\n<tr>\n<th class=\"label\" colspan=\"2\">Scanare<\/th>\n<\/tr>\n<tr>\n<td class=\"data\" colspan=\"2\">Conectivitate: USB 2.0<br \/>\nVitez\u0103 de scanare: Simplex: 18 ppm alb-negru, 4 ppm color; (A4 LEF la 200 dpi utilizand driverul TWAIN (USB)<br \/>\nRezolu\u0163ie de scanare: Alb-negru: 600 x 600 dpi, 400 x 400 dpi, 300 x 300 dpi, 200 x 200 dpi; Color: 300 x 300 dpi, 200 x 200 dpi<br \/>\nFunc\u0163ii de scanare: Standard: Scanare local\u0103 (via USB, TWAIN); Standard: Echipamentul este livrat cu ABBYY; FineReader pentru asistarea aplica\u0163iei de scanare<\/td>\n<\/tr>\n<tr>\n<td><\/td>\n<\/tr>\n<tr>\n<th class=\"label\" colspan=\"2\">Hartie<\/th>\n<\/tr>\n<tr>\n<td class=\"data\" colspan=\"2\">Capacitate (h\u00e2rtie de 75 g\/m2): Tava 1 standard: 250 coli; Tava 5 standard (manual\u0103): 100 de coli; Modul op\u0163ional cu o tav\u0103 (tava 2): 500 de coli; Modul op\u0163ional cu dou\u0103 t\u0103vi (t\u0103vile 3 \u015fi 4): 500 de coli fiecare; Maximum 1.850 de coli (t\u0103vile 1-4 + tava manual\u0103)<br \/>\nDimensiuni standard selectabile: B5-A3, 8,5 x 11 in., \u2013 11 x 17 in., dimensiune personalizat\u0103: 98-432 mm, 127-297 mm<br \/>\nGreut\u0103\u0163i hartie: Tava 1: 60-90 g\/m2; Tava 5 (manual\u0103) standard: 60-216 g\/m2; T\u0103vile 2-4 (op\u0163ionale): 60-216 g\/m2<br \/>\nMic\u015forare\/M\u0103rire: Aceea\u015fi dimensiune 1:1 +\/- 0,8 %, 25-400 % Preset\u0103ri 50 %, 70 %, 81 %, 94 %, 100 %, 122 %, 127 %, 141 % \u015fi 200 %<\/td>\n<\/tr>\n<tr>\n<td><\/td>\n<\/tr>\n<tr>\n<th class=\"label\" colspan=\"2\">Productivitate<\/th>\n<\/tr>\n<tr>\n<td class=\"data\" colspan=\"2\">Imprimarea primei pagini: Copiere de pe ecran: 7,2 secunde sau mai pu\u0163in<br \/>\nImprimare: 14 secunde sau mai pu\u0163in<\/td>\n<\/tr>\n<tr>\n<td><\/td>\n<\/tr>\n<\/tbody>\n<\/table>\n<\/div>\n<p><strong>Acest echipament poate fi achizi\u0163ionat \u015fi \u00een rate. Pentru detalii<a href=\"https:\/\/www.roxer.ro\/contact\/\" target=\"_blank\" rel=\"noopener noreferrer\">\u00a0contacteaz\u0103-ne<\/a><\/strong><\/p>\n","protected":false},"excerpt":{"rendered":"<div class=\"box-collateral box-description\">\n<div class=\"focus_desc\">Echipamentul nu mai face parte din oferta actuala a fost inlocuit de <a href=\"https:\/\/www.roxer.ro\/produs\/imprimanta-multifunctionala-xerox-b1025vu\/\" target=\"_blank\" rel=\"noopener noreferrer\"><em><strong>Xerox B1025V_U.<\/strong><\/em><\/a><\/div>\n<div><\/div>\n<\/div>\n<p>Echipamentul multifunc\u0163ional alb-negru Xerox\u00ae WorkCentre\u2122 5022\/5024 asigur\u0103 cea mai nou\u0103 metod\u0103 de imprimare, copiere \u015fi scanare a documentelor obi\u015fnuite de birou \u2013 viteza \u015fi u\u015furin\u0163a de utilizare fiind reprezentative pentru acest dispozitiv convenabil \u015fi compact.<\/p>\n<p>Performanta<br \/>\nViteza: WorkCentre 5022: p\u00e2n\u0103 la 22 ppm (pagini pe minut)<br \/>\nWorkCentre 5024: p\u00e2n\u0103 la 24 ppm (pagini pe minut)<\/p>\n","protected":false},"featured_media":4665,"template":"","meta":[],"product_cat":[15,115],"product_tag":[],"yoast_head":"<!-- This site is optimized with the Yoast SEO plugin v20.3 - https:\/\/yoast.com\/wordpress\/plugins\/seo\/ -->\n<title>Xerox WorkCentre 5022 Multifunctional A3 monocrom - Roxer Grup<\/title>\n<meta name=\"robots\" content=\"noindex, follow, max-snippet:-1, max-image-preview:large, max-video-preview:-1\" \/>\n<meta property=\"og:locale\" content=\"ro_RO\" \/>\n<meta property=\"og:type\" content=\"article\" \/>\n<meta property=\"og:title\" content=\"Xerox WorkCentre 5022 Multifunctional A3 monocrom - Roxer Grup\" \/>\n<meta property=\"og:description\" content=\"Echipamentul nu mai face parte din oferta actuala a fost inlocuit de Xerox B1025V_U.   Echipamentul multifunc\u0163ional alb-negru Xerox\u00ae WorkCentre\u2122 5022\/5024 asigur\u0103 cea mai nou\u0103 metod\u0103 de imprimare, copiere \u015fi scanare a documentelor obi\u015fnuite de birou \u2013 viteza \u015fi u\u015furin\u0163a de utilizare fiind reprezentative pentru acest dispozitiv convenabil \u015fi compact.  Performanta Viteza: WorkCentre 5022: p\u00e2n\u0103 la 22 ppm (pagini pe minut) WorkCentre 5024: p\u00e2n\u0103 la 24 ppm (pagini pe minut)\" \/>\n<meta property=\"og:url\" content=\"https:\/\/www.roxer.ro\/dev\/echipament\/xerox-workcentre-5022-multifunctional-a3-monocrom\" \/>\n<meta property=\"og:site_name\" content=\"Roxer Grup\" \/>\n<meta property=\"article:modified_time\" content=\"2020-11-26T15:54:07+00:00\" \/>\n<meta property=\"og:image\" content=\"https:\/\/www.roxer.ro\/dev\/wp-content\/uploads\/2020\/08\/Xerox-WorkCentre-5022.png\" \/>\n\t<meta property=\"og:image:width\" content=\"250\" \/>\n\t<meta property=\"og:image:height\" content=\"250\" \/>\n\t<meta property=\"og:image:type\" content=\"image\/png\" \/>\n<meta name=\"twitter:card\" content=\"summary_large_image\" \/>\n<meta name=\"twitter:label1\" content=\"Timp estimat pentru citire\" \/>\n\t<meta name=\"twitter:data1\" content=\"2 minute\" \/>\n<script type=\"application\/ld+json\" class=\"yoast-schema-graph\">{\"@context\":\"https:\/\/schema.org\",\"@graph\":[{\"@type\":\"WebPage\",\"@id\":\"https:\/\/www.roxer.ro\/dev\/echipament\/xerox-workcentre-5022-multifunctional-a3-monocrom\",\"url\":\"https:\/\/www.roxer.ro\/dev\/echipament\/xerox-workcentre-5022-multifunctional-a3-monocrom\",\"name\":\"Xerox WorkCentre 5022 Multifunctional A3 monocrom - Roxer Grup\",\"isPartOf\":{\"@id\":\"https:\/\/www.roxer.ro\/dev\/#website\"},\"datePublished\":\"2020-08-05T12:08:22+00:00\",\"dateModified\":\"2020-11-26T15:54:07+00:00\",\"breadcrumb\":{\"@id\":\"https:\/\/www.roxer.ro\/dev\/echipament\/xerox-workcentre-5022-multifunctional-a3-monocrom#breadcrumb\"},\"inLanguage\":\"ro-RO\",\"potentialAction\":[{\"@type\":\"ReadAction\",\"target\":[\"https:\/\/www.roxer.ro\/dev\/echipament\/xerox-workcentre-5022-multifunctional-a3-monocrom\"]}]},{\"@type\":\"BreadcrumbList\",\"@id\":\"https:\/\/www.roxer.ro\/dev\/echipament\/xerox-workcentre-5022-multifunctional-a3-monocrom#breadcrumb\",\"itemListElement\":[{\"@type\":\"ListItem\",\"position\":1,\"name\":\"Prima pagin\u0103\",\"item\":\"https:\/\/www.roxer.ro\/dev\/\"},{\"@type\":\"ListItem\",\"position\":2,\"name\":\"Echipamente\",\"item\":\"https:\/\/www.roxer.ro\/dev\/echipamente\"},{\"@type\":\"ListItem\",\"position\":3,\"name\":\"Xerox WorkCentre 5022 Multifunctional A3 monocrom\"}]},{\"@type\":\"WebSite\",\"@id\":\"https:\/\/www.roxer.ro\/dev\/#website\",\"url\":\"https:\/\/www.roxer.ro\/dev\/\",\"name\":\"Roxer Grup\",\"description\":\"Xerox Cluj Napoca, Distribuitor Xerox Cluj, distribuitor Xerox S\u0103laj, distribuitor Xerox Bihor, distribuitor Xerox Maramure\u015f, distribuitor Xerox Bistri\u0163a N\u0103s\u0103ud, distribuitor Xerox Satu Mare\",\"publisher\":{\"@id\":\"https:\/\/www.roxer.ro\/dev\/#organization\"},\"potentialAction\":[{\"@type\":\"SearchAction\",\"target\":{\"@type\":\"EntryPoint\",\"urlTemplate\":\"https:\/\/www.roxer.ro\/dev\/?s={search_term_string}\"},\"query-input\":\"required name=search_term_string\"}],\"inLanguage\":\"ro-RO\"},{\"@type\":\"Organization\",\"@id\":\"https:\/\/www.roxer.ro\/dev\/#organization\",\"name\":\"Roxer Grup\",\"url\":\"https:\/\/www.roxer.ro\/dev\/\",\"logo\":{\"@type\":\"ImageObject\",\"inLanguage\":\"ro-RO\",\"@id\":\"https:\/\/www.roxer.ro\/dev\/#\/schema\/logo\/image\/\",\"url\":\"https:\/\/www.roxer.ro\/dev\/wp-content\/uploads\/2023\/05\/logo-roxer-1-e1684141209248.png\",\"contentUrl\":\"https:\/\/www.roxer.ro\/dev\/wp-content\/uploads\/2023\/05\/logo-roxer-1-e1684141209248.png\",\"width\":160,\"height\":57,\"caption\":\"Roxer Grup\"},\"image\":{\"@id\":\"https:\/\/www.roxer.ro\/dev\/#\/schema\/logo\/image\/\"}}]}<\/script>\n<!-- \/ Yoast SEO plugin. -->","yoast_head_json":{"title":"Xerox WorkCentre 5022 Multifunctional A3 monocrom - Roxer Grup","robots":{"index":"noindex","follow":"follow","max-snippet":"max-snippet:-1","max-image-preview":"max-image-preview:large","max-video-preview":"max-video-preview:-1"},"og_locale":"ro_RO","og_type":"article","og_title":"Xerox WorkCentre 5022 Multifunctional A3 monocrom - Roxer Grup","og_description":"Echipamentul nu mai face parte din oferta actuala a fost inlocuit de Xerox B1025V_U.   Echipamentul multifunc\u0163ional alb-negru Xerox\u00ae WorkCentre\u2122 5022\/5024 asigur\u0103 cea mai nou\u0103 metod\u0103 de imprimare, copiere \u015fi scanare a documentelor obi\u015fnuite de birou \u2013 viteza \u015fi u\u015furin\u0163a de utilizare fiind reprezentative pentru acest dispozitiv convenabil \u015fi compact.  Performanta Viteza: WorkCentre 5022: p\u00e2n\u0103 la 22 ppm (pagini pe minut) WorkCentre 5024: p\u00e2n\u0103 la 24 ppm (pagini pe minut)","og_url":"https:\/\/www.roxer.ro\/dev\/echipament\/xerox-workcentre-5022-multifunctional-a3-monocrom","og_site_name":"Roxer Grup","article_modified_time":"2020-11-26T15:54:07+00:00","og_image":[{"width":250,"height":250,"url":"https:\/\/www.roxer.ro\/dev\/wp-content\/uploads\/2020\/08\/Xerox-WorkCentre-5022.png","type":"image\/png"}],"twitter_card":"summary_large_image","twitter_misc":{"Timp estimat pentru citire":"2 minute"},"schema":{"@context":"https:\/\/schema.org","@graph":[{"@type":"WebPage","@id":"https:\/\/www.roxer.ro\/dev\/echipament\/xerox-workcentre-5022-multifunctional-a3-monocrom","url":"https:\/\/www.roxer.ro\/dev\/echipament\/xerox-workcentre-5022-multifunctional-a3-monocrom","name":"Xerox WorkCentre 5022 Multifunctional A3 monocrom - Roxer Grup","isPartOf":{"@id":"https:\/\/www.roxer.ro\/dev\/#website"},"datePublished":"2020-08-05T12:08:22+00:00","dateModified":"2020-11-26T15:54:07+00:00","breadcrumb":{"@id":"https:\/\/www.roxer.ro\/dev\/echipament\/xerox-workcentre-5022-multifunctional-a3-monocrom#breadcrumb"},"inLanguage":"ro-RO","potentialAction":[{"@type":"ReadAction","target":["https:\/\/www.roxer.ro\/dev\/echipament\/xerox-workcentre-5022-multifunctional-a3-monocrom"]}]},{"@type":"BreadcrumbList","@id":"https:\/\/www.roxer.ro\/dev\/echipament\/xerox-workcentre-5022-multifunctional-a3-monocrom#breadcrumb","itemListElement":[{"@type":"ListItem","position":1,"name":"Prima pagin\u0103","item":"https:\/\/www.roxer.ro\/dev\/"},{"@type":"ListItem","position":2,"name":"Echipamente","item":"https:\/\/www.roxer.ro\/dev\/echipamente"},{"@type":"ListItem","position":3,"name":"Xerox WorkCentre 5022 Multifunctional A3 monocrom"}]},{"@type":"WebSite","@id":"https:\/\/www.roxer.ro\/dev\/#website","url":"https:\/\/www.roxer.ro\/dev\/","name":"Roxer Grup","description":"Xerox Cluj Napoca, Distribuitor Xerox Cluj, distribuitor Xerox S\u0103laj, distribuitor Xerox Bihor, distribuitor Xerox Maramure\u015f, distribuitor Xerox Bistri\u0163a N\u0103s\u0103ud, distribuitor Xerox Satu Mare","publisher":{"@id":"https:\/\/www.roxer.ro\/dev\/#organization"},"potentialAction":[{"@type":"SearchAction","target":{"@type":"EntryPoint","urlTemplate":"https:\/\/www.roxer.ro\/dev\/?s={search_term_string}"},"query-input":"required name=search_term_string"}],"inLanguage":"ro-RO"},{"@type":"Organization","@id":"https:\/\/www.roxer.ro\/dev\/#organization","name":"Roxer Grup","url":"https:\/\/www.roxer.ro\/dev\/","logo":{"@type":"ImageObject","inLanguage":"ro-RO","@id":"https:\/\/www.roxer.ro\/dev\/#\/schema\/logo\/image\/","url":"https:\/\/www.roxer.ro\/dev\/wp-content\/uploads\/2023\/05\/logo-roxer-1-e1684141209248.png","contentUrl":"https:\/\/www.roxer.ro\/dev\/wp-content\/uploads\/2023\/05\/logo-roxer-1-e1684141209248.png","width":160,"height":57,"caption":"Roxer Grup"},"image":{"@id":"https:\/\/www.roxer.ro\/dev\/#\/schema\/logo\/image\/"}}]}},"_links":{"self":[{"href":"https:\/\/www.roxer.ro\/dev\/wp-json\/wp\/v2\/product\/4664"}],"collection":[{"href":"https:\/\/www.roxer.ro\/dev\/wp-json\/wp\/v2\/product"}],"about":[{"href":"https:\/\/www.roxer.ro\/dev\/wp-json\/wp\/v2\/types\/product"}],"wp:featuredmedia":[{"embeddable":true,"href":"https:\/\/www.roxer.ro\/dev\/wp-json\/wp\/v2\/media\/4665"}],"wp:attachment":[{"href":"https:\/\/www.roxer.ro\/dev\/wp-json\/wp\/v2\/media?parent=4664"}],"wp:term":[{"taxonomy":"product_cat","embeddable":true,"href":"https:\/\/www.roxer.ro\/dev\/wp-json\/wp\/v2\/product_cat?post=4664"},{"taxonomy":"product_tag","embeddable":true,"href":"https:\/\/www.roxer.ro\/dev\/wp-json\/wp\/v2\/product_tag?post=4664"}],"curies":[{"name":"wp","href":"https:\/\/api.w.org\/{rel}","templated":true}]}}