{"id":4669,"date":"2020-08-05T12:12:22","date_gmt":"2020-08-05T12:12:22","guid":{"rendered":"https:\/\/firstdesign.ro\/roxer\/?post_type=product&#038;p=4669"},"modified":"2020-10-16T02:02:36","modified_gmt":"2020-10-16T02:02:36","slug":"xerox-workcentre-4265s-multifunctional-a4","status":"publish","type":"product","link":"https:\/\/www.roxer.ro\/dev\/echipament\/xerox-workcentre-4265s-multifunctional-a4","title":{"rendered":"Xerox WorkCentre 4265S Multifunctional A4"},"content":{"rendered":"<div class=\"box-collateral box-additional\">\n<p><iframe loading=\"lazy\" title=\"The Xerox WorkCentre 4265\" width=\"1200\" height=\"675\" src=\"https:\/\/www.youtube.com\/embed\/Q5RVMlfNM1A?feature=oembed\" frameborder=\"0\" allow=\"accelerometer; autoplay; clipboard-write; encrypted-media; gyroscope; picture-in-picture\" allowfullscreen><\/iframe><\/p>\n<p>&nbsp;<\/p>\n<table id=\"product-attribute-specs-table\" class=\"data-table\">\n<tbody>\n<tr>\n<td>\n<table id=\"product-attribute-specs-table\" class=\"data-table\">\n<tbody>\n<tr>\n<th class=\"label\">Performanta<\/th>\n<\/tr>\n<tr>\n<td class=\"data\">Viteza P\u00e2n\u0103 la 55 ppm letter\/p\u00e2n\u0103 la 53 ppm A4<br \/>\nVolum lunar maxim p\u00e2n\u0103 la 250.000 pagini pe lun\u0103<br \/>\nUnitate hard disc\/Procesor\/Memorie 320 GB\/1 GHz\/2 GB<br \/>\nConectivitate<br \/>\n10\/100\/1000Base-TX Ethernet, USB 2.0 de mare vitez\u0103, wireless op\u0163ional 802.11b\/g\/n<\/td>\n<\/tr>\n<tr>\n<td><\/td>\n<\/tr>\n<tr>\n<th class=\"label\">Imprimare<\/th>\n<\/tr>\n<tr>\n<td class=\"data\">Rezolu\u0163ie de copiere \u015fi imprimare: Copiere- p\u00e2n\u0103 la 600 x 600 dpi; Imprimare: p\u00e2n\u0103 la 1200 x 1200 dpi la calitate \u00eembun\u0103t\u0103\u0163it\u0103 a imaginii<br \/>\nImprimarea primei pagini (vitez\u0103): Copiere \u2013 5 secunde; Imprimare \u2013 8 secunde<br \/>\nLimbaje de imprimare: Compatibilitate cu Adobe\u00ae PostScript\u00ae 3, emul\u0103ri PCL\u00ae 5c\/e \/ PCL 6, XML Paper Specification (XPS\u00ae)<br \/>\nFunc\u0163ii de imprimare: Imprimare bro\u015furi, imprimare de prob\u0103, ignorare pagini goale, N pe pagin\u0103, cola\u0163ionare, scalare, mic\u015forare\/m\u0103rire, dimensionare la formatul paginii, coper\u0163i, pagini cu dimensiuni personalizate, imprimare \u00eent\u00e2rziat\u0103, coli banner, imprimare de la USB<br \/>\nImprimare mobil\u0103: Apple\u00ae AirPrint\u2122, Web Printing Service, Xerox\u00ae Mobile Print (op\u0163ional), Xerox\u00ae Mobile Print Cloud (op\u0163ional), Xerox\u00ae PrintBack<\/td>\n<\/tr>\n<\/tbody>\n<\/table>\n<\/td>\n<\/tr>\n<tr>\n<th class=\"label\" colspan=\"2\">Fax<\/th>\n<\/tr>\n<tr>\n<td class=\"data\" colspan=\"2\">Fax op\u021bional pentru WorkCentre4265\/S<br \/>\nFax \u00eencorporat pentru WorkCentre 4265\/X si WorkCentre4265\/XF, fax LAN, fax server<\/td>\n<\/tr>\n<tr>\n<td><\/td>\n<\/tr>\n<tr>\n<th class=\"label\" colspan=\"2\">Scanare<\/th>\n<\/tr>\n<tr>\n<td class=\"data\" colspan=\"2\">Scanare c\u0103tre destina\u0163ie pre-alocat\u0103, scanare c\u0103tre computer via SMB, scanare c\u0103tre c\u0103su\u0163\u0103 po\u015ftal\u0103, scanare c\u0103tre e-mail, scanare c\u0103tre folder, scanare c\u0103tre SMB, FTP, SFTP, Client, scanare c\u0103tre re\u0163ea, scanare c\u0103tre HTTP, scanare c\u0103tre HTTPS, XPS, PDF\/A, PDF (doar imagini), JPEG, TIFF cu una \u015fi mai multe pagini, scanare c\u0103tre dispozitiv de memorie USB, suport TWAIN<\/td>\n<\/tr>\n<tr>\n<td><\/td>\n<\/tr>\n<tr>\n<th class=\"label\" colspan=\"2\">Hartie<\/th>\n<\/tr>\n<tr>\n<td class=\"data\" colspan=\"2\">Dispozitiv automat de alimentare fa\u0163\u0103-verso: 100 coli; dimensiuni personalizate: 145 x 145 mm \u2013 216 x 356 mm<br \/>\nTava manual\u0103: 100 coli; dimensiuni personalizate: 98 x 148 mm \u2013 216 x 356 mm<br \/>\nTava 1: 520 coli; dimensiuni personalizate: 99 x 147 mm \u2013 216 x 356 mm<\/td>\n<\/tr>\n<tr>\n<td><\/td>\n<\/tr>\n<tr>\n<th class=\"label\" colspan=\"2\">Contorizare<\/th>\n<\/tr>\n<tr>\n<td class=\"data\" colspan=\"2\">Xerox\u00ae Standard Accounting (copiere, imprimare, scanare, fax, e-mail), activare contorizare \u00een re\u0163ea<\/td>\n<\/tr>\n<tr>\n<td><\/td>\n<\/tr>\n<tr>\n<th class=\"label\" colspan=\"2\">Siguranta<\/th>\n<\/tr>\n<tr>\n<td class=\"data\" colspan=\"2\">802.1X, autentificare prin card de identificare, autentificare Kerberos (Unix \/ Linux \/ Windows ADS), autentificare LDAP (LDAP securizat), conectare local\u0103 oaspete pe baz\u0103 de PIN, autentificare simpl\u0103 (un cont cu nume de utilizator \u015fi parol\u0103), autentifica<\/td>\n<\/tr>\n<tr>\n<td><\/td>\n<\/tr>\n<\/tbody>\n<\/table>\n<\/div>\n<p><strong>Acest echipament poate fi achizi\u0163ionat \u015fi \u00een rate. Pentru detalii<a href=\"https:\/\/www.roxer.ro\/contact\/\" target=\"_blank\" rel=\"noopener noreferrer\">\u00a0contacteaz\u0103-ne<\/a>.<\/strong><\/p>\n","protected":false},"excerpt":{"rendered":"<p>WorkCentre 4265 eficientizeaz\u0103 comunica\u0163iile de zi cu zi, oferindu-v\u0103 solu\u0163iile de care ave\u0163i nevoie pentru o colaborare optim\u0103 \u015fi simplific\u00e2nd fluxurile de lucru digitale \u015fi pe h\u00e2rtie \u2013 toate acestea cu costuri reduse \u015fi \u00een siguran\u0163\u0103.<\/p>\n<p><strong>Performanta<\/strong><\/p>\n<p>Viteza P\u00e2n\u0103 la 55 ppm letter\/p\u00e2n\u0103 la 53 ppm A4<br \/>\nVolum lunar maxim p\u00e2n\u0103 la 250.000 pagini pe lun\u0103<br \/>\nUnitate hard disc\/Procesor\/Memorie 320 GB\/1 GHz\/2 GB<br \/>\nConectivitate<br \/>\n10\/100\/1000Base-TX Ethernet, USB 2.0 de mare vitez\u0103, wireless op\u0163ional 802.11b\/g\/n<\/p>\n","protected":false},"featured_media":4670,"template":"","meta":[],"product_cat":[15,115],"product_tag":[276],"yoast_head":"<!-- This site is optimized with the Yoast SEO plugin v20.3 - https:\/\/yoast.com\/wordpress\/plugins\/seo\/ -->\n<title>Xerox WorkCentre 4265S Multifunctional A4 - Roxer Grup<\/title>\n<meta name=\"robots\" content=\"noindex, follow, max-snippet:-1, max-image-preview:large, max-video-preview:-1\" \/>\n<meta property=\"og:locale\" content=\"ro_RO\" \/>\n<meta property=\"og:type\" content=\"article\" \/>\n<meta property=\"og:title\" content=\"Xerox WorkCentre 4265S Multifunctional A4 - Roxer Grup\" \/>\n<meta property=\"og:description\" content=\"WorkCentre 4265 eficientizeaz\u0103 comunica\u0163iile de zi cu zi, oferindu-v\u0103 solu\u0163iile de care ave\u0163i nevoie pentru o colaborare optim\u0103 \u015fi simplific\u00e2nd fluxurile de lucru digitale \u015fi pe h\u00e2rtie \u2013 toate acestea cu costuri reduse \u015fi \u00een siguran\u0163\u0103.  Performanta  Viteza P\u00e2n\u0103 la 55 ppm letter\/p\u00e2n\u0103 la 53 ppm A4 Volum lunar maxim p\u00e2n\u0103 la 250.000 pagini pe lun\u0103 Unitate hard disc\/Procesor\/Memorie 320 GB\/1 GHz\/2 GB Conectivitate 10\/100\/1000Base-TX Ethernet, USB 2.0 de mare vitez\u0103, wireless op\u0163ional 802.11b\/g\/n\" \/>\n<meta property=\"og:url\" content=\"https:\/\/www.roxer.ro\/dev\/echipament\/xerox-workcentre-4265s-multifunctional-a4\" \/>\n<meta property=\"og:site_name\" content=\"Roxer Grup\" \/>\n<meta property=\"article:modified_time\" content=\"2020-10-16T02:02:36+00:00\" \/>\n<meta property=\"og:image\" content=\"https:\/\/www.roxer.ro\/dev\/wp-content\/uploads\/2020\/08\/Xerox-WorkCentre-4265S.jpg\" \/>\n\t<meta property=\"og:image:width\" content=\"250\" \/>\n\t<meta property=\"og:image:height\" content=\"250\" \/>\n\t<meta property=\"og:image:type\" content=\"image\/jpeg\" \/>\n<meta name=\"twitter:card\" content=\"summary_large_image\" \/>\n<meta name=\"twitter:label1\" content=\"Timp estimat pentru citire\" \/>\n\t<meta name=\"twitter:data1\" content=\"2 minute\" \/>\n<script type=\"application\/ld+json\" class=\"yoast-schema-graph\">{\"@context\":\"https:\/\/schema.org\",\"@graph\":[{\"@type\":\"WebPage\",\"@id\":\"https:\/\/www.roxer.ro\/dev\/echipament\/xerox-workcentre-4265s-multifunctional-a4\",\"url\":\"https:\/\/www.roxer.ro\/dev\/echipament\/xerox-workcentre-4265s-multifunctional-a4\",\"name\":\"Xerox WorkCentre 4265S Multifunctional A4 - Roxer Grup\",\"isPartOf\":{\"@id\":\"https:\/\/www.roxer.ro\/dev\/#website\"},\"datePublished\":\"2020-08-05T12:12:22+00:00\",\"dateModified\":\"2020-10-16T02:02:36+00:00\",\"breadcrumb\":{\"@id\":\"https:\/\/www.roxer.ro\/dev\/echipament\/xerox-workcentre-4265s-multifunctional-a4#breadcrumb\"},\"inLanguage\":\"ro-RO\",\"potentialAction\":[{\"@type\":\"ReadAction\",\"target\":[\"https:\/\/www.roxer.ro\/dev\/echipament\/xerox-workcentre-4265s-multifunctional-a4\"]}]},{\"@type\":\"BreadcrumbList\",\"@id\":\"https:\/\/www.roxer.ro\/dev\/echipament\/xerox-workcentre-4265s-multifunctional-a4#breadcrumb\",\"itemListElement\":[{\"@type\":\"ListItem\",\"position\":1,\"name\":\"Prima pagin\u0103\",\"item\":\"https:\/\/www.roxer.ro\/dev\/\"},{\"@type\":\"ListItem\",\"position\":2,\"name\":\"Echipamente\",\"item\":\"https:\/\/www.roxer.ro\/dev\/echipamente\"},{\"@type\":\"ListItem\",\"position\":3,\"name\":\"Xerox WorkCentre 4265S Multifunctional A4\"}]},{\"@type\":\"WebSite\",\"@id\":\"https:\/\/www.roxer.ro\/dev\/#website\",\"url\":\"https:\/\/www.roxer.ro\/dev\/\",\"name\":\"Roxer Grup\",\"description\":\"Xerox Cluj Napoca, Distribuitor Xerox Cluj, distribuitor Xerox S\u0103laj, distribuitor Xerox Bihor, distribuitor Xerox Maramure\u015f, distribuitor Xerox Bistri\u0163a N\u0103s\u0103ud, distribuitor Xerox Satu Mare\",\"publisher\":{\"@id\":\"https:\/\/www.roxer.ro\/dev\/#organization\"},\"potentialAction\":[{\"@type\":\"SearchAction\",\"target\":{\"@type\":\"EntryPoint\",\"urlTemplate\":\"https:\/\/www.roxer.ro\/dev\/?s={search_term_string}\"},\"query-input\":\"required name=search_term_string\"}],\"inLanguage\":\"ro-RO\"},{\"@type\":\"Organization\",\"@id\":\"https:\/\/www.roxer.ro\/dev\/#organization\",\"name\":\"Roxer Grup\",\"url\":\"https:\/\/www.roxer.ro\/dev\/\",\"logo\":{\"@type\":\"ImageObject\",\"inLanguage\":\"ro-RO\",\"@id\":\"https:\/\/www.roxer.ro\/dev\/#\/schema\/logo\/image\/\",\"url\":\"https:\/\/www.roxer.ro\/dev\/wp-content\/uploads\/2023\/05\/logo-roxer-1-e1684141209248.png\",\"contentUrl\":\"https:\/\/www.roxer.ro\/dev\/wp-content\/uploads\/2023\/05\/logo-roxer-1-e1684141209248.png\",\"width\":160,\"height\":57,\"caption\":\"Roxer Grup\"},\"image\":{\"@id\":\"https:\/\/www.roxer.ro\/dev\/#\/schema\/logo\/image\/\"}}]}<\/script>\n<!-- \/ Yoast SEO plugin. -->","yoast_head_json":{"title":"Xerox WorkCentre 4265S Multifunctional A4 - Roxer Grup","robots":{"index":"noindex","follow":"follow","max-snippet":"max-snippet:-1","max-image-preview":"max-image-preview:large","max-video-preview":"max-video-preview:-1"},"og_locale":"ro_RO","og_type":"article","og_title":"Xerox WorkCentre 4265S Multifunctional A4 - Roxer Grup","og_description":"WorkCentre 4265 eficientizeaz\u0103 comunica\u0163iile de zi cu zi, oferindu-v\u0103 solu\u0163iile de care ave\u0163i nevoie pentru o colaborare optim\u0103 \u015fi simplific\u00e2nd fluxurile de lucru digitale \u015fi pe h\u00e2rtie \u2013 toate acestea cu costuri reduse \u015fi \u00een siguran\u0163\u0103.  Performanta  Viteza P\u00e2n\u0103 la 55 ppm letter\/p\u00e2n\u0103 la 53 ppm A4 Volum lunar maxim p\u00e2n\u0103 la 250.000 pagini pe lun\u0103 Unitate hard disc\/Procesor\/Memorie 320 GB\/1 GHz\/2 GB Conectivitate 10\/100\/1000Base-TX Ethernet, USB 2.0 de mare vitez\u0103, wireless op\u0163ional 802.11b\/g\/n","og_url":"https:\/\/www.roxer.ro\/dev\/echipament\/xerox-workcentre-4265s-multifunctional-a4","og_site_name":"Roxer Grup","article_modified_time":"2020-10-16T02:02:36+00:00","og_image":[{"width":250,"height":250,"url":"https:\/\/www.roxer.ro\/dev\/wp-content\/uploads\/2020\/08\/Xerox-WorkCentre-4265S.jpg","type":"image\/jpeg"}],"twitter_card":"summary_large_image","twitter_misc":{"Timp estimat pentru citire":"2 minute"},"schema":{"@context":"https:\/\/schema.org","@graph":[{"@type":"WebPage","@id":"https:\/\/www.roxer.ro\/dev\/echipament\/xerox-workcentre-4265s-multifunctional-a4","url":"https:\/\/www.roxer.ro\/dev\/echipament\/xerox-workcentre-4265s-multifunctional-a4","name":"Xerox WorkCentre 4265S Multifunctional A4 - Roxer Grup","isPartOf":{"@id":"https:\/\/www.roxer.ro\/dev\/#website"},"datePublished":"2020-08-05T12:12:22+00:00","dateModified":"2020-10-16T02:02:36+00:00","breadcrumb":{"@id":"https:\/\/www.roxer.ro\/dev\/echipament\/xerox-workcentre-4265s-multifunctional-a4#breadcrumb"},"inLanguage":"ro-RO","potentialAction":[{"@type":"ReadAction","target":["https:\/\/www.roxer.ro\/dev\/echipament\/xerox-workcentre-4265s-multifunctional-a4"]}]},{"@type":"BreadcrumbList","@id":"https:\/\/www.roxer.ro\/dev\/echipament\/xerox-workcentre-4265s-multifunctional-a4#breadcrumb","itemListElement":[{"@type":"ListItem","position":1,"name":"Prima pagin\u0103","item":"https:\/\/www.roxer.ro\/dev\/"},{"@type":"ListItem","position":2,"name":"Echipamente","item":"https:\/\/www.roxer.ro\/dev\/echipamente"},{"@type":"ListItem","position":3,"name":"Xerox WorkCentre 4265S Multifunctional A4"}]},{"@type":"WebSite","@id":"https:\/\/www.roxer.ro\/dev\/#website","url":"https:\/\/www.roxer.ro\/dev\/","name":"Roxer Grup","description":"Xerox Cluj Napoca, Distribuitor Xerox Cluj, distribuitor Xerox S\u0103laj, distribuitor Xerox Bihor, distribuitor Xerox Maramure\u015f, distribuitor Xerox Bistri\u0163a N\u0103s\u0103ud, distribuitor Xerox Satu Mare","publisher":{"@id":"https:\/\/www.roxer.ro\/dev\/#organization"},"potentialAction":[{"@type":"SearchAction","target":{"@type":"EntryPoint","urlTemplate":"https:\/\/www.roxer.ro\/dev\/?s={search_term_string}"},"query-input":"required name=search_term_string"}],"inLanguage":"ro-RO"},{"@type":"Organization","@id":"https:\/\/www.roxer.ro\/dev\/#organization","name":"Roxer Grup","url":"https:\/\/www.roxer.ro\/dev\/","logo":{"@type":"ImageObject","inLanguage":"ro-RO","@id":"https:\/\/www.roxer.ro\/dev\/#\/schema\/logo\/image\/","url":"https:\/\/www.roxer.ro\/dev\/wp-content\/uploads\/2023\/05\/logo-roxer-1-e1684141209248.png","contentUrl":"https:\/\/www.roxer.ro\/dev\/wp-content\/uploads\/2023\/05\/logo-roxer-1-e1684141209248.png","width":160,"height":57,"caption":"Roxer Grup"},"image":{"@id":"https:\/\/www.roxer.ro\/dev\/#\/schema\/logo\/image\/"}}]}},"_links":{"self":[{"href":"https:\/\/www.roxer.ro\/dev\/wp-json\/wp\/v2\/product\/4669"}],"collection":[{"href":"https:\/\/www.roxer.ro\/dev\/wp-json\/wp\/v2\/product"}],"about":[{"href":"https:\/\/www.roxer.ro\/dev\/wp-json\/wp\/v2\/types\/product"}],"wp:featuredmedia":[{"embeddable":true,"href":"https:\/\/www.roxer.ro\/dev\/wp-json\/wp\/v2\/media\/4670"}],"wp:attachment":[{"href":"https:\/\/www.roxer.ro\/dev\/wp-json\/wp\/v2\/media?parent=4669"}],"wp:term":[{"taxonomy":"product_cat","embeddable":true,"href":"https:\/\/www.roxer.ro\/dev\/wp-json\/wp\/v2\/product_cat?post=4669"},{"taxonomy":"product_tag","embeddable":true,"href":"https:\/\/www.roxer.ro\/dev\/wp-json\/wp\/v2\/product_tag?post=4669"}],"curies":[{"name":"wp","href":"https:\/\/api.w.org\/{rel}","templated":true}]}}