{"id":6588,"date":"2021-08-23T08:00:37","date_gmt":"2021-08-23T08:00:37","guid":{"rendered":"https:\/\/www.roxer.ro\/?post_type=product&#038;p=6588"},"modified":"2021-10-14T11:15:07","modified_gmt":"2021-10-14T11:15:07","slug":"xerox-b310-imprimanta-a4-monocrom","status":"publish","type":"product","link":"https:\/\/www.roxer.ro\/dev\/echipament\/xerox-b310-imprimanta-a4-monocrom","title":{"rendered":"Xerox B310 &#8211; Imprimant\u0103 A4 monocrom"},"content":{"rendered":"<p>Greut\u0103\u021bi \u0219i dimensiuni: (\u00ce x L x A) 8,7 x 14,5 x 14,3 in \/ 20,6 lb 222 x 368 x 363 mm \/9,3 kg<\/p>\n<p><strong>Con\u0163inutul pachetului:<\/strong><\/p>\n<p>\u2022 Imprimanta Xerox\u00ae B310<br \/>\n\u2022 Cartu\u0219 de imprimare cu capacitate ini\u021bial\u0103 preinstalat \u2013 negru:<br \/>\ncapacitate imprimare 2.5003<br \/>\n\u2022 Disc pentru software \u0219i documenta\u021bie (cu ghid de utilizare, ghid de instalare rapid\u0103, privind siguran\u021ba, de reglementare, reciclare, drivere de imprimare \u0219i declara\u021bie de garan\u021bie)<\/p>\n","protected":false},"excerpt":{"rendered":"<p>Performan\u0163\u0103<\/p>\n<ul>\n<li>Viteza de imprimare: 40 pagini pe minut monocrom;<\/li>\n<li>Imprimarea primei pagini:\u00a0 Monocrom 5.2 secunde;<\/li>\n<li>Memorie standard\/maxim:<\/li>\n<li>Procesor: 1 GHz Dual Core;<\/li>\n<li>Memorie: 256 MB;<\/li>\n<li>Volum lunar maxim: 80.000 pagini A4;<\/li>\n<li>Volum lunar recomandat: 2500 pagini A4;<\/li>\n<li>Printare Duplex: Da;<\/li>\n<li>Rezolu\u0163ie printare: 600 x 600 dpi, calitate imagine 2400<\/li>\n<li>Imprimare de pe dispozitiv mobil AirPrint, Mopria, Wi-Fi Direct\u00ae, imprimare Chromebook<\/li>\n<\/ul>\n<p><strong>\u00cenlocuie\u015fte modelul <a href=\"https:\/\/www.roxer.ro\/echipament\/imprimanta-monocrom-xerox-workcentre-3330\">Xerox WorkCentre 3330.<\/a><\/strong><\/p>\n","protected":false},"featured_media":6619,"template":"","meta":[],"product_cat":[15,109],"product_tag":[491,489,490],"yoast_head":"<!-- This site is optimized with the Yoast SEO plugin v20.3 - https:\/\/yoast.com\/wordpress\/plugins\/seo\/ -->\n<title>Xerox B310 - Imprimant\u0103 A4 monocrom - Roxer Grup<\/title>\n<meta name=\"description\" content=\"Pe departe cea mai buna imprimanta monocrom din piata, viteza de printare 40 pagini pe minut, printare de pe iPhone, chromebook, Samsung.\" \/>\n<meta name=\"robots\" content=\"noindex, follow, max-snippet:-1, max-image-preview:large, max-video-preview:-1\" \/>\n<meta property=\"og:locale\" content=\"ro_RO\" \/>\n<meta property=\"og:type\" content=\"article\" \/>\n<meta property=\"og:title\" content=\"Xerox B310 - Imprimant\u0103 A4 monocrom - Roxer Grup\" \/>\n<meta property=\"og:description\" content=\"Pe departe cea mai buna imprimanta monocrom din piata, viteza de printare 40 pagini pe minut, printare de pe iPhone, chromebook, Samsung.\" \/>\n<meta property=\"og:url\" content=\"https:\/\/www.roxer.ro\/dev\/echipament\/xerox-b310-imprimanta-a4-monocrom\" \/>\n<meta property=\"og:site_name\" content=\"Roxer Grup\" \/>\n<meta property=\"article:modified_time\" content=\"2021-10-14T11:15:07+00:00\" \/>\n<meta property=\"og:image\" content=\"https:\/\/www.roxer.ro\/dev\/wp-content\/uploads\/2021\/09\/imprimanta-alb-negru-xerox-b310.jpg\" \/>\n\t<meta property=\"og:image:width\" content=\"1000\" \/>\n\t<meta property=\"og:image:height\" content=\"1000\" \/>\n\t<meta property=\"og:image:type\" content=\"image\/jpeg\" \/>\n<meta name=\"twitter:card\" content=\"summary_large_image\" \/>\n<meta name=\"twitter:label1\" content=\"Timp estimat pentru citire\" \/>\n\t<meta name=\"twitter:data1\" content=\"1 minut\" \/>\n<script type=\"application\/ld+json\" class=\"yoast-schema-graph\">{\"@context\":\"https:\/\/schema.org\",\"@graph\":[{\"@type\":\"WebPage\",\"@id\":\"https:\/\/www.roxer.ro\/dev\/echipament\/xerox-b310-imprimanta-a4-monocrom\",\"url\":\"https:\/\/www.roxer.ro\/dev\/echipament\/xerox-b310-imprimanta-a4-monocrom\",\"name\":\"Xerox B310 - Imprimant\u0103 A4 monocrom - Roxer Grup\",\"isPartOf\":{\"@id\":\"https:\/\/www.roxer.ro\/dev\/#website\"},\"datePublished\":\"2021-08-23T08:00:37+00:00\",\"dateModified\":\"2021-10-14T11:15:07+00:00\",\"description\":\"Pe departe cea mai buna imprimanta monocrom din piata, viteza de printare 40 pagini pe minut, printare de pe iPhone, chromebook, Samsung.\",\"breadcrumb\":{\"@id\":\"https:\/\/www.roxer.ro\/dev\/echipament\/xerox-b310-imprimanta-a4-monocrom#breadcrumb\"},\"inLanguage\":\"ro-RO\",\"potentialAction\":[{\"@type\":\"ReadAction\",\"target\":[\"https:\/\/www.roxer.ro\/dev\/echipament\/xerox-b310-imprimanta-a4-monocrom\"]}]},{\"@type\":\"BreadcrumbList\",\"@id\":\"https:\/\/www.roxer.ro\/dev\/echipament\/xerox-b310-imprimanta-a4-monocrom#breadcrumb\",\"itemListElement\":[{\"@type\":\"ListItem\",\"position\":1,\"name\":\"Prima pagin\u0103\",\"item\":\"https:\/\/www.roxer.ro\/dev\/\"},{\"@type\":\"ListItem\",\"position\":2,\"name\":\"Echipamente\",\"item\":\"https:\/\/www.roxer.ro\/dev\/echipamente\"},{\"@type\":\"ListItem\",\"position\":3,\"name\":\"Xerox B310 &#8211; Imprimant\u0103 A4 monocrom\"}]},{\"@type\":\"WebSite\",\"@id\":\"https:\/\/www.roxer.ro\/dev\/#website\",\"url\":\"https:\/\/www.roxer.ro\/dev\/\",\"name\":\"Roxer Grup\",\"description\":\"Xerox Cluj Napoca, Distribuitor Xerox Cluj, distribuitor Xerox S\u0103laj, distribuitor Xerox Bihor, distribuitor Xerox Maramure\u015f, distribuitor Xerox Bistri\u0163a N\u0103s\u0103ud, distribuitor Xerox Satu Mare\",\"publisher\":{\"@id\":\"https:\/\/www.roxer.ro\/dev\/#organization\"},\"potentialAction\":[{\"@type\":\"SearchAction\",\"target\":{\"@type\":\"EntryPoint\",\"urlTemplate\":\"https:\/\/www.roxer.ro\/dev\/?s={search_term_string}\"},\"query-input\":\"required name=search_term_string\"}],\"inLanguage\":\"ro-RO\"},{\"@type\":\"Organization\",\"@id\":\"https:\/\/www.roxer.ro\/dev\/#organization\",\"name\":\"Roxer Grup\",\"url\":\"https:\/\/www.roxer.ro\/dev\/\",\"logo\":{\"@type\":\"ImageObject\",\"inLanguage\":\"ro-RO\",\"@id\":\"https:\/\/www.roxer.ro\/dev\/#\/schema\/logo\/image\/\",\"url\":\"https:\/\/www.roxer.ro\/dev\/wp-content\/uploads\/2023\/05\/logo-roxer-1-e1684141209248.png\",\"contentUrl\":\"https:\/\/www.roxer.ro\/dev\/wp-content\/uploads\/2023\/05\/logo-roxer-1-e1684141209248.png\",\"width\":160,\"height\":57,\"caption\":\"Roxer Grup\"},\"image\":{\"@id\":\"https:\/\/www.roxer.ro\/dev\/#\/schema\/logo\/image\/\"}}]}<\/script>\n<!-- \/ Yoast SEO plugin. -->","yoast_head_json":{"title":"Xerox B310 - Imprimant\u0103 A4 monocrom - Roxer Grup","description":"Pe departe cea mai buna imprimanta monocrom din piata, viteza de printare 40 pagini pe minut, printare de pe iPhone, chromebook, Samsung.","robots":{"index":"noindex","follow":"follow","max-snippet":"max-snippet:-1","max-image-preview":"max-image-preview:large","max-video-preview":"max-video-preview:-1"},"og_locale":"ro_RO","og_type":"article","og_title":"Xerox B310 - Imprimant\u0103 A4 monocrom - Roxer Grup","og_description":"Pe departe cea mai buna imprimanta monocrom din piata, viteza de printare 40 pagini pe minut, printare de pe iPhone, chromebook, Samsung.","og_url":"https:\/\/www.roxer.ro\/dev\/echipament\/xerox-b310-imprimanta-a4-monocrom","og_site_name":"Roxer Grup","article_modified_time":"2021-10-14T11:15:07+00:00","og_image":[{"width":1000,"height":1000,"url":"https:\/\/www.roxer.ro\/dev\/wp-content\/uploads\/2021\/09\/imprimanta-alb-negru-xerox-b310.jpg","type":"image\/jpeg"}],"twitter_card":"summary_large_image","twitter_misc":{"Timp estimat pentru citire":"1 minut"},"schema":{"@context":"https:\/\/schema.org","@graph":[{"@type":"WebPage","@id":"https:\/\/www.roxer.ro\/dev\/echipament\/xerox-b310-imprimanta-a4-monocrom","url":"https:\/\/www.roxer.ro\/dev\/echipament\/xerox-b310-imprimanta-a4-monocrom","name":"Xerox B310 - Imprimant\u0103 A4 monocrom - Roxer Grup","isPartOf":{"@id":"https:\/\/www.roxer.ro\/dev\/#website"},"datePublished":"2021-08-23T08:00:37+00:00","dateModified":"2021-10-14T11:15:07+00:00","description":"Pe departe cea mai buna imprimanta monocrom din piata, viteza de printare 40 pagini pe minut, printare de pe iPhone, chromebook, Samsung.","breadcrumb":{"@id":"https:\/\/www.roxer.ro\/dev\/echipament\/xerox-b310-imprimanta-a4-monocrom#breadcrumb"},"inLanguage":"ro-RO","potentialAction":[{"@type":"ReadAction","target":["https:\/\/www.roxer.ro\/dev\/echipament\/xerox-b310-imprimanta-a4-monocrom"]}]},{"@type":"BreadcrumbList","@id":"https:\/\/www.roxer.ro\/dev\/echipament\/xerox-b310-imprimanta-a4-monocrom#breadcrumb","itemListElement":[{"@type":"ListItem","position":1,"name":"Prima pagin\u0103","item":"https:\/\/www.roxer.ro\/dev\/"},{"@type":"ListItem","position":2,"name":"Echipamente","item":"https:\/\/www.roxer.ro\/dev\/echipamente"},{"@type":"ListItem","position":3,"name":"Xerox B310 &#8211; Imprimant\u0103 A4 monocrom"}]},{"@type":"WebSite","@id":"https:\/\/www.roxer.ro\/dev\/#website","url":"https:\/\/www.roxer.ro\/dev\/","name":"Roxer Grup","description":"Xerox Cluj Napoca, Distribuitor Xerox Cluj, distribuitor Xerox S\u0103laj, distribuitor Xerox Bihor, distribuitor Xerox Maramure\u015f, distribuitor Xerox Bistri\u0163a N\u0103s\u0103ud, distribuitor Xerox Satu Mare","publisher":{"@id":"https:\/\/www.roxer.ro\/dev\/#organization"},"potentialAction":[{"@type":"SearchAction","target":{"@type":"EntryPoint","urlTemplate":"https:\/\/www.roxer.ro\/dev\/?s={search_term_string}"},"query-input":"required name=search_term_string"}],"inLanguage":"ro-RO"},{"@type":"Organization","@id":"https:\/\/www.roxer.ro\/dev\/#organization","name":"Roxer Grup","url":"https:\/\/www.roxer.ro\/dev\/","logo":{"@type":"ImageObject","inLanguage":"ro-RO","@id":"https:\/\/www.roxer.ro\/dev\/#\/schema\/logo\/image\/","url":"https:\/\/www.roxer.ro\/dev\/wp-content\/uploads\/2023\/05\/logo-roxer-1-e1684141209248.png","contentUrl":"https:\/\/www.roxer.ro\/dev\/wp-content\/uploads\/2023\/05\/logo-roxer-1-e1684141209248.png","width":160,"height":57,"caption":"Roxer Grup"},"image":{"@id":"https:\/\/www.roxer.ro\/dev\/#\/schema\/logo\/image\/"}}]}},"_links":{"self":[{"href":"https:\/\/www.roxer.ro\/dev\/wp-json\/wp\/v2\/product\/6588"}],"collection":[{"href":"https:\/\/www.roxer.ro\/dev\/wp-json\/wp\/v2\/product"}],"about":[{"href":"https:\/\/www.roxer.ro\/dev\/wp-json\/wp\/v2\/types\/product"}],"wp:featuredmedia":[{"embeddable":true,"href":"https:\/\/www.roxer.ro\/dev\/wp-json\/wp\/v2\/media\/6619"}],"wp:attachment":[{"href":"https:\/\/www.roxer.ro\/dev\/wp-json\/wp\/v2\/media?parent=6588"}],"wp:term":[{"taxonomy":"product_cat","embeddable":true,"href":"https:\/\/www.roxer.ro\/dev\/wp-json\/wp\/v2\/product_cat?post=6588"},{"taxonomy":"product_tag","embeddable":true,"href":"https:\/\/www.roxer.ro\/dev\/wp-json\/wp\/v2\/product_tag?post=6588"}],"curies":[{"name":"wp","href":"https:\/\/api.w.org\/{rel}","templated":true}]}}