{"id":6702,"date":"2022-02-17T12:00:46","date_gmt":"2022-02-17T12:00:46","guid":{"rendered":"https:\/\/www.roxer.ro\/?post_type=product&#038;p=6702"},"modified":"2022-02-17T15:08:15","modified_gmt":"2022-02-17T15:08:15","slug":"xerox-b305-imprimanta-multifunctionala-a4-mono","status":"publish","type":"product","link":"https:\/\/www.roxer.ro\/dev\/echipament\/xerox-b305-imprimanta-multifunctionala-a4-mono","title":{"rendered":"Xerox B305 &#8211; imprimant\u0103 multifunc\u0163ional\u0103 A4 mono"},"content":{"rendered":"<ul>\n<li>\u00cenlocuie\u015fte echipamentul <a href=\"https:\/\/www.roxer.ro\/echipament\/imprimanta-multifunctionala-xerox-workcentre-3335\" target=\"_blank\" rel=\"noopener\">WorkCentre 3335<\/a><\/li>\n<li>Procesor: 1 GHz;<\/li>\n<li>Memorie: 512 MB;<\/li>\n<li>Caracteristici de securitate complete;<\/li>\n<li>Scaner rapid cu RADF \u0219i plac\u0103;<\/li>\n<li>Rezolu\u0163ie printare: 2400dpi;<\/li>\n<li>Tava preluare h\u00e2rtie: 100 + 250 coli;<\/li>\n<li>Tav\u0103 ie\u015fire: 100 coli.<\/li>\n<li>Mai multe detalii, \u00een tab-ul Bro\u015furi.<\/li>\n<li>Vezi <a href=\"https:\/\/www.xerox.com\/vids\/XeroxB305-310-315_US\/index.html?_ga=2.65484521.693889313.1645095692-823458505.1644934340\" target=\"_blank\" rel=\"noopener\">o demonstra\u0163ie virtual\u0103.<\/a><\/li>\n<\/ul>\n","protected":false},"excerpt":{"rendered":"<p><strong>Xerox B305V DNI &#8211; imprimant\u0103 multifunc\u0163ional\u0103 A4 mono (alb-negru) laser\u00a0<\/strong><\/p>\n<ul>\n<li>Echipament compact, silen\u0163ios;<\/li>\n<li>Ideal pentru birouri mici sau pentru <em>work from home<\/em>;<\/li>\n<li>Copiere, tip\u0103rire, scanare;<\/li>\n<li>Acces la Xerox Workflow Central;<\/li>\n<li>Conexiune mobil\u0103: Apple AirPrint, Mopria, Wi-Fi Direct<\/li>\n<li>Viteza de imprimare: 38 pagini pe minut;<\/li>\n<li>Printare Duplex;<\/li>\n<li>Volum lunar recomandat: 5000 pagini\/lun\u0103;<\/li>\n<li>Toner start (inclus): 1500 pagini black<\/li>\n<li>Garan\u0163ie: 12 luni (op\u0163ional: extensie de garan\u0163ie 24\/36 luni);<\/li>\n<li>Imprimarea primei pagini: monocrom 5,8 secunde;<\/li>\n<li>Dimensiuni: 33,9 x 41,1 x 36,6 cm<\/li>\n<li>Greutate: 12,<span dir=\"ltr\">8<\/span>\u00a0kg<\/li>\n<\/ul>\n","protected":false},"featured_media":6703,"template":"","meta":[],"product_cat":[115],"product_tag":[507],"yoast_head":"<!-- This site is optimized with the Yoast SEO plugin v20.3 - https:\/\/yoast.com\/wordpress\/plugins\/seo\/ -->\n<title>Xerox B305 - imprimant\u0103 multifunc\u0163ional\u0103 A4 mono - Roxer Grup<\/title>\n<meta name=\"description\" content=\"Imprimant\u0103 A4 color laser, duplex, WIFI, ideal\u0103 pentru \u00eentreprinderi mici \u0219i mijlocii \u0219i birouri de acas\u0103;\" \/>\n<meta name=\"robots\" content=\"noindex, follow, max-snippet:-1, max-image-preview:large, max-video-preview:-1\" \/>\n<meta property=\"og:locale\" content=\"ro_RO\" \/>\n<meta property=\"og:type\" content=\"article\" \/>\n<meta property=\"og:title\" content=\"Xerox B305 - imprimant\u0103 multifunc\u0163ional\u0103 A4 mono - Roxer Grup\" \/>\n<meta property=\"og:description\" content=\"Imprimant\u0103 A4 color laser, duplex, WIFI, ideal\u0103 pentru \u00eentreprinderi mici \u0219i mijlocii \u0219i birouri de acas\u0103;\" \/>\n<meta property=\"og:url\" content=\"https:\/\/www.roxer.ro\/dev\/echipament\/xerox-b305-imprimanta-multifunctionala-a4-mono\" \/>\n<meta property=\"og:site_name\" content=\"Roxer Grup\" \/>\n<meta property=\"article:modified_time\" content=\"2022-02-17T15:08:15+00:00\" \/>\n<meta property=\"og:image\" content=\"https:\/\/www.roxer.ro\/dev\/wp-content\/uploads\/2022\/02\/Xerox-B305-imprimanta-multifunctionala-A4-laser-alb-negru.jpg\" \/>\n\t<meta property=\"og:image:width\" content=\"462\" \/>\n\t<meta property=\"og:image:height\" content=\"448\" \/>\n\t<meta property=\"og:image:type\" content=\"image\/jpeg\" \/>\n<meta name=\"twitter:card\" content=\"summary_large_image\" \/>\n<meta name=\"twitter:label1\" content=\"Timp estimat pentru citire\" \/>\n\t<meta name=\"twitter:data1\" content=\"1 minut\" \/>\n<script type=\"application\/ld+json\" class=\"yoast-schema-graph\">{\"@context\":\"https:\/\/schema.org\",\"@graph\":[{\"@type\":\"WebPage\",\"@id\":\"https:\/\/www.roxer.ro\/dev\/echipament\/xerox-b305-imprimanta-multifunctionala-a4-mono\",\"url\":\"https:\/\/www.roxer.ro\/dev\/echipament\/xerox-b305-imprimanta-multifunctionala-a4-mono\",\"name\":\"Xerox B305 - imprimant\u0103 multifunc\u0163ional\u0103 A4 mono - Roxer Grup\",\"isPartOf\":{\"@id\":\"https:\/\/www.roxer.ro\/dev\/#website\"},\"datePublished\":\"2022-02-17T12:00:46+00:00\",\"dateModified\":\"2022-02-17T15:08:15+00:00\",\"description\":\"Imprimant\u0103 A4 color laser, duplex, WIFI, ideal\u0103 pentru \u00eentreprinderi mici \u0219i mijlocii \u0219i birouri de acas\u0103;\",\"breadcrumb\":{\"@id\":\"https:\/\/www.roxer.ro\/dev\/echipament\/xerox-b305-imprimanta-multifunctionala-a4-mono#breadcrumb\"},\"inLanguage\":\"ro-RO\",\"potentialAction\":[{\"@type\":\"ReadAction\",\"target\":[\"https:\/\/www.roxer.ro\/dev\/echipament\/xerox-b305-imprimanta-multifunctionala-a4-mono\"]}]},{\"@type\":\"BreadcrumbList\",\"@id\":\"https:\/\/www.roxer.ro\/dev\/echipament\/xerox-b305-imprimanta-multifunctionala-a4-mono#breadcrumb\",\"itemListElement\":[{\"@type\":\"ListItem\",\"position\":1,\"name\":\"Prima pagin\u0103\",\"item\":\"https:\/\/www.roxer.ro\/dev\/\"},{\"@type\":\"ListItem\",\"position\":2,\"name\":\"Echipamente\",\"item\":\"https:\/\/www.roxer.ro\/dev\/echipamente\"},{\"@type\":\"ListItem\",\"position\":3,\"name\":\"Xerox B305 &#8211; imprimant\u0103 multifunc\u0163ional\u0103 A4 mono\"}]},{\"@type\":\"WebSite\",\"@id\":\"https:\/\/www.roxer.ro\/dev\/#website\",\"url\":\"https:\/\/www.roxer.ro\/dev\/\",\"name\":\"Roxer Grup\",\"description\":\"Xerox Cluj Napoca, Distribuitor Xerox Cluj, distribuitor Xerox S\u0103laj, distribuitor Xerox Bihor, distribuitor Xerox Maramure\u015f, distribuitor Xerox Bistri\u0163a N\u0103s\u0103ud, distribuitor Xerox Satu Mare\",\"publisher\":{\"@id\":\"https:\/\/www.roxer.ro\/dev\/#organization\"},\"potentialAction\":[{\"@type\":\"SearchAction\",\"target\":{\"@type\":\"EntryPoint\",\"urlTemplate\":\"https:\/\/www.roxer.ro\/dev\/?s={search_term_string}\"},\"query-input\":\"required name=search_term_string\"}],\"inLanguage\":\"ro-RO\"},{\"@type\":\"Organization\",\"@id\":\"https:\/\/www.roxer.ro\/dev\/#organization\",\"name\":\"Roxer Grup\",\"url\":\"https:\/\/www.roxer.ro\/dev\/\",\"logo\":{\"@type\":\"ImageObject\",\"inLanguage\":\"ro-RO\",\"@id\":\"https:\/\/www.roxer.ro\/dev\/#\/schema\/logo\/image\/\",\"url\":\"https:\/\/www.roxer.ro\/dev\/wp-content\/uploads\/2023\/05\/logo-roxer-1-e1684141209248.png\",\"contentUrl\":\"https:\/\/www.roxer.ro\/dev\/wp-content\/uploads\/2023\/05\/logo-roxer-1-e1684141209248.png\",\"width\":160,\"height\":57,\"caption\":\"Roxer Grup\"},\"image\":{\"@id\":\"https:\/\/www.roxer.ro\/dev\/#\/schema\/logo\/image\/\"}}]}<\/script>\n<!-- \/ Yoast SEO plugin. -->","yoast_head_json":{"title":"Xerox B305 - imprimant\u0103 multifunc\u0163ional\u0103 A4 mono - Roxer Grup","description":"Imprimant\u0103 A4 color laser, duplex, WIFI, ideal\u0103 pentru \u00eentreprinderi mici \u0219i mijlocii \u0219i birouri de acas\u0103;","robots":{"index":"noindex","follow":"follow","max-snippet":"max-snippet:-1","max-image-preview":"max-image-preview:large","max-video-preview":"max-video-preview:-1"},"og_locale":"ro_RO","og_type":"article","og_title":"Xerox B305 - imprimant\u0103 multifunc\u0163ional\u0103 A4 mono - Roxer Grup","og_description":"Imprimant\u0103 A4 color laser, duplex, WIFI, ideal\u0103 pentru \u00eentreprinderi mici \u0219i mijlocii \u0219i birouri de acas\u0103;","og_url":"https:\/\/www.roxer.ro\/dev\/echipament\/xerox-b305-imprimanta-multifunctionala-a4-mono","og_site_name":"Roxer Grup","article_modified_time":"2022-02-17T15:08:15+00:00","og_image":[{"width":462,"height":448,"url":"https:\/\/www.roxer.ro\/dev\/wp-content\/uploads\/2022\/02\/Xerox-B305-imprimanta-multifunctionala-A4-laser-alb-negru.jpg","type":"image\/jpeg"}],"twitter_card":"summary_large_image","twitter_misc":{"Timp estimat pentru citire":"1 minut"},"schema":{"@context":"https:\/\/schema.org","@graph":[{"@type":"WebPage","@id":"https:\/\/www.roxer.ro\/dev\/echipament\/xerox-b305-imprimanta-multifunctionala-a4-mono","url":"https:\/\/www.roxer.ro\/dev\/echipament\/xerox-b305-imprimanta-multifunctionala-a4-mono","name":"Xerox B305 - imprimant\u0103 multifunc\u0163ional\u0103 A4 mono - Roxer Grup","isPartOf":{"@id":"https:\/\/www.roxer.ro\/dev\/#website"},"datePublished":"2022-02-17T12:00:46+00:00","dateModified":"2022-02-17T15:08:15+00:00","description":"Imprimant\u0103 A4 color laser, duplex, WIFI, ideal\u0103 pentru \u00eentreprinderi mici \u0219i mijlocii \u0219i birouri de acas\u0103;","breadcrumb":{"@id":"https:\/\/www.roxer.ro\/dev\/echipament\/xerox-b305-imprimanta-multifunctionala-a4-mono#breadcrumb"},"inLanguage":"ro-RO","potentialAction":[{"@type":"ReadAction","target":["https:\/\/www.roxer.ro\/dev\/echipament\/xerox-b305-imprimanta-multifunctionala-a4-mono"]}]},{"@type":"BreadcrumbList","@id":"https:\/\/www.roxer.ro\/dev\/echipament\/xerox-b305-imprimanta-multifunctionala-a4-mono#breadcrumb","itemListElement":[{"@type":"ListItem","position":1,"name":"Prima pagin\u0103","item":"https:\/\/www.roxer.ro\/dev\/"},{"@type":"ListItem","position":2,"name":"Echipamente","item":"https:\/\/www.roxer.ro\/dev\/echipamente"},{"@type":"ListItem","position":3,"name":"Xerox B305 &#8211; imprimant\u0103 multifunc\u0163ional\u0103 A4 mono"}]},{"@type":"WebSite","@id":"https:\/\/www.roxer.ro\/dev\/#website","url":"https:\/\/www.roxer.ro\/dev\/","name":"Roxer Grup","description":"Xerox Cluj Napoca, Distribuitor Xerox Cluj, distribuitor Xerox S\u0103laj, distribuitor Xerox Bihor, distribuitor Xerox Maramure\u015f, distribuitor Xerox Bistri\u0163a N\u0103s\u0103ud, distribuitor Xerox Satu Mare","publisher":{"@id":"https:\/\/www.roxer.ro\/dev\/#organization"},"potentialAction":[{"@type":"SearchAction","target":{"@type":"EntryPoint","urlTemplate":"https:\/\/www.roxer.ro\/dev\/?s={search_term_string}"},"query-input":"required name=search_term_string"}],"inLanguage":"ro-RO"},{"@type":"Organization","@id":"https:\/\/www.roxer.ro\/dev\/#organization","name":"Roxer Grup","url":"https:\/\/www.roxer.ro\/dev\/","logo":{"@type":"ImageObject","inLanguage":"ro-RO","@id":"https:\/\/www.roxer.ro\/dev\/#\/schema\/logo\/image\/","url":"https:\/\/www.roxer.ro\/dev\/wp-content\/uploads\/2023\/05\/logo-roxer-1-e1684141209248.png","contentUrl":"https:\/\/www.roxer.ro\/dev\/wp-content\/uploads\/2023\/05\/logo-roxer-1-e1684141209248.png","width":160,"height":57,"caption":"Roxer Grup"},"image":{"@id":"https:\/\/www.roxer.ro\/dev\/#\/schema\/logo\/image\/"}}]}},"_links":{"self":[{"href":"https:\/\/www.roxer.ro\/dev\/wp-json\/wp\/v2\/product\/6702"}],"collection":[{"href":"https:\/\/www.roxer.ro\/dev\/wp-json\/wp\/v2\/product"}],"about":[{"href":"https:\/\/www.roxer.ro\/dev\/wp-json\/wp\/v2\/types\/product"}],"wp:featuredmedia":[{"embeddable":true,"href":"https:\/\/www.roxer.ro\/dev\/wp-json\/wp\/v2\/media\/6703"}],"wp:attachment":[{"href":"https:\/\/www.roxer.ro\/dev\/wp-json\/wp\/v2\/media?parent=6702"}],"wp:term":[{"taxonomy":"product_cat","embeddable":true,"href":"https:\/\/www.roxer.ro\/dev\/wp-json\/wp\/v2\/product_cat?post=6702"},{"taxonomy":"product_tag","embeddable":true,"href":"https:\/\/www.roxer.ro\/dev\/wp-json\/wp\/v2\/product_tag?post=6702"}],"curies":[{"name":"wp","href":"https:\/\/api.w.org\/{rel}","templated":true}]}}